{"id":322442,"date":"2025-08-01T12:58:14","date_gmt":"2025-08-01T10:58:14","guid":{"rendered":""},"modified":"2026-01-09T17:44:52","modified_gmt":"2026-01-09T15:44:52","slug":"mid","status":"publish","type":"page","link":"https:\/\/v2charge.com\/hr\/soporte-trydan\/mid\/","title":{"rendered":"MID"},"content":{"rendered":"\n<div class=\"wp-block-uagb-container uagb-block-4e29f302 alignfull uagb-is-root-container\"><div class=\"uagb-container-inner-blocks-wrap\"><div class=\"yoast-breadcrumbs\"><span><span><a href=\"https:\/\/v2charge.com\/hr\/\">V2C<\/a><\/span> \u00bb <span><a href=\"https:\/\/v2charge.com\/hr\/soporte-trydan\/\">Soporte para Trydan<\/a><\/span> \u00bb <span class=\"breadcrumb_last\" aria-current=\"page\">MID<\/span><\/span><\/div>\n\n<div class=\"wp-block-uagb-advanced-heading uagb-block-eb8d37cd\"><h1 class=\"uagb-heading-text\">Mjera\u010d<strong> MID<\/strong><\/h1><\/div>\n\n<p><strong>MID mjera\u010d<\/strong> je <strong>elektri\u010dni mjerni ure\u0111aj<\/strong> koji ispunjava zahtjeve utvr\u0111ene Europskom direktivom 2014\/32\/EU, poznatom kao MID direktiva (Direktiva o mjernim instrumentima).<\/p>\n\n<p>MID mjera\u010di omogu\u0107uju <strong>to\u010dno bilje\u017eenje potro\u0161ene energije<\/strong> tijekom punjenja elektri\u010dnih vozila, posebno kada je potrebna certificirana mjerenja za potrebe naplate. Zahvaljuju\u0107i svojoj MID certifikaciji, ovi mjera\u010di omogu\u0107uju operatorima, tvrtkama i pojedincima osiguranje transparentnosti u fakturiranju potro\u0161nje elektri\u010dne energije.<\/p>\n\n<p>Osim \u0161to se koriste u punja\u010dima za elektri\u010dna vozila, MID mjera\u010di se koriste u <strong>industrijskim, komercijalnim i stambenim instalacijama<\/strong> gdje su preciznost i pra\u0107enje energetskih podataka od klju\u010dne va\u017enosti.<\/p>\n\n\n<hr class=\"wp-block-separator has-alpha-channel-opacity\"\/>\n<\/div><\/div>\n\n\n<div class=\"wp-block-uagb-advanced-heading uagb-block-f436cc25\"><h1 class=\"uagb-heading-text\">Kako povezati mjera\u010d<strong> MID<\/strong><\/h1><\/div>\n\n<p><strong>MID mjera\u010d<\/strong> se napaja <strong>iz faze koja se injektira iz bloka za\u0161tite.<\/strong> Kao \u0161to se vidi na slici, Neutro (plavi kabel) ulazi i izlazi iz konektora na vrhu mjera\u010da, dok Faza 1 ulazi i izlazi iz konektora na dnu. <br><\/p>\n\n\n<div class=\"wp-block-uagb-container uagb-block-a856e430 alignwide uagb-is-root-container\">\n<div class=\"wp-block-uagb-container uagb-block-1c381015\">\n<div class=\"wp-block-uagb-image uagb-block-88976d01 wp-block-uagb-image--layout-default wp-block-uagb-image--effect-zoomin wp-block-uagb-image--align-none\"><figure class=\"wp-block-uagb-image__figure\"><img decoding=\"async\" srcset=\"https:\/\/v2charge.com\/wp-content\/uploads\/2025\/08\/medidor-mid.jpg ,https:\/\/v2charge.com\/wp-content\/uploads\/2025\/08\/medidor-mid.jpg 780w, https:\/\/v2charge.com\/wp-content\/uploads\/2025\/08\/medidor-mid.jpg 360w\" sizes=\"auto, (max-width: 480px) 150px\" src=\"https:\/\/v2charge.com\/wp-content\/uploads\/2025\/08\/medidor-mid.jpg\" alt=\"\" class=\"uag-image-240966\" width=\"842\" height=\"610\" title=\"medidor-mid\" loading=\"lazy\" role=\"img\"\/><\/figure><\/div>\n<\/div>\n\n\n\n<div class=\"wp-block-uagb-container margen-acordeon uagb-block-02f02898\"><div class=\"wp-block-uagb-info-box uagb-block-b2701ecb uagb-infobox__content-wrap  uagb-infobox-icon-left uagb-infobox-left uagb-infobox-stacked-tablet uagb-infobox-image-valign-top\"><div class=\"uagb-ifb-image-content\"><img decoding=\"async\" src=\"https:\/\/v2charge.com\/wp-content\/uploads\/2023\/11\/numero-uno.png\" alt=\"\" width=\"25\" height=\"25\" loading=\"lazy\"\/><\/div><div class=\"uagb-ifb-content\"><div class=\"uagb-ifb-title-wrap\"><\/div><p class=\"uagb-ifb-desc\">Jednofazna instalacija<\/p><\/div><\/div>\n\n<div class=\"wp-block-uagb-info-box uagb-block-84c1f95e uagb-infobox__content-wrap  uagb-infobox-icon-left uagb-infobox-left uagb-infobox-stacked-tablet uagb-infobox-image-valign-top\"><div class=\"uagb-ifb-image-content\"><img decoding=\"async\" src=\"https:\/\/v2charge.com\/wp-content\/uploads\/2023\/11\/numero-dos.png\" alt=\"\" width=\"25\" height=\"25\" loading=\"lazy\"\/><\/div><div class=\"uagb-ifb-content\"><div class=\"uagb-ifb-title-wrap\"><\/div><p class=\"uagb-ifb-desc\">MID mjera\u010d<\/p><\/div><\/div>\n\n<div class=\"wp-block-uagb-info-box uagb-block-d2b382d2 uagb-infobox__content-wrap  uagb-infobox-icon-left uagb-infobox-left uagb-infobox-stacked-tablet uagb-infobox-image-valign-top\"><div class=\"uagb-ifb-image-content\"><img decoding=\"async\" src=\"https:\/\/v2charge.com\/wp-content\/uploads\/2023\/11\/numero-tres.png\" alt=\"\" width=\"25\" height=\"25\" loading=\"lazy\"\/><\/div><div class=\"uagb-ifb-content\"><div class=\"uagb-ifb-title-wrap\"><\/div><p class=\"uagb-ifb-desc\">Snaga punja\u010da<\/p><\/div><\/div>\n\n<div class=\"wp-block-uagb-info-box uagb-block-510c4db1 uagb-infobox__content-wrap  uagb-infobox-icon-left uagb-infobox-left uagb-infobox-stacked-tablet uagb-infobox-image-valign-top\"><div class=\"uagb-ifb-image-content\"><img decoding=\"async\" src=\"https:\/\/v2charge.com\/wp-content\/uploads\/2023\/11\/numero-cuatro.png\" alt=\"\" width=\"25\" height=\"25\" loading=\"lazy\"\/><\/div><div class=\"uagb-ifb-content\"><div class=\"uagb-ifb-title-wrap\"><\/div><p class=\"uagb-ifb-desc\">CON6 (A i B)<\/p><\/div><\/div>\n\n<div class=\"wp-block-uagb-info-box uagb-block-1b65eb79 uagb-infobox__content-wrap  uagb-infobox-icon-left uagb-infobox-left uagb-infobox-stacked-tablet uagb-infobox-image-valign-top\"><div class=\"uagb-ifb-image-content\"><img decoding=\"async\" src=\"https:\/\/v2charge.com\/wp-content\/uploads\/2023\/11\/numero-cinco.png\" alt=\"\" width=\"25\" height=\"25\" loading=\"lazy\"\/><\/div><div class=\"uagb-ifb-content\"><div class=\"uagb-ifb-title-wrap\"><\/div><p class=\"uagb-ifb-desc\">Kabel za punjenje<\/p><\/div><\/div>\n\n<div class=\"wp-block-uagb-info-box uagb-block-617adc4f uagb-infobox__content-wrap  uagb-infobox-icon-left uagb-infobox-left uagb-infobox-stacked-tablet uagb-infobox-image-valign-top\"><div class=\"uagb-ifb-image-content\"><img decoding=\"async\" src=\"https:\/\/v2charge.com\/wp-content\/uploads\/2023\/12\/numero-seis.png\" alt=\"\" width=\"25\" height=\"25\" loading=\"lazy\"\/><\/div><div class=\"uagb-ifb-content\"><div class=\"uagb-ifb-title-wrap\"><\/div><p class=\"uagb-ifb-desc\">Ku\u0107i\u0161te e-Charger<\/p><\/div><\/div><\/div>\n<\/div>\n\n\n\n<hr class=\"wp-block-separator has-alpha-channel-opacity\"\/>\n\n\n<div class=\"wp-block-uagb-advanced-heading uagb-block-3510d36a\"><h1 class=\"uagb-heading-text\">Kako postaviti mjera\u010d<strong> MID<\/strong><\/h1><\/div>\n\n<p>Mjera MID se konfigurira s<strong> <a href=\"https:\/\/v2charge.com\/hr\/soporte\/trydan\/botones-navegacion-display\/\">tipkovnice punja\u010da Trydan.<\/a><\/strong> Za to, pristupite postavkama <strong>&#8216;Dodatno&#8217;, <\/strong>zatim odaberite odjeljak <strong>&#8216;Mjera MID&#8217; <\/strong>i na kraju odaberite<strong> &#8216;Jednofazno&#8217; ili &#8216;Trofazno&#8217;. <br><\/strong><br>U slu\u010daju da nemate ovu mjeru, opcija &#8216;Ne&#8217; mora biti odabrana.<br><\/p>\n\n\n<div class=\"wp-block-uagb-container uagb-block-d7888932 default uagb-is-root-container\">\n<div class=\"wp-block-uagb-container uagb-block-51c979ca\">\n<div class=\"wp-block-uagb-image uagb-block-522c59ec wp-block-uagb-image--layout-default wp-block-uagb-image--effect-static wp-block-uagb-image--align-none\"><figure class=\"wp-block-uagb-image__figure\"><img decoding=\"async\" srcset=\"https:\/\/v2charge.com\/wp-content\/uploads\/2024\/05\/medidor-mid-monofasico.png ,https:\/\/v2charge.com\/wp-content\/uploads\/2024\/05\/medidor-mid-monofasico.png 780w, https:\/\/v2charge.com\/wp-content\/uploads\/2024\/05\/medidor-mid-monofasico.png 360w\" sizes=\"auto, (max-width: 480px) 150px\" src=\"https:\/\/v2charge.com\/wp-content\/uploads\/2024\/05\/medidor-mid-monofasico.png\" alt=\"\" class=\"uag-image-157128\" width=\"685\" height=\"166\" title=\"medidor-mid-monofasico\" loading=\"lazy\" role=\"img\"\/><\/figure><\/div>\n<\/div>\n\n\n\n<div class=\"wp-block-uagb-container uagb-block-c2a9fa26\">\n<div class=\"wp-block-uagb-image uagb-block-1dd3bb79 wp-block-uagb-image--layout-default wp-block-uagb-image--effect-static wp-block-uagb-image--align-none\"><figure class=\"wp-block-uagb-image__figure\"><img decoding=\"async\" srcset=\"https:\/\/v2charge.com\/wp-content\/uploads\/2024\/05\/medidor-mid-no.png ,https:\/\/v2charge.com\/wp-content\/uploads\/2024\/05\/medidor-mid-no.png 780w, https:\/\/v2charge.com\/wp-content\/uploads\/2024\/05\/medidor-mid-no.png 360w\" sizes=\"auto, (max-width: 480px) 150px\" src=\"https:\/\/v2charge.com\/wp-content\/uploads\/2024\/05\/medidor-mid-no.png\" alt=\"\" class=\"uag-image-157138\" width=\"685\" height=\"166\" title=\"medidor-mid-no\" loading=\"lazy\" role=\"img\"\/><\/figure><\/div>\n<\/div>\n\n\n\n<div class=\"wp-block-uagb-container uagb-block-971804f3\">\n<div class=\"wp-block-uagb-image uagb-block-8e1dc988 wp-block-uagb-image--layout-default wp-block-uagb-image--effect-static wp-block-uagb-image--align-none\"><figure class=\"wp-block-uagb-image__figure\"><img decoding=\"async\" srcset=\"https:\/\/v2charge.com\/wp-content\/uploads\/2024\/05\/medidor-mid-trifasico.png ,https:\/\/v2charge.com\/wp-content\/uploads\/2024\/05\/medidor-mid-trifasico.png 780w, https:\/\/v2charge.com\/wp-content\/uploads\/2024\/05\/medidor-mid-trifasico.png 360w\" sizes=\"auto, (max-width: 480px) 150px\" src=\"https:\/\/v2charge.com\/wp-content\/uploads\/2024\/05\/medidor-mid-trifasico.png\" alt=\"\" class=\"uag-image-157148\" width=\"685\" height=\"166\" title=\"medidor-mid-trifasico\" loading=\"lazy\" role=\"img\"\/><\/figure><\/div>\n<\/div>\n<\/div>\n\n\n\n<div style=\"height:30px\" aria-hidden=\"true\" class=\"wp-block-spacer uag-hide-mob\"><\/div>\n\n\n\n<div style=\"height:50px\" aria-hidden=\"true\" class=\"wp-block-spacer\"><\/div>\n\n\n\n<div class=\"wp-block-uagb-container uagb-block-c6f38013 alignfull uagb-is-root-container\"><div class=\"uagb-container-inner-blocks-wrap\"><div class=\"wp-block-uagb-advanced-heading uagb-block-6963d70c\"><h2 class=\"uagb-heading-text\"><strong>Treba\u0161 tehni\u010dku podr\u0161ku?<\/strong><\/h2><\/div>\n\n<div class=\"wp-block-uagb-advanced-heading uagb-block-408243eb\"><p class=\"uagb-heading-text\">Rije\u0161i svoj problem odmah putem na\u0161eg \u010cata s AI. Ako se ne rije\u0161i, generiraj zahtjev u Tehni\u010dkoj podr\u0161ci i kontaktirat \u0107emo te \u0161to je prije mogu\u0107e kako bismo ti ponudili najbolje rje\u0161enje.<\/p><\/div>\n\n<div class=\"wp-block-uagb-info-box uagb-block-12e3cf1c uagb-infobox__content-wrap  uagb-infobox-icon-left uagb-infobox-left uagb-infobox-image-valign-top wp-block-uagb-info-box--has-margin ai-chatbot-button\"><div class=\"uagb-infobox-margin-wrapper\"><div class=\"uagb-ifb-image-content\"><img decoding=\"async\" src=\"https:\/\/v2charge.com\/wp-content\/uploads\/2026\/01\/support-ai-chatbot.png\" alt=\"\" width=\"20\" height=\"19\" loading=\"lazy\"\/><\/div><div class=\"uagb-ifb-content\"><div class=\"uagb-ifb-title-wrap\"><\/div><div class=\"uagb-ifb-button-wrapper wp-block-button\"><a href=\"https:\/\/v2charge.com\/hr\/v2c-support-web\/\" class=\"uagb-infobox-cta-link wp-block-button__link\" target=\"_blank\" rel=\"noopener noreferrer\" onclick=\"return true;\"><span class=\"uagb-inline-editing\">Pitajte na\u0161eg Chatbota s AI<\/span><\/a><\/div><\/div><\/div><\/div>\n\n\n<div class=\"wp-block-uagb-buttons uagb-buttons__outer-wrap uagb-btn__default-btn uagb-btn-tablet__default-btn uagb-btn-mobile__default-btn uagb-block-ba1e67d1\"><div class=\"uagb-buttons__wrap uagb-buttons-layout-wrap \"><div class=\"wp-block-uagb-buttons-child uagb-buttons__outer-wrap uagb-block-23cfb623 wp-block-button\"><div class=\"uagb-button__wrapper\"><a class=\"uagb-buttons-repeater wp-block-button__link\" aria-label=\"\" href=\"https:\/\/v2charge.atlassian.net\/servicedesk\/customer\/portal\/3\" rel=\"follow noopener\" target=\"_blank\" role=\"button\"><div class=\"uagb-button__link\">Kontaktirajte Tehni\u010dku Podr\u0161ku<\/div><\/a><\/div><\/div><\/div><\/div>\n<\/div><\/div>\n","protected":false},"excerpt":{"rendered":"<p>Mjera\u010d MID MID mjera\u010d je elektri\u010dni mjerni ure\u0111aj koji ispunjava zahtjeve utvr\u0111ene Europskom direktivom 2014\/32\/EU, poznatom kao MID direktiva (Direktiva o mjernim instrumentima). MID mjera\u010di omogu\u0107uju to\u010dno bilje\u017eenje potro\u0161ene energije tijekom punjenja elektri\u010dnih vozila, posebno kada je potrebna certificirana mjerenja za potrebe naplate. Zahvaljuju\u0107i svojoj MID certifikaciji, ovi mjera\u010di omogu\u0107uju operatorima, tvrtkama i pojedincima osiguranje &#8230; <a title=\"MID\" class=\"read-more\" href=\"https:\/\/v2charge.com\/hr\/soporte-trydan\/mid\/\" aria-label=\"Read more about MID\">Read more<\/a><\/p>\n","protected":false},"author":400,"featured_media":0,"parent":322325,"menu_order":0,"comment_status":"closed","ping_status":"closed","template":"","meta":{"_eb_attr":"","content-type":"","_uag_custom_page_level_css":"","footnotes":""},"class_list":["post-322442","page","type-page","status-publish"],"yoast_head":"<!-- This site is optimized with the Yoast SEO plugin v25.3.1 - https:\/\/yoast.com\/wordpress\/plugins\/seo\/ -->\n<title>MID - V2C<\/title>\n<meta name=\"description\" content=\"Otkrijte kako povezati i konfigurirati MID mjera\u010d, ure\u0111aj koji to\u010dno bilje\u017ei potro\u0161enu energiju tijekom punjenja EV-a.\" \/>\n<meta name=\"robots\" content=\"index, follow, max-snippet:-1, max-image-preview:large, max-video-preview:-1\" \/>\n<link rel=\"canonical\" href=\"https:\/\/v2charge.com\/hr\/soporte-trydan\/mid\/\" \/>\n<meta property=\"og:locale\" content=\"hr_HR\" \/>\n<meta property=\"og:type\" content=\"article\" \/>\n<meta property=\"og:title\" content=\"MID - V2C\" \/>\n<meta property=\"og:description\" content=\"Otkrijte kako povezati i konfigurirati MID mjera\u010d, ure\u0111aj koji to\u010dno bilje\u017ei potro\u0161enu energiju tijekom punjenja EV-a.\" \/>\n<meta property=\"og:url\" content=\"https:\/\/v2charge.com\/hr\/soporte-trydan\/mid\/\" \/>\n<meta property=\"og:site_name\" content=\"V2C\" \/>\n<meta property=\"article:publisher\" content=\"https:\/\/www.facebook.com\/V2C.Charge\" \/>\n<meta property=\"article:modified_time\" content=\"2026-01-09T15:44:52+00:00\" \/>\n<meta property=\"og:image\" content=\"https:\/\/v2charge.com\/wp-content\/uploads\/2025\/08\/medidor-mid.jpg\" \/>\n<meta name=\"twitter:card\" content=\"summary_large_image\" \/>\n<meta name=\"twitter:site\" content=\"@V2C_Charge\" \/>\n<meta name=\"twitter:label1\" content=\"Est. reading time\" \/>\n\t<meta name=\"twitter:data1\" content=\"4 minute\" \/>\n<script type=\"application\/ld+json\" class=\"yoast-schema-graph\">{\"@context\":\"https:\/\/schema.org\",\"@graph\":[{\"@type\":\"WebPage\",\"@id\":\"https:\/\/v2charge.com\/hr\/soporte-trydan\/mid\/\",\"url\":\"https:\/\/v2charge.com\/hr\/soporte-trydan\/mid\/\",\"name\":\"MID - V2C\",\"isPartOf\":{\"@id\":\"https:\/\/v2charge.com\/hr\/#website\"},\"primaryImageOfPage\":{\"@id\":\"https:\/\/v2charge.com\/hr\/soporte-trydan\/mid\/#primaryimage\"},\"image\":{\"@id\":\"https:\/\/v2charge.com\/hr\/soporte-trydan\/mid\/#primaryimage\"},\"thumbnailUrl\":\"https:\/\/v2charge.com\/wp-content\/uploads\/2025\/08\/medidor-mid.jpg\",\"datePublished\":\"2025-08-01T10:58:14+00:00\",\"dateModified\":\"2026-01-09T15:44:52+00:00\",\"description\":\"Otkrijte kako povezati i konfigurirati MID mjera\u010d, ure\u0111aj koji to\u010dno bilje\u017ei potro\u0161enu energiju tijekom punjenja EV-a.\",\"breadcrumb\":{\"@id\":\"https:\/\/v2charge.com\/hr\/soporte-trydan\/mid\/#breadcrumb\"},\"inLanguage\":\"hr\",\"potentialAction\":[{\"@type\":\"ReadAction\",\"target\":[\"https:\/\/v2charge.com\/hr\/soporte-trydan\/mid\/\"]}]},{\"@type\":\"ImageObject\",\"inLanguage\":\"hr\",\"@id\":\"https:\/\/v2charge.com\/hr\/soporte-trydan\/mid\/#primaryimage\",\"url\":\"https:\/\/v2charge.com\/wp-content\/uploads\/2025\/08\/medidor-mid.jpg\",\"contentUrl\":\"https:\/\/v2charge.com\/wp-content\/uploads\/2025\/08\/medidor-mid.jpg\"},{\"@type\":\"BreadcrumbList\",\"@id\":\"https:\/\/v2charge.com\/hr\/soporte-trydan\/mid\/#breadcrumb\",\"itemListElement\":[{\"@type\":\"ListItem\",\"position\":1,\"name\":\"V2C\",\"item\":\"https:\/\/v2charge.com\/hr\/\"},{\"@type\":\"ListItem\",\"position\":2,\"name\":\"Soporte para Trydan\",\"item\":\"https:\/\/v2charge.com\/hr\/soporte-trydan\/\"},{\"@type\":\"ListItem\",\"position\":3,\"name\":\"MID\"}]},{\"@type\":\"WebSite\",\"@id\":\"https:\/\/v2charge.com\/hr\/#website\",\"url\":\"https:\/\/v2charge.com\/hr\/\",\"name\":\"V2C\",\"description\":\"#CargandoElMa\u00f1ana\",\"publisher\":{\"@id\":\"https:\/\/v2charge.com\/hr\/#organization\"},\"potentialAction\":[{\"@type\":\"SearchAction\",\"target\":{\"@type\":\"EntryPoint\",\"urlTemplate\":\"https:\/\/v2charge.com\/hr\/?s={search_term_string}\"},\"query-input\":{\"@type\":\"PropertyValueSpecification\",\"valueRequired\":true,\"valueName\":\"search_term_string\"}}],\"inLanguage\":\"hr\"},{\"@type\":\"Organization\",\"@id\":\"https:\/\/v2charge.com\/hr\/#organization\",\"name\":\"V2C\",\"url\":\"https:\/\/v2charge.com\/hr\/\",\"logo\":{\"@type\":\"ImageObject\",\"inLanguage\":\"hr\",\"@id\":\"https:\/\/v2charge.com\/hr\/#\/schema\/logo\/image\/\",\"url\":\"https:\/\/v2charge.com\/wp-content\/uploads\/2024\/11\/cropped-v2c-charge-logo-menu.png\",\"contentUrl\":\"https:\/\/v2charge.com\/wp-content\/uploads\/2024\/11\/cropped-v2c-charge-logo-menu.png\",\"width\":984,\"height\":431,\"caption\":\"V2C\"},\"image\":{\"@id\":\"https:\/\/v2charge.com\/hr\/#\/schema\/logo\/image\/\"},\"sameAs\":[\"https:\/\/www.facebook.com\/V2C.Charge\",\"https:\/\/x.com\/V2C_Charge\",\"https:\/\/www.instagram.com\/v2c.charge\/\",\"https:\/\/www.youtube.com\/@V2C\",\"https:\/\/www.linkedin.com\/company\/v2c-chargers\/\"]}]}<\/script>\n<!-- \/ Yoast SEO plugin. -->","yoast_head_json":{"title":"MID - V2C","description":"Otkrijte kako povezati i konfigurirati MID mjera\u010d, ure\u0111aj koji to\u010dno bilje\u017ei potro\u0161enu energiju tijekom punjenja EV-a.","robots":{"index":"index","follow":"follow","max-snippet":"max-snippet:-1","max-image-preview":"max-image-preview:large","max-video-preview":"max-video-preview:-1"},"canonical":"https:\/\/v2charge.com\/hr\/soporte-trydan\/mid\/","og_locale":"hr_HR","og_type":"article","og_title":"MID - V2C","og_description":"Otkrijte kako povezati i konfigurirati MID mjera\u010d, ure\u0111aj koji to\u010dno bilje\u017ei potro\u0161enu energiju tijekom punjenja EV-a.","og_url":"https:\/\/v2charge.com\/hr\/soporte-trydan\/mid\/","og_site_name":"V2C","article_publisher":"https:\/\/www.facebook.com\/V2C.Charge","article_modified_time":"2026-01-09T15:44:52+00:00","og_image":[{"url":"https:\/\/v2charge.com\/wp-content\/uploads\/2025\/08\/medidor-mid.jpg","type":"","width":"","height":""}],"twitter_card":"summary_large_image","twitter_site":"@V2C_Charge","twitter_misc":{"Est. reading time":"4 minute"},"schema":{"@context":"https:\/\/schema.org","@graph":[{"@type":"WebPage","@id":"https:\/\/v2charge.com\/hr\/soporte-trydan\/mid\/","url":"https:\/\/v2charge.com\/hr\/soporte-trydan\/mid\/","name":"MID - V2C","isPartOf":{"@id":"https:\/\/v2charge.com\/hr\/#website"},"primaryImageOfPage":{"@id":"https:\/\/v2charge.com\/hr\/soporte-trydan\/mid\/#primaryimage"},"image":{"@id":"https:\/\/v2charge.com\/hr\/soporte-trydan\/mid\/#primaryimage"},"thumbnailUrl":"https:\/\/v2charge.com\/wp-content\/uploads\/2025\/08\/medidor-mid.jpg","datePublished":"2025-08-01T10:58:14+00:00","dateModified":"2026-01-09T15:44:52+00:00","description":"Otkrijte kako povezati i konfigurirati MID mjera\u010d, ure\u0111aj koji to\u010dno bilje\u017ei potro\u0161enu energiju tijekom punjenja EV-a.","breadcrumb":{"@id":"https:\/\/v2charge.com\/hr\/soporte-trydan\/mid\/#breadcrumb"},"inLanguage":"hr","potentialAction":[{"@type":"ReadAction","target":["https:\/\/v2charge.com\/hr\/soporte-trydan\/mid\/"]}]},{"@type":"ImageObject","inLanguage":"hr","@id":"https:\/\/v2charge.com\/hr\/soporte-trydan\/mid\/#primaryimage","url":"https:\/\/v2charge.com\/wp-content\/uploads\/2025\/08\/medidor-mid.jpg","contentUrl":"https:\/\/v2charge.com\/wp-content\/uploads\/2025\/08\/medidor-mid.jpg"},{"@type":"BreadcrumbList","@id":"https:\/\/v2charge.com\/hr\/soporte-trydan\/mid\/#breadcrumb","itemListElement":[{"@type":"ListItem","position":1,"name":"V2C","item":"https:\/\/v2charge.com\/hr\/"},{"@type":"ListItem","position":2,"name":"Soporte para Trydan","item":"https:\/\/v2charge.com\/hr\/soporte-trydan\/"},{"@type":"ListItem","position":3,"name":"MID"}]},{"@type":"WebSite","@id":"https:\/\/v2charge.com\/hr\/#website","url":"https:\/\/v2charge.com\/hr\/","name":"V2C","description":"#CargandoElMa\u00f1ana","publisher":{"@id":"https:\/\/v2charge.com\/hr\/#organization"},"potentialAction":[{"@type":"SearchAction","target":{"@type":"EntryPoint","urlTemplate":"https:\/\/v2charge.com\/hr\/?s={search_term_string}"},"query-input":{"@type":"PropertyValueSpecification","valueRequired":true,"valueName":"search_term_string"}}],"inLanguage":"hr"},{"@type":"Organization","@id":"https:\/\/v2charge.com\/hr\/#organization","name":"V2C","url":"https:\/\/v2charge.com\/hr\/","logo":{"@type":"ImageObject","inLanguage":"hr","@id":"https:\/\/v2charge.com\/hr\/#\/schema\/logo\/image\/","url":"https:\/\/v2charge.com\/wp-content\/uploads\/2024\/11\/cropped-v2c-charge-logo-menu.png","contentUrl":"https:\/\/v2charge.com\/wp-content\/uploads\/2024\/11\/cropped-v2c-charge-logo-menu.png","width":984,"height":431,"caption":"V2C"},"image":{"@id":"https:\/\/v2charge.com\/hr\/#\/schema\/logo\/image\/"},"sameAs":["https:\/\/www.facebook.com\/V2C.Charge","https:\/\/x.com\/V2C_Charge","https:\/\/www.instagram.com\/v2c.charge\/","https:\/\/www.youtube.com\/@V2C","https:\/\/www.linkedin.com\/company\/v2c-chargers\/"]}]}},"uagb_featured_image_src":{"full":false,"thumbnail":false,"medium":false,"medium_large":false,"large":false,"gs-tiny":false,"xl":false,"xxl":false,"xxxl":false,"xxxxl":false,"xxxxxl":false,"1536x1536":false,"2048x2048":false},"uagb_author_info":{"display_name":"V2C","author_link":"https:\/\/v2charge.com\/hr\/author\/marketing\/"},"uagb_comment_info":0,"uagb_excerpt":"Mjera\u010d MID MID mjera\u010d je elektri\u010dni mjerni ure\u0111aj koji ispunjava zahtjeve utvr\u0111ene Europskom direktivom 2014\/32\/EU, poznatom kao MID direktiva (Direktiva o mjernim instrumentima). MID mjera\u010di omogu\u0107uju to\u010dno bilje\u017eenje potro\u0161ene energije tijekom punjenja elektri\u010dnih vozila, posebno kada je potrebna certificirana mjerenja za potrebe naplate. Zahvaljuju\u0107i svojoj MID certifikaciji, ovi mjera\u010di omogu\u0107uju operatorima, tvrtkama i pojedincima osiguranje&hellip;","_links":{"self":[{"href":"https:\/\/v2charge.com\/hr\/wp-json\/wp\/v2\/pages\/322442","targetHints":{"allow":["GET"]}}],"collection":[{"href":"https:\/\/v2charge.com\/hr\/wp-json\/wp\/v2\/pages"}],"about":[{"href":"https:\/\/v2charge.com\/hr\/wp-json\/wp\/v2\/types\/page"}],"author":[{"embeddable":true,"href":"https:\/\/v2charge.com\/hr\/wp-json\/wp\/v2\/users\/400"}],"replies":[{"embeddable":true,"href":"https:\/\/v2charge.com\/hr\/wp-json\/wp\/v2\/comments?post=322442"}],"version-history":[{"count":0,"href":"https:\/\/v2charge.com\/hr\/wp-json\/wp\/v2\/pages\/322442\/revisions"}],"up":[{"embeddable":true,"href":"https:\/\/v2charge.com\/hr\/wp-json\/wp\/v2\/pages\/322325"}],"wp:attachment":[{"href":"https:\/\/v2charge.com\/hr\/wp-json\/wp\/v2\/media?parent=322442"}],"curies":[{"name":"wp","href":"https:\/\/api.w.org\/{rel}","templated":true}]}}