{"id":322496,"date":"2023-03-24T16:56:23","date_gmt":"2023-03-24T16:56:23","guid":{"rendered":""},"modified":"2025-07-18T14:50:49","modified_gmt":"2025-07-18T12:50:49","slug":"povezivanje-sma-sunny-boy-invertera-s-trydanom","status":"publish","type":"page","link":"https:\/\/v2charge.com\/hr\/dinami-ka-kontrola-snage\/integracija-fotonaponskih-sustava\/povezivanje-sma-sunny-boy-invertera-s-trydanom\/","title":{"rendered":"Povezivanje SMA Sunny Boy invertera s Trydanom"},"content":{"rendered":"\n<div class=\"wp-block-uagb-container uagb-block-fe221d78 alignfull uagb-is-root-container\"><div class=\"uagb-container-inner-blocks-wrap\"><div class=\"yoast-breadcrumbs\"><span><span><a href=\"https:\/\/v2charge.com\/hr\/\">V2C<\/a><\/span> \u00bb <span><a href=\"https:\/\/v2charge.com\/hr\/dinami-ka-kontrola-snage\/\">Din\u00e1mico<\/a><\/span> \u00bb <span><a href=\"https:\/\/v2charge.com\/hr\/dinami-ka-kontrola-snage\/integracija-fotonaponskih-sustava\/\">Fotovoltaica<\/a><\/span> \u00bb <span class=\"breadcrumb_last\" aria-current=\"page\">Povezivanje SMA Sunny Boy invertera s Trydanom<\/span><\/span><\/div>\n\n<h1 class=\"wp-block-heading\">Povezivanje SMA Sunny Boy Invertera s Trydanom<\/h1>\n\n\n<div class=\"wp-block-uagb-container uagb-block-7ccd2e9b alignfull uagb-is-root-container\"><div class=\"uagb-container-inner-blocks-wrap\">\n<div class=\"wp-block-uagb-container uagb-block-b67aa1cf\">\n<div class=\"wp-block-uagb-image uagb-block-b8ec2710 wp-block-uagb-image--layout-default wp-block-uagb-image--effect-static wp-block-uagb-image--align-none\"><figure class=\"wp-block-uagb-image__figure\"><img decoding=\"async\" srcset=\"https:\/\/v2charge.com\/wp-content\/uploads\/2023\/12\/sma-logo.png ,https:\/\/v2charge.com\/wp-content\/uploads\/2023\/12\/sma-logo.png 780w, https:\/\/v2charge.com\/wp-content\/uploads\/2023\/12\/sma-logo.png 360w\" sizes=\"auto, (max-width: 480px) 150px\" src=\"https:\/\/v2charge.com\/wp-content\/uploads\/2023\/12\/sma-logo.png\" alt=\"\" class=\"uag-image-129057\" width=\"250\" height=\"164\" title=\"\" loading=\"lazy\" role=\"img\"\/><\/figure><\/div>\n<\/div>\n\n\n\n<div class=\"wp-block-uagb-container uagb-block-bb5c168e\"><p>Ako imate <strong>SMA Sunny Boy<\/strong> inverter, mo\u017eete ga povezati s Trydan punja\u010dem kako biste maksimalno iskoristili solarne energije iz va\u0161e instalacije.<\/p><\/div>\n<\/div><\/div>\n\n\n\n<div class=\"wp-block-uagb-container uagb-block-333fb119 alignfull uagb-is-root-container\"><div class=\"uagb-container-inner-blocks-wrap\">\n<div class=\"wp-block-uagb-container uagb-block-2ff110d0 default uagb-is-root-container\">\n<div class=\"wp-block-uagb-container uagb-block-cd442c87\">\n<div class=\"wp-block-uagb-image aligncenter uagb-block-4bb46c59 wp-block-uagb-image--layout-default wp-block-uagb-image--effect-static wp-block-uagb-image--align-center\"><figure class=\"wp-block-uagb-image__figure\"><img decoding=\"async\" srcset=\"https:\/\/v2charge.com\/wp-content\/uploads\/2023\/11\/icon-important.png ,https:\/\/v2charge.com\/wp-content\/uploads\/2023\/11\/icon-important.png 780w, https:\/\/v2charge.com\/wp-content\/uploads\/2023\/11\/icon-important.png 360w\" sizes=\"auto, (max-width: 480px) 150px\" src=\"https:\/\/v2charge.com\/wp-content\/uploads\/2023\/11\/icon-important.png\" alt=\"\" class=\"uag-image-125013\" width=\"50\" height=\"50\" title=\"\" loading=\"lazy\" role=\"img\"\/><\/figure><\/div>\n<\/div>\n\n\n\n<div class=\"wp-block-uagb-container uagb-block-38de7166\"><div class=\"wp-block-uagb-advanced-heading uagb-block-37ab01f0\"><p class=\"uagb-heading-text\">Kori\u0161tenje <strong>Wi-Fi repetitora<\/strong> ili <strong>mesh mre\u017ea<\/strong> mo\u017ee utjecati na ispravno funkcioniranje sustava. Preporu\u010dujemo kori\u0161tenje <strong>stabilne<\/strong> i <strong>izravne Wi-Fi<\/strong> mre\u017ee kako bismo osigurali optimalnu vezu izme\u0111u punja\u010da i invertera.<\/p><\/div><\/div>\n<\/div>\n\n\n\n<div style=\"height:5px\" aria-hidden=\"true\" class=\"wp-block-spacer\"><\/div>\n<\/div><\/div>\n\n\n\n<div class=\"wp-block-uagb-separator uagb-block-5fd34e2f\"><div class=\"wp-block-uagb-separator__inner\" style=\"--my-background-image:\"><\/div><\/div>\n\n\n<h2 class=\"wp-block-heading\">Koraci za uspostavljanje veze<\/h2>\n\n<h3 class=\"wp-block-heading\">Omogu\u0107ite MODBUS TCP na va\u0161em inverteru.<\/h3>\n\n\n<hr class=\"wp-block-separator has-alpha-channel-opacity\"\/>\n\n\n<div class=\"wp-block-uagb-info-box uagb-block-7dc4dcde uagb-infobox__content-wrap  uagb-infobox-icon-left uagb-infobox-left uagb-infobox-stacked-tablet uagb-infobox-image-valign-top\"><div class=\"uagb-ifb-image-content\"><img decoding=\"async\" src=\"https:\/\/v2charge.com\/wp-content\/uploads\/2023\/11\/numero-uno.png\" alt=\"\" width=\"48\" height=\"48\" loading=\"lazy\"\/><\/div><div class=\"uagb-ifb-content\"><div class=\"uagb-ifb-title-wrap\"><\/div><p class=\"uagb-ifb-desc\">Pove\u017eite se na IP adresu invertera unosom IP-a na ure\u0111aju povezanom na istu lokalnu mre\u017eu, pristupaju\u0107i SMA Sunny Boy su\u010delju. Saznajte <a href=\"https:\/\/v2charge.com\/hr\/how-to-find-the-ip-of-the-devices-connected-to-my-local-network\/\">kako prona\u0107i IP ure\u0111aja povezanih na va\u0161u mre\u017eu<\/a>.<\/p><\/div><\/div>\n\n\n<div class=\"wp-block-uagb-image aligncenter uagb-block-a1d26b2e wp-block-uagb-image--layout-default wp-block-uagb-image--effect-static wp-block-uagb-image--align-center\"><figure class=\"wp-block-uagb-image__figure\"><img decoding=\"async\" srcset=\"https:\/\/v2charge.com\/wp-content\/uploads\/2023\/12\/sunny-boy-ip.jpg ,https:\/\/v2charge.com\/wp-content\/uploads\/2023\/12\/sunny-boy-ip.jpg 780w, https:\/\/v2charge.com\/wp-content\/uploads\/2023\/12\/sunny-boy-ip.jpg 360w\" sizes=\"auto, (max-width: 480px) 150px\" src=\"https:\/\/v2charge.com\/wp-content\/uploads\/2023\/12\/sunny-boy-ip.jpg\" alt=\"\" class=\"uag-image-129066\" width=\"732\" height=\"295\" title=\"\" loading=\"lazy\" role=\"img\"\/><\/figure><\/div>\n\n\n<div class=\"wp-block-uagb-info-box uagb-block-b74fc743 uagb-infobox__content-wrap  uagb-infobox-icon-left uagb-infobox-left uagb-infobox-stacked-tablet uagb-infobox-image-valign-top\"><div class=\"uagb-ifb-image-content\"><img decoding=\"async\" src=\"https:\/\/v2charge.com\/wp-content\/uploads\/2023\/11\/numero-dos.png\" alt=\"\" width=\"48\" height=\"48\" loading=\"lazy\"\/><\/div><div class=\"uagb-ifb-content\"><div class=\"uagb-ifb-title-wrap\"><\/div><p class=\"uagb-ifb-desc\">Lozinka se isporu\u010duje s proizvodom prilikom kupnje. Ako nije dostupna, kontaktirajte svog instalatera ili nazovite SMA na <a href=\"tel:935635099\">93 563 50 99<\/a>.<\/p><\/div><\/div>\n\n<div class=\"wp-block-uagb-info-box uagb-block-05ba8063 uagb-infobox__content-wrap  uagb-infobox-icon-left uagb-infobox-left uagb-infobox-stacked-tablet uagb-infobox-image-valign-top\"><div class=\"uagb-ifb-image-content\"><img decoding=\"async\" src=\"https:\/\/v2charge.com\/wp-content\/uploads\/2023\/11\/numero-tres.png\" alt=\"\" width=\"48\" height=\"48\" loading=\"lazy\"\/><\/div><div class=\"uagb-ifb-content\"><div class=\"uagb-ifb-title-wrap\"><\/div><p class=\"uagb-ifb-desc\">Zatim odaberite SMA inverter koji \u017eelite konfigurirati u stablu postrojenja.<\/p><\/div><\/div>\n\n<div class=\"wp-block-uagb-info-box uagb-block-f515a8b1 uagb-infobox__content-wrap  uagb-infobox-icon-left uagb-infobox-left uagb-infobox-stacked-tablet uagb-infobox-image-valign-top\"><div class=\"uagb-ifb-image-content\"><img decoding=\"async\" src=\"https:\/\/v2charge.com\/wp-content\/uploads\/2023\/11\/numero-cuatro.png\" alt=\"\" width=\"48\" height=\"48\" loading=\"lazy\"\/><\/div><div class=\"uagb-ifb-content\"><div class=\"uagb-ifb-title-wrap\"><\/div><p class=\"uagb-ifb-desc\">Idite na karticu <em>Postavke<\/em> i odaberite grupu parametara <em>Vanjska komunikacija<\/em>. Kliknite <em>Uredi<\/em> i zatim <em>omogu\u0107ite TCP poslu\u017eitelj pod grupom Modbus<\/em> \u2013 TCP poslu\u017eitelj (Omogu\u0107eno \u2013 Da).<\/p><\/div><\/div>\n\n<h3 class=\"wp-block-heading\">Uparivanje Trydan punja\u010dke to\u010dke s SMA Sunny Boy inverterom<\/h3>\n\n\n<hr class=\"wp-block-separator has-alpha-channel-opacity\"\/>\n\n\n\n<div class=\"wp-block-uagb-container uagb-block-e1ccf0ef alignfull uagb-is-root-container\"><div class=\"uagb-container-inner-blocks-wrap\">\n<div class=\"wp-block-uagb-container uagb-block-f312fe50\"><p>Otvorite V2C Cloud aplikaciju, odaberite punja\u010dku to\u010dku i idite na odjeljak <strong>Postavke<\/strong>.<br><br>U Dinami\u010dkoj kontroli snage odaberite SMA Sunny inverter.<\/p><\/div>\n\n\n\n<div class=\"wp-block-uagb-container uagb-block-d4e5e05c\">\n<div class=\"wp-block-uagb-image aligncenter uagb-block-62fb1510 wp-block-uagb-image--layout-default wp-block-uagb-image--effect-static wp-block-uagb-image--align-center\"><figure class=\"wp-block-uagb-image__figure\"><img decoding=\"async\" srcset=\"https:\/\/v2charge.com\/wp-content\/uploads\/2024\/01\/sma-inversor.jpg ,https:\/\/v2charge.com\/wp-content\/uploads\/2024\/01\/sma-inversor.jpg 780w, https:\/\/v2charge.com\/wp-content\/uploads\/2024\/01\/sma-inversor.jpg 360w\" sizes=\"auto, (max-width: 480px) 150px\" src=\"https:\/\/v2charge.com\/wp-content\/uploads\/2024\/01\/sma-inversor.jpg\" alt=\"\" class=\"uag-image-133283\" width=\"400\" height=\"684\" title=\"\" loading=\"lazy\" role=\"img\"\/><\/figure><\/div>\n<\/div>\n<\/div><\/div>\n<\/div><\/div>\n\n\n\n<div style=\"height:60px\" aria-hidden=\"true\" class=\"wp-block-spacer\"><\/div>\n\n\n\n<div class=\"wp-block-uagb-container uagb-block-726fb046 alignfull uagb-is-root-container\"><div class=\"uagb-container-inner-blocks-wrap\"><div class=\"wp-block-uagb-advanced-heading uagb-block-231bfedd\"><h2 class=\"uagb-heading-text\"><strong>Treba li vam tehni\u010dka podr\u0161ka?<\/strong><\/h2><\/div>\n\n<div class=\"wp-block-uagb-advanced-heading uagb-block-95d39efb\"><p class=\"uagb-heading-text\">Generirajte zahtjev u Tehni\u010dkoj podr\u0161ci i kontaktirat \u0107emo vas \u0161to je prije mogu\u0107e kako bismo vam ponudili najbolje rje\u0161enje.<\/p><\/div>\n\n\n<div class=\"wp-block-uagb-buttons uagb-buttons__outer-wrap uagb-btn__default-btn uagb-btn-tablet__default-btn uagb-btn-mobile__default-btn uagb-block-a05012ca\"><div class=\"uagb-buttons__wrap uagb-buttons-layout-wrap \"><div class=\"wp-block-uagb-buttons-child uagb-buttons__outer-wrap uagb-block-ee41b68e wp-block-button\"><div class=\"uagb-button__wrapper\"><a class=\"uagb-buttons-repeater wp-block-button__link\" aria-label=\"\" href=\"https:\/\/v2charge.atlassian.net\/servicedesk\/customer\/portal\/3\" rel=\"follow noopener\" target=\"_self\" role=\"button\"><div class=\"uagb-button__link\">Kontaktirajte tehni\u010dku podr\u0161ku<\/div><\/a><\/div><\/div><\/div><\/div>\n<\/div><\/div>\n","protected":false},"excerpt":{"rendered":"<p>Povezivanje SMA Sunny Boy Invertera s Trydanom Ako imate SMA Sunny Boy inverter, mo\u017eete ga povezati s Trydan punja\u010dem kako biste maksimalno iskoristili solarne energije iz va\u0161e instalacije. Kori\u0161tenje Wi-Fi repetitora ili mesh mre\u017ea mo\u017ee utjecati na ispravno funkcioniranje sustava. Preporu\u010dujemo kori\u0161tenje stabilne i izravne Wi-Fi mre\u017ee kako bismo osigurali optimalnu vezu izme\u0111u punja\u010da i &#8230; <a title=\"Povezivanje SMA Sunny Boy invertera s Trydanom\" class=\"read-more\" href=\"https:\/\/v2charge.com\/hr\/dinami-ka-kontrola-snage\/integracija-fotonaponskih-sustava\/povezivanje-sma-sunny-boy-invertera-s-trydanom\/\" aria-label=\"Read more about Povezivanje SMA Sunny Boy invertera s Trydanom\">Read more<\/a><\/p>\n","protected":false},"author":1,"featured_media":0,"parent":322384,"menu_order":0,"comment_status":"closed","ping_status":"closed","template":"","meta":{"_eb_attr":"","content-type":"","_uag_custom_page_level_css":"","footnotes":""},"class_list":["post-322496","page","type-page","status-publish"],"yoast_head":"<!-- This site is optimized with the Yoast SEO plugin v25.3.1 - https:\/\/yoast.com\/wordpress\/plugins\/seo\/ -->\n<title>SMA Sunny Boy Inverter Povezivanje s Trydanom | V2C Podr\u0161ka<\/title>\n<meta name=\"description\" content=\"Pove\u017eite svoj SMA Sunny Boy inverter s Trydan punja\u010dem kako biste iskoristili solarnu energiju iz va\u0161e instalacije.\" \/>\n<meta name=\"robots\" content=\"index, follow, max-snippet:-1, max-image-preview:large, max-video-preview:-1\" \/>\n<link rel=\"canonical\" href=\"https:\/\/v2charge.com\/hr\/dinami-ka-kontrola-snage\/integracija-fotonaponskih-sustava\/povezivanje-sma-sunny-boy-invertera-s-trydanom\/\" \/>\n<meta property=\"og:locale\" content=\"hr_HR\" \/>\n<meta property=\"og:type\" content=\"article\" \/>\n<meta property=\"og:title\" content=\"SMA Sunny Boy Inverter Povezivanje s Trydanom | V2C Podr\u0161ka\" \/>\n<meta property=\"og:description\" content=\"Pove\u017eite svoj SMA Sunny Boy inverter s Trydan punja\u010dem kako biste iskoristili solarnu energiju iz va\u0161e instalacije.\" \/>\n<meta property=\"og:url\" content=\"https:\/\/v2charge.com\/hr\/dinami-ka-kontrola-snage\/integracija-fotonaponskih-sustava\/povezivanje-sma-sunny-boy-invertera-s-trydanom\/\" \/>\n<meta property=\"og:site_name\" content=\"V2C\" \/>\n<meta property=\"article:publisher\" content=\"https:\/\/www.facebook.com\/V2C.Charge\" \/>\n<meta property=\"article:modified_time\" content=\"2025-07-18T12:50:49+00:00\" \/>\n<meta property=\"og:image\" content=\"https:\/\/v2charge.com\/wp-content\/uploads\/2023\/12\/sma-logo.png\" \/>\n<meta name=\"twitter:card\" content=\"summary_large_image\" \/>\n<meta name=\"twitter:site\" content=\"@V2C_Charge\" \/>\n<meta name=\"twitter:label1\" content=\"Est. reading time\" \/>\n\t<meta name=\"twitter:data1\" content=\"3 minute\" \/>\n<script type=\"application\/ld+json\" class=\"yoast-schema-graph\">{\"@context\":\"https:\/\/schema.org\",\"@graph\":[{\"@type\":\"WebPage\",\"@id\":\"https:\/\/v2charge.com\/hr\/dinami-ka-kontrola-snage\/integracija-fotonaponskih-sustava\/povezivanje-sma-sunny-boy-invertera-s-trydanom\/\",\"url\":\"https:\/\/v2charge.com\/hr\/dinami-ka-kontrola-snage\/integracija-fotonaponskih-sustava\/povezivanje-sma-sunny-boy-invertera-s-trydanom\/\",\"name\":\"SMA Sunny Boy Inverter Povezivanje s Trydanom | V2C Podr\u0161ka\",\"isPartOf\":{\"@id\":\"https:\/\/v2charge.com\/hr\/#website\"},\"primaryImageOfPage\":{\"@id\":\"https:\/\/v2charge.com\/hr\/dinami-ka-kontrola-snage\/integracija-fotonaponskih-sustava\/povezivanje-sma-sunny-boy-invertera-s-trydanom\/#primaryimage\"},\"image\":{\"@id\":\"https:\/\/v2charge.com\/hr\/dinami-ka-kontrola-snage\/integracija-fotonaponskih-sustava\/povezivanje-sma-sunny-boy-invertera-s-trydanom\/#primaryimage\"},\"thumbnailUrl\":\"https:\/\/v2charge.com\/wp-content\/uploads\/2023\/12\/sma-logo.png\",\"datePublished\":\"2023-03-24T16:56:23+00:00\",\"dateModified\":\"2025-07-18T12:50:49+00:00\",\"description\":\"Pove\u017eite svoj SMA Sunny Boy inverter s Trydan punja\u010dem kako biste iskoristili solarnu energiju iz va\u0161e instalacije.\",\"breadcrumb\":{\"@id\":\"https:\/\/v2charge.com\/hr\/dinami-ka-kontrola-snage\/integracija-fotonaponskih-sustava\/povezivanje-sma-sunny-boy-invertera-s-trydanom\/#breadcrumb\"},\"inLanguage\":\"hr\",\"potentialAction\":[{\"@type\":\"ReadAction\",\"target\":[\"https:\/\/v2charge.com\/hr\/dinami-ka-kontrola-snage\/integracija-fotonaponskih-sustava\/povezivanje-sma-sunny-boy-invertera-s-trydanom\/\"]}]},{\"@type\":\"ImageObject\",\"inLanguage\":\"hr\",\"@id\":\"https:\/\/v2charge.com\/hr\/dinami-ka-kontrola-snage\/integracija-fotonaponskih-sustava\/povezivanje-sma-sunny-boy-invertera-s-trydanom\/#primaryimage\",\"url\":\"https:\/\/v2charge.com\/wp-content\/uploads\/2023\/12\/sma-logo.png\",\"contentUrl\":\"https:\/\/v2charge.com\/wp-content\/uploads\/2023\/12\/sma-logo.png\"},{\"@type\":\"BreadcrumbList\",\"@id\":\"https:\/\/v2charge.com\/hr\/dinami-ka-kontrola-snage\/integracija-fotonaponskih-sustava\/povezivanje-sma-sunny-boy-invertera-s-trydanom\/#breadcrumb\",\"itemListElement\":[{\"@type\":\"ListItem\",\"position\":1,\"name\":\"V2C\",\"item\":\"https:\/\/v2charge.com\/hr\/\"},{\"@type\":\"ListItem\",\"position\":2,\"name\":\"Din\u00e1mico\",\"item\":\"https:\/\/v2charge.com\/hr\/dinami-ka-kontrola-snage\/\"},{\"@type\":\"ListItem\",\"position\":3,\"name\":\"Fotovoltaica\",\"item\":\"https:\/\/v2charge.com\/hr\/dinami-ka-kontrola-snage\/integracija-fotonaponskih-sustava\/\"},{\"@type\":\"ListItem\",\"position\":4,\"name\":\"Povezivanje SMA Sunny Boy invertera s Trydanom\"}]},{\"@type\":\"WebSite\",\"@id\":\"https:\/\/v2charge.com\/hr\/#website\",\"url\":\"https:\/\/v2charge.com\/hr\/\",\"name\":\"V2C\",\"description\":\"#CargandoElMa\u00f1ana\",\"publisher\":{\"@id\":\"https:\/\/v2charge.com\/hr\/#organization\"},\"potentialAction\":[{\"@type\":\"SearchAction\",\"target\":{\"@type\":\"EntryPoint\",\"urlTemplate\":\"https:\/\/v2charge.com\/hr\/?s={search_term_string}\"},\"query-input\":{\"@type\":\"PropertyValueSpecification\",\"valueRequired\":true,\"valueName\":\"search_term_string\"}}],\"inLanguage\":\"hr\"},{\"@type\":\"Organization\",\"@id\":\"https:\/\/v2charge.com\/hr\/#organization\",\"name\":\"V2C\",\"url\":\"https:\/\/v2charge.com\/hr\/\",\"logo\":{\"@type\":\"ImageObject\",\"inLanguage\":\"hr\",\"@id\":\"https:\/\/v2charge.com\/hr\/#\/schema\/logo\/image\/\",\"url\":\"https:\/\/v2charge.com\/wp-content\/uploads\/2024\/11\/cropped-v2c-charge-logo-menu.png\",\"contentUrl\":\"https:\/\/v2charge.com\/wp-content\/uploads\/2024\/11\/cropped-v2c-charge-logo-menu.png\",\"width\":984,\"height\":431,\"caption\":\"V2C\"},\"image\":{\"@id\":\"https:\/\/v2charge.com\/hr\/#\/schema\/logo\/image\/\"},\"sameAs\":[\"https:\/\/www.facebook.com\/V2C.Charge\",\"https:\/\/x.com\/V2C_Charge\",\"https:\/\/www.instagram.com\/v2c.charge\/\",\"https:\/\/www.youtube.com\/@V2C\",\"https:\/\/www.linkedin.com\/company\/v2c-chargers\/\"]}]}<\/script>\n<!-- \/ Yoast SEO plugin. -->","yoast_head_json":{"title":"SMA Sunny Boy Inverter Povezivanje s Trydanom | V2C Podr\u0161ka","description":"Pove\u017eite svoj SMA Sunny Boy inverter s Trydan punja\u010dem kako biste iskoristili solarnu energiju iz va\u0161e instalacije.","robots":{"index":"index","follow":"follow","max-snippet":"max-snippet:-1","max-image-preview":"max-image-preview:large","max-video-preview":"max-video-preview:-1"},"canonical":"https:\/\/v2charge.com\/hr\/dinami-ka-kontrola-snage\/integracija-fotonaponskih-sustava\/povezivanje-sma-sunny-boy-invertera-s-trydanom\/","og_locale":"hr_HR","og_type":"article","og_title":"SMA Sunny Boy Inverter Povezivanje s Trydanom | V2C Podr\u0161ka","og_description":"Pove\u017eite svoj SMA Sunny Boy inverter s Trydan punja\u010dem kako biste iskoristili solarnu energiju iz va\u0161e instalacije.","og_url":"https:\/\/v2charge.com\/hr\/dinami-ka-kontrola-snage\/integracija-fotonaponskih-sustava\/povezivanje-sma-sunny-boy-invertera-s-trydanom\/","og_site_name":"V2C","article_publisher":"https:\/\/www.facebook.com\/V2C.Charge","article_modified_time":"2025-07-18T12:50:49+00:00","og_image":[{"url":"https:\/\/v2charge.com\/wp-content\/uploads\/2023\/12\/sma-logo.png","type":"","width":"","height":""}],"twitter_card":"summary_large_image","twitter_site":"@V2C_Charge","twitter_misc":{"Est. reading time":"3 minute"},"schema":{"@context":"https:\/\/schema.org","@graph":[{"@type":"WebPage","@id":"https:\/\/v2charge.com\/hr\/dinami-ka-kontrola-snage\/integracija-fotonaponskih-sustava\/povezivanje-sma-sunny-boy-invertera-s-trydanom\/","url":"https:\/\/v2charge.com\/hr\/dinami-ka-kontrola-snage\/integracija-fotonaponskih-sustava\/povezivanje-sma-sunny-boy-invertera-s-trydanom\/","name":"SMA Sunny Boy Inverter Povezivanje s Trydanom | V2C Podr\u0161ka","isPartOf":{"@id":"https:\/\/v2charge.com\/hr\/#website"},"primaryImageOfPage":{"@id":"https:\/\/v2charge.com\/hr\/dinami-ka-kontrola-snage\/integracija-fotonaponskih-sustava\/povezivanje-sma-sunny-boy-invertera-s-trydanom\/#primaryimage"},"image":{"@id":"https:\/\/v2charge.com\/hr\/dinami-ka-kontrola-snage\/integracija-fotonaponskih-sustava\/povezivanje-sma-sunny-boy-invertera-s-trydanom\/#primaryimage"},"thumbnailUrl":"https:\/\/v2charge.com\/wp-content\/uploads\/2023\/12\/sma-logo.png","datePublished":"2023-03-24T16:56:23+00:00","dateModified":"2025-07-18T12:50:49+00:00","description":"Pove\u017eite svoj SMA Sunny Boy inverter s Trydan punja\u010dem kako biste iskoristili solarnu energiju iz va\u0161e instalacije.","breadcrumb":{"@id":"https:\/\/v2charge.com\/hr\/dinami-ka-kontrola-snage\/integracija-fotonaponskih-sustava\/povezivanje-sma-sunny-boy-invertera-s-trydanom\/#breadcrumb"},"inLanguage":"hr","potentialAction":[{"@type":"ReadAction","target":["https:\/\/v2charge.com\/hr\/dinami-ka-kontrola-snage\/integracija-fotonaponskih-sustava\/povezivanje-sma-sunny-boy-invertera-s-trydanom\/"]}]},{"@type":"ImageObject","inLanguage":"hr","@id":"https:\/\/v2charge.com\/hr\/dinami-ka-kontrola-snage\/integracija-fotonaponskih-sustava\/povezivanje-sma-sunny-boy-invertera-s-trydanom\/#primaryimage","url":"https:\/\/v2charge.com\/wp-content\/uploads\/2023\/12\/sma-logo.png","contentUrl":"https:\/\/v2charge.com\/wp-content\/uploads\/2023\/12\/sma-logo.png"},{"@type":"BreadcrumbList","@id":"https:\/\/v2charge.com\/hr\/dinami-ka-kontrola-snage\/integracija-fotonaponskih-sustava\/povezivanje-sma-sunny-boy-invertera-s-trydanom\/#breadcrumb","itemListElement":[{"@type":"ListItem","position":1,"name":"V2C","item":"https:\/\/v2charge.com\/hr\/"},{"@type":"ListItem","position":2,"name":"Din\u00e1mico","item":"https:\/\/v2charge.com\/hr\/dinami-ka-kontrola-snage\/"},{"@type":"ListItem","position":3,"name":"Fotovoltaica","item":"https:\/\/v2charge.com\/hr\/dinami-ka-kontrola-snage\/integracija-fotonaponskih-sustava\/"},{"@type":"ListItem","position":4,"name":"Povezivanje SMA Sunny Boy invertera s Trydanom"}]},{"@type":"WebSite","@id":"https:\/\/v2charge.com\/hr\/#website","url":"https:\/\/v2charge.com\/hr\/","name":"V2C","description":"#CargandoElMa\u00f1ana","publisher":{"@id":"https:\/\/v2charge.com\/hr\/#organization"},"potentialAction":[{"@type":"SearchAction","target":{"@type":"EntryPoint","urlTemplate":"https:\/\/v2charge.com\/hr\/?s={search_term_string}"},"query-input":{"@type":"PropertyValueSpecification","valueRequired":true,"valueName":"search_term_string"}}],"inLanguage":"hr"},{"@type":"Organization","@id":"https:\/\/v2charge.com\/hr\/#organization","name":"V2C","url":"https:\/\/v2charge.com\/hr\/","logo":{"@type":"ImageObject","inLanguage":"hr","@id":"https:\/\/v2charge.com\/hr\/#\/schema\/logo\/image\/","url":"https:\/\/v2charge.com\/wp-content\/uploads\/2024\/11\/cropped-v2c-charge-logo-menu.png","contentUrl":"https:\/\/v2charge.com\/wp-content\/uploads\/2024\/11\/cropped-v2c-charge-logo-menu.png","width":984,"height":431,"caption":"V2C"},"image":{"@id":"https:\/\/v2charge.com\/hr\/#\/schema\/logo\/image\/"},"sameAs":["https:\/\/www.facebook.com\/V2C.Charge","https:\/\/x.com\/V2C_Charge","https:\/\/www.instagram.com\/v2c.charge\/","https:\/\/www.youtube.com\/@V2C","https:\/\/www.linkedin.com\/company\/v2c-chargers\/"]}]}},"uagb_featured_image_src":{"full":false,"thumbnail":false,"medium":false,"medium_large":false,"large":false,"gs-tiny":false,"xl":false,"xxl":false,"xxxl":false,"xxxxl":false,"xxxxxl":false,"1536x1536":false,"2048x2048":false},"uagb_author_info":{"display_name":"V2C","author_link":"https:\/\/v2charge.com\/hr\/author\/root_k4eu7ki8\/"},"uagb_comment_info":0,"uagb_excerpt":"Povezivanje SMA Sunny Boy Invertera s Trydanom Ako imate SMA Sunny Boy inverter, mo\u017eete ga povezati s Trydan punja\u010dem kako biste maksimalno iskoristili solarne energije iz va\u0161e instalacije. Kori\u0161tenje Wi-Fi repetitora ili mesh mre\u017ea mo\u017ee utjecati na ispravno funkcioniranje sustava. Preporu\u010dujemo kori\u0161tenje stabilne i izravne Wi-Fi mre\u017ee kako bismo osigurali optimalnu vezu izme\u0111u punja\u010da i&hellip;","_links":{"self":[{"href":"https:\/\/v2charge.com\/hr\/wp-json\/wp\/v2\/pages\/322496","targetHints":{"allow":["GET"]}}],"collection":[{"href":"https:\/\/v2charge.com\/hr\/wp-json\/wp\/v2\/pages"}],"about":[{"href":"https:\/\/v2charge.com\/hr\/wp-json\/wp\/v2\/types\/page"}],"author":[{"embeddable":true,"href":"https:\/\/v2charge.com\/hr\/wp-json\/wp\/v2\/users\/1"}],"replies":[{"embeddable":true,"href":"https:\/\/v2charge.com\/hr\/wp-json\/wp\/v2\/comments?post=322496"}],"version-history":[{"count":0,"href":"https:\/\/v2charge.com\/hr\/wp-json\/wp\/v2\/pages\/322496\/revisions"}],"up":[{"embeddable":true,"href":"https:\/\/v2charge.com\/hr\/wp-json\/wp\/v2\/pages\/322384"}],"wp:attachment":[{"href":"https:\/\/v2charge.com\/hr\/wp-json\/wp\/v2\/media?parent=322496"}],"curies":[{"name":"wp","href":"https:\/\/api.w.org\/{rel}","templated":true}]}}