{"id":322503,"date":"2023-10-27T16:08:56","date_gmt":"2023-10-27T14:08:56","guid":{"rendered":""},"modified":"2023-11-07T11:28:55","modified_gmt":"2023-11-07T09:28:55","slug":"v2c-affiliate-program-hr","status":"publish","type":"page","link":"https:\/\/v2charge.com\/hr\/v2c-affiliate-program-hr\/","title":{"rendered":"V2C Affiliate Program"},"content":{"rendered":"\n<div class=\"wp-block-uagb-container uagb-block-7ad7e24c alignfull uagb-is-root-container\"><div class=\"uagb-container-inner-blocks-wrap\">\n<div class=\"wp-block-uagb-container uagb-block-6bcf0ffd\"><h1 class=\"wp-block-heading has-contrast-color has-text-color\" style=\"font-size:44px\">Istaknite svoj e-Charger V2C dok pove\u0107avate svoj prihod<\/h1>\n\n<p class=\"has-accent-color has-text-color\">Pridru\u017eite se V2C Affiliate Programu i po\u010dnite zara\u0111ivati provizije za svaku kupnju koju izvr\u0161e va\u0161i pratitelji.<\/p>\n\n\n<div class=\"wp-block-uagb-buttons uagb-buttons__outer-wrap uagb-btn__default-btn uagb-btn-tablet__default-btn uagb-btn-mobile__default-btn uagb-block-2bc1e151\"><div class=\"uagb-buttons__wrap uagb-buttons-layout-wrap\"><div class=\"wp-block-uagb-buttons-child uagb-buttons__outer-wrap uagb-block-6a8d54f3 wp-block-button\"><div class=\"uagb-button__wrapper\"><a class=\"uagb-buttons-repeater wp-block-button__link\" href=\"#formulaire\" onclick=\"return true;\" rel=\"follow noopener\" target=\"_self\"><div class=\"uagb-button__link\">PRIJAVITE SE OVDJE<\/div><\/a><\/div><\/div><\/div><\/div>\n<\/div>\n\n\n\n<div class=\"wp-block-uagb-container uagb-block-2b376e34\"><div class=\"wp-block-image\">\n<figure class=\"aligncenter size-full\"><img loading=\"lazy\" decoding=\"async\" width=\"400\" height=\"450\" src=\"https:\/\/v2charge.com\/wp-content\/uploads\/2023\/10\/affiliate-program.jpg\" alt=\"V2C Affiliate Program\" class=\"wp-image-122934\" srcset=\"https:\/\/v2charge.com\/wp-content\/uploads\/2023\/10\/affiliate-program.jpg 400w, https:\/\/v2charge.com\/wp-content\/uploads\/2023\/10\/affiliate-program-267x300.jpg 267w\" sizes=\"auto, (max-width: 400px) 100vw, 400px\" \/><\/figure>\n<\/div><\/div>\n<\/div><\/div>\n\n\n\n<div class=\"wp-block-uagb-container uagb-block-74ecb573 alignfull uagb-is-root-container\"><div class=\"uagb-container-inner-blocks-wrap\"><div class=\"wp-block-uagb-advanced-heading uagb-block-f70dd623\"><h2 class=\"uagb-heading-text\"><strong>Za\u0161to se pridru\u017eiti V2C Affiliate Programu?<\/strong><\/h2><\/div><\/div><\/div>\n\n\n\n<div class=\"wp-block-uagb-container uagb-block-274cdd6a alignfull uagb-is-root-container\"><div class=\"uagb-container-inner-blocks-wrap\">\n<div class=\"wp-block-uagb-container uagb-block-f8fc696b\">\n<figure class=\"wp-block-image size-full\"><img loading=\"lazy\" decoding=\"async\" width=\"64\" height=\"64\" src=\"https:\/\/v2charge.com\/wp-content\/uploads\/2023\/11\/icon-star.png\" alt=\"\" class=\"wp-image-123256\"\/><\/figure>\n\n\n<div class=\"wp-block-uagb-advanced-heading uagb-block-58e4f1f4\"><h3 class=\"uagb-heading-text\">Pobolj\u0161ajte <br>va\u0161 imid\u017e<\/h3><\/div>\n\n<p>Pove\u017eite svoju sliku s vode\u0107im brendom e-mobilnosti podr\u017eanim \u0161irokom zajednicom.<\/p><\/div>\n\n\n\n<div class=\"wp-block-uagb-container uagb-block-d868fe71\">\n<figure class=\"wp-block-image size-full\"><img loading=\"lazy\" decoding=\"async\" width=\"64\" height=\"64\" src=\"https:\/\/v2charge.com\/wp-content\/uploads\/2023\/11\/icon-commissions.png\" alt=\"\" class=\"wp-image-123265\"\/><\/figure>\n\n\n<div class=\"wp-block-uagb-advanced-heading uagb-block-8348d1ec\"><h3 class=\"uagb-heading-text\">Zara\u0111ivanje visokih provizija<\/h3><\/div>\n\n<p>20% vrijednosti narud\u017ebe koju su napravili va\u0161i pratitelji pripada vam.<\/p><\/div>\n\n\n\n<div class=\"wp-block-uagb-container uagb-block-1f594078\">\n<figure class=\"wp-block-image size-full\"><img loading=\"lazy\" decoding=\"async\" width=\"64\" height=\"64\" src=\"https:\/\/v2charge.com\/wp-content\/uploads\/2023\/11\/icon-discount.png\" alt=\"\" class=\"wp-image-123274\"\/><\/figure>\n\n\n<div class=\"wp-block-uagb-advanced-heading uagb-block-8e6d6b25\"><h3 class=\"uagb-heading-text\">Va\u0161i pratitelji zara\u0111uju <br>tako\u0111er<\/h3><\/div>\n\n<p>Oni \u0107e imati popust od 10 % primjenom va\u0161eg kupona na blagajni.<\/p><\/div>\n<\/div><\/div>\n\n\n\n<div class=\"wp-block-uagb-container uagb-block-3af6971f alignfull uagb-is-root-container\"><div class=\"uagb-container-inner-blocks-wrap\">\n<div class=\"wp-block-uagb-container uagb-block-771e699f\"><div class=\"wp-block-image is-style-default\">\n<figure class=\"aligncenter size-full\"><img loading=\"lazy\" decoding=\"async\" width=\"370\" height=\"341\" src=\"https:\/\/v2charge.com\/wp-content\/uploads\/2023\/11\/affiliate-v2c.jpg\" alt=\"\" class=\"wp-image-123183\" srcset=\"https:\/\/v2charge.com\/wp-content\/uploads\/2023\/11\/affiliate-v2c.jpg 370w, https:\/\/v2charge.com\/wp-content\/uploads\/2023\/11\/affiliate-v2c-300x276.jpg 300w\" sizes=\"auto, (max-width: 370px) 100vw, 370px\" \/><\/figure>\n<\/div><\/div>\n\n\n\n<div class=\"wp-block-uagb-container uagb-block-11d66d0f\"><div class=\"wp-block-uagb-advanced-heading uagb-block-1adaeeb4\"><h2 class=\"uagb-heading-text\"><strong>Tko mo\u017ee postati affiliate?<\/strong><\/h2><\/div>\n\n<p>Kreatori sadr\u017eaja, mediji ili blogeri koji objavljuju \u010dlanke o elektri\u010dnoj mobilnosti, tehnologiji, na\u010dinu \u017eivota i obnovljivim izvorima energije.<\/p><\/div>\n<\/div><\/div>\n\n\n\n<div class=\"wp-block-uagb-container uagb-block-8117c144 alignfull uagb-is-root-container\"><div class=\"uagb-container-inner-blocks-wrap\"><div class=\"wp-block-uagb-advanced-heading uagb-block-cce71d3f\"><h2 class=\"uagb-heading-text\"><strong>Kako funkcionira program?<\/strong><\/h2><\/div><\/div><\/div>\n\n\n\n<div class=\"wp-block-uagb-container uagb-block-cf7151e9 alignfull uagb-is-root-container\"><div class=\"uagb-container-inner-blocks-wrap\">\n<div class=\"wp-block-uagb-container uagb-block-6902d405\">\n<figure class=\"wp-block-image size-full\"><img loading=\"lazy\" decoding=\"async\" width=\"250\" height=\"120\" src=\"https:\/\/v2charge.com\/wp-content\/uploads\/2023\/11\/step-1-v2c-affiliates-program.jpg\" alt=\"\" class=\"wp-image-123202\"\/><\/figure>\n\n\n<div class=\"wp-block-uagb-advanced-heading uagb-block-0db1da7e\"><h3 class=\"uagb-heading-text\">Prijavite se <br>besplatno<\/h3><\/div>\n\n<p>Ispunite obrazac i pregledat \u0107emo va\u0161 zahtjev u svrhu odobrenja.<\/p><\/div>\n\n\n\n<div class=\"wp-block-uagb-container uagb-block-2ee01b96\">\n<figure class=\"wp-block-image size-full\"><img loading=\"lazy\" decoding=\"async\" width=\"250\" height=\"120\" src=\"https:\/\/v2charge.com\/wp-content\/uploads\/2023\/11\/step2-v2c-affiliates-program.jpg\" alt=\"\" class=\"wp-image-123239\"\/><\/figure>\n\n\n<div class=\"wp-block-uagb-advanced-heading uagb-block-d51a4f0c\"><h3 class=\"uagb-heading-text\">Nudimo vam punja\u010d i kupon<\/h3><\/div>\n\n<p>Besplatno vam \u0161aljemo punja\u010d i predajemo va\u0161 personalizirani vau\u010der.<\/p><\/div>\n\n\n\n<div class=\"wp-block-uagb-container uagb-block-71c89256\">\n<figure class=\"wp-block-image size-full\"><img loading=\"lazy\" decoding=\"async\" width=\"250\" height=\"120\" src=\"https:\/\/v2charge.com\/wp-content\/uploads\/2023\/11\/step-3-v2c-affiliates-program.jpg\" alt=\"\" class=\"wp-image-123221\"\/><\/figure>\n\n\n<div class=\"wp-block-uagb-advanced-heading uagb-block-77e79ef6\"><h3 class=\"uagb-heading-text\">Dijelite  <br> sadr\u017eaj<\/h3><\/div>\n\n<p>Objavite sadr\u017eaj i navedite svoj kupon kako bi va\u0161i pratitelji mogli u\u0161tedjeti 10%.<\/p><\/div>\n\n\n\n<div class=\"wp-block-uagb-container uagb-block-d0c603c8\">\n<figure class=\"wp-block-image size-full\"><img loading=\"lazy\" decoding=\"async\" width=\"250\" height=\"120\" src=\"https:\/\/v2charge.com\/wp-content\/uploads\/2023\/11\/step-4-v2c-affiliates-program.jpg\" alt=\"\" class=\"wp-image-123230\"\/><\/figure>\n\n\n<div class=\"wp-block-uagb-advanced-heading uagb-block-55d8c82e\"><h3 class=\"uagb-heading-text\">Primite svoje nagrade<\/h3><\/div>\n\n<p>Na kraju svakog mjeseca, primit \u0107ete izvje\u0161taj i isplatit \u0107emo vam 20% od prodaje putem bankovnog prijenosa.<\/p><\/div>\n<\/div><\/div>\n\n\n\n<div id=\"formulaire\" class=\"wp-block-uagb-container uagb-block-5b2931a7 alignfull uagb-is-root-container\"><div class=\"uagb-container-inner-blocks-wrap\">\n<div class=\"wpcf7 no-js\" id=\"wpcf7-f123195-o1\" lang=\"es-ES\" dir=\"ltr\" data-wpcf7-id=\"123195\">\n<div class=\"screen-reader-response\"><p role=\"status\" aria-live=\"polite\" aria-atomic=\"true\"><\/p> <ul><\/ul><\/div>\n<form action=\"\/hr\/wp-json\/wp\/v2\/pages\/322503#wpcf7-f123195-o1\" method=\"post\" class=\"wpcf7-form init\" aria-label=\"Formulario de contacto\" novalidate=\"novalidate\" data-status=\"init\">\n<div style=\"display: none;\">\n<input type=\"hidden\" name=\"_wpcf7\" value=\"123195\" \/>\n<input type=\"hidden\" name=\"_wpcf7_version\" value=\"6.0.6\" \/>\n<input type=\"hidden\" name=\"_wpcf7_locale\" value=\"es_ES\" \/>\n<input type=\"hidden\" name=\"_wpcf7_unit_tag\" value=\"wpcf7-f123195-o1\" \/>\n<input type=\"hidden\" name=\"_wpcf7_container_post\" value=\"0\" \/>\n<input type=\"hidden\" name=\"_wpcf7_posted_data_hash\" value=\"\" \/>\n<input type=\"hidden\" name=\"redirect_nonce\" value=\"cf8c6edeaf\" \/>\n<input type=\"hidden\" name=\"wpcf7cfpdf_hidden_name\" value=\"document-pdf\" \/>\n<input type=\"hidden\" name=\"wpcf7cfpdf_hidden_reference\" value=\"fce4028c\" \/>\n<input type=\"hidden\" name=\"wpcf7cfpdf_hidden_date\" value=\"05122026\" \/>\n<input type=\"hidden\" name=\"_wpcf7_recaptcha_response\" value=\"\" \/>\n<\/div>\n<div id=\"responsive-form\" class=\"clearfix\">\n\t<div class=\"form-row\">\n\t\t<div class=\"column-half\">\n\t\t\t<p>Nom* <span class=\"wpcf7-form-control-wrap\" data-name=\"your-name\"><input size=\"40\" maxlength=\"400\" class=\"wpcf7-form-control wpcf7-text wpcf7-validates-as-required\" aria-required=\"true\" aria-invalid=\"false\" value=\"\" type=\"text\" name=\"your-name\" \/><\/span>\n\t\t\t<\/p>\n\t\t<\/div>\n\t\t<div class=\"column-half\">\n\t\t\t<p>E-mail* <span class=\"wpcf7-form-control-wrap\" data-name=\"your-email\"><input size=\"40\" maxlength=\"400\" class=\"wpcf7-form-control wpcf7-email wpcf7-validates-as-required wpcf7-text wpcf7-validates-as-email\" aria-required=\"true\" aria-invalid=\"false\" value=\"\" type=\"email\" name=\"your-email\" \/><\/span>\n\t\t\t<\/p>\n\t\t<\/div>\n\t\t<div class=\"column-half\">\n\t\t\t<p>Vous avez d\u00e9j\u00e0 un chargeur V2C ?* <span class=\"wpcf7-form-control-wrap\" data-name=\"chargeur\"><input size=\"40\" maxlength=\"400\" class=\"wpcf7-form-control wpcf7-text wpcf7-validates-as-required\" aria-required=\"true\" aria-invalid=\"false\" value=\"\" type=\"text\" name=\"chargeur\" \/><\/span>\n\t\t\t<\/p>\n\t\t<\/div>\n\t<\/div>\n\t<p><span id=\"wpcf7-6a032f58107a3-wrapper\" class=\"wpcf7-form-control-wrap tudireccion-96-wrap\" style=\"display:none !important; visibility:hidden !important;\"><label for=\"wpcf7-6a032f58107a3-field\" class=\"hp-message\">Por favor, deja este campo vac\u00edo.<\/label><input id=\"wpcf7-6a032f58107a3-field\"  class=\"wpcf7-form-control wpcf7-text\" type=\"text\" name=\"tudireccion-96\" value=\"\" size=\"40\" tabindex=\"-1\" autocomplete=\"new-password\" \/><\/span>\n\t<\/p>\n\t<div class=\"form-row\">\n\t\t<div class=\"column-full\">\n\t\t\t<p>Message (Dites-nous qui vous \u00eates, vos r\u00e9seaux sociaux, o\u00f9 vous partagerez le contenu...)* <span class=\"wpcf7-form-control-wrap\" data-name=\"your-message\"><textarea cols=\"40\" rows=\"10\" maxlength=\"2000\" class=\"wpcf7-form-control wpcf7-textarea wpcf7-validates-as-required\" aria-required=\"true\" aria-invalid=\"false\" name=\"your-message\"><\/textarea><\/span>\n\t\t\t<\/p>\n\t\t<\/div>\n\t<\/div>\n\t<div class=\"form-row\">\n\t\t<div class=\"column-full\">\n\t\t\t<p><input class=\"wpcf7-form-control wpcf7-submit has-spinner\" type=\"submit\" value=\"Envoyer\" \/>\n\t\t\t<\/p>\n\t\t<\/div>\n\t<\/div>\n<\/div><!--end responsive-form--><div class=\"wpcf7-response-output\" aria-hidden=\"true\"><\/div>\n<\/form>\n<\/div>\n\n<\/div><\/div>\n","protected":false},"excerpt":{"rendered":"<p>Istaknite svoj e-Charger V2C dok pove\u0107avate svoj prihod Pridru\u017eite se V2C Affiliate Programu i po\u010dnite zara\u0111ivati provizije za svaku kupnju koju izvr\u0161e va\u0161i pratitelji. Za\u0161to se pridru\u017eiti V2C Affiliate Programu? Pobolj\u0161ajte va\u0161 imid\u017e Pove\u017eite svoju sliku s vode\u0107im brendom e-mobilnosti podr\u017eanim \u0161irokom zajednicom. Zara\u0111ivanje visokih provizija 20% vrijednosti narud\u017ebe koju su napravili va\u0161i pratitelji pripada &#8230; <a title=\"V2C Affiliate Program\" class=\"read-more\" href=\"https:\/\/v2charge.com\/hr\/v2c-affiliate-program-hr\/\" aria-label=\"Read more about V2C Affiliate Program\">Read more<\/a><\/p>\n","protected":false},"author":400,"featured_media":0,"parent":0,"menu_order":0,"comment_status":"closed","ping_status":"closed","template":"","meta":{"_eb_attr":"","content-type":"","_uag_custom_page_level_css":"","footnotes":""},"class_list":["post-322503","page","type-page","status-publish"],"yoast_head":"<!-- This site is optimized with the Yoast SEO plugin v25.3.1 - https:\/\/yoast.com\/wordpress\/plugins\/seo\/ -->\n<title>V2C Affiliate Program - V2C<\/title>\n<meta name=\"description\" content=\"Istaknite svoj e-Charger V2C dok pove\u0107avate svoj prihod | Kreatori sadr\u017eaja, mediji ili blogeri\" \/>\n<meta name=\"robots\" content=\"index, follow, max-snippet:-1, max-image-preview:large, max-video-preview:-1\" \/>\n<link rel=\"canonical\" href=\"https:\/\/v2charge.com\/hr\/v2c-affiliate-program-hr\/\" \/>\n<meta property=\"og:locale\" content=\"hr_HR\" \/>\n<meta property=\"og:type\" content=\"article\" \/>\n<meta property=\"og:title\" content=\"V2C Affiliate Program - V2C\" \/>\n<meta property=\"og:description\" content=\"Istaknite svoj e-Charger V2C dok pove\u0107avate svoj prihod | Kreatori sadr\u017eaja, mediji ili blogeri\" \/>\n<meta property=\"og:url\" content=\"https:\/\/v2charge.com\/hr\/v2c-affiliate-program-hr\/\" \/>\n<meta property=\"og:site_name\" content=\"V2C\" \/>\n<meta property=\"article:publisher\" content=\"https:\/\/www.facebook.com\/V2C.Charge\" \/>\n<meta property=\"article:modified_time\" content=\"2023-11-07T09:28:55+00:00\" \/>\n<meta property=\"og:image\" content=\"https:\/\/v2charge.com\/wp-content\/uploads\/2023\/10\/affiliate-program.jpg\" \/>\n\t<meta property=\"og:image:width\" content=\"400\" \/>\n\t<meta property=\"og:image:height\" content=\"450\" \/>\n\t<meta property=\"og:image:type\" content=\"image\/jpeg\" \/>\n<meta name=\"twitter:card\" content=\"summary_large_image\" \/>\n<meta name=\"twitter:site\" content=\"@V2C_Charge\" \/>\n<meta name=\"twitter:label1\" content=\"Est. reading time\" \/>\n\t<meta name=\"twitter:data1\" content=\"3 minute\" \/>\n<script type=\"application\/ld+json\" class=\"yoast-schema-graph\">{\"@context\":\"https:\/\/schema.org\",\"@graph\":[{\"@type\":\"WebPage\",\"@id\":\"https:\/\/v2charge.com\/hr\/v2c-affiliate-program-hr\/\",\"url\":\"https:\/\/v2charge.com\/hr\/v2c-affiliate-program-hr\/\",\"name\":\"V2C Affiliate Program - V2C\",\"isPartOf\":{\"@id\":\"https:\/\/v2charge.com\/hr\/#website\"},\"primaryImageOfPage\":{\"@id\":\"https:\/\/v2charge.com\/hr\/v2c-affiliate-program-hr\/#primaryimage\"},\"image\":{\"@id\":\"https:\/\/v2charge.com\/hr\/v2c-affiliate-program-hr\/#primaryimage\"},\"thumbnailUrl\":\"https:\/\/v2charge.com\/wp-content\/uploads\/2023\/10\/affiliate-program.jpg\",\"datePublished\":\"2023-10-27T14:08:56+00:00\",\"dateModified\":\"2023-11-07T09:28:55+00:00\",\"description\":\"Istaknite svoj e-Charger V2C dok pove\u0107avate svoj prihod | Kreatori sadr\u017eaja, mediji ili blogeri\",\"breadcrumb\":{\"@id\":\"https:\/\/v2charge.com\/hr\/v2c-affiliate-program-hr\/#breadcrumb\"},\"inLanguage\":\"hr\",\"potentialAction\":[{\"@type\":\"ReadAction\",\"target\":[\"https:\/\/v2charge.com\/hr\/v2c-affiliate-program-hr\/\"]}]},{\"@type\":\"ImageObject\",\"inLanguage\":\"hr\",\"@id\":\"https:\/\/v2charge.com\/hr\/v2c-affiliate-program-hr\/#primaryimage\",\"url\":\"https:\/\/v2charge.com\/wp-content\/uploads\/2023\/10\/affiliate-program.jpg\",\"contentUrl\":\"https:\/\/v2charge.com\/wp-content\/uploads\/2023\/10\/affiliate-program.jpg\"},{\"@type\":\"BreadcrumbList\",\"@id\":\"https:\/\/v2charge.com\/hr\/v2c-affiliate-program-hr\/#breadcrumb\",\"itemListElement\":[{\"@type\":\"ListItem\",\"position\":1,\"name\":\"V2C\",\"item\":\"https:\/\/v2charge.com\/hr\/\"},{\"@type\":\"ListItem\",\"position\":2,\"name\":\"V2C Affiliate Program\"}]},{\"@type\":\"WebSite\",\"@id\":\"https:\/\/v2charge.com\/hr\/#website\",\"url\":\"https:\/\/v2charge.com\/hr\/\",\"name\":\"V2C\",\"description\":\"#CargandoElMa\u00f1ana\",\"publisher\":{\"@id\":\"https:\/\/v2charge.com\/hr\/#organization\"},\"potentialAction\":[{\"@type\":\"SearchAction\",\"target\":{\"@type\":\"EntryPoint\",\"urlTemplate\":\"https:\/\/v2charge.com\/hr\/?s={search_term_string}\"},\"query-input\":{\"@type\":\"PropertyValueSpecification\",\"valueRequired\":true,\"valueName\":\"search_term_string\"}}],\"inLanguage\":\"hr\"},{\"@type\":\"Organization\",\"@id\":\"https:\/\/v2charge.com\/hr\/#organization\",\"name\":\"V2C\",\"url\":\"https:\/\/v2charge.com\/hr\/\",\"logo\":{\"@type\":\"ImageObject\",\"inLanguage\":\"hr\",\"@id\":\"https:\/\/v2charge.com\/hr\/#\/schema\/logo\/image\/\",\"url\":\"https:\/\/v2charge.com\/wp-content\/uploads\/2024\/11\/cropped-v2c-charge-logo-menu.png\",\"contentUrl\":\"https:\/\/v2charge.com\/wp-content\/uploads\/2024\/11\/cropped-v2c-charge-logo-menu.png\",\"width\":984,\"height\":431,\"caption\":\"V2C\"},\"image\":{\"@id\":\"https:\/\/v2charge.com\/hr\/#\/schema\/logo\/image\/\"},\"sameAs\":[\"https:\/\/www.facebook.com\/V2C.Charge\",\"https:\/\/x.com\/V2C_Charge\",\"https:\/\/www.instagram.com\/v2c.charge\/\",\"https:\/\/www.youtube.com\/@V2C\",\"https:\/\/www.linkedin.com\/company\/v2c-chargers\/\"]}]}<\/script>\n<!-- \/ Yoast SEO plugin. -->","yoast_head_json":{"title":"V2C Affiliate Program - V2C","description":"Istaknite svoj e-Charger V2C dok pove\u0107avate svoj prihod | Kreatori sadr\u017eaja, mediji ili blogeri","robots":{"index":"index","follow":"follow","max-snippet":"max-snippet:-1","max-image-preview":"max-image-preview:large","max-video-preview":"max-video-preview:-1"},"canonical":"https:\/\/v2charge.com\/hr\/v2c-affiliate-program-hr\/","og_locale":"hr_HR","og_type":"article","og_title":"V2C Affiliate Program - V2C","og_description":"Istaknite svoj e-Charger V2C dok pove\u0107avate svoj prihod | Kreatori sadr\u017eaja, mediji ili blogeri","og_url":"https:\/\/v2charge.com\/hr\/v2c-affiliate-program-hr\/","og_site_name":"V2C","article_publisher":"https:\/\/www.facebook.com\/V2C.Charge","article_modified_time":"2023-11-07T09:28:55+00:00","og_image":[{"width":400,"height":450,"url":"https:\/\/v2charge.com\/wp-content\/uploads\/2023\/10\/affiliate-program.jpg","type":"image\/jpeg"}],"twitter_card":"summary_large_image","twitter_site":"@V2C_Charge","twitter_misc":{"Est. reading time":"3 minute"},"schema":{"@context":"https:\/\/schema.org","@graph":[{"@type":"WebPage","@id":"https:\/\/v2charge.com\/hr\/v2c-affiliate-program-hr\/","url":"https:\/\/v2charge.com\/hr\/v2c-affiliate-program-hr\/","name":"V2C Affiliate Program - V2C","isPartOf":{"@id":"https:\/\/v2charge.com\/hr\/#website"},"primaryImageOfPage":{"@id":"https:\/\/v2charge.com\/hr\/v2c-affiliate-program-hr\/#primaryimage"},"image":{"@id":"https:\/\/v2charge.com\/hr\/v2c-affiliate-program-hr\/#primaryimage"},"thumbnailUrl":"https:\/\/v2charge.com\/wp-content\/uploads\/2023\/10\/affiliate-program.jpg","datePublished":"2023-10-27T14:08:56+00:00","dateModified":"2023-11-07T09:28:55+00:00","description":"Istaknite svoj e-Charger V2C dok pove\u0107avate svoj prihod | Kreatori sadr\u017eaja, mediji ili blogeri","breadcrumb":{"@id":"https:\/\/v2charge.com\/hr\/v2c-affiliate-program-hr\/#breadcrumb"},"inLanguage":"hr","potentialAction":[{"@type":"ReadAction","target":["https:\/\/v2charge.com\/hr\/v2c-affiliate-program-hr\/"]}]},{"@type":"ImageObject","inLanguage":"hr","@id":"https:\/\/v2charge.com\/hr\/v2c-affiliate-program-hr\/#primaryimage","url":"https:\/\/v2charge.com\/wp-content\/uploads\/2023\/10\/affiliate-program.jpg","contentUrl":"https:\/\/v2charge.com\/wp-content\/uploads\/2023\/10\/affiliate-program.jpg"},{"@type":"BreadcrumbList","@id":"https:\/\/v2charge.com\/hr\/v2c-affiliate-program-hr\/#breadcrumb","itemListElement":[{"@type":"ListItem","position":1,"name":"V2C","item":"https:\/\/v2charge.com\/hr\/"},{"@type":"ListItem","position":2,"name":"V2C Affiliate Program"}]},{"@type":"WebSite","@id":"https:\/\/v2charge.com\/hr\/#website","url":"https:\/\/v2charge.com\/hr\/","name":"V2C","description":"#CargandoElMa\u00f1ana","publisher":{"@id":"https:\/\/v2charge.com\/hr\/#organization"},"potentialAction":[{"@type":"SearchAction","target":{"@type":"EntryPoint","urlTemplate":"https:\/\/v2charge.com\/hr\/?s={search_term_string}"},"query-input":{"@type":"PropertyValueSpecification","valueRequired":true,"valueName":"search_term_string"}}],"inLanguage":"hr"},{"@type":"Organization","@id":"https:\/\/v2charge.com\/hr\/#organization","name":"V2C","url":"https:\/\/v2charge.com\/hr\/","logo":{"@type":"ImageObject","inLanguage":"hr","@id":"https:\/\/v2charge.com\/hr\/#\/schema\/logo\/image\/","url":"https:\/\/v2charge.com\/wp-content\/uploads\/2024\/11\/cropped-v2c-charge-logo-menu.png","contentUrl":"https:\/\/v2charge.com\/wp-content\/uploads\/2024\/11\/cropped-v2c-charge-logo-menu.png","width":984,"height":431,"caption":"V2C"},"image":{"@id":"https:\/\/v2charge.com\/hr\/#\/schema\/logo\/image\/"},"sameAs":["https:\/\/www.facebook.com\/V2C.Charge","https:\/\/x.com\/V2C_Charge","https:\/\/www.instagram.com\/v2c.charge\/","https:\/\/www.youtube.com\/@V2C","https:\/\/www.linkedin.com\/company\/v2c-chargers\/"]}]}},"uagb_featured_image_src":{"full":false,"thumbnail":false,"medium":false,"medium_large":false,"large":false,"gs-tiny":false,"xl":false,"xxl":false,"xxxl":false,"xxxxl":false,"xxxxxl":false,"1536x1536":false,"2048x2048":false},"uagb_author_info":{"display_name":"V2C","author_link":"https:\/\/v2charge.com\/hr\/author\/marketing\/"},"uagb_comment_info":0,"uagb_excerpt":"Istaknite svoj e-Charger V2C dok pove\u0107avate svoj prihod Pridru\u017eite se V2C Affiliate Programu i po\u010dnite zara\u0111ivati provizije za svaku kupnju koju izvr\u0161e va\u0161i pratitelji. Za\u0161to se pridru\u017eiti V2C Affiliate Programu? Pobolj\u0161ajte va\u0161 imid\u017e Pove\u017eite svoju sliku s vode\u0107im brendom e-mobilnosti podr\u017eanim \u0161irokom zajednicom. Zara\u0111ivanje visokih provizija 20% vrijednosti narud\u017ebe koju su napravili va\u0161i pratitelji pripada&hellip;","_links":{"self":[{"href":"https:\/\/v2charge.com\/hr\/wp-json\/wp\/v2\/pages\/322503","targetHints":{"allow":["GET"]}}],"collection":[{"href":"https:\/\/v2charge.com\/hr\/wp-json\/wp\/v2\/pages"}],"about":[{"href":"https:\/\/v2charge.com\/hr\/wp-json\/wp\/v2\/types\/page"}],"author":[{"embeddable":true,"href":"https:\/\/v2charge.com\/hr\/wp-json\/wp\/v2\/users\/400"}],"replies":[{"embeddable":true,"href":"https:\/\/v2charge.com\/hr\/wp-json\/wp\/v2\/comments?post=322503"}],"version-history":[{"count":0,"href":"https:\/\/v2charge.com\/hr\/wp-json\/wp\/v2\/pages\/322503\/revisions"}],"wp:attachment":[{"href":"https:\/\/v2charge.com\/hr\/wp-json\/wp\/v2\/media?parent=322503"}],"curies":[{"name":"wp","href":"https:\/\/api.w.org\/{rel}","templated":true}]}}