{"id":103705,"date":"2023-05-22T13:15:50","date_gmt":"2023-05-22T13:15:50","guid":{"rendered":"https:\/\/v2charge.com\/?page_id=103705"},"modified":"2026-04-21T10:52:18","modified_gmt":"2026-04-21T08:52:18","slug":"comandi-funzionali-alexa","status":"publish","type":"page","link":"https:\/\/v2charge.com\/it\/comandi-funzionali-alexa\/","title":{"rendered":"Comandi funzionali Alexa"},"content":{"rendered":"\n<div class=\"wp-block-uagb-container uagb-block-c29b15eb alignfull uagb-is-root-container\"><div class=\"uagb-container-inner-blocks-wrap\">\n<div class=\"wp-block-uagb-container uagb-block-6846d829\">\n<div class=\"wp-block-uagb-container uagb-block-8a2137db\"><\/div>\n\n\n\n<div class=\"wp-block-uagb-container uagb-block-5ccae1ed\">\n<div class=\"wp-block-uagb-advanced-heading uagb-block-572af4b3\"><h1 class=\"uagb-heading-text\">Comandi Funzionali Alexa<\/h1><\/div>\n\n\n\n<div class=\"wp-block-uagb-advanced-heading uagb-block-008d543e\"><h2 class=\"uagb-heading-text\">Immergiti in un&#8217;esperienza tecnologica<\/h2><\/div>\n\n\n\n<p class=\"has-text-color\" style=\"color:#c2c0c0;font-size:16px\">Padroneggia tutti i comandi funzionali di Alexa per controllare l&#8217;e-Charger con la tua voce. Innovazione, immediatezza e comfort per vivere una ricarica unica.<\/p>\n\n\n\n<div class=\"wp-block-buttons is-layout-flex wp-block-buttons-is-layout-flex\">\n<div class=\"wp-block-button is-style-fill\"><a class=\"wp-block-button__link has-contrast-color has-base-3-background-color has-text-color has-background has-link-color wp-element-button\" href=\"https:\/\/v2charge.com\/wp-content\/uploads\/2022\/05\/Link-Alexa.pdf\" style=\"border-top-left-radius:8px;border-top-right-radius:8px;border-bottom-left-radius:8px;border-bottom-right-radius:8px\" target=\"_blank\" rel=\"noreferrer noopener\">Come collegare il mio e-Charger ad Alexa<\/a><\/div>\n<\/div>\n<\/div>\n<\/div>\n<\/div><\/div>\n\n\n\n<div style=\"height:30px\" aria-hidden=\"true\" class=\"wp-block-spacer\"><\/div>\n\n\n\n<div class=\"wp-block-uagb-container uagb-block-5bf65f41 alignfull uagb-is-root-container\"><div class=\"uagb-container-inner-blocks-wrap\">\n<div class=\"wp-block-uagb-container uagb-block-da71c77d default uagb-is-root-container\">\n<div class=\"wp-block-uagb-container uagb-block-0ddc93fc\">\n<div class=\"wp-block-uagb-image aligncenter uagb-block-d4d8c154 wp-block-uagb-image--layout-default wp-block-uagb-image--effect-static wp-block-uagb-image--align-center\"><figure class=\"wp-block-uagb-image__figure\"><img decoding=\"async\" srcset=\"https:\/\/v2charge.com\/wp-content\/uploads\/2023\/11\/icon-important.png ,https:\/\/v2charge.com\/wp-content\/uploads\/2023\/11\/icon-important.png 780w, https:\/\/v2charge.com\/wp-content\/uploads\/2023\/11\/icon-important.png 360w\" sizes=\"auto, (max-width: 480px) 150px\" src=\"https:\/\/v2charge.com\/wp-content\/uploads\/2023\/11\/icon-important.png\" alt=\"\" class=\"uag-image-125013\" width=\"50\" height=\"50\" title=\"\" loading=\"lazy\" role=\"img\"\/><\/figure><\/div>\n<\/div>\n\n\n\n<div class=\"wp-block-uagb-container uagb-block-67cf4dad\">\n<div class=\"wp-block-uagb-advanced-heading uagb-block-459cee5f\"><p class=\"uagb-heading-text\"><strong><strong><em>Il modello generale \u00e8: &#8220;Alexa, metti [nome del caricatore] in modalit\u00e0 [parola].&#8221;<\/em><\/strong><\/strong><\/p><\/div>\n<\/div>\n<\/div>\n<\/div><\/div>\n\n\n\n<div style=\"height:30px\" aria-hidden=\"true\" class=\"wp-block-spacer\"><\/div>\n\n\n\n<div class=\"wp-block-uagb-container uagb-block-ccfebc02 alignfull uagb-is-root-container\"><div class=\"uagb-container-inner-blocks-wrap\">\n<div class=\"wp-block-uagb-advanced-heading uagb-block-bd6206dc\"><h2 class=\"uagb-heading-text\">Bloccare il caricatore<\/h2><\/div>\n\n\n\n<p>&#8220;\u2026in modalit\u00e0 Blocca&#8221;<\/p>\n<\/div><\/div>\n\n\n\n<div style=\"height:40px\" aria-hidden=\"true\" class=\"wp-block-spacer\"><\/div>\n\n\n\n<div class=\"wp-block-uagb-container uagb-block-9ac41ac8 alignfull uagb-is-root-container\"><div class=\"uagb-container-inner-blocks-wrap\">\n<div class=\"wp-block-uagb-advanced-heading uagb-block-0287eec7\"><h2 class=\"uagb-heading-text\">Sbloccare il caricatore<\/h2><\/div>\n\n\n\n<p>&#8220;\u2026in modalit\u00e0 Sblocca&#8221;<\/p>\n<\/div><\/div>\n\n\n\n<div style=\"height:40px\" aria-hidden=\"true\" class=\"wp-block-spacer\"><\/div>\n\n\n\n<div class=\"wp-block-uagb-container uagb-block-10fa5e64 alignfull uagb-is-root-container\"><div class=\"uagb-container-inner-blocks-wrap\">\n<div class=\"wp-block-uagb-advanced-heading uagb-block-d62318d2\"><h2 class=\"uagb-heading-text\">Mettere in pausa la ricarica<\/h2><\/div>\n\n\n\n<p>&#8220;\u2026in modalit\u00e0 Pausa&#8221; \/ &#8220;\u2026in modalit\u00e0 Metti in pausa&#8221; \/ &#8220;\u2026in modalit\u00e0 In pausa&#8221;<br><br>&#8220;\u2026in modalit\u00e0 Pausa ricarica&#8221; \/ &#8220;\u2026in modalit\u00e0 Sospendi ricarica&#8221;<br><br>&#8220;\u2026in modalit\u00e0 Ferma la ricarica&#8221; \/ &#8220;\u2026in modalit\u00e0 Metti in pausa il&#8221; \/ &#8220;\u2026in modalit\u00e0 Pausa il&#8221;<\/p>\n<\/div><\/div>\n\n\n\n<div style=\"height:40px\" aria-hidden=\"true\" class=\"wp-block-spacer\"><\/div>\n\n\n\n<div class=\"wp-block-uagb-container uagb-block-59c2256a alignfull uagb-is-root-container\"><div class=\"uagb-container-inner-blocks-wrap\">\n<div class=\"wp-block-uagb-advanced-heading uagb-block-bb56ec01\"><h2 class=\"uagb-heading-text\">Riprendere la ricarica<\/h2><\/div>\n\n\n\n<p>&#8220;\u2026in modalit\u00e0 Riprendi&#8221; \/ &#8220;\u2026in modalit\u00e0 Riprende&#8221; \/ &#8220;\u2026in modalit\u00e0 Riprendi per me&#8221;<br><br>&#8220;\u2026in modalit\u00e0 Riprendi ricarica&#8221; \/ &#8220;\u2026in modalit\u00e0 Riprende la ricarica&#8221;<br><br>&#8220;\u2026in modalit\u00e0 Riprendi la ricarica&#8221; \/ &#8220;\u2026in modalit\u00e0 Riprende il&#8221; \/ &#8220;\u2026in modalit\u00e0 Riprendi il&#8221;<\/p>\n<\/div><\/div>\n\n\n\n<div style=\"height:49px\" aria-hidden=\"true\" class=\"wp-block-spacer\"><\/div>\n\n\n\n<div class=\"wp-block-uagb-container uagb-block-0038c469 alignfull uagb-is-root-container\"><div class=\"uagb-container-inner-blocks-wrap\">\n<div class=\"wp-block-uagb-advanced-heading uagb-block-705e418c\"><h2 class=\"uagb-heading-text\">Controllare lo stato<\/h2><\/div>\n\n\n\n<p>&#8220;Alexa, qual \u00e8 lo stato di [nome del caricatore]?&#8221;<\/p>\n\n\n\n<p><strong>Risposte possibili:<\/strong><\/p>\n\n\n\n<figure class=\"wp-block-table\"><table class=\"has-fixed-layout\"><tbody><tr><td><strong>Veicolo elettrico connesso<\/strong><\/td><td>Auto collegata ma senza ricarica (Standby)<\/td><\/tr><tr><td><strong>In attesa del veicolo elettrico<\/strong><\/td><td>Caricatore pronto, senza auto connessa<\/td><\/tr><tr><td><strong>Veicolo elettrico in ricarica<\/strong><\/td><td>Ricarica attiva in corso<\/td><\/tr><tr><td><strong>Ricarica in pausa<\/strong><\/td><td>Ricarica messa in pausa manualmente<\/td><\/tr><tr><td><strong>Caricatore bloccato<\/strong><\/td><td>Il caricatore \u00e8 bloccato<\/td><\/tr><tr><td><strong>Caricatore senza connessione Internet<\/strong><\/td><td>Il caricatore \u00e8 offline<\/td><\/tr><\/tbody><\/table><\/figure>\n\n\n\n<p><em><strong>IMPORTANTE<\/strong>: La pausa funziona solo se l&#8217;auto \u00e8 in ricarica attiva. La ripresa funziona solo se la ricarica \u00e8 in pausa. Se il caricatore \u00e8 offline, Alexa risponde con l&#8217;errore ENDPOINT_UNREACHABLE.<\/em><\/p>\n<\/div><\/div>\n\n\n\n<div style=\"height:30px\" aria-hidden=\"true\" class=\"wp-block-spacer\"><\/div>\n","protected":false},"excerpt":{"rendered":"<p>Comandi Funzionali Alexa Immergiti in un&#8217;esperienza tecnologica Padroneggia tutti i comandi funzionali di Alexa per controllare l&#8217;e-Charger con la tua voce. Innovazione, immediatezza e comfort per vivere una ricarica unica. Il modello generale \u00e8: &#8220;Alexa, metti [nome del caricatore] in modalit\u00e0 [parola].&#8221; Bloccare il caricatore &#8220;\u2026in modalit\u00e0 Blocca&#8221; Sbloccare il caricatore &#8220;\u2026in modalit\u00e0 Sblocca&#8221; Mettere &#8230; <a title=\"Comandi funzionali Alexa\" class=\"read-more\" href=\"https:\/\/v2charge.com\/it\/comandi-funzionali-alexa\/\" aria-label=\"Per saperne di pi\u00f9 su Comandi funzionali Alexa\">Leggi tutto<\/a><\/p>\n","protected":false},"author":400,"featured_media":170351,"parent":0,"menu_order":0,"comment_status":"closed","ping_status":"closed","template":"","meta":{"_eb_attr":"","content-type":"","_uag_custom_page_level_css":"","footnotes":""},"class_list":["post-103705","page","type-page","status-publish","has-post-thumbnail"],"yoast_head":"<!-- This site is optimized with the Yoast SEO plugin v25.3.1 - https:\/\/yoast.com\/wordpress\/plugins\/seo\/ -->\n<title>Comandi funzionali Alexa per V2C | V2C \u00ae<\/title>\n<meta name=\"description\" content=\"Conosci i comandi funzionali di Alexa per il vostro caricatore V2C e inizia a gestire la ricarica del tuo veicolo in tempo reale.\" \/>\n<meta name=\"robots\" content=\"index, follow, max-snippet:-1, max-image-preview:large, max-video-preview:-1\" \/>\n<link rel=\"canonical\" href=\"https:\/\/v2charge.com\/it\/comandi-funzionali-alexa\/\" \/>\n<meta property=\"og:locale\" content=\"it_IT\" \/>\n<meta property=\"og:type\" content=\"article\" \/>\n<meta property=\"og:title\" content=\"Comandi funzionali Alexa per V2C | V2C \u00ae\" \/>\n<meta property=\"og:description\" content=\"Conosci i comandi funzionali di Alexa per il vostro caricatore V2C e inizia a gestire la ricarica del tuo veicolo in tempo reale.\" \/>\n<meta property=\"og:url\" content=\"https:\/\/v2charge.com\/it\/comandi-funzionali-alexa\/\" \/>\n<meta property=\"og:site_name\" content=\"V2C\" \/>\n<meta property=\"article:publisher\" content=\"https:\/\/www.facebook.com\/V2C.Charge\" \/>\n<meta property=\"article:modified_time\" content=\"2026-04-21T08:52:18+00:00\" \/>\n<meta property=\"og:image\" content=\"https:\/\/v2charge.com\/wp-content\/uploads\/2024\/07\/v2c-electric-chargers.jpg\" \/>\n\t<meta property=\"og:image:width\" content=\"1200\" \/>\n\t<meta property=\"og:image:height\" content=\"675\" \/>\n\t<meta property=\"og:image:type\" content=\"image\/jpeg\" \/>\n<meta name=\"twitter:card\" content=\"summary_large_image\" \/>\n<meta name=\"twitter:site\" content=\"@V2C_Charge\" \/>\n<meta name=\"twitter:label1\" content=\"Tempo di lettura stimato\" \/>\n\t<meta name=\"twitter:data1\" content=\"2 minuti\" \/>\n<script type=\"application\/ld+json\" class=\"yoast-schema-graph\">{\"@context\":\"https:\/\/schema.org\",\"@graph\":[{\"@type\":\"WebPage\",\"@id\":\"https:\/\/v2charge.com\/it\/comandi-funzionali-alexa\/\",\"url\":\"https:\/\/v2charge.com\/it\/comandi-funzionali-alexa\/\",\"name\":\"Comandi funzionali Alexa per V2C | V2C \u00ae\",\"isPartOf\":{\"@id\":\"https:\/\/v2charge.com\/it\/#website\"},\"primaryImageOfPage\":{\"@id\":\"https:\/\/v2charge.com\/it\/comandi-funzionali-alexa\/#primaryimage\"},\"image\":{\"@id\":\"https:\/\/v2charge.com\/it\/comandi-funzionali-alexa\/#primaryimage\"},\"thumbnailUrl\":\"https:\/\/v2charge.com\/wp-content\/uploads\/2024\/07\/v2c-electric-chargers.jpg\",\"datePublished\":\"2023-05-22T13:15:50+00:00\",\"dateModified\":\"2026-04-21T08:52:18+00:00\",\"description\":\"Conosci i comandi funzionali di Alexa per il vostro caricatore V2C e inizia a gestire la ricarica del tuo veicolo in tempo reale.\",\"breadcrumb\":{\"@id\":\"https:\/\/v2charge.com\/it\/comandi-funzionali-alexa\/#breadcrumb\"},\"inLanguage\":\"it-IT\",\"potentialAction\":[{\"@type\":\"ReadAction\",\"target\":[\"https:\/\/v2charge.com\/it\/comandi-funzionali-alexa\/\"]}]},{\"@type\":\"ImageObject\",\"inLanguage\":\"it-IT\",\"@id\":\"https:\/\/v2charge.com\/it\/comandi-funzionali-alexa\/#primaryimage\",\"url\":\"https:\/\/v2charge.com\/wp-content\/uploads\/2024\/07\/v2c-electric-chargers.jpg\",\"contentUrl\":\"https:\/\/v2charge.com\/wp-content\/uploads\/2024\/07\/v2c-electric-chargers.jpg\",\"width\":1200,\"height\":675,\"caption\":\"V2C Electric Chargers\"},{\"@type\":\"BreadcrumbList\",\"@id\":\"https:\/\/v2charge.com\/it\/comandi-funzionali-alexa\/#breadcrumb\",\"itemListElement\":[{\"@type\":\"ListItem\",\"position\":1,\"name\":\"V2C\",\"item\":\"https:\/\/v2charge.com\/it\/\"},{\"@type\":\"ListItem\",\"position\":2,\"name\":\"Comandi funzionali Alexa\"}]},{\"@type\":\"WebSite\",\"@id\":\"https:\/\/v2charge.com\/it\/#website\",\"url\":\"https:\/\/v2charge.com\/it\/\",\"name\":\"V2C\",\"description\":\"#CargandoElMa\u00f1ana\",\"publisher\":{\"@id\":\"https:\/\/v2charge.com\/it\/#organization\"},\"potentialAction\":[{\"@type\":\"SearchAction\",\"target\":{\"@type\":\"EntryPoint\",\"urlTemplate\":\"https:\/\/v2charge.com\/it\/?s={search_term_string}\"},\"query-input\":{\"@type\":\"PropertyValueSpecification\",\"valueRequired\":true,\"valueName\":\"search_term_string\"}}],\"inLanguage\":\"it-IT\"},{\"@type\":\"Organization\",\"@id\":\"https:\/\/v2charge.com\/it\/#organization\",\"name\":\"V2C\",\"url\":\"https:\/\/v2charge.com\/it\/\",\"logo\":{\"@type\":\"ImageObject\",\"inLanguage\":\"it-IT\",\"@id\":\"https:\/\/v2charge.com\/it\/#\/schema\/logo\/image\/\",\"url\":\"https:\/\/v2charge.com\/wp-content\/uploads\/2024\/11\/cropped-v2c-charge-logo-menu.png\",\"contentUrl\":\"https:\/\/v2charge.com\/wp-content\/uploads\/2024\/11\/cropped-v2c-charge-logo-menu.png\",\"width\":984,\"height\":431,\"caption\":\"V2C\"},\"image\":{\"@id\":\"https:\/\/v2charge.com\/it\/#\/schema\/logo\/image\/\"},\"sameAs\":[\"https:\/\/www.facebook.com\/V2C.Charge\",\"https:\/\/x.com\/V2C_Charge\",\"https:\/\/www.instagram.com\/v2c.charge\/\",\"https:\/\/www.youtube.com\/@V2C\",\"https:\/\/www.linkedin.com\/company\/v2c-chargers\/\"]}]}<\/script>\n<!-- \/ Yoast SEO plugin. -->","yoast_head_json":{"title":"Comandi funzionali Alexa per V2C | V2C \u00ae","description":"Conosci i comandi funzionali di Alexa per il vostro caricatore V2C e inizia a gestire la ricarica del tuo veicolo in tempo reale.","robots":{"index":"index","follow":"follow","max-snippet":"max-snippet:-1","max-image-preview":"max-image-preview:large","max-video-preview":"max-video-preview:-1"},"canonical":"https:\/\/v2charge.com\/it\/comandi-funzionali-alexa\/","og_locale":"it_IT","og_type":"article","og_title":"Comandi funzionali Alexa per V2C | V2C \u00ae","og_description":"Conosci i comandi funzionali di Alexa per il vostro caricatore V2C e inizia a gestire la ricarica del tuo veicolo in tempo reale.","og_url":"https:\/\/v2charge.com\/it\/comandi-funzionali-alexa\/","og_site_name":"V2C","article_publisher":"https:\/\/www.facebook.com\/V2C.Charge","article_modified_time":"2026-04-21T08:52:18+00:00","og_image":[{"width":1200,"height":675,"url":"https:\/\/v2charge.com\/wp-content\/uploads\/2024\/07\/v2c-electric-chargers.jpg","type":"image\/jpeg"}],"twitter_card":"summary_large_image","twitter_site":"@V2C_Charge","twitter_misc":{"Tempo di lettura stimato":"2 minuti"},"schema":{"@context":"https:\/\/schema.org","@graph":[{"@type":"WebPage","@id":"https:\/\/v2charge.com\/it\/comandi-funzionali-alexa\/","url":"https:\/\/v2charge.com\/it\/comandi-funzionali-alexa\/","name":"Comandi funzionali Alexa per V2C | V2C \u00ae","isPartOf":{"@id":"https:\/\/v2charge.com\/it\/#website"},"primaryImageOfPage":{"@id":"https:\/\/v2charge.com\/it\/comandi-funzionali-alexa\/#primaryimage"},"image":{"@id":"https:\/\/v2charge.com\/it\/comandi-funzionali-alexa\/#primaryimage"},"thumbnailUrl":"https:\/\/v2charge.com\/wp-content\/uploads\/2024\/07\/v2c-electric-chargers.jpg","datePublished":"2023-05-22T13:15:50+00:00","dateModified":"2026-04-21T08:52:18+00:00","description":"Conosci i comandi funzionali di Alexa per il vostro caricatore V2C e inizia a gestire la ricarica del tuo veicolo in tempo reale.","breadcrumb":{"@id":"https:\/\/v2charge.com\/it\/comandi-funzionali-alexa\/#breadcrumb"},"inLanguage":"it-IT","potentialAction":[{"@type":"ReadAction","target":["https:\/\/v2charge.com\/it\/comandi-funzionali-alexa\/"]}]},{"@type":"ImageObject","inLanguage":"it-IT","@id":"https:\/\/v2charge.com\/it\/comandi-funzionali-alexa\/#primaryimage","url":"https:\/\/v2charge.com\/wp-content\/uploads\/2024\/07\/v2c-electric-chargers.jpg","contentUrl":"https:\/\/v2charge.com\/wp-content\/uploads\/2024\/07\/v2c-electric-chargers.jpg","width":1200,"height":675,"caption":"V2C Electric Chargers"},{"@type":"BreadcrumbList","@id":"https:\/\/v2charge.com\/it\/comandi-funzionali-alexa\/#breadcrumb","itemListElement":[{"@type":"ListItem","position":1,"name":"V2C","item":"https:\/\/v2charge.com\/it\/"},{"@type":"ListItem","position":2,"name":"Comandi funzionali Alexa"}]},{"@type":"WebSite","@id":"https:\/\/v2charge.com\/it\/#website","url":"https:\/\/v2charge.com\/it\/","name":"V2C","description":"#CargandoElMa\u00f1ana","publisher":{"@id":"https:\/\/v2charge.com\/it\/#organization"},"potentialAction":[{"@type":"SearchAction","target":{"@type":"EntryPoint","urlTemplate":"https:\/\/v2charge.com\/it\/?s={search_term_string}"},"query-input":{"@type":"PropertyValueSpecification","valueRequired":true,"valueName":"search_term_string"}}],"inLanguage":"it-IT"},{"@type":"Organization","@id":"https:\/\/v2charge.com\/it\/#organization","name":"V2C","url":"https:\/\/v2charge.com\/it\/","logo":{"@type":"ImageObject","inLanguage":"it-IT","@id":"https:\/\/v2charge.com\/it\/#\/schema\/logo\/image\/","url":"https:\/\/v2charge.com\/wp-content\/uploads\/2024\/11\/cropped-v2c-charge-logo-menu.png","contentUrl":"https:\/\/v2charge.com\/wp-content\/uploads\/2024\/11\/cropped-v2c-charge-logo-menu.png","width":984,"height":431,"caption":"V2C"},"image":{"@id":"https:\/\/v2charge.com\/it\/#\/schema\/logo\/image\/"},"sameAs":["https:\/\/www.facebook.com\/V2C.Charge","https:\/\/x.com\/V2C_Charge","https:\/\/www.instagram.com\/v2c.charge\/","https:\/\/www.youtube.com\/@V2C","https:\/\/www.linkedin.com\/company\/v2c-chargers\/"]}]}},"uagb_featured_image_src":{"full":["https:\/\/v2charge.com\/wp-content\/uploads\/2024\/07\/v2c-electric-chargers.jpg",1200,675,false],"thumbnail":["https:\/\/v2charge.com\/wp-content\/uploads\/2024\/07\/v2c-electric-chargers-150x150.jpg",150,150,true],"medium":["https:\/\/v2charge.com\/wp-content\/uploads\/2024\/07\/v2c-electric-chargers-300x169.jpg",300,169,true],"medium_large":["https:\/\/v2charge.com\/wp-content\/uploads\/2024\/07\/v2c-electric-chargers-768x432.jpg",768,432,true],"large":["https:\/\/v2charge.com\/wp-content\/uploads\/2024\/07\/v2c-electric-chargers-1024x576.jpg",1024,576,true],"gs-tiny":["https:\/\/v2charge.com\/wp-content\/uploads\/2024\/07\/v2c-electric-chargers.jpg",50,28,false],"xl":["https:\/\/v2charge.com\/wp-content\/uploads\/2024\/07\/v2c-electric-chargers.jpg",1200,675,false],"xxl":["https:\/\/v2charge.com\/wp-content\/uploads\/2024\/07\/v2c-electric-chargers.jpg",1200,675,false],"xxxl":["https:\/\/v2charge.com\/wp-content\/uploads\/2024\/07\/v2c-electric-chargers.jpg",1200,675,false],"xxxxl":["https:\/\/v2charge.com\/wp-content\/uploads\/2024\/07\/v2c-electric-chargers.jpg",1200,675,false],"xxxxxl":["https:\/\/v2charge.com\/wp-content\/uploads\/2024\/07\/v2c-electric-chargers.jpg",1200,675,false],"1536x1536":["https:\/\/v2charge.com\/wp-content\/uploads\/2024\/07\/v2c-electric-chargers.jpg",1200,675,false],"2048x2048":["https:\/\/v2charge.com\/wp-content\/uploads\/2024\/07\/v2c-electric-chargers.jpg",1200,675,false]},"uagb_author_info":{"display_name":"V2C","author_link":"https:\/\/v2charge.com\/it\/author\/marketing\/"},"uagb_comment_info":0,"uagb_excerpt":"Comandi Funzionali Alexa Immergiti in un&#8217;esperienza tecnologica Padroneggia tutti i comandi funzionali di Alexa per controllare l&#8217;e-Charger con la tua voce. Innovazione, immediatezza e comfort per vivere una ricarica unica. Il modello generale \u00e8: &#8220;Alexa, metti [nome del caricatore] in modalit\u00e0 [parola].&#8221; Bloccare il caricatore &#8220;\u2026in modalit\u00e0 Blocca&#8221; Sbloccare il caricatore &#8220;\u2026in modalit\u00e0 Sblocca&#8221; Mettere&hellip;","_links":{"self":[{"href":"https:\/\/v2charge.com\/it\/wp-json\/wp\/v2\/pages\/103705","targetHints":{"allow":["GET"]}}],"collection":[{"href":"https:\/\/v2charge.com\/it\/wp-json\/wp\/v2\/pages"}],"about":[{"href":"https:\/\/v2charge.com\/it\/wp-json\/wp\/v2\/types\/page"}],"author":[{"embeddable":true,"href":"https:\/\/v2charge.com\/it\/wp-json\/wp\/v2\/users\/400"}],"replies":[{"embeddable":true,"href":"https:\/\/v2charge.com\/it\/wp-json\/wp\/v2\/comments?post=103705"}],"version-history":[{"count":3,"href":"https:\/\/v2charge.com\/it\/wp-json\/wp\/v2\/pages\/103705\/revisions"}],"predecessor-version":[{"id":316527,"href":"https:\/\/v2charge.com\/it\/wp-json\/wp\/v2\/pages\/103705\/revisions\/316527"}],"wp:featuredmedia":[{"embeddable":true,"href":"https:\/\/v2charge.com\/it\/wp-json\/wp\/v2\/media\/170351"}],"wp:attachment":[{"href":"https:\/\/v2charge.com\/it\/wp-json\/wp\/v2\/media?parent=103705"}],"curies":[{"name":"wp","href":"https:\/\/api.w.org\/{rel}","templated":true}]}}