{"id":110067,"date":"2023-07-10T14:14:59","date_gmt":"2023-07-10T14:14:59","guid":{"rendered":"https:\/\/v2charge.com\/funcionamiento-e-key\/"},"modified":"2026-01-09T16:53:14","modified_gmt":"2026-01-09T14:53:14","slug":"configurazione-smartlock","status":"publish","type":"page","link":"https:\/\/v2charge.com\/it\/supporto\/trydan\/configurazione-smartlock\/","title":{"rendered":"V2C SmartLock"},"content":{"rendered":"\n<div class=\"wp-block-uagb-container uagb-block-cecfe602 alignfull uagb-is-root-container\"><div class=\"uagb-container-inner-blocks-wrap\"><div class=\"yoast-breadcrumbs\"><span><span><a href=\"https:\/\/v2charge.com\/it\/\">V2C<\/a><\/span> \u00bb <span><a href=\"https:\/\/v2charge.com\/it\/supporto\/\">Area di supporto<\/a><\/span> \u00bb <span><a href=\"https:\/\/v2charge.com\/it\/supporto\/trydan\/\">Supporto Trydan<\/a><\/span> \u00bb <span class=\"breadcrumb_last\" aria-current=\"page\">V2C SmartLock<\/span><\/span><\/div>\n\n\n<h1 class=\"wp-block-heading\">Che cos&#8217;\u00e8 V2C SmartLock?<\/h1>\n\n\n\n<p><strong>V2C SmartLock<\/strong> \u00e8 una nuova funzionalit\u00e0 dell&#8217;e-Charger Trydan che consente di sbloccare in modalit\u00e0 wireless il caricabatterie utilizzando una <strong>e-Key<\/strong>, ovvero un dispositivo che utilizza la connettivit\u00e0 <strong>BLE<\/strong> (Bluetooth Low Energy). Utilizzando uno smartwatch, un braccialetto fitness, un portachiavi o un veicolo elettrico come Tesla Model 3, \u00e8 possibile sbloccare il caricabatterie senza dover utilizzare l&#8217;app V2C Cloud, la piattaforma web V2C Cloud o la tastiera dell&#8217;e-Charger. Per un corretto funzionamento, \u00e8 importante che il dispositivo abbia un indirizzo MAC statico.<\/p>\n\n\n\n<p>La tecnologia<strong> V2C SmartLock<\/strong> dell&#8217;e-Charger fa risparmiare tempo e facilita la ricarica dell&#8217;auto elettrica. \u00c8 sufficiente avvicinare la e-Key al caricatore per sbloccarlo.<\/p>\n\n\n\n<blockquote class=\"wp-block-quote is-layout-flow wp-block-quote-is-layout-flow\">\n<p><em>NOTA: prima di collegare l&#8217;e-Key, \u00e8 necessario verificare che la versione del firmware del caricabatterie sia <strong>1.7 <\/strong>o successiva. \u00c8 possibile verificarlo nella sezione Impostazioni dispositivo &gt; Numero ID.<\/em><\/p>\n<\/blockquote>\n\n\n\n<h2 class=\"wp-block-heading\">Come posso collegare una e-Key al caricatore tramite V2C SmartLock?<\/h2>\n\n\n\n<p>Per associare l&#8217;e-Key al caricatore, accedere al caricatore elettronico e seguire i passaggi indicati nell&#8217;applicazione V2C Cloud. Nel caso di un veicolo elettrico, posizionare il veicolo vicino al caricatore senza altri dispositivi Bluetooth, poich\u00e9 l&#8217;e-Charger aggiunger\u00e0 il dispositivo pi\u00f9 vicino.<\/p>\n\n\n\n<div class=\"wp-block-uagb-container uagb-block-9187706a alignfull uagb-is-root-container\"><div class=\"uagb-container-inner-blocks-wrap\">\n<div class=\"wp-block-uagb-image uagb-block-506c45ef wp-block-uagb-image--layout-default wp-block-uagb-image--effect-static wp-block-uagb-image--align-none\"><figure class=\"wp-block-uagb-image__figure\"><img decoding=\"async\" srcset=\"https:\/\/v2charge.com\/wp-content\/uploads\/2023\/11\/caricabatterie.jpg ,https:\/\/v2charge.com\/wp-content\/uploads\/2023\/11\/caricabatterie.jpg 780w, https:\/\/v2charge.com\/wp-content\/uploads\/2023\/11\/caricabatterie.jpg 360w\" sizes=\"auto, (max-width: 480px) 150px\" src=\"https:\/\/v2charge.com\/wp-content\/uploads\/2023\/11\/caricabatterie.jpg\" alt=\"\" class=\"uag-image-126564\" width=\"400\" height=\"560\" title=\"\" loading=\"lazy\" role=\"img\"\/><figcaption class=\"uagb-image-caption\">1. Accedere all&#8217;applicazione e selezionare il e-Charger.<\/figcaption><\/figure><\/div>\n\n\n\n<div class=\"wp-block-uagb-image uagb-block-ec99cb1e wp-block-uagb-image--layout-default wp-block-uagb-image--effect-static wp-block-uagb-image--align-none\"><figure class=\"wp-block-uagb-image__figure\"><img decoding=\"async\" srcset=\"https:\/\/v2charge.com\/wp-content\/uploads\/2023\/11\/configurazione-trydan.jpg ,https:\/\/v2charge.com\/wp-content\/uploads\/2023\/11\/configurazione-trydan.jpg 780w, https:\/\/v2charge.com\/wp-content\/uploads\/2023\/11\/configurazione-trydan.jpg 360w\" sizes=\"auto, (max-width: 480px) 150px\" src=\"https:\/\/v2charge.com\/wp-content\/uploads\/2023\/11\/configurazione-trydan.jpg\" alt=\"\" class=\"uag-image-126573\" width=\"400\" height=\"560\" title=\"\" loading=\"lazy\" role=\"img\"\/><figcaption class=\"uagb-image-caption\">2. Fare clic sul pulsante di configurazione.<\/figcaption><\/figure><\/div>\n\n\n\n<div class=\"wp-block-uagb-image uagb-block-d2efc30f wp-block-uagb-image--layout-default wp-block-uagb-image--effect-static wp-block-uagb-image--align-none\"><figure class=\"wp-block-uagb-image__figure\"><img decoding=\"async\" srcset=\"https:\/\/v2charge.com\/wp-content\/uploads\/2023\/11\/configurazione-e-keys.jpg ,https:\/\/v2charge.com\/wp-content\/uploads\/2023\/11\/configurazione-e-keys.jpg 780w, https:\/\/v2charge.com\/wp-content\/uploads\/2023\/11\/configurazione-e-keys.jpg 360w\" sizes=\"auto, (max-width: 480px) 150px\" src=\"https:\/\/v2charge.com\/wp-content\/uploads\/2023\/11\/configurazione-e-keys.jpg\" alt=\"\" class=\"uag-image-126582\" width=\"400\" height=\"560\" title=\"\" loading=\"lazy\" role=\"img\"\/><figcaption class=\"uagb-image-caption\">3. Andare alla sezione<br>&#8216;e-Keys&#8217;.<\/figcaption><\/figure><\/div>\n\n\n\n<div class=\"wp-block-uagb-image uagb-block-9bb2d988 wp-block-uagb-image--layout-default wp-block-uagb-image--effect-static wp-block-uagb-image--align-none\"><figure class=\"wp-block-uagb-image__figure\"><img decoding=\"async\" srcset=\"https:\/\/v2charge.com\/wp-content\/uploads\/2023\/11\/attivare-e-keys.jpg ,https:\/\/v2charge.com\/wp-content\/uploads\/2023\/11\/attivare-e-keys.jpg 780w, https:\/\/v2charge.com\/wp-content\/uploads\/2023\/11\/attivare-e-keys.jpg 360w\" sizes=\"auto, (max-width: 480px) 150px\" src=\"https:\/\/v2charge.com\/wp-content\/uploads\/2023\/11\/attivare-e-keys.jpg\" alt=\"\" class=\"uag-image-126591\" width=\"297\" height=\"507\" title=\"\" loading=\"lazy\" role=\"img\"\/><figcaption class=\"uagb-image-caption\">4. Fare clic sul pulsante per attivare<br>le chiavi elettroniche.<\/figcaption><\/figure><\/div>\n<\/div><\/div>\n\n\n\n<div class=\"wp-block-uagb-container uagb-block-a69acbb8 alignfull uagb-is-root-container\"><div class=\"uagb-container-inner-blocks-wrap\">\n<div class=\"wp-block-uagb-container uagb-block-43732216\"><\/div>\n\n\n\n<div class=\"wp-block-uagb-image uagb-block-095551e5 wp-block-uagb-image--layout-default wp-block-uagb-image--effect-static wp-block-uagb-image--align-none\"><figure class=\"wp-block-uagb-image__figure\"><img decoding=\"async\" srcset=\"https:\/\/v2charge.com\/wp-content\/uploads\/2023\/11\/aggiungi-e-key.jpg ,https:\/\/v2charge.com\/wp-content\/uploads\/2023\/11\/aggiungi-e-key.jpg 780w, https:\/\/v2charge.com\/wp-content\/uploads\/2023\/11\/aggiungi-e-key.jpg 360w\" sizes=\"auto, (max-width: 480px) 150px\" src=\"https:\/\/v2charge.com\/wp-content\/uploads\/2023\/11\/aggiungi-e-key.jpg\" alt=\"\" class=\"uag-image-126600\" width=\"400\" height=\"560\" title=\"\" loading=\"lazy\" role=\"img\"\/><figcaption class=\"uagb-image-caption\">5. Fare clic su<br>&#8216;Aggiungi e-Key&#8217;.<\/figcaption><\/figure><\/div>\n\n\n\n<div class=\"wp-block-uagb-image uagb-block-b3f722bf wp-block-uagb-image--layout-default wp-block-uagb-image--effect-static wp-block-uagb-image--align-none\"><figure class=\"wp-block-uagb-image__figure\"><img decoding=\"async\" srcset=\"https:\/\/v2charge.com\/wp-content\/uploads\/2023\/11\/nome-e-key.jpg ,https:\/\/v2charge.com\/wp-content\/uploads\/2023\/11\/nome-e-key.jpg 780w, https:\/\/v2charge.com\/wp-content\/uploads\/2023\/11\/nome-e-key.jpg 360w\" sizes=\"auto, (max-width: 480px) 150px\" src=\"https:\/\/v2charge.com\/wp-content\/uploads\/2023\/11\/nome-e-key.jpg\" alt=\"\" class=\"uag-image-126710\" width=\"400\" height=\"560\" title=\"\" loading=\"lazy\" role=\"img\"\/><figcaption class=\"uagb-image-caption\">6. Assegnare un nome all&#8217;e-Key a e<br>avvicinarla all&#8217;e-Charger&#8221;.<\/figcaption><\/figure><\/div>\n\n\n\n<div class=\"wp-block-uagb-image uagb-block-10a28e75 wp-block-uagb-image--layout-default wp-block-uagb-image--effect-static wp-block-uagb-image--align-none\"><figure class=\"wp-block-uagb-image__figure\"><img decoding=\"async\" srcset=\"https:\/\/v2charge.com\/wp-content\/uploads\/2023\/11\/e-key-aggiunto.jpg ,https:\/\/v2charge.com\/wp-content\/uploads\/2023\/11\/e-key-aggiunto.jpg 780w, https:\/\/v2charge.com\/wp-content\/uploads\/2023\/11\/e-key-aggiunto.jpg 360w\" sizes=\"auto, (max-width: 480px) 150px\" src=\"https:\/\/v2charge.com\/wp-content\/uploads\/2023\/11\/e-key-aggiunto.jpg\" alt=\"\" class=\"uag-image-126618\" width=\"400\" height=\"560\" title=\"\" loading=\"lazy\" role=\"img\"\/><figcaption class=\"uagb-image-caption\">7. Aggiunta dell&#8217;e-Key. \u00c8 possibile modificare il nome o eliminarlo.<\/figcaption><\/figure><\/div>\n\n\n\n<div class=\"wp-block-uagb-container uagb-block-7d4c4715\"><\/div>\n<\/div><\/div>\n\n\n\n<blockquote class=\"wp-block-quote is-layout-flow wp-block-quote-is-layout-flow\">\n<p style=\"font-size:16px\"><em>NOTA: Se noti che se il tubo \u00e8 collegato al veicolo, il caricabatterie non si blocca anche se rileva che l&#8217;e-Key si sta allontanando, in modo che la ricarica possa essere effettuata correttamente.<\/em><\/p>\n<\/blockquote>\n<\/div><\/div>\n\n\n\n<div class=\"wp-block-uagb-container uagb-block-c6f38013 alignfull uagb-is-root-container\"><div class=\"uagb-container-inner-blocks-wrap\">\n<div class=\"wp-block-uagb-advanced-heading uagb-block-6963d70c\"><h2 class=\"uagb-heading-text\"><strong>Hai bisogno di supporto tecnico?<\/strong><\/h2><\/div>\n\n\n\n<div class=\"wp-block-uagb-advanced-heading uagb-block-408243eb\"><p class=\"uagb-heading-text\">Resuelve tu incidencia al instante a trav\u00e9s de nuestro Chat con IA. Si no se resuelve, genera una solicitud en el Centro de Soporte T\u00e9cnico y nos pondremos en contacto contigo lo antes posible para ofrecerte la mejor soluci\u00f3n.<\/p><\/div>\n\n\n\n<div class=\"wp-block-uagb-info-box uagb-block-12e3cf1c uagb-infobox__content-wrap  uagb-infobox-icon-left uagb-infobox-left uagb-infobox-image-valign-top wp-block-uagb-info-box--has-margin ai-chatbot-button\"><div class=\"uagb-infobox-margin-wrapper\"><div class=\"uagb-ifb-image-content\"><img decoding=\"async\" src=\"https:\/\/v2charge.com\/wp-content\/uploads\/2026\/01\/support-ai-chatbot.png\" alt=\"\" width=\"20\" height=\"19\" loading=\"lazy\"\/><\/div><div class=\"uagb-ifb-content\"><div class=\"uagb-ifb-title-wrap\"><\/div><div class=\"uagb-ifb-button-wrapper wp-block-button\"><a href=\"https:\/\/v2charge.com\/v2c-support-web\/\" class=\"uagb-infobox-cta-link wp-block-button__link\" target=\"_blank\" rel=\"noopener noreferrer\" onclick=\"return true;\"><span class=\"uagb-inline-editing\">Chiedi alla nostra Chat con IA<\/span><\/a><\/div><\/div><\/div><\/div>\n\n\n\n<div class=\"wp-block-uagb-buttons uagb-buttons__outer-wrap uagb-btn__default-btn uagb-btn-tablet__default-btn uagb-btn-mobile__default-btn uagb-block-ba1e67d1\"><div class=\"uagb-buttons__wrap uagb-buttons-layout-wrap \">\n<div class=\"wp-block-uagb-buttons-child uagb-buttons__outer-wrap uagb-block-23cfb623 wp-block-button\"><div class=\"uagb-button__wrapper\"><a class=\"uagb-buttons-repeater wp-block-button__link\" aria-label=\"\" href=\"https:\/\/v2charge.atlassian.net\/servicedesk\/customer\/portal\/3\" rel=\"follow noopener\" target=\"_blank\" role=\"button\"><div class=\"uagb-button__link\">Contatta il Supporto Tecnico<\/div><\/a><\/div><\/div>\n<\/div><\/div>\n<\/div><\/div>\n","protected":false},"excerpt":{"rendered":"<p>Che cos&#8217;\u00e8 V2C SmartLock? V2C SmartLock \u00e8 una nuova funzionalit\u00e0 dell&#8217;e-Charger Trydan che consente di sbloccare in modalit\u00e0 wireless il caricabatterie utilizzando una e-Key, ovvero un dispositivo che utilizza la connettivit\u00e0 BLE (Bluetooth Low Energy). Utilizzando uno smartwatch, un braccialetto fitness, un portachiavi o un veicolo elettrico come Tesla Model 3, \u00e8 possibile sbloccare il &#8230; <a title=\"V2C SmartLock\" class=\"read-more\" href=\"https:\/\/v2charge.com\/it\/supporto\/trydan\/configurazione-smartlock\/\" aria-label=\"Per saperne di pi\u00f9 su V2C SmartLock\">Leggi tutto<\/a><\/p>\n","protected":false},"author":400,"featured_media":170351,"parent":75210,"menu_order":0,"comment_status":"closed","ping_status":"closed","template":"","meta":{"_eb_attr":"","content-type":"","_uag_custom_page_level_css":"","footnotes":""},"class_list":["post-110067","page","type-page","status-publish","has-post-thumbnail"],"yoast_head":"<!-- This site is optimized with the Yoast SEO plugin v25.3.1 - https:\/\/yoast.com\/wordpress\/plugins\/seo\/ -->\n<title>V2C SmartLock - V2C<\/title>\n<meta name=\"description\" content=\"\u00c8 un dispositivo che utilizza la connettivit\u00e0 BLE e si connette in modalit\u00e0 wireless con il tuo e-Charger.\" \/>\n<meta name=\"robots\" content=\"index, follow, max-snippet:-1, max-image-preview:large, max-video-preview:-1\" \/>\n<link rel=\"canonical\" href=\"https:\/\/v2charge.com\/it\/supporto\/trydan\/configurazione-smartlock\/\" \/>\n<meta property=\"og:locale\" content=\"it_IT\" \/>\n<meta property=\"og:type\" content=\"article\" \/>\n<meta property=\"og:title\" content=\"V2C SmartLock - V2C\" \/>\n<meta property=\"og:description\" content=\"\u00c8 un dispositivo che utilizza la connettivit\u00e0 BLE e si connette in modalit\u00e0 wireless con il tuo e-Charger.\" \/>\n<meta property=\"og:url\" content=\"https:\/\/v2charge.com\/it\/supporto\/trydan\/configurazione-smartlock\/\" \/>\n<meta property=\"og:site_name\" content=\"V2C\" \/>\n<meta property=\"article:publisher\" content=\"https:\/\/www.facebook.com\/V2C.Charge\" \/>\n<meta property=\"article:modified_time\" content=\"2026-01-09T14:53:14+00:00\" \/>\n<meta property=\"og:image\" content=\"https:\/\/v2charge.com\/wp-content\/uploads\/2024\/07\/v2c-electric-chargers.jpg\" \/>\n\t<meta property=\"og:image:width\" content=\"1200\" \/>\n\t<meta property=\"og:image:height\" content=\"675\" \/>\n\t<meta property=\"og:image:type\" content=\"image\/jpeg\" \/>\n<meta name=\"twitter:card\" content=\"summary_large_image\" \/>\n<meta name=\"twitter:site\" content=\"@V2C_Charge\" \/>\n<meta name=\"twitter:label1\" content=\"Tempo di lettura stimato\" \/>\n\t<meta name=\"twitter:data1\" content=\"4 minuti\" \/>\n<script type=\"application\/ld+json\" class=\"yoast-schema-graph\">{\"@context\":\"https:\/\/schema.org\",\"@graph\":[{\"@type\":\"WebPage\",\"@id\":\"https:\/\/v2charge.com\/it\/supporto\/trydan\/configurazione-smartlock\/\",\"url\":\"https:\/\/v2charge.com\/it\/supporto\/trydan\/configurazione-smartlock\/\",\"name\":\"V2C SmartLock - V2C\",\"isPartOf\":{\"@id\":\"https:\/\/v2charge.com\/it\/#website\"},\"primaryImageOfPage\":{\"@id\":\"https:\/\/v2charge.com\/it\/supporto\/trydan\/configurazione-smartlock\/#primaryimage\"},\"image\":{\"@id\":\"https:\/\/v2charge.com\/it\/supporto\/trydan\/configurazione-smartlock\/#primaryimage\"},\"thumbnailUrl\":\"https:\/\/v2charge.com\/wp-content\/uploads\/2024\/07\/v2c-electric-chargers.jpg\",\"datePublished\":\"2023-07-10T14:14:59+00:00\",\"dateModified\":\"2026-01-09T14:53:14+00:00\",\"description\":\"\u00c8 un dispositivo che utilizza la connettivit\u00e0 BLE e si connette in modalit\u00e0 wireless con il tuo e-Charger.\",\"breadcrumb\":{\"@id\":\"https:\/\/v2charge.com\/it\/supporto\/trydan\/configurazione-smartlock\/#breadcrumb\"},\"inLanguage\":\"it-IT\",\"potentialAction\":[{\"@type\":\"ReadAction\",\"target\":[\"https:\/\/v2charge.com\/it\/supporto\/trydan\/configurazione-smartlock\/\"]}]},{\"@type\":\"ImageObject\",\"inLanguage\":\"it-IT\",\"@id\":\"https:\/\/v2charge.com\/it\/supporto\/trydan\/configurazione-smartlock\/#primaryimage\",\"url\":\"https:\/\/v2charge.com\/wp-content\/uploads\/2024\/07\/v2c-electric-chargers.jpg\",\"contentUrl\":\"https:\/\/v2charge.com\/wp-content\/uploads\/2024\/07\/v2c-electric-chargers.jpg\",\"width\":1200,\"height\":675,\"caption\":\"V2C Electric Chargers\"},{\"@type\":\"BreadcrumbList\",\"@id\":\"https:\/\/v2charge.com\/it\/supporto\/trydan\/configurazione-smartlock\/#breadcrumb\",\"itemListElement\":[{\"@type\":\"ListItem\",\"position\":1,\"name\":\"V2C\",\"item\":\"https:\/\/v2charge.com\/it\/\"},{\"@type\":\"ListItem\",\"position\":2,\"name\":\"Area di supporto\",\"item\":\"https:\/\/v2charge.com\/it\/supporto\/\"},{\"@type\":\"ListItem\",\"position\":3,\"name\":\"Supporto Trydan\",\"item\":\"https:\/\/v2charge.com\/it\/supporto\/trydan\/\"},{\"@type\":\"ListItem\",\"position\":4,\"name\":\"V2C SmartLock\"}]},{\"@type\":\"WebSite\",\"@id\":\"https:\/\/v2charge.com\/it\/#website\",\"url\":\"https:\/\/v2charge.com\/it\/\",\"name\":\"V2C\",\"description\":\"#CargandoElMa\u00f1ana\",\"publisher\":{\"@id\":\"https:\/\/v2charge.com\/it\/#organization\"},\"potentialAction\":[{\"@type\":\"SearchAction\",\"target\":{\"@type\":\"EntryPoint\",\"urlTemplate\":\"https:\/\/v2charge.com\/it\/?s={search_term_string}\"},\"query-input\":{\"@type\":\"PropertyValueSpecification\",\"valueRequired\":true,\"valueName\":\"search_term_string\"}}],\"inLanguage\":\"it-IT\"},{\"@type\":\"Organization\",\"@id\":\"https:\/\/v2charge.com\/it\/#organization\",\"name\":\"V2C\",\"url\":\"https:\/\/v2charge.com\/it\/\",\"logo\":{\"@type\":\"ImageObject\",\"inLanguage\":\"it-IT\",\"@id\":\"https:\/\/v2charge.com\/it\/#\/schema\/logo\/image\/\",\"url\":\"https:\/\/v2charge.com\/wp-content\/uploads\/2024\/11\/cropped-v2c-charge-logo-menu.png\",\"contentUrl\":\"https:\/\/v2charge.com\/wp-content\/uploads\/2024\/11\/cropped-v2c-charge-logo-menu.png\",\"width\":984,\"height\":431,\"caption\":\"V2C\"},\"image\":{\"@id\":\"https:\/\/v2charge.com\/it\/#\/schema\/logo\/image\/\"},\"sameAs\":[\"https:\/\/www.facebook.com\/V2C.Charge\",\"https:\/\/x.com\/V2C_Charge\",\"https:\/\/www.instagram.com\/v2c.charge\/\",\"https:\/\/www.youtube.com\/@V2C\",\"https:\/\/www.linkedin.com\/company\/v2c-chargers\/\"]}]}<\/script>\n<!-- \/ Yoast SEO plugin. -->","yoast_head_json":{"title":"V2C SmartLock - V2C","description":"\u00c8 un dispositivo che utilizza la connettivit\u00e0 BLE e si connette in modalit\u00e0 wireless con il tuo e-Charger.","robots":{"index":"index","follow":"follow","max-snippet":"max-snippet:-1","max-image-preview":"max-image-preview:large","max-video-preview":"max-video-preview:-1"},"canonical":"https:\/\/v2charge.com\/it\/supporto\/trydan\/configurazione-smartlock\/","og_locale":"it_IT","og_type":"article","og_title":"V2C SmartLock - V2C","og_description":"\u00c8 un dispositivo che utilizza la connettivit\u00e0 BLE e si connette in modalit\u00e0 wireless con il tuo e-Charger.","og_url":"https:\/\/v2charge.com\/it\/supporto\/trydan\/configurazione-smartlock\/","og_site_name":"V2C","article_publisher":"https:\/\/www.facebook.com\/V2C.Charge","article_modified_time":"2026-01-09T14:53:14+00:00","og_image":[{"width":1200,"height":675,"url":"https:\/\/v2charge.com\/wp-content\/uploads\/2024\/07\/v2c-electric-chargers.jpg","type":"image\/jpeg"}],"twitter_card":"summary_large_image","twitter_site":"@V2C_Charge","twitter_misc":{"Tempo di lettura stimato":"4 minuti"},"schema":{"@context":"https:\/\/schema.org","@graph":[{"@type":"WebPage","@id":"https:\/\/v2charge.com\/it\/supporto\/trydan\/configurazione-smartlock\/","url":"https:\/\/v2charge.com\/it\/supporto\/trydan\/configurazione-smartlock\/","name":"V2C SmartLock - V2C","isPartOf":{"@id":"https:\/\/v2charge.com\/it\/#website"},"primaryImageOfPage":{"@id":"https:\/\/v2charge.com\/it\/supporto\/trydan\/configurazione-smartlock\/#primaryimage"},"image":{"@id":"https:\/\/v2charge.com\/it\/supporto\/trydan\/configurazione-smartlock\/#primaryimage"},"thumbnailUrl":"https:\/\/v2charge.com\/wp-content\/uploads\/2024\/07\/v2c-electric-chargers.jpg","datePublished":"2023-07-10T14:14:59+00:00","dateModified":"2026-01-09T14:53:14+00:00","description":"\u00c8 un dispositivo che utilizza la connettivit\u00e0 BLE e si connette in modalit\u00e0 wireless con il tuo e-Charger.","breadcrumb":{"@id":"https:\/\/v2charge.com\/it\/supporto\/trydan\/configurazione-smartlock\/#breadcrumb"},"inLanguage":"it-IT","potentialAction":[{"@type":"ReadAction","target":["https:\/\/v2charge.com\/it\/supporto\/trydan\/configurazione-smartlock\/"]}]},{"@type":"ImageObject","inLanguage":"it-IT","@id":"https:\/\/v2charge.com\/it\/supporto\/trydan\/configurazione-smartlock\/#primaryimage","url":"https:\/\/v2charge.com\/wp-content\/uploads\/2024\/07\/v2c-electric-chargers.jpg","contentUrl":"https:\/\/v2charge.com\/wp-content\/uploads\/2024\/07\/v2c-electric-chargers.jpg","width":1200,"height":675,"caption":"V2C Electric Chargers"},{"@type":"BreadcrumbList","@id":"https:\/\/v2charge.com\/it\/supporto\/trydan\/configurazione-smartlock\/#breadcrumb","itemListElement":[{"@type":"ListItem","position":1,"name":"V2C","item":"https:\/\/v2charge.com\/it\/"},{"@type":"ListItem","position":2,"name":"Area di supporto","item":"https:\/\/v2charge.com\/it\/supporto\/"},{"@type":"ListItem","position":3,"name":"Supporto Trydan","item":"https:\/\/v2charge.com\/it\/supporto\/trydan\/"},{"@type":"ListItem","position":4,"name":"V2C SmartLock"}]},{"@type":"WebSite","@id":"https:\/\/v2charge.com\/it\/#website","url":"https:\/\/v2charge.com\/it\/","name":"V2C","description":"#CargandoElMa\u00f1ana","publisher":{"@id":"https:\/\/v2charge.com\/it\/#organization"},"potentialAction":[{"@type":"SearchAction","target":{"@type":"EntryPoint","urlTemplate":"https:\/\/v2charge.com\/it\/?s={search_term_string}"},"query-input":{"@type":"PropertyValueSpecification","valueRequired":true,"valueName":"search_term_string"}}],"inLanguage":"it-IT"},{"@type":"Organization","@id":"https:\/\/v2charge.com\/it\/#organization","name":"V2C","url":"https:\/\/v2charge.com\/it\/","logo":{"@type":"ImageObject","inLanguage":"it-IT","@id":"https:\/\/v2charge.com\/it\/#\/schema\/logo\/image\/","url":"https:\/\/v2charge.com\/wp-content\/uploads\/2024\/11\/cropped-v2c-charge-logo-menu.png","contentUrl":"https:\/\/v2charge.com\/wp-content\/uploads\/2024\/11\/cropped-v2c-charge-logo-menu.png","width":984,"height":431,"caption":"V2C"},"image":{"@id":"https:\/\/v2charge.com\/it\/#\/schema\/logo\/image\/"},"sameAs":["https:\/\/www.facebook.com\/V2C.Charge","https:\/\/x.com\/V2C_Charge","https:\/\/www.instagram.com\/v2c.charge\/","https:\/\/www.youtube.com\/@V2C","https:\/\/www.linkedin.com\/company\/v2c-chargers\/"]}]}},"uagb_featured_image_src":{"full":["https:\/\/v2charge.com\/wp-content\/uploads\/2024\/07\/v2c-electric-chargers.jpg",1200,675,false],"thumbnail":["https:\/\/v2charge.com\/wp-content\/uploads\/2024\/07\/v2c-electric-chargers-150x150.jpg",150,150,true],"medium":["https:\/\/v2charge.com\/wp-content\/uploads\/2024\/07\/v2c-electric-chargers-300x169.jpg",300,169,true],"medium_large":["https:\/\/v2charge.com\/wp-content\/uploads\/2024\/07\/v2c-electric-chargers-768x432.jpg",768,432,true],"large":["https:\/\/v2charge.com\/wp-content\/uploads\/2024\/07\/v2c-electric-chargers-1024x576.jpg",1024,576,true],"gs-tiny":["https:\/\/v2charge.com\/wp-content\/uploads\/2024\/07\/v2c-electric-chargers.jpg",50,28,false],"xl":["https:\/\/v2charge.com\/wp-content\/uploads\/2024\/07\/v2c-electric-chargers.jpg",1200,675,false],"xxl":["https:\/\/v2charge.com\/wp-content\/uploads\/2024\/07\/v2c-electric-chargers.jpg",1200,675,false],"xxxl":["https:\/\/v2charge.com\/wp-content\/uploads\/2024\/07\/v2c-electric-chargers.jpg",1200,675,false],"xxxxl":["https:\/\/v2charge.com\/wp-content\/uploads\/2024\/07\/v2c-electric-chargers.jpg",1200,675,false],"xxxxxl":["https:\/\/v2charge.com\/wp-content\/uploads\/2024\/07\/v2c-electric-chargers.jpg",1200,675,false],"1536x1536":["https:\/\/v2charge.com\/wp-content\/uploads\/2024\/07\/v2c-electric-chargers.jpg",1200,675,false],"2048x2048":["https:\/\/v2charge.com\/wp-content\/uploads\/2024\/07\/v2c-electric-chargers.jpg",1200,675,false]},"uagb_author_info":{"display_name":"V2C","author_link":"https:\/\/v2charge.com\/it\/author\/marketing\/"},"uagb_comment_info":0,"uagb_excerpt":"Che cos&#8217;\u00e8 V2C SmartLock? V2C SmartLock \u00e8 una nuova funzionalit\u00e0 dell&#8217;e-Charger Trydan che consente di sbloccare in modalit\u00e0 wireless il caricabatterie utilizzando una e-Key, ovvero un dispositivo che utilizza la connettivit\u00e0 BLE (Bluetooth Low Energy). Utilizzando uno smartwatch, un braccialetto fitness, un portachiavi o un veicolo elettrico come Tesla Model 3, \u00e8 possibile sbloccare il&hellip;","_links":{"self":[{"href":"https:\/\/v2charge.com\/it\/wp-json\/wp\/v2\/pages\/110067","targetHints":{"allow":["GET"]}}],"collection":[{"href":"https:\/\/v2charge.com\/it\/wp-json\/wp\/v2\/pages"}],"about":[{"href":"https:\/\/v2charge.com\/it\/wp-json\/wp\/v2\/types\/page"}],"author":[{"embeddable":true,"href":"https:\/\/v2charge.com\/it\/wp-json\/wp\/v2\/users\/400"}],"replies":[{"embeddable":true,"href":"https:\/\/v2charge.com\/it\/wp-json\/wp\/v2\/comments?post=110067"}],"version-history":[{"count":3,"href":"https:\/\/v2charge.com\/it\/wp-json\/wp\/v2\/pages\/110067\/revisions"}],"predecessor-version":[{"id":294841,"href":"https:\/\/v2charge.com\/it\/wp-json\/wp\/v2\/pages\/110067\/revisions\/294841"}],"up":[{"embeddable":true,"href":"https:\/\/v2charge.com\/it\/wp-json\/wp\/v2\/pages\/75210"}],"wp:featuredmedia":[{"embeddable":true,"href":"https:\/\/v2charge.com\/it\/wp-json\/wp\/v2\/media\/170351"}],"wp:attachment":[{"href":"https:\/\/v2charge.com\/it\/wp-json\/wp\/v2\/media?parent=110067"}],"curies":[{"name":"wp","href":"https:\/\/api.w.org\/{rel}","templated":true}]}}