{"id":155909,"date":"2024-05-21T09:18:35","date_gmt":"2024-05-21T07:18:35","guid":{"rendered":"https:\/\/v2charge.com\/supporto\/trydan\/protezioni-elettriche\/toscano\/"},"modified":"2026-01-09T15:08:19","modified_gmt":"2026-01-09T13:08:19","slug":"toscano","status":"publish","type":"page","link":"https:\/\/v2charge.com\/it\/supporto\/trydan\/protezioni-elettriche\/toscano\/","title":{"rendered":"Toscano protegge il riarmo"},"content":{"rendered":"\n<div class=\"wp-block-uagb-container uagb-block-4e29f302 alignfull uagb-is-root-container\"><div class=\"uagb-container-inner-blocks-wrap\">\n<div style=\"height:30px\" aria-hidden=\"true\" class=\"wp-block-spacer\"><\/div>\n\n\n<div class=\"yoast-breadcrumbs\"><span><span><a href=\"https:\/\/v2charge.com\/it\/\">V2C<\/a><\/span> \u00bb <span><a href=\"https:\/\/v2charge.com\/it\/supporto\/\">Area di supporto<\/a><\/span> \u00bb <span><a href=\"https:\/\/v2charge.com\/it\/supporto\/trydan\/\">Supporto Trydan<\/a><\/span> \u00bb <span><a href=\"https:\/\/v2charge.com\/it\/supporto\/trydan\/protezioni-elettriche\/\">Protezioni elettriche<\/a><\/span> \u00bb <span class=\"breadcrumb_last\" aria-current=\"page\">Azzeramento delle protezioni Toscano<\/span><\/span><\/div>\n\n\n<div style=\"height:10px\" aria-hidden=\"true\" class=\"wp-block-spacer\"><\/div>\n\n\n\n<div class=\"wp-block-uagb-advanced-heading uagb-block-eb8d37cd\"><h1 class=\"uagb-heading-text\">Come riarmare il blocco di protezioni Toscano?<\/h1><\/div>\n<\/div><\/div>\n\n\n\n<div style=\"height:30px\" aria-hidden=\"true\" class=\"wp-block-spacer\"><\/div>\n\n\n\n<div class=\"wp-block-uagb-container uagb-block-c3de7388 alignfull uagb-is-root-container\"><div class=\"uagb-container-inner-blocks-wrap\">\n<p>Quando il COMBI-MINI-TDA subisce un intervento a causa di un guasto termico o di un difetto a terra, <strong>la leva di controllo si allenta.<\/strong> Per riarmare l&#8217;apparecchiatura,<strong> \u00e8 necessario premere tutte le leve verso il basso fino a sentire un &#8216;clic&#8217; <\/strong>e successivamente sollevarle di nuovo.<\/p>\n\n\n\n<div class=\"wp-block-uagb-container uagb-block-2b63b67b alignfull uagb-is-root-container\"><div class=\"uagb-container-inner-blocks-wrap\">\n<div class=\"wp-block-uagb-container uagb-block-f31a0580\">\n<div class=\"wp-block-uagb-image aligncenter uagb-block-e6203d43 wp-block-uagb-image--layout-default wp-block-uagb-image--effect-static wp-block-uagb-image--align-center\"><figure class=\"wp-block-uagb-image__figure\"><img decoding=\"async\" srcset=\"https:\/\/v2charge.com\/wp-content\/uploads\/2024\/05\/presionar.jpg ,https:\/\/v2charge.com\/wp-content\/uploads\/2024\/05\/presionar.jpg 780w, https:\/\/v2charge.com\/wp-content\/uploads\/2024\/05\/presionar.jpg 360w\" sizes=\"auto, (max-width: 480px) 150px\" src=\"https:\/\/v2charge.com\/wp-content\/uploads\/2024\/05\/presionar.jpg\" alt=\"\" class=\"uag-image-155273\" width=\"368\" height=\"355\" title=\"presionar\" loading=\"lazy\" role=\"img\"\/><figcaption class=\"uagb-image-caption\"><strong>1.<\/strong> Premere<\/figcaption><\/figure><\/div>\n<\/div>\n\n\n\n<div class=\"wp-block-uagb-container uagb-block-76301d6e\">\n<div class=\"wp-block-uagb-image aligncenter uagb-block-0fb7d9a4 wp-block-uagb-image--layout-default wp-block-uagb-image--effect-static wp-block-uagb-image--align-center\"><figure class=\"wp-block-uagb-image__figure\"><img decoding=\"async\" srcset=\"https:\/\/v2charge.com\/wp-content\/uploads\/2024\/06\/subir-protecciones.jpg ,https:\/\/v2charge.com\/wp-content\/uploads\/2024\/06\/subir-protecciones.jpg 780w, https:\/\/v2charge.com\/wp-content\/uploads\/2024\/06\/subir-protecciones.jpg 360w\" sizes=\"auto, (max-width: 480px) 150px\" src=\"https:\/\/v2charge.com\/wp-content\/uploads\/2024\/06\/subir-protecciones.jpg\" alt=\"\" class=\"uag-image-160926\" width=\"357\" height=\"354\" title=\"subir-protecciones\" loading=\"lazy\" role=\"img\"\/><figcaption class=\"uagb-image-caption\"><strong>2.<\/strong> Sollevare tutte le leve<\/figcaption><\/figure><\/div>\n<\/div>\n<\/div><\/div>\n<\/div><\/div>\n\n\n\n<figure class=\"wp-block-embed is-type-video is-provider-youtube wp-block-embed-youtube wp-embed-aspect-16-9 wp-has-aspect-ratio\"><div class=\"wp-block-embed__wrapper\">\n<iframe title=\"Rearmar las protecciones de Trydan y Trydan Pro\" width=\"1200\" height=\"675\" src=\"https:\/\/www.youtube.com\/embed\/valXG2gRRt0?feature=oembed\" frameborder=\"0\" allow=\"accelerometer; autoplay; clipboard-write; encrypted-media; gyroscope; picture-in-picture; web-share\" referrerpolicy=\"strict-origin-when-cross-origin\" allowfullscreen><\/iframe>\n<\/div><\/figure>\n\n\n\n<div style=\"height:30px\" aria-hidden=\"true\" class=\"wp-block-spacer\"><\/div>\n\n\n\n<div class=\"wp-block-uagb-container uagb-block-40525cf9 alignfull uagb-is-root-container\"><div class=\"uagb-container-inner-blocks-wrap\"><\/div><\/div>\n\n\n\n<div style=\"height:50px\" aria-hidden=\"true\" class=\"wp-block-spacer\"><\/div>\n\n\n\n<div style=\"height:50px\" aria-hidden=\"true\" class=\"wp-block-spacer\"><\/div>\n\n\n\n<div class=\"wp-block-uagb-container uagb-block-c6f38013 alignfull uagb-is-root-container\"><div class=\"uagb-container-inner-blocks-wrap\">\n<div class=\"wp-block-uagb-advanced-heading uagb-block-6963d70c\"><h2 class=\"uagb-heading-text\"><strong>Hai bisogno di supporto tecnico?<\/strong><\/h2><\/div>\n\n\n\n<div class=\"wp-block-uagb-advanced-heading uagb-block-408243eb\"><p class=\"uagb-heading-text\">Resuelve tu incidencia al instante a trav\u00e9s de nuestro Chat con IA. Si no se resuelve, genera una solicitud en el Centro de Soporte T\u00e9cnico y nos pondremos en contacto contigo lo antes posible para ofrecerte la mejor soluci\u00f3n.<\/p><\/div>\n\n\n\n<div class=\"wp-block-uagb-info-box uagb-block-12e3cf1c uagb-infobox__content-wrap  uagb-infobox-icon-left uagb-infobox-left uagb-infobox-image-valign-top wp-block-uagb-info-box--has-margin ai-chatbot-button\"><div class=\"uagb-infobox-margin-wrapper\"><div class=\"uagb-ifb-image-content\"><img decoding=\"async\" src=\"https:\/\/v2charge.com\/wp-content\/uploads\/2026\/01\/support-ai-chatbot.png\" alt=\"\" width=\"20\" height=\"19\" loading=\"lazy\"\/><\/div><div class=\"uagb-ifb-content\"><div class=\"uagb-ifb-title-wrap\"><\/div><div class=\"uagb-ifb-button-wrapper wp-block-button\"><a href=\"https:\/\/v2charge.com\/v2c-support-web\/\" class=\"uagb-infobox-cta-link wp-block-button__link\" target=\"_blank\" rel=\"noopener noreferrer\" onclick=\"return true;\"><span class=\"uagb-inline-editing\">Chiedi alla nostra Chat con IA<\/span><\/a><\/div><\/div><\/div><\/div>\n\n\n\n<div class=\"wp-block-uagb-buttons uagb-buttons__outer-wrap uagb-btn__default-btn uagb-btn-tablet__default-btn uagb-btn-mobile__default-btn uagb-block-ba1e67d1\"><div class=\"uagb-buttons__wrap uagb-buttons-layout-wrap \">\n<div class=\"wp-block-uagb-buttons-child uagb-buttons__outer-wrap uagb-block-23cfb623 wp-block-button\"><div class=\"uagb-button__wrapper\"><a class=\"uagb-buttons-repeater wp-block-button__link\" aria-label=\"\" href=\"https:\/\/v2charge.atlassian.net\/servicedesk\/customer\/portal\/3\" rel=\"follow noopener\" target=\"_blank\" role=\"button\"><div class=\"uagb-button__link\">Contatta il Supporto Tecnico<\/div><\/a><\/div><\/div>\n<\/div><\/div>\n<\/div><\/div>\n","protected":false},"excerpt":{"rendered":"<p>Come riarmare il blocco di protezioni Toscano? Quando il COMBI-MINI-TDA subisce un intervento a causa di un guasto termico o di un difetto a terra, la leva di controllo si allenta. Per riarmare l&#8217;apparecchiatura, \u00e8 necessario premere tutte le leve verso il basso fino a sentire un &#8216;clic&#8217; e successivamente sollevarle di nuovo. Hai bisogno &#8230; <a title=\"Toscano protegge il riarmo\" class=\"read-more\" href=\"https:\/\/v2charge.com\/it\/supporto\/trydan\/protezioni-elettriche\/toscano\/\" aria-label=\"Per saperne di pi\u00f9 su Toscano protegge il riarmo\">Leggi tutto<\/a><\/p>\n","protected":false},"author":400,"featured_media":170351,"parent":155902,"menu_order":0,"comment_status":"closed","ping_status":"closed","template":"","meta":{"_eb_attr":"","content-type":"","_uag_custom_page_level_css":"","footnotes":""},"class_list":["post-155909","page","type-page","status-publish","has-post-thumbnail"],"yoast_head":"<!-- This site is optimized with the Yoast SEO plugin v25.3.1 - https:\/\/yoast.com\/wordpress\/plugins\/seo\/ -->\n<title>Ripristino automatico delle protezioni Toscano - V2C Trydan<\/title>\n<meta name=\"description\" content=\"Come eseguire il reset automatico delle protezioni Toscano sul caricatore Trydan V2C - Passo dopo passo - Supporto V2C\" \/>\n<meta name=\"robots\" content=\"index, follow, max-snippet:-1, max-image-preview:large, max-video-preview:-1\" \/>\n<link rel=\"canonical\" href=\"https:\/\/v2charge.com\/it\/supporto\/trydan\/protezioni-elettriche\/toscano\/\" \/>\n<meta property=\"og:locale\" content=\"it_IT\" \/>\n<meta property=\"og:type\" content=\"article\" \/>\n<meta property=\"og:title\" content=\"Ripristino automatico delle protezioni Toscano - V2C Trydan\" \/>\n<meta property=\"og:description\" content=\"Come eseguire il reset automatico delle protezioni Toscano sul caricatore Trydan V2C - Passo dopo passo - Supporto V2C\" \/>\n<meta property=\"og:url\" content=\"https:\/\/v2charge.com\/it\/supporto\/trydan\/protezioni-elettriche\/toscano\/\" \/>\n<meta property=\"og:site_name\" content=\"V2C\" \/>\n<meta property=\"article:publisher\" content=\"https:\/\/www.facebook.com\/V2C.Charge\" \/>\n<meta property=\"article:modified_time\" content=\"2026-01-09T13:08:19+00:00\" \/>\n<meta property=\"og:image\" content=\"https:\/\/v2charge.com\/wp-content\/uploads\/2024\/07\/v2c-electric-chargers.jpg\" \/>\n\t<meta property=\"og:image:width\" content=\"1200\" \/>\n\t<meta property=\"og:image:height\" content=\"675\" \/>\n\t<meta property=\"og:image:type\" content=\"image\/jpeg\" \/>\n<meta name=\"twitter:card\" content=\"summary_large_image\" \/>\n<meta name=\"twitter:site\" content=\"@V2C_Charge\" \/>\n<meta name=\"twitter:label1\" content=\"Tempo di lettura stimato\" \/>\n\t<meta name=\"twitter:data1\" content=\"1 minuto\" \/>\n<script type=\"application\/ld+json\" class=\"yoast-schema-graph\">{\"@context\":\"https:\/\/schema.org\",\"@graph\":[{\"@type\":\"WebPage\",\"@id\":\"https:\/\/v2charge.com\/it\/supporto\/trydan\/protezioni-elettriche\/toscano\/\",\"url\":\"https:\/\/v2charge.com\/it\/supporto\/trydan\/protezioni-elettriche\/toscano\/\",\"name\":\"Ripristino automatico delle protezioni Toscano - V2C Trydan\",\"isPartOf\":{\"@id\":\"https:\/\/v2charge.com\/it\/#website\"},\"primaryImageOfPage\":{\"@id\":\"https:\/\/v2charge.com\/it\/supporto\/trydan\/protezioni-elettriche\/toscano\/#primaryimage\"},\"image\":{\"@id\":\"https:\/\/v2charge.com\/it\/supporto\/trydan\/protezioni-elettriche\/toscano\/#primaryimage\"},\"thumbnailUrl\":\"https:\/\/v2charge.com\/wp-content\/uploads\/2024\/07\/v2c-electric-chargers.jpg\",\"datePublished\":\"2024-05-21T07:18:35+00:00\",\"dateModified\":\"2026-01-09T13:08:19+00:00\",\"description\":\"Come eseguire il reset automatico delle protezioni Toscano sul caricatore Trydan V2C - Passo dopo passo - Supporto V2C\",\"breadcrumb\":{\"@id\":\"https:\/\/v2charge.com\/it\/supporto\/trydan\/protezioni-elettriche\/toscano\/#breadcrumb\"},\"inLanguage\":\"it-IT\",\"potentialAction\":[{\"@type\":\"ReadAction\",\"target\":[\"https:\/\/v2charge.com\/it\/supporto\/trydan\/protezioni-elettriche\/toscano\/\"]}]},{\"@type\":\"ImageObject\",\"inLanguage\":\"it-IT\",\"@id\":\"https:\/\/v2charge.com\/it\/supporto\/trydan\/protezioni-elettriche\/toscano\/#primaryimage\",\"url\":\"https:\/\/v2charge.com\/wp-content\/uploads\/2024\/07\/v2c-electric-chargers.jpg\",\"contentUrl\":\"https:\/\/v2charge.com\/wp-content\/uploads\/2024\/07\/v2c-electric-chargers.jpg\",\"width\":1200,\"height\":675,\"caption\":\"V2C Electric Chargers\"},{\"@type\":\"BreadcrumbList\",\"@id\":\"https:\/\/v2charge.com\/it\/supporto\/trydan\/protezioni-elettriche\/toscano\/#breadcrumb\",\"itemListElement\":[{\"@type\":\"ListItem\",\"position\":1,\"name\":\"V2C\",\"item\":\"https:\/\/v2charge.com\/it\/\"},{\"@type\":\"ListItem\",\"position\":2,\"name\":\"Area di supporto\",\"item\":\"https:\/\/v2charge.com\/it\/supporto\/\"},{\"@type\":\"ListItem\",\"position\":3,\"name\":\"Supporto Trydan\",\"item\":\"https:\/\/v2charge.com\/it\/supporto\/trydan\/\"},{\"@type\":\"ListItem\",\"position\":4,\"name\":\"Protezioni elettriche\",\"item\":\"https:\/\/v2charge.com\/it\/supporto\/trydan\/protezioni-elettriche\/\"},{\"@type\":\"ListItem\",\"position\":5,\"name\":\"Azzeramento delle protezioni Toscano\"}]},{\"@type\":\"WebSite\",\"@id\":\"https:\/\/v2charge.com\/it\/#website\",\"url\":\"https:\/\/v2charge.com\/it\/\",\"name\":\"V2C\",\"description\":\"#CargandoElMa\u00f1ana\",\"publisher\":{\"@id\":\"https:\/\/v2charge.com\/it\/#organization\"},\"potentialAction\":[{\"@type\":\"SearchAction\",\"target\":{\"@type\":\"EntryPoint\",\"urlTemplate\":\"https:\/\/v2charge.com\/it\/?s={search_term_string}\"},\"query-input\":{\"@type\":\"PropertyValueSpecification\",\"valueRequired\":true,\"valueName\":\"search_term_string\"}}],\"inLanguage\":\"it-IT\"},{\"@type\":\"Organization\",\"@id\":\"https:\/\/v2charge.com\/it\/#organization\",\"name\":\"V2C\",\"url\":\"https:\/\/v2charge.com\/it\/\",\"logo\":{\"@type\":\"ImageObject\",\"inLanguage\":\"it-IT\",\"@id\":\"https:\/\/v2charge.com\/it\/#\/schema\/logo\/image\/\",\"url\":\"https:\/\/v2charge.com\/wp-content\/uploads\/2024\/11\/cropped-v2c-charge-logo-menu.png\",\"contentUrl\":\"https:\/\/v2charge.com\/wp-content\/uploads\/2024\/11\/cropped-v2c-charge-logo-menu.png\",\"width\":984,\"height\":431,\"caption\":\"V2C\"},\"image\":{\"@id\":\"https:\/\/v2charge.com\/it\/#\/schema\/logo\/image\/\"},\"sameAs\":[\"https:\/\/www.facebook.com\/V2C.Charge\",\"https:\/\/x.com\/V2C_Charge\",\"https:\/\/www.instagram.com\/v2c.charge\/\",\"https:\/\/www.youtube.com\/@V2C\",\"https:\/\/www.linkedin.com\/company\/v2c-chargers\/\"]}]}<\/script>\n<!-- \/ Yoast SEO plugin. -->","yoast_head_json":{"title":"Ripristino automatico delle protezioni Toscano - V2C Trydan","description":"Come eseguire il reset automatico delle protezioni Toscano sul caricatore Trydan V2C - Passo dopo passo - Supporto V2C","robots":{"index":"index","follow":"follow","max-snippet":"max-snippet:-1","max-image-preview":"max-image-preview:large","max-video-preview":"max-video-preview:-1"},"canonical":"https:\/\/v2charge.com\/it\/supporto\/trydan\/protezioni-elettriche\/toscano\/","og_locale":"it_IT","og_type":"article","og_title":"Ripristino automatico delle protezioni Toscano - V2C Trydan","og_description":"Come eseguire il reset automatico delle protezioni Toscano sul caricatore Trydan V2C - Passo dopo passo - Supporto V2C","og_url":"https:\/\/v2charge.com\/it\/supporto\/trydan\/protezioni-elettriche\/toscano\/","og_site_name":"V2C","article_publisher":"https:\/\/www.facebook.com\/V2C.Charge","article_modified_time":"2026-01-09T13:08:19+00:00","og_image":[{"width":1200,"height":675,"url":"https:\/\/v2charge.com\/wp-content\/uploads\/2024\/07\/v2c-electric-chargers.jpg","type":"image\/jpeg"}],"twitter_card":"summary_large_image","twitter_site":"@V2C_Charge","twitter_misc":{"Tempo di lettura stimato":"1 minuto"},"schema":{"@context":"https:\/\/schema.org","@graph":[{"@type":"WebPage","@id":"https:\/\/v2charge.com\/it\/supporto\/trydan\/protezioni-elettriche\/toscano\/","url":"https:\/\/v2charge.com\/it\/supporto\/trydan\/protezioni-elettriche\/toscano\/","name":"Ripristino automatico delle protezioni Toscano - V2C Trydan","isPartOf":{"@id":"https:\/\/v2charge.com\/it\/#website"},"primaryImageOfPage":{"@id":"https:\/\/v2charge.com\/it\/supporto\/trydan\/protezioni-elettriche\/toscano\/#primaryimage"},"image":{"@id":"https:\/\/v2charge.com\/it\/supporto\/trydan\/protezioni-elettriche\/toscano\/#primaryimage"},"thumbnailUrl":"https:\/\/v2charge.com\/wp-content\/uploads\/2024\/07\/v2c-electric-chargers.jpg","datePublished":"2024-05-21T07:18:35+00:00","dateModified":"2026-01-09T13:08:19+00:00","description":"Come eseguire il reset automatico delle protezioni Toscano sul caricatore Trydan V2C - Passo dopo passo - Supporto V2C","breadcrumb":{"@id":"https:\/\/v2charge.com\/it\/supporto\/trydan\/protezioni-elettriche\/toscano\/#breadcrumb"},"inLanguage":"it-IT","potentialAction":[{"@type":"ReadAction","target":["https:\/\/v2charge.com\/it\/supporto\/trydan\/protezioni-elettriche\/toscano\/"]}]},{"@type":"ImageObject","inLanguage":"it-IT","@id":"https:\/\/v2charge.com\/it\/supporto\/trydan\/protezioni-elettriche\/toscano\/#primaryimage","url":"https:\/\/v2charge.com\/wp-content\/uploads\/2024\/07\/v2c-electric-chargers.jpg","contentUrl":"https:\/\/v2charge.com\/wp-content\/uploads\/2024\/07\/v2c-electric-chargers.jpg","width":1200,"height":675,"caption":"V2C Electric Chargers"},{"@type":"BreadcrumbList","@id":"https:\/\/v2charge.com\/it\/supporto\/trydan\/protezioni-elettriche\/toscano\/#breadcrumb","itemListElement":[{"@type":"ListItem","position":1,"name":"V2C","item":"https:\/\/v2charge.com\/it\/"},{"@type":"ListItem","position":2,"name":"Area di supporto","item":"https:\/\/v2charge.com\/it\/supporto\/"},{"@type":"ListItem","position":3,"name":"Supporto Trydan","item":"https:\/\/v2charge.com\/it\/supporto\/trydan\/"},{"@type":"ListItem","position":4,"name":"Protezioni elettriche","item":"https:\/\/v2charge.com\/it\/supporto\/trydan\/protezioni-elettriche\/"},{"@type":"ListItem","position":5,"name":"Azzeramento delle protezioni Toscano"}]},{"@type":"WebSite","@id":"https:\/\/v2charge.com\/it\/#website","url":"https:\/\/v2charge.com\/it\/","name":"V2C","description":"#CargandoElMa\u00f1ana","publisher":{"@id":"https:\/\/v2charge.com\/it\/#organization"},"potentialAction":[{"@type":"SearchAction","target":{"@type":"EntryPoint","urlTemplate":"https:\/\/v2charge.com\/it\/?s={search_term_string}"},"query-input":{"@type":"PropertyValueSpecification","valueRequired":true,"valueName":"search_term_string"}}],"inLanguage":"it-IT"},{"@type":"Organization","@id":"https:\/\/v2charge.com\/it\/#organization","name":"V2C","url":"https:\/\/v2charge.com\/it\/","logo":{"@type":"ImageObject","inLanguage":"it-IT","@id":"https:\/\/v2charge.com\/it\/#\/schema\/logo\/image\/","url":"https:\/\/v2charge.com\/wp-content\/uploads\/2024\/11\/cropped-v2c-charge-logo-menu.png","contentUrl":"https:\/\/v2charge.com\/wp-content\/uploads\/2024\/11\/cropped-v2c-charge-logo-menu.png","width":984,"height":431,"caption":"V2C"},"image":{"@id":"https:\/\/v2charge.com\/it\/#\/schema\/logo\/image\/"},"sameAs":["https:\/\/www.facebook.com\/V2C.Charge","https:\/\/x.com\/V2C_Charge","https:\/\/www.instagram.com\/v2c.charge\/","https:\/\/www.youtube.com\/@V2C","https:\/\/www.linkedin.com\/company\/v2c-chargers\/"]}]}},"uagb_featured_image_src":{"full":["https:\/\/v2charge.com\/wp-content\/uploads\/2024\/07\/v2c-electric-chargers.jpg",1200,675,false],"thumbnail":["https:\/\/v2charge.com\/wp-content\/uploads\/2024\/07\/v2c-electric-chargers-150x150.jpg",150,150,true],"medium":["https:\/\/v2charge.com\/wp-content\/uploads\/2024\/07\/v2c-electric-chargers-300x169.jpg",300,169,true],"medium_large":["https:\/\/v2charge.com\/wp-content\/uploads\/2024\/07\/v2c-electric-chargers-768x432.jpg",768,432,true],"large":["https:\/\/v2charge.com\/wp-content\/uploads\/2024\/07\/v2c-electric-chargers-1024x576.jpg",1024,576,true],"gs-tiny":["https:\/\/v2charge.com\/wp-content\/uploads\/2024\/07\/v2c-electric-chargers.jpg",50,28,false],"xl":["https:\/\/v2charge.com\/wp-content\/uploads\/2024\/07\/v2c-electric-chargers.jpg",1200,675,false],"xxl":["https:\/\/v2charge.com\/wp-content\/uploads\/2024\/07\/v2c-electric-chargers.jpg",1200,675,false],"xxxl":["https:\/\/v2charge.com\/wp-content\/uploads\/2024\/07\/v2c-electric-chargers.jpg",1200,675,false],"xxxxl":["https:\/\/v2charge.com\/wp-content\/uploads\/2024\/07\/v2c-electric-chargers.jpg",1200,675,false],"xxxxxl":["https:\/\/v2charge.com\/wp-content\/uploads\/2024\/07\/v2c-electric-chargers.jpg",1200,675,false],"1536x1536":["https:\/\/v2charge.com\/wp-content\/uploads\/2024\/07\/v2c-electric-chargers.jpg",1200,675,false],"2048x2048":["https:\/\/v2charge.com\/wp-content\/uploads\/2024\/07\/v2c-electric-chargers.jpg",1200,675,false]},"uagb_author_info":{"display_name":"V2C","author_link":"https:\/\/v2charge.com\/it\/author\/marketing\/"},"uagb_comment_info":0,"uagb_excerpt":"Come riarmare il blocco di protezioni Toscano? Quando il COMBI-MINI-TDA subisce un intervento a causa di un guasto termico o di un difetto a terra, la leva di controllo si allenta. Per riarmare l&#8217;apparecchiatura, \u00e8 necessario premere tutte le leve verso il basso fino a sentire un &#8216;clic&#8217; e successivamente sollevarle di nuovo. Hai bisogno&hellip;","_links":{"self":[{"href":"https:\/\/v2charge.com\/it\/wp-json\/wp\/v2\/pages\/155909","targetHints":{"allow":["GET"]}}],"collection":[{"href":"https:\/\/v2charge.com\/it\/wp-json\/wp\/v2\/pages"}],"about":[{"href":"https:\/\/v2charge.com\/it\/wp-json\/wp\/v2\/types\/page"}],"author":[{"embeddable":true,"href":"https:\/\/v2charge.com\/it\/wp-json\/wp\/v2\/users\/400"}],"replies":[{"embeddable":true,"href":"https:\/\/v2charge.com\/it\/wp-json\/wp\/v2\/comments?post=155909"}],"version-history":[{"count":1,"href":"https:\/\/v2charge.com\/it\/wp-json\/wp\/v2\/pages\/155909\/revisions"}],"predecessor-version":[{"id":294680,"href":"https:\/\/v2charge.com\/it\/wp-json\/wp\/v2\/pages\/155909\/revisions\/294680"}],"up":[{"embeddable":true,"href":"https:\/\/v2charge.com\/it\/wp-json\/wp\/v2\/pages\/155902"}],"wp:featuredmedia":[{"embeddable":true,"href":"https:\/\/v2charge.com\/it\/wp-json\/wp\/v2\/media\/170351"}],"wp:attachment":[{"href":"https:\/\/v2charge.com\/it\/wp-json\/wp\/v2\/media?parent=155909"}],"curies":[{"name":"wp","href":"https:\/\/api.w.org\/{rel}","templated":true}]}}