{"id":201219,"date":"2025-01-16T13:08:35","date_gmt":"2025-01-16T11:08:35","guid":{"rendered":"https:\/\/v2charge.com\/supporto\/controllo-potenza\/dinamico\/fotovoltaica\/inversor-sungrow\/"},"modified":"2026-01-09T13:16:30","modified_gmt":"2026-01-09T11:16:30","slug":"inverter-sungrow","status":"publish","type":"page","link":"https:\/\/v2charge.com\/it\/supporto\/controllo-potenza\/dinamico\/fotovoltaica\/inverter-sungrow\/","title":{"rendered":"Integrazione dell&#8217;inverter Sungrow con Trydan"},"content":{"rendered":"\n<div class=\"wp-block-uagb-container uagb-block-917b89c6 alignfull uagb-is-root-container\"><div class=\"uagb-container-inner-blocks-wrap\"><div class=\"yoast-breadcrumbs\"><span><span><a href=\"https:\/\/v2charge.com\/it\/\">V2C<\/a><\/span> \u00bb <span><a href=\"https:\/\/v2charge.com\/it\/supporto\/\">Area di supporto<\/a><\/span> \u00bb <span><a href=\"https:\/\/v2charge.com\/it\/supporto\/controllo-potenza\/\">Controllo di potenza<\/a><\/span> \u00bb <span><a href=\"https:\/\/v2charge.com\/it\/supporto\/controllo-potenza\/dinamico\/\">Dinamico<\/a><\/span> \u00bb <span><a href=\"https:\/\/v2charge.com\/it\/supporto\/controllo-potenza\/dinamico\/fotovoltaica\/\">Fotovoltaica<\/a><\/span> \u00bb <span class=\"breadcrumb_last\" aria-current=\"page\">Inverter Sungrow<\/span><\/span><\/div>\n\n\n<h1 class=\"wp-block-heading\">Integrazione dell&#8217;inverter Sungrow con Trydan<\/h1>\n\n\n\n<div class=\"wp-block-uagb-container uagb-block-6ff3315e alignfull uagb-is-root-container\"><div class=\"uagb-container-inner-blocks-wrap\">\n<div class=\"wp-block-uagb-container uagb-block-d07bdd19\">\n<p>Collega il tuo punto di ricarica Trydan all&#8217;inverter Sungrow per ottimizzare al massimo l&#8217;utilizzo dell&#8217;energia.<\/p>\n<\/div>\n\n\n\n<div class=\"wp-block-uagb-container uagb-block-56f0a249\">\n<div class=\"wp-block-uagb-image uagb-block-a6b3aa91 wp-block-uagb-image--layout-default wp-block-uagb-image--effect-static wp-block-uagb-image--align-none\"><figure class=\"wp-block-uagb-image__figure\"><img decoding=\"async\" srcset=\"https:\/\/v2charge.com\/wp-content\/uploads\/2024\/12\/sungrow_logo.png ,https:\/\/v2charge.com\/wp-content\/uploads\/2024\/12\/sungrow_logo.png 780w, https:\/\/v2charge.com\/wp-content\/uploads\/2024\/12\/sungrow_logo.png 360w\" sizes=\"auto, (max-width: 480px) 150px\" src=\"https:\/\/v2charge.com\/wp-content\/uploads\/2024\/12\/sungrow_logo.png\" alt=\"\" class=\"uag-image-198777\" width=\"400\" height=\"68\" title=\"sungrow_logo\" loading=\"lazy\" role=\"img\"\/><\/figure><\/div>\n<\/div>\n<\/div><\/div>\n\n\n\n<div class=\"wp-block-uagb-container uagb-block-333fb119 alignfull uagb-is-root-container\"><div class=\"uagb-container-inner-blocks-wrap\">\n<div class=\"wp-block-uagb-container uagb-block-2ff110d0 default uagb-is-root-container\">\n<div class=\"wp-block-uagb-container uagb-block-cd442c87\">\n<div class=\"wp-block-uagb-image aligncenter uagb-block-4bb46c59 wp-block-uagb-image--layout-default wp-block-uagb-image--effect-static wp-block-uagb-image--align-center\"><figure class=\"wp-block-uagb-image__figure\"><img decoding=\"async\" srcset=\"https:\/\/v2charge.com\/wp-content\/uploads\/2023\/11\/icon-important.png ,https:\/\/v2charge.com\/wp-content\/uploads\/2023\/11\/icon-important.png 780w, https:\/\/v2charge.com\/wp-content\/uploads\/2023\/11\/icon-important.png 360w\" sizes=\"auto, (max-width: 480px) 150px\" src=\"https:\/\/v2charge.com\/wp-content\/uploads\/2023\/11\/icon-important.png\" alt=\"\" class=\"uag-image-125013\" width=\"50\" height=\"50\" title=\"\" loading=\"lazy\" role=\"img\"\/><\/figure><\/div>\n<\/div>\n\n\n\n<div class=\"wp-block-uagb-container uagb-block-38de7166\">\n<div class=\"wp-block-uagb-advanced-heading uagb-block-37ab01f0\"><p class=\"uagb-heading-text\">L\u2019uso di&nbsp;<strong>ripetitori Wi-Fi<\/strong>&nbsp;o di&nbsp;<strong>reti mesh<\/strong>&nbsp;pu\u00f2 influire sul corretto funzionamento del sistema. Si consiglia di utilizzare una&nbsp;<strong>rete Wi-Fi stabile e diretta<\/strong>&nbsp;per garantire una connessione ottimale tra il caricatore e l&#8217;inverter.<\/p><\/div>\n<\/div>\n<\/div>\n\n\n\n<div style=\"height:5px\" aria-hidden=\"true\" class=\"wp-block-spacer\"><\/div>\n<\/div><\/div>\n\n\n\n<div class=\"wp-block-uagb-separator uagb-block-37d1f752\"><div class=\"wp-block-uagb-separator__inner\" style=\"--my-background-image:\"><\/div><\/div>\n\n\n\n<h2 class=\"wp-block-heading\">Integrazione dell&#8217;inverter Sungrow<\/h2>\n\n\n\n<p>Perch\u00e9 l&#8217;integrazione del caricatore Trydan con gli inverter Sungrow funzioni, \u00e8 necessario che entrambi siano connessi alla stessa rete di Trydan. A seconda del modello di inverter, la connessione a Internet pu\u00f2 avvenire in modi diversi.<\/p>\n\n\n\n<p>Da un lato, se l&#8217;inverter dispone di una porta LAN, si consiglia di collegarlo al router tramite un cavo RJ45.<\/p>\n\n\n\n<div class=\"wp-block-uagb-image aligncenter uagb-block-5d46d4c2 wp-block-uagb-image--layout-default wp-block-uagb-image--effect-static wp-block-uagb-image--align-center\"><figure class=\"wp-block-uagb-image__figure\"><img decoding=\"async\" srcset=\"https:\/\/v2charge.com\/wp-content\/uploads\/2024\/12\/configuration_sungrow.jpg ,https:\/\/v2charge.com\/wp-content\/uploads\/2024\/12\/configuration_sungrow.jpg 780w, https:\/\/v2charge.com\/wp-content\/uploads\/2024\/12\/configuration_sungrow.jpg 360w\" sizes=\"auto, (max-width: 480px) 150px\" src=\"https:\/\/v2charge.com\/wp-content\/uploads\/2024\/12\/configuration_sungrow.jpg\" alt=\"\" class=\"uag-image-198789\" width=\"704\" height=\"215\" title=\"configuration_sungrow\" loading=\"lazy\" role=\"img\"\/><\/figure><\/div>\n\n\n\n<p>Dall&#8217;altro, se l&#8217;inverter non dispone di questa porta, \u00e8 necessario il modulo WiNet-S per collegare l&#8217;inverter tramite WiFi o Ethernet.<\/p>\n\n\n\n<div class=\"wp-block-uagb-image aligncenter uagb-block-ad2c5bfa wp-block-uagb-image--layout-default wp-block-uagb-image--effect-static wp-block-uagb-image--align-center\"><figure class=\"wp-block-uagb-image__figure\"><img decoding=\"async\" srcset=\"https:\/\/v2charge.com\/wp-content\/uploads\/2024\/12\/winet-s.png ,https:\/\/v2charge.com\/wp-content\/uploads\/2024\/12\/winet-s.png 780w, https:\/\/v2charge.com\/wp-content\/uploads\/2024\/12\/winet-s.png 360w\" sizes=\"auto, (max-width: 480px) 150px\" src=\"https:\/\/v2charge.com\/wp-content\/uploads\/2024\/12\/winet-s.png\" alt=\"\" class=\"uag-image-198800\" width=\"800\" height=\"740\" title=\"winet-s\" loading=\"lazy\" role=\"img\"\/><\/figure><\/div>\n\n\n\n<p>Il modulo WiNet-S supporta sia la comunicazione Ethernet che WLAN, ma non \u00e8 consigliabile utilizzare entrambi i metodi contemporaneamente. Il modulo deve essere inserito nella porta COM1 (2 nell&#8217;immagine) sia per la comunicazione WLAN che Ethernet, con la differenza che per Ethernet \u00e8 necessario collegare un cavo RJ45 al modulo.<\/p>\n\n\n\n<div class=\"wp-block-uagb-image aligncenter uagb-block-4dd5edd8 wp-block-uagb-image--layout-default wp-block-uagb-image--effect-static wp-block-uagb-image--align-center\"><figure class=\"wp-block-uagb-image__figure\"><img decoding=\"async\" srcset=\"https:\/\/v2charge.com\/wp-content\/uploads\/2024\/12\/sungrow-comands.jpg ,https:\/\/v2charge.com\/wp-content\/uploads\/2024\/12\/sungrow-comands.jpg 780w, https:\/\/v2charge.com\/wp-content\/uploads\/2024\/12\/sungrow-comands.jpg 360w\" sizes=\"auto, (max-width: 480px) 150px\" src=\"https:\/\/v2charge.com\/wp-content\/uploads\/2024\/12\/sungrow-comands.jpg\" alt=\"\" class=\"uag-image-198813\" width=\"416\" height=\"322\" title=\"sungrow-comands\" loading=\"lazy\" role=\"img\"\/><\/figure><\/div>\n\n\n\n<p>Con la configurazione di default, una volta che l&#8217;inverter e Trydan sono sulla stessa rete, l&#8217;integrazione sar\u00e0 completata. Tuttavia, \u00e8 necessario assicurarsi che i parametri di comunicazione sull&#8217;inverter siano i seguenti:<\/p>\n\n\n\n<ul class=\"wp-block-list\">\n<li>Addr (Indirizzo): 1<\/li>\n\n\n\n<li>DHCP: ON<\/li>\n\n\n\n<li>Porta: 502<\/li>\n<\/ul>\n<\/div><\/div>\n\n\n\n<div class=\"wp-block-uagb-container uagb-block-1fb723ac alignfull uagb-is-root-container\"><div class=\"uagb-container-inner-blocks-wrap\">\n<div class=\"wp-block-uagb-container uagb-block-f9070278\">\n<p>Nell&#8217;applicazione, segui il manuale per attivare il<a href=\"https:\/\/v2charge.com\/it\/supporto\/controllo-potenza\/dinamico\/\" target=\"_blank\" rel=\"noreferrer noopener\"> <strong>Controllo di potenza dinamico<\/strong><\/a>, e nel misuratore seleziona <strong>Sungrow<\/strong>.<\/p>\n<\/div>\n\n\n\n<div class=\"wp-block-uagb-container uagb-block-bf7d8139\">\n<div class=\"wp-block-uagb-image aligncenter uagb-block-bfeb1bc2 wp-block-uagb-image--layout-default wp-block-uagb-image--effect-static wp-block-uagb-image--align-center\"><figure class=\"wp-block-uagb-image__figure\"><img decoding=\"async\" srcset=\"https:\/\/v2charge.com\/wp-content\/uploads\/2025\/01\/sungrow-inverter-it.jpg ,https:\/\/v2charge.com\/wp-content\/uploads\/2025\/01\/sungrow-inverter-it.jpg 780w, https:\/\/v2charge.com\/wp-content\/uploads\/2025\/01\/sungrow-inverter-it.jpg 360w\" sizes=\"auto, (max-width: 480px) 150px\" src=\"https:\/\/v2charge.com\/wp-content\/uploads\/2025\/01\/sungrow-inverter-it.jpg\" alt=\"\" class=\"uag-image-201983\" width=\"468\" height=\"800\" title=\"sungrow-inverter-it\" loading=\"lazy\" role=\"img\"\/><\/figure><\/div>\n<\/div>\n<\/div><\/div>\n\n\n\n<div class=\"wp-block-uagb-container uagb-block-c6f38013 alignfull uagb-is-root-container\"><div class=\"uagb-container-inner-blocks-wrap\">\n<div class=\"wp-block-uagb-advanced-heading uagb-block-6963d70c\"><h2 class=\"uagb-heading-text\"><strong>Hai bisogno di supporto tecnico?<\/strong><\/h2><\/div>\n\n\n\n<div class=\"wp-block-uagb-advanced-heading uagb-block-408243eb\"><p class=\"uagb-heading-text\">Resuelve tu incidencia al instante a trav\u00e9s de nuestro Chat con IA. Si no se resuelve, genera una solicitud en el Centro de Soporte T\u00e9cnico y nos pondremos en contacto contigo lo antes posible para ofrecerte la mejor soluci\u00f3n.<\/p><\/div>\n\n\n\n<div class=\"wp-block-uagb-info-box uagb-block-12e3cf1c uagb-infobox__content-wrap  uagb-infobox-icon-left uagb-infobox-left uagb-infobox-image-valign-top wp-block-uagb-info-box--has-margin ai-chatbot-button\"><div class=\"uagb-infobox-margin-wrapper\"><div class=\"uagb-ifb-image-content\"><img decoding=\"async\" src=\"https:\/\/v2charge.com\/wp-content\/uploads\/2026\/01\/support-ai-chatbot.png\" alt=\"\" width=\"20\" height=\"19\" loading=\"lazy\"\/><\/div><div class=\"uagb-ifb-content\"><div class=\"uagb-ifb-title-wrap\"><\/div><div class=\"uagb-ifb-button-wrapper wp-block-button\"><a href=\"https:\/\/v2charge.com\/v2c-support-web\/\" class=\"uagb-infobox-cta-link wp-block-button__link\" target=\"_blank\" rel=\"noopener noreferrer\" onclick=\"return true;\"><span class=\"uagb-inline-editing\">Chiedi alla nostra Chat con IA<\/span><\/a><\/div><\/div><\/div><\/div>\n\n\n\n<div class=\"wp-block-uagb-buttons uagb-buttons__outer-wrap uagb-btn__default-btn uagb-btn-tablet__default-btn uagb-btn-mobile__default-btn uagb-block-ba1e67d1\"><div class=\"uagb-buttons__wrap uagb-buttons-layout-wrap \">\n<div class=\"wp-block-uagb-buttons-child uagb-buttons__outer-wrap uagb-block-23cfb623 wp-block-button\"><div class=\"uagb-button__wrapper\"><a class=\"uagb-buttons-repeater wp-block-button__link\" aria-label=\"\" href=\"https:\/\/v2charge.atlassian.net\/servicedesk\/customer\/portal\/3\" rel=\"follow noopener\" target=\"_blank\" role=\"button\"><div class=\"uagb-button__link\">Contatta il Supporto Tecnico<\/div><\/a><\/div><\/div>\n<\/div><\/div>\n<\/div><\/div>\n","protected":false},"excerpt":{"rendered":"<p>Integrazione dell&#8217;inverter Sungrow con Trydan Collega il tuo punto di ricarica Trydan all&#8217;inverter Sungrow per ottimizzare al massimo l&#8217;utilizzo dell&#8217;energia. L\u2019uso di&nbsp;ripetitori Wi-Fi&nbsp;o di&nbsp;reti mesh&nbsp;pu\u00f2 influire sul corretto funzionamento del sistema. Si consiglia di utilizzare una&nbsp;rete Wi-Fi stabile e diretta&nbsp;per garantire una connessione ottimale tra il caricatore e l&#8217;inverter. Integrazione dell&#8217;inverter Sungrow Perch\u00e9 l&#8217;integrazione del &#8230; <a title=\"Integrazione dell&#8217;inverter Sungrow con Trydan\" class=\"read-more\" href=\"https:\/\/v2charge.com\/it\/supporto\/controllo-potenza\/dinamico\/fotovoltaica\/inverter-sungrow\/\" aria-label=\"Per saperne di pi\u00f9 su Integrazione dell&#8217;inverter Sungrow con Trydan\">Leggi tutto<\/a><\/p>\n","protected":false},"author":400,"featured_media":0,"parent":128283,"menu_order":0,"comment_status":"closed","ping_status":"closed","template":"","meta":{"_eb_attr":"","content-type":"","_uag_custom_page_level_css":"","footnotes":""},"class_list":["post-201219","page","type-page","status-publish"],"yoast_head":"<!-- This site is optimized with the Yoast SEO plugin v25.3.1 - https:\/\/yoast.com\/wordpress\/plugins\/seo\/ -->\n<title>Integrazione dell&#039;inverter Sungrow con Trydan - V2C<\/title>\n<meta name=\"description\" content=\"L&#039;inverter Sungrow pu\u00f2 essere integrato con il caricatore Trydan tramite Ethernet o WiFi. Ecco i passaggi da seguire.\" \/>\n<meta name=\"robots\" content=\"index, follow, max-snippet:-1, max-image-preview:large, max-video-preview:-1\" \/>\n<link rel=\"canonical\" href=\"https:\/\/v2charge.com\/it\/supporto\/controllo-potenza\/dinamico\/fotovoltaica\/inverter-sungrow\/\" \/>\n<meta property=\"og:locale\" content=\"it_IT\" \/>\n<meta property=\"og:type\" content=\"article\" \/>\n<meta property=\"og:title\" content=\"Integrazione dell&#039;inverter Sungrow con Trydan - V2C\" \/>\n<meta property=\"og:description\" content=\"L&#039;inverter Sungrow pu\u00f2 essere integrato con il caricatore Trydan tramite Ethernet o WiFi. Ecco i passaggi da seguire.\" \/>\n<meta property=\"og:url\" content=\"https:\/\/v2charge.com\/it\/supporto\/controllo-potenza\/dinamico\/fotovoltaica\/inverter-sungrow\/\" \/>\n<meta property=\"og:site_name\" content=\"V2C\" \/>\n<meta property=\"article:publisher\" content=\"https:\/\/www.facebook.com\/V2C.Charge\" \/>\n<meta property=\"article:modified_time\" content=\"2026-01-09T11:16:30+00:00\" \/>\n<meta property=\"og:image\" content=\"https:\/\/v2charge.com\/wp-content\/uploads\/2024\/12\/sungrow_logo.png\" \/>\n<meta name=\"twitter:card\" content=\"summary_large_image\" \/>\n<meta name=\"twitter:site\" content=\"@V2C_Charge\" \/>\n<meta name=\"twitter:label1\" content=\"Tempo di lettura stimato\" \/>\n\t<meta name=\"twitter:data1\" content=\"3 minuti\" \/>\n<script type=\"application\/ld+json\" class=\"yoast-schema-graph\">{\"@context\":\"https:\/\/schema.org\",\"@graph\":[{\"@type\":\"WebPage\",\"@id\":\"https:\/\/v2charge.com\/it\/supporto\/controllo-potenza\/dinamico\/fotovoltaica\/inverter-sungrow\/\",\"url\":\"https:\/\/v2charge.com\/it\/supporto\/controllo-potenza\/dinamico\/fotovoltaica\/inverter-sungrow\/\",\"name\":\"Integrazione dell'inverter Sungrow con Trydan - V2C\",\"isPartOf\":{\"@id\":\"https:\/\/v2charge.com\/it\/#website\"},\"primaryImageOfPage\":{\"@id\":\"https:\/\/v2charge.com\/it\/supporto\/controllo-potenza\/dinamico\/fotovoltaica\/inverter-sungrow\/#primaryimage\"},\"image\":{\"@id\":\"https:\/\/v2charge.com\/it\/supporto\/controllo-potenza\/dinamico\/fotovoltaica\/inverter-sungrow\/#primaryimage\"},\"thumbnailUrl\":\"https:\/\/v2charge.com\/wp-content\/uploads\/2024\/12\/sungrow_logo.png\",\"datePublished\":\"2025-01-16T11:08:35+00:00\",\"dateModified\":\"2026-01-09T11:16:30+00:00\",\"description\":\"L'inverter Sungrow pu\u00f2 essere integrato con il caricatore Trydan tramite Ethernet o WiFi. Ecco i passaggi da seguire.\",\"breadcrumb\":{\"@id\":\"https:\/\/v2charge.com\/it\/supporto\/controllo-potenza\/dinamico\/fotovoltaica\/inverter-sungrow\/#breadcrumb\"},\"inLanguage\":\"it-IT\",\"potentialAction\":[{\"@type\":\"ReadAction\",\"target\":[\"https:\/\/v2charge.com\/it\/supporto\/controllo-potenza\/dinamico\/fotovoltaica\/inverter-sungrow\/\"]}]},{\"@type\":\"ImageObject\",\"inLanguage\":\"it-IT\",\"@id\":\"https:\/\/v2charge.com\/it\/supporto\/controllo-potenza\/dinamico\/fotovoltaica\/inverter-sungrow\/#primaryimage\",\"url\":\"https:\/\/v2charge.com\/wp-content\/uploads\/2024\/12\/sungrow_logo.png\",\"contentUrl\":\"https:\/\/v2charge.com\/wp-content\/uploads\/2024\/12\/sungrow_logo.png\"},{\"@type\":\"BreadcrumbList\",\"@id\":\"https:\/\/v2charge.com\/it\/supporto\/controllo-potenza\/dinamico\/fotovoltaica\/inverter-sungrow\/#breadcrumb\",\"itemListElement\":[{\"@type\":\"ListItem\",\"position\":1,\"name\":\"V2C\",\"item\":\"https:\/\/v2charge.com\/it\/\"},{\"@type\":\"ListItem\",\"position\":2,\"name\":\"Area di supporto\",\"item\":\"https:\/\/v2charge.com\/it\/supporto\/\"},{\"@type\":\"ListItem\",\"position\":3,\"name\":\"Controllo di potenza\",\"item\":\"https:\/\/v2charge.com\/it\/supporto\/controllo-potenza\/\"},{\"@type\":\"ListItem\",\"position\":4,\"name\":\"Dinamico\",\"item\":\"https:\/\/v2charge.com\/it\/supporto\/controllo-potenza\/dinamico\/\"},{\"@type\":\"ListItem\",\"position\":5,\"name\":\"Fotovoltaica\",\"item\":\"https:\/\/v2charge.com\/it\/supporto\/controllo-potenza\/dinamico\/fotovoltaica\/\"},{\"@type\":\"ListItem\",\"position\":6,\"name\":\"Inverter Sungrow\"}]},{\"@type\":\"WebSite\",\"@id\":\"https:\/\/v2charge.com\/it\/#website\",\"url\":\"https:\/\/v2charge.com\/it\/\",\"name\":\"V2C\",\"description\":\"#CargandoElMa\u00f1ana\",\"publisher\":{\"@id\":\"https:\/\/v2charge.com\/it\/#organization\"},\"potentialAction\":[{\"@type\":\"SearchAction\",\"target\":{\"@type\":\"EntryPoint\",\"urlTemplate\":\"https:\/\/v2charge.com\/it\/?s={search_term_string}\"},\"query-input\":{\"@type\":\"PropertyValueSpecification\",\"valueRequired\":true,\"valueName\":\"search_term_string\"}}],\"inLanguage\":\"it-IT\"},{\"@type\":\"Organization\",\"@id\":\"https:\/\/v2charge.com\/it\/#organization\",\"name\":\"V2C\",\"url\":\"https:\/\/v2charge.com\/it\/\",\"logo\":{\"@type\":\"ImageObject\",\"inLanguage\":\"it-IT\",\"@id\":\"https:\/\/v2charge.com\/it\/#\/schema\/logo\/image\/\",\"url\":\"https:\/\/v2charge.com\/wp-content\/uploads\/2024\/11\/cropped-v2c-charge-logo-menu.png\",\"contentUrl\":\"https:\/\/v2charge.com\/wp-content\/uploads\/2024\/11\/cropped-v2c-charge-logo-menu.png\",\"width\":984,\"height\":431,\"caption\":\"V2C\"},\"image\":{\"@id\":\"https:\/\/v2charge.com\/it\/#\/schema\/logo\/image\/\"},\"sameAs\":[\"https:\/\/www.facebook.com\/V2C.Charge\",\"https:\/\/x.com\/V2C_Charge\",\"https:\/\/www.instagram.com\/v2c.charge\/\",\"https:\/\/www.youtube.com\/@V2C\",\"https:\/\/www.linkedin.com\/company\/v2c-chargers\/\"]}]}<\/script>\n<!-- \/ Yoast SEO plugin. -->","yoast_head_json":{"title":"Integrazione dell'inverter Sungrow con Trydan - V2C","description":"L'inverter Sungrow pu\u00f2 essere integrato con il caricatore Trydan tramite Ethernet o WiFi. Ecco i passaggi da seguire.","robots":{"index":"index","follow":"follow","max-snippet":"max-snippet:-1","max-image-preview":"max-image-preview:large","max-video-preview":"max-video-preview:-1"},"canonical":"https:\/\/v2charge.com\/it\/supporto\/controllo-potenza\/dinamico\/fotovoltaica\/inverter-sungrow\/","og_locale":"it_IT","og_type":"article","og_title":"Integrazione dell'inverter Sungrow con Trydan - V2C","og_description":"L'inverter Sungrow pu\u00f2 essere integrato con il caricatore Trydan tramite Ethernet o WiFi. Ecco i passaggi da seguire.","og_url":"https:\/\/v2charge.com\/it\/supporto\/controllo-potenza\/dinamico\/fotovoltaica\/inverter-sungrow\/","og_site_name":"V2C","article_publisher":"https:\/\/www.facebook.com\/V2C.Charge","article_modified_time":"2026-01-09T11:16:30+00:00","og_image":[{"url":"https:\/\/v2charge.com\/wp-content\/uploads\/2024\/12\/sungrow_logo.png","type":"","width":"","height":""}],"twitter_card":"summary_large_image","twitter_site":"@V2C_Charge","twitter_misc":{"Tempo di lettura stimato":"3 minuti"},"schema":{"@context":"https:\/\/schema.org","@graph":[{"@type":"WebPage","@id":"https:\/\/v2charge.com\/it\/supporto\/controllo-potenza\/dinamico\/fotovoltaica\/inverter-sungrow\/","url":"https:\/\/v2charge.com\/it\/supporto\/controllo-potenza\/dinamico\/fotovoltaica\/inverter-sungrow\/","name":"Integrazione dell'inverter Sungrow con Trydan - V2C","isPartOf":{"@id":"https:\/\/v2charge.com\/it\/#website"},"primaryImageOfPage":{"@id":"https:\/\/v2charge.com\/it\/supporto\/controllo-potenza\/dinamico\/fotovoltaica\/inverter-sungrow\/#primaryimage"},"image":{"@id":"https:\/\/v2charge.com\/it\/supporto\/controllo-potenza\/dinamico\/fotovoltaica\/inverter-sungrow\/#primaryimage"},"thumbnailUrl":"https:\/\/v2charge.com\/wp-content\/uploads\/2024\/12\/sungrow_logo.png","datePublished":"2025-01-16T11:08:35+00:00","dateModified":"2026-01-09T11:16:30+00:00","description":"L'inverter Sungrow pu\u00f2 essere integrato con il caricatore Trydan tramite Ethernet o WiFi. Ecco i passaggi da seguire.","breadcrumb":{"@id":"https:\/\/v2charge.com\/it\/supporto\/controllo-potenza\/dinamico\/fotovoltaica\/inverter-sungrow\/#breadcrumb"},"inLanguage":"it-IT","potentialAction":[{"@type":"ReadAction","target":["https:\/\/v2charge.com\/it\/supporto\/controllo-potenza\/dinamico\/fotovoltaica\/inverter-sungrow\/"]}]},{"@type":"ImageObject","inLanguage":"it-IT","@id":"https:\/\/v2charge.com\/it\/supporto\/controllo-potenza\/dinamico\/fotovoltaica\/inverter-sungrow\/#primaryimage","url":"https:\/\/v2charge.com\/wp-content\/uploads\/2024\/12\/sungrow_logo.png","contentUrl":"https:\/\/v2charge.com\/wp-content\/uploads\/2024\/12\/sungrow_logo.png"},{"@type":"BreadcrumbList","@id":"https:\/\/v2charge.com\/it\/supporto\/controllo-potenza\/dinamico\/fotovoltaica\/inverter-sungrow\/#breadcrumb","itemListElement":[{"@type":"ListItem","position":1,"name":"V2C","item":"https:\/\/v2charge.com\/it\/"},{"@type":"ListItem","position":2,"name":"Area di supporto","item":"https:\/\/v2charge.com\/it\/supporto\/"},{"@type":"ListItem","position":3,"name":"Controllo di potenza","item":"https:\/\/v2charge.com\/it\/supporto\/controllo-potenza\/"},{"@type":"ListItem","position":4,"name":"Dinamico","item":"https:\/\/v2charge.com\/it\/supporto\/controllo-potenza\/dinamico\/"},{"@type":"ListItem","position":5,"name":"Fotovoltaica","item":"https:\/\/v2charge.com\/it\/supporto\/controllo-potenza\/dinamico\/fotovoltaica\/"},{"@type":"ListItem","position":6,"name":"Inverter Sungrow"}]},{"@type":"WebSite","@id":"https:\/\/v2charge.com\/it\/#website","url":"https:\/\/v2charge.com\/it\/","name":"V2C","description":"#CargandoElMa\u00f1ana","publisher":{"@id":"https:\/\/v2charge.com\/it\/#organization"},"potentialAction":[{"@type":"SearchAction","target":{"@type":"EntryPoint","urlTemplate":"https:\/\/v2charge.com\/it\/?s={search_term_string}"},"query-input":{"@type":"PropertyValueSpecification","valueRequired":true,"valueName":"search_term_string"}}],"inLanguage":"it-IT"},{"@type":"Organization","@id":"https:\/\/v2charge.com\/it\/#organization","name":"V2C","url":"https:\/\/v2charge.com\/it\/","logo":{"@type":"ImageObject","inLanguage":"it-IT","@id":"https:\/\/v2charge.com\/it\/#\/schema\/logo\/image\/","url":"https:\/\/v2charge.com\/wp-content\/uploads\/2024\/11\/cropped-v2c-charge-logo-menu.png","contentUrl":"https:\/\/v2charge.com\/wp-content\/uploads\/2024\/11\/cropped-v2c-charge-logo-menu.png","width":984,"height":431,"caption":"V2C"},"image":{"@id":"https:\/\/v2charge.com\/it\/#\/schema\/logo\/image\/"},"sameAs":["https:\/\/www.facebook.com\/V2C.Charge","https:\/\/x.com\/V2C_Charge","https:\/\/www.instagram.com\/v2c.charge\/","https:\/\/www.youtube.com\/@V2C","https:\/\/www.linkedin.com\/company\/v2c-chargers\/"]}]}},"uagb_featured_image_src":{"full":false,"thumbnail":false,"medium":false,"medium_large":false,"large":false,"gs-tiny":false,"xl":false,"xxl":false,"xxxl":false,"xxxxl":false,"xxxxxl":false,"1536x1536":false,"2048x2048":false},"uagb_author_info":{"display_name":"V2C","author_link":"https:\/\/v2charge.com\/it\/author\/marketing\/"},"uagb_comment_info":0,"uagb_excerpt":"Integrazione dell&#8217;inverter Sungrow con Trydan Collega il tuo punto di ricarica Trydan all&#8217;inverter Sungrow per ottimizzare al massimo l&#8217;utilizzo dell&#8217;energia. L\u2019uso di&nbsp;ripetitori Wi-Fi&nbsp;o di&nbsp;reti mesh&nbsp;pu\u00f2 influire sul corretto funzionamento del sistema. Si consiglia di utilizzare una&nbsp;rete Wi-Fi stabile e diretta&nbsp;per garantire una connessione ottimale tra il caricatore e l&#8217;inverter. Integrazione dell&#8217;inverter Sungrow Perch\u00e9 l&#8217;integrazione del&hellip;","_links":{"self":[{"href":"https:\/\/v2charge.com\/it\/wp-json\/wp\/v2\/pages\/201219","targetHints":{"allow":["GET"]}}],"collection":[{"href":"https:\/\/v2charge.com\/it\/wp-json\/wp\/v2\/pages"}],"about":[{"href":"https:\/\/v2charge.com\/it\/wp-json\/wp\/v2\/types\/page"}],"author":[{"embeddable":true,"href":"https:\/\/v2charge.com\/it\/wp-json\/wp\/v2\/users\/400"}],"replies":[{"embeddable":true,"href":"https:\/\/v2charge.com\/it\/wp-json\/wp\/v2\/comments?post=201219"}],"version-history":[{"count":5,"href":"https:\/\/v2charge.com\/it\/wp-json\/wp\/v2\/pages\/201219\/revisions"}],"predecessor-version":[{"id":294547,"href":"https:\/\/v2charge.com\/it\/wp-json\/wp\/v2\/pages\/201219\/revisions\/294547"}],"up":[{"embeddable":true,"href":"https:\/\/v2charge.com\/it\/wp-json\/wp\/v2\/pages\/128283"}],"wp:attachment":[{"href":"https:\/\/v2charge.com\/it\/wp-json\/wp\/v2\/media?parent=201219"}],"curies":[{"name":"wp","href":"https:\/\/api.w.org\/{rel}","templated":true}]}}