{"id":241030,"date":"2025-08-01T12:58:14","date_gmt":"2025-08-01T10:58:14","guid":{"rendered":"https:\/\/v2charge.com\/supporto\/trydan\/medidor-mid\/"},"modified":"2026-01-09T17:45:36","modified_gmt":"2026-01-09T15:45:36","slug":"mid-meter","status":"publish","type":"page","link":"https:\/\/v2charge.com\/it\/supporto\/trydan\/mid-meter\/","title":{"rendered":"Contatore MID"},"content":{"rendered":"\n<div class=\"wp-block-uagb-container uagb-block-4e29f302 alignfull uagb-is-root-container\"><div class=\"uagb-container-inner-blocks-wrap\"><div class=\"yoast-breadcrumbs\"><span><span><a href=\"https:\/\/v2charge.com\/it\/\">V2C<\/a><\/span> \u00bb <span><a href=\"https:\/\/v2charge.com\/it\/supporto\/\">Area di supporto<\/a><\/span> \u00bb <span><a href=\"https:\/\/v2charge.com\/it\/supporto\/trydan\/\">Supporto Trydan<\/a><\/span> \u00bb <span class=\"breadcrumb_last\" aria-current=\"page\">Contatore MID<\/span><\/span><\/div>\n\n\n<div class=\"wp-block-uagb-advanced-heading uagb-block-eb8d37cd\"><h1 class=\"uagb-heading-text\"><strong>Contatore MID<\/strong><\/h1><\/div>\n\n\n\n<p>Il contatore MID \u00e8 un <strong>dispositivo di misura elettrica <\/strong>conforme ai requisiti stabiliti dalla Direttiva Europea 2014\/32\/UE, nota come Direttiva MID (Measuring Instruments Directive).<br><\/p>\n\n\n\n<p>I contatori MID <strong>consentono di registrare con precisione l\u2019energia consumata <\/strong>durante la ricarica dei veicoli elettrici, soprattutto quando \u00e8 richiesta una misurazione certificata a fini di fatturazione. Grazie alla certificazione MID, questi contatori permettono a operatori, aziende e privati di garantire trasparenza nella fatturazione dei consumi elettrici.<br><\/p>\n\n\n\n<p>Oltre all\u2019uso nei caricabatterie per veicoli elettrici, i contatori MID sono impiegati anche in<strong> impianti industriali, commerciali e residenziali <\/strong>dove precisione e tracciabilit\u00e0 dei dati energetici sono fondamentali.<br><\/p>\n\n\n\n<hr class=\"wp-block-separator has-alpha-channel-opacity\"\/>\n<\/div><\/div>\n\n\n\n<div class=\"wp-block-uagb-advanced-heading uagb-block-f436cc25\"><h1 class=\"uagb-heading-text\"><strong>Come collegare il contatore MID<\/strong><\/h1><\/div>\n\n\n\n<p>Il contatore MID \u00e8 alimentato dalla fase in uscita dal blocco di protezione. Come mostrato nell\u2019immagine, il Neutro (cavo blu) entra ed esce dai connettori superiori del contatore, mentre la Fase 1 entra ed esce dai connettori inferiori.<br><\/p>\n\n\n\n<div class=\"wp-block-uagb-container uagb-block-a856e430 alignwide uagb-is-root-container\">\n<div class=\"wp-block-uagb-container uagb-block-1c381015\">\n<div class=\"wp-block-uagb-image uagb-block-88976d01 wp-block-uagb-image--layout-default wp-block-uagb-image--effect-zoomin wp-block-uagb-image--align-none\"><figure class=\"wp-block-uagb-image__figure\"><img decoding=\"async\" srcset=\"https:\/\/v2charge.com\/wp-content\/uploads\/2025\/08\/medidor-mid.jpg ,https:\/\/v2charge.com\/wp-content\/uploads\/2025\/08\/medidor-mid.jpg 780w, https:\/\/v2charge.com\/wp-content\/uploads\/2025\/08\/medidor-mid.jpg 360w\" sizes=\"auto, (max-width: 480px) 150px\" src=\"https:\/\/v2charge.com\/wp-content\/uploads\/2025\/08\/medidor-mid.jpg\" alt=\"\" class=\"uag-image-240966\" width=\"842\" height=\"610\" title=\"medidor-mid\" loading=\"lazy\" role=\"img\"\/><\/figure><\/div>\n<\/div>\n\n\n\n<div class=\"wp-block-uagb-container margen-acordeon uagb-block-02f02898\">\n<div class=\"wp-block-uagb-info-box uagb-block-b2701ecb uagb-infobox__content-wrap  uagb-infobox-icon-left uagb-infobox-left uagb-infobox-stacked-tablet uagb-infobox-image-valign-top\"><div class=\"uagb-ifb-image-content\"><img decoding=\"async\" src=\"https:\/\/v2charge.com\/wp-content\/uploads\/2023\/11\/numero-uno.png\" alt=\"\" width=\"25\" height=\"25\" loading=\"lazy\"\/><\/div><div class=\"uagb-ifb-content\"><div class=\"uagb-ifb-title-wrap\"><\/div><p class=\"uagb-ifb-desc\">Installazione monofase<\/p><\/div><\/div>\n\n\n\n<div class=\"wp-block-uagb-info-box uagb-block-84c1f95e uagb-infobox__content-wrap  uagb-infobox-icon-left uagb-infobox-left uagb-infobox-stacked-tablet uagb-infobox-image-valign-top\"><div class=\"uagb-ifb-image-content\"><img decoding=\"async\" src=\"https:\/\/v2charge.com\/wp-content\/uploads\/2023\/11\/numero-dos.png\" alt=\"\" width=\"25\" height=\"25\" loading=\"lazy\"\/><\/div><div class=\"uagb-ifb-content\"><div class=\"uagb-ifb-title-wrap\"><\/div><p class=\"uagb-ifb-desc\">Contatore MID<\/p><\/div><\/div>\n\n\n\n<div class=\"wp-block-uagb-info-box uagb-block-d2b382d2 uagb-infobox__content-wrap  uagb-infobox-icon-left uagb-infobox-left uagb-infobox-stacked-tablet uagb-infobox-image-valign-top\"><div class=\"uagb-ifb-image-content\"><img decoding=\"async\" src=\"https:\/\/v2charge.com\/wp-content\/uploads\/2023\/11\/numero-tres.png\" alt=\"\" width=\"25\" height=\"25\" loading=\"lazy\"\/><\/div><div class=\"uagb-ifb-content\"><div class=\"uagb-ifb-title-wrap\"><\/div><p class=\"uagb-ifb-desc\">Scheda di potenza<\/p><\/div><\/div>\n\n\n\n<div class=\"wp-block-uagb-info-box uagb-block-510c4db1 uagb-infobox__content-wrap  uagb-infobox-icon-left uagb-infobox-left uagb-infobox-stacked-tablet uagb-infobox-image-valign-top\"><div class=\"uagb-ifb-image-content\"><img decoding=\"async\" src=\"https:\/\/v2charge.com\/wp-content\/uploads\/2023\/11\/numero-cuatro.png\" alt=\"\" width=\"25\" height=\"25\" loading=\"lazy\"\/><\/div><div class=\"uagb-ifb-content\"><div class=\"uagb-ifb-title-wrap\"><\/div><p class=\"uagb-ifb-desc\">CON6 (A e B)<\/p><\/div><\/div>\n\n\n\n<div class=\"wp-block-uagb-info-box uagb-block-1b65eb79 uagb-infobox__content-wrap  uagb-infobox-icon-left uagb-infobox-left uagb-infobox-stacked-tablet uagb-infobox-image-valign-top\"><div class=\"uagb-ifb-image-content\"><img decoding=\"async\" src=\"https:\/\/v2charge.com\/wp-content\/uploads\/2023\/11\/numero-cinco.png\" alt=\"\" width=\"25\" height=\"25\" loading=\"lazy\"\/><\/div><div class=\"uagb-ifb-content\"><div class=\"uagb-ifb-title-wrap\"><\/div><p class=\"uagb-ifb-desc\">Cavo di ricarica<\/p><\/div><\/div>\n\n\n\n<div class=\"wp-block-uagb-info-box uagb-block-617adc4f uagb-infobox__content-wrap  uagb-infobox-icon-left uagb-infobox-left uagb-infobox-stacked-tablet uagb-infobox-image-valign-top\"><div class=\"uagb-ifb-image-content\"><img decoding=\"async\" src=\"https:\/\/v2charge.com\/wp-content\/uploads\/2023\/12\/numero-seis.png\" alt=\"\" width=\"25\" height=\"25\" loading=\"lazy\"\/><\/div><div class=\"uagb-ifb-content\"><div class=\"uagb-ifb-title-wrap\"><\/div><p class=\"uagb-ifb-desc\">Scocca e-Charger<\/p><\/div><\/div>\n<\/div>\n<\/div>\n\n\n\n<hr class=\"wp-block-separator has-alpha-channel-opacity\"\/>\n\n\n\n<div class=\"wp-block-uagb-advanced-heading uagb-block-3510d36a\"><h1 class=\"uagb-heading-text\"><strong>Come configurare il contatore MID<\/strong><\/h1><\/div>\n\n\n\n<p>Il <strong>contatore<\/strong> <strong>MID<\/strong> si configura dal <a href=\"https:\/\/v2charge.com\/it\/supporto\/trydan\/pulsanti-navigazione-display\/\"><strong>pulsanti di navigazionedel caricatore Trydan. <\/strong><\/a>Per farlo, accedi al menu <strong>&#8216;Avanzate&#8217;, <\/strong>poi alla sezione <strong>&#8216;Contatore MID&#8217;<\/strong> e infine seleziona <strong>&#8216;Monofase&#8217; o &#8216;Trifase&#8217;.<\/strong><br><br>Se il contatore non \u00e8 presente, deve essere selezionata l\u2019opzione &#8216;No&#8217;.<\/p>\n\n\n\n<div class=\"wp-block-uagb-container uagb-block-d7888932 default uagb-is-root-container\">\n<div class=\"wp-block-uagb-container uagb-block-51c979ca\">\n<div class=\"wp-block-uagb-image uagb-block-522c59ec wp-block-uagb-image--layout-default wp-block-uagb-image--effect-static wp-block-uagb-image--align-none\"><figure class=\"wp-block-uagb-image__figure\"><img decoding=\"async\" srcset=\"https:\/\/v2charge.com\/wp-content\/uploads\/2024\/06\/mid-meter-monofase.png ,https:\/\/v2charge.com\/wp-content\/uploads\/2024\/06\/mid-meter-monofase.png 780w, https:\/\/v2charge.com\/wp-content\/uploads\/2024\/06\/mid-meter-monofase.png 360w\" sizes=\"auto, (max-width: 480px) 150px\" src=\"https:\/\/v2charge.com\/wp-content\/uploads\/2024\/06\/mid-meter-monofase.png\" alt=\"\" class=\"uag-image-163147\" width=\"685\" height=\"166\" title=\"mid-meter-monofase\" loading=\"lazy\" role=\"img\"\/><\/figure><\/div>\n<\/div>\n\n\n\n<div class=\"wp-block-uagb-container uagb-block-c2a9fa26\">\n<div class=\"wp-block-uagb-image uagb-block-1dd3bb79 wp-block-uagb-image--layout-default wp-block-uagb-image--effect-static wp-block-uagb-image--align-none\"><figure class=\"wp-block-uagb-image__figure\"><img decoding=\"async\" srcset=\"https:\/\/v2charge.com\/wp-content\/uploads\/2024\/06\/mid-meter-no.png ,https:\/\/v2charge.com\/wp-content\/uploads\/2024\/06\/mid-meter-no.png 780w, https:\/\/v2charge.com\/wp-content\/uploads\/2024\/06\/mid-meter-no.png 360w\" sizes=\"auto, (max-width: 480px) 150px\" src=\"https:\/\/v2charge.com\/wp-content\/uploads\/2024\/06\/mid-meter-no.png\" alt=\"\" class=\"uag-image-159590\" width=\"685\" height=\"166\" title=\"mid-meter-no\" loading=\"lazy\" role=\"img\"\/><\/figure><\/div>\n<\/div>\n\n\n\n<div class=\"wp-block-uagb-container uagb-block-971804f3\">\n<div class=\"wp-block-uagb-image uagb-block-8e1dc988 wp-block-uagb-image--layout-default wp-block-uagb-image--effect-static wp-block-uagb-image--align-none\"><figure class=\"wp-block-uagb-image__figure\"><img decoding=\"async\" srcset=\"https:\/\/v2charge.com\/wp-content\/uploads\/2024\/06\/mid-meter-trifase.png ,https:\/\/v2charge.com\/wp-content\/uploads\/2024\/06\/mid-meter-trifase.png 780w, https:\/\/v2charge.com\/wp-content\/uploads\/2024\/06\/mid-meter-trifase.png 360w\" sizes=\"auto, (max-width: 480px) 150px\" src=\"https:\/\/v2charge.com\/wp-content\/uploads\/2024\/06\/mid-meter-trifase.png\" alt=\"\" class=\"uag-image-163157\" width=\"685\" height=\"166\" title=\"mid-meter-trifase\" loading=\"lazy\" role=\"img\"\/><\/figure><\/div>\n<\/div>\n<\/div>\n\n\n\n<div style=\"height:30px\" aria-hidden=\"true\" class=\"wp-block-spacer uag-hide-mob\"><\/div>\n\n\n\n<div style=\"height:50px\" aria-hidden=\"true\" class=\"wp-block-spacer\"><\/div>\n\n\n\n<div class=\"wp-block-uagb-container uagb-block-c6f38013 alignfull uagb-is-root-container\"><div class=\"uagb-container-inner-blocks-wrap\">\n<div class=\"wp-block-uagb-advanced-heading uagb-block-6963d70c\"><h2 class=\"uagb-heading-text\"><strong>Hai bisogno di supporto tecnico?<\/strong><\/h2><\/div>\n\n\n\n<div class=\"wp-block-uagb-advanced-heading uagb-block-408243eb\"><p class=\"uagb-heading-text\">Resuelve tu incidencia al instante a trav\u00e9s de nuestro Chat con IA. Si no se resuelve, genera una solicitud en el Centro de Soporte T\u00e9cnico y nos pondremos en contacto contigo lo antes posible para ofrecerte la mejor soluci\u00f3n.<\/p><\/div>\n\n\n\n<div class=\"wp-block-uagb-info-box uagb-block-12e3cf1c uagb-infobox__content-wrap  uagb-infobox-icon-left uagb-infobox-left uagb-infobox-image-valign-top wp-block-uagb-info-box--has-margin ai-chatbot-button\"><div class=\"uagb-infobox-margin-wrapper\"><div class=\"uagb-ifb-image-content\"><img decoding=\"async\" src=\"https:\/\/v2charge.com\/wp-content\/uploads\/2026\/01\/support-ai-chatbot.png\" alt=\"\" width=\"20\" height=\"19\" loading=\"lazy\"\/><\/div><div class=\"uagb-ifb-content\"><div class=\"uagb-ifb-title-wrap\"><\/div><div class=\"uagb-ifb-button-wrapper wp-block-button\"><a href=\"https:\/\/v2charge.com\/v2c-support-web\/\" class=\"uagb-infobox-cta-link wp-block-button__link\" target=\"_blank\" rel=\"noopener noreferrer\" onclick=\"return true;\"><span class=\"uagb-inline-editing\">Chiedi alla nostra Chat con IA<\/span><\/a><\/div><\/div><\/div><\/div>\n\n\n\n<div class=\"wp-block-uagb-buttons uagb-buttons__outer-wrap uagb-btn__default-btn uagb-btn-tablet__default-btn uagb-btn-mobile__default-btn uagb-block-ba1e67d1\"><div class=\"uagb-buttons__wrap uagb-buttons-layout-wrap \">\n<div class=\"wp-block-uagb-buttons-child uagb-buttons__outer-wrap uagb-block-23cfb623 wp-block-button\"><div class=\"uagb-button__wrapper\"><a class=\"uagb-buttons-repeater wp-block-button__link\" aria-label=\"\" href=\"https:\/\/v2charge.atlassian.net\/servicedesk\/customer\/portal\/3\" rel=\"follow noopener\" target=\"_blank\" role=\"button\"><div class=\"uagb-button__link\">Contatta il Supporto Tecnico<\/div><\/a><\/div><\/div>\n<\/div><\/div>\n<\/div><\/div>\n","protected":false},"excerpt":{"rendered":"<p>Contatore MID Il contatore MID \u00e8 un dispositivo di misura elettrica conforme ai requisiti stabiliti dalla Direttiva Europea 2014\/32\/UE, nota come Direttiva MID (Measuring Instruments Directive). I contatori MID consentono di registrare con precisione l\u2019energia consumata durante la ricarica dei veicoli elettrici, soprattutto quando \u00e8 richiesta una misurazione certificata a fini di fatturazione. Grazie alla &#8230; <a title=\"Contatore MID\" class=\"read-more\" href=\"https:\/\/v2charge.com\/it\/supporto\/trydan\/mid-meter\/\" aria-label=\"Per saperne di pi\u00f9 su Contatore MID\">Leggi tutto<\/a><\/p>\n","protected":false},"author":400,"featured_media":0,"parent":75210,"menu_order":0,"comment_status":"closed","ping_status":"closed","template":"","meta":{"_eb_attr":"","content-type":"","_uag_custom_page_level_css":"","footnotes":""},"class_list":["post-241030","page","type-page","status-publish"],"yoast_head":"<!-- This site is optimized with the Yoast SEO plugin v25.3.1 - https:\/\/yoast.com\/wordpress\/plugins\/seo\/ -->\n<title>Contatore MID - V2C<\/title>\n<meta name=\"robots\" content=\"index, follow, max-snippet:-1, max-image-preview:large, max-video-preview:-1\" \/>\n<link rel=\"canonical\" href=\"https:\/\/v2charge.com\/it\/supporto\/trydan\/mid-meter\/\" \/>\n<meta property=\"og:locale\" content=\"it_IT\" \/>\n<meta property=\"og:type\" content=\"article\" \/>\n<meta property=\"og:title\" content=\"Contatore MID - V2C\" \/>\n<meta property=\"og:description\" content=\"Contatore MID Il contatore MID \u00e8 un dispositivo di misura elettrica conforme ai requisiti stabiliti dalla Direttiva Europea 2014\/32\/UE, nota come Direttiva MID (Measuring Instruments Directive). I contatori MID consentono di registrare con precisione l\u2019energia consumata durante la ricarica dei veicoli elettrici, soprattutto quando \u00e8 richiesta una misurazione certificata a fini di fatturazione. Grazie alla ... Leggi tutto\" \/>\n<meta property=\"og:url\" content=\"https:\/\/v2charge.com\/it\/supporto\/trydan\/mid-meter\/\" \/>\n<meta property=\"og:site_name\" content=\"V2C\" \/>\n<meta property=\"article:publisher\" content=\"https:\/\/www.facebook.com\/V2C.Charge\" \/>\n<meta property=\"article:modified_time\" content=\"2026-01-09T15:45:36+00:00\" \/>\n<meta property=\"og:image\" content=\"https:\/\/v2charge.com\/wp-content\/uploads\/2025\/08\/medidor-mid.jpg\" \/>\n<meta name=\"twitter:card\" content=\"summary_large_image\" \/>\n<meta name=\"twitter:site\" content=\"@V2C_Charge\" \/>\n<meta name=\"twitter:label1\" content=\"Tempo di lettura stimato\" \/>\n\t<meta name=\"twitter:data1\" content=\"4 minuti\" \/>\n<script type=\"application\/ld+json\" class=\"yoast-schema-graph\">{\"@context\":\"https:\/\/schema.org\",\"@graph\":[{\"@type\":\"WebPage\",\"@id\":\"https:\/\/v2charge.com\/it\/supporto\/trydan\/mid-meter\/\",\"url\":\"https:\/\/v2charge.com\/it\/supporto\/trydan\/mid-meter\/\",\"name\":\"Contatore MID - V2C\",\"isPartOf\":{\"@id\":\"https:\/\/v2charge.com\/it\/#website\"},\"primaryImageOfPage\":{\"@id\":\"https:\/\/v2charge.com\/it\/supporto\/trydan\/mid-meter\/#primaryimage\"},\"image\":{\"@id\":\"https:\/\/v2charge.com\/it\/supporto\/trydan\/mid-meter\/#primaryimage\"},\"thumbnailUrl\":\"https:\/\/v2charge.com\/wp-content\/uploads\/2025\/08\/medidor-mid.jpg\",\"datePublished\":\"2025-08-01T10:58:14+00:00\",\"dateModified\":\"2026-01-09T15:45:36+00:00\",\"breadcrumb\":{\"@id\":\"https:\/\/v2charge.com\/it\/supporto\/trydan\/mid-meter\/#breadcrumb\"},\"inLanguage\":\"it-IT\",\"potentialAction\":[{\"@type\":\"ReadAction\",\"target\":[\"https:\/\/v2charge.com\/it\/supporto\/trydan\/mid-meter\/\"]}]},{\"@type\":\"ImageObject\",\"inLanguage\":\"it-IT\",\"@id\":\"https:\/\/v2charge.com\/it\/supporto\/trydan\/mid-meter\/#primaryimage\",\"url\":\"https:\/\/v2charge.com\/wp-content\/uploads\/2025\/08\/medidor-mid.jpg\",\"contentUrl\":\"https:\/\/v2charge.com\/wp-content\/uploads\/2025\/08\/medidor-mid.jpg\"},{\"@type\":\"BreadcrumbList\",\"@id\":\"https:\/\/v2charge.com\/it\/supporto\/trydan\/mid-meter\/#breadcrumb\",\"itemListElement\":[{\"@type\":\"ListItem\",\"position\":1,\"name\":\"V2C\",\"item\":\"https:\/\/v2charge.com\/it\/\"},{\"@type\":\"ListItem\",\"position\":2,\"name\":\"Area di supporto\",\"item\":\"https:\/\/v2charge.com\/it\/supporto\/\"},{\"@type\":\"ListItem\",\"position\":3,\"name\":\"Supporto Trydan\",\"item\":\"https:\/\/v2charge.com\/it\/supporto\/trydan\/\"},{\"@type\":\"ListItem\",\"position\":4,\"name\":\"Contatore MID\"}]},{\"@type\":\"WebSite\",\"@id\":\"https:\/\/v2charge.com\/it\/#website\",\"url\":\"https:\/\/v2charge.com\/it\/\",\"name\":\"V2C\",\"description\":\"#CargandoElMa\u00f1ana\",\"publisher\":{\"@id\":\"https:\/\/v2charge.com\/it\/#organization\"},\"potentialAction\":[{\"@type\":\"SearchAction\",\"target\":{\"@type\":\"EntryPoint\",\"urlTemplate\":\"https:\/\/v2charge.com\/it\/?s={search_term_string}\"},\"query-input\":{\"@type\":\"PropertyValueSpecification\",\"valueRequired\":true,\"valueName\":\"search_term_string\"}}],\"inLanguage\":\"it-IT\"},{\"@type\":\"Organization\",\"@id\":\"https:\/\/v2charge.com\/it\/#organization\",\"name\":\"V2C\",\"url\":\"https:\/\/v2charge.com\/it\/\",\"logo\":{\"@type\":\"ImageObject\",\"inLanguage\":\"it-IT\",\"@id\":\"https:\/\/v2charge.com\/it\/#\/schema\/logo\/image\/\",\"url\":\"https:\/\/v2charge.com\/wp-content\/uploads\/2024\/11\/cropped-v2c-charge-logo-menu.png\",\"contentUrl\":\"https:\/\/v2charge.com\/wp-content\/uploads\/2024\/11\/cropped-v2c-charge-logo-menu.png\",\"width\":984,\"height\":431,\"caption\":\"V2C\"},\"image\":{\"@id\":\"https:\/\/v2charge.com\/it\/#\/schema\/logo\/image\/\"},\"sameAs\":[\"https:\/\/www.facebook.com\/V2C.Charge\",\"https:\/\/x.com\/V2C_Charge\",\"https:\/\/www.instagram.com\/v2c.charge\/\",\"https:\/\/www.youtube.com\/@V2C\",\"https:\/\/www.linkedin.com\/company\/v2c-chargers\/\"]}]}<\/script>\n<!-- \/ Yoast SEO plugin. -->","yoast_head_json":{"title":"Contatore MID - V2C","robots":{"index":"index","follow":"follow","max-snippet":"max-snippet:-1","max-image-preview":"max-image-preview:large","max-video-preview":"max-video-preview:-1"},"canonical":"https:\/\/v2charge.com\/it\/supporto\/trydan\/mid-meter\/","og_locale":"it_IT","og_type":"article","og_title":"Contatore MID - V2C","og_description":"Contatore MID Il contatore MID \u00e8 un dispositivo di misura elettrica conforme ai requisiti stabiliti dalla Direttiva Europea 2014\/32\/UE, nota come Direttiva MID (Measuring Instruments Directive). I contatori MID consentono di registrare con precisione l\u2019energia consumata durante la ricarica dei veicoli elettrici, soprattutto quando \u00e8 richiesta una misurazione certificata a fini di fatturazione. Grazie alla ... Leggi tutto","og_url":"https:\/\/v2charge.com\/it\/supporto\/trydan\/mid-meter\/","og_site_name":"V2C","article_publisher":"https:\/\/www.facebook.com\/V2C.Charge","article_modified_time":"2026-01-09T15:45:36+00:00","og_image":[{"url":"https:\/\/v2charge.com\/wp-content\/uploads\/2025\/08\/medidor-mid.jpg","type":"","width":"","height":""}],"twitter_card":"summary_large_image","twitter_site":"@V2C_Charge","twitter_misc":{"Tempo di lettura stimato":"4 minuti"},"schema":{"@context":"https:\/\/schema.org","@graph":[{"@type":"WebPage","@id":"https:\/\/v2charge.com\/it\/supporto\/trydan\/mid-meter\/","url":"https:\/\/v2charge.com\/it\/supporto\/trydan\/mid-meter\/","name":"Contatore MID - V2C","isPartOf":{"@id":"https:\/\/v2charge.com\/it\/#website"},"primaryImageOfPage":{"@id":"https:\/\/v2charge.com\/it\/supporto\/trydan\/mid-meter\/#primaryimage"},"image":{"@id":"https:\/\/v2charge.com\/it\/supporto\/trydan\/mid-meter\/#primaryimage"},"thumbnailUrl":"https:\/\/v2charge.com\/wp-content\/uploads\/2025\/08\/medidor-mid.jpg","datePublished":"2025-08-01T10:58:14+00:00","dateModified":"2026-01-09T15:45:36+00:00","breadcrumb":{"@id":"https:\/\/v2charge.com\/it\/supporto\/trydan\/mid-meter\/#breadcrumb"},"inLanguage":"it-IT","potentialAction":[{"@type":"ReadAction","target":["https:\/\/v2charge.com\/it\/supporto\/trydan\/mid-meter\/"]}]},{"@type":"ImageObject","inLanguage":"it-IT","@id":"https:\/\/v2charge.com\/it\/supporto\/trydan\/mid-meter\/#primaryimage","url":"https:\/\/v2charge.com\/wp-content\/uploads\/2025\/08\/medidor-mid.jpg","contentUrl":"https:\/\/v2charge.com\/wp-content\/uploads\/2025\/08\/medidor-mid.jpg"},{"@type":"BreadcrumbList","@id":"https:\/\/v2charge.com\/it\/supporto\/trydan\/mid-meter\/#breadcrumb","itemListElement":[{"@type":"ListItem","position":1,"name":"V2C","item":"https:\/\/v2charge.com\/it\/"},{"@type":"ListItem","position":2,"name":"Area di supporto","item":"https:\/\/v2charge.com\/it\/supporto\/"},{"@type":"ListItem","position":3,"name":"Supporto Trydan","item":"https:\/\/v2charge.com\/it\/supporto\/trydan\/"},{"@type":"ListItem","position":4,"name":"Contatore MID"}]},{"@type":"WebSite","@id":"https:\/\/v2charge.com\/it\/#website","url":"https:\/\/v2charge.com\/it\/","name":"V2C","description":"#CargandoElMa\u00f1ana","publisher":{"@id":"https:\/\/v2charge.com\/it\/#organization"},"potentialAction":[{"@type":"SearchAction","target":{"@type":"EntryPoint","urlTemplate":"https:\/\/v2charge.com\/it\/?s={search_term_string}"},"query-input":{"@type":"PropertyValueSpecification","valueRequired":true,"valueName":"search_term_string"}}],"inLanguage":"it-IT"},{"@type":"Organization","@id":"https:\/\/v2charge.com\/it\/#organization","name":"V2C","url":"https:\/\/v2charge.com\/it\/","logo":{"@type":"ImageObject","inLanguage":"it-IT","@id":"https:\/\/v2charge.com\/it\/#\/schema\/logo\/image\/","url":"https:\/\/v2charge.com\/wp-content\/uploads\/2024\/11\/cropped-v2c-charge-logo-menu.png","contentUrl":"https:\/\/v2charge.com\/wp-content\/uploads\/2024\/11\/cropped-v2c-charge-logo-menu.png","width":984,"height":431,"caption":"V2C"},"image":{"@id":"https:\/\/v2charge.com\/it\/#\/schema\/logo\/image\/"},"sameAs":["https:\/\/www.facebook.com\/V2C.Charge","https:\/\/x.com\/V2C_Charge","https:\/\/www.instagram.com\/v2c.charge\/","https:\/\/www.youtube.com\/@V2C","https:\/\/www.linkedin.com\/company\/v2c-chargers\/"]}]}},"uagb_featured_image_src":{"full":false,"thumbnail":false,"medium":false,"medium_large":false,"large":false,"gs-tiny":false,"xl":false,"xxl":false,"xxxl":false,"xxxxl":false,"xxxxxl":false,"1536x1536":false,"2048x2048":false},"uagb_author_info":{"display_name":"V2C","author_link":"https:\/\/v2charge.com\/it\/author\/marketing\/"},"uagb_comment_info":0,"uagb_excerpt":"Contatore MID Il contatore MID \u00e8 un dispositivo di misura elettrica conforme ai requisiti stabiliti dalla Direttiva Europea 2014\/32\/UE, nota come Direttiva MID (Measuring Instruments Directive). I contatori MID consentono di registrare con precisione l\u2019energia consumata durante la ricarica dei veicoli elettrici, soprattutto quando \u00e8 richiesta una misurazione certificata a fini di fatturazione. Grazie alla&hellip;","_links":{"self":[{"href":"https:\/\/v2charge.com\/it\/wp-json\/wp\/v2\/pages\/241030","targetHints":{"allow":["GET"]}}],"collection":[{"href":"https:\/\/v2charge.com\/it\/wp-json\/wp\/v2\/pages"}],"about":[{"href":"https:\/\/v2charge.com\/it\/wp-json\/wp\/v2\/types\/page"}],"author":[{"embeddable":true,"href":"https:\/\/v2charge.com\/it\/wp-json\/wp\/v2\/users\/400"}],"replies":[{"embeddable":true,"href":"https:\/\/v2charge.com\/it\/wp-json\/wp\/v2\/comments?post=241030"}],"version-history":[{"count":7,"href":"https:\/\/v2charge.com\/it\/wp-json\/wp\/v2\/pages\/241030\/revisions"}],"predecessor-version":[{"id":294949,"href":"https:\/\/v2charge.com\/it\/wp-json\/wp\/v2\/pages\/241030\/revisions\/294949"}],"up":[{"embeddable":true,"href":"https:\/\/v2charge.com\/it\/wp-json\/wp\/v2\/pages\/75210"}],"wp:attachment":[{"href":"https:\/\/v2charge.com\/it\/wp-json\/wp\/v2\/media?parent=241030"}],"curies":[{"name":"wp","href":"https:\/\/api.w.org\/{rel}","templated":true}]}}