{"id":70352,"date":"2021-10-11T07:44:05","date_gmt":"2021-10-11T07:44:05","guid":{"rendered":"https:\/\/v2charge.com\/e-chargers\/"},"modified":"2025-05-15T14:13:36","modified_gmt":"2025-05-15T12:13:36","slug":"e-chargers","status":"publish","type":"page","link":"https:\/\/v2charge.com\/it\/e-chargers\/","title":{"rendered":"e-Chargers"},"content":{"rendered":"\n<div class=\"wp-block-uagb-container uagb-block-5d2b15d2 alignfull uagb-is-root-container\"><div class=\"uagb-container-inner-blocks-wrap\">\n<div class=\"wp-block-uagb-advanced-heading uagb-block-7a0d3775\"><h1 class=\"uagb-heading-text\">Scopri i nostri caricatori V2C<\/h1><\/div>\n\n\n\n<div class=\"wp-block-uagb-advanced-heading uagb-block-a447fedf\"><h2 class=\"uagb-heading-text\">Trova l&#8217;\u00a0<strong>e-Charger<\/strong>\u00a0giusto per le tue esigenze<\/h2><\/div>\n<\/div><\/div>\n\n\n\n<div class=\"wp-block-uagb-container uagb-block-782f685f alignfull uagb-is-root-container\">\n<div class=\"wp-block-uagb-container uagb-block-180158cc\">\n<div class=\"wp-block-uagb-container uagb-block-d78fab17\"><\/div>\n<\/div>\n\n\n\n<div class=\"wp-block-uagb-container uagb-block-752a084c\">\n<div class=\"wp-block-uagb-advanced-heading uagb-block-41fb0ff3\"><h2 class=\"uagb-heading-text\">TRYDAN<\/h2><\/div>\n\n\n\n<div class=\"wp-block-uagb-advanced-heading uagb-block-c13230f3\"><h3 class=\"uagb-heading-text\">Intelligenza e controllo finale a portata di mano<\/h3><\/div>\n\n\n\n<p class=\"has-base-3-color has-text-color\">Con Trydan, scopri un nuovo modo di caricare: il pi\u00f9 originale e intelligente conosciuto finora.<\/p>\n\n\n\n<p class=\"has-base-3-color has-text-color\">Un design rivoluzionario composto da uno stile d\u2019avanguardia che porta grazia e funzionalit\u00e0.<\/p>\n\n\n\n<div class=\"wp-block-uagb-buttons uagb-buttons__outer-wrap uagb-btn__default-btn uagb-btn-tablet__default-btn uagb-btn-mobile__default-btn uagb-block-208a452b\"><div class=\"uagb-buttons__wrap uagb-buttons-layout-wrap \">\n<div class=\"wp-block-uagb-buttons-child uagb-buttons__outer-wrap uagb-block-09ff2799 wp-block-button\"><div class=\"uagb-button__wrapper\"><a class=\"uagb-buttons-repeater wp-block-button__link\" aria-label=\"\" href=\"https:\/\/v2charge.com\/it\/trydan\/\" rel=\"follow noopener\" target=\"_self\" role=\"button\"><div class=\"uagb-button__link\">Vedi Trydan<\/div><\/a><\/div><\/div>\n<\/div><\/div>\n<\/div>\n<\/div>\n\n\n\n<div class=\"wp-block-uagb-container uagb-block-8d83ad62 alignfull uagb-is-root-container\">\n<div class=\"wp-block-uagb-container uagb-block-df871797\">\n<div class=\"wp-block-uagb-advanced-heading uagb-block-62e0970a\"><h2 class=\"uagb-heading-text\">TRYDAN PRO<\/h2><\/div>\n\n\n\n<div class=\"wp-block-uagb-advanced-heading uagb-block-b03b3d2c\"><h3 class=\"uagb-heading-text\">La perfetta evoluzione con connettivit\u00e0 totale<\/h3><\/div>\n\n\n\n<p>Rimani sempre connesso con Trydan Pro. Tecnologia 4G ed Ethernet per un accesso immediato e ininterrotto a Internet<\/p>\n\n\n\n<p>Identifica pi\u00f9 utenti e assicura una ricarica accessibile e sicura attraverso la sua tecnologia RFID\/NFC.<\/p>\n\n\n\n<div class=\"wp-block-uagb-buttons uagb-buttons__outer-wrap uagb-btn__default-btn uagb-btn-tablet__default-btn uagb-btn-mobile__default-btn uagb-block-7008c05c\"><div class=\"uagb-buttons__wrap uagb-buttons-layout-wrap \">\n<div class=\"wp-block-uagb-buttons-child uagb-buttons__outer-wrap uagb-block-1b818de0 wp-block-button is-style-outline\"><div class=\"uagb-button__wrapper\"><a class=\"uagb-buttons-repeater wp-block-button__link\" aria-label=\"\" href=\"https:\/\/v2charge.com\/it\/trydan-pro\/\" rel=\"follow noopener\" target=\"_self\" role=\"button\"><div class=\"uagb-button__link\">Vedi Trydan Pro<\/div><\/a><\/div><\/div>\n<\/div><\/div>\n<\/div>\n\n\n\n<div class=\"wp-block-uagb-container uagb-block-efb230ef\">\n<div class=\"wp-block-uagb-container uagb-block-15439cb3\"><\/div>\n<\/div>\n<\/div>\n\n\n\n<div class=\"wp-block-uagb-container uagb-block-466b85cd alignfull uagb-is-root-container\">\n<div class=\"wp-block-uagb-container uagb-block-7daac4be\">\n<div class=\"wp-block-uagb-container uagb-block-b288c46a\"><\/div>\n<\/div>\n\n\n\n<div class=\"wp-block-uagb-container uagb-block-35ff7b59\">\n<div class=\"wp-block-uagb-advanced-heading uagb-block-734b4fc5\"><h2 class=\"uagb-heading-text\">POLE PRO<\/h2><\/div>\n\n\n\n<div class=\"wp-block-uagb-advanced-heading uagb-block-36d41888\"><h3 class=\"uagb-heading-text\">La soluzione di condivisione della ricarica pi\u00f9 intelligente ed economica<\/h3><\/div>\n\n\n\n<p class=\"has-base-3-color has-text-color\">Pole Pro integra la tecnologia pi\u00f9 avanzata per offrire la ricarica pi\u00f9 intelligente per pi\u00f9 utenti in spazi pubblici e privati.<\/p>\n\n\n\n<p class=\"has-base-3-color has-text-color\">Un design elegante e solido con la migliore connettivit\u00e0 per gli ambienti pi\u00f9 esigenti nelle sue due versioni, a pavimento o a parete.<\/p>\n\n\n\n<div class=\"wp-block-uagb-buttons uagb-buttons__outer-wrap uagb-btn__default-btn uagb-btn-tablet__default-btn uagb-btn-mobile__default-btn uagb-block-e6656cb8\"><div class=\"uagb-buttons__wrap uagb-buttons-layout-wrap \">\n<div class=\"wp-block-uagb-buttons-child uagb-buttons__outer-wrap uagb-block-55beef44 wp-block-button\"><div class=\"uagb-button__wrapper\"><a class=\"uagb-buttons-repeater wp-block-button__link\" aria-label=\"\" href=\"https:\/\/v2charge.com\/it\/pole\/\" rel=\"follow noopener\" target=\"_self\" role=\"button\"><div class=\"uagb-button__link\">Vedi Prole Pro<\/div><\/a><\/div><\/div>\n<\/div><\/div>\n<\/div>\n<\/div>\n\n\n\n<div class=\"wp-block-uagb-container uagb-block-bb89d55d alignfull uagb-is-root-container\">\n<div class=\"wp-block-uagb-container uagb-block-03544c89\">\n<div class=\"wp-block-uagb-advanced-heading uagb-block-ae32fdcf\"><h2 class=\"uagb-heading-text\">DENKA<\/h2><\/div>\n\n\n\n<div class=\"wp-block-uagb-advanced-heading uagb-block-ba6ea7bd\"><h3 class=\"uagb-heading-text\">Il caricatore rapido pi\u00f9 ultracompatto della sua gamma<\/h3><\/div>\n\n\n\n<p class=\"has-contrast-color has-text-color\">Denka \u00e8 progettato per offrire le massime prestazioni nel minimo spazio. Consente di ricaricare fino a 140 km in soli 30 minuti, combinando potenza ed efficienza a ogni utilizzo.<br><\/p>\n\n\n\n<p class=\"has-contrast-color has-text-color\">Disponibile nelle versioni da 20 kW e 40 kW.<br><\/p>\n\n\n\n<div class=\"wp-block-uagb-buttons uagb-buttons__outer-wrap uagb-btn__default-btn uagb-btn-tablet__default-btn uagb-btn-mobile__default-btn uagb-block-b87795b8\"><div class=\"uagb-buttons__wrap uagb-buttons-layout-wrap \">\n<div class=\"wp-block-uagb-buttons-child uagb-buttons__outer-wrap uagb-block-f94af162 wp-block-button is-style-outline\"><div class=\"uagb-button__wrapper\"><a class=\"uagb-buttons-repeater wp-block-button__link\" aria-label=\"\" href=\"https:\/\/v2charge.com\/it\/denka\/\" rel=\"follow noopener\" target=\"_self\" role=\"button\"><div class=\"uagb-button__link\">Vedi Denka<\/div><\/a><\/div><\/div>\n<\/div><\/div>\n<\/div>\n\n\n\n<div class=\"wp-block-uagb-container uagb-block-fa0686a4\">\n<div class=\"wp-block-uagb-container uagb-block-7299d301\"><\/div>\n<\/div>\n<\/div>\n\n\n\n<div class=\"wp-block-uagb-container uagb-block-26ae079b alignfull uagb-is-root-container\">\n<div class=\"wp-block-uagb-container uagb-block-b554521b\">\n<div class=\"wp-block-uagb-container uagb-block-9a000845\"><\/div>\n<\/div>\n\n\n\n<div class=\"wp-block-uagb-container uagb-block-a90475c3\">\n<div class=\"wp-block-uagb-advanced-heading uagb-block-c2bdcf5e\"><h2 class=\"uagb-heading-text\">SCREEN<\/h2><\/div>\n\n\n\n<div class=\"wp-block-uagb-advanced-heading uagb-block-517ae055\"><h3 class=\"uagb-heading-text\">Il primo e unico e-Charger che integra la pubblicit\u00e0<\/h3><\/div>\n\n\n\n<p class=\"has-base-3-color has-text-color\">Screen sviluppa una nuova tecnologia mai vista prima. Questa eccezionale stazione di ricarica \u00e8 in grado di caricare la vostra auto elettrica e commercializzare annunci personalizzati.&nbsp;<\/p>\n\n\n\n<p class=\"has-base-3-color has-text-color\">Caratterizzato dalla presenza del suo grande schermo di 43 pollici.<\/p>\n\n\n\n<div class=\"wp-block-uagb-buttons uagb-buttons__outer-wrap uagb-btn__default-btn uagb-btn-tablet__default-btn uagb-btn-mobile__default-btn uagb-block-76d98a3d\"><div class=\"uagb-buttons__wrap uagb-buttons-layout-wrap \">\n<div class=\"wp-block-uagb-buttons-child uagb-buttons__outer-wrap uagb-block-10d6f73f wp-block-button is-style-outline\"><div class=\"uagb-button__wrapper\"><a class=\"uagb-buttons-repeater wp-block-button__link\" aria-label=\"\" href=\"https:\/\/v2charge.com\/it\/screen\/\" rel=\"follow noopener\" target=\"_self\" role=\"button\"><div class=\"uagb-button__link\">Vedi Screen<\/div><\/a><\/div><\/div>\n<\/div><\/div>\n<\/div>\n<\/div>\n\n\n\n<div class=\"wp-block-uagb-container uagb-block-0095458a alignfull uagb-is-root-container\">\n<div class=\"wp-block-uagb-container uagb-block-5361863f\">\n<div class=\"wp-block-uagb-advanced-heading uagb-block-fae95d4b\"><h2 class=\"uagb-heading-text\">EV PORTABLE<\/h2><\/div>\n\n\n\n<div class=\"wp-block-uagb-advanced-heading uagb-block-2258c590\"><h3 class=\"uagb-heading-text\">Leggerezza e design ovunque siate<\/h3><\/div>\n\n\n\n<p class=\"has-contrast-color has-text-color\">Puoi viaggiare senza cambiare il tuo percorso. EV Portable \u00e8 un e-Charger leggero e compatto ed \u00e8 facile da trasportare.<\/p>\n\n\n\n<p class=\"has-contrast-color has-text-color\">Le sue piccole dimensioni e la sua massima potenza saranno il tuo miglior partner durante qualsiasi tuo viaggio.<\/p>\n\n\n\n<div class=\"wp-block-uagb-buttons uagb-buttons__outer-wrap uagb-btn__default-btn uagb-btn-tablet__default-btn uagb-btn-mobile__default-btn uagb-block-a428d7ff\"><div class=\"uagb-buttons__wrap uagb-buttons-layout-wrap \">\n<div class=\"wp-block-uagb-buttons-child uagb-buttons__outer-wrap uagb-block-ec608a32 wp-block-button is-style-outline\"><div class=\"uagb-button__wrapper\"><a class=\"uagb-buttons-repeater wp-block-button__link\" aria-label=\"\" href=\"https:\/\/v2charge.com\/it\/ev-portable\/\" rel=\"follow noopener\" target=\"_self\" role=\"button\"><div class=\"uagb-button__link\">Vedi EV Portable<\/div><\/a><\/div><\/div>\n<\/div><\/div>\n<\/div>\n\n\n\n<div class=\"wp-block-uagb-container uagb-block-7d76ad5b\">\n<div class=\"wp-block-uagb-container uagb-block-4cb2e33a\"><\/div>\n<\/div>\n<\/div>\n\n\n\n<div class=\"wp-block-uagb-container uagb-block-5b548101 alignfull uagb-is-root-container\"><div class=\"uagb-container-inner-blocks-wrap\">\n<div class=\"wp-block-uagb-advanced-heading uagb-block-cda468fa\"><h2 class=\"uagb-heading-text\">Consulta il catalogo dei nostri caricatori V2C<\/h2><\/div>\n\n\n\n<div class=\"wp-block-uagb-buttons uagb-buttons__outer-wrap uagb-btn__default-btn uagb-btn-tablet__default-btn uagb-btn-mobile__default-btn uagb-block-1846dace\"><div class=\"uagb-buttons__wrap uagb-buttons-layout-wrap \">\n<div class=\"wp-block-uagb-buttons-child uagb-buttons__outer-wrap uagb-block-34f2bffb wp-block-button is-style-outline\"><div class=\"uagb-button__wrapper\"><a class=\"uagb-buttons-repeater wp-block-button__link\" aria-label=\"\" href=\"https:\/\/v2charge.com\/it\/cataloghi\/\" rel=\"follow noopener\" target=\"_self\" role=\"button\"><div class=\"uagb-button__link\">Sfogli i cataloghi<\/div><\/a><\/div><\/div>\n<\/div><\/div>\n<\/div><\/div>\n\n\n\n<div class=\"wp-block-uagb-container uagb-block-5febc1a1 alignfull uagb-is-root-container\"><div class=\"uagb-container-inner-blocks-wrap\">\n<div class=\"wp-block-uagb-container uagb-block-2dabd166 default uagb-is-root-container\">\n<div class=\"wp-block-uagb-container uagb-block-85d85fbf\">\n<div class=\"wp-block-uagb-advanced-heading uagb-block-a62d29ae\"><h2 class=\"uagb-heading-text\">Acquista il tuo e-Charger nel nostro shop online<\/h2><\/div>\n\n\n\n<div class=\"wp-block-uagb-advanced-heading uagb-block-8fdd59ea\"><p class=\"uagb-heading-text\">Preferisci acquistare direttamente il tuo caricatore? Accedi al nostro negozio online, seleziona il modello che meglio si adatta alle tue esigenze e scopri tutti i vantaggi.<\/p><\/div>\n\n\n\n<div class=\"wp-block-uagb-container uagb-block-d11bd613\">\n<div class=\"wp-block-uagb-container uagb-block-a466b1be\">\n<div class=\"wp-block-uagb-info-box uagb-block-01a1fec7 uagb-infobox__content-wrap  uagb-infobox-icon-left uagb-infobox-left uagb-infobox-image-valign-middle\"><div class=\"uagb-ifb-image-content\"><img decoding=\"async\" src=\"https:\/\/v2charge.com\/wp-content\/uploads\/2024\/04\/free-shipping-white.png\" alt=\"\" width=\"100\" height=\"100\" loading=\"lazy\"\/><\/div><div class=\"uagb-ifb-content\"><div class=\"uagb-ifb-title-wrap\"><\/div><p class=\"uagb-ifb-desc\">Spedizione express gratuita<\/p><\/div><\/div>\n<\/div>\n\n\n\n<div class=\"wp-block-uagb-container uagb-block-86487e8e\">\n<div class=\"wp-block-uagb-info-box uagb-block-63b31ace uagb-infobox__content-wrap  uagb-infobox-icon-left uagb-infobox-left uagb-infobox-image-valign-middle\"><div class=\"uagb-ifb-image-content\"><img decoding=\"async\" src=\"https:\/\/v2charge.com\/wp-content\/uploads\/2024\/04\/safe-payment-white.png\" alt=\"\" width=\"100\" height=\"100\" loading=\"lazy\"\/><\/div><div class=\"uagb-ifb-content\"><div class=\"uagb-ifb-title-wrap\"><\/div><p class=\"uagb-ifb-desc\">Pagamento 100% sicuro<\/p><\/div><\/div>\n<\/div>\n<\/div>\n\n\n\n<div class=\"wp-block-uagb-buttons uagb-buttons__outer-wrap uagb-btn__default-btn uagb-btn-tablet__default-btn uagb-btn-mobile__default-btn uagb-block-51a55718\"><div class=\"uagb-buttons__wrap uagb-buttons-layout-wrap \">\n<div class=\"wp-block-uagb-buttons-child uagb-buttons__outer-wrap uagb-block-1b56d772 wp-block-button\"><div class=\"uagb-button__wrapper\"><a class=\"uagb-buttons-repeater wp-block-button__link\" aria-label=\"\" href=\"https:\/\/v2charge.com\/store\/it\/\" rel=\"follow noopener\" target=\"_self\" role=\"button\"><div class=\"uagb-button__link\">Visualizza shop online<\/div><\/a><\/div><\/div>\n<\/div><\/div>\n<\/div>\n<\/div>\n<\/div><\/div>\n","protected":false},"excerpt":{"rendered":"<p>Scopri i nostri caricatori V2C Trova l&#8217;\u00a0e-Charger\u00a0giusto per le tue esigenze TRYDAN Intelligenza e controllo finale a portata di mano Con Trydan, scopri un nuovo modo di caricare: il pi\u00f9 originale e intelligente conosciuto finora. Un design rivoluzionario composto da uno stile d\u2019avanguardia che porta grazia e funzionalit\u00e0. TRYDAN PRO La perfetta evoluzione con connettivit\u00e0 &#8230; <a title=\"e-Chargers\" class=\"read-more\" href=\"https:\/\/v2charge.com\/it\/e-chargers\/\" aria-label=\"Per saperne di pi\u00f9 su e-Chargers\">Leggi tutto<\/a><\/p>\n","protected":false},"author":1,"featured_media":170351,"parent":0,"menu_order":0,"comment_status":"closed","ping_status":"closed","template":"","meta":{"_eb_attr":"","content-type":"","_uag_custom_page_level_css":"","footnotes":""},"class_list":["post-70352","page","type-page","status-publish","has-post-thumbnail"],"yoast_head":"<!-- This site is optimized with the Yoast SEO plugin v25.3.1 - https:\/\/yoast.com\/wordpress\/plugins\/seo\/ -->\n<title>Caricatori V2C \u25b7 Scopri i migliori caricatori elettronici<\/title>\n<meta name=\"description\" content=\"Scopri la nostra gamma di caricatori, i caricatori V2C che vi porteranno nel futuro, nella sostenibilit\u00e0 e nell&#039;innovazione attraverso la ricarica elettrica.\" \/>\n<meta name=\"robots\" content=\"index, follow, max-snippet:-1, max-image-preview:large, max-video-preview:-1\" \/>\n<link rel=\"canonical\" href=\"https:\/\/v2charge.com\/it\/e-chargers\/\" \/>\n<meta property=\"og:locale\" content=\"it_IT\" \/>\n<meta property=\"og:type\" content=\"article\" \/>\n<meta property=\"og:title\" content=\"Caricatori V2C \u25b7 Scopri i migliori caricatori elettronici\" \/>\n<meta property=\"og:description\" content=\"Scopri la nostra gamma di caricatori, i caricatori V2C che vi porteranno nel futuro, nella sostenibilit\u00e0 e nell&#039;innovazione attraverso la ricarica elettrica.\" \/>\n<meta property=\"og:url\" content=\"https:\/\/v2charge.com\/it\/e-chargers\/\" \/>\n<meta property=\"og:site_name\" content=\"V2C\" \/>\n<meta property=\"article:publisher\" content=\"https:\/\/www.facebook.com\/V2C.Charge\" \/>\n<meta property=\"article:modified_time\" content=\"2025-05-15T12:13:36+00:00\" \/>\n<meta property=\"og:image\" content=\"https:\/\/v2charge.com\/wp-content\/uploads\/2024\/07\/v2c-electric-chargers.jpg\" \/>\n\t<meta property=\"og:image:width\" content=\"1200\" \/>\n\t<meta property=\"og:image:height\" content=\"675\" \/>\n\t<meta property=\"og:image:type\" content=\"image\/jpeg\" \/>\n<meta name=\"twitter:card\" content=\"summary_large_image\" \/>\n<meta name=\"twitter:site\" content=\"@V2C_Charge\" \/>\n<meta name=\"twitter:label1\" content=\"Tempo di lettura stimato\" \/>\n\t<meta name=\"twitter:data1\" content=\"3 minuti\" \/>\n<script type=\"application\/ld+json\" class=\"yoast-schema-graph\">{\"@context\":\"https:\/\/schema.org\",\"@graph\":[{\"@type\":\"WebPage\",\"@id\":\"https:\/\/v2charge.com\/it\/e-chargers\/\",\"url\":\"https:\/\/v2charge.com\/it\/e-chargers\/\",\"name\":\"Caricatori V2C \u25b7 Scopri i migliori caricatori elettronici\",\"isPartOf\":{\"@id\":\"https:\/\/v2charge.com\/it\/#website\"},\"primaryImageOfPage\":{\"@id\":\"https:\/\/v2charge.com\/it\/e-chargers\/#primaryimage\"},\"image\":{\"@id\":\"https:\/\/v2charge.com\/it\/e-chargers\/#primaryimage\"},\"thumbnailUrl\":\"https:\/\/v2charge.com\/wp-content\/uploads\/2024\/07\/v2c-electric-chargers.jpg\",\"datePublished\":\"2021-10-11T07:44:05+00:00\",\"dateModified\":\"2025-05-15T12:13:36+00:00\",\"description\":\"Scopri la nostra gamma di caricatori, i caricatori V2C che vi porteranno nel futuro, nella sostenibilit\u00e0 e nell'innovazione attraverso la ricarica elettrica.\",\"breadcrumb\":{\"@id\":\"https:\/\/v2charge.com\/it\/e-chargers\/#breadcrumb\"},\"inLanguage\":\"it-IT\",\"potentialAction\":[{\"@type\":\"ReadAction\",\"target\":[\"https:\/\/v2charge.com\/it\/e-chargers\/\"]}]},{\"@type\":\"ImageObject\",\"inLanguage\":\"it-IT\",\"@id\":\"https:\/\/v2charge.com\/it\/e-chargers\/#primaryimage\",\"url\":\"https:\/\/v2charge.com\/wp-content\/uploads\/2024\/07\/v2c-electric-chargers.jpg\",\"contentUrl\":\"https:\/\/v2charge.com\/wp-content\/uploads\/2024\/07\/v2c-electric-chargers.jpg\",\"width\":1200,\"height\":675,\"caption\":\"V2C Electric Chargers\"},{\"@type\":\"BreadcrumbList\",\"@id\":\"https:\/\/v2charge.com\/it\/e-chargers\/#breadcrumb\",\"itemListElement\":[{\"@type\":\"ListItem\",\"position\":1,\"name\":\"V2C\",\"item\":\"https:\/\/v2charge.com\/it\/\"},{\"@type\":\"ListItem\",\"position\":2,\"name\":\"e-Chargers\"}]},{\"@type\":\"WebSite\",\"@id\":\"https:\/\/v2charge.com\/it\/#website\",\"url\":\"https:\/\/v2charge.com\/it\/\",\"name\":\"V2C\",\"description\":\"#CargandoElMa\u00f1ana\",\"publisher\":{\"@id\":\"https:\/\/v2charge.com\/it\/#organization\"},\"potentialAction\":[{\"@type\":\"SearchAction\",\"target\":{\"@type\":\"EntryPoint\",\"urlTemplate\":\"https:\/\/v2charge.com\/it\/?s={search_term_string}\"},\"query-input\":{\"@type\":\"PropertyValueSpecification\",\"valueRequired\":true,\"valueName\":\"search_term_string\"}}],\"inLanguage\":\"it-IT\"},{\"@type\":\"Organization\",\"@id\":\"https:\/\/v2charge.com\/it\/#organization\",\"name\":\"V2C\",\"url\":\"https:\/\/v2charge.com\/it\/\",\"logo\":{\"@type\":\"ImageObject\",\"inLanguage\":\"it-IT\",\"@id\":\"https:\/\/v2charge.com\/it\/#\/schema\/logo\/image\/\",\"url\":\"https:\/\/v2charge.com\/wp-content\/uploads\/2024\/11\/cropped-v2c-charge-logo-menu.png\",\"contentUrl\":\"https:\/\/v2charge.com\/wp-content\/uploads\/2024\/11\/cropped-v2c-charge-logo-menu.png\",\"width\":984,\"height\":431,\"caption\":\"V2C\"},\"image\":{\"@id\":\"https:\/\/v2charge.com\/it\/#\/schema\/logo\/image\/\"},\"sameAs\":[\"https:\/\/www.facebook.com\/V2C.Charge\",\"https:\/\/x.com\/V2C_Charge\",\"https:\/\/www.instagram.com\/v2c.charge\/\",\"https:\/\/www.youtube.com\/@V2C\",\"https:\/\/www.linkedin.com\/company\/v2c-chargers\/\"]}]}<\/script>\n<!-- \/ Yoast SEO plugin. -->","yoast_head_json":{"title":"Caricatori V2C \u25b7 Scopri i migliori caricatori elettronici","description":"Scopri la nostra gamma di caricatori, i caricatori V2C che vi porteranno nel futuro, nella sostenibilit\u00e0 e nell'innovazione attraverso la ricarica elettrica.","robots":{"index":"index","follow":"follow","max-snippet":"max-snippet:-1","max-image-preview":"max-image-preview:large","max-video-preview":"max-video-preview:-1"},"canonical":"https:\/\/v2charge.com\/it\/e-chargers\/","og_locale":"it_IT","og_type":"article","og_title":"Caricatori V2C \u25b7 Scopri i migliori caricatori elettronici","og_description":"Scopri la nostra gamma di caricatori, i caricatori V2C che vi porteranno nel futuro, nella sostenibilit\u00e0 e nell'innovazione attraverso la ricarica elettrica.","og_url":"https:\/\/v2charge.com\/it\/e-chargers\/","og_site_name":"V2C","article_publisher":"https:\/\/www.facebook.com\/V2C.Charge","article_modified_time":"2025-05-15T12:13:36+00:00","og_image":[{"width":1200,"height":675,"url":"https:\/\/v2charge.com\/wp-content\/uploads\/2024\/07\/v2c-electric-chargers.jpg","type":"image\/jpeg"}],"twitter_card":"summary_large_image","twitter_site":"@V2C_Charge","twitter_misc":{"Tempo di lettura stimato":"3 minuti"},"schema":{"@context":"https:\/\/schema.org","@graph":[{"@type":"WebPage","@id":"https:\/\/v2charge.com\/it\/e-chargers\/","url":"https:\/\/v2charge.com\/it\/e-chargers\/","name":"Caricatori V2C \u25b7 Scopri i migliori caricatori elettronici","isPartOf":{"@id":"https:\/\/v2charge.com\/it\/#website"},"primaryImageOfPage":{"@id":"https:\/\/v2charge.com\/it\/e-chargers\/#primaryimage"},"image":{"@id":"https:\/\/v2charge.com\/it\/e-chargers\/#primaryimage"},"thumbnailUrl":"https:\/\/v2charge.com\/wp-content\/uploads\/2024\/07\/v2c-electric-chargers.jpg","datePublished":"2021-10-11T07:44:05+00:00","dateModified":"2025-05-15T12:13:36+00:00","description":"Scopri la nostra gamma di caricatori, i caricatori V2C che vi porteranno nel futuro, nella sostenibilit\u00e0 e nell'innovazione attraverso la ricarica elettrica.","breadcrumb":{"@id":"https:\/\/v2charge.com\/it\/e-chargers\/#breadcrumb"},"inLanguage":"it-IT","potentialAction":[{"@type":"ReadAction","target":["https:\/\/v2charge.com\/it\/e-chargers\/"]}]},{"@type":"ImageObject","inLanguage":"it-IT","@id":"https:\/\/v2charge.com\/it\/e-chargers\/#primaryimage","url":"https:\/\/v2charge.com\/wp-content\/uploads\/2024\/07\/v2c-electric-chargers.jpg","contentUrl":"https:\/\/v2charge.com\/wp-content\/uploads\/2024\/07\/v2c-electric-chargers.jpg","width":1200,"height":675,"caption":"V2C Electric Chargers"},{"@type":"BreadcrumbList","@id":"https:\/\/v2charge.com\/it\/e-chargers\/#breadcrumb","itemListElement":[{"@type":"ListItem","position":1,"name":"V2C","item":"https:\/\/v2charge.com\/it\/"},{"@type":"ListItem","position":2,"name":"e-Chargers"}]},{"@type":"WebSite","@id":"https:\/\/v2charge.com\/it\/#website","url":"https:\/\/v2charge.com\/it\/","name":"V2C","description":"#CargandoElMa\u00f1ana","publisher":{"@id":"https:\/\/v2charge.com\/it\/#organization"},"potentialAction":[{"@type":"SearchAction","target":{"@type":"EntryPoint","urlTemplate":"https:\/\/v2charge.com\/it\/?s={search_term_string}"},"query-input":{"@type":"PropertyValueSpecification","valueRequired":true,"valueName":"search_term_string"}}],"inLanguage":"it-IT"},{"@type":"Organization","@id":"https:\/\/v2charge.com\/it\/#organization","name":"V2C","url":"https:\/\/v2charge.com\/it\/","logo":{"@type":"ImageObject","inLanguage":"it-IT","@id":"https:\/\/v2charge.com\/it\/#\/schema\/logo\/image\/","url":"https:\/\/v2charge.com\/wp-content\/uploads\/2024\/11\/cropped-v2c-charge-logo-menu.png","contentUrl":"https:\/\/v2charge.com\/wp-content\/uploads\/2024\/11\/cropped-v2c-charge-logo-menu.png","width":984,"height":431,"caption":"V2C"},"image":{"@id":"https:\/\/v2charge.com\/it\/#\/schema\/logo\/image\/"},"sameAs":["https:\/\/www.facebook.com\/V2C.Charge","https:\/\/x.com\/V2C_Charge","https:\/\/www.instagram.com\/v2c.charge\/","https:\/\/www.youtube.com\/@V2C","https:\/\/www.linkedin.com\/company\/v2c-chargers\/"]}]}},"uagb_featured_image_src":{"full":["https:\/\/v2charge.com\/wp-content\/uploads\/2024\/07\/v2c-electric-chargers.jpg",1200,675,false],"thumbnail":["https:\/\/v2charge.com\/wp-content\/uploads\/2024\/07\/v2c-electric-chargers-150x150.jpg",150,150,true],"medium":["https:\/\/v2charge.com\/wp-content\/uploads\/2024\/07\/v2c-electric-chargers-300x169.jpg",300,169,true],"medium_large":["https:\/\/v2charge.com\/wp-content\/uploads\/2024\/07\/v2c-electric-chargers-768x432.jpg",768,432,true],"large":["https:\/\/v2charge.com\/wp-content\/uploads\/2024\/07\/v2c-electric-chargers-1024x576.jpg",1024,576,true],"gs-tiny":["https:\/\/v2charge.com\/wp-content\/uploads\/2024\/07\/v2c-electric-chargers.jpg",50,28,false],"xl":["https:\/\/v2charge.com\/wp-content\/uploads\/2024\/07\/v2c-electric-chargers.jpg",1200,675,false],"xxl":["https:\/\/v2charge.com\/wp-content\/uploads\/2024\/07\/v2c-electric-chargers.jpg",1200,675,false],"xxxl":["https:\/\/v2charge.com\/wp-content\/uploads\/2024\/07\/v2c-electric-chargers.jpg",1200,675,false],"xxxxl":["https:\/\/v2charge.com\/wp-content\/uploads\/2024\/07\/v2c-electric-chargers.jpg",1200,675,false],"xxxxxl":["https:\/\/v2charge.com\/wp-content\/uploads\/2024\/07\/v2c-electric-chargers.jpg",1200,675,false],"1536x1536":["https:\/\/v2charge.com\/wp-content\/uploads\/2024\/07\/v2c-electric-chargers.jpg",1200,675,false],"2048x2048":["https:\/\/v2charge.com\/wp-content\/uploads\/2024\/07\/v2c-electric-chargers.jpg",1200,675,false]},"uagb_author_info":{"display_name":"V2C","author_link":"https:\/\/v2charge.com\/it\/author\/root_k4eu7ki8\/"},"uagb_comment_info":0,"uagb_excerpt":"Scopri i nostri caricatori V2C Trova l&#8217;\u00a0e-Charger\u00a0giusto per le tue esigenze TRYDAN Intelligenza e controllo finale a portata di mano Con Trydan, scopri un nuovo modo di caricare: il pi\u00f9 originale e intelligente conosciuto finora. Un design rivoluzionario composto da uno stile d\u2019avanguardia che porta grazia e funzionalit\u00e0. TRYDAN PRO La perfetta evoluzione con connettivit\u00e0&hellip;","_links":{"self":[{"href":"https:\/\/v2charge.com\/it\/wp-json\/wp\/v2\/pages\/70352","targetHints":{"allow":["GET"]}}],"collection":[{"href":"https:\/\/v2charge.com\/it\/wp-json\/wp\/v2\/pages"}],"about":[{"href":"https:\/\/v2charge.com\/it\/wp-json\/wp\/v2\/types\/page"}],"author":[{"embeddable":true,"href":"https:\/\/v2charge.com\/it\/wp-json\/wp\/v2\/users\/1"}],"replies":[{"embeddable":true,"href":"https:\/\/v2charge.com\/it\/wp-json\/wp\/v2\/comments?post=70352"}],"version-history":[{"count":2,"href":"https:\/\/v2charge.com\/it\/wp-json\/wp\/v2\/pages\/70352\/revisions"}],"predecessor-version":[{"id":222210,"href":"https:\/\/v2charge.com\/it\/wp-json\/wp\/v2\/pages\/70352\/revisions\/222210"}],"wp:featuredmedia":[{"embeddable":true,"href":"https:\/\/v2charge.com\/it\/wp-json\/wp\/v2\/media\/170351"}],"wp:attachment":[{"href":"https:\/\/v2charge.com\/it\/wp-json\/wp\/v2\/media?parent=70352"}],"curies":[{"name":"wp","href":"https:\/\/api.w.org\/{rel}","templated":true}]}}