{"id":75237,"date":"2022-02-10T12:58:21","date_gmt":"2022-02-10T12:58:21","guid":{"rendered":"https:\/\/v2charge.com\/?page_id=75237"},"modified":"2023-06-13T11:01:33","modified_gmt":"2023-06-13T11:01:33","slug":"come-aggiungere-un-e-charger","status":"publish","type":"page","link":"https:\/\/v2charge.com\/it\/come-aggiungere-un-e-charger\/","title":{"rendered":"Come aggiungere un e-Charger?"},"content":{"rendered":"<h1>Come aggiungere un e-Charger?<\/h1>\n\n\n<p>Per aggiungere un e-Charger alla tua piattaforma V2C Cloud, segui i passi seguenti:<\/p>\n\n\n\n<h2 class=\"wp-block-heading\">Attraverso la tua APP<\/h2>\n\n\n\n<figure><img decoding=\"async\" src=\"https:\/\/v2charge.com\/wp-content\/uploads\/2021\/12\/pantalla-login-v2c-cloud-iphone_google-474x1024.png\" alt=\"\" width=\"237\" height=\"512\"\/><\/figure>\n\n\n\n<p>Clicca sul pulsante aggiungi e-Charger contrassegnato sopra con la data. Da qui vi verr\u00e0 presentata la schermata per selezionare un caricatore.<\/p>\n\n\n\n<figure><img decoding=\"async\" src=\"https:\/\/v2charge.com\/wp-content\/uploads\/2021\/12\/registro-de-punto-de-recarga-1-542x1024.png\" alt=\"\" width=\"271\" height=\"512\"\/><\/figure>\n\n\n\n<p>Il numero ID si trova sull&#8217;adesivo del dispositivo o su un adesivo nel manuale. Si tratta di un totale di 7 numeri e lettere in lettere maiuscole casuali. Per esempio ER47HBV<\/p>\n\n\n\n<blockquote class=\"is-layout-flow wp-block-quote-is-layout-flow\"><p>Al momento del collegamento del punto di ricarica, vi verr\u00e0 chiesta la localizzazione, per uso statistico e per sicurezza.<\/p><\/blockquote>\n\n\n\n<p>Una volta registrato, il caricatore non pu\u00f2 pi\u00f9 essere collegato a nessun altro, a meno che non venga cancellato. Se volete averlo su due cellulari o account allo stesso tempo, condividetelo. Se il tuo punto di ricarica non \u00e8 registrato su nessun dispositivo (cellulare o computer) e il tuo numero \u00e8 pubblico, pu\u00f2 essere registrato da terzi senza il tuo consenso.<\/p>\n\n\n\n<blockquote class=\"is-layout-flow wp-block-quote-is-layout-flow\"><p>Una connessione internet sul cellulare \u00e8 necessaria per collegare il dispositivo. Se non c&#8217;\u00e8 connessione internet nel garage, scrivi il numero ID e trova una zona di copertura per collegarlo.\u00a0<\/p><\/blockquote>\n\n\n\n<p>Il lettore di codici QR pu\u00f2 essere utilizzato per comodit\u00e0. (premere il pulsante della fotocamera)<\/p>\n\n\n\n<figure><img decoding=\"async\" src=\"https:\/\/v2charge.com\/wp-content\/uploads\/2021\/12\/Screenshot_2021-12-31-12-39-11-135_com.v2charge.app-1_iphone12black_portrait-1-542x1024.png\" alt=\"\" width=\"271\" height=\"512\"\/><\/figure>\n\n\n\n<p>Una volta collegato, ti viene chiesto di connetterti via wifi. La connessione della password wifi si fa tramite bluetooth, se non l&#8217;avete attivato \u00e8 meglio lasciarlo per dopo, premendo direttamente omettere la configurazione WIFI.<\/p>\n\n\n\n<p>Una volta che il collegamento corretto \u00e8 stato fatto, apparir\u00e0 la seguente schermata di conferma.<\/p>\n\n\n\n<figure><img decoding=\"async\" src=\"https:\/\/v2charge.com\/wp-content\/uploads\/2021\/12\/pantalla-de-confirmacion-542x1024.png\" alt=\"\" width=\"271\" height=\"512\"\/><\/figure>\n\n\n\n<h2 class=\"wp-block-heading\">Attraverso il web<\/h2>\n\n\n\n<p>Una volta che hai effettuato correttamente l&#8217;accesso a V2C Cloud,<\/p>\n\n\n\n<p>Clicca sul pulsante qui sotto per aggiungere un caricatore:<\/p>\n\n\n\n<figure><img decoding=\"async\" src=\"https:\/\/v2charge.com\/wp-content\/uploads\/2021\/12\/Captura4_macbookpro13_front-edited-1024x576.png\" alt=\"\" width=\"768\" height=\"432\"\/><\/figure>\n\n\n\n<p>Aggiungere l&#8217;ID del caricatore. L&#8217;ID del caricatore \u00e8 un codice alfanumerico di 7 caratteri, che vi sar\u00e0 stato fornito o pu\u00f2 essere trovato sull&#8217;adesivo del caricatore e nelle istruzioni.<\/p>\n\n\n\n<figure><img decoding=\"async\" src=\"https:\/\/v2charge.com\/wp-content\/uploads\/2021\/12\/punto-de-recarga-pagina-web-edited-1024x576.png\" alt=\"\" width=\"768\" height=\"432\"\/><\/figure>\n","protected":false},"excerpt":{"rendered":"<p>Come aggiungere un e-Charger? Per aggiungere un e-Charger alla tua piattaforma V2C Cloud, segui i passi seguenti: Attraverso la tua APP Clicca sul pulsante aggiungi e-Charger contrassegnato sopra con la data. Da qui vi verr\u00e0 presentata la schermata per selezionare un caricatore. Il numero ID si trova sull&#8217;adesivo del dispositivo o su un adesivo nel &#8230; <a title=\"Come aggiungere un e-Charger?\" class=\"read-more\" href=\"https:\/\/v2charge.com\/it\/come-aggiungere-un-e-charger\/\" aria-label=\"Per saperne di pi\u00f9 su Come aggiungere un e-Charger?\">Leggi tutto<\/a><\/p>\n","protected":false},"author":1,"featured_media":170351,"parent":0,"menu_order":0,"comment_status":"closed","ping_status":"closed","template":"","meta":{"_eb_attr":"","content-type":"","_uag_custom_page_level_css":"","footnotes":""},"class_list":["post-75237","page","type-page","status-publish","has-post-thumbnail"],"yoast_head":"<!-- This site is optimized with the Yoast SEO plugin v25.3.1 - https:\/\/yoast.com\/wordpress\/plugins\/seo\/ -->\n<title>Come aggiungere un e-Charger? - V2C<\/title>\n<meta name=\"description\" content=\"Vi spieghiamo come aggiungere un nuovo punto di ricarica alla vostra app V2C Cloud. Passo dopo passo con esempi. Area di supporto V2C.\" \/>\n<meta name=\"robots\" content=\"index, follow, max-snippet:-1, max-image-preview:large, max-video-preview:-1\" \/>\n<link rel=\"canonical\" href=\"https:\/\/v2charge.com\/it\/come-aggiungere-un-e-charger\/\" \/>\n<meta property=\"og:locale\" content=\"it_IT\" \/>\n<meta property=\"og:type\" content=\"article\" \/>\n<meta property=\"og:title\" content=\"Come aggiungere un e-Charger? - V2C\" \/>\n<meta property=\"og:description\" content=\"Vi spieghiamo come aggiungere un nuovo punto di ricarica alla vostra app V2C Cloud. Passo dopo passo con esempi. Area di supporto V2C.\" \/>\n<meta property=\"og:url\" content=\"https:\/\/v2charge.com\/it\/come-aggiungere-un-e-charger\/\" \/>\n<meta property=\"og:site_name\" content=\"V2C\" \/>\n<meta property=\"article:publisher\" content=\"https:\/\/www.facebook.com\/V2C.Charge\" \/>\n<meta property=\"article:modified_time\" content=\"2023-06-13T11:01:33+00:00\" \/>\n<meta property=\"og:image\" content=\"https:\/\/v2charge.com\/wp-content\/uploads\/2021\/12\/pantalla-login-v2c-cloud-iphone_google-474x1024.png\" \/>\n<meta name=\"twitter:card\" content=\"summary_large_image\" \/>\n<meta name=\"twitter:site\" content=\"@V2C_Charge\" \/>\n<meta name=\"twitter:label1\" content=\"Tempo di lettura stimato\" \/>\n\t<meta name=\"twitter:data1\" content=\"3 minuti\" \/>\n<script type=\"application\/ld+json\" class=\"yoast-schema-graph\">{\"@context\":\"https:\/\/schema.org\",\"@graph\":[{\"@type\":\"WebPage\",\"@id\":\"https:\/\/v2charge.com\/it\/come-aggiungere-un-e-charger\/\",\"url\":\"https:\/\/v2charge.com\/it\/come-aggiungere-un-e-charger\/\",\"name\":\"Come aggiungere un e-Charger? - V2C\",\"isPartOf\":{\"@id\":\"https:\/\/v2charge.com\/it\/#website\"},\"primaryImageOfPage\":{\"@id\":\"https:\/\/v2charge.com\/it\/come-aggiungere-un-e-charger\/#primaryimage\"},\"image\":{\"@id\":\"https:\/\/v2charge.com\/it\/come-aggiungere-un-e-charger\/#primaryimage\"},\"thumbnailUrl\":\"https:\/\/v2charge.com\/wp-content\/uploads\/2024\/07\/v2c-electric-chargers.jpg\",\"datePublished\":\"2022-02-10T12:58:21+00:00\",\"dateModified\":\"2023-06-13T11:01:33+00:00\",\"description\":\"Vi spieghiamo come aggiungere un nuovo punto di ricarica alla vostra app V2C Cloud. Passo dopo passo con esempi. Area di supporto V2C.\",\"breadcrumb\":{\"@id\":\"https:\/\/v2charge.com\/it\/come-aggiungere-un-e-charger\/#breadcrumb\"},\"inLanguage\":\"it-IT\",\"potentialAction\":[{\"@type\":\"ReadAction\",\"target\":[\"https:\/\/v2charge.com\/it\/come-aggiungere-un-e-charger\/\"]}]},{\"@type\":\"ImageObject\",\"inLanguage\":\"it-IT\",\"@id\":\"https:\/\/v2charge.com\/it\/come-aggiungere-un-e-charger\/#primaryimage\",\"url\":\"https:\/\/v2charge.com\/wp-content\/uploads\/2024\/07\/v2c-electric-chargers.jpg\",\"contentUrl\":\"https:\/\/v2charge.com\/wp-content\/uploads\/2024\/07\/v2c-electric-chargers.jpg\",\"width\":1200,\"height\":675,\"caption\":\"V2C Electric Chargers\"},{\"@type\":\"BreadcrumbList\",\"@id\":\"https:\/\/v2charge.com\/it\/come-aggiungere-un-e-charger\/#breadcrumb\",\"itemListElement\":[{\"@type\":\"ListItem\",\"position\":1,\"name\":\"V2C\",\"item\":\"https:\/\/v2charge.com\/it\/\"},{\"@type\":\"ListItem\",\"position\":2,\"name\":\"Come aggiungere un e-Charger?\"}]},{\"@type\":\"WebSite\",\"@id\":\"https:\/\/v2charge.com\/it\/#website\",\"url\":\"https:\/\/v2charge.com\/it\/\",\"name\":\"V2C\",\"description\":\"#CargandoElMa\u00f1ana\",\"publisher\":{\"@id\":\"https:\/\/v2charge.com\/it\/#organization\"},\"potentialAction\":[{\"@type\":\"SearchAction\",\"target\":{\"@type\":\"EntryPoint\",\"urlTemplate\":\"https:\/\/v2charge.com\/it\/?s={search_term_string}\"},\"query-input\":{\"@type\":\"PropertyValueSpecification\",\"valueRequired\":true,\"valueName\":\"search_term_string\"}}],\"inLanguage\":\"it-IT\"},{\"@type\":\"Organization\",\"@id\":\"https:\/\/v2charge.com\/it\/#organization\",\"name\":\"V2C\",\"url\":\"https:\/\/v2charge.com\/it\/\",\"logo\":{\"@type\":\"ImageObject\",\"inLanguage\":\"it-IT\",\"@id\":\"https:\/\/v2charge.com\/it\/#\/schema\/logo\/image\/\",\"url\":\"https:\/\/v2charge.com\/wp-content\/uploads\/2024\/11\/cropped-v2c-charge-logo-menu.png\",\"contentUrl\":\"https:\/\/v2charge.com\/wp-content\/uploads\/2024\/11\/cropped-v2c-charge-logo-menu.png\",\"width\":984,\"height\":431,\"caption\":\"V2C\"},\"image\":{\"@id\":\"https:\/\/v2charge.com\/it\/#\/schema\/logo\/image\/\"},\"sameAs\":[\"https:\/\/www.facebook.com\/V2C.Charge\",\"https:\/\/x.com\/V2C_Charge\",\"https:\/\/www.instagram.com\/v2c.charge\/\",\"https:\/\/www.youtube.com\/@V2C\",\"https:\/\/www.linkedin.com\/company\/v2c-chargers\/\"]}]}<\/script>\n<!-- \/ Yoast SEO plugin. -->","yoast_head_json":{"title":"Come aggiungere un e-Charger? - V2C","description":"Vi spieghiamo come aggiungere un nuovo punto di ricarica alla vostra app V2C Cloud. Passo dopo passo con esempi. Area di supporto V2C.","robots":{"index":"index","follow":"follow","max-snippet":"max-snippet:-1","max-image-preview":"max-image-preview:large","max-video-preview":"max-video-preview:-1"},"canonical":"https:\/\/v2charge.com\/it\/come-aggiungere-un-e-charger\/","og_locale":"it_IT","og_type":"article","og_title":"Come aggiungere un e-Charger? - V2C","og_description":"Vi spieghiamo come aggiungere un nuovo punto di ricarica alla vostra app V2C Cloud. Passo dopo passo con esempi. Area di supporto V2C.","og_url":"https:\/\/v2charge.com\/it\/come-aggiungere-un-e-charger\/","og_site_name":"V2C","article_publisher":"https:\/\/www.facebook.com\/V2C.Charge","article_modified_time":"2023-06-13T11:01:33+00:00","og_image":[{"url":"https:\/\/v2charge.com\/wp-content\/uploads\/2021\/12\/pantalla-login-v2c-cloud-iphone_google-474x1024.png","type":"","width":"","height":""}],"twitter_card":"summary_large_image","twitter_site":"@V2C_Charge","twitter_misc":{"Tempo di lettura stimato":"3 minuti"},"schema":{"@context":"https:\/\/schema.org","@graph":[{"@type":"WebPage","@id":"https:\/\/v2charge.com\/it\/come-aggiungere-un-e-charger\/","url":"https:\/\/v2charge.com\/it\/come-aggiungere-un-e-charger\/","name":"Come aggiungere un e-Charger? - V2C","isPartOf":{"@id":"https:\/\/v2charge.com\/it\/#website"},"primaryImageOfPage":{"@id":"https:\/\/v2charge.com\/it\/come-aggiungere-un-e-charger\/#primaryimage"},"image":{"@id":"https:\/\/v2charge.com\/it\/come-aggiungere-un-e-charger\/#primaryimage"},"thumbnailUrl":"https:\/\/v2charge.com\/wp-content\/uploads\/2024\/07\/v2c-electric-chargers.jpg","datePublished":"2022-02-10T12:58:21+00:00","dateModified":"2023-06-13T11:01:33+00:00","description":"Vi spieghiamo come aggiungere un nuovo punto di ricarica alla vostra app V2C Cloud. Passo dopo passo con esempi. Area di supporto V2C.","breadcrumb":{"@id":"https:\/\/v2charge.com\/it\/come-aggiungere-un-e-charger\/#breadcrumb"},"inLanguage":"it-IT","potentialAction":[{"@type":"ReadAction","target":["https:\/\/v2charge.com\/it\/come-aggiungere-un-e-charger\/"]}]},{"@type":"ImageObject","inLanguage":"it-IT","@id":"https:\/\/v2charge.com\/it\/come-aggiungere-un-e-charger\/#primaryimage","url":"https:\/\/v2charge.com\/wp-content\/uploads\/2024\/07\/v2c-electric-chargers.jpg","contentUrl":"https:\/\/v2charge.com\/wp-content\/uploads\/2024\/07\/v2c-electric-chargers.jpg","width":1200,"height":675,"caption":"V2C Electric Chargers"},{"@type":"BreadcrumbList","@id":"https:\/\/v2charge.com\/it\/come-aggiungere-un-e-charger\/#breadcrumb","itemListElement":[{"@type":"ListItem","position":1,"name":"V2C","item":"https:\/\/v2charge.com\/it\/"},{"@type":"ListItem","position":2,"name":"Come aggiungere un e-Charger?"}]},{"@type":"WebSite","@id":"https:\/\/v2charge.com\/it\/#website","url":"https:\/\/v2charge.com\/it\/","name":"V2C","description":"#CargandoElMa\u00f1ana","publisher":{"@id":"https:\/\/v2charge.com\/it\/#organization"},"potentialAction":[{"@type":"SearchAction","target":{"@type":"EntryPoint","urlTemplate":"https:\/\/v2charge.com\/it\/?s={search_term_string}"},"query-input":{"@type":"PropertyValueSpecification","valueRequired":true,"valueName":"search_term_string"}}],"inLanguage":"it-IT"},{"@type":"Organization","@id":"https:\/\/v2charge.com\/it\/#organization","name":"V2C","url":"https:\/\/v2charge.com\/it\/","logo":{"@type":"ImageObject","inLanguage":"it-IT","@id":"https:\/\/v2charge.com\/it\/#\/schema\/logo\/image\/","url":"https:\/\/v2charge.com\/wp-content\/uploads\/2024\/11\/cropped-v2c-charge-logo-menu.png","contentUrl":"https:\/\/v2charge.com\/wp-content\/uploads\/2024\/11\/cropped-v2c-charge-logo-menu.png","width":984,"height":431,"caption":"V2C"},"image":{"@id":"https:\/\/v2charge.com\/it\/#\/schema\/logo\/image\/"},"sameAs":["https:\/\/www.facebook.com\/V2C.Charge","https:\/\/x.com\/V2C_Charge","https:\/\/www.instagram.com\/v2c.charge\/","https:\/\/www.youtube.com\/@V2C","https:\/\/www.linkedin.com\/company\/v2c-chargers\/"]}]}},"uagb_featured_image_src":{"full":["https:\/\/v2charge.com\/wp-content\/uploads\/2024\/07\/v2c-electric-chargers.jpg",1200,675,false],"thumbnail":["https:\/\/v2charge.com\/wp-content\/uploads\/2024\/07\/v2c-electric-chargers-150x150.jpg",150,150,true],"medium":["https:\/\/v2charge.com\/wp-content\/uploads\/2024\/07\/v2c-electric-chargers-300x169.jpg",300,169,true],"medium_large":["https:\/\/v2charge.com\/wp-content\/uploads\/2024\/07\/v2c-electric-chargers-768x432.jpg",768,432,true],"large":["https:\/\/v2charge.com\/wp-content\/uploads\/2024\/07\/v2c-electric-chargers-1024x576.jpg",1024,576,true],"gs-tiny":["https:\/\/v2charge.com\/wp-content\/uploads\/2024\/07\/v2c-electric-chargers.jpg",50,28,false],"xl":["https:\/\/v2charge.com\/wp-content\/uploads\/2024\/07\/v2c-electric-chargers.jpg",1200,675,false],"xxl":["https:\/\/v2charge.com\/wp-content\/uploads\/2024\/07\/v2c-electric-chargers.jpg",1200,675,false],"xxxl":["https:\/\/v2charge.com\/wp-content\/uploads\/2024\/07\/v2c-electric-chargers.jpg",1200,675,false],"xxxxl":["https:\/\/v2charge.com\/wp-content\/uploads\/2024\/07\/v2c-electric-chargers.jpg",1200,675,false],"xxxxxl":["https:\/\/v2charge.com\/wp-content\/uploads\/2024\/07\/v2c-electric-chargers.jpg",1200,675,false],"1536x1536":["https:\/\/v2charge.com\/wp-content\/uploads\/2024\/07\/v2c-electric-chargers.jpg",1200,675,false],"2048x2048":["https:\/\/v2charge.com\/wp-content\/uploads\/2024\/07\/v2c-electric-chargers.jpg",1200,675,false]},"uagb_author_info":{"display_name":"V2C","author_link":"https:\/\/v2charge.com\/it\/author\/root_k4eu7ki8\/"},"uagb_comment_info":0,"uagb_excerpt":"Come aggiungere un e-Charger? Per aggiungere un e-Charger alla tua piattaforma V2C Cloud, segui i passi seguenti: Attraverso la tua APP Clicca sul pulsante aggiungi e-Charger contrassegnato sopra con la data. Da qui vi verr\u00e0 presentata la schermata per selezionare un caricatore. Il numero ID si trova sull&#8217;adesivo del dispositivo o su un adesivo nel&hellip;","_links":{"self":[{"href":"https:\/\/v2charge.com\/it\/wp-json\/wp\/v2\/pages\/75237","targetHints":{"allow":["GET"]}}],"collection":[{"href":"https:\/\/v2charge.com\/it\/wp-json\/wp\/v2\/pages"}],"about":[{"href":"https:\/\/v2charge.com\/it\/wp-json\/wp\/v2\/types\/page"}],"author":[{"embeddable":true,"href":"https:\/\/v2charge.com\/it\/wp-json\/wp\/v2\/users\/1"}],"replies":[{"embeddable":true,"href":"https:\/\/v2charge.com\/it\/wp-json\/wp\/v2\/comments?post=75237"}],"version-history":[{"count":0,"href":"https:\/\/v2charge.com\/it\/wp-json\/wp\/v2\/pages\/75237\/revisions"}],"wp:featuredmedia":[{"embeddable":true,"href":"https:\/\/v2charge.com\/it\/wp-json\/wp\/v2\/media\/170351"}],"wp:attachment":[{"href":"https:\/\/v2charge.com\/it\/wp-json\/wp\/v2\/media?parent=75237"}],"curies":[{"name":"wp","href":"https:\/\/api.w.org\/{rel}","templated":true}]}}