{"id":75244,"date":"2022-02-10T13:14:24","date_gmt":"2022-02-10T13:14:24","guid":{"rendered":"https:\/\/v2charge.com\/?page_id=75244"},"modified":"2023-06-13T14:04:47","modified_gmt":"2023-06-13T14:04:47","slug":"come-connettere-le-charger-al-wifi","status":"publish","type":"page","link":"https:\/\/v2charge.com\/it\/come-connettere-le-charger-al-wifi\/","title":{"rendered":"Come connettere l\u2019e-Charger al WiFi?"},"content":{"rendered":"<h1>Come connettere l\u2019e-Charger al WiFi?<\/h1>\n\n\n<p>A seconda del modello che avete, il processo sar\u00e0 fatto in modi diversi. Tuttavia, tutti hanno in comune il fatto che deve essere fatto attraverso l&#8217;applicazione mobile, e che il Bluetooth deve essere attivato.<\/p>\n\n\n\n<blockquote class=\"is-layout-flow wp-block-quote-is-layout-flow\"><p>L&#8217;uso del Bluetooth richiede l&#8217;abilitazione della localizzazione sulla maggior parte dei dispositivi Android.<\/p><\/blockquote>\n\n\n\n<p>La connessione tra il punto di ricarica e l&#8217;applicazione avviene tramite Bluetooth,<br><br>1. La prima opzione \u00e8 abilitarlo durante il collegamento del dispositivo, (dovete avere il bluetooth attivato ed essere a qualche metro da esso). Se il collegamento non viene fatto accanto al dispositivo o non hai il Bluetooth attivato in quel momento, puoi saltarlo e farlo pi\u00f9 tardi).<\/p>\n\n\n\n<p>2. La seconda opzione \u00e8 attraverso il menu.<\/p>\n\n\n\n<p>Se il punto di ricarica \u00e8 collegato a Internet (indipendentemente dal fatto che sia via Wifi, Ethernet o 4G), l&#8217;applicazione mostrer\u00e0 i segnali della forma d&#8217;onda. Se la connessione bluetooth \u00e8 possibile, il simbolo bluetooth apparir\u00e0 nell&#8217;applicazione.<\/p>\n\n\n\n<figure><img decoding=\"async\" src=\"https:\/\/v2charge.com\/wp-content\/uploads\/2021\/12\/Screenshot_2021-12-31-13-46-22-685_com.v2charge.app_iphone12black_portrait-542x1024.png\" alt=\"\" width=\"271\" height=\"512\"\/><\/figure>\n\n\n\n<p>Se abbiamo una connessione bluetooth, possiamo accedere al dispositivo sul suo schermo principale. Entrare nel punto di ricarica in modalit\u00e0 bluetooth. Accedere alla scheda di configurazione.<\/p>\n\n\n\n<blockquote class=\"is-layout-flow wp-block-quote-is-layout-flow\"><p>I dispositivi che non possono essere utilizzati via bluetooth accederanno direttamente alla pagina di configurazione WiFi.<\/p><\/blockquote>\n\n\n\n<figure><img decoding=\"async\" src=\"https:\/\/v2charge.com\/wp-content\/uploads\/2021\/12\/Screenshot_2021-12-31-13-46-38-406_com.v2charge.app_iphone12black_portrait-542x1024.png\" alt=\"\" width=\"271\" height=\"512\"\/><\/figure>\n\n\n\n<p>Accedendo al menu di configurazione in basso, \u00e8 possibile selezionare la configurazione WIFI.<\/p>\n\n\n\n<figure><img decoding=\"async\" src=\"https:\/\/v2charge.com\/wp-content\/uploads\/2021\/12\/punto-de-recarga-conexion-wifi-542x1024.png\" alt=\"\" width=\"271\" height=\"512\"\/><\/figure>\n\n\n\n<figure><img decoding=\"async\" src=\"https:\/\/v2charge.com\/wp-content\/uploads\/2021\/12\/Screenshot_2021-12-31-12-39-11-135_com.v2charge.app-1_iphone12black_portrait-1-542x1024.png\" alt=\"\" width=\"271\" height=\"512\"\/><\/figure>\n\n\n\n<p>Sui dispositivi Android, se hai il Wifi attivato, ti mostrer\u00e0 automaticamente quelli disponibili, altrimenti devi scrivere il nome dell&#8217;SSID del Wifi, come viene nel router (rispettando le lettere maiuscole e minuscole). Inserisci la password.<br><br>A seconda dell&#8217;attrezzatura, si proceder\u00e0 al riavvio in quel momento. Dopo alcuni minuti di riavvio, il punto di ricarica con connessione a internet dovrebbe apparire nell&#8217;applicazione. Se questo non \u00e8 il caso, controllate che la password sia corretta. Troverai maggiori informazioni su come sapere se il dispositivo \u00e8 collegato nel manuale del punto di ricarica.<\/p>\n\n\n\n<blockquote class=\"is-layout-flow wp-block-quote-is-layout-flow\"><p><strong>Collega sempre il dispositivo a una rete wifi che arriva con un segnale corretto o installa un ripetitore wifi, altrimenti avrai problemi di disconnessione o malfunzionamenti. <\/strong><\/p><p><strong><strong>La configurazione di Reti Wifi con qualche tipo di protezione di sicurezza (firewall), blocco DHCP, blocco delle porte, ecc&#8230; normalmente legate alle aziende, dovrebbe essere fatta con il responsabile tecnico dell&#8217;azienda. Per ulteriori informazioni, si prega di contattare il nostro servizio di supporto.<\/strong><\/strong><\/p><\/blockquote>\n\n\n\n<p><\/p>\n","protected":false},"excerpt":{"rendered":"<p>Come connettere l\u2019e-Charger al WiFi? A seconda del modello che avete, il processo sar\u00e0 fatto in modi diversi. Tuttavia, tutti hanno in comune il fatto che deve essere fatto attraverso l&#8217;applicazione mobile, e che il Bluetooth deve essere attivato. L&#8217;uso del Bluetooth richiede l&#8217;abilitazione della localizzazione sulla maggior parte dei dispositivi Android. La connessione tra &#8230; <a title=\"Come connettere l\u2019e-Charger al WiFi?\" class=\"read-more\" href=\"https:\/\/v2charge.com\/it\/come-connettere-le-charger-al-wifi\/\" aria-label=\"Per saperne di pi\u00f9 su Come connettere l\u2019e-Charger al WiFi?\">Leggi tutto<\/a><\/p>\n","protected":false},"author":1,"featured_media":0,"parent":0,"menu_order":0,"comment_status":"closed","ping_status":"closed","template":"","meta":{"_eb_attr":"","content-type":"","_uag_custom_page_level_css":"","footnotes":""},"class_list":["post-75244","page","type-page","status-publish"],"yoast_head":"<!-- This site is optimized with the Yoast SEO plugin v25.3.1 - https:\/\/yoast.com\/wordpress\/plugins\/seo\/ -->\n<title>Come collegare il mio punto di ricarica elettrica al Wifi? | V2C<\/title>\n<meta name=\"description\" content=\"Vi spieghiamo come collegare il vostro punto di ricarica elettrica V2C al Wifi. Godetevi la tecnologia pi\u00f9 avanzata con i nostri caricabatterie elettronici.\" \/>\n<meta name=\"robots\" content=\"index, follow, max-snippet:-1, max-image-preview:large, max-video-preview:-1\" \/>\n<link rel=\"canonical\" href=\"https:\/\/v2charge.com\/it\/come-connettere-le-charger-al-wifi\/\" \/>\n<meta property=\"og:locale\" content=\"it_IT\" \/>\n<meta property=\"og:type\" content=\"article\" \/>\n<meta property=\"og:title\" content=\"Come collegare il mio punto di ricarica elettrica al Wifi? | V2C\" \/>\n<meta property=\"og:description\" content=\"Vi spieghiamo come collegare il vostro punto di ricarica elettrica V2C al Wifi. Godetevi la tecnologia pi\u00f9 avanzata con i nostri caricabatterie elettronici.\" \/>\n<meta property=\"og:url\" content=\"https:\/\/v2charge.com\/it\/come-connettere-le-charger-al-wifi\/\" \/>\n<meta property=\"og:site_name\" content=\"V2C\" \/>\n<meta property=\"article:publisher\" content=\"https:\/\/www.facebook.com\/V2C.Charge\" \/>\n<meta property=\"article:modified_time\" content=\"2023-06-13T14:04:47+00:00\" \/>\n<meta property=\"og:image\" content=\"https:\/\/v2charge.com\/wp-content\/uploads\/2021\/12\/Screenshot_2021-12-31-13-46-22-685_com.v2charge.app_iphone12black_portrait-542x1024.png\" \/>\n<meta name=\"twitter:card\" content=\"summary_large_image\" \/>\n<meta name=\"twitter:site\" content=\"@V2C_Charge\" \/>\n<meta name=\"twitter:label1\" content=\"Tempo di lettura stimato\" \/>\n\t<meta name=\"twitter:data1\" content=\"3 minuti\" \/>\n<script type=\"application\/ld+json\" class=\"yoast-schema-graph\">{\"@context\":\"https:\/\/schema.org\",\"@graph\":[{\"@type\":\"WebPage\",\"@id\":\"https:\/\/v2charge.com\/it\/come-connettere-le-charger-al-wifi\/\",\"url\":\"https:\/\/v2charge.com\/it\/come-connettere-le-charger-al-wifi\/\",\"name\":\"Come collegare il mio punto di ricarica elettrica al Wifi? | V2C\",\"isPartOf\":{\"@id\":\"https:\/\/v2charge.com\/it\/#website\"},\"primaryImageOfPage\":{\"@id\":\"https:\/\/v2charge.com\/it\/come-connettere-le-charger-al-wifi\/#primaryimage\"},\"image\":{\"@id\":\"https:\/\/v2charge.com\/it\/come-connettere-le-charger-al-wifi\/#primaryimage\"},\"thumbnailUrl\":\"https:\/\/v2charge.com\/wp-content\/uploads\/2021\/12\/Screenshot_2021-12-31-13-46-22-685_com.v2charge.app_iphone12black_portrait-542x1024.png\",\"datePublished\":\"2022-02-10T13:14:24+00:00\",\"dateModified\":\"2023-06-13T14:04:47+00:00\",\"description\":\"Vi spieghiamo come collegare il vostro punto di ricarica elettrica V2C al Wifi. Godetevi la tecnologia pi\u00f9 avanzata con i nostri caricabatterie elettronici.\",\"breadcrumb\":{\"@id\":\"https:\/\/v2charge.com\/it\/come-connettere-le-charger-al-wifi\/#breadcrumb\"},\"inLanguage\":\"it-IT\",\"potentialAction\":[{\"@type\":\"ReadAction\",\"target\":[\"https:\/\/v2charge.com\/it\/come-connettere-le-charger-al-wifi\/\"]}]},{\"@type\":\"ImageObject\",\"inLanguage\":\"it-IT\",\"@id\":\"https:\/\/v2charge.com\/it\/come-connettere-le-charger-al-wifi\/#primaryimage\",\"url\":\"https:\/\/v2charge.com\/wp-content\/uploads\/2021\/12\/Screenshot_2021-12-31-13-46-22-685_com.v2charge.app_iphone12black_portrait-542x1024.png\",\"contentUrl\":\"https:\/\/v2charge.com\/wp-content\/uploads\/2021\/12\/Screenshot_2021-12-31-13-46-22-685_com.v2charge.app_iphone12black_portrait-542x1024.png\"},{\"@type\":\"BreadcrumbList\",\"@id\":\"https:\/\/v2charge.com\/it\/come-connettere-le-charger-al-wifi\/#breadcrumb\",\"itemListElement\":[{\"@type\":\"ListItem\",\"position\":1,\"name\":\"V2C\",\"item\":\"https:\/\/v2charge.com\/it\/\"},{\"@type\":\"ListItem\",\"position\":2,\"name\":\"Come connettere l\u2019e-Charger al WiFi?\"}]},{\"@type\":\"WebSite\",\"@id\":\"https:\/\/v2charge.com\/it\/#website\",\"url\":\"https:\/\/v2charge.com\/it\/\",\"name\":\"V2C\",\"description\":\"#CargandoElMa\u00f1ana\",\"publisher\":{\"@id\":\"https:\/\/v2charge.com\/it\/#organization\"},\"potentialAction\":[{\"@type\":\"SearchAction\",\"target\":{\"@type\":\"EntryPoint\",\"urlTemplate\":\"https:\/\/v2charge.com\/it\/?s={search_term_string}\"},\"query-input\":{\"@type\":\"PropertyValueSpecification\",\"valueRequired\":true,\"valueName\":\"search_term_string\"}}],\"inLanguage\":\"it-IT\"},{\"@type\":\"Organization\",\"@id\":\"https:\/\/v2charge.com\/it\/#organization\",\"name\":\"V2C\",\"url\":\"https:\/\/v2charge.com\/it\/\",\"logo\":{\"@type\":\"ImageObject\",\"inLanguage\":\"it-IT\",\"@id\":\"https:\/\/v2charge.com\/it\/#\/schema\/logo\/image\/\",\"url\":\"https:\/\/v2charge.com\/wp-content\/uploads\/2024\/11\/cropped-v2c-charge-logo-menu.png\",\"contentUrl\":\"https:\/\/v2charge.com\/wp-content\/uploads\/2024\/11\/cropped-v2c-charge-logo-menu.png\",\"width\":984,\"height\":431,\"caption\":\"V2C\"},\"image\":{\"@id\":\"https:\/\/v2charge.com\/it\/#\/schema\/logo\/image\/\"},\"sameAs\":[\"https:\/\/www.facebook.com\/V2C.Charge\",\"https:\/\/x.com\/V2C_Charge\",\"https:\/\/www.instagram.com\/v2c.charge\/\",\"https:\/\/www.youtube.com\/@V2C\",\"https:\/\/www.linkedin.com\/company\/v2c-chargers\/\"]}]}<\/script>\n<!-- \/ Yoast SEO plugin. -->","yoast_head_json":{"title":"Come collegare il mio punto di ricarica elettrica al Wifi? | V2C","description":"Vi spieghiamo come collegare il vostro punto di ricarica elettrica V2C al Wifi. Godetevi la tecnologia pi\u00f9 avanzata con i nostri caricabatterie elettronici.","robots":{"index":"index","follow":"follow","max-snippet":"max-snippet:-1","max-image-preview":"max-image-preview:large","max-video-preview":"max-video-preview:-1"},"canonical":"https:\/\/v2charge.com\/it\/come-connettere-le-charger-al-wifi\/","og_locale":"it_IT","og_type":"article","og_title":"Come collegare il mio punto di ricarica elettrica al Wifi? | V2C","og_description":"Vi spieghiamo come collegare il vostro punto di ricarica elettrica V2C al Wifi. Godetevi la tecnologia pi\u00f9 avanzata con i nostri caricabatterie elettronici.","og_url":"https:\/\/v2charge.com\/it\/come-connettere-le-charger-al-wifi\/","og_site_name":"V2C","article_publisher":"https:\/\/www.facebook.com\/V2C.Charge","article_modified_time":"2023-06-13T14:04:47+00:00","og_image":[{"url":"https:\/\/v2charge.com\/wp-content\/uploads\/2021\/12\/Screenshot_2021-12-31-13-46-22-685_com.v2charge.app_iphone12black_portrait-542x1024.png","type":"","width":"","height":""}],"twitter_card":"summary_large_image","twitter_site":"@V2C_Charge","twitter_misc":{"Tempo di lettura stimato":"3 minuti"},"schema":{"@context":"https:\/\/schema.org","@graph":[{"@type":"WebPage","@id":"https:\/\/v2charge.com\/it\/come-connettere-le-charger-al-wifi\/","url":"https:\/\/v2charge.com\/it\/come-connettere-le-charger-al-wifi\/","name":"Come collegare il mio punto di ricarica elettrica al Wifi? | V2C","isPartOf":{"@id":"https:\/\/v2charge.com\/it\/#website"},"primaryImageOfPage":{"@id":"https:\/\/v2charge.com\/it\/come-connettere-le-charger-al-wifi\/#primaryimage"},"image":{"@id":"https:\/\/v2charge.com\/it\/come-connettere-le-charger-al-wifi\/#primaryimage"},"thumbnailUrl":"https:\/\/v2charge.com\/wp-content\/uploads\/2021\/12\/Screenshot_2021-12-31-13-46-22-685_com.v2charge.app_iphone12black_portrait-542x1024.png","datePublished":"2022-02-10T13:14:24+00:00","dateModified":"2023-06-13T14:04:47+00:00","description":"Vi spieghiamo come collegare il vostro punto di ricarica elettrica V2C al Wifi. Godetevi la tecnologia pi\u00f9 avanzata con i nostri caricabatterie elettronici.","breadcrumb":{"@id":"https:\/\/v2charge.com\/it\/come-connettere-le-charger-al-wifi\/#breadcrumb"},"inLanguage":"it-IT","potentialAction":[{"@type":"ReadAction","target":["https:\/\/v2charge.com\/it\/come-connettere-le-charger-al-wifi\/"]}]},{"@type":"ImageObject","inLanguage":"it-IT","@id":"https:\/\/v2charge.com\/it\/come-connettere-le-charger-al-wifi\/#primaryimage","url":"https:\/\/v2charge.com\/wp-content\/uploads\/2021\/12\/Screenshot_2021-12-31-13-46-22-685_com.v2charge.app_iphone12black_portrait-542x1024.png","contentUrl":"https:\/\/v2charge.com\/wp-content\/uploads\/2021\/12\/Screenshot_2021-12-31-13-46-22-685_com.v2charge.app_iphone12black_portrait-542x1024.png"},{"@type":"BreadcrumbList","@id":"https:\/\/v2charge.com\/it\/come-connettere-le-charger-al-wifi\/#breadcrumb","itemListElement":[{"@type":"ListItem","position":1,"name":"V2C","item":"https:\/\/v2charge.com\/it\/"},{"@type":"ListItem","position":2,"name":"Come connettere l\u2019e-Charger al WiFi?"}]},{"@type":"WebSite","@id":"https:\/\/v2charge.com\/it\/#website","url":"https:\/\/v2charge.com\/it\/","name":"V2C","description":"#CargandoElMa\u00f1ana","publisher":{"@id":"https:\/\/v2charge.com\/it\/#organization"},"potentialAction":[{"@type":"SearchAction","target":{"@type":"EntryPoint","urlTemplate":"https:\/\/v2charge.com\/it\/?s={search_term_string}"},"query-input":{"@type":"PropertyValueSpecification","valueRequired":true,"valueName":"search_term_string"}}],"inLanguage":"it-IT"},{"@type":"Organization","@id":"https:\/\/v2charge.com\/it\/#organization","name":"V2C","url":"https:\/\/v2charge.com\/it\/","logo":{"@type":"ImageObject","inLanguage":"it-IT","@id":"https:\/\/v2charge.com\/it\/#\/schema\/logo\/image\/","url":"https:\/\/v2charge.com\/wp-content\/uploads\/2024\/11\/cropped-v2c-charge-logo-menu.png","contentUrl":"https:\/\/v2charge.com\/wp-content\/uploads\/2024\/11\/cropped-v2c-charge-logo-menu.png","width":984,"height":431,"caption":"V2C"},"image":{"@id":"https:\/\/v2charge.com\/it\/#\/schema\/logo\/image\/"},"sameAs":["https:\/\/www.facebook.com\/V2C.Charge","https:\/\/x.com\/V2C_Charge","https:\/\/www.instagram.com\/v2c.charge\/","https:\/\/www.youtube.com\/@V2C","https:\/\/www.linkedin.com\/company\/v2c-chargers\/"]}]}},"uagb_featured_image_src":{"full":false,"thumbnail":false,"medium":false,"medium_large":false,"large":false,"gs-tiny":false,"xl":false,"xxl":false,"xxxl":false,"xxxxl":false,"xxxxxl":false,"1536x1536":false,"2048x2048":false},"uagb_author_info":{"display_name":"V2C","author_link":"https:\/\/v2charge.com\/it\/author\/root_k4eu7ki8\/"},"uagb_comment_info":0,"uagb_excerpt":"Come connettere l\u2019e-Charger al WiFi? A seconda del modello che avete, il processo sar\u00e0 fatto in modi diversi. Tuttavia, tutti hanno in comune il fatto che deve essere fatto attraverso l&#8217;applicazione mobile, e che il Bluetooth deve essere attivato. L&#8217;uso del Bluetooth richiede l&#8217;abilitazione della localizzazione sulla maggior parte dei dispositivi Android. La connessione tra&hellip;","_links":{"self":[{"href":"https:\/\/v2charge.com\/it\/wp-json\/wp\/v2\/pages\/75244","targetHints":{"allow":["GET"]}}],"collection":[{"href":"https:\/\/v2charge.com\/it\/wp-json\/wp\/v2\/pages"}],"about":[{"href":"https:\/\/v2charge.com\/it\/wp-json\/wp\/v2\/types\/page"}],"author":[{"embeddable":true,"href":"https:\/\/v2charge.com\/it\/wp-json\/wp\/v2\/users\/1"}],"replies":[{"embeddable":true,"href":"https:\/\/v2charge.com\/it\/wp-json\/wp\/v2\/comments?post=75244"}],"version-history":[{"count":0,"href":"https:\/\/v2charge.com\/it\/wp-json\/wp\/v2\/pages\/75244\/revisions"}],"wp:attachment":[{"href":"https:\/\/v2charge.com\/it\/wp-json\/wp\/v2\/media?parent=75244"}],"curies":[{"name":"wp","href":"https:\/\/api.w.org\/{rel}","templated":true}]}}