{"id":75256,"date":"2022-02-10T14:53:22","date_gmt":"2022-02-10T14:53:22","guid":{"rendered":"https:\/\/v2charge.com\/?page_id=75256"},"modified":"2023-06-14T06:37:19","modified_gmt":"2023-06-14T06:37:19","slug":"come-faccio-a-sapere-se-il-mio-e-charger-e-collegato-a-internet","status":"publish","type":"page","link":"https:\/\/v2charge.com\/it\/come-faccio-a-sapere-se-il-mio-e-charger-e-collegato-a-internet\/","title":{"rendered":"Come faccio a sapere se il mio e-Charger \u00e8 collegato a Internet?"},"content":{"rendered":"<h1>Come faccio a sapere se il mio e-Charger \u00e8 collegato a Internet?<\/h1>\n\n\n<p>Per sapere attraverso il sito web o applicazione se il suo punto di ricarica \u00e8 collegato a internet, trover\u00e0 l&#8217;informazione direttamente sulla sua homepage attraverso il segnale d&#8217;onda che segnaliamo qui sotto.<\/p>\n\n\n\n<h2 class=\"wp-block-heading\">Tramite l&#8217;APP:<\/h2>\n\n\n\n<p>Onde nel punto di ricarica.<\/p>\n\n\n\n<figure><img decoding=\"async\" src=\"https:\/\/v2charge.com\/wp-content\/uploads\/2022\/01\/conexion-a-internet-punto-de-recarga_iphone12black_portrait-542x1024.png\" alt=\"\" width=\"271\" height=\"512\"\/><\/figure>\n\n\n\n<p>Se accedi al punto di ricarica attraverso l&#8217;applicazione e non hai una connessione Bluetooth o Wifi, vedrai la seguente schermata<\/p>\n\n\n\n<figure><img decoding=\"async\" src=\"https:\/\/v2charge.com\/wp-content\/uploads\/2022\/01\/WhatsApp-Image-2022-01-04-at-09.37.34_iphone12black_portrait-542x1024.png\" alt=\"\" width=\"271\" height=\"512\"\/><\/figure>\n\n\n\n<h2 class=\"wp-block-heading\">Tramite il computer:<\/h2>\n\n\n\n<p>Sul sito v2c.cloud, inserendo il caricatore se \u00e8 offline, apparir\u00e0 l&#8217;immagine qui sotto:<\/p>\n\n\n\n<figure><img decoding=\"async\" src=\"https:\/\/v2charge.com\/wp-content\/uploads\/2022\/01\/Captura-1024x396.png\" alt=\"\"\/><figcaption>Attrezzatura senza connessione<\/figcaption><\/figure>\n\n\n\n<p><\/p>\n\n\n\n<figure><img decoding=\"async\" src=\"https:\/\/v2charge.com\/wp-content\/uploads\/2022\/01\/Captura2-1024x436.png\" alt=\"\"\/><figcaption>Attrezzatura con connessione<\/figcaption><\/figure>\n","protected":false},"excerpt":{"rendered":"<p>Come faccio a sapere se il mio e-Charger \u00e8 collegato a Internet? Per sapere attraverso il sito web o applicazione se il suo punto di ricarica \u00e8 collegato a internet, trover\u00e0 l&#8217;informazione direttamente sulla sua homepage attraverso il segnale d&#8217;onda che segnaliamo qui sotto. Tramite l&#8217;APP: Onde nel punto di ricarica. Se accedi al punto &#8230; <a title=\"Come faccio a sapere se il mio e-Charger \u00e8 collegato a Internet?\" class=\"read-more\" href=\"https:\/\/v2charge.com\/it\/come-faccio-a-sapere-se-il-mio-e-charger-e-collegato-a-internet\/\" aria-label=\"Per saperne di pi\u00f9 su Come faccio a sapere se il mio e-Charger \u00e8 collegato a Internet?\">Leggi tutto<\/a><\/p>\n","protected":false},"author":1,"featured_media":170351,"parent":0,"menu_order":0,"comment_status":"closed","ping_status":"closed","template":"","meta":{"_eb_attr":"","content-type":"","_uag_custom_page_level_css":"","footnotes":""},"class_list":["post-75256","page","type-page","status-publish","has-post-thumbnail"],"yoast_head":"<!-- This site is optimized with the Yoast SEO plugin v25.3.1 - https:\/\/yoast.com\/wordpress\/plugins\/seo\/ -->\n<title>Come sapere se il caricabatterie V2C \u00e8 connesso a Internet | V2C<\/title>\n<meta name=\"description\" content=\"Vi spieghiamo come sapere se il vostro punto di ricarica V2C \u00e8 connesso o meno a Internet attraverso l&#039;app V2C Cloud o dal vostro computer.\" \/>\n<meta name=\"robots\" content=\"index, follow, max-snippet:-1, max-image-preview:large, max-video-preview:-1\" \/>\n<link rel=\"canonical\" href=\"https:\/\/v2charge.com\/it\/come-faccio-a-sapere-se-il-mio-e-charger-e-collegato-a-internet\/\" \/>\n<meta property=\"og:locale\" content=\"it_IT\" \/>\n<meta property=\"og:type\" content=\"article\" \/>\n<meta property=\"og:title\" content=\"Come sapere se il caricabatterie V2C \u00e8 connesso a Internet | V2C\" \/>\n<meta property=\"og:description\" content=\"Vi spieghiamo come sapere se il vostro punto di ricarica V2C \u00e8 connesso o meno a Internet attraverso l&#039;app V2C Cloud o dal vostro computer.\" \/>\n<meta property=\"og:url\" content=\"https:\/\/v2charge.com\/it\/come-faccio-a-sapere-se-il-mio-e-charger-e-collegato-a-internet\/\" \/>\n<meta property=\"og:site_name\" content=\"V2C\" \/>\n<meta property=\"article:publisher\" content=\"https:\/\/www.facebook.com\/V2C.Charge\" \/>\n<meta property=\"article:modified_time\" content=\"2023-06-14T06:37:19+00:00\" \/>\n<meta property=\"og:image\" content=\"https:\/\/v2charge.com\/wp-content\/uploads\/2022\/01\/conexion-a-internet-punto-de-recarga_iphone12black_portrait-542x1024.png\" \/>\n<meta name=\"twitter:card\" content=\"summary_large_image\" \/>\n<meta name=\"twitter:site\" content=\"@V2C_Charge\" \/>\n<meta name=\"twitter:label1\" content=\"Tempo di lettura stimato\" \/>\n\t<meta name=\"twitter:data1\" content=\"2 minuti\" \/>\n<script type=\"application\/ld+json\" class=\"yoast-schema-graph\">{\"@context\":\"https:\/\/schema.org\",\"@graph\":[{\"@type\":\"WebPage\",\"@id\":\"https:\/\/v2charge.com\/it\/come-faccio-a-sapere-se-il-mio-e-charger-e-collegato-a-internet\/\",\"url\":\"https:\/\/v2charge.com\/it\/come-faccio-a-sapere-se-il-mio-e-charger-e-collegato-a-internet\/\",\"name\":\"Come sapere se il caricabatterie V2C \u00e8 connesso a Internet | V2C\",\"isPartOf\":{\"@id\":\"https:\/\/v2charge.com\/it\/#website\"},\"primaryImageOfPage\":{\"@id\":\"https:\/\/v2charge.com\/it\/come-faccio-a-sapere-se-il-mio-e-charger-e-collegato-a-internet\/#primaryimage\"},\"image\":{\"@id\":\"https:\/\/v2charge.com\/it\/come-faccio-a-sapere-se-il-mio-e-charger-e-collegato-a-internet\/#primaryimage\"},\"thumbnailUrl\":\"https:\/\/v2charge.com\/wp-content\/uploads\/2024\/07\/v2c-electric-chargers.jpg\",\"datePublished\":\"2022-02-10T14:53:22+00:00\",\"dateModified\":\"2023-06-14T06:37:19+00:00\",\"description\":\"Vi spieghiamo come sapere se il vostro punto di ricarica V2C \u00e8 connesso o meno a Internet attraverso l'app V2C Cloud o dal vostro computer.\",\"breadcrumb\":{\"@id\":\"https:\/\/v2charge.com\/it\/come-faccio-a-sapere-se-il-mio-e-charger-e-collegato-a-internet\/#breadcrumb\"},\"inLanguage\":\"it-IT\",\"potentialAction\":[{\"@type\":\"ReadAction\",\"target\":[\"https:\/\/v2charge.com\/it\/come-faccio-a-sapere-se-il-mio-e-charger-e-collegato-a-internet\/\"]}]},{\"@type\":\"ImageObject\",\"inLanguage\":\"it-IT\",\"@id\":\"https:\/\/v2charge.com\/it\/come-faccio-a-sapere-se-il-mio-e-charger-e-collegato-a-internet\/#primaryimage\",\"url\":\"https:\/\/v2charge.com\/wp-content\/uploads\/2024\/07\/v2c-electric-chargers.jpg\",\"contentUrl\":\"https:\/\/v2charge.com\/wp-content\/uploads\/2024\/07\/v2c-electric-chargers.jpg\",\"width\":1200,\"height\":675,\"caption\":\"V2C Electric Chargers\"},{\"@type\":\"BreadcrumbList\",\"@id\":\"https:\/\/v2charge.com\/it\/come-faccio-a-sapere-se-il-mio-e-charger-e-collegato-a-internet\/#breadcrumb\",\"itemListElement\":[{\"@type\":\"ListItem\",\"position\":1,\"name\":\"V2C\",\"item\":\"https:\/\/v2charge.com\/it\/\"},{\"@type\":\"ListItem\",\"position\":2,\"name\":\"Come faccio a sapere se il mio e-Charger \u00e8 collegato a Internet?\"}]},{\"@type\":\"WebSite\",\"@id\":\"https:\/\/v2charge.com\/it\/#website\",\"url\":\"https:\/\/v2charge.com\/it\/\",\"name\":\"V2C\",\"description\":\"#CargandoElMa\u00f1ana\",\"publisher\":{\"@id\":\"https:\/\/v2charge.com\/it\/#organization\"},\"potentialAction\":[{\"@type\":\"SearchAction\",\"target\":{\"@type\":\"EntryPoint\",\"urlTemplate\":\"https:\/\/v2charge.com\/it\/?s={search_term_string}\"},\"query-input\":{\"@type\":\"PropertyValueSpecification\",\"valueRequired\":true,\"valueName\":\"search_term_string\"}}],\"inLanguage\":\"it-IT\"},{\"@type\":\"Organization\",\"@id\":\"https:\/\/v2charge.com\/it\/#organization\",\"name\":\"V2C\",\"url\":\"https:\/\/v2charge.com\/it\/\",\"logo\":{\"@type\":\"ImageObject\",\"inLanguage\":\"it-IT\",\"@id\":\"https:\/\/v2charge.com\/it\/#\/schema\/logo\/image\/\",\"url\":\"https:\/\/v2charge.com\/wp-content\/uploads\/2024\/11\/cropped-v2c-charge-logo-menu.png\",\"contentUrl\":\"https:\/\/v2charge.com\/wp-content\/uploads\/2024\/11\/cropped-v2c-charge-logo-menu.png\",\"width\":984,\"height\":431,\"caption\":\"V2C\"},\"image\":{\"@id\":\"https:\/\/v2charge.com\/it\/#\/schema\/logo\/image\/\"},\"sameAs\":[\"https:\/\/www.facebook.com\/V2C.Charge\",\"https:\/\/x.com\/V2C_Charge\",\"https:\/\/www.instagram.com\/v2c.charge\/\",\"https:\/\/www.youtube.com\/@V2C\",\"https:\/\/www.linkedin.com\/company\/v2c-chargers\/\"]}]}<\/script>\n<!-- \/ Yoast SEO plugin. -->","yoast_head_json":{"title":"Come sapere se il caricabatterie V2C \u00e8 connesso a Internet | V2C","description":"Vi spieghiamo come sapere se il vostro punto di ricarica V2C \u00e8 connesso o meno a Internet attraverso l'app V2C Cloud o dal vostro computer.","robots":{"index":"index","follow":"follow","max-snippet":"max-snippet:-1","max-image-preview":"max-image-preview:large","max-video-preview":"max-video-preview:-1"},"canonical":"https:\/\/v2charge.com\/it\/come-faccio-a-sapere-se-il-mio-e-charger-e-collegato-a-internet\/","og_locale":"it_IT","og_type":"article","og_title":"Come sapere se il caricabatterie V2C \u00e8 connesso a Internet | V2C","og_description":"Vi spieghiamo come sapere se il vostro punto di ricarica V2C \u00e8 connesso o meno a Internet attraverso l'app V2C Cloud o dal vostro computer.","og_url":"https:\/\/v2charge.com\/it\/come-faccio-a-sapere-se-il-mio-e-charger-e-collegato-a-internet\/","og_site_name":"V2C","article_publisher":"https:\/\/www.facebook.com\/V2C.Charge","article_modified_time":"2023-06-14T06:37:19+00:00","og_image":[{"url":"https:\/\/v2charge.com\/wp-content\/uploads\/2022\/01\/conexion-a-internet-punto-de-recarga_iphone12black_portrait-542x1024.png","type":"","width":"","height":""}],"twitter_card":"summary_large_image","twitter_site":"@V2C_Charge","twitter_misc":{"Tempo di lettura stimato":"2 minuti"},"schema":{"@context":"https:\/\/schema.org","@graph":[{"@type":"WebPage","@id":"https:\/\/v2charge.com\/it\/come-faccio-a-sapere-se-il-mio-e-charger-e-collegato-a-internet\/","url":"https:\/\/v2charge.com\/it\/come-faccio-a-sapere-se-il-mio-e-charger-e-collegato-a-internet\/","name":"Come sapere se il caricabatterie V2C \u00e8 connesso a Internet | V2C","isPartOf":{"@id":"https:\/\/v2charge.com\/it\/#website"},"primaryImageOfPage":{"@id":"https:\/\/v2charge.com\/it\/come-faccio-a-sapere-se-il-mio-e-charger-e-collegato-a-internet\/#primaryimage"},"image":{"@id":"https:\/\/v2charge.com\/it\/come-faccio-a-sapere-se-il-mio-e-charger-e-collegato-a-internet\/#primaryimage"},"thumbnailUrl":"https:\/\/v2charge.com\/wp-content\/uploads\/2024\/07\/v2c-electric-chargers.jpg","datePublished":"2022-02-10T14:53:22+00:00","dateModified":"2023-06-14T06:37:19+00:00","description":"Vi spieghiamo come sapere se il vostro punto di ricarica V2C \u00e8 connesso o meno a Internet attraverso l'app V2C Cloud o dal vostro computer.","breadcrumb":{"@id":"https:\/\/v2charge.com\/it\/come-faccio-a-sapere-se-il-mio-e-charger-e-collegato-a-internet\/#breadcrumb"},"inLanguage":"it-IT","potentialAction":[{"@type":"ReadAction","target":["https:\/\/v2charge.com\/it\/come-faccio-a-sapere-se-il-mio-e-charger-e-collegato-a-internet\/"]}]},{"@type":"ImageObject","inLanguage":"it-IT","@id":"https:\/\/v2charge.com\/it\/come-faccio-a-sapere-se-il-mio-e-charger-e-collegato-a-internet\/#primaryimage","url":"https:\/\/v2charge.com\/wp-content\/uploads\/2024\/07\/v2c-electric-chargers.jpg","contentUrl":"https:\/\/v2charge.com\/wp-content\/uploads\/2024\/07\/v2c-electric-chargers.jpg","width":1200,"height":675,"caption":"V2C Electric Chargers"},{"@type":"BreadcrumbList","@id":"https:\/\/v2charge.com\/it\/come-faccio-a-sapere-se-il-mio-e-charger-e-collegato-a-internet\/#breadcrumb","itemListElement":[{"@type":"ListItem","position":1,"name":"V2C","item":"https:\/\/v2charge.com\/it\/"},{"@type":"ListItem","position":2,"name":"Come faccio a sapere se il mio e-Charger \u00e8 collegato a Internet?"}]},{"@type":"WebSite","@id":"https:\/\/v2charge.com\/it\/#website","url":"https:\/\/v2charge.com\/it\/","name":"V2C","description":"#CargandoElMa\u00f1ana","publisher":{"@id":"https:\/\/v2charge.com\/it\/#organization"},"potentialAction":[{"@type":"SearchAction","target":{"@type":"EntryPoint","urlTemplate":"https:\/\/v2charge.com\/it\/?s={search_term_string}"},"query-input":{"@type":"PropertyValueSpecification","valueRequired":true,"valueName":"search_term_string"}}],"inLanguage":"it-IT"},{"@type":"Organization","@id":"https:\/\/v2charge.com\/it\/#organization","name":"V2C","url":"https:\/\/v2charge.com\/it\/","logo":{"@type":"ImageObject","inLanguage":"it-IT","@id":"https:\/\/v2charge.com\/it\/#\/schema\/logo\/image\/","url":"https:\/\/v2charge.com\/wp-content\/uploads\/2024\/11\/cropped-v2c-charge-logo-menu.png","contentUrl":"https:\/\/v2charge.com\/wp-content\/uploads\/2024\/11\/cropped-v2c-charge-logo-menu.png","width":984,"height":431,"caption":"V2C"},"image":{"@id":"https:\/\/v2charge.com\/it\/#\/schema\/logo\/image\/"},"sameAs":["https:\/\/www.facebook.com\/V2C.Charge","https:\/\/x.com\/V2C_Charge","https:\/\/www.instagram.com\/v2c.charge\/","https:\/\/www.youtube.com\/@V2C","https:\/\/www.linkedin.com\/company\/v2c-chargers\/"]}]}},"uagb_featured_image_src":{"full":["https:\/\/v2charge.com\/wp-content\/uploads\/2024\/07\/v2c-electric-chargers.jpg",1200,675,false],"thumbnail":["https:\/\/v2charge.com\/wp-content\/uploads\/2024\/07\/v2c-electric-chargers-150x150.jpg",150,150,true],"medium":["https:\/\/v2charge.com\/wp-content\/uploads\/2024\/07\/v2c-electric-chargers-300x169.jpg",300,169,true],"medium_large":["https:\/\/v2charge.com\/wp-content\/uploads\/2024\/07\/v2c-electric-chargers-768x432.jpg",768,432,true],"large":["https:\/\/v2charge.com\/wp-content\/uploads\/2024\/07\/v2c-electric-chargers-1024x576.jpg",1024,576,true],"gs-tiny":["https:\/\/v2charge.com\/wp-content\/uploads\/2024\/07\/v2c-electric-chargers.jpg",50,28,false],"xl":["https:\/\/v2charge.com\/wp-content\/uploads\/2024\/07\/v2c-electric-chargers.jpg",1200,675,false],"xxl":["https:\/\/v2charge.com\/wp-content\/uploads\/2024\/07\/v2c-electric-chargers.jpg",1200,675,false],"xxxl":["https:\/\/v2charge.com\/wp-content\/uploads\/2024\/07\/v2c-electric-chargers.jpg",1200,675,false],"xxxxl":["https:\/\/v2charge.com\/wp-content\/uploads\/2024\/07\/v2c-electric-chargers.jpg",1200,675,false],"xxxxxl":["https:\/\/v2charge.com\/wp-content\/uploads\/2024\/07\/v2c-electric-chargers.jpg",1200,675,false],"1536x1536":["https:\/\/v2charge.com\/wp-content\/uploads\/2024\/07\/v2c-electric-chargers.jpg",1200,675,false],"2048x2048":["https:\/\/v2charge.com\/wp-content\/uploads\/2024\/07\/v2c-electric-chargers.jpg",1200,675,false]},"uagb_author_info":{"display_name":"V2C","author_link":"https:\/\/v2charge.com\/it\/author\/root_k4eu7ki8\/"},"uagb_comment_info":0,"uagb_excerpt":"Come faccio a sapere se il mio e-Charger \u00e8 collegato a Internet? Per sapere attraverso il sito web o applicazione se il suo punto di ricarica \u00e8 collegato a internet, trover\u00e0 l&#8217;informazione direttamente sulla sua homepage attraverso il segnale d&#8217;onda che segnaliamo qui sotto. Tramite l&#8217;APP: Onde nel punto di ricarica. Se accedi al punto&hellip;","_links":{"self":[{"href":"https:\/\/v2charge.com\/it\/wp-json\/wp\/v2\/pages\/75256","targetHints":{"allow":["GET"]}}],"collection":[{"href":"https:\/\/v2charge.com\/it\/wp-json\/wp\/v2\/pages"}],"about":[{"href":"https:\/\/v2charge.com\/it\/wp-json\/wp\/v2\/types\/page"}],"author":[{"embeddable":true,"href":"https:\/\/v2charge.com\/it\/wp-json\/wp\/v2\/users\/1"}],"replies":[{"embeddable":true,"href":"https:\/\/v2charge.com\/it\/wp-json\/wp\/v2\/comments?post=75256"}],"version-history":[{"count":0,"href":"https:\/\/v2charge.com\/it\/wp-json\/wp\/v2\/pages\/75256\/revisions"}],"wp:featuredmedia":[{"embeddable":true,"href":"https:\/\/v2charge.com\/it\/wp-json\/wp\/v2\/media\/170351"}],"wp:attachment":[{"href":"https:\/\/v2charge.com\/it\/wp-json\/wp\/v2\/media?parent=75256"}],"curies":[{"name":"wp","href":"https:\/\/api.w.org\/{rel}","templated":true}]}}