{"id":75282,"date":"2022-02-11T07:09:47","date_gmt":"2022-02-11T07:09:47","guid":{"rendered":"https:\/\/v2charge.com\/?page_id=75282"},"modified":"2026-01-09T17:54:33","modified_gmt":"2026-01-09T15:54:33","slug":"ottenere-token-api-rest-cloud","status":"publish","type":"page","link":"https:\/\/v2charge.com\/it\/supporto\/v2c-cloud\/ottenere-token-api-rest-cloud\/","title":{"rendered":"Come far funzionare il token tramite API?"},"content":{"rendered":"\n<div class=\"wp-block-uagb-container uagb-block-2bbb96f3 alignfull uagb-is-root-container\"><div class=\"uagb-container-inner-blocks-wrap\"><div class=\"yoast-breadcrumbs\"><span><span><a href=\"https:\/\/v2charge.com\/it\/\">V2C<\/a><\/span> \u00bb <span><a href=\"https:\/\/v2charge.com\/it\/supporto\/\">Area di supporto<\/a><\/span> \u00bb <span><a href=\"https:\/\/v2charge.com\/it\/supporto\/v2c-cloud\/\">Supporto V2C Cloud<\/a><\/span> \u00bb <span class=\"breadcrumb_last\" aria-current=\"page\">Come far funzionare il token tramite API?<\/span><\/span><\/div>\n\n\n<h1 class=\"wp-block-heading\">Come far funzionare il token tramite API?<\/h1>\n\n\n\n<p>Una REST API, o RESTFUL API, \u00e8 un&#8217;interfaccia di programmazione di applicazioni (API o web API) che si inserisce nei confini dell&#8217;architettura REST e permette l&#8217;interazione con servizi web RESTful.<\/p>\n\n\n\n<p>Con l&#8217;API sarete in grado di utilizzare il punto di ricarica attraverso applicazioni\/servizi creati da voi stessi senza la necessit\u00e0 di utilizzare le app ufficiali. Vi permetter\u00e0 di creare automazioni o servizi interessanti nei nostri punti di ricarica attraverso la programmazione.<\/p>\n\n\n\n<p>Per ulteriori informazioni, si prega di fare riferimento alla <a href=\"https:\/\/api.v2charge.com\/\" target=\"_blank\" rel=\"noreferrer noopener\">documentazione Rest Cloud API<\/a>.<\/p>\n\n\n\n<div class=\"wp-block-uagb-slider uagb-block-3b42e577 uagb-slider-container\"><div class=\"uagb-slides uagb-swiper\"><div class=\"swiper-wrapper\">\n<div class=\"wp-block-uagb-slider-child uagb-slider-child-wrap swiper-slide uagb-block-4cae72c6\"><div class=\"swiper-content\">\n<div class=\"wp-block-uagb-container uagb-block-ad496432 alignfull uagb-is-root-container\"><div class=\"uagb-container-inner-blocks-wrap\">\n<div class=\"wp-block-uagb-info-box uagb-block-95d92034 uagb-infobox__content-wrap  uagb-infobox-icon-above-title uagb-infobox-image-valign-top\"><div class=\"uagb-ifb-content\"><div class=\"uagb-ifb-image-content\"><img decoding=\"async\" src=\"https:\/\/v2charge.com\/wp-content\/uploads\/2023\/11\/numero-uno.png\" alt=\"\" width=\"30\" height=\"30\" loading=\"lazy\"\/><\/div><div class=\"uagb-ifb-title-wrap\"><\/div><p class=\"uagb-ifb-desc\">Accedi alla piattaforma <a href=\"https:\/\/www.v2c.cloud\/\">v2c.cloud<\/a> e fai clic su &#8216;Utente&#8217;, situato in alto a sinistra<\/p><\/div><\/div>\n\n\n\n<div class=\"wp-block-uagb-image aligncenter uagb-block-5929cf85 wp-block-uagb-image--layout-default wp-block-uagb-image--effect-static wp-block-uagb-image--align-center\"><figure class=\"wp-block-uagb-image__figure\"><img decoding=\"async\" srcset=\"https:\/\/v2charge.com\/wp-content\/uploads\/2025\/10\/user-web.png ,https:\/\/v2charge.com\/wp-content\/uploads\/2025\/10\/user-web.png 780w, https:\/\/v2charge.com\/wp-content\/uploads\/2025\/10\/user-web.png 360w\" sizes=\"auto, (max-width: 480px) 150px\" src=\"https:\/\/v2charge.com\/wp-content\/uploads\/2025\/10\/user-web.png\" alt=\"\" class=\"uag-image-265379\" width=\"800\" height=\"470\" title=\"user-web\" loading=\"lazy\" role=\"img\"\/><\/figure><\/div>\n<\/div><\/div>\n<\/div><\/div>\n\n\n\n<div class=\"wp-block-uagb-slider-child uagb-slider-child-wrap swiper-slide uagb-block-87ab5b82\"><div class=\"swiper-content\">\n<div class=\"wp-block-uagb-container uagb-block-8fda0342 alignfull uagb-is-root-container\"><div class=\"uagb-container-inner-blocks-wrap\">\n<div class=\"wp-block-uagb-info-box uagb-block-68437ed9 uagb-infobox__content-wrap  uagb-infobox-icon-above-title uagb-infobox-image-valign-top\"><div class=\"uagb-ifb-content\"><div class=\"uagb-ifb-image-content\"><img decoding=\"async\" src=\"https:\/\/v2charge.com\/wp-content\/uploads\/2023\/11\/numero-dos.png\" alt=\"\" width=\"30\" height=\"30\" loading=\"lazy\"\/><\/div><div class=\"uagb-ifb-title-wrap\"><\/div><p class=\"uagb-ifb-desc\">Fai clic sulla sezione &#8216;API&#8217; del menu<\/p><\/div><\/div>\n\n\n\n<div class=\"wp-block-uagb-image aligncenter uagb-block-aedf30c6 wp-block-uagb-image--layout-default wp-block-uagb-image--effect-static wp-block-uagb-image--align-center\"><figure class=\"wp-block-uagb-image__figure\"><img decoding=\"async\" srcset=\"https:\/\/v2charge.com\/wp-content\/uploads\/2025\/10\/user-api.png ,https:\/\/v2charge.com\/wp-content\/uploads\/2025\/10\/user-api.png 780w, https:\/\/v2charge.com\/wp-content\/uploads\/2025\/10\/user-api.png 360w\" sizes=\"auto, (max-width: 480px) 150px\" src=\"https:\/\/v2charge.com\/wp-content\/uploads\/2025\/10\/user-api.png\" alt=\"\" class=\"uag-image-265390\" width=\"800\" height=\"470\" title=\"user-api\" loading=\"lazy\" role=\"img\"\/><\/figure><\/div>\n<\/div><\/div>\n<\/div><\/div>\n\n\n\n<div class=\"wp-block-uagb-slider-child uagb-slider-child-wrap swiper-slide uagb-block-ea46eed7\"><div class=\"swiper-content\">\n<div class=\"wp-block-uagb-container uagb-block-020e2cb0 alignfull uagb-is-root-container\"><div class=\"uagb-container-inner-blocks-wrap\">\n<div class=\"wp-block-uagb-info-box uagb-block-37093105 uagb-infobox__content-wrap  uagb-infobox-icon-above-title uagb-infobox-image-valign-top\"><div class=\"uagb-ifb-content\"><div class=\"uagb-ifb-image-content\"><img decoding=\"async\" src=\"https:\/\/v2charge.com\/wp-content\/uploads\/2023\/11\/numero-tres.png\" alt=\"\" width=\"30\" height=\"30\" loading=\"lazy\"\/><\/div><div class=\"uagb-ifb-title-wrap\"><\/div><p class=\"uagb-ifb-desc\">Fai clic sul pulsante &#8216;Ottieni token&#8217;<\/p><\/div><\/div>\n\n\n\n<div class=\"wp-block-uagb-image aligncenter uagb-block-b47ca29e wp-block-uagb-image--layout-default wp-block-uagb-image--effect-static wp-block-uagb-image--align-center\"><figure class=\"wp-block-uagb-image__figure\"><img decoding=\"async\" srcset=\"https:\/\/v2charge.com\/wp-content\/uploads\/2025\/10\/get-token.png ,https:\/\/v2charge.com\/wp-content\/uploads\/2025\/10\/get-token.png 780w, https:\/\/v2charge.com\/wp-content\/uploads\/2025\/10\/get-token.png 360w\" sizes=\"auto, (max-width: 480px) 150px\" src=\"https:\/\/v2charge.com\/wp-content\/uploads\/2025\/10\/get-token.png\" alt=\"\" class=\"uag-image-265401\" width=\"800\" height=\"470\" title=\"get-token\" loading=\"lazy\" role=\"img\"\/><\/figure><\/div>\n<\/div><\/div>\n<\/div><\/div>\n<\/div><\/div><div class=\"swiper-pagination\"><\/div><div class=\"swiper-button-prev\"><\/div><div class=\"swiper-button-next\"><\/div><\/div>\n\n\n\n<div style=\"height:60px\" aria-hidden=\"true\" class=\"wp-block-spacer\"><\/div>\n<\/div><\/div>\n\n\n\n<div class=\"wp-block-uagb-container uagb-block-c6f38013 alignfull uagb-is-root-container\"><div class=\"uagb-container-inner-blocks-wrap\">\n<div class=\"wp-block-uagb-advanced-heading uagb-block-6963d70c\"><h2 class=\"uagb-heading-text\"><strong>Hai bisogno di supporto tecnico?<\/strong><\/h2><\/div>\n\n\n\n<div class=\"wp-block-uagb-advanced-heading uagb-block-408243eb\"><p class=\"uagb-heading-text\">Resuelve tu incidencia al instante a trav\u00e9s de nuestro Chat con IA. Si no se resuelve, genera una solicitud en el Centro de Soporte T\u00e9cnico y nos pondremos en contacto contigo lo antes posible para ofrecerte la mejor soluci\u00f3n.<\/p><\/div>\n\n\n\n<div class=\"wp-block-uagb-info-box uagb-block-12e3cf1c uagb-infobox__content-wrap  uagb-infobox-icon-left uagb-infobox-left uagb-infobox-image-valign-top wp-block-uagb-info-box--has-margin ai-chatbot-button\"><div class=\"uagb-infobox-margin-wrapper\"><div class=\"uagb-ifb-image-content\"><img decoding=\"async\" src=\"https:\/\/v2charge.com\/wp-content\/uploads\/2026\/01\/support-ai-chatbot.png\" alt=\"\" width=\"20\" height=\"19\" loading=\"lazy\"\/><\/div><div class=\"uagb-ifb-content\"><div class=\"uagb-ifb-title-wrap\"><\/div><div class=\"uagb-ifb-button-wrapper wp-block-button\"><a href=\"https:\/\/v2charge.com\/v2c-support-web\/\" class=\"uagb-infobox-cta-link wp-block-button__link\" target=\"_blank\" rel=\"noopener noreferrer\" onclick=\"return true;\"><span class=\"uagb-inline-editing\">Chiedi alla nostra Chat con IA<\/span><\/a><\/div><\/div><\/div><\/div>\n\n\n\n<div class=\"wp-block-uagb-buttons uagb-buttons__outer-wrap uagb-btn__default-btn uagb-btn-tablet__default-btn uagb-btn-mobile__default-btn uagb-block-ba1e67d1\"><div class=\"uagb-buttons__wrap uagb-buttons-layout-wrap \">\n<div class=\"wp-block-uagb-buttons-child uagb-buttons__outer-wrap uagb-block-23cfb623 wp-block-button\"><div class=\"uagb-button__wrapper\"><a class=\"uagb-buttons-repeater wp-block-button__link\" aria-label=\"\" href=\"https:\/\/v2charge.atlassian.net\/servicedesk\/customer\/portal\/3\" rel=\"follow noopener\" target=\"_blank\" role=\"button\"><div class=\"uagb-button__link\">Contatta il Supporto Tecnico<\/div><\/a><\/div><\/div>\n<\/div><\/div>\n<\/div><\/div>\n","protected":false},"excerpt":{"rendered":"<p>Come far funzionare il token tramite API? Una REST API, o RESTFUL API, \u00e8 un&#8217;interfaccia di programmazione di applicazioni (API o web API) che si inserisce nei confini dell&#8217;architettura REST e permette l&#8217;interazione con servizi web RESTful. Con l&#8217;API sarete in grado di utilizzare il punto di ricarica attraverso applicazioni\/servizi creati da voi stessi senza &#8230; <a title=\"Come far funzionare il token tramite API?\" class=\"read-more\" href=\"https:\/\/v2charge.com\/it\/supporto\/v2c-cloud\/ottenere-token-api-rest-cloud\/\" aria-label=\"Per saperne di pi\u00f9 su Come far funzionare il token tramite API?\">Leggi tutto<\/a><\/p>\n","protected":false},"author":1,"featured_media":170351,"parent":83661,"menu_order":0,"comment_status":"closed","ping_status":"closed","template":"","meta":{"_eb_attr":"","content-type":"","_uag_custom_page_level_css":"","footnotes":""},"class_list":["post-75282","page","type-page","status-publish","has-post-thumbnail"],"yoast_head":"<!-- This site is optimized with the Yoast SEO plugin v25.3.1 - https:\/\/yoast.com\/wordpress\/plugins\/seo\/ -->\n<title>Come far funzionare il token tramite API? - V2C<\/title>\n<meta name=\"description\" content=\"Vi spieghiamo come ottenere l&#039;identificativo del token per utilizzare l&#039;API Rest Cloud. Ci\u00f2 consente di interagire con i servizi web RestFul.\" \/>\n<meta name=\"robots\" content=\"index, follow, max-snippet:-1, max-image-preview:large, max-video-preview:-1\" \/>\n<link rel=\"canonical\" href=\"https:\/\/v2charge.com\/it\/come-far-funzionare-il-token-tramite-api\/\" \/>\n<meta property=\"og:locale\" content=\"it_IT\" \/>\n<meta property=\"og:type\" content=\"article\" \/>\n<meta property=\"og:title\" content=\"Come far funzionare il token tramite API? - V2C\" \/>\n<meta property=\"og:description\" content=\"Vi spieghiamo come ottenere l&#039;identificativo del token per utilizzare l&#039;API Rest Cloud. Ci\u00f2 consente di interagire con i servizi web RestFul.\" \/>\n<meta property=\"og:url\" content=\"https:\/\/v2charge.com\/it\/come-far-funzionare-il-token-tramite-api\/\" \/>\n<meta property=\"og:site_name\" content=\"V2C\" \/>\n<meta property=\"article:publisher\" content=\"https:\/\/www.facebook.com\/V2C.Charge\" \/>\n<meta property=\"article:modified_time\" content=\"2026-01-09T15:54:33+00:00\" \/>\n<meta property=\"og:image\" content=\"https:\/\/v2charge.com\/wp-content\/uploads\/2024\/07\/v2c-electric-chargers.jpg\" \/>\n\t<meta property=\"og:image:width\" content=\"1200\" \/>\n\t<meta property=\"og:image:height\" content=\"675\" \/>\n\t<meta property=\"og:image:type\" content=\"image\/jpeg\" \/>\n<meta name=\"twitter:card\" content=\"summary_large_image\" \/>\n<meta name=\"twitter:site\" content=\"@V2C_Charge\" \/>\n<meta name=\"twitter:label1\" content=\"Tempo di lettura stimato\" \/>\n\t<meta name=\"twitter:data1\" content=\"2 minuti\" \/>\n<script type=\"application\/ld+json\" class=\"yoast-schema-graph\">{\"@context\":\"https:\/\/schema.org\",\"@graph\":[{\"@type\":\"WebPage\",\"@id\":\"https:\/\/v2charge.com\/it\/supporto\/v2c-cloud\/ottenere-token-api-rest-cloud\/\",\"url\":\"https:\/\/v2charge.com\/it\/come-far-funzionare-il-token-tramite-api\/\",\"name\":\"Come far funzionare il token tramite API? - V2C\",\"isPartOf\":{\"@id\":\"https:\/\/v2charge.com\/it\/#website\"},\"primaryImageOfPage\":{\"@id\":\"https:\/\/v2charge.com\/it\/come-far-funzionare-il-token-tramite-api\/#primaryimage\"},\"image\":{\"@id\":\"https:\/\/v2charge.com\/it\/come-far-funzionare-il-token-tramite-api\/#primaryimage\"},\"thumbnailUrl\":\"https:\/\/v2charge.com\/wp-content\/uploads\/2024\/07\/v2c-electric-chargers.jpg\",\"datePublished\":\"2022-02-11T07:09:47+00:00\",\"dateModified\":\"2026-01-09T15:54:33+00:00\",\"description\":\"Vi spieghiamo come ottenere l'identificativo del token per utilizzare l'API Rest Cloud. Ci\u00f2 consente di interagire con i servizi web RestFul.\",\"breadcrumb\":{\"@id\":\"https:\/\/v2charge.com\/it\/come-far-funzionare-il-token-tramite-api\/#breadcrumb\"},\"inLanguage\":\"it-IT\",\"potentialAction\":[{\"@type\":\"ReadAction\",\"target\":[\"https:\/\/v2charge.com\/it\/come-far-funzionare-il-token-tramite-api\/\"]}]},{\"@type\":\"ImageObject\",\"inLanguage\":\"it-IT\",\"@id\":\"https:\/\/v2charge.com\/it\/come-far-funzionare-il-token-tramite-api\/#primaryimage\",\"url\":\"https:\/\/v2charge.com\/wp-content\/uploads\/2024\/07\/v2c-electric-chargers.jpg\",\"contentUrl\":\"https:\/\/v2charge.com\/wp-content\/uploads\/2024\/07\/v2c-electric-chargers.jpg\",\"width\":1200,\"height\":675,\"caption\":\"V2C Electric Chargers\"},{\"@type\":\"BreadcrumbList\",\"@id\":\"https:\/\/v2charge.com\/it\/come-far-funzionare-il-token-tramite-api\/#breadcrumb\",\"itemListElement\":[{\"@type\":\"ListItem\",\"position\":1,\"name\":\"V2C\",\"item\":\"https:\/\/v2charge.com\/it\/\"},{\"@type\":\"ListItem\",\"position\":2,\"name\":\"Area di supporto\",\"item\":\"https:\/\/v2charge.com\/it\/supporto\/\"},{\"@type\":\"ListItem\",\"position\":3,\"name\":\"Supporto V2C Cloud\",\"item\":\"https:\/\/v2charge.com\/it\/supporto\/v2c-cloud\/\"},{\"@type\":\"ListItem\",\"position\":4,\"name\":\"Come far funzionare il token tramite API?\"}]},{\"@type\":\"WebSite\",\"@id\":\"https:\/\/v2charge.com\/it\/#website\",\"url\":\"https:\/\/v2charge.com\/it\/\",\"name\":\"V2C\",\"description\":\"#CargandoElMa\u00f1ana\",\"publisher\":{\"@id\":\"https:\/\/v2charge.com\/it\/#organization\"},\"potentialAction\":[{\"@type\":\"SearchAction\",\"target\":{\"@type\":\"EntryPoint\",\"urlTemplate\":\"https:\/\/v2charge.com\/it\/?s={search_term_string}\"},\"query-input\":{\"@type\":\"PropertyValueSpecification\",\"valueRequired\":true,\"valueName\":\"search_term_string\"}}],\"inLanguage\":\"it-IT\"},{\"@type\":\"Organization\",\"@id\":\"https:\/\/v2charge.com\/it\/#organization\",\"name\":\"V2C\",\"url\":\"https:\/\/v2charge.com\/it\/\",\"logo\":{\"@type\":\"ImageObject\",\"inLanguage\":\"it-IT\",\"@id\":\"https:\/\/v2charge.com\/it\/#\/schema\/logo\/image\/\",\"url\":\"https:\/\/v2charge.com\/wp-content\/uploads\/2024\/11\/cropped-v2c-charge-logo-menu.png\",\"contentUrl\":\"https:\/\/v2charge.com\/wp-content\/uploads\/2024\/11\/cropped-v2c-charge-logo-menu.png\",\"width\":984,\"height\":431,\"caption\":\"V2C\"},\"image\":{\"@id\":\"https:\/\/v2charge.com\/it\/#\/schema\/logo\/image\/\"},\"sameAs\":[\"https:\/\/www.facebook.com\/V2C.Charge\",\"https:\/\/x.com\/V2C_Charge\",\"https:\/\/www.instagram.com\/v2c.charge\/\",\"https:\/\/www.youtube.com\/@V2C\",\"https:\/\/www.linkedin.com\/company\/v2c-chargers\/\"]}]}<\/script>\n<!-- \/ Yoast SEO plugin. -->","yoast_head_json":{"title":"Come far funzionare il token tramite API? - V2C","description":"Vi spieghiamo come ottenere l'identificativo del token per utilizzare l'API Rest Cloud. Ci\u00f2 consente di interagire con i servizi web RestFul.","robots":{"index":"index","follow":"follow","max-snippet":"max-snippet:-1","max-image-preview":"max-image-preview:large","max-video-preview":"max-video-preview:-1"},"canonical":"https:\/\/v2charge.com\/it\/come-far-funzionare-il-token-tramite-api\/","og_locale":"it_IT","og_type":"article","og_title":"Come far funzionare il token tramite API? - V2C","og_description":"Vi spieghiamo come ottenere l'identificativo del token per utilizzare l'API Rest Cloud. Ci\u00f2 consente di interagire con i servizi web RestFul.","og_url":"https:\/\/v2charge.com\/it\/come-far-funzionare-il-token-tramite-api\/","og_site_name":"V2C","article_publisher":"https:\/\/www.facebook.com\/V2C.Charge","article_modified_time":"2026-01-09T15:54:33+00:00","og_image":[{"width":1200,"height":675,"url":"https:\/\/v2charge.com\/wp-content\/uploads\/2024\/07\/v2c-electric-chargers.jpg","type":"image\/jpeg"}],"twitter_card":"summary_large_image","twitter_site":"@V2C_Charge","twitter_misc":{"Tempo di lettura stimato":"2 minuti"},"schema":{"@context":"https:\/\/schema.org","@graph":[{"@type":"WebPage","@id":"https:\/\/v2charge.com\/it\/supporto\/v2c-cloud\/ottenere-token-api-rest-cloud\/","url":"https:\/\/v2charge.com\/it\/come-far-funzionare-il-token-tramite-api\/","name":"Come far funzionare il token tramite API? - V2C","isPartOf":{"@id":"https:\/\/v2charge.com\/it\/#website"},"primaryImageOfPage":{"@id":"https:\/\/v2charge.com\/it\/come-far-funzionare-il-token-tramite-api\/#primaryimage"},"image":{"@id":"https:\/\/v2charge.com\/it\/come-far-funzionare-il-token-tramite-api\/#primaryimage"},"thumbnailUrl":"https:\/\/v2charge.com\/wp-content\/uploads\/2024\/07\/v2c-electric-chargers.jpg","datePublished":"2022-02-11T07:09:47+00:00","dateModified":"2026-01-09T15:54:33+00:00","description":"Vi spieghiamo come ottenere l'identificativo del token per utilizzare l'API Rest Cloud. Ci\u00f2 consente di interagire con i servizi web RestFul.","breadcrumb":{"@id":"https:\/\/v2charge.com\/it\/come-far-funzionare-il-token-tramite-api\/#breadcrumb"},"inLanguage":"it-IT","potentialAction":[{"@type":"ReadAction","target":["https:\/\/v2charge.com\/it\/come-far-funzionare-il-token-tramite-api\/"]}]},{"@type":"ImageObject","inLanguage":"it-IT","@id":"https:\/\/v2charge.com\/it\/come-far-funzionare-il-token-tramite-api\/#primaryimage","url":"https:\/\/v2charge.com\/wp-content\/uploads\/2024\/07\/v2c-electric-chargers.jpg","contentUrl":"https:\/\/v2charge.com\/wp-content\/uploads\/2024\/07\/v2c-electric-chargers.jpg","width":1200,"height":675,"caption":"V2C Electric Chargers"},{"@type":"BreadcrumbList","@id":"https:\/\/v2charge.com\/it\/come-far-funzionare-il-token-tramite-api\/#breadcrumb","itemListElement":[{"@type":"ListItem","position":1,"name":"V2C","item":"https:\/\/v2charge.com\/it\/"},{"@type":"ListItem","position":2,"name":"Area di supporto","item":"https:\/\/v2charge.com\/it\/supporto\/"},{"@type":"ListItem","position":3,"name":"Supporto V2C Cloud","item":"https:\/\/v2charge.com\/it\/supporto\/v2c-cloud\/"},{"@type":"ListItem","position":4,"name":"Come far funzionare il token tramite API?"}]},{"@type":"WebSite","@id":"https:\/\/v2charge.com\/it\/#website","url":"https:\/\/v2charge.com\/it\/","name":"V2C","description":"#CargandoElMa\u00f1ana","publisher":{"@id":"https:\/\/v2charge.com\/it\/#organization"},"potentialAction":[{"@type":"SearchAction","target":{"@type":"EntryPoint","urlTemplate":"https:\/\/v2charge.com\/it\/?s={search_term_string}"},"query-input":{"@type":"PropertyValueSpecification","valueRequired":true,"valueName":"search_term_string"}}],"inLanguage":"it-IT"},{"@type":"Organization","@id":"https:\/\/v2charge.com\/it\/#organization","name":"V2C","url":"https:\/\/v2charge.com\/it\/","logo":{"@type":"ImageObject","inLanguage":"it-IT","@id":"https:\/\/v2charge.com\/it\/#\/schema\/logo\/image\/","url":"https:\/\/v2charge.com\/wp-content\/uploads\/2024\/11\/cropped-v2c-charge-logo-menu.png","contentUrl":"https:\/\/v2charge.com\/wp-content\/uploads\/2024\/11\/cropped-v2c-charge-logo-menu.png","width":984,"height":431,"caption":"V2C"},"image":{"@id":"https:\/\/v2charge.com\/it\/#\/schema\/logo\/image\/"},"sameAs":["https:\/\/www.facebook.com\/V2C.Charge","https:\/\/x.com\/V2C_Charge","https:\/\/www.instagram.com\/v2c.charge\/","https:\/\/www.youtube.com\/@V2C","https:\/\/www.linkedin.com\/company\/v2c-chargers\/"]}]}},"uagb_featured_image_src":{"full":["https:\/\/v2charge.com\/wp-content\/uploads\/2024\/07\/v2c-electric-chargers.jpg",1200,675,false],"thumbnail":["https:\/\/v2charge.com\/wp-content\/uploads\/2024\/07\/v2c-electric-chargers-150x150.jpg",150,150,true],"medium":["https:\/\/v2charge.com\/wp-content\/uploads\/2024\/07\/v2c-electric-chargers-300x169.jpg",300,169,true],"medium_large":["https:\/\/v2charge.com\/wp-content\/uploads\/2024\/07\/v2c-electric-chargers-768x432.jpg",768,432,true],"large":["https:\/\/v2charge.com\/wp-content\/uploads\/2024\/07\/v2c-electric-chargers-1024x576.jpg",1024,576,true],"gs-tiny":["https:\/\/v2charge.com\/wp-content\/uploads\/2024\/07\/v2c-electric-chargers.jpg",50,28,false],"xl":["https:\/\/v2charge.com\/wp-content\/uploads\/2024\/07\/v2c-electric-chargers.jpg",1200,675,false],"xxl":["https:\/\/v2charge.com\/wp-content\/uploads\/2024\/07\/v2c-electric-chargers.jpg",1200,675,false],"xxxl":["https:\/\/v2charge.com\/wp-content\/uploads\/2024\/07\/v2c-electric-chargers.jpg",1200,675,false],"xxxxl":["https:\/\/v2charge.com\/wp-content\/uploads\/2024\/07\/v2c-electric-chargers.jpg",1200,675,false],"xxxxxl":["https:\/\/v2charge.com\/wp-content\/uploads\/2024\/07\/v2c-electric-chargers.jpg",1200,675,false],"1536x1536":["https:\/\/v2charge.com\/wp-content\/uploads\/2024\/07\/v2c-electric-chargers.jpg",1200,675,false],"2048x2048":["https:\/\/v2charge.com\/wp-content\/uploads\/2024\/07\/v2c-electric-chargers.jpg",1200,675,false]},"uagb_author_info":{"display_name":"V2C","author_link":"https:\/\/v2charge.com\/it\/author\/root_k4eu7ki8\/"},"uagb_comment_info":0,"uagb_excerpt":"Come far funzionare il token tramite API? Una REST API, o RESTFUL API, \u00e8 un&#8217;interfaccia di programmazione di applicazioni (API o web API) che si inserisce nei confini dell&#8217;architettura REST e permette l&#8217;interazione con servizi web RESTful. Con l&#8217;API sarete in grado di utilizzare il punto di ricarica attraverso applicazioni\/servizi creati da voi stessi senza&hellip;","_links":{"self":[{"href":"https:\/\/v2charge.com\/it\/wp-json\/wp\/v2\/pages\/75282","targetHints":{"allow":["GET"]}}],"collection":[{"href":"https:\/\/v2charge.com\/it\/wp-json\/wp\/v2\/pages"}],"about":[{"href":"https:\/\/v2charge.com\/it\/wp-json\/wp\/v2\/types\/page"}],"author":[{"embeddable":true,"href":"https:\/\/v2charge.com\/it\/wp-json\/wp\/v2\/users\/1"}],"replies":[{"embeddable":true,"href":"https:\/\/v2charge.com\/it\/wp-json\/wp\/v2\/comments?post=75282"}],"version-history":[{"count":3,"href":"https:\/\/v2charge.com\/it\/wp-json\/wp\/v2\/pages\/75282\/revisions"}],"predecessor-version":[{"id":294968,"href":"https:\/\/v2charge.com\/it\/wp-json\/wp\/v2\/pages\/75282\/revisions\/294968"}],"up":[{"embeddable":true,"href":"https:\/\/v2charge.com\/it\/wp-json\/wp\/v2\/pages\/83661"}],"wp:featuredmedia":[{"embeddable":true,"href":"https:\/\/v2charge.com\/it\/wp-json\/wp\/v2\/media\/170351"}],"wp:attachment":[{"href":"https:\/\/v2charge.com\/it\/wp-json\/wp\/v2\/media?parent=75282"}],"curies":[{"name":"wp","href":"https:\/\/api.w.org\/{rel}","templated":true}]}}