{"id":84398,"date":"2022-02-27T18:21:09","date_gmt":"2022-02-27T18:21:09","guid":{"rendered":"https:\/\/v2charge.com\/como-desbloquear-el-punto-de-recarga-trydan\/"},"modified":"2023-06-13T13:59:12","modified_gmt":"2023-06-13T13:59:12","slug":"come-si-sblocca-il-punto-di-ricarica-trydan","status":"publish","type":"page","link":"https:\/\/v2charge.com\/it\/come-si-sblocca-il-punto-di-ricarica-trydan\/","title":{"rendered":"Come si sblocca il punto di ricarica Trydan?"},"content":{"rendered":"<h1>Come si sblocca il punto di ricarica Trydan?<\/h1>\n\n\n<p>Il punto di ricarica Trydan tramite l&#8217;APP pu\u00f2 essere bloccato o sbloccato per impedire a terzi non autorizzati di utilizzarlo. Il blocco del caricabatterie non consente a nessuno di utilizzarlo, nemmeno al proprietario del caricabatterie. Ci\u00f2 significa che se si collega il punto di ricarica e questo \u00e8 bloccato, purtroppo non sar\u00e0 possibile ricaricare l&#8217;auto.<\/p>\n\n\n\n<p><strong>Come bloccare e sbloccare il punto di ricarica?<\/strong><\/p>\n\n\n\n<p>Questo pu\u00f2 essere fatto in due modi: via Bluetooth o via WIFI. In entrambi i casi \u00e8 possibile farlo dalla finestra principale e dalla pagina del punto di ricarica stesso. Se il dispositivo \u00e8 stato precedentemente bloccato, deve essere sbloccato per poter accedere al punto di ricarica.<\/p>\n\n\n\n<p><strong>Diamo un&#8217;occhiata ad alcune immagini.<\/strong><\/p>\n\n\n\n<figure><img decoding=\"async\" src=\"https:\/\/v2charge.com\/wp-content\/uploads\/2022\/09\/App-V2C-Cloud-Mobile-Lock-731x1024.png\" alt=\"Processo di sblocco del punto di ricarica V2C Cloud\" width=\"366\" height=\"512\"\/><figcaption>In questa immagine abbiamo due punti di ricarica bloccati. Se vogliamo accedervi, dobbiamo prima sbloccarli. Una \u00e8 tramite bluetooth e l&#8217;altra tramite connessione wifi.<\/figcaption><\/figure>\n\n\n\n<figure><img decoding=\"async\" src=\"https:\/\/v2charge.com\/wp-content\/uploads\/2022\/09\/App-V2C-Cloud-Mobile-Punto-di-ricarica-bloccato-731x1024.png\" alt=\"Punto di ricarica sbloccato da cloud V2C\" width=\"366\" height=\"512\"\/><figcaption>Nella pagina del punto di ricarica, \u00e8 possibile bloccare il punto facendo clic sul lucchetto.<\/figcaption><\/figure>\n\n\n\n<p>Quando ci si connette via Bluetooth, se il telefono cellulare ha rilevato il nostro punto di ricarica, dobbiamo fare clic sul pulsante &#8220;aggiorna&#8221; per conoscerne lo stato. Se non \u00e8 bloccato, potremo accedere al punto di ricarica.<\/p>\n\n\n\n<figure><img decoding=\"async\" src=\"https:\/\/v2charge.com\/wp-content\/uploads\/2022\/09\/App-V2C-Cloud-Punto-di-ricarica-mobile-Ricarica-731x1024.png\" alt=\"Punto di blocco del cloud V2C Processo di blocco del carico\" width=\"366\" height=\"512\"\/><figcaption>Una volta aggiornato, sapremo se \u00e8 connesso o meno.<\/figcaption><\/figure>\n\n\n\n<figure><img decoding=\"async\" src=\"https:\/\/v2charge.com\/wp-content\/uploads\/2022\/09\/App-V2C-Cloud-Mobile-Punto-di-ricarica-disconnesso-731x1024.png\" alt=\"Punto di ricarica V2C Cloud\" width=\"366\" height=\"512\"\/><figcaption>Quando ci connettiamo via Bluetooth, dobbiamo aggiornare prima lo stato in cui ci troviamo, premendo la freccia.<\/figcaption><\/figure>\n\n\n\n<h2 class=\"wp-block-heading\">Illuminazione quando il punto di ricarica \u00e8 bloccato<\/h2>\n\n\n\n<p>Se il punto di ricarica \u00e8 bloccato, lo saprete dal display; se l&#8217;apparecchiatura non dispone di un display, l&#8217;illuminazione rimarr\u00e0 spenta e lampegger\u00e0 in bianco ogni 10 secondi.<\/p>\n\n\n\n<h2 class=\"wp-block-heading\">Non riesco a sbloccare il mio punto di ricarica, qual \u00e8 la soluzione?<\/h2>\n\n\n\n<p>Per qualsiasi motivo possiate avere un problema, la vostra applicazione non funziona, non avete il cellulare, avete perso l&#8217;account, qualcosa non funziona correttamente, e avete bisogno di sbloccare immediatamente il vostro punto di ricarica (precedentemente bloccato da voi), basta togliere l&#8217;alimentazione dalle protezioni (interne o esterne), attendere 5 secondi e ricollegarle. Il punto di ricarica partir\u00e0 sempre sbloccato.<\/p>\n","protected":false},"excerpt":{"rendered":"<p>Come si sblocca il punto di ricarica Trydan? Il punto di ricarica Trydan tramite l&#8217;APP pu\u00f2 essere bloccato o sbloccato per impedire a terzi non autorizzati di utilizzarlo. Il blocco del caricabatterie non consente a nessuno di utilizzarlo, nemmeno al proprietario del caricabatterie. Ci\u00f2 significa che se si collega il punto di ricarica e questo &#8230; <a title=\"Come si sblocca il punto di ricarica Trydan?\" class=\"read-more\" href=\"https:\/\/v2charge.com\/it\/come-si-sblocca-il-punto-di-ricarica-trydan\/\" aria-label=\"Per saperne di pi\u00f9 su Come si sblocca il punto di ricarica Trydan?\">Leggi tutto<\/a><\/p>\n","protected":false},"author":1,"featured_media":170351,"parent":0,"menu_order":0,"comment_status":"closed","ping_status":"closed","template":"","meta":{"_eb_attr":"","content-type":"","_uag_custom_page_level_css":"","footnotes":""},"class_list":["post-84398","page","type-page","status-publish","has-post-thumbnail"],"yoast_head":"<!-- This site is optimized with the Yoast SEO plugin v25.3.1 - https:\/\/yoast.com\/wordpress\/plugins\/seo\/ -->\n<title>Come sbloccare il punto di ricarica Trydan? | Assistenza V2C<\/title>\n<meta name=\"description\" content=\"Vi spieghiamo come bloccare e sbloccare il vostro punto di ricarica Trydan per impedire a terzi non autorizzati di utilizzarlo. Passo dopo passo.\" \/>\n<meta name=\"robots\" content=\"index, follow, max-snippet:-1, max-image-preview:large, max-video-preview:-1\" \/>\n<link rel=\"canonical\" href=\"https:\/\/v2charge.com\/it\/come-si-sblocca-il-punto-di-ricarica-trydan\/\" \/>\n<meta property=\"og:locale\" content=\"it_IT\" \/>\n<meta property=\"og:type\" content=\"article\" \/>\n<meta property=\"og:title\" content=\"Come sbloccare il punto di ricarica Trydan? | Assistenza V2C\" \/>\n<meta property=\"og:description\" content=\"Vi spieghiamo come bloccare e sbloccare il vostro punto di ricarica Trydan per impedire a terzi non autorizzati di utilizzarlo. Passo dopo passo.\" \/>\n<meta property=\"og:url\" content=\"https:\/\/v2charge.com\/it\/come-si-sblocca-il-punto-di-ricarica-trydan\/\" \/>\n<meta property=\"og:site_name\" content=\"V2C\" \/>\n<meta property=\"article:publisher\" content=\"https:\/\/www.facebook.com\/V2C.Charge\" \/>\n<meta property=\"article:modified_time\" content=\"2023-06-13T13:59:12+00:00\" \/>\n<meta property=\"og:image\" content=\"https:\/\/v2charge.com\/wp-content\/uploads\/2022\/09\/App-V2C-Cloud-Mobile-Lock-731x1024.png\" \/>\n<meta name=\"twitter:card\" content=\"summary_large_image\" \/>\n<meta name=\"twitter:site\" content=\"@V2C_Charge\" \/>\n<meta name=\"twitter:label1\" content=\"Tempo di lettura stimato\" \/>\n\t<meta name=\"twitter:data1\" content=\"3 minuti\" \/>\n<script type=\"application\/ld+json\" class=\"yoast-schema-graph\">{\"@context\":\"https:\/\/schema.org\",\"@graph\":[{\"@type\":\"WebPage\",\"@id\":\"https:\/\/v2charge.com\/it\/come-si-sblocca-il-punto-di-ricarica-trydan\/\",\"url\":\"https:\/\/v2charge.com\/it\/come-si-sblocca-il-punto-di-ricarica-trydan\/\",\"name\":\"Come sbloccare il punto di ricarica Trydan? | Assistenza V2C\",\"isPartOf\":{\"@id\":\"https:\/\/v2charge.com\/it\/#website\"},\"primaryImageOfPage\":{\"@id\":\"https:\/\/v2charge.com\/it\/come-si-sblocca-il-punto-di-ricarica-trydan\/#primaryimage\"},\"image\":{\"@id\":\"https:\/\/v2charge.com\/it\/come-si-sblocca-il-punto-di-ricarica-trydan\/#primaryimage\"},\"thumbnailUrl\":\"https:\/\/v2charge.com\/wp-content\/uploads\/2024\/07\/v2c-electric-chargers.jpg\",\"datePublished\":\"2022-02-27T18:21:09+00:00\",\"dateModified\":\"2023-06-13T13:59:12+00:00\",\"description\":\"Vi spieghiamo come bloccare e sbloccare il vostro punto di ricarica Trydan per impedire a terzi non autorizzati di utilizzarlo. Passo dopo passo.\",\"breadcrumb\":{\"@id\":\"https:\/\/v2charge.com\/it\/come-si-sblocca-il-punto-di-ricarica-trydan\/#breadcrumb\"},\"inLanguage\":\"it-IT\",\"potentialAction\":[{\"@type\":\"ReadAction\",\"target\":[\"https:\/\/v2charge.com\/it\/come-si-sblocca-il-punto-di-ricarica-trydan\/\"]}]},{\"@type\":\"ImageObject\",\"inLanguage\":\"it-IT\",\"@id\":\"https:\/\/v2charge.com\/it\/come-si-sblocca-il-punto-di-ricarica-trydan\/#primaryimage\",\"url\":\"https:\/\/v2charge.com\/wp-content\/uploads\/2024\/07\/v2c-electric-chargers.jpg\",\"contentUrl\":\"https:\/\/v2charge.com\/wp-content\/uploads\/2024\/07\/v2c-electric-chargers.jpg\",\"width\":1200,\"height\":675,\"caption\":\"V2C Electric Chargers\"},{\"@type\":\"BreadcrumbList\",\"@id\":\"https:\/\/v2charge.com\/it\/come-si-sblocca-il-punto-di-ricarica-trydan\/#breadcrumb\",\"itemListElement\":[{\"@type\":\"ListItem\",\"position\":1,\"name\":\"V2C\",\"item\":\"https:\/\/v2charge.com\/it\/\"},{\"@type\":\"ListItem\",\"position\":2,\"name\":\"Come si sblocca il punto di ricarica Trydan?\"}]},{\"@type\":\"WebSite\",\"@id\":\"https:\/\/v2charge.com\/it\/#website\",\"url\":\"https:\/\/v2charge.com\/it\/\",\"name\":\"V2C\",\"description\":\"#CargandoElMa\u00f1ana\",\"publisher\":{\"@id\":\"https:\/\/v2charge.com\/it\/#organization\"},\"potentialAction\":[{\"@type\":\"SearchAction\",\"target\":{\"@type\":\"EntryPoint\",\"urlTemplate\":\"https:\/\/v2charge.com\/it\/?s={search_term_string}\"},\"query-input\":{\"@type\":\"PropertyValueSpecification\",\"valueRequired\":true,\"valueName\":\"search_term_string\"}}],\"inLanguage\":\"it-IT\"},{\"@type\":\"Organization\",\"@id\":\"https:\/\/v2charge.com\/it\/#organization\",\"name\":\"V2C\",\"url\":\"https:\/\/v2charge.com\/it\/\",\"logo\":{\"@type\":\"ImageObject\",\"inLanguage\":\"it-IT\",\"@id\":\"https:\/\/v2charge.com\/it\/#\/schema\/logo\/image\/\",\"url\":\"https:\/\/v2charge.com\/wp-content\/uploads\/2024\/11\/cropped-v2c-charge-logo-menu.png\",\"contentUrl\":\"https:\/\/v2charge.com\/wp-content\/uploads\/2024\/11\/cropped-v2c-charge-logo-menu.png\",\"width\":984,\"height\":431,\"caption\":\"V2C\"},\"image\":{\"@id\":\"https:\/\/v2charge.com\/it\/#\/schema\/logo\/image\/\"},\"sameAs\":[\"https:\/\/www.facebook.com\/V2C.Charge\",\"https:\/\/x.com\/V2C_Charge\",\"https:\/\/www.instagram.com\/v2c.charge\/\",\"https:\/\/www.youtube.com\/@V2C\",\"https:\/\/www.linkedin.com\/company\/v2c-chargers\/\"]}]}<\/script>\n<!-- \/ Yoast SEO plugin. -->","yoast_head_json":{"title":"Come sbloccare il punto di ricarica Trydan? | Assistenza V2C","description":"Vi spieghiamo come bloccare e sbloccare il vostro punto di ricarica Trydan per impedire a terzi non autorizzati di utilizzarlo. Passo dopo passo.","robots":{"index":"index","follow":"follow","max-snippet":"max-snippet:-1","max-image-preview":"max-image-preview:large","max-video-preview":"max-video-preview:-1"},"canonical":"https:\/\/v2charge.com\/it\/come-si-sblocca-il-punto-di-ricarica-trydan\/","og_locale":"it_IT","og_type":"article","og_title":"Come sbloccare il punto di ricarica Trydan? | Assistenza V2C","og_description":"Vi spieghiamo come bloccare e sbloccare il vostro punto di ricarica Trydan per impedire a terzi non autorizzati di utilizzarlo. Passo dopo passo.","og_url":"https:\/\/v2charge.com\/it\/come-si-sblocca-il-punto-di-ricarica-trydan\/","og_site_name":"V2C","article_publisher":"https:\/\/www.facebook.com\/V2C.Charge","article_modified_time":"2023-06-13T13:59:12+00:00","og_image":[{"url":"https:\/\/v2charge.com\/wp-content\/uploads\/2022\/09\/App-V2C-Cloud-Mobile-Lock-731x1024.png","type":"","width":"","height":""}],"twitter_card":"summary_large_image","twitter_site":"@V2C_Charge","twitter_misc":{"Tempo di lettura stimato":"3 minuti"},"schema":{"@context":"https:\/\/schema.org","@graph":[{"@type":"WebPage","@id":"https:\/\/v2charge.com\/it\/come-si-sblocca-il-punto-di-ricarica-trydan\/","url":"https:\/\/v2charge.com\/it\/come-si-sblocca-il-punto-di-ricarica-trydan\/","name":"Come sbloccare il punto di ricarica Trydan? | Assistenza V2C","isPartOf":{"@id":"https:\/\/v2charge.com\/it\/#website"},"primaryImageOfPage":{"@id":"https:\/\/v2charge.com\/it\/come-si-sblocca-il-punto-di-ricarica-trydan\/#primaryimage"},"image":{"@id":"https:\/\/v2charge.com\/it\/come-si-sblocca-il-punto-di-ricarica-trydan\/#primaryimage"},"thumbnailUrl":"https:\/\/v2charge.com\/wp-content\/uploads\/2024\/07\/v2c-electric-chargers.jpg","datePublished":"2022-02-27T18:21:09+00:00","dateModified":"2023-06-13T13:59:12+00:00","description":"Vi spieghiamo come bloccare e sbloccare il vostro punto di ricarica Trydan per impedire a terzi non autorizzati di utilizzarlo. Passo dopo passo.","breadcrumb":{"@id":"https:\/\/v2charge.com\/it\/come-si-sblocca-il-punto-di-ricarica-trydan\/#breadcrumb"},"inLanguage":"it-IT","potentialAction":[{"@type":"ReadAction","target":["https:\/\/v2charge.com\/it\/come-si-sblocca-il-punto-di-ricarica-trydan\/"]}]},{"@type":"ImageObject","inLanguage":"it-IT","@id":"https:\/\/v2charge.com\/it\/come-si-sblocca-il-punto-di-ricarica-trydan\/#primaryimage","url":"https:\/\/v2charge.com\/wp-content\/uploads\/2024\/07\/v2c-electric-chargers.jpg","contentUrl":"https:\/\/v2charge.com\/wp-content\/uploads\/2024\/07\/v2c-electric-chargers.jpg","width":1200,"height":675,"caption":"V2C Electric Chargers"},{"@type":"BreadcrumbList","@id":"https:\/\/v2charge.com\/it\/come-si-sblocca-il-punto-di-ricarica-trydan\/#breadcrumb","itemListElement":[{"@type":"ListItem","position":1,"name":"V2C","item":"https:\/\/v2charge.com\/it\/"},{"@type":"ListItem","position":2,"name":"Come si sblocca il punto di ricarica Trydan?"}]},{"@type":"WebSite","@id":"https:\/\/v2charge.com\/it\/#website","url":"https:\/\/v2charge.com\/it\/","name":"V2C","description":"#CargandoElMa\u00f1ana","publisher":{"@id":"https:\/\/v2charge.com\/it\/#organization"},"potentialAction":[{"@type":"SearchAction","target":{"@type":"EntryPoint","urlTemplate":"https:\/\/v2charge.com\/it\/?s={search_term_string}"},"query-input":{"@type":"PropertyValueSpecification","valueRequired":true,"valueName":"search_term_string"}}],"inLanguage":"it-IT"},{"@type":"Organization","@id":"https:\/\/v2charge.com\/it\/#organization","name":"V2C","url":"https:\/\/v2charge.com\/it\/","logo":{"@type":"ImageObject","inLanguage":"it-IT","@id":"https:\/\/v2charge.com\/it\/#\/schema\/logo\/image\/","url":"https:\/\/v2charge.com\/wp-content\/uploads\/2024\/11\/cropped-v2c-charge-logo-menu.png","contentUrl":"https:\/\/v2charge.com\/wp-content\/uploads\/2024\/11\/cropped-v2c-charge-logo-menu.png","width":984,"height":431,"caption":"V2C"},"image":{"@id":"https:\/\/v2charge.com\/it\/#\/schema\/logo\/image\/"},"sameAs":["https:\/\/www.facebook.com\/V2C.Charge","https:\/\/x.com\/V2C_Charge","https:\/\/www.instagram.com\/v2c.charge\/","https:\/\/www.youtube.com\/@V2C","https:\/\/www.linkedin.com\/company\/v2c-chargers\/"]}]}},"uagb_featured_image_src":{"full":["https:\/\/v2charge.com\/wp-content\/uploads\/2024\/07\/v2c-electric-chargers.jpg",1200,675,false],"thumbnail":["https:\/\/v2charge.com\/wp-content\/uploads\/2024\/07\/v2c-electric-chargers-150x150.jpg",150,150,true],"medium":["https:\/\/v2charge.com\/wp-content\/uploads\/2024\/07\/v2c-electric-chargers-300x169.jpg",300,169,true],"medium_large":["https:\/\/v2charge.com\/wp-content\/uploads\/2024\/07\/v2c-electric-chargers-768x432.jpg",768,432,true],"large":["https:\/\/v2charge.com\/wp-content\/uploads\/2024\/07\/v2c-electric-chargers-1024x576.jpg",1024,576,true],"gs-tiny":["https:\/\/v2charge.com\/wp-content\/uploads\/2024\/07\/v2c-electric-chargers.jpg",50,28,false],"xl":["https:\/\/v2charge.com\/wp-content\/uploads\/2024\/07\/v2c-electric-chargers.jpg",1200,675,false],"xxl":["https:\/\/v2charge.com\/wp-content\/uploads\/2024\/07\/v2c-electric-chargers.jpg",1200,675,false],"xxxl":["https:\/\/v2charge.com\/wp-content\/uploads\/2024\/07\/v2c-electric-chargers.jpg",1200,675,false],"xxxxl":["https:\/\/v2charge.com\/wp-content\/uploads\/2024\/07\/v2c-electric-chargers.jpg",1200,675,false],"xxxxxl":["https:\/\/v2charge.com\/wp-content\/uploads\/2024\/07\/v2c-electric-chargers.jpg",1200,675,false],"1536x1536":["https:\/\/v2charge.com\/wp-content\/uploads\/2024\/07\/v2c-electric-chargers.jpg",1200,675,false],"2048x2048":["https:\/\/v2charge.com\/wp-content\/uploads\/2024\/07\/v2c-electric-chargers.jpg",1200,675,false]},"uagb_author_info":{"display_name":"V2C","author_link":"https:\/\/v2charge.com\/it\/author\/root_k4eu7ki8\/"},"uagb_comment_info":0,"uagb_excerpt":"Come si sblocca il punto di ricarica Trydan? Il punto di ricarica Trydan tramite l&#8217;APP pu\u00f2 essere bloccato o sbloccato per impedire a terzi non autorizzati di utilizzarlo. Il blocco del caricabatterie non consente a nessuno di utilizzarlo, nemmeno al proprietario del caricabatterie. Ci\u00f2 significa che se si collega il punto di ricarica e questo&hellip;","_links":{"self":[{"href":"https:\/\/v2charge.com\/it\/wp-json\/wp\/v2\/pages\/84398","targetHints":{"allow":["GET"]}}],"collection":[{"href":"https:\/\/v2charge.com\/it\/wp-json\/wp\/v2\/pages"}],"about":[{"href":"https:\/\/v2charge.com\/it\/wp-json\/wp\/v2\/types\/page"}],"author":[{"embeddable":true,"href":"https:\/\/v2charge.com\/it\/wp-json\/wp\/v2\/users\/1"}],"replies":[{"embeddable":true,"href":"https:\/\/v2charge.com\/it\/wp-json\/wp\/v2\/comments?post=84398"}],"version-history":[{"count":0,"href":"https:\/\/v2charge.com\/it\/wp-json\/wp\/v2\/pages\/84398\/revisions"}],"wp:featuredmedia":[{"embeddable":true,"href":"https:\/\/v2charge.com\/it\/wp-json\/wp\/v2\/media\/170351"}],"wp:attachment":[{"href":"https:\/\/v2charge.com\/it\/wp-json\/wp\/v2\/media?parent=84398"}],"curies":[{"name":"wp","href":"https:\/\/api.w.org\/{rel}","templated":true}]}}