{"id":84432,"date":"2022-04-18T17:34:26","date_gmt":"2022-04-18T17:34:26","guid":{"rendered":"https:\/\/v2charge.com\/diferentes-formas-de-ver-las-estadisticas-de-recarga-en-v2c-cloud\/"},"modified":"2023-06-13T09:52:35","modified_gmt":"2023-06-13T09:52:35","slug":"diversi-modi-per-visualizzare-le-statistiche-di-ricarica-nel-cloud-v2c","status":"publish","type":"page","link":"https:\/\/v2charge.com\/it\/diversi-modi-per-visualizzare-le-statistiche-di-ricarica-nel-cloud-v2c\/","title":{"rendered":"Diversi modi per visualizzare le statistiche di ricarica nel Cloud V2C"},"content":{"rendered":"<h1>Diversi modi per visualizzare le statistiche di ricarica nel Cloud V2C<\/h1>\n\n\n<p>Per vedere le statistiche di ricarica, possiamo considerarle in modi diversi.<\/p>\n\n\n\n<ul class=\"wp-block-list\"><li>Attraverso l&#8217;APP<\/li><\/ul>\n\n\n\n<figure><img decoding=\"async\" src=\"https:\/\/v2charge.com\/wp-content\/uploads\/2022\/09\/Payments-V2C-Cloud-App-731x1024.png\" alt=\"App V2C Cloud \" width=\"366\" height=\"512\"\/><\/figure>\n\n\n\n<p>Con l&#8217;APP, possiamo vederla in due punti diversi;<\/p>\n\n\n\n<ul class=\"wp-block-list\"><li>Statistiche globali per tutti i nostri caricabatterie. Facendo clic sul pulsante indicato<\/li><\/ul>\n\n\n\n<ul class=\"wp-block-list\"><li>Statistiche per un solo punto di ricarica. Include un elenco di tutti. Premendo i pulsanti selezionati all&#8217;interno del caricabatterie.<\/li><\/ul>\n\n\n\n<figure><img decoding=\"async\" src=\"https:\/\/v2charge.com\/wp-content\/uploads\/2022\/09\/App-V2C-Cloud-App-Statistics-731x1024.png\" alt=\"App V2C Cloud App Statistics\" width=\"366\" height=\"512\"\/><\/figure>\n\n\n\n<ul class=\"wp-block-list\"><li>Attraverso il portale <a href=\"https:\/\/www.v2c.cloud\/pages\/login\">www.v2c.cloud<\/a><\/li><\/ul>\n\n\n\n<figure><img decoding=\"async\" src=\"https:\/\/v2charge.com\/wp-content\/uploads\/2022\/04\/estadisticas-v2c_macbookgold_front-1024x1024.png\" alt=\"\" width=\"614\" height=\"614\"\/><\/figure>\n\n\n\n<p><strong>Nota importante Apparecchiature collegate al Bluetooth<\/strong><\/p>\n\n\n\n<blockquote class=\"is-layout-flow wp-block-quote-is-layout-flow\"><p>I dispositivi connessi tramite Bluetooth ricevono le statistiche solo dopo averli accoppiati; a causa di un problema di velocit\u00e0, vengono accoppiate solo le ultime 5 ricariche. Se in quel momento non si \u00e8 connessi a Internet, verr\u00e0 visualizzato un messaggio che segnala la presenza di ricariche in sospeso da inviare. Aprire l&#8217;applicazione in un luogo con una connessione a Internet.<\/p><\/blockquote>\n\n\n\n<p><\/p>\n","protected":false},"excerpt":{"rendered":"<p>Diversi modi per visualizzare le statistiche di ricarica nel Cloud V2C Per vedere le statistiche di ricarica, possiamo considerarle in modi diversi. Attraverso l&#8217;APP Con l&#8217;APP, possiamo vederla in due punti diversi; Statistiche globali per tutti i nostri caricabatterie. Facendo clic sul pulsante indicato Statistiche per un solo punto di ricarica. Include un elenco di &#8230; <a title=\"Diversi modi per visualizzare le statistiche di ricarica nel Cloud V2C\" class=\"read-more\" href=\"https:\/\/v2charge.com\/it\/diversi-modi-per-visualizzare-le-statistiche-di-ricarica-nel-cloud-v2c\/\" aria-label=\"Per saperne di pi\u00f9 su Diversi modi per visualizzare le statistiche di ricarica nel Cloud V2C\">Leggi tutto<\/a><\/p>\n","protected":false},"author":1,"featured_media":170351,"parent":0,"menu_order":0,"comment_status":"closed","ping_status":"closed","template":"","meta":{"_eb_attr":"","content-type":"","_uag_custom_page_level_css":"","footnotes":""},"class_list":["post-84432","page","type-page","status-publish","has-post-thumbnail"],"yoast_head":"<!-- This site is optimized with the Yoast SEO plugin v25.3.1 - https:\/\/yoast.com\/wordpress\/plugins\/seo\/ -->\n<title>Come visualizzare le statistiche di ricarica in V2C Cloud | V2C<\/title>\n<meta name=\"description\" content=\"Vi spieghiamo come controllare le statistiche di ricarica dei vostri veicoli elettrici con la nostra app V2C Cloud. [Ultima tecnologia]\" \/>\n<meta name=\"robots\" content=\"index, follow, max-snippet:-1, max-image-preview:large, max-video-preview:-1\" \/>\n<link rel=\"canonical\" href=\"https:\/\/v2charge.com\/it\/diversi-modi-per-visualizzare-le-statistiche-di-ricarica-nel-cloud-v2c\/\" \/>\n<meta property=\"og:locale\" content=\"it_IT\" \/>\n<meta property=\"og:type\" content=\"article\" \/>\n<meta property=\"og:title\" content=\"Come visualizzare le statistiche di ricarica in V2C Cloud | V2C\" \/>\n<meta property=\"og:description\" content=\"Vi spieghiamo come controllare le statistiche di ricarica dei vostri veicoli elettrici con la nostra app V2C Cloud. [Ultima tecnologia]\" \/>\n<meta property=\"og:url\" content=\"https:\/\/v2charge.com\/it\/diversi-modi-per-visualizzare-le-statistiche-di-ricarica-nel-cloud-v2c\/\" \/>\n<meta property=\"og:site_name\" content=\"V2C\" \/>\n<meta property=\"article:publisher\" content=\"https:\/\/www.facebook.com\/V2C.Charge\" \/>\n<meta property=\"article:modified_time\" content=\"2023-06-13T09:52:35+00:00\" \/>\n<meta property=\"og:image\" content=\"https:\/\/v2charge.com\/wp-content\/uploads\/2022\/09\/Payments-V2C-Cloud-App-731x1024.png\" \/>\n<meta name=\"twitter:card\" content=\"summary_large_image\" \/>\n<meta name=\"twitter:site\" content=\"@V2C_Charge\" \/>\n<meta name=\"twitter:label1\" content=\"Tempo di lettura stimato\" \/>\n\t<meta name=\"twitter:data1\" content=\"2 minuti\" \/>\n<script type=\"application\/ld+json\" class=\"yoast-schema-graph\">{\"@context\":\"https:\/\/schema.org\",\"@graph\":[{\"@type\":\"WebPage\",\"@id\":\"https:\/\/v2charge.com\/it\/diversi-modi-per-visualizzare-le-statistiche-di-ricarica-nel-cloud-v2c\/\",\"url\":\"https:\/\/v2charge.com\/it\/diversi-modi-per-visualizzare-le-statistiche-di-ricarica-nel-cloud-v2c\/\",\"name\":\"Come visualizzare le statistiche di ricarica in V2C Cloud | V2C\",\"isPartOf\":{\"@id\":\"https:\/\/v2charge.com\/it\/#website\"},\"primaryImageOfPage\":{\"@id\":\"https:\/\/v2charge.com\/it\/diversi-modi-per-visualizzare-le-statistiche-di-ricarica-nel-cloud-v2c\/#primaryimage\"},\"image\":{\"@id\":\"https:\/\/v2charge.com\/it\/diversi-modi-per-visualizzare-le-statistiche-di-ricarica-nel-cloud-v2c\/#primaryimage\"},\"thumbnailUrl\":\"https:\/\/v2charge.com\/wp-content\/uploads\/2024\/07\/v2c-electric-chargers.jpg\",\"datePublished\":\"2022-04-18T17:34:26+00:00\",\"dateModified\":\"2023-06-13T09:52:35+00:00\",\"description\":\"Vi spieghiamo come controllare le statistiche di ricarica dei vostri veicoli elettrici con la nostra app V2C Cloud. [Ultima tecnologia]\",\"breadcrumb\":{\"@id\":\"https:\/\/v2charge.com\/it\/diversi-modi-per-visualizzare-le-statistiche-di-ricarica-nel-cloud-v2c\/#breadcrumb\"},\"inLanguage\":\"it-IT\",\"potentialAction\":[{\"@type\":\"ReadAction\",\"target\":[\"https:\/\/v2charge.com\/it\/diversi-modi-per-visualizzare-le-statistiche-di-ricarica-nel-cloud-v2c\/\"]}]},{\"@type\":\"ImageObject\",\"inLanguage\":\"it-IT\",\"@id\":\"https:\/\/v2charge.com\/it\/diversi-modi-per-visualizzare-le-statistiche-di-ricarica-nel-cloud-v2c\/#primaryimage\",\"url\":\"https:\/\/v2charge.com\/wp-content\/uploads\/2024\/07\/v2c-electric-chargers.jpg\",\"contentUrl\":\"https:\/\/v2charge.com\/wp-content\/uploads\/2024\/07\/v2c-electric-chargers.jpg\",\"width\":1200,\"height\":675,\"caption\":\"V2C Electric Chargers\"},{\"@type\":\"BreadcrumbList\",\"@id\":\"https:\/\/v2charge.com\/it\/diversi-modi-per-visualizzare-le-statistiche-di-ricarica-nel-cloud-v2c\/#breadcrumb\",\"itemListElement\":[{\"@type\":\"ListItem\",\"position\":1,\"name\":\"V2C\",\"item\":\"https:\/\/v2charge.com\/it\/\"},{\"@type\":\"ListItem\",\"position\":2,\"name\":\"Diversi modi per visualizzare le statistiche di ricarica nel Cloud V2C\"}]},{\"@type\":\"WebSite\",\"@id\":\"https:\/\/v2charge.com\/it\/#website\",\"url\":\"https:\/\/v2charge.com\/it\/\",\"name\":\"V2C\",\"description\":\"#CargandoElMa\u00f1ana\",\"publisher\":{\"@id\":\"https:\/\/v2charge.com\/it\/#organization\"},\"potentialAction\":[{\"@type\":\"SearchAction\",\"target\":{\"@type\":\"EntryPoint\",\"urlTemplate\":\"https:\/\/v2charge.com\/it\/?s={search_term_string}\"},\"query-input\":{\"@type\":\"PropertyValueSpecification\",\"valueRequired\":true,\"valueName\":\"search_term_string\"}}],\"inLanguage\":\"it-IT\"},{\"@type\":\"Organization\",\"@id\":\"https:\/\/v2charge.com\/it\/#organization\",\"name\":\"V2C\",\"url\":\"https:\/\/v2charge.com\/it\/\",\"logo\":{\"@type\":\"ImageObject\",\"inLanguage\":\"it-IT\",\"@id\":\"https:\/\/v2charge.com\/it\/#\/schema\/logo\/image\/\",\"url\":\"https:\/\/v2charge.com\/wp-content\/uploads\/2024\/11\/cropped-v2c-charge-logo-menu.png\",\"contentUrl\":\"https:\/\/v2charge.com\/wp-content\/uploads\/2024\/11\/cropped-v2c-charge-logo-menu.png\",\"width\":984,\"height\":431,\"caption\":\"V2C\"},\"image\":{\"@id\":\"https:\/\/v2charge.com\/it\/#\/schema\/logo\/image\/\"},\"sameAs\":[\"https:\/\/www.facebook.com\/V2C.Charge\",\"https:\/\/x.com\/V2C_Charge\",\"https:\/\/www.instagram.com\/v2c.charge\/\",\"https:\/\/www.youtube.com\/@V2C\",\"https:\/\/www.linkedin.com\/company\/v2c-chargers\/\"]}]}<\/script>\n<!-- \/ Yoast SEO plugin. -->","yoast_head_json":{"title":"Come visualizzare le statistiche di ricarica in V2C Cloud | V2C","description":"Vi spieghiamo come controllare le statistiche di ricarica dei vostri veicoli elettrici con la nostra app V2C Cloud. [Ultima tecnologia]","robots":{"index":"index","follow":"follow","max-snippet":"max-snippet:-1","max-image-preview":"max-image-preview:large","max-video-preview":"max-video-preview:-1"},"canonical":"https:\/\/v2charge.com\/it\/diversi-modi-per-visualizzare-le-statistiche-di-ricarica-nel-cloud-v2c\/","og_locale":"it_IT","og_type":"article","og_title":"Come visualizzare le statistiche di ricarica in V2C Cloud | V2C","og_description":"Vi spieghiamo come controllare le statistiche di ricarica dei vostri veicoli elettrici con la nostra app V2C Cloud. [Ultima tecnologia]","og_url":"https:\/\/v2charge.com\/it\/diversi-modi-per-visualizzare-le-statistiche-di-ricarica-nel-cloud-v2c\/","og_site_name":"V2C","article_publisher":"https:\/\/www.facebook.com\/V2C.Charge","article_modified_time":"2023-06-13T09:52:35+00:00","og_image":[{"url":"https:\/\/v2charge.com\/wp-content\/uploads\/2022\/09\/Payments-V2C-Cloud-App-731x1024.png","type":"","width":"","height":""}],"twitter_card":"summary_large_image","twitter_site":"@V2C_Charge","twitter_misc":{"Tempo di lettura stimato":"2 minuti"},"schema":{"@context":"https:\/\/schema.org","@graph":[{"@type":"WebPage","@id":"https:\/\/v2charge.com\/it\/diversi-modi-per-visualizzare-le-statistiche-di-ricarica-nel-cloud-v2c\/","url":"https:\/\/v2charge.com\/it\/diversi-modi-per-visualizzare-le-statistiche-di-ricarica-nel-cloud-v2c\/","name":"Come visualizzare le statistiche di ricarica in V2C Cloud | V2C","isPartOf":{"@id":"https:\/\/v2charge.com\/it\/#website"},"primaryImageOfPage":{"@id":"https:\/\/v2charge.com\/it\/diversi-modi-per-visualizzare-le-statistiche-di-ricarica-nel-cloud-v2c\/#primaryimage"},"image":{"@id":"https:\/\/v2charge.com\/it\/diversi-modi-per-visualizzare-le-statistiche-di-ricarica-nel-cloud-v2c\/#primaryimage"},"thumbnailUrl":"https:\/\/v2charge.com\/wp-content\/uploads\/2024\/07\/v2c-electric-chargers.jpg","datePublished":"2022-04-18T17:34:26+00:00","dateModified":"2023-06-13T09:52:35+00:00","description":"Vi spieghiamo come controllare le statistiche di ricarica dei vostri veicoli elettrici con la nostra app V2C Cloud. [Ultima tecnologia]","breadcrumb":{"@id":"https:\/\/v2charge.com\/it\/diversi-modi-per-visualizzare-le-statistiche-di-ricarica-nel-cloud-v2c\/#breadcrumb"},"inLanguage":"it-IT","potentialAction":[{"@type":"ReadAction","target":["https:\/\/v2charge.com\/it\/diversi-modi-per-visualizzare-le-statistiche-di-ricarica-nel-cloud-v2c\/"]}]},{"@type":"ImageObject","inLanguage":"it-IT","@id":"https:\/\/v2charge.com\/it\/diversi-modi-per-visualizzare-le-statistiche-di-ricarica-nel-cloud-v2c\/#primaryimage","url":"https:\/\/v2charge.com\/wp-content\/uploads\/2024\/07\/v2c-electric-chargers.jpg","contentUrl":"https:\/\/v2charge.com\/wp-content\/uploads\/2024\/07\/v2c-electric-chargers.jpg","width":1200,"height":675,"caption":"V2C Electric Chargers"},{"@type":"BreadcrumbList","@id":"https:\/\/v2charge.com\/it\/diversi-modi-per-visualizzare-le-statistiche-di-ricarica-nel-cloud-v2c\/#breadcrumb","itemListElement":[{"@type":"ListItem","position":1,"name":"V2C","item":"https:\/\/v2charge.com\/it\/"},{"@type":"ListItem","position":2,"name":"Diversi modi per visualizzare le statistiche di ricarica nel Cloud V2C"}]},{"@type":"WebSite","@id":"https:\/\/v2charge.com\/it\/#website","url":"https:\/\/v2charge.com\/it\/","name":"V2C","description":"#CargandoElMa\u00f1ana","publisher":{"@id":"https:\/\/v2charge.com\/it\/#organization"},"potentialAction":[{"@type":"SearchAction","target":{"@type":"EntryPoint","urlTemplate":"https:\/\/v2charge.com\/it\/?s={search_term_string}"},"query-input":{"@type":"PropertyValueSpecification","valueRequired":true,"valueName":"search_term_string"}}],"inLanguage":"it-IT"},{"@type":"Organization","@id":"https:\/\/v2charge.com\/it\/#organization","name":"V2C","url":"https:\/\/v2charge.com\/it\/","logo":{"@type":"ImageObject","inLanguage":"it-IT","@id":"https:\/\/v2charge.com\/it\/#\/schema\/logo\/image\/","url":"https:\/\/v2charge.com\/wp-content\/uploads\/2024\/11\/cropped-v2c-charge-logo-menu.png","contentUrl":"https:\/\/v2charge.com\/wp-content\/uploads\/2024\/11\/cropped-v2c-charge-logo-menu.png","width":984,"height":431,"caption":"V2C"},"image":{"@id":"https:\/\/v2charge.com\/it\/#\/schema\/logo\/image\/"},"sameAs":["https:\/\/www.facebook.com\/V2C.Charge","https:\/\/x.com\/V2C_Charge","https:\/\/www.instagram.com\/v2c.charge\/","https:\/\/www.youtube.com\/@V2C","https:\/\/www.linkedin.com\/company\/v2c-chargers\/"]}]}},"uagb_featured_image_src":{"full":["https:\/\/v2charge.com\/wp-content\/uploads\/2024\/07\/v2c-electric-chargers.jpg",1200,675,false],"thumbnail":["https:\/\/v2charge.com\/wp-content\/uploads\/2024\/07\/v2c-electric-chargers-150x150.jpg",150,150,true],"medium":["https:\/\/v2charge.com\/wp-content\/uploads\/2024\/07\/v2c-electric-chargers-300x169.jpg",300,169,true],"medium_large":["https:\/\/v2charge.com\/wp-content\/uploads\/2024\/07\/v2c-electric-chargers-768x432.jpg",768,432,true],"large":["https:\/\/v2charge.com\/wp-content\/uploads\/2024\/07\/v2c-electric-chargers-1024x576.jpg",1024,576,true],"gs-tiny":["https:\/\/v2charge.com\/wp-content\/uploads\/2024\/07\/v2c-electric-chargers.jpg",50,28,false],"xl":["https:\/\/v2charge.com\/wp-content\/uploads\/2024\/07\/v2c-electric-chargers.jpg",1200,675,false],"xxl":["https:\/\/v2charge.com\/wp-content\/uploads\/2024\/07\/v2c-electric-chargers.jpg",1200,675,false],"xxxl":["https:\/\/v2charge.com\/wp-content\/uploads\/2024\/07\/v2c-electric-chargers.jpg",1200,675,false],"xxxxl":["https:\/\/v2charge.com\/wp-content\/uploads\/2024\/07\/v2c-electric-chargers.jpg",1200,675,false],"xxxxxl":["https:\/\/v2charge.com\/wp-content\/uploads\/2024\/07\/v2c-electric-chargers.jpg",1200,675,false],"1536x1536":["https:\/\/v2charge.com\/wp-content\/uploads\/2024\/07\/v2c-electric-chargers.jpg",1200,675,false],"2048x2048":["https:\/\/v2charge.com\/wp-content\/uploads\/2024\/07\/v2c-electric-chargers.jpg",1200,675,false]},"uagb_author_info":{"display_name":"V2C","author_link":"https:\/\/v2charge.com\/it\/author\/root_k4eu7ki8\/"},"uagb_comment_info":0,"uagb_excerpt":"Diversi modi per visualizzare le statistiche di ricarica nel Cloud V2C Per vedere le statistiche di ricarica, possiamo considerarle in modi diversi. Attraverso l&#8217;APP Con l&#8217;APP, possiamo vederla in due punti diversi; Statistiche globali per tutti i nostri caricabatterie. Facendo clic sul pulsante indicato Statistiche per un solo punto di ricarica. Include un elenco di&hellip;","_links":{"self":[{"href":"https:\/\/v2charge.com\/it\/wp-json\/wp\/v2\/pages\/84432","targetHints":{"allow":["GET"]}}],"collection":[{"href":"https:\/\/v2charge.com\/it\/wp-json\/wp\/v2\/pages"}],"about":[{"href":"https:\/\/v2charge.com\/it\/wp-json\/wp\/v2\/types\/page"}],"author":[{"embeddable":true,"href":"https:\/\/v2charge.com\/it\/wp-json\/wp\/v2\/users\/1"}],"replies":[{"embeddable":true,"href":"https:\/\/v2charge.com\/it\/wp-json\/wp\/v2\/comments?post=84432"}],"version-history":[{"count":0,"href":"https:\/\/v2charge.com\/it\/wp-json\/wp\/v2\/pages\/84432\/revisions"}],"wp:featuredmedia":[{"embeddable":true,"href":"https:\/\/v2charge.com\/it\/wp-json\/wp\/v2\/media\/170351"}],"wp:attachment":[{"href":"https:\/\/v2charge.com\/it\/wp-json\/wp\/v2\/media?parent=84432"}],"curies":[{"name":"wp","href":"https:\/\/api.w.org\/{rel}","templated":true}]}}