{"id":92880,"date":"2023-02-01T11:41:24","date_gmt":"2023-02-01T11:41:24","guid":{"rendered":"https:\/\/v2charge.com\/como-buscar-la-ip-de-los-dispositivos-conectados-a-mi-red-local\/"},"modified":"2023-07-19T09:06:34","modified_gmt":"2023-07-19T09:06:34","slug":"come-trovero-lip-dei-dispositivi-collegati-alla-mia-rete-locale","status":"publish","type":"page","link":"https:\/\/v2charge.com\/it\/come-trovero-lip-dei-dispositivi-collegati-alla-mia-rete-locale\/","title":{"rendered":"Come trovare l&#8217;IP dei dispositivi connessi alla mia rete locale?"},"content":{"rendered":"<h2>Attraverso il tuo router<\/h2>\n<p>La mayor\u00eda de routers del mercado dan la listas de dispositivos tanto conectados por WiFi como por cable. Accede a la puerta de enlace, con la direcci\u00f3n IP, usuario y contrase\u00f1a que te dio tu compa\u00f1\u00eda.<\/p>\n<h2>Con un PC<\/h2>\n<p>Attraverso il programma Angry IP (<a href=\"https:\/\/github.com\/angryip\/ipscan\/releases\/download\/3.9.0\/ipscan-3.9.0-setup.exe\">scarica qui<\/a>), scansiona tutti gli IP, e puoi trovarlo normalmente per ID del dispositivo o per produttore.<\/p>\n<h2> Con l&#8217;APP &#8220;Network Ip Scanner&#8221; su Google Play<\/h2>\n<p>Scarica l&#8217;APP Network IP Scanner e connettiti al Wi-Fi di casa tua.<\/p>\n<p><img decoding=\"async\" src=\"https:\/\/v2charge.com\/wp-content\/uploads\/2023\/02\/app-wifi-576x1024.webp\" alt=\"\" class=\"wp-image-92737\" width=\"280\" height=\"498\" srcset=\"https:\/\/v2charge.com\/wp-content\/uploads\/2023\/02\/app-wifi-576x1024.webp 576w, https:\/\/v2charge.com\/wp-content\/uploads\/2023\/02\/app-wifi-169x300.webp 169w, https:\/\/v2charge.com\/wp-content\/uploads\/2023\/02\/app-wifi-768x1365.webp 768w, https:\/\/v2charge.com\/wp-content\/uploads\/2023\/02\/app-wifi.webp 810w\" sizes=\"(max-width: 280px) 100vw, 280px\" \/><\/p>\n<h2>Con l&#8217;APP &#8220;IP Scanner&#8221; su Iphone, MAC e iPad<\/h2>\n<p>Scarica l&#8217;APP dall&#8217;<a href=\"https:\/\/apps.apple.com\/co\/app\/ip-scanner\/id6443819966?platform=iphone\" target=\"_blank\" rel=\"noreferrer noopener nofollow\">Apple Store.<\/a><\/p>\n<p><img decoding=\"async\" width=\"300\" height=\"649\" src=\"https:\/\/v2charge.com\/wp-content\/uploads\/2023\/02\/300x0w.webp\" alt=\"\" class=\"wp-image-92745\" srcset=\"https:\/\/v2charge.com\/wp-content\/uploads\/2023\/02\/300x0w.webp 300w, https:\/\/v2charge.com\/wp-content\/uploads\/2023\/02\/300x0w-139x300.webp 139w\" sizes=\"(max-width: 300px) 100vw, 300px\" \/><\/p>\n","protected":false},"excerpt":{"rendered":"<p>Attraverso il tuo router La mayor\u00eda de routers del mercado dan la listas de dispositivos tanto conectados por WiFi como por cable. Accede a la puerta de enlace, con la direcci\u00f3n IP, usuario y contrase\u00f1a que te dio tu compa\u00f1\u00eda. Con un PC Attraverso il programma Angry IP (scarica qui), scansiona tutti gli IP, e &#8230; <a title=\"Come trovare l&#8217;IP dei dispositivi connessi alla mia rete locale?\" class=\"read-more\" href=\"https:\/\/v2charge.com\/it\/come-trovero-lip-dei-dispositivi-collegati-alla-mia-rete-locale\/\" aria-label=\"Per saperne di pi\u00f9 su Come trovare l&#8217;IP dei dispositivi connessi alla mia rete locale?\">Leggi tutto<\/a><\/p>\n","protected":false},"author":1,"featured_media":0,"parent":0,"menu_order":0,"comment_status":"closed","ping_status":"closed","template":"","meta":{"_eb_attr":"","content-type":"","_uag_custom_page_level_css":"","footnotes":""},"class_list":["post-92880","page","type-page","status-publish"],"yoast_head":"<!-- This site is optimized with the Yoast SEO plugin v25.3.1 - https:\/\/yoast.com\/wordpress\/plugins\/seo\/ -->\n<title>Come trovare l&#039;IP dei dispositivi connessi alla mia rete locale?<\/title>\n<meta name=\"description\" content=\"Vi spieghiamo come cercare l&#039;IP dei dispositivi collegati alla vostra rete locale in diversi modi. Area di supporto V2C.\" \/>\n<meta name=\"robots\" content=\"index, follow, max-snippet:-1, max-image-preview:large, max-video-preview:-1\" \/>\n<link rel=\"canonical\" href=\"https:\/\/v2charge.com\/it\/come-trovero-lip-dei-dispositivi-collegati-alla-mia-rete-locale\/\" \/>\n<meta property=\"og:locale\" content=\"it_IT\" \/>\n<meta property=\"og:type\" content=\"article\" \/>\n<meta property=\"og:title\" content=\"Come trovare l&#039;IP dei dispositivi connessi alla mia rete locale?\" \/>\n<meta property=\"og:description\" content=\"Vi spieghiamo come cercare l&#039;IP dei dispositivi collegati alla vostra rete locale in diversi modi. Area di supporto V2C.\" \/>\n<meta property=\"og:url\" content=\"https:\/\/v2charge.com\/it\/come-trovero-lip-dei-dispositivi-collegati-alla-mia-rete-locale\/\" \/>\n<meta property=\"og:site_name\" content=\"V2C\" \/>\n<meta property=\"article:publisher\" content=\"https:\/\/www.facebook.com\/V2C.Charge\" \/>\n<meta property=\"article:modified_time\" content=\"2023-07-19T09:06:34+00:00\" \/>\n<meta property=\"og:image\" content=\"https:\/\/v2charge.com\/wp-content\/uploads\/2023\/02\/app-wifi-576x1024.webp\" \/>\n<meta name=\"twitter:card\" content=\"summary_large_image\" \/>\n<meta name=\"twitter:site\" content=\"@V2C_Charge\" \/>\n<meta name=\"twitter:label1\" content=\"Tempo di lettura stimato\" \/>\n\t<meta name=\"twitter:data1\" content=\"1 minuto\" \/>\n<script type=\"application\/ld+json\" class=\"yoast-schema-graph\">{\"@context\":\"https:\/\/schema.org\",\"@graph\":[{\"@type\":\"WebPage\",\"@id\":\"https:\/\/v2charge.com\/it\/come-trovero-lip-dei-dispositivi-collegati-alla-mia-rete-locale\/\",\"url\":\"https:\/\/v2charge.com\/it\/come-trovero-lip-dei-dispositivi-collegati-alla-mia-rete-locale\/\",\"name\":\"Come trovare l'IP dei dispositivi connessi alla mia rete locale?\",\"isPartOf\":{\"@id\":\"https:\/\/v2charge.com\/it\/#website\"},\"primaryImageOfPage\":{\"@id\":\"https:\/\/v2charge.com\/it\/come-trovero-lip-dei-dispositivi-collegati-alla-mia-rete-locale\/#primaryimage\"},\"image\":{\"@id\":\"https:\/\/v2charge.com\/it\/come-trovero-lip-dei-dispositivi-collegati-alla-mia-rete-locale\/#primaryimage\"},\"thumbnailUrl\":\"https:\/\/v2charge.com\/wp-content\/uploads\/2023\/02\/app-wifi-576x1024.webp\",\"datePublished\":\"2023-02-01T11:41:24+00:00\",\"dateModified\":\"2023-07-19T09:06:34+00:00\",\"description\":\"Vi spieghiamo come cercare l'IP dei dispositivi collegati alla vostra rete locale in diversi modi. Area di supporto V2C.\",\"breadcrumb\":{\"@id\":\"https:\/\/v2charge.com\/it\/come-trovero-lip-dei-dispositivi-collegati-alla-mia-rete-locale\/#breadcrumb\"},\"inLanguage\":\"it-IT\",\"potentialAction\":[{\"@type\":\"ReadAction\",\"target\":[\"https:\/\/v2charge.com\/it\/come-trovero-lip-dei-dispositivi-collegati-alla-mia-rete-locale\/\"]}]},{\"@type\":\"ImageObject\",\"inLanguage\":\"it-IT\",\"@id\":\"https:\/\/v2charge.com\/it\/come-trovero-lip-dei-dispositivi-collegati-alla-mia-rete-locale\/#primaryimage\",\"url\":\"https:\/\/v2charge.com\/wp-content\/uploads\/2023\/02\/app-wifi-576x1024.webp\",\"contentUrl\":\"https:\/\/v2charge.com\/wp-content\/uploads\/2023\/02\/app-wifi-576x1024.webp\"},{\"@type\":\"BreadcrumbList\",\"@id\":\"https:\/\/v2charge.com\/it\/come-trovero-lip-dei-dispositivi-collegati-alla-mia-rete-locale\/#breadcrumb\",\"itemListElement\":[{\"@type\":\"ListItem\",\"position\":1,\"name\":\"V2C\",\"item\":\"https:\/\/v2charge.com\/it\/\"},{\"@type\":\"ListItem\",\"position\":2,\"name\":\"Come trovare l&#8217;IP dei dispositivi connessi alla mia rete locale?\"}]},{\"@type\":\"WebSite\",\"@id\":\"https:\/\/v2charge.com\/it\/#website\",\"url\":\"https:\/\/v2charge.com\/it\/\",\"name\":\"V2C\",\"description\":\"#CargandoElMa\u00f1ana\",\"publisher\":{\"@id\":\"https:\/\/v2charge.com\/it\/#organization\"},\"potentialAction\":[{\"@type\":\"SearchAction\",\"target\":{\"@type\":\"EntryPoint\",\"urlTemplate\":\"https:\/\/v2charge.com\/it\/?s={search_term_string}\"},\"query-input\":{\"@type\":\"PropertyValueSpecification\",\"valueRequired\":true,\"valueName\":\"search_term_string\"}}],\"inLanguage\":\"it-IT\"},{\"@type\":\"Organization\",\"@id\":\"https:\/\/v2charge.com\/it\/#organization\",\"name\":\"V2C\",\"url\":\"https:\/\/v2charge.com\/it\/\",\"logo\":{\"@type\":\"ImageObject\",\"inLanguage\":\"it-IT\",\"@id\":\"https:\/\/v2charge.com\/it\/#\/schema\/logo\/image\/\",\"url\":\"https:\/\/v2charge.com\/wp-content\/uploads\/2024\/11\/cropped-v2c-charge-logo-menu.png\",\"contentUrl\":\"https:\/\/v2charge.com\/wp-content\/uploads\/2024\/11\/cropped-v2c-charge-logo-menu.png\",\"width\":984,\"height\":431,\"caption\":\"V2C\"},\"image\":{\"@id\":\"https:\/\/v2charge.com\/it\/#\/schema\/logo\/image\/\"},\"sameAs\":[\"https:\/\/www.facebook.com\/V2C.Charge\",\"https:\/\/x.com\/V2C_Charge\",\"https:\/\/www.instagram.com\/v2c.charge\/\",\"https:\/\/www.youtube.com\/@V2C\",\"https:\/\/www.linkedin.com\/company\/v2c-chargers\/\"]}]}<\/script>\n<!-- \/ Yoast SEO plugin. -->","yoast_head_json":{"title":"Come trovare l'IP dei dispositivi connessi alla mia rete locale?","description":"Vi spieghiamo come cercare l'IP dei dispositivi collegati alla vostra rete locale in diversi modi. Area di supporto V2C.","robots":{"index":"index","follow":"follow","max-snippet":"max-snippet:-1","max-image-preview":"max-image-preview:large","max-video-preview":"max-video-preview:-1"},"canonical":"https:\/\/v2charge.com\/it\/come-trovero-lip-dei-dispositivi-collegati-alla-mia-rete-locale\/","og_locale":"it_IT","og_type":"article","og_title":"Come trovare l'IP dei dispositivi connessi alla mia rete locale?","og_description":"Vi spieghiamo come cercare l'IP dei dispositivi collegati alla vostra rete locale in diversi modi. Area di supporto V2C.","og_url":"https:\/\/v2charge.com\/it\/come-trovero-lip-dei-dispositivi-collegati-alla-mia-rete-locale\/","og_site_name":"V2C","article_publisher":"https:\/\/www.facebook.com\/V2C.Charge","article_modified_time":"2023-07-19T09:06:34+00:00","og_image":[{"url":"https:\/\/v2charge.com\/wp-content\/uploads\/2023\/02\/app-wifi-576x1024.webp","type":"","width":"","height":""}],"twitter_card":"summary_large_image","twitter_site":"@V2C_Charge","twitter_misc":{"Tempo di lettura stimato":"1 minuto"},"schema":{"@context":"https:\/\/schema.org","@graph":[{"@type":"WebPage","@id":"https:\/\/v2charge.com\/it\/come-trovero-lip-dei-dispositivi-collegati-alla-mia-rete-locale\/","url":"https:\/\/v2charge.com\/it\/come-trovero-lip-dei-dispositivi-collegati-alla-mia-rete-locale\/","name":"Come trovare l'IP dei dispositivi connessi alla mia rete locale?","isPartOf":{"@id":"https:\/\/v2charge.com\/it\/#website"},"primaryImageOfPage":{"@id":"https:\/\/v2charge.com\/it\/come-trovero-lip-dei-dispositivi-collegati-alla-mia-rete-locale\/#primaryimage"},"image":{"@id":"https:\/\/v2charge.com\/it\/come-trovero-lip-dei-dispositivi-collegati-alla-mia-rete-locale\/#primaryimage"},"thumbnailUrl":"https:\/\/v2charge.com\/wp-content\/uploads\/2023\/02\/app-wifi-576x1024.webp","datePublished":"2023-02-01T11:41:24+00:00","dateModified":"2023-07-19T09:06:34+00:00","description":"Vi spieghiamo come cercare l'IP dei dispositivi collegati alla vostra rete locale in diversi modi. Area di supporto V2C.","breadcrumb":{"@id":"https:\/\/v2charge.com\/it\/come-trovero-lip-dei-dispositivi-collegati-alla-mia-rete-locale\/#breadcrumb"},"inLanguage":"it-IT","potentialAction":[{"@type":"ReadAction","target":["https:\/\/v2charge.com\/it\/come-trovero-lip-dei-dispositivi-collegati-alla-mia-rete-locale\/"]}]},{"@type":"ImageObject","inLanguage":"it-IT","@id":"https:\/\/v2charge.com\/it\/come-trovero-lip-dei-dispositivi-collegati-alla-mia-rete-locale\/#primaryimage","url":"https:\/\/v2charge.com\/wp-content\/uploads\/2023\/02\/app-wifi-576x1024.webp","contentUrl":"https:\/\/v2charge.com\/wp-content\/uploads\/2023\/02\/app-wifi-576x1024.webp"},{"@type":"BreadcrumbList","@id":"https:\/\/v2charge.com\/it\/come-trovero-lip-dei-dispositivi-collegati-alla-mia-rete-locale\/#breadcrumb","itemListElement":[{"@type":"ListItem","position":1,"name":"V2C","item":"https:\/\/v2charge.com\/it\/"},{"@type":"ListItem","position":2,"name":"Come trovare l&#8217;IP dei dispositivi connessi alla mia rete locale?"}]},{"@type":"WebSite","@id":"https:\/\/v2charge.com\/it\/#website","url":"https:\/\/v2charge.com\/it\/","name":"V2C","description":"#CargandoElMa\u00f1ana","publisher":{"@id":"https:\/\/v2charge.com\/it\/#organization"},"potentialAction":[{"@type":"SearchAction","target":{"@type":"EntryPoint","urlTemplate":"https:\/\/v2charge.com\/it\/?s={search_term_string}"},"query-input":{"@type":"PropertyValueSpecification","valueRequired":true,"valueName":"search_term_string"}}],"inLanguage":"it-IT"},{"@type":"Organization","@id":"https:\/\/v2charge.com\/it\/#organization","name":"V2C","url":"https:\/\/v2charge.com\/it\/","logo":{"@type":"ImageObject","inLanguage":"it-IT","@id":"https:\/\/v2charge.com\/it\/#\/schema\/logo\/image\/","url":"https:\/\/v2charge.com\/wp-content\/uploads\/2024\/11\/cropped-v2c-charge-logo-menu.png","contentUrl":"https:\/\/v2charge.com\/wp-content\/uploads\/2024\/11\/cropped-v2c-charge-logo-menu.png","width":984,"height":431,"caption":"V2C"},"image":{"@id":"https:\/\/v2charge.com\/it\/#\/schema\/logo\/image\/"},"sameAs":["https:\/\/www.facebook.com\/V2C.Charge","https:\/\/x.com\/V2C_Charge","https:\/\/www.instagram.com\/v2c.charge\/","https:\/\/www.youtube.com\/@V2C","https:\/\/www.linkedin.com\/company\/v2c-chargers\/"]}]}},"uagb_featured_image_src":{"full":false,"thumbnail":false,"medium":false,"medium_large":false,"large":false,"gs-tiny":false,"xl":false,"xxl":false,"xxxl":false,"xxxxl":false,"xxxxxl":false,"1536x1536":false,"2048x2048":false},"uagb_author_info":{"display_name":"V2C","author_link":"https:\/\/v2charge.com\/it\/author\/root_k4eu7ki8\/"},"uagb_comment_info":0,"uagb_excerpt":"Attraverso il tuo router La mayor\u00eda de routers del mercado dan la listas de dispositivos tanto conectados por WiFi como por cable. Accede a la puerta de enlace, con la direcci\u00f3n IP, usuario y contrase\u00f1a que te dio tu compa\u00f1\u00eda. Con un PC Attraverso il programma Angry IP (scarica qui), scansiona tutti gli IP, e&hellip;","_links":{"self":[{"href":"https:\/\/v2charge.com\/it\/wp-json\/wp\/v2\/pages\/92880","targetHints":{"allow":["GET"]}}],"collection":[{"href":"https:\/\/v2charge.com\/it\/wp-json\/wp\/v2\/pages"}],"about":[{"href":"https:\/\/v2charge.com\/it\/wp-json\/wp\/v2\/types\/page"}],"author":[{"embeddable":true,"href":"https:\/\/v2charge.com\/it\/wp-json\/wp\/v2\/users\/1"}],"replies":[{"embeddable":true,"href":"https:\/\/v2charge.com\/it\/wp-json\/wp\/v2\/comments?post=92880"}],"version-history":[{"count":0,"href":"https:\/\/v2charge.com\/it\/wp-json\/wp\/v2\/pages\/92880\/revisions"}],"wp:attachment":[{"href":"https:\/\/v2charge.com\/it\/wp-json\/wp\/v2\/media?parent=92880"}],"curies":[{"name":"wp","href":"https:\/\/api.w.org\/{rel}","templated":true}]}}