{"id":324969,"date":"2018-05-31T15:46:08","date_gmt":"2018-05-31T15:46:08","guid":{"rendered":""},"modified":"2023-07-14T08:11:48","modified_gmt":"2023-07-14T08:11:48","slug":"teisinis-prane-imas-ir-privatumo-politika","status":"publish","type":"page","link":"https:\/\/v2charge.com\/lt\/teisinis-prane-imas-ir-privatumo-politika\/","title":{"rendered":"Teisinis prane\u0161imas ir privatumo politika"},"content":{"rendered":"<p><strong>Privatumo politika, Slapuk\u0173 naudojimas ir daugiau informacijos<\/strong><\/p>\n<p>V2Charge (V2C) privatumo politika. \u0160i svetain\u0117 priklauso NEGOCIOS INTELIGENTES 7EXPERIENCE S.L. (toliau \u2013 \u201eV2C\u201c), kurios adresas yra Avenida Cam\u00ed Nou 268 Xirivella (Valensija), turinti CIF Nr. B98496706.<br \/>\nVadovaudamiesi 15\/99 \u012fstatymu, priimtu 1999 m. gruod\u017eio 13 d., d\u0117l duomen\u0173 apsaugos, informuojame, kad visi j\u016bs\u0173 duomenys yra NEGOCIOS INTELIGENTES 7 EXPERIENCE S.L. valdomo failo dalis, skirta bet kokiems j\u016bs\u0173 u\u017eklausoms spr\u0119sti, valdyti komercinius santykius ir si\u0173sti jums naujienas apie \u012fmon\u0117s produktus ir paslaugas bet kokiu b\u016bdu, \u012fskaitant elektronin\u012f.<\/p>\n<p>Mes nesaugome kredito korteli\u0173 duomen\u0173 ir nesidalijame asmeniniais vartotoj\u0173 duomenimis su tre\u010diosiomis \u0161alimis. Mes neparduodame, nepernuomojame ir nesuteikiame asmenini\u0173 duomen\u0173, kurie gal\u0117t\u0173 jus identifikuoti, tre\u010diosioms \u0161alims be j\u016bs\u0173 sutikimo, ir ateityje to nedarysime. Ta\u010diau tam tikrais atvejais galime pasitelkti tiek\u0117jus, partnerius ar agent\u016bras, kad apdorotume j\u016bs\u0173 asmenin\u0119 informacij\u0105 m\u016bs\u0173 vardu, visada laikydamiesi m\u016bs\u0173 nurodym\u0173 ir reikalaujant laikytis grie\u017e\u010diausi\u0173 saugumo standart\u0173.<\/p>\n<p>Jei ateityje prad\u0117sime naujas veiklas, kurios priklausys m\u016bs\u0173 \u012fmonei (NEGOCIOS INTELIGENTES 7EXPERIENCE S.L.) arba kitoms \u0161ios \u012fmon\u0117s valdomoms \u012fmon\u0117ms, susijusioms su V2C teikiamais produktais ir paslaugomis, mes naudosime j\u016bs\u0173 asmeninius duomenis, kad prane\u0161tume apie j\u0173 paleidim\u0105 ir palengvintume j\u0173 naudojim\u0105 ar u\u017esakym\u0105. Tokiu atveju mes i\u0161 anksto jus informuosime, kad gal\u0117tum\u0117te, jei norite, at\u0161aukti savo duomenis \u0161iuose paslaugose.<\/p>\n<p>Kai u\u017esiregistruosite arba susisieksite su mumis per m\u016bs\u0173 svetain\u0119, mes surinksime du informacijos tipus: 1) Asmenin\u0119 informacij\u0105, toki\u0105 kaip j\u016bs\u0173 vardas, adresas, telefono numeris ir el. pa\u0161to adresas, kuriuos pateikiate savanori\u0161kai. 2) J\u016bs\u0173 kompiuterio IP adres\u0105 ir anonimin\u0119 informacij\u0105, surinkt\u0105 slapuk\u0173 pagalba, kai nar\u0161ote m\u016bs\u0173 svetain\u0117je, kad pad\u0117tume suprasti, kaip patobulinti m\u016bs\u0173 svetain\u0119 ir paslaugas. Jei norite su\u017einoti daugiau apie tai, kaip naudojame slapukus, pra\u0161ome apsilankyti svetain\u0117je \/es\/Legal\/Cookies&#8221;.<\/p>\n<p><strong>J\u016bs\u0173 teis\u0117s<\/strong><\/p>\n<p>Duomen\u0173 apsaugos reglamentas reikalauja, kad j\u016bs\u0173 asmeniniai duomenys b\u016bt\u0173 tvarkomi s\u0105\u017einingai, tinkamai, tiksliai ir nepertekliai. Asmeniniai duomenys turi b\u016bti atnaujinami ir saugomi ne ilgiau, nei b\u016btina. Be to, jie turi b\u016bti saugomi saugiai, kad b\u016bt\u0173 i\u0161vengta neautorizuoto prieigos. J\u016bs turite teis\u0119 \u017einoti, koki\u0105 informacij\u0105 turime apie jus, ir taisyti neteisingus duomenis. Bet kuriuo metu galite pasinaudoti savo teis\u0117mis gauti prieig\u0105, taisyti, prie\u0161tarauti arba at\u0161aukti, si\u0173sdami savo pra\u0161ym\u0105 adresu info@v2charge.com arba pa\u0161tu adresu NEGOCIOS INTELIGENTES 7EXPERIENCE S.L., Avenida Cam\u00ed Nou 268 Xirivella 46950, prid\u0117dami savo asmens tapatyb\u0117s dokumento (DNI) arba lygiavert\u0117s dokumentacijos kopij\u0105.&#8221;<\/p>\n<p><strong>Slapukai<\/strong><\/p>\n<p>Kartais mes naudojame j\u016bs\u0173 interneto nar\u0161ykl\u0117s funkcij\u0105, vadinam\u0105 \u201eslapuku\u201c, V2C svetain\u0117je. \u201eSlapukas\u201c yra labai ma\u017eas teksto failas, kur\u012f j\u016bs\u0173 nar\u0161ykl\u0117 \u012fra\u0161o \u012f j\u016bs\u0173 kompiuterio kiet\u0105j\u012f disk\u0105, leid\u017eiantis maksimaliai i\u0161naudoti j\u016bs\u0173 vizit\u0105 m\u016bs\u0173 svetain\u0117je ir pagerinti vartotojo patirt\u012f. \u201eSlapukas\u201c gali b\u016bti laikomas identifikavimo kortele, kuri prane\u0161a svetainei, kai j\u016bs sugr\u012f\u017etate.<\/p>\n<p>V2C tvarko vis\u0105 informacij\u0105 su did\u017eiausiu r\u016bpes\u010diu ir saugumu. Mes niekada nesaugome ar neapdorojame j\u016bs\u0173 banko ar kredito kortel\u0117s duomen\u0173, nes \u0161i informacija bus tiesiogiai tvarkoma m\u016bs\u0173 mok\u0117jimo paslaug\u0173 teik\u0117j\u0173, kurie atitinka visus pla\u010diausiai taikomus saugumo ir teis\u0117s akt\u0173 reikalavimus. Pra\u0161ome prisiminti, kad mes susisieksime su jumis tik pra\u0161ydami patvirtinimo d\u0117l j\u016bs\u0173 paskyros detali\u0173, kai j\u016bs\u0173 kortel\u0117 bus atmesta mok\u0117jimo metu. Kai susisieksime su jumis, niekada nepra\u0161ysime j\u016bs\u0173 slapta\u017eod\u017eio ar kortel\u0117s PIN kodo. Rekomenduojame niekada ne\u012fvesti savo s\u0105skaitos numerio ar slapta\u017eod\u017eio el. lai\u0161ke arba paspaudus nuorod\u0105, gaut\u0105 i\u0161 el. lai\u0161ko.<\/p>\n<p><strong>Privatumo politikos pakeitimas<\/strong><\/p>\n<p>\u0160ios privatumo politikos atnaujinimas ir pakeitimas bus reglamentuojamas naudojimo s\u0105lygose numatytomis taisykl\u0117mis.<\/p>\n","protected":false},"excerpt":{"rendered":"<p>Privatumo politika, Slapuk\u0173 naudojimas ir daugiau informacijos V2Charge (V2C) privatumo politika. \u0160i svetain\u0117 priklauso NEGOCIOS INTELIGENTES 7EXPERIENCE S.L. (toliau \u2013 \u201eV2C\u201c), kurios adresas yra Avenida Cam\u00ed Nou 268 Xirivella (Valensija), turinti CIF Nr. B98496706. Vadovaudamiesi 15\/99 \u012fstatymu, priimtu 1999 m. gruod\u017eio 13 d., d\u0117l duomen\u0173 apsaugos, informuojame, kad visi j\u016bs\u0173 duomenys yra NEGOCIOS INTELIGENTES 7 &#8230; <a title=\"Teisinis prane\u0161imas ir privatumo politika\" class=\"read-more\" href=\"https:\/\/v2charge.com\/lt\/teisinis-prane-imas-ir-privatumo-politika\/\" aria-label=\"Read more about Teisinis prane\u0161imas ir privatumo politika\">Read more<\/a><\/p>\n","protected":false},"author":1,"featured_media":170354,"parent":0,"menu_order":0,"comment_status":"closed","ping_status":"closed","template":"","meta":{"_eb_attr":"","content-type":"","_uag_custom_page_level_css":"","footnotes":""},"class_list":["post-324969","page","type-page","status-publish","has-post-thumbnail"],"yoast_head":"<!-- This site is optimized with the Yoast SEO plugin v25.3.1 - https:\/\/yoast.com\/wordpress\/plugins\/seo\/ -->\n<title>Teisinis prane\u0161imas ir privatumo politika - V2C \u012ekrovimo Ta\u0161kai<\/title>\n<meta name=\"robots\" content=\"noindex, follow\" \/>\n<meta property=\"og:locale\" content=\"lt_LT\" \/>\n<meta property=\"og:type\" content=\"article\" \/>\n<meta property=\"og:title\" content=\"Teisinis prane\u0161imas ir privatumo politika - V2C \u012ekrovimo Ta\u0161kai\" \/>\n<meta property=\"og:description\" content=\"Privatumo politika, Slapuk\u0173 naudojimas ir daugiau informacijos V2Charge (V2C) privatumo politika. \u0160i svetain\u0117 priklauso NEGOCIOS INTELIGENTES 7EXPERIENCE S.L. (toliau \u2013 \u201eV2C\u201c), kurios adresas yra Avenida Cam\u00ed Nou 268 Xirivella (Valensija), turinti CIF Nr. B98496706. Vadovaudamiesi 15\/99 \u012fstatymu, priimtu 1999 m. gruod\u017eio 13 d., d\u0117l duomen\u0173 apsaugos, informuojame, kad visi j\u016bs\u0173 duomenys yra NEGOCIOS INTELIGENTES 7 ... Read more\" \/>\n<meta property=\"og:url\" content=\"https:\/\/v2charge.com\/lt\/teisinis-prane-imas-ir-privatumo-politika\/\" \/>\n<meta property=\"og:site_name\" content=\"V2C\" \/>\n<meta property=\"article:publisher\" content=\"https:\/\/www.facebook.com\/V2C.Charge\" \/>\n<meta property=\"article:modified_time\" content=\"2023-07-14T08:11:48+00:00\" \/>\n<meta property=\"og:image\" content=\"https:\/\/v2charge.com\/wp-content\/uploads\/2024\/07\/v2c-electric-chargers.jpg\" \/>\n\t<meta property=\"og:image:width\" content=\"1200\" \/>\n\t<meta property=\"og:image:height\" content=\"675\" \/>\n\t<meta property=\"og:image:type\" content=\"image\/jpeg\" \/>\n<meta name=\"twitter:card\" content=\"summary_large_image\" \/>\n<meta name=\"twitter:site\" content=\"@V2C_Charge\" \/>\n<meta name=\"twitter:label1\" content=\"Est. reading time\" \/>\n\t<meta name=\"twitter:data1\" content=\"4 minut\u0117s\" \/>\n<script type=\"application\/ld+json\" class=\"yoast-schema-graph\">{\"@context\":\"https:\/\/schema.org\",\"@graph\":[{\"@type\":\"WebPage\",\"@id\":\"https:\/\/v2charge.com\/lt\/teisinis-prane-imas-ir-privatumo-politika\/\",\"url\":\"https:\/\/v2charge.com\/lt\/teisinis-prane-imas-ir-privatumo-politika\/\",\"name\":\"Teisinis prane\u0161imas ir privatumo politika - V2C \u012ekrovimo Ta\u0161kai\",\"isPartOf\":{\"@id\":\"https:\/\/v2charge.com\/lt\/#website\"},\"primaryImageOfPage\":{\"@id\":\"https:\/\/v2charge.com\/lt\/teisinis-prane-imas-ir-privatumo-politika\/#primaryimage\"},\"image\":{\"@id\":\"https:\/\/v2charge.com\/lt\/teisinis-prane-imas-ir-privatumo-politika\/#primaryimage\"},\"thumbnailUrl\":\"https:\/\/v2charge.com\/wp-content\/uploads\/2024\/07\/v2c-electric-chargers.jpg\",\"datePublished\":\"2018-05-31T15:46:08+00:00\",\"dateModified\":\"2023-07-14T08:11:48+00:00\",\"breadcrumb\":{\"@id\":\"https:\/\/v2charge.com\/lt\/teisinis-prane-imas-ir-privatumo-politika\/#breadcrumb\"},\"inLanguage\":\"lt-LT\",\"potentialAction\":[{\"@type\":\"ReadAction\",\"target\":[\"https:\/\/v2charge.com\/lt\/teisinis-prane-imas-ir-privatumo-politika\/\"]}]},{\"@type\":\"ImageObject\",\"inLanguage\":\"lt-LT\",\"@id\":\"https:\/\/v2charge.com\/lt\/teisinis-prane-imas-ir-privatumo-politika\/#primaryimage\",\"url\":\"https:\/\/v2charge.com\/wp-content\/uploads\/2024\/07\/v2c-electric-chargers.jpg\",\"contentUrl\":\"https:\/\/v2charge.com\/wp-content\/uploads\/2024\/07\/v2c-electric-chargers.jpg\",\"width\":1200,\"height\":675,\"caption\":\"V2C Electric Chargers\"},{\"@type\":\"BreadcrumbList\",\"@id\":\"https:\/\/v2charge.com\/lt\/teisinis-prane-imas-ir-privatumo-politika\/#breadcrumb\",\"itemListElement\":[{\"@type\":\"ListItem\",\"position\":1,\"name\":\"V2C\",\"item\":\"https:\/\/v2charge.com\/lt\/\"},{\"@type\":\"ListItem\",\"position\":2,\"name\":\"Teisinis prane\u0161imas ir privatumo politika\"}]},{\"@type\":\"WebSite\",\"@id\":\"https:\/\/v2charge.com\/lt\/#website\",\"url\":\"https:\/\/v2charge.com\/lt\/\",\"name\":\"V2C\",\"description\":\"#CargandoElMa\u00f1ana\",\"publisher\":{\"@id\":\"https:\/\/v2charge.com\/lt\/#organization\"},\"potentialAction\":[{\"@type\":\"SearchAction\",\"target\":{\"@type\":\"EntryPoint\",\"urlTemplate\":\"https:\/\/v2charge.com\/lt\/?s={search_term_string}\"},\"query-input\":{\"@type\":\"PropertyValueSpecification\",\"valueRequired\":true,\"valueName\":\"search_term_string\"}}],\"inLanguage\":\"lt-LT\"},{\"@type\":\"Organization\",\"@id\":\"https:\/\/v2charge.com\/lt\/#organization\",\"name\":\"V2C\",\"url\":\"https:\/\/v2charge.com\/lt\/\",\"logo\":{\"@type\":\"ImageObject\",\"inLanguage\":\"lt-LT\",\"@id\":\"https:\/\/v2charge.com\/lt\/#\/schema\/logo\/image\/\",\"url\":\"https:\/\/v2charge.com\/wp-content\/uploads\/2024\/11\/cropped-v2c-charge-logo-menu.png\",\"contentUrl\":\"https:\/\/v2charge.com\/wp-content\/uploads\/2024\/11\/cropped-v2c-charge-logo-menu.png\",\"width\":984,\"height\":431,\"caption\":\"V2C\"},\"image\":{\"@id\":\"https:\/\/v2charge.com\/lt\/#\/schema\/logo\/image\/\"},\"sameAs\":[\"https:\/\/www.facebook.com\/V2C.Charge\",\"https:\/\/x.com\/V2C_Charge\",\"https:\/\/www.instagram.com\/v2c.charge\/\",\"https:\/\/www.youtube.com\/@V2C\",\"https:\/\/www.linkedin.com\/company\/v2c-chargers\/\"]}]}<\/script>\n<!-- \/ Yoast SEO plugin. -->","yoast_head_json":{"title":"Teisinis prane\u0161imas ir privatumo politika - V2C \u012ekrovimo Ta\u0161kai","robots":{"index":"noindex","follow":"follow"},"og_locale":"lt_LT","og_type":"article","og_title":"Teisinis prane\u0161imas ir privatumo politika - V2C \u012ekrovimo Ta\u0161kai","og_description":"Privatumo politika, Slapuk\u0173 naudojimas ir daugiau informacijos V2Charge (V2C) privatumo politika. \u0160i svetain\u0117 priklauso NEGOCIOS INTELIGENTES 7EXPERIENCE S.L. (toliau \u2013 \u201eV2C\u201c), kurios adresas yra Avenida Cam\u00ed Nou 268 Xirivella (Valensija), turinti CIF Nr. B98496706. Vadovaudamiesi 15\/99 \u012fstatymu, priimtu 1999 m. gruod\u017eio 13 d., d\u0117l duomen\u0173 apsaugos, informuojame, kad visi j\u016bs\u0173 duomenys yra NEGOCIOS INTELIGENTES 7 ... Read more","og_url":"https:\/\/v2charge.com\/lt\/teisinis-prane-imas-ir-privatumo-politika\/","og_site_name":"V2C","article_publisher":"https:\/\/www.facebook.com\/V2C.Charge","article_modified_time":"2023-07-14T08:11:48+00:00","og_image":[{"width":1200,"height":675,"url":"https:\/\/v2charge.com\/wp-content\/uploads\/2024\/07\/v2c-electric-chargers.jpg","type":"image\/jpeg"}],"twitter_card":"summary_large_image","twitter_site":"@V2C_Charge","twitter_misc":{"Est. reading time":"4 minut\u0117s"},"schema":{"@context":"https:\/\/schema.org","@graph":[{"@type":"WebPage","@id":"https:\/\/v2charge.com\/lt\/teisinis-prane-imas-ir-privatumo-politika\/","url":"https:\/\/v2charge.com\/lt\/teisinis-prane-imas-ir-privatumo-politika\/","name":"Teisinis prane\u0161imas ir privatumo politika - V2C \u012ekrovimo Ta\u0161kai","isPartOf":{"@id":"https:\/\/v2charge.com\/lt\/#website"},"primaryImageOfPage":{"@id":"https:\/\/v2charge.com\/lt\/teisinis-prane-imas-ir-privatumo-politika\/#primaryimage"},"image":{"@id":"https:\/\/v2charge.com\/lt\/teisinis-prane-imas-ir-privatumo-politika\/#primaryimage"},"thumbnailUrl":"https:\/\/v2charge.com\/wp-content\/uploads\/2024\/07\/v2c-electric-chargers.jpg","datePublished":"2018-05-31T15:46:08+00:00","dateModified":"2023-07-14T08:11:48+00:00","breadcrumb":{"@id":"https:\/\/v2charge.com\/lt\/teisinis-prane-imas-ir-privatumo-politika\/#breadcrumb"},"inLanguage":"lt-LT","potentialAction":[{"@type":"ReadAction","target":["https:\/\/v2charge.com\/lt\/teisinis-prane-imas-ir-privatumo-politika\/"]}]},{"@type":"ImageObject","inLanguage":"lt-LT","@id":"https:\/\/v2charge.com\/lt\/teisinis-prane-imas-ir-privatumo-politika\/#primaryimage","url":"https:\/\/v2charge.com\/wp-content\/uploads\/2024\/07\/v2c-electric-chargers.jpg","contentUrl":"https:\/\/v2charge.com\/wp-content\/uploads\/2024\/07\/v2c-electric-chargers.jpg","width":1200,"height":675,"caption":"V2C Electric Chargers"},{"@type":"BreadcrumbList","@id":"https:\/\/v2charge.com\/lt\/teisinis-prane-imas-ir-privatumo-politika\/#breadcrumb","itemListElement":[{"@type":"ListItem","position":1,"name":"V2C","item":"https:\/\/v2charge.com\/lt\/"},{"@type":"ListItem","position":2,"name":"Teisinis prane\u0161imas ir privatumo politika"}]},{"@type":"WebSite","@id":"https:\/\/v2charge.com\/lt\/#website","url":"https:\/\/v2charge.com\/lt\/","name":"V2C","description":"#CargandoElMa\u00f1ana","publisher":{"@id":"https:\/\/v2charge.com\/lt\/#organization"},"potentialAction":[{"@type":"SearchAction","target":{"@type":"EntryPoint","urlTemplate":"https:\/\/v2charge.com\/lt\/?s={search_term_string}"},"query-input":{"@type":"PropertyValueSpecification","valueRequired":true,"valueName":"search_term_string"}}],"inLanguage":"lt-LT"},{"@type":"Organization","@id":"https:\/\/v2charge.com\/lt\/#organization","name":"V2C","url":"https:\/\/v2charge.com\/lt\/","logo":{"@type":"ImageObject","inLanguage":"lt-LT","@id":"https:\/\/v2charge.com\/lt\/#\/schema\/logo\/image\/","url":"https:\/\/v2charge.com\/wp-content\/uploads\/2024\/11\/cropped-v2c-charge-logo-menu.png","contentUrl":"https:\/\/v2charge.com\/wp-content\/uploads\/2024\/11\/cropped-v2c-charge-logo-menu.png","width":984,"height":431,"caption":"V2C"},"image":{"@id":"https:\/\/v2charge.com\/lt\/#\/schema\/logo\/image\/"},"sameAs":["https:\/\/www.facebook.com\/V2C.Charge","https:\/\/x.com\/V2C_Charge","https:\/\/www.instagram.com\/v2c.charge\/","https:\/\/www.youtube.com\/@V2C","https:\/\/www.linkedin.com\/company\/v2c-chargers\/"]}]}},"uagb_featured_image_src":{"full":["https:\/\/v2charge.com\/wp-content\/uploads\/2024\/07\/v2c-electric-chargers.jpg",1200,675,false],"thumbnail":["https:\/\/v2charge.com\/wp-content\/uploads\/2024\/07\/v2c-electric-chargers-150x150.jpg",150,150,true],"medium":["https:\/\/v2charge.com\/wp-content\/uploads\/2024\/07\/v2c-electric-chargers-300x169.jpg",300,169,true],"medium_large":["https:\/\/v2charge.com\/wp-content\/uploads\/2024\/07\/v2c-electric-chargers-768x432.jpg",768,432,true],"large":["https:\/\/v2charge.com\/wp-content\/uploads\/2024\/07\/v2c-electric-chargers-1024x576.jpg",1024,576,true],"gs-tiny":["https:\/\/v2charge.com\/wp-content\/uploads\/2024\/07\/v2c-electric-chargers.jpg",50,28,false],"xl":["https:\/\/v2charge.com\/wp-content\/uploads\/2024\/07\/v2c-electric-chargers.jpg",1200,675,false],"xxl":["https:\/\/v2charge.com\/wp-content\/uploads\/2024\/07\/v2c-electric-chargers.jpg",1200,675,false],"xxxl":["https:\/\/v2charge.com\/wp-content\/uploads\/2024\/07\/v2c-electric-chargers.jpg",1200,675,false],"xxxxl":["https:\/\/v2charge.com\/wp-content\/uploads\/2024\/07\/v2c-electric-chargers.jpg",1200,675,false],"xxxxxl":["https:\/\/v2charge.com\/wp-content\/uploads\/2024\/07\/v2c-electric-chargers.jpg",1200,675,false],"1536x1536":["https:\/\/v2charge.com\/wp-content\/uploads\/2024\/07\/v2c-electric-chargers.jpg",1200,675,false],"2048x2048":["https:\/\/v2charge.com\/wp-content\/uploads\/2024\/07\/v2c-electric-chargers.jpg",1200,675,false]},"uagb_author_info":{"display_name":"V2C","author_link":"https:\/\/v2charge.com\/lt\/author\/root_k4eu7ki8\/"},"uagb_comment_info":0,"uagb_excerpt":"Privatumo politika, Slapuk\u0173 naudojimas ir daugiau informacijos V2Charge (V2C) privatumo politika. \u0160i svetain\u0117 priklauso NEGOCIOS INTELIGENTES 7EXPERIENCE S.L. (toliau \u2013 \u201eV2C\u201c), kurios adresas yra Avenida Cam\u00ed Nou 268 Xirivella (Valensija), turinti CIF Nr. B98496706. Vadovaudamiesi 15\/99 \u012fstatymu, priimtu 1999 m. gruod\u017eio 13 d., d\u0117l duomen\u0173 apsaugos, informuojame, kad visi j\u016bs\u0173 duomenys yra NEGOCIOS INTELIGENTES 7&hellip;","_links":{"self":[{"href":"https:\/\/v2charge.com\/lt\/wp-json\/wp\/v2\/pages\/324969","targetHints":{"allow":["GET"]}}],"collection":[{"href":"https:\/\/v2charge.com\/lt\/wp-json\/wp\/v2\/pages"}],"about":[{"href":"https:\/\/v2charge.com\/lt\/wp-json\/wp\/v2\/types\/page"}],"author":[{"embeddable":true,"href":"https:\/\/v2charge.com\/lt\/wp-json\/wp\/v2\/users\/1"}],"replies":[{"embeddable":true,"href":"https:\/\/v2charge.com\/lt\/wp-json\/wp\/v2\/comments?post=324969"}],"version-history":[{"count":0,"href":"https:\/\/v2charge.com\/lt\/wp-json\/wp\/v2\/pages\/324969\/revisions"}],"wp:featuredmedia":[{"embeddable":true,"href":"https:\/\/v2charge.com\/lt\/wp-json\/wp\/v2\/media\/170354"}],"wp:attachment":[{"href":"https:\/\/v2charge.com\/lt\/wp-json\/wp\/v2\/media?parent=324969"}],"curies":[{"name":"wp","href":"https:\/\/api.w.org\/{rel}","templated":true}]}}