{"id":324970,"date":"2018-06-01T09:43:28","date_gmt":"2018-06-01T09:43:28","guid":{"rendered":""},"modified":"2023-05-24T10:41:00","modified_gmt":"2023-05-24T10:41:00","slug":"slapuk-politika","status":"publish","type":"page","link":"https:\/\/v2charge.com\/lt\/slapuk-politika\/","title":{"rendered":"Slapuk\u0173 politika"},"content":{"rendered":"<p>\u0160i svetain\u0117 priklauso NEGOCIOS INTELIGENTES 7 EXPERIENCE S.L.. Prieiga prie \u0161ios svetain\u0117s rei\u0161kia, kad j\u016bs \u017einote ir sutinkate su privatumo politika. Vadovaujantis 2002 m. liepos 11 d. 34\/2002 \u012fstatymo 10 straipsniu d\u0117l Informacijos visuomen\u0117s paslaug\u0173 ir Elektronin\u0117s prekybos (LSSI), pateikiama identifikavimo informacija.<\/p>\n<h2>K\u0105 rei\u0161kia slapukai?<\/h2>\n<p>Slapukas yra failas, kuris atsisiun\u010diamas \u012f j\u016bs\u0173 kompiuter\u012f ar terminal\u0105, kai prisijungiate prie m\u016bs\u0173 svetain\u0117s. Slapukai leid\u017eia mums, be kita ko, saugoti ir atkurti informacij\u0105 apie vartotojo ar jo \u012frenginio nar\u0161ymo \u012fpro\u010dius ir, priklausomai nuo turimos informacijos ir to, kaip vartotojas naudoja savo \u012frengin\u012f, gali b\u016bti naudojami vartotojui atpa\u017einti.<\/p>\n<h2>Kokius slapukus naudoja m\u016bs\u0173 svetain\u0117?<\/h2>\n<p>Nuosavi slapukai: tai slapukai, kuriuos mes siun\u010diame \u012f j\u016bs\u0173 kompiuter\u012f ar terminal\u0105 i\u0161 m\u016bs\u0173 svetain\u0117s.<br \/>Tre\u010di\u0173j\u0173 \u0161ali\u0173 slapukai: tai slapukai, kurie siun\u010diami \u012f j\u016bs\u0173 kompiuter\u012f ar terminal\u0105 i\u0161 domeno ar svetain\u0117s, kuri n\u0117ra valdoma m\u016bs\u0173, o kitos \u012fmon\u0117s, kuri tvarko slapuk\u0173 gautus duomenis.<br \/>Analitiniai slapukai: tai slapukai, kurie, tinkamai apdoroti m\u016bs\u0173 ar tre\u010di\u0173j\u0173 \u0161ali\u0173, leid\u017eia mums kiekybi\u0161kai \u012fvertinti vartotoj\u0173 skai\u010di\u0173 ir atlikti statistin\u0119 analiz\u0119 bei matavimus, kaip vartotojai naudoja m\u016bs\u0173 svetain\u0119. Tam mes analizuojame nar\u0161ym\u0105 m\u016bs\u0173 svetain\u0117je, siekdami pagerinti si\u016blom\u0173 produkt\u0173 ar paslaug\u0173 pasi\u016bl\u0105.<\/p>\n<h2>Slapukai, naudojami www.v2charge.com:<\/h2>\n<p>Grie\u017etai b\u016btini slapukai, pavyzd\u017eiui, tie, kurie u\u017etikrina tinkam\u0105 nar\u0161ym\u0105 ir garantuoja, kad svetain\u0117s turinys \u012fkeliama efektyviai. PHPSESSID SESION \u2013 \u0160is slapukas naudojamas vartotojo sesijai, kuris lanko m\u016bs\u0173 svetaines, nustatyti. Tai b\u016bdas identifikuoti ir valdyti b\u016bsen\u0105 \u2013 sesijos kintamuosius \u2013 konkre\u010diam vartotojui ir perduoti \u0161i\u0105 informacij\u0105 per m\u016bs\u0173 svetaini\u0173 puslapius. WordPress_test_cookie SESION \u2013 \u0160is slapukas naudojamas, kad WordPress turinio valdymo sistema patikrint\u0173, ar nar\u0161ykl\u0117je \u012fjungti slapukai. Wp-settings-{time}-`{`UID`}` \u2013 UID, esantis slapuko pavadinimo pabaigoje, apima vartotojo ID, saugom\u0105 WordPress duomen\u0173 baz\u0117je. Jis naudojamas administravimo s\u0105sajos i\u0161vaizdai saugoti ir gali b\u016bti naudojamas pagrindinio svetain\u0117s i\u0161vaizdai saugoti. WordPress_logged_in_`{`hash`}` \u2013 Po prisijungimo WordPress aktyvuoja slapuk\u0105 wordpress_logged_in_`{`hash`}`, kuris nurodo, kada prisijung\u0117te ir kas esate, naudojamas WordPress s\u0105sajoje. WordPress_`{`hash`}` \u2013 \u0160is slapukas aktyvuojamas prisijungimo metu ir saugo autentifikavimo detales. Jo naudojimas ribojamas administravimo sri\u010diai, \/wp-config\/.<\/p>\n<p>Tre\u010di\u0173j\u0173 \u0161ali\u0173 slapukai, pavyzd\u017eiui, tie, kurie naudojami socialiniuose tinkluose arba i\u0161oriniuose turinio papildiniuose, tokiuose kaip google maps. _NID, _PREF \u2013 \u0160ie slapukai i\u0161 Google Maps registruoja vartotojo kilm\u0119, taip pat raktinius \u017eod\u017eius. HSID, SSID, APISID, SAPISID, BEAT, OTZ, BEAT \u2013 leid\u017eia dalintis turiniu socialiniuose tinkluose. __ga, __utma, __utmb, __utmc, __utmv, __utmz, _twitter_sess, external_referer, guest_id \u2013 \u0160ie slapukai yra tie, kuriuos \u012fdiegia Twitter, kad atlikt\u0173 remarketing\u0105, vartotoj\u0173 sekim\u0105 ir analitik\u0105.<\/p>\n<p>Analitiniai slapukai, tai slapukai, naudojami Google Analytics analizei, tyrimams ar statistikai, siekiant pagerinti svetain\u0117s patirt\u012f. Naudojant \u0161iuos slapukus, galima rodyti lankytojams labiau aktuali\u0105 informacij\u0105. __hstc, hubspotutk, __hssc, __hssrc, __hs_opt_out, __hs_do_not_track, __hs_testcookie, hsPagesViewedThisSession, hsfirstvisit: Hubspot slapukai, internetin\u0117s analitikos \u012frankis, interneto rinkodara, skirta m\u016bs\u0173 svetain\u0117s naudojimo analizei ir matavimams, siekiant pagerinti m\u016bs\u0173 paslaugas. _utma, _utmb, _utmz, _utmc, _utmt: Pagrindinis tikslas yra nustatyti apsilankym\u0173 skai\u010di\u0173, u\u017eklaus\u0173 laikotarp\u012f, nar\u0161ykl\u0119, naudojam\u0105 prisijungti prie svetain\u0117s, naudojamus raktinius \u017eod\u017eius, lankytojo pasaulin\u0119 viet\u0105, svetain\u0117je aplankyt\u0105 turin\u012f, taip pat kitus svetain\u0117s srauto parametrus, visada i\u0161likdami anonimi\u0161ki. Google saugo \u0161i\u0105 informacij\u0105, surinkt\u0105 per slapukus, taip, kad joks vartotojas neb\u016bt\u0173 identifikuojamas. _hjIncludedInSample ir _hjUserId: Hotjar slapukai, internetin\u0117s analitikos \u012frankis, skirtas m\u016bs\u0173 svetain\u0117s naudojimo analizei ir matavimams, siekiant pagerinti m\u016bs\u0173 paslaugas.<\/p>\n<p>Atsi\u017evelgiant \u012f j\u016bs\u0173 pasirinkim\u0105 d\u0117l slapuk\u0173 naudojimo \u0161ioje svetain\u0117je, jums bus i\u0161si\u0173stas papildomas slapukas, kad apsaugotum\u0117te savo pasirinkim\u0105 ir kad jums nereik\u0117t\u0173 kiekvien\u0105 kart\u0105 sutikti su slapuk\u0173 naudojimu, kai prisijungiate prie m\u016bs\u0173 svetain\u0117s. \u0160ios slapuk\u0173 s\u0105ra\u0161o tikslas yra pad\u0117ti jums atpa\u017einti slapukus, saugomus j\u016bs\u0173 nar\u0161ykl\u0117je, kai lankot\u0117s m\u016bs\u0173 svetain\u0117je arba kai matote m\u016bs\u0173 skelbimus kitose svetain\u0117se. Mes steng\u0117m\u0117s \u012ftraukti visus slapukus, kuriuos naudojame tiek mes, tiek m\u016bs\u0173 technologij\u0173 partneriai, ta\u010diau atkreipkite d\u0117mes\u012f, kad kartais galime v\u0117luoti atnaujindami s\u0105ra\u0161\u0105. Jei pasteb\u0117site koki\u0173 nors neatitikim\u0173 arba manote, kad tr\u016bksta kokio slapuko, nedvejodami prane\u0161kite mums.<\/p>\n<h2>K\u0105 rei\u0161kia slapukai?<\/h2>\n<p>Slapukas yra failas, kuris atsisiun\u010diamas \u012f j\u016bs\u0173 kompiuter\u012f ar terminal\u0105, kai prisijungiate prie m\u016bs\u0173 svetain\u0117s. Slapukai leid\u017eia mums, be kita ko, saugoti ir atkurti informacij\u0105 apie vartotojo ar jo \u012frenginio nar\u0161ymo \u012fpro\u010dius ir, priklausomai nuo turimos informacijos ir to, kaip vartotojas naudoja savo \u012frengin\u012f, gali b\u016bti naudojami vartotojui atpa\u017einti.<\/p>\n<h2>Kokius slapukus naudoja m\u016bs\u0173 svetain\u0117?<\/h2>\n<ul>\n<li>Nuosavi slapukai: tai slapukai, kuriuos mes siun\u010diame \u012f j\u016bs\u0173 kompiuter\u012f ar terminal\u0105 i\u0161 m\u016bs\u0173 svetain\u0117s.<\/li>\n<li>Tre\u010di\u0173j\u0173 \u0161ali\u0173 slapukai: tai slapukai, kurie siun\u010diami \u012f j\u016bs\u0173 kompiuter\u012f ar terminal\u0105 i\u0161 domeno ar svetain\u0117s, kuri n\u0117ra valdoma m\u016bs\u0173, o kitos \u012fmon\u0117s, kuri tvarko slapuk\u0173 gautus duomenis.<\/li>\n<li>Analitiniai slapukai: tai slapukai, kurie, tinkamai apdoroti m\u016bs\u0173 ar tre\u010di\u0173j\u0173 \u0161ali\u0173, leid\u017eia mums kiekybi\u0161kai \u012fvertinti vartotoj\u0173 skai\u010di\u0173 ir atlikti statistin\u0119 analiz\u0119 bei matavimus, kaip vartotojai naudoja m\u016bs\u0173 svetain\u0119. Tam mes analizuojame nar\u0161ym\u0105 m\u016bs\u0173 svetain\u0117je, siekdami pagerinti si\u016blom\u0173 produkt\u0173 ar paslaug\u0173 pasi\u016bl\u0105.<\/li>\n<\/ul>\n<h2>Slapukai, naudojami www.v2charge.com:<\/h2>\n<p>Grie\u017etai b\u016btini slapukai, pavyzd\u017eiui, tie, kurie u\u017etikrina tinkam\u0105 nar\u0161ym\u0105 ir garantuoja, kad svetain\u0117s turinys \u012fkeliama efektyviai. PHPSESSID SESION \u2013 \u0160is slapukas naudojamas vartotojo sesijai, kuris lanko m\u016bs\u0173 svetaines, nustatyti. Tai b\u016bdas identifikuoti ir valdyti b\u016bsen\u0105 \u2013 sesijos kintamuosius \u2013 konkre\u010diam vartotojui ir perduoti \u0161i\u0105 informacij\u0105 per m\u016bs\u0173 svetaini\u0173 puslapius. WordPress_test_cookie SESION \u2013 \u0160is slapukas naudojamas, kad WordPress turinio valdymo sistema patikrint\u0173, ar nar\u0161ykl\u0117je \u012fjungti slapukai. Wp-settings-{time}-`{`UID`}` \u2013 UID, esantis slapuko pavadinimo pabaigoje, apima vartotojo ID, saugom\u0105 WordPress duomen\u0173 baz\u0117je. Jis naudojamas administravimo s\u0105sajos i\u0161vaizdai saugoti ir gali b\u016bti naudojamas pagrindinio svetain\u0117s i\u0161vaizdai saugoti. WordPress_logged_in_`{`hash`}` \u2013 Po prisijungimo WordPress aktyvuoja slapuk\u0105 wordpress_logged_in_`{`hash`}`, kuris nurodo, kada prisijung\u0117te ir kas esate, naudojamas WordPress s\u0105sajoje. WordPress_`{`hash`}` \u2013 \u0160is slapukas aktyvuojamas prisijungimo metu ir saugo autentifikavimo detales. Jo naudojimas ribojamas administravimo sri\u010diai, \/wp-config\/.<\/p>\n<p>Tre\u010di\u0173j\u0173 \u0161ali\u0173 slapukai, pavyzd\u017eiui, tie, kurie naudojami socialiniuose tinkluose arba i\u0161oriniuose turinio papildiniuose, tokiuose kaip google maps. _NID, _PREF \u2013 \u0160ie slapukai i\u0161 Google Maps registruoja vartotojo kilm\u0119, taip pat raktinius \u017eod\u017eius. HSID, SSID, APISID, SAPISID, BEAT, OTZ, BEAT \u2013 leid\u017eia dalintis turiniu socialiniuose tinkluose. __ga, __utma, __utmb, __utmc, __utmv, __utmz, _twitter_sess, external_referer, guest_id \u2013 \u0160ie slapukai yra tie, kuriuos \u012fdiegia Twitter, kad atlikt\u0173 remarketing\u0105, vartotoj\u0173 sekim\u0105 ir analitik\u0105.<\/p>\n<p>Analitiniai slapukai, tai slapukai, naudojami Google Analytics analizei, tyrimams ar statistikai, siekiant pagerinti svetain\u0117s patirt\u012f. Naudojant \u0161iuos slapukus, galima rodyti lankytojams labiau aktuali\u0105 informacij\u0105. __hstc, hubspotutk, __hssc, __hssrc, __hs_opt_out, __hs_do_not_track, __hs_testcookie, hsPagesViewedThisSession, hsfirstvisit: Hubspot slapukai, internetin\u0117s analitikos \u012frankis, interneto rinkodara, skirta m\u016bs\u0173 svetain\u0117s naudojimo analizei ir matavimams, siekiant pagerinti m\u016bs\u0173 paslaugas. _utma, _utmb, _utmz, _utmc, _utmt: Pagrindinis tikslas yra nustatyti apsilankym\u0173 skai\u010di\u0173, u\u017eklaus\u0173 laikotarp\u012f, nar\u0161ykl\u0119, naudojam\u0105 prisijungti prie svetain\u0117s, naudojamus raktinius \u017eod\u017eius, lankytojo pasaulin\u0119 viet\u0105, svetain\u0117je aplankyt\u0105 turin\u012f, taip pat kitus svetain\u0117s srauto parametrus, visada i\u0161likdami anonimi\u0161ki. Google saugo \u0161i\u0105 informacij\u0105, surinkt\u0105 per slapukus, taip, kad joks vartotojas neb\u016bt\u0173 identifikuojamas. _hjIncludedInSample ir _hjUserId: Hotjar slapukai, internetin\u0117s analitikos \u012frankis, skirtas m\u016bs\u0173 svetain\u0117s naudojimo analizei ir matavimams, siekiant pagerinti m\u016bs\u0173 paslaugas.<\/p>\n<p>Analitiniai slapukai, tai slapukai, naudojami Google Analytics analizei, tyrimams ar statistikai, siekiant pagerinti svetain\u0117s patirt\u012f. Naudojant \u0161iuos slapukus, galima rodyti lankytojams labiau aktuali\u0105 informacij\u0105. __hstc, hubspotutk, __hssc, __hssrc, __hs_opt_out, __hs_do_not_track, __hs_testcookie, hsPagesViewedThisSession, hsfirstvisit: Hubspot slapukai, internetin\u0117s analitikos \u012frankis, interneto rinkodara, skirta m\u016bs\u0173 svetain\u0117s naudojimo analizei ir matavimams, siekiant pagerinti m\u016bs\u0173 paslaugas. _utma, _utmb, _utmz, _utmc, _utmt: Pagrindinis tikslas yra nustatyti apsilankym\u0173 skai\u010di\u0173, u\u017eklaus\u0173 laikotarp\u012f, nar\u0161ykl\u0119, naudojam\u0105 prisijungti prie svetain\u0117s, naudojamus raktinius \u017eod\u017eius, lankytojo pasaulin\u0119 viet\u0105, svetain\u0117je aplankyt\u0105 turin\u012f, taip pat kitus svetain\u0117s srauto parametrus, visada i\u0161likdami anonimi\u0161ki. Google saugo \u0161i\u0105 informacij\u0105, surinkt\u0105 per slapukus, taip, kad joks vartotojas neb\u016bt\u0173 identifikuojamas. _hjIncludedInSample ir _hjUserId: Hotjar slapukai, internetin\u0117s analitikos \u012frankis, skirtas m\u016bs\u0173 svetain\u0117s naudojimo analizei ir matavimams, siekiant pagerinti m\u016bs\u0173 paslaugas.<\/p>\n<p>Atsi\u017evelgiant \u012f j\u016bs\u0173 pasirinkim\u0105 d\u0117l slapuk\u0173 naudojimo \u0161ioje svetain\u0117je, jums bus i\u0161si\u0173stas papildomas slapukas, kad apsaugotum\u0117te savo pasirinkim\u0105 ir kad jums nereik\u0117t\u0173 kiekvien\u0105 kart\u0105 sutikti su slapuk\u0173 naudojimu, kai prisijungiate prie m\u016bs\u0173 svetain\u0117s. \u0160ios slapuk\u0173 s\u0105ra\u0161o tikslas yra pad\u0117ti jums atpa\u017einti slapukus, saugomus j\u016bs\u0173 nar\u0161ykl\u0117je, kai lankot\u0117s m\u016bs\u0173 svetain\u0117je arba kai matote m\u016bs\u0173 skelbimus kitose svetain\u0117se. Mes steng\u0117m\u0117s \u012ftraukti visus slapukus, kuriuos naudojame tiek mes, tiek m\u016bs\u0173 technologij\u0173 partneriai, ta\u010diau atkreipkite d\u0117mes\u012f, kad kartais galime v\u0117luoti atnaujindami s\u0105ra\u0161\u0105. Jei pasteb\u0117site koki\u0173 nors neatitikim\u0173 arba manote, kad tr\u016bksta kokio slapuko, nedvejodami prane\u0161kite mums.<\/p>\n<div style=\"height:100px\" aria-hidden=\"true\" class=\"wp-block-spacer\"><\/div>\n","protected":false},"excerpt":{"rendered":"<p>\u0160i svetain\u0117 priklauso NEGOCIOS INTELIGENTES 7 EXPERIENCE S.L.. Prieiga prie \u0161ios svetain\u0117s rei\u0161kia, kad j\u016bs \u017einote ir sutinkate su privatumo politika. Vadovaujantis 2002 m. liepos 11 d. 34\/2002 \u012fstatymo 10 straipsniu d\u0117l Informacijos visuomen\u0117s paslaug\u0173 ir Elektronin\u0117s prekybos (LSSI), pateikiama identifikavimo informacija. K\u0105 rei\u0161kia slapukai? Slapukas yra failas, kuris atsisiun\u010diamas \u012f j\u016bs\u0173 kompiuter\u012f ar terminal\u0105, &#8230; <a title=\"Slapuk\u0173 politika\" class=\"read-more\" href=\"https:\/\/v2charge.com\/lt\/slapuk-politika\/\" aria-label=\"Read more about Slapuk\u0173 politika\">Read more<\/a><\/p>\n","protected":false},"author":1,"featured_media":170354,"parent":0,"menu_order":0,"comment_status":"closed","ping_status":"closed","template":"","meta":{"_eb_attr":"","content-type":"","_uag_custom_page_level_css":"","footnotes":""},"class_list":["post-324970","page","type-page","status-publish","has-post-thumbnail"],"yoast_head":"<!-- This site is optimized with the Yoast SEO plugin v25.3.1 - https:\/\/yoast.com\/wordpress\/plugins\/seo\/ -->\n<title>Cookies | V2C Elektrini\u0173 Transporto Priemoni\u0173 \u012ekrovimo Ta\u0161kai<\/title>\n<meta name=\"robots\" content=\"noindex, follow\" \/>\n<meta property=\"og:locale\" content=\"lt_LT\" \/>\n<meta property=\"og:type\" content=\"article\" \/>\n<meta property=\"og:title\" content=\"Cookies | V2C Elektrini\u0173 Transporto Priemoni\u0173 \u012ekrovimo Ta\u0161kai\" \/>\n<meta property=\"og:description\" content=\"\u0160i svetain\u0117 priklauso NEGOCIOS INTELIGENTES 7 EXPERIENCE S.L.. Prieiga prie \u0161ios svetain\u0117s rei\u0161kia, kad j\u016bs \u017einote ir sutinkate su privatumo politika. Vadovaujantis 2002 m. liepos 11 d. 34\/2002 \u012fstatymo 10 straipsniu d\u0117l Informacijos visuomen\u0117s paslaug\u0173 ir Elektronin\u0117s prekybos (LSSI), pateikiama identifikavimo informacija. K\u0105 rei\u0161kia slapukai? Slapukas yra failas, kuris atsisiun\u010diamas \u012f j\u016bs\u0173 kompiuter\u012f ar terminal\u0105, ... Read more\" \/>\n<meta property=\"og:url\" content=\"https:\/\/v2charge.com\/lt\/slapuk-politika\/\" \/>\n<meta property=\"og:site_name\" content=\"V2C\" \/>\n<meta property=\"article:publisher\" content=\"https:\/\/www.facebook.com\/V2C.Charge\" \/>\n<meta property=\"article:modified_time\" content=\"2023-05-24T10:41:00+00:00\" \/>\n<meta property=\"og:image\" content=\"https:\/\/v2charge.com\/wp-content\/uploads\/2024\/07\/v2c-electric-chargers.jpg\" \/>\n\t<meta property=\"og:image:width\" content=\"1200\" \/>\n\t<meta property=\"og:image:height\" content=\"675\" \/>\n\t<meta property=\"og:image:type\" content=\"image\/jpeg\" \/>\n<meta name=\"twitter:card\" content=\"summary_large_image\" \/>\n<meta name=\"twitter:site\" content=\"@V2C_Charge\" \/>\n<meta name=\"twitter:label1\" content=\"Est. reading time\" \/>\n\t<meta name=\"twitter:data1\" content=\"9 minut\u0117s\" \/>\n<script type=\"application\/ld+json\" class=\"yoast-schema-graph\">{\"@context\":\"https:\/\/schema.org\",\"@graph\":[{\"@type\":\"WebPage\",\"@id\":\"https:\/\/v2charge.com\/lt\/slapuk-politika\/\",\"url\":\"https:\/\/v2charge.com\/lt\/slapuk-politika\/\",\"name\":\"Cookies | V2C Elektrini\u0173 Transporto Priemoni\u0173 \u012ekrovimo Ta\u0161kai\",\"isPartOf\":{\"@id\":\"https:\/\/v2charge.com\/lt\/#website\"},\"primaryImageOfPage\":{\"@id\":\"https:\/\/v2charge.com\/lt\/slapuk-politika\/#primaryimage\"},\"image\":{\"@id\":\"https:\/\/v2charge.com\/lt\/slapuk-politika\/#primaryimage\"},\"thumbnailUrl\":\"https:\/\/v2charge.com\/wp-content\/uploads\/2024\/07\/v2c-electric-chargers.jpg\",\"datePublished\":\"2018-06-01T09:43:28+00:00\",\"dateModified\":\"2023-05-24T10:41:00+00:00\",\"breadcrumb\":{\"@id\":\"https:\/\/v2charge.com\/lt\/slapuk-politika\/#breadcrumb\"},\"inLanguage\":\"lt-LT\",\"potentialAction\":[{\"@type\":\"ReadAction\",\"target\":[\"https:\/\/v2charge.com\/lt\/slapuk-politika\/\"]}]},{\"@type\":\"ImageObject\",\"inLanguage\":\"lt-LT\",\"@id\":\"https:\/\/v2charge.com\/lt\/slapuk-politika\/#primaryimage\",\"url\":\"https:\/\/v2charge.com\/wp-content\/uploads\/2024\/07\/v2c-electric-chargers.jpg\",\"contentUrl\":\"https:\/\/v2charge.com\/wp-content\/uploads\/2024\/07\/v2c-electric-chargers.jpg\",\"width\":1200,\"height\":675,\"caption\":\"V2C Electric Chargers\"},{\"@type\":\"BreadcrumbList\",\"@id\":\"https:\/\/v2charge.com\/lt\/slapuk-politika\/#breadcrumb\",\"itemListElement\":[{\"@type\":\"ListItem\",\"position\":1,\"name\":\"V2C\",\"item\":\"https:\/\/v2charge.com\/lt\/\"},{\"@type\":\"ListItem\",\"position\":2,\"name\":\"Slapuk\u0173 politika\"}]},{\"@type\":\"WebSite\",\"@id\":\"https:\/\/v2charge.com\/lt\/#website\",\"url\":\"https:\/\/v2charge.com\/lt\/\",\"name\":\"V2C\",\"description\":\"#CargandoElMa\u00f1ana\",\"publisher\":{\"@id\":\"https:\/\/v2charge.com\/lt\/#organization\"},\"potentialAction\":[{\"@type\":\"SearchAction\",\"target\":{\"@type\":\"EntryPoint\",\"urlTemplate\":\"https:\/\/v2charge.com\/lt\/?s={search_term_string}\"},\"query-input\":{\"@type\":\"PropertyValueSpecification\",\"valueRequired\":true,\"valueName\":\"search_term_string\"}}],\"inLanguage\":\"lt-LT\"},{\"@type\":\"Organization\",\"@id\":\"https:\/\/v2charge.com\/lt\/#organization\",\"name\":\"V2C\",\"url\":\"https:\/\/v2charge.com\/lt\/\",\"logo\":{\"@type\":\"ImageObject\",\"inLanguage\":\"lt-LT\",\"@id\":\"https:\/\/v2charge.com\/lt\/#\/schema\/logo\/image\/\",\"url\":\"https:\/\/v2charge.com\/wp-content\/uploads\/2024\/11\/cropped-v2c-charge-logo-menu.png\",\"contentUrl\":\"https:\/\/v2charge.com\/wp-content\/uploads\/2024\/11\/cropped-v2c-charge-logo-menu.png\",\"width\":984,\"height\":431,\"caption\":\"V2C\"},\"image\":{\"@id\":\"https:\/\/v2charge.com\/lt\/#\/schema\/logo\/image\/\"},\"sameAs\":[\"https:\/\/www.facebook.com\/V2C.Charge\",\"https:\/\/x.com\/V2C_Charge\",\"https:\/\/www.instagram.com\/v2c.charge\/\",\"https:\/\/www.youtube.com\/@V2C\",\"https:\/\/www.linkedin.com\/company\/v2c-chargers\/\"]}]}<\/script>\n<!-- \/ Yoast SEO plugin. -->","yoast_head_json":{"title":"Cookies | V2C Elektrini\u0173 Transporto Priemoni\u0173 \u012ekrovimo Ta\u0161kai","robots":{"index":"noindex","follow":"follow"},"og_locale":"lt_LT","og_type":"article","og_title":"Cookies | V2C Elektrini\u0173 Transporto Priemoni\u0173 \u012ekrovimo Ta\u0161kai","og_description":"\u0160i svetain\u0117 priklauso NEGOCIOS INTELIGENTES 7 EXPERIENCE S.L.. Prieiga prie \u0161ios svetain\u0117s rei\u0161kia, kad j\u016bs \u017einote ir sutinkate su privatumo politika. Vadovaujantis 2002 m. liepos 11 d. 34\/2002 \u012fstatymo 10 straipsniu d\u0117l Informacijos visuomen\u0117s paslaug\u0173 ir Elektronin\u0117s prekybos (LSSI), pateikiama identifikavimo informacija. K\u0105 rei\u0161kia slapukai? Slapukas yra failas, kuris atsisiun\u010diamas \u012f j\u016bs\u0173 kompiuter\u012f ar terminal\u0105, ... Read more","og_url":"https:\/\/v2charge.com\/lt\/slapuk-politika\/","og_site_name":"V2C","article_publisher":"https:\/\/www.facebook.com\/V2C.Charge","article_modified_time":"2023-05-24T10:41:00+00:00","og_image":[{"width":1200,"height":675,"url":"https:\/\/v2charge.com\/wp-content\/uploads\/2024\/07\/v2c-electric-chargers.jpg","type":"image\/jpeg"}],"twitter_card":"summary_large_image","twitter_site":"@V2C_Charge","twitter_misc":{"Est. reading time":"9 minut\u0117s"},"schema":{"@context":"https:\/\/schema.org","@graph":[{"@type":"WebPage","@id":"https:\/\/v2charge.com\/lt\/slapuk-politika\/","url":"https:\/\/v2charge.com\/lt\/slapuk-politika\/","name":"Cookies | V2C Elektrini\u0173 Transporto Priemoni\u0173 \u012ekrovimo Ta\u0161kai","isPartOf":{"@id":"https:\/\/v2charge.com\/lt\/#website"},"primaryImageOfPage":{"@id":"https:\/\/v2charge.com\/lt\/slapuk-politika\/#primaryimage"},"image":{"@id":"https:\/\/v2charge.com\/lt\/slapuk-politika\/#primaryimage"},"thumbnailUrl":"https:\/\/v2charge.com\/wp-content\/uploads\/2024\/07\/v2c-electric-chargers.jpg","datePublished":"2018-06-01T09:43:28+00:00","dateModified":"2023-05-24T10:41:00+00:00","breadcrumb":{"@id":"https:\/\/v2charge.com\/lt\/slapuk-politika\/#breadcrumb"},"inLanguage":"lt-LT","potentialAction":[{"@type":"ReadAction","target":["https:\/\/v2charge.com\/lt\/slapuk-politika\/"]}]},{"@type":"ImageObject","inLanguage":"lt-LT","@id":"https:\/\/v2charge.com\/lt\/slapuk-politika\/#primaryimage","url":"https:\/\/v2charge.com\/wp-content\/uploads\/2024\/07\/v2c-electric-chargers.jpg","contentUrl":"https:\/\/v2charge.com\/wp-content\/uploads\/2024\/07\/v2c-electric-chargers.jpg","width":1200,"height":675,"caption":"V2C Electric Chargers"},{"@type":"BreadcrumbList","@id":"https:\/\/v2charge.com\/lt\/slapuk-politika\/#breadcrumb","itemListElement":[{"@type":"ListItem","position":1,"name":"V2C","item":"https:\/\/v2charge.com\/lt\/"},{"@type":"ListItem","position":2,"name":"Slapuk\u0173 politika"}]},{"@type":"WebSite","@id":"https:\/\/v2charge.com\/lt\/#website","url":"https:\/\/v2charge.com\/lt\/","name":"V2C","description":"#CargandoElMa\u00f1ana","publisher":{"@id":"https:\/\/v2charge.com\/lt\/#organization"},"potentialAction":[{"@type":"SearchAction","target":{"@type":"EntryPoint","urlTemplate":"https:\/\/v2charge.com\/lt\/?s={search_term_string}"},"query-input":{"@type":"PropertyValueSpecification","valueRequired":true,"valueName":"search_term_string"}}],"inLanguage":"lt-LT"},{"@type":"Organization","@id":"https:\/\/v2charge.com\/lt\/#organization","name":"V2C","url":"https:\/\/v2charge.com\/lt\/","logo":{"@type":"ImageObject","inLanguage":"lt-LT","@id":"https:\/\/v2charge.com\/lt\/#\/schema\/logo\/image\/","url":"https:\/\/v2charge.com\/wp-content\/uploads\/2024\/11\/cropped-v2c-charge-logo-menu.png","contentUrl":"https:\/\/v2charge.com\/wp-content\/uploads\/2024\/11\/cropped-v2c-charge-logo-menu.png","width":984,"height":431,"caption":"V2C"},"image":{"@id":"https:\/\/v2charge.com\/lt\/#\/schema\/logo\/image\/"},"sameAs":["https:\/\/www.facebook.com\/V2C.Charge","https:\/\/x.com\/V2C_Charge","https:\/\/www.instagram.com\/v2c.charge\/","https:\/\/www.youtube.com\/@V2C","https:\/\/www.linkedin.com\/company\/v2c-chargers\/"]}]}},"uagb_featured_image_src":{"full":["https:\/\/v2charge.com\/wp-content\/uploads\/2024\/07\/v2c-electric-chargers.jpg",1200,675,false],"thumbnail":["https:\/\/v2charge.com\/wp-content\/uploads\/2024\/07\/v2c-electric-chargers-150x150.jpg",150,150,true],"medium":["https:\/\/v2charge.com\/wp-content\/uploads\/2024\/07\/v2c-electric-chargers-300x169.jpg",300,169,true],"medium_large":["https:\/\/v2charge.com\/wp-content\/uploads\/2024\/07\/v2c-electric-chargers-768x432.jpg",768,432,true],"large":["https:\/\/v2charge.com\/wp-content\/uploads\/2024\/07\/v2c-electric-chargers-1024x576.jpg",1024,576,true],"gs-tiny":["https:\/\/v2charge.com\/wp-content\/uploads\/2024\/07\/v2c-electric-chargers.jpg",50,28,false],"xl":["https:\/\/v2charge.com\/wp-content\/uploads\/2024\/07\/v2c-electric-chargers.jpg",1200,675,false],"xxl":["https:\/\/v2charge.com\/wp-content\/uploads\/2024\/07\/v2c-electric-chargers.jpg",1200,675,false],"xxxl":["https:\/\/v2charge.com\/wp-content\/uploads\/2024\/07\/v2c-electric-chargers.jpg",1200,675,false],"xxxxl":["https:\/\/v2charge.com\/wp-content\/uploads\/2024\/07\/v2c-electric-chargers.jpg",1200,675,false],"xxxxxl":["https:\/\/v2charge.com\/wp-content\/uploads\/2024\/07\/v2c-electric-chargers.jpg",1200,675,false],"1536x1536":["https:\/\/v2charge.com\/wp-content\/uploads\/2024\/07\/v2c-electric-chargers.jpg",1200,675,false],"2048x2048":["https:\/\/v2charge.com\/wp-content\/uploads\/2024\/07\/v2c-electric-chargers.jpg",1200,675,false]},"uagb_author_info":{"display_name":"V2C","author_link":"https:\/\/v2charge.com\/lt\/author\/root_k4eu7ki8\/"},"uagb_comment_info":0,"uagb_excerpt":"\u0160i svetain\u0117 priklauso NEGOCIOS INTELIGENTES 7 EXPERIENCE S.L.. Prieiga prie \u0161ios svetain\u0117s rei\u0161kia, kad j\u016bs \u017einote ir sutinkate su privatumo politika. Vadovaujantis 2002 m. liepos 11 d. 34\/2002 \u012fstatymo 10 straipsniu d\u0117l Informacijos visuomen\u0117s paslaug\u0173 ir Elektronin\u0117s prekybos (LSSI), pateikiama identifikavimo informacija. K\u0105 rei\u0161kia slapukai? Slapukas yra failas, kuris atsisiun\u010diamas \u012f j\u016bs\u0173 kompiuter\u012f ar terminal\u0105,&hellip;","_links":{"self":[{"href":"https:\/\/v2charge.com\/lt\/wp-json\/wp\/v2\/pages\/324970","targetHints":{"allow":["GET"]}}],"collection":[{"href":"https:\/\/v2charge.com\/lt\/wp-json\/wp\/v2\/pages"}],"about":[{"href":"https:\/\/v2charge.com\/lt\/wp-json\/wp\/v2\/types\/page"}],"author":[{"embeddable":true,"href":"https:\/\/v2charge.com\/lt\/wp-json\/wp\/v2\/users\/1"}],"replies":[{"embeddable":true,"href":"https:\/\/v2charge.com\/lt\/wp-json\/wp\/v2\/comments?post=324970"}],"version-history":[{"count":0,"href":"https:\/\/v2charge.com\/lt\/wp-json\/wp\/v2\/pages\/324970\/revisions"}],"wp:featuredmedia":[{"embeddable":true,"href":"https:\/\/v2charge.com\/lt\/wp-json\/wp\/v2\/media\/170354"}],"wp:attachment":[{"href":"https:\/\/v2charge.com\/lt\/wp-json\/wp\/v2\/media?parent=324970"}],"curies":[{"name":"wp","href":"https:\/\/api.w.org\/{rel}","templated":true}]}}