{"id":324989,"date":"2022-03-02T12:26:43","date_gmt":"2022-03-02T12:26:43","guid":{"rendered":""},"modified":"2026-04-21T09:49:26","modified_gmt":"2026-04-21T07:49:26","slug":"alexa-funkcional-s-komandos","status":"publish","type":"page","link":"https:\/\/v2charge.com\/lt\/alexa-funkcional-s-komandos\/","title":{"rendered":"Alexa funkcional\u016bs komandos"},"content":{"rendered":"\n<div class=\"wp-block-uagb-container uagb-block-c29b15eb alignfull uagb-is-root-container\"><div class=\"uagb-container-inner-blocks-wrap\">\n<div class=\"wp-block-uagb-container uagb-block-6846d829\">\n<div class=\"wp-block-uagb-container uagb-block-8a2137db\"><\/div>\n\n\n\n<div class=\"wp-block-uagb-container uagb-block-5ccae1ed\"><div class=\"wp-block-uagb-advanced-heading uagb-block-572af4b3\"><h1 class=\"uagb-heading-text\">Alexa funkcional\u016bs komandos<\/h1><\/div>\n\n<div class=\"wp-block-uagb-advanced-heading uagb-block-008d543e\"><h2 class=\"uagb-heading-text\">Pasinerkite \u012f<br>technologin\u0119 patirt\u012f<\/h2><\/div>\n\n<p class=\"has-text-color\" style=\"color:#c2c0c0;font-size:16px\">Domina visus Alexa funkcinius komandas, kad valdytum e-Charger savo balsu. Inovacijos, greitumas ir patogumas, kad patirtum unikali\u0105 \u012fkrov\u0105.<\/p>\n\n\n<div class=\"wp-block-buttons is-layout-flex wp-block-buttons-is-layout-flex\"><div class=\"wp-block-button is-style-fill\"><a class=\"wp-block-button__link has-contrast-color has-base-3-background-color has-text-color has-background has-link-color wp-element-button\" href=\"https:\/\/v2charge.com\/wp-content\/uploads\/2022\/05\/Vincular-Alexa.pdf\" style=\"border-top-left-radius:8px;border-top-right-radius:8px;border-bottom-left-radius:8px;border-bottom-right-radius:8px\" target=\"_blank\" rel=\"noreferrer noopener\">Susieti mano e-Charger su Alexa<\/a><\/div><\/div>\n<\/div>\n<\/div>\n<\/div><\/div>\n\n\n\n<div style=\"height:30px\" aria-hidden=\"true\" class=\"wp-block-spacer\"><\/div>\n\n\n\n<div class=\"wp-block-uagb-container uagb-block-5bf65f41 alignfull uagb-is-root-container\"><div class=\"uagb-container-inner-blocks-wrap\">\n<div class=\"wp-block-uagb-container uagb-block-da71c77d default uagb-is-root-container\">\n<div class=\"wp-block-uagb-container uagb-block-0ddc93fc\">\n<div class=\"wp-block-uagb-image aligncenter uagb-block-d4d8c154 wp-block-uagb-image--layout-default wp-block-uagb-image--effect-static wp-block-uagb-image--align-center\"><figure class=\"wp-block-uagb-image__figure\"><img decoding=\"async\" srcset=\"https:\/\/v2charge.com\/wp-content\/uploads\/2023\/11\/icon-important.png ,https:\/\/v2charge.com\/wp-content\/uploads\/2023\/11\/icon-important.png 780w, https:\/\/v2charge.com\/wp-content\/uploads\/2023\/11\/icon-important.png 360w\" sizes=\"auto, (max-width: 480px) 150px\" src=\"https:\/\/v2charge.com\/wp-content\/uploads\/2023\/11\/icon-important.png\" alt=\"\" class=\"uag-image-125013\" width=\"50\" height=\"50\" title=\"\" loading=\"lazy\" role=\"img\"\/><\/figure><\/div>\n<\/div>\n\n\n\n<div class=\"wp-block-uagb-container uagb-block-67cf4dad\"><div class=\"wp-block-uagb-advanced-heading uagb-block-459cee5f\"><p class=\"uagb-heading-text\"><strong><strong>Bendras modelis yra: &#8222;Alexa, \u012fjunk [kroviklio pavadinimas] \u012f [\u017eodis] re\u017eim\u0105.&#8221;<\/strong><\/strong><\/p><\/div><\/div>\n<\/div>\n<\/div><\/div>\n\n\n\n<div style=\"height:30px\" aria-hidden=\"true\" class=\"wp-block-spacer\"><\/div>\n\n\n\n<div class=\"wp-block-uagb-container uagb-block-ccfebc02 alignfull uagb-is-root-container\"><div class=\"uagb-container-inner-blocks-wrap\"><div class=\"wp-block-uagb-advanced-heading uagb-block-bd6206dc\"><h2 class=\"uagb-heading-text\">U\u017eblokuoti \u012fkrovikl\u012f<\/h2><\/div>\n\n<p>&#8222;\u2026u\u017erakto re\u017eimu&#8221;<\/p><\/div><\/div>\n\n\n\n<div style=\"height:40px\" aria-hidden=\"true\" class=\"wp-block-spacer\"><\/div>\n\n\n\n<div class=\"wp-block-uagb-container uagb-block-9ac41ac8 alignfull uagb-is-root-container\"><div class=\"uagb-container-inner-blocks-wrap\"><div class=\"wp-block-uagb-advanced-heading uagb-block-0287eec7\"><h2 class=\"uagb-heading-text\">Atrakinti \u012fkrovikl\u012f<\/h2><\/div>\n\n<p>&#8222;\u2026i\u0161laisvinimo re\u017eimu&#8221;<\/p><\/div><\/div>\n\n\n\n<div style=\"height:40px\" aria-hidden=\"true\" class=\"wp-block-spacer\"><\/div>\n\n\n\n<div class=\"wp-block-uagb-container uagb-block-10fa5e64 alignfull uagb-is-root-container\"><div class=\"uagb-container-inner-blocks-wrap\"><div class=\"wp-block-uagb-advanced-heading uagb-block-d62318d2\"><h2 class=\"uagb-heading-text\">Sustabdyti \u012fkrovim\u0105<\/h2><\/div>\n\n<p>&#8222;\u2026pauz\u0117s re\u017eimu&#8221; \/ &#8222;\u2026pauzavimo re\u017eimu&#8221; \/ &#8222;\u2026b\u016bsenos pauz\u0117je&#8221; <\/p>\n\n<p>&#8222;\u2026\u012fkrovimo re\u017eimas sustabdytas&#8221; \/ &#8222;\u2026\u012fkrovimo re\u017eimas sustabdyti&#8221; <\/p>\n\n<p>&#8222;\u2026\u012fkrovimo sustabdymo re\u017eimu&#8221; \/ &#8222;\u2026pauz\u0117s re\u017eimu&#8221; \/ &#8222;\u2026pauzavimo re\u017eimu&#8221;<\/p><\/div><\/div>\n\n\n\n<div style=\"height:40px\" aria-hidden=\"true\" class=\"wp-block-spacer\"><\/div>\n\n\n\n<div class=\"wp-block-uagb-container uagb-block-59c2256a alignfull uagb-is-root-container\"><div class=\"uagb-container-inner-blocks-wrap\"><div class=\"wp-block-uagb-advanced-heading uagb-block-bb56ec01\"><h2 class=\"uagb-heading-text\">T\u0119sti \u012fkrovim\u0105<\/h2><\/div>\n\n<p>&#8222;\u2026Reanuduojant&#8221; \/ &#8222;\u2026Reanuduok&#8221; \/ &#8222;\u2026Reanuduok mane&#8221; <\/p>\n\n<p>&#8222;\u2026\u012fkrovimo t\u0119stinumo re\u017eimu&#8221; \/ &#8222;\u2026\u012fkrovimo t\u0119stinumo re\u017eimu&#8221; <\/p>\n\n<p>&#8222;\u2026\u012fkrovimo t\u0119stinumo re\u017eimu&#8221; \/ &#8222;\u2026\u012fkrovimo t\u0119stinumo re\u017eimu&#8221; \/ &#8222;\u2026\u012fkrovimo t\u0119stinumo re\u017eimu&#8221;<\/p><\/div><\/div>\n\n\n\n<div style=\"height:49px\" aria-hidden=\"true\" class=\"wp-block-spacer\"><\/div>\n\n\n\n<div class=\"wp-block-uagb-container uagb-block-0038c469 alignfull uagb-is-root-container\"><div class=\"uagb-container-inner-blocks-wrap\"><div class=\"wp-block-uagb-advanced-heading uagb-block-705e418c\"><h2 class=\"uagb-heading-text\">Patikrinti b\u016bsen\u0105<\/h2><\/div>\n\n<p>&#8222;Alexa, koks yra [nombre del cargador] b\u016bkl\u0117?&#8221;<\/p>\n\n<p><strong>Galimi atsakymai: <\/strong><br><br><strong>Prijungtas elektrinis automobilis<\/strong> &#8211; Automobilis prijungtas, bet ne\u012fkraunamas (Bud\u0117jimo re\u017eimas)<br><strong>Laukiama elektrinio automobilio<\/strong> &#8211; \u012ekroviklis paruo\u0161tas, automobilis neprijungtas <br><strong>Elektrinis automobilis kraunamas<\/strong> &#8211; Aktyvus \u012fkrovimas vyksta<br><strong>\u012ekrovimas sustabdytas<\/strong> &#8211; \u012ekrovimas sustabdytas rankiniu b\u016bdu <br><strong>\u012ekroviklis u\u017erakintas<\/strong> &#8211; \u012ekroviklis yra u\u017erakintas <br><strong>\u012ekroviklis be interneto ry\u0161io<\/strong> &#8211; \u012ekroviklis yra neprisijung\u0119s<\/p>\n\n<p><em><strong>SVARBU<\/strong>: Sustabdyti veikia tik tuo atveju, jei automobilis aktyviai kraunamas. Atkurti veikia tik tuo atveju, jei \u012fkrovimas yra sustabdytas. Jei \u012fkroviklis yra neprisijung\u0119s, Alexa atsako su klaida ENDPOINT_UNREACHABLE.<\/em><\/p><\/div><\/div>\n\n\n\n<div style=\"height:30px\" aria-hidden=\"true\" class=\"wp-block-spacer\"><\/div>\n","protected":false},"excerpt":{"rendered":"<p>Alexa funkcional\u016bs komandos Pasinerkite \u012ftechnologin\u0119 patirt\u012f Domina visus Alexa funkcinius komandas, kad valdytum e-Charger savo balsu. Inovacijos, greitumas ir patogumas, kad patirtum unikali\u0105 \u012fkrov\u0105. Bendras modelis yra: &#8222;Alexa, \u012fjunk [kroviklio pavadinimas] \u012f [\u017eodis] re\u017eim\u0105.&#8221; U\u017eblokuoti \u012fkrovikl\u012f &#8222;\u2026u\u017erakto re\u017eimu&#8221; Atrakinti \u012fkrovikl\u012f &#8222;\u2026i\u0161laisvinimo re\u017eimu&#8221; Sustabdyti \u012fkrovim\u0105 &#8222;\u2026pauz\u0117s re\u017eimu&#8221; \/ &#8222;\u2026pauzavimo re\u017eimu&#8221; \/ &#8222;\u2026b\u016bsenos pauz\u0117je&#8221; &#8222;\u2026\u012fkrovimo re\u017eimas sustabdytas&#8221; &#8230; <a title=\"Alexa funkcional\u016bs komandos\" class=\"read-more\" href=\"https:\/\/v2charge.com\/lt\/alexa-funkcional-s-komandos\/\" aria-label=\"Read more about Alexa funkcional\u016bs komandos\">Read more<\/a><\/p>\n","protected":false},"author":1,"featured_media":170354,"parent":0,"menu_order":0,"comment_status":"closed","ping_status":"closed","template":"","meta":{"_eb_attr":"","content-type":"","_uag_custom_page_level_css":"","footnotes":""},"class_list":["post-324989","page","type-page","status-publish","has-post-thumbnail"],"yoast_head":"<!-- This site is optimized with the Yoast SEO plugin v25.3.1 - https:\/\/yoast.com\/wordpress\/plugins\/seo\/ -->\n<title>Alexa funkcionalieji komandos V2C Cloud | V2C \u00ae<\/title>\n<meta name=\"description\" content=\"Susipa\u017einkite su funkcionaliais Alexa komandomis savo V2C elektriniam \u012fkrovikliui ir prad\u0117kite valdyti savo transporto priemon\u0117s \u012fkrovim\u0105 realiuoju laiku.\" \/>\n<meta name=\"robots\" content=\"index, follow, max-snippet:-1, max-image-preview:large, max-video-preview:-1\" \/>\n<link rel=\"canonical\" href=\"https:\/\/v2charge.com\/lt\/alexa-funkcional-s-komandos\/\" \/>\n<meta property=\"og:locale\" content=\"lt_LT\" \/>\n<meta property=\"og:type\" content=\"article\" \/>\n<meta property=\"og:title\" content=\"Alexa funkcionalieji komandos V2C Cloud | V2C \u00ae\" \/>\n<meta property=\"og:description\" content=\"Susipa\u017einkite su funkcionaliais Alexa komandomis savo V2C elektriniam \u012fkrovikliui ir prad\u0117kite valdyti savo transporto priemon\u0117s \u012fkrovim\u0105 realiuoju laiku.\" \/>\n<meta property=\"og:url\" content=\"https:\/\/v2charge.com\/lt\/alexa-funkcional-s-komandos\/\" \/>\n<meta property=\"og:site_name\" content=\"V2C\" \/>\n<meta property=\"article:publisher\" content=\"https:\/\/www.facebook.com\/V2C.Charge\" \/>\n<meta property=\"article:modified_time\" content=\"2026-04-21T07:49:26+00:00\" \/>\n<meta property=\"og:image\" content=\"https:\/\/v2charge.com\/wp-content\/uploads\/2024\/07\/v2c-electric-chargers.jpg\" \/>\n\t<meta property=\"og:image:width\" content=\"1200\" \/>\n\t<meta property=\"og:image:height\" content=\"675\" \/>\n\t<meta property=\"og:image:type\" content=\"image\/jpeg\" \/>\n<meta name=\"twitter:card\" content=\"summary_large_image\" \/>\n<meta name=\"twitter:site\" content=\"@V2C_Charge\" \/>\n<meta name=\"twitter:label1\" content=\"Est. reading time\" \/>\n\t<meta name=\"twitter:data1\" content=\"2 minut\u0117s\" \/>\n<script type=\"application\/ld+json\" class=\"yoast-schema-graph\">{\"@context\":\"https:\/\/schema.org\",\"@graph\":[{\"@type\":\"WebPage\",\"@id\":\"https:\/\/v2charge.com\/lt\/alexa-funkcional-s-komandos\/\",\"url\":\"https:\/\/v2charge.com\/lt\/alexa-funkcional-s-komandos\/\",\"name\":\"Alexa funkcionalieji komandos V2C Cloud | V2C \u00ae\",\"isPartOf\":{\"@id\":\"https:\/\/v2charge.com\/lt\/#website\"},\"primaryImageOfPage\":{\"@id\":\"https:\/\/v2charge.com\/lt\/alexa-funkcional-s-komandos\/#primaryimage\"},\"image\":{\"@id\":\"https:\/\/v2charge.com\/lt\/alexa-funkcional-s-komandos\/#primaryimage\"},\"thumbnailUrl\":\"https:\/\/v2charge.com\/wp-content\/uploads\/2024\/07\/v2c-electric-chargers.jpg\",\"datePublished\":\"2022-03-02T12:26:43+00:00\",\"dateModified\":\"2026-04-21T07:49:26+00:00\",\"description\":\"Susipa\u017einkite su funkcionaliais Alexa komandomis savo V2C elektriniam \u012fkrovikliui ir prad\u0117kite valdyti savo transporto priemon\u0117s \u012fkrovim\u0105 realiuoju laiku.\",\"breadcrumb\":{\"@id\":\"https:\/\/v2charge.com\/lt\/alexa-funkcional-s-komandos\/#breadcrumb\"},\"inLanguage\":\"lt-LT\",\"potentialAction\":[{\"@type\":\"ReadAction\",\"target\":[\"https:\/\/v2charge.com\/lt\/alexa-funkcional-s-komandos\/\"]}]},{\"@type\":\"ImageObject\",\"inLanguage\":\"lt-LT\",\"@id\":\"https:\/\/v2charge.com\/lt\/alexa-funkcional-s-komandos\/#primaryimage\",\"url\":\"https:\/\/v2charge.com\/wp-content\/uploads\/2024\/07\/v2c-electric-chargers.jpg\",\"contentUrl\":\"https:\/\/v2charge.com\/wp-content\/uploads\/2024\/07\/v2c-electric-chargers.jpg\",\"width\":1200,\"height\":675,\"caption\":\"V2C Electric Chargers\"},{\"@type\":\"BreadcrumbList\",\"@id\":\"https:\/\/v2charge.com\/lt\/alexa-funkcional-s-komandos\/#breadcrumb\",\"itemListElement\":[{\"@type\":\"ListItem\",\"position\":1,\"name\":\"V2C\",\"item\":\"https:\/\/v2charge.com\/lt\/\"},{\"@type\":\"ListItem\",\"position\":2,\"name\":\"Alexa funkcional\u016bs komandos\"}]},{\"@type\":\"WebSite\",\"@id\":\"https:\/\/v2charge.com\/lt\/#website\",\"url\":\"https:\/\/v2charge.com\/lt\/\",\"name\":\"V2C\",\"description\":\"#CargandoElMa\u00f1ana\",\"publisher\":{\"@id\":\"https:\/\/v2charge.com\/lt\/#organization\"},\"potentialAction\":[{\"@type\":\"SearchAction\",\"target\":{\"@type\":\"EntryPoint\",\"urlTemplate\":\"https:\/\/v2charge.com\/lt\/?s={search_term_string}\"},\"query-input\":{\"@type\":\"PropertyValueSpecification\",\"valueRequired\":true,\"valueName\":\"search_term_string\"}}],\"inLanguage\":\"lt-LT\"},{\"@type\":\"Organization\",\"@id\":\"https:\/\/v2charge.com\/lt\/#organization\",\"name\":\"V2C\",\"url\":\"https:\/\/v2charge.com\/lt\/\",\"logo\":{\"@type\":\"ImageObject\",\"inLanguage\":\"lt-LT\",\"@id\":\"https:\/\/v2charge.com\/lt\/#\/schema\/logo\/image\/\",\"url\":\"https:\/\/v2charge.com\/wp-content\/uploads\/2024\/11\/cropped-v2c-charge-logo-menu.png\",\"contentUrl\":\"https:\/\/v2charge.com\/wp-content\/uploads\/2024\/11\/cropped-v2c-charge-logo-menu.png\",\"width\":984,\"height\":431,\"caption\":\"V2C\"},\"image\":{\"@id\":\"https:\/\/v2charge.com\/lt\/#\/schema\/logo\/image\/\"},\"sameAs\":[\"https:\/\/www.facebook.com\/V2C.Charge\",\"https:\/\/x.com\/V2C_Charge\",\"https:\/\/www.instagram.com\/v2c.charge\/\",\"https:\/\/www.youtube.com\/@V2C\",\"https:\/\/www.linkedin.com\/company\/v2c-chargers\/\"]}]}<\/script>\n<!-- \/ Yoast SEO plugin. -->","yoast_head_json":{"title":"Alexa funkcionalieji komandos V2C Cloud | V2C \u00ae","description":"Susipa\u017einkite su funkcionaliais Alexa komandomis savo V2C elektriniam \u012fkrovikliui ir prad\u0117kite valdyti savo transporto priemon\u0117s \u012fkrovim\u0105 realiuoju laiku.","robots":{"index":"index","follow":"follow","max-snippet":"max-snippet:-1","max-image-preview":"max-image-preview:large","max-video-preview":"max-video-preview:-1"},"canonical":"https:\/\/v2charge.com\/lt\/alexa-funkcional-s-komandos\/","og_locale":"lt_LT","og_type":"article","og_title":"Alexa funkcionalieji komandos V2C Cloud | V2C \u00ae","og_description":"Susipa\u017einkite su funkcionaliais Alexa komandomis savo V2C elektriniam \u012fkrovikliui ir prad\u0117kite valdyti savo transporto priemon\u0117s \u012fkrovim\u0105 realiuoju laiku.","og_url":"https:\/\/v2charge.com\/lt\/alexa-funkcional-s-komandos\/","og_site_name":"V2C","article_publisher":"https:\/\/www.facebook.com\/V2C.Charge","article_modified_time":"2026-04-21T07:49:26+00:00","og_image":[{"width":1200,"height":675,"url":"https:\/\/v2charge.com\/wp-content\/uploads\/2024\/07\/v2c-electric-chargers.jpg","type":"image\/jpeg"}],"twitter_card":"summary_large_image","twitter_site":"@V2C_Charge","twitter_misc":{"Est. reading time":"2 minut\u0117s"},"schema":{"@context":"https:\/\/schema.org","@graph":[{"@type":"WebPage","@id":"https:\/\/v2charge.com\/lt\/alexa-funkcional-s-komandos\/","url":"https:\/\/v2charge.com\/lt\/alexa-funkcional-s-komandos\/","name":"Alexa funkcionalieji komandos V2C Cloud | V2C \u00ae","isPartOf":{"@id":"https:\/\/v2charge.com\/lt\/#website"},"primaryImageOfPage":{"@id":"https:\/\/v2charge.com\/lt\/alexa-funkcional-s-komandos\/#primaryimage"},"image":{"@id":"https:\/\/v2charge.com\/lt\/alexa-funkcional-s-komandos\/#primaryimage"},"thumbnailUrl":"https:\/\/v2charge.com\/wp-content\/uploads\/2024\/07\/v2c-electric-chargers.jpg","datePublished":"2022-03-02T12:26:43+00:00","dateModified":"2026-04-21T07:49:26+00:00","description":"Susipa\u017einkite su funkcionaliais Alexa komandomis savo V2C elektriniam \u012fkrovikliui ir prad\u0117kite valdyti savo transporto priemon\u0117s \u012fkrovim\u0105 realiuoju laiku.","breadcrumb":{"@id":"https:\/\/v2charge.com\/lt\/alexa-funkcional-s-komandos\/#breadcrumb"},"inLanguage":"lt-LT","potentialAction":[{"@type":"ReadAction","target":["https:\/\/v2charge.com\/lt\/alexa-funkcional-s-komandos\/"]}]},{"@type":"ImageObject","inLanguage":"lt-LT","@id":"https:\/\/v2charge.com\/lt\/alexa-funkcional-s-komandos\/#primaryimage","url":"https:\/\/v2charge.com\/wp-content\/uploads\/2024\/07\/v2c-electric-chargers.jpg","contentUrl":"https:\/\/v2charge.com\/wp-content\/uploads\/2024\/07\/v2c-electric-chargers.jpg","width":1200,"height":675,"caption":"V2C Electric Chargers"},{"@type":"BreadcrumbList","@id":"https:\/\/v2charge.com\/lt\/alexa-funkcional-s-komandos\/#breadcrumb","itemListElement":[{"@type":"ListItem","position":1,"name":"V2C","item":"https:\/\/v2charge.com\/lt\/"},{"@type":"ListItem","position":2,"name":"Alexa funkcional\u016bs komandos"}]},{"@type":"WebSite","@id":"https:\/\/v2charge.com\/lt\/#website","url":"https:\/\/v2charge.com\/lt\/","name":"V2C","description":"#CargandoElMa\u00f1ana","publisher":{"@id":"https:\/\/v2charge.com\/lt\/#organization"},"potentialAction":[{"@type":"SearchAction","target":{"@type":"EntryPoint","urlTemplate":"https:\/\/v2charge.com\/lt\/?s={search_term_string}"},"query-input":{"@type":"PropertyValueSpecification","valueRequired":true,"valueName":"search_term_string"}}],"inLanguage":"lt-LT"},{"@type":"Organization","@id":"https:\/\/v2charge.com\/lt\/#organization","name":"V2C","url":"https:\/\/v2charge.com\/lt\/","logo":{"@type":"ImageObject","inLanguage":"lt-LT","@id":"https:\/\/v2charge.com\/lt\/#\/schema\/logo\/image\/","url":"https:\/\/v2charge.com\/wp-content\/uploads\/2024\/11\/cropped-v2c-charge-logo-menu.png","contentUrl":"https:\/\/v2charge.com\/wp-content\/uploads\/2024\/11\/cropped-v2c-charge-logo-menu.png","width":984,"height":431,"caption":"V2C"},"image":{"@id":"https:\/\/v2charge.com\/lt\/#\/schema\/logo\/image\/"},"sameAs":["https:\/\/www.facebook.com\/V2C.Charge","https:\/\/x.com\/V2C_Charge","https:\/\/www.instagram.com\/v2c.charge\/","https:\/\/www.youtube.com\/@V2C","https:\/\/www.linkedin.com\/company\/v2c-chargers\/"]}]}},"uagb_featured_image_src":{"full":["https:\/\/v2charge.com\/wp-content\/uploads\/2024\/07\/v2c-electric-chargers.jpg",1200,675,false],"thumbnail":["https:\/\/v2charge.com\/wp-content\/uploads\/2024\/07\/v2c-electric-chargers-150x150.jpg",150,150,true],"medium":["https:\/\/v2charge.com\/wp-content\/uploads\/2024\/07\/v2c-electric-chargers-300x169.jpg",300,169,true],"medium_large":["https:\/\/v2charge.com\/wp-content\/uploads\/2024\/07\/v2c-electric-chargers-768x432.jpg",768,432,true],"large":["https:\/\/v2charge.com\/wp-content\/uploads\/2024\/07\/v2c-electric-chargers-1024x576.jpg",1024,576,true],"gs-tiny":["https:\/\/v2charge.com\/wp-content\/uploads\/2024\/07\/v2c-electric-chargers.jpg",50,28,false],"xl":["https:\/\/v2charge.com\/wp-content\/uploads\/2024\/07\/v2c-electric-chargers.jpg",1200,675,false],"xxl":["https:\/\/v2charge.com\/wp-content\/uploads\/2024\/07\/v2c-electric-chargers.jpg",1200,675,false],"xxxl":["https:\/\/v2charge.com\/wp-content\/uploads\/2024\/07\/v2c-electric-chargers.jpg",1200,675,false],"xxxxl":["https:\/\/v2charge.com\/wp-content\/uploads\/2024\/07\/v2c-electric-chargers.jpg",1200,675,false],"xxxxxl":["https:\/\/v2charge.com\/wp-content\/uploads\/2024\/07\/v2c-electric-chargers.jpg",1200,675,false],"1536x1536":["https:\/\/v2charge.com\/wp-content\/uploads\/2024\/07\/v2c-electric-chargers.jpg",1200,675,false],"2048x2048":["https:\/\/v2charge.com\/wp-content\/uploads\/2024\/07\/v2c-electric-chargers.jpg",1200,675,false]},"uagb_author_info":{"display_name":"V2C","author_link":"https:\/\/v2charge.com\/lt\/author\/root_k4eu7ki8\/"},"uagb_comment_info":0,"uagb_excerpt":"Alexa funkcional\u016bs komandos Pasinerkite \u012ftechnologin\u0119 patirt\u012f Domina visus Alexa funkcinius komandas, kad valdytum e-Charger savo balsu. Inovacijos, greitumas ir patogumas, kad patirtum unikali\u0105 \u012fkrov\u0105. Bendras modelis yra: &#8222;Alexa, \u012fjunk [kroviklio pavadinimas] \u012f [\u017eodis] re\u017eim\u0105.&#8221; U\u017eblokuoti \u012fkrovikl\u012f &#8222;\u2026u\u017erakto re\u017eimu&#8221; Atrakinti \u012fkrovikl\u012f &#8222;\u2026i\u0161laisvinimo re\u017eimu&#8221; Sustabdyti \u012fkrovim\u0105 &#8222;\u2026pauz\u0117s re\u017eimu&#8221; \/ &#8222;\u2026pauzavimo re\u017eimu&#8221; \/ &#8222;\u2026b\u016bsenos pauz\u0117je&#8221; &#8222;\u2026\u012fkrovimo re\u017eimas sustabdytas&#8221;&hellip;","_links":{"self":[{"href":"https:\/\/v2charge.com\/lt\/wp-json\/wp\/v2\/pages\/324989","targetHints":{"allow":["GET"]}}],"collection":[{"href":"https:\/\/v2charge.com\/lt\/wp-json\/wp\/v2\/pages"}],"about":[{"href":"https:\/\/v2charge.com\/lt\/wp-json\/wp\/v2\/types\/page"}],"author":[{"embeddable":true,"href":"https:\/\/v2charge.com\/lt\/wp-json\/wp\/v2\/users\/1"}],"replies":[{"embeddable":true,"href":"https:\/\/v2charge.com\/lt\/wp-json\/wp\/v2\/comments?post=324989"}],"version-history":[{"count":0,"href":"https:\/\/v2charge.com\/lt\/wp-json\/wp\/v2\/pages\/324989\/revisions"}],"wp:featuredmedia":[{"embeddable":true,"href":"https:\/\/v2charge.com\/lt\/wp-json\/wp\/v2\/media\/170354"}],"wp:attachment":[{"href":"https:\/\/v2charge.com\/lt\/wp-json\/wp\/v2\/media?parent=324989"}],"curies":[{"name":"wp","href":"https:\/\/api.w.org\/{rel}","templated":true}]}}