{"id":324998,"date":"2022-09-11T18:46:25","date_gmt":"2022-09-11T16:46:25","guid":{"rendered":""},"modified":"2025-07-18T13:48:56","modified_gmt":"2025-07-18T11:48:56","slug":"prijungti-trydan-prie-wibeee-energijos-skaitiklio","status":"publish","type":"page","link":"https:\/\/v2charge.com\/lt\/prijungti-trydan-prie-wibeee-energijos-skaitiklio\/","title":{"rendered":"Prijungti Trydan prie Wibeee energijos skaitiklio"},"content":{"rendered":"\n<div class=\"wp-block-uagb-container uagb-block-ab7cfef6 alignfull uagb-is-root-container\"><div class=\"uagb-container-inner-blocks-wrap\"><div class=\"yoast-breadcrumbs\"><span><span><a href=\"https:\/\/v2charge.com\/lt\/\">V2C<\/a><\/span> \u00bb <span class=\"breadcrumb_last\" aria-current=\"page\">Medidor Wibeee<\/span><\/span><\/div>\n\n<div class=\"wp-block-uagb-advanced-heading uagb-block-b32c4bfc\"><h1 class=\"uagb-heading-text\">Trydan prijungimas prie Wibeee skaitiklio<\/h1><\/div><\/div><\/div>\n\n\n\n<div class=\"wp-block-uagb-container uagb-block-d1d57cfd alignfull uagb-is-root-container\"><div class=\"uagb-container-inner-blocks-wrap\">\n<div class=\"wp-block-uagb-container uagb-block-1d926316 alignfull uagb-is-root-container\"><div class=\"uagb-container-inner-blocks-wrap\">\n<div class=\"wp-block-uagb-container uagb-block-3769988c\">\n<div class=\"wp-block-uagb-image aligncenter uagb-block-dd804c57 wp-block-uagb-image--layout-default wp-block-uagb-image--effect-static wp-block-uagb-image--align-center\"><figure class=\"wp-block-uagb-image__figure\"><img decoding=\"async\" srcset=\"https:\/\/v2charge.com\/wp-content\/uploads\/2023\/12\/wibee-logo.png ,https:\/\/v2charge.com\/wp-content\/uploads\/2023\/12\/wibee-logo.png 780w, https:\/\/v2charge.com\/wp-content\/uploads\/2023\/12\/wibee-logo.png 360w\" sizes=\"auto, (max-width: 480px) 150px\" src=\"https:\/\/v2charge.com\/wp-content\/uploads\/2023\/12\/wibee-logo.png\" alt=\"\" class=\"uag-image-130122\" width=\"400\" height=\"124\" title=\"\" loading=\"lazy\" role=\"img\"\/><\/figure><\/div>\n<\/div>\n\n\n\n<div class=\"wp-block-uagb-container uagb-block-a2bfc09c\"><div class=\"wp-block-uagb-advanced-heading uagb-block-892dcedd\"><p class=\"uagb-heading-text\"><strong>Trydan <\/strong>yra suderinamas su energijos matuokliu Wibeee i\u0161 <strong>Smilics Technologies<\/strong>, tiek fotovoltin\u0117je, tiek vienfaz\u0117je versijoje.<br><br>Sud\u0117tiniai \u012frenginiai yra,&nbsp;<strong>Wibeee Box<\/strong>, labai universalus matuoklis, da\u017eniausiai naudojamas fotovoltin\u0117je sistemoje arba <strong>Wibeee Home<\/strong>. Norint prisijungti prie fotovoltin\u0117s sistemos, reikia prijungti \u017enypl\u0119 1 prie bendro suvartojimo ir \u017enypl\u0119 2 prie fotovoltinio keitiklio.<\/p><\/div><\/div>\n<\/div><\/div>\n\n\n\n<div class=\"wp-block-uagb-container uagb-block-333fb119 alignfull uagb-is-root-container\"><div class=\"uagb-container-inner-blocks-wrap\">\n<div class=\"wp-block-uagb-container uagb-block-2ff110d0 default uagb-is-root-container\">\n<div class=\"wp-block-uagb-container uagb-block-cd442c87\">\n<div class=\"wp-block-uagb-image aligncenter uagb-block-4bb46c59 wp-block-uagb-image--layout-default wp-block-uagb-image--effect-static wp-block-uagb-image--align-center\"><figure class=\"wp-block-uagb-image__figure\"><img decoding=\"async\" srcset=\"https:\/\/v2charge.com\/wp-content\/uploads\/2023\/11\/icon-important.png ,https:\/\/v2charge.com\/wp-content\/uploads\/2023\/11\/icon-important.png 780w, https:\/\/v2charge.com\/wp-content\/uploads\/2023\/11\/icon-important.png 360w\" sizes=\"auto, (max-width: 480px) 150px\" src=\"https:\/\/v2charge.com\/wp-content\/uploads\/2023\/11\/icon-important.png\" alt=\"\" class=\"uag-image-125013\" width=\"50\" height=\"50\" title=\"\" loading=\"lazy\" role=\"img\"\/><\/figure><\/div>\n<\/div>\n\n\n\n<div class=\"wp-block-uagb-container uagb-block-38de7166\"><div class=\"wp-block-uagb-advanced-heading uagb-block-37ab01f0\"><p class=\"uagb-heading-text\">Wi-Fi&nbsp;<strong>repeateri\u0173<\/strong>&nbsp;arba&nbsp;<strong>mesh tinkl\u0173<\/strong>&nbsp;naudojimas gali paveikti sistemos veikim\u0105. Rekomenduojame naudoti&nbsp;<strong>stabil\u0173 Wi-Fi tinkl\u0105<\/strong>&nbsp;ir<strong> tiesiogin\u012f<\/strong>&nbsp;ry\u0161\u012f, kad u\u017etikrintum\u0117te optimal\u0173 ry\u0161\u012f tarp \u012fkroviklio ir skaitiklio.<\/p><\/div><\/div>\n<\/div>\n\n\n\n<div style=\"height:5px\" aria-hidden=\"true\" class=\"wp-block-spacer\"><\/div>\n<\/div><\/div>\n\n\n\n<div class=\"wp-block-uagb-separator uagb-block-824a65ea\"><div class=\"wp-block-uagb-separator__inner\" style=\"--my-background-image:\"><\/div><\/div>\n\n\n<div class=\"wp-block-uagb-advanced-heading uagb-block-bead9183\"><h2 class=\"uagb-heading-text\">Veiksmai, kaip prisijungti prie WiFi Wibeee skaitiklio<\/h2><\/div>\n\n\n<div class=\"wp-block-uagb-container uagb-block-18eeea3d alignfull uagb-is-root-container\"><div class=\"uagb-container-inner-blocks-wrap\"><div class=\"wp-block-uagb-info-box uagb-block-bb6a2ad9 uagb-infobox__content-wrap  uagb-infobox-icon-left uagb-infobox-left uagb-infobox-stacked-tablet uagb-infobox-image-valign-top\"><div class=\"uagb-ifb-image-content\"><img decoding=\"async\" src=\"https:\/\/v2charge.com\/wp-content\/uploads\/2023\/11\/numero-uno.png\" alt=\"\" width=\"38\" height=\"38\" loading=\"lazy\"\/><\/div><div class=\"uagb-ifb-content\"><div class=\"uagb-ifb-title-wrap\"><\/div><p class=\"uagb-ifb-desc\">Programoje <strong>Wibeee Next<\/strong>, nesvarbu, ar tai b\u016bt\u0173 kompiuteris, ar mobilusis telefonas, ie\u0161kokite <strong>Wibeee IP<\/strong>.<\/p><\/div><\/div>\n\n\n<div class=\"wp-block-uagb-image aligncenter uagb-block-0ede07ef wp-block-uagb-image--layout-default wp-block-uagb-image--effect-static wp-block-uagb-image--align-center\"><figure class=\"wp-block-uagb-image__figure\"><img decoding=\"async\" srcset=\"https:\/\/v2charge.com\/wp-content\/uploads\/2024\/01\/conexion-wifi-wibee-trydan.jpg ,https:\/\/v2charge.com\/wp-content\/uploads\/2024\/01\/conexion-wifi-wibee-trydan.jpg 780w, https:\/\/v2charge.com\/wp-content\/uploads\/2024\/01\/conexion-wifi-wibee-trydan.jpg 360w\" sizes=\"auto, (max-width: 480px) 150px\" src=\"https:\/\/v2charge.com\/wp-content\/uploads\/2024\/01\/conexion-wifi-wibee-trydan.jpg\" alt=\"\" class=\"uag-image-131292\" width=\"750\" height=\"257\" title=\"\" loading=\"lazy\" role=\"img\"\/><\/figure><\/div>\n<\/div><\/div>\n\n\n\n<div class=\"wp-block-uagb-separator uagb-block-1f4e5f80\"><div class=\"wp-block-uagb-separator__inner\" style=\"--my-background-image:\"><\/div><\/div>\n\n\n\n<div class=\"wp-block-uagb-container uagb-block-bf18b7b8 alignfull uagb-is-root-container\"><div class=\"uagb-container-inner-blocks-wrap\">\n<div class=\"wp-block-uagb-container uagb-block-63fc9fe5\"><div class=\"wp-block-uagb-advanced-heading uagb-block-17704ad3\"><h2 class=\"uagb-heading-text\">Wibeee skaitiklio nustatymas V2C Cloud program\u0117l\u0117je<\/h2><\/div>\n\n<p>Prisijunkite prie V2C Cloud program\u0117l\u0117s, pasirinkite \u012fkrovimo ta\u0161k\u0105 ir tada eikite \u012f nustatym\u0173 skyri\u0173.<br><br>Pereikite prie dinamin\u0117s galios kontrol\u0117s skyriaus, pasirinkite &#8216;matuokl\u012f&#8217; prietaiso tipo skirtuke ir pasirinkite Wibeee &#8216;matuoklio tipo&#8217; skyriuje.<br><br>Be to, turite pasirinkti tinkam\u0105 \u012frengimo tip\u0105.<br><br><strong>I\u0161saugokite nustatymus, tai b\u016btina norint tinkamai veikti dinaminei galios kontrolei.<\/strong><br><strong>Po to pritaikykite j\u012f, kad j\u016bs\u0173 \u012fkrovimo patirtis visi\u0161kai atitikt\u0173 j\u016bs\u0173 poreikius.<\/strong><\/p><\/div>\n\n\n\n<div class=\"wp-block-uagb-container uagb-block-071ab2ad\">\n<div class=\"wp-block-uagb-image uagb-block-861583ee wp-block-uagb-image--layout-default wp-block-uagb-image--effect-static wp-block-uagb-image--align-none\"><figure class=\"wp-block-uagb-image__figure\"><img decoding=\"async\" srcset=\"https:\/\/v2charge.com\/wp-content\/uploads\/2024\/01\/seleccionar-medidor-wibeee.jpg ,https:\/\/v2charge.com\/wp-content\/uploads\/2024\/01\/seleccionar-medidor-wibeee.jpg 780w, https:\/\/v2charge.com\/wp-content\/uploads\/2024\/01\/seleccionar-medidor-wibeee.jpg 360w\" sizes=\"auto, (max-width: 480px) 150px\" src=\"https:\/\/v2charge.com\/wp-content\/uploads\/2024\/01\/seleccionar-medidor-wibeee.jpg\" alt=\"\" class=\"uag-image-131164\" width=\"468\" height=\"800\" title=\"\" loading=\"lazy\" role=\"img\"\/><\/figure><\/div>\n<\/div>\n<\/div><\/div>\n\n\n\n<div style=\"height:40px\" aria-hidden=\"true\" class=\"wp-block-spacer\"><\/div>\n<\/div><\/div>\n\n\n\n<div class=\"wp-block-uagb-container uagb-block-c6f38013 alignfull uagb-is-root-container\"><div class=\"uagb-container-inner-blocks-wrap\"><div class=\"wp-block-uagb-advanced-heading uagb-block-6963d70c\"><h2 class=\"uagb-heading-text\"><strong>Ar jums reikia technin\u0117s pagalbos?<\/strong><\/h2><\/div>\n\n<div class=\"wp-block-uagb-advanced-heading uagb-block-408243eb\"><p class=\"uagb-heading-text\">Sukurkite u\u017eklaus\u0105 Technin\u0117s pagalbos centre ir mes susisieksime su jumis kuo grei\u010diau, kad pasi\u016blytume geriausi\u0105 sprendim\u0105.<\/p><\/div>\n\n\n<div class=\"wp-block-uagb-buttons uagb-buttons__outer-wrap uagb-btn__default-btn uagb-btn-tablet__default-btn uagb-btn-mobile__default-btn uagb-block-ba1e67d1\"><div class=\"uagb-buttons__wrap uagb-buttons-layout-wrap \"><div class=\"wp-block-uagb-buttons-child uagb-buttons__outer-wrap uagb-block-23cfb623 wp-block-button\"><div class=\"uagb-button__wrapper\"><a class=\"uagb-buttons-repeater wp-block-button__link\" aria-label=\"\" href=\"https:\/\/v2charge.atlassian.net\/servicedesk\/customer\/portal\/3\" rel=\"follow noopener\" target=\"_self\" role=\"button\"><div class=\"uagb-button__link\">Susisiekti su Technine Pagalba<\/div><\/a><\/div><\/div><\/div><\/div>\n<\/div><\/div>\n","protected":false},"excerpt":{"rendered":"<p>Trydan prijungimas prie Wibeee skaitiklio Trydan yra suderinamas su energijos matuokliu Wibeee i\u0161 Smilics Technologies, tiek fotovoltin\u0117je, tiek vienfaz\u0117je versijoje. Sud\u0117tiniai \u012frenginiai yra,&nbsp;Wibeee Box, labai universalus matuoklis, da\u017eniausiai naudojamas fotovoltin\u0117je sistemoje arba Wibeee Home. Norint prisijungti prie fotovoltin\u0117s sistemos, reikia prijungti \u017enypl\u0119 1 prie bendro suvartojimo ir \u017enypl\u0119 2 prie fotovoltinio keitiklio. Wi-Fi&nbsp;repeateri\u0173&nbsp;arba&nbsp;mesh tinkl\u0173&nbsp;naudojimas gali &#8230; <a title=\"Prijungti Trydan prie Wibeee energijos skaitiklio\" class=\"read-more\" href=\"https:\/\/v2charge.com\/lt\/prijungti-trydan-prie-wibeee-energijos-skaitiklio\/\" aria-label=\"Read more about Prijungti Trydan prie Wibeee energijos skaitiklio\">Read more<\/a><\/p>\n","protected":false},"author":1,"featured_media":170354,"parent":0,"menu_order":0,"comment_status":"closed","ping_status":"closed","template":"","meta":{"_eb_attr":"","content-type":"","_uag_custom_page_level_css":"","footnotes":""},"class_list":["post-324998","page","type-page","status-publish","has-post-thumbnail"],"yoast_head":"<!-- This site is optimized with the Yoast SEO plugin v25.3.1 - https:\/\/yoast.com\/wordpress\/plugins\/seo\/ -->\n<title>Trydan \u012ekroviklio Prijungimas - Wibeee Energijos Matuoklis | V2C<\/title>\n<meta name=\"description\" content=\"I\u0161mokite prijungti savo Trydan \u012fkrovikl\u012f prie Wibeee energijos matuoklio. Prad\u0117kite optimizuoti savo elektrinio \u012fkrovimo proces\u0105 jau \u0161iandien!\" \/>\n<meta name=\"robots\" content=\"index, follow, max-snippet:-1, max-image-preview:large, max-video-preview:-1\" \/>\n<link rel=\"canonical\" href=\"https:\/\/v2charge.com\/lt\/soporte\/trydan\/integracion-fotovoltaica\/medidor-wibeee\/\" \/>\n<meta property=\"og:locale\" content=\"lt_LT\" \/>\n<meta property=\"og:type\" content=\"article\" \/>\n<meta property=\"og:title\" content=\"Trydan \u012ekroviklio Prijungimas - Wibeee Energijos Matuoklis | V2C\" \/>\n<meta property=\"og:description\" content=\"I\u0161mokite prijungti savo Trydan \u012fkrovikl\u012f prie Wibeee energijos matuoklio. Prad\u0117kite optimizuoti savo elektrinio \u012fkrovimo proces\u0105 jau \u0161iandien!\" \/>\n<meta property=\"og:url\" content=\"https:\/\/v2charge.com\/lt\/soporte\/trydan\/integracion-fotovoltaica\/medidor-wibeee\/\" \/>\n<meta property=\"og:site_name\" content=\"V2C\" \/>\n<meta property=\"article:publisher\" content=\"https:\/\/www.facebook.com\/V2C.Charge\" \/>\n<meta property=\"article:modified_time\" content=\"2025-07-18T11:48:56+00:00\" \/>\n<meta property=\"og:image\" content=\"https:\/\/v2charge.com\/wp-content\/uploads\/2024\/07\/v2c-electric-chargers.jpg\" \/>\n\t<meta property=\"og:image:width\" content=\"1200\" \/>\n\t<meta property=\"og:image:height\" content=\"675\" \/>\n\t<meta property=\"og:image:type\" content=\"image\/jpeg\" \/>\n<meta name=\"twitter:card\" content=\"summary_large_image\" \/>\n<meta name=\"twitter:site\" content=\"@V2C_Charge\" \/>\n<meta name=\"twitter:label1\" content=\"Est. reading time\" \/>\n\t<meta name=\"twitter:data1\" content=\"3 minut\u0117s\" \/>\n<script type=\"application\/ld+json\" class=\"yoast-schema-graph\">{\"@context\":\"https:\/\/schema.org\",\"@graph\":[{\"@type\":\"WebPage\",\"@id\":\"https:\/\/v2charge.com\/lt\/prijungti-trydan-prie-wibeee-energijos-skaitiklio\/\",\"url\":\"https:\/\/v2charge.com\/lt\/soporte\/trydan\/integracion-fotovoltaica\/medidor-wibeee\/\",\"name\":\"Trydan \u012ekroviklio Prijungimas - Wibeee Energijos Matuoklis | V2C\",\"isPartOf\":{\"@id\":\"https:\/\/v2charge.com\/lt\/#website\"},\"primaryImageOfPage\":{\"@id\":\"https:\/\/v2charge.com\/lt\/soporte\/trydan\/integracion-fotovoltaica\/medidor-wibeee\/#primaryimage\"},\"image\":{\"@id\":\"https:\/\/v2charge.com\/lt\/soporte\/trydan\/integracion-fotovoltaica\/medidor-wibeee\/#primaryimage\"},\"thumbnailUrl\":\"https:\/\/v2charge.com\/wp-content\/uploads\/2024\/07\/v2c-electric-chargers.jpg\",\"datePublished\":\"2022-09-11T16:46:25+00:00\",\"dateModified\":\"2025-07-18T11:48:56+00:00\",\"description\":\"I\u0161mokite prijungti savo Trydan \u012fkrovikl\u012f prie Wibeee energijos matuoklio. Prad\u0117kite optimizuoti savo elektrinio \u012fkrovimo proces\u0105 jau \u0161iandien!\",\"breadcrumb\":{\"@id\":\"https:\/\/v2charge.com\/lt\/soporte\/trydan\/integracion-fotovoltaica\/medidor-wibeee\/#breadcrumb\"},\"inLanguage\":\"lt-LT\",\"potentialAction\":[{\"@type\":\"ReadAction\",\"target\":[\"https:\/\/v2charge.com\/lt\/soporte\/trydan\/integracion-fotovoltaica\/medidor-wibeee\/\"]}]},{\"@type\":\"ImageObject\",\"inLanguage\":\"lt-LT\",\"@id\":\"https:\/\/v2charge.com\/lt\/soporte\/trydan\/integracion-fotovoltaica\/medidor-wibeee\/#primaryimage\",\"url\":\"https:\/\/v2charge.com\/wp-content\/uploads\/2024\/07\/v2c-electric-chargers.jpg\",\"contentUrl\":\"https:\/\/v2charge.com\/wp-content\/uploads\/2024\/07\/v2c-electric-chargers.jpg\",\"width\":1200,\"height\":675,\"caption\":\"V2C Electric Chargers\"},{\"@type\":\"BreadcrumbList\",\"@id\":\"https:\/\/v2charge.com\/lt\/soporte\/trydan\/integracion-fotovoltaica\/medidor-wibeee\/#breadcrumb\",\"itemListElement\":[{\"@type\":\"ListItem\",\"position\":1,\"name\":\"V2C\",\"item\":\"https:\/\/v2charge.com\/lt\/\"},{\"@type\":\"ListItem\",\"position\":2,\"name\":\"Medidor Wibeee\"}]},{\"@type\":\"WebSite\",\"@id\":\"https:\/\/v2charge.com\/lt\/#website\",\"url\":\"https:\/\/v2charge.com\/lt\/\",\"name\":\"V2C\",\"description\":\"#CargandoElMa\u00f1ana\",\"publisher\":{\"@id\":\"https:\/\/v2charge.com\/lt\/#organization\"},\"potentialAction\":[{\"@type\":\"SearchAction\",\"target\":{\"@type\":\"EntryPoint\",\"urlTemplate\":\"https:\/\/v2charge.com\/lt\/?s={search_term_string}\"},\"query-input\":{\"@type\":\"PropertyValueSpecification\",\"valueRequired\":true,\"valueName\":\"search_term_string\"}}],\"inLanguage\":\"lt-LT\"},{\"@type\":\"Organization\",\"@id\":\"https:\/\/v2charge.com\/lt\/#organization\",\"name\":\"V2C\",\"url\":\"https:\/\/v2charge.com\/lt\/\",\"logo\":{\"@type\":\"ImageObject\",\"inLanguage\":\"lt-LT\",\"@id\":\"https:\/\/v2charge.com\/lt\/#\/schema\/logo\/image\/\",\"url\":\"https:\/\/v2charge.com\/wp-content\/uploads\/2024\/11\/cropped-v2c-charge-logo-menu.png\",\"contentUrl\":\"https:\/\/v2charge.com\/wp-content\/uploads\/2024\/11\/cropped-v2c-charge-logo-menu.png\",\"width\":984,\"height\":431,\"caption\":\"V2C\"},\"image\":{\"@id\":\"https:\/\/v2charge.com\/lt\/#\/schema\/logo\/image\/\"},\"sameAs\":[\"https:\/\/www.facebook.com\/V2C.Charge\",\"https:\/\/x.com\/V2C_Charge\",\"https:\/\/www.instagram.com\/v2c.charge\/\",\"https:\/\/www.youtube.com\/@V2C\",\"https:\/\/www.linkedin.com\/company\/v2c-chargers\/\"]}]}<\/script>\n<!-- \/ Yoast SEO plugin. -->","yoast_head_json":{"title":"Trydan \u012ekroviklio Prijungimas - Wibeee Energijos Matuoklis | V2C","description":"I\u0161mokite prijungti savo Trydan \u012fkrovikl\u012f prie Wibeee energijos matuoklio. Prad\u0117kite optimizuoti savo elektrinio \u012fkrovimo proces\u0105 jau \u0161iandien!","robots":{"index":"index","follow":"follow","max-snippet":"max-snippet:-1","max-image-preview":"max-image-preview:large","max-video-preview":"max-video-preview:-1"},"canonical":"https:\/\/v2charge.com\/lt\/soporte\/trydan\/integracion-fotovoltaica\/medidor-wibeee\/","og_locale":"lt_LT","og_type":"article","og_title":"Trydan \u012ekroviklio Prijungimas - Wibeee Energijos Matuoklis | V2C","og_description":"I\u0161mokite prijungti savo Trydan \u012fkrovikl\u012f prie Wibeee energijos matuoklio. Prad\u0117kite optimizuoti savo elektrinio \u012fkrovimo proces\u0105 jau \u0161iandien!","og_url":"https:\/\/v2charge.com\/lt\/soporte\/trydan\/integracion-fotovoltaica\/medidor-wibeee\/","og_site_name":"V2C","article_publisher":"https:\/\/www.facebook.com\/V2C.Charge","article_modified_time":"2025-07-18T11:48:56+00:00","og_image":[{"width":1200,"height":675,"url":"https:\/\/v2charge.com\/wp-content\/uploads\/2024\/07\/v2c-electric-chargers.jpg","type":"image\/jpeg"}],"twitter_card":"summary_large_image","twitter_site":"@V2C_Charge","twitter_misc":{"Est. reading time":"3 minut\u0117s"},"schema":{"@context":"https:\/\/schema.org","@graph":[{"@type":"WebPage","@id":"https:\/\/v2charge.com\/lt\/prijungti-trydan-prie-wibeee-energijos-skaitiklio\/","url":"https:\/\/v2charge.com\/lt\/soporte\/trydan\/integracion-fotovoltaica\/medidor-wibeee\/","name":"Trydan \u012ekroviklio Prijungimas - Wibeee Energijos Matuoklis | V2C","isPartOf":{"@id":"https:\/\/v2charge.com\/lt\/#website"},"primaryImageOfPage":{"@id":"https:\/\/v2charge.com\/lt\/soporte\/trydan\/integracion-fotovoltaica\/medidor-wibeee\/#primaryimage"},"image":{"@id":"https:\/\/v2charge.com\/lt\/soporte\/trydan\/integracion-fotovoltaica\/medidor-wibeee\/#primaryimage"},"thumbnailUrl":"https:\/\/v2charge.com\/wp-content\/uploads\/2024\/07\/v2c-electric-chargers.jpg","datePublished":"2022-09-11T16:46:25+00:00","dateModified":"2025-07-18T11:48:56+00:00","description":"I\u0161mokite prijungti savo Trydan \u012fkrovikl\u012f prie Wibeee energijos matuoklio. Prad\u0117kite optimizuoti savo elektrinio \u012fkrovimo proces\u0105 jau \u0161iandien!","breadcrumb":{"@id":"https:\/\/v2charge.com\/lt\/soporte\/trydan\/integracion-fotovoltaica\/medidor-wibeee\/#breadcrumb"},"inLanguage":"lt-LT","potentialAction":[{"@type":"ReadAction","target":["https:\/\/v2charge.com\/lt\/soporte\/trydan\/integracion-fotovoltaica\/medidor-wibeee\/"]}]},{"@type":"ImageObject","inLanguage":"lt-LT","@id":"https:\/\/v2charge.com\/lt\/soporte\/trydan\/integracion-fotovoltaica\/medidor-wibeee\/#primaryimage","url":"https:\/\/v2charge.com\/wp-content\/uploads\/2024\/07\/v2c-electric-chargers.jpg","contentUrl":"https:\/\/v2charge.com\/wp-content\/uploads\/2024\/07\/v2c-electric-chargers.jpg","width":1200,"height":675,"caption":"V2C Electric Chargers"},{"@type":"BreadcrumbList","@id":"https:\/\/v2charge.com\/lt\/soporte\/trydan\/integracion-fotovoltaica\/medidor-wibeee\/#breadcrumb","itemListElement":[{"@type":"ListItem","position":1,"name":"V2C","item":"https:\/\/v2charge.com\/lt\/"},{"@type":"ListItem","position":2,"name":"Medidor Wibeee"}]},{"@type":"WebSite","@id":"https:\/\/v2charge.com\/lt\/#website","url":"https:\/\/v2charge.com\/lt\/","name":"V2C","description":"#CargandoElMa\u00f1ana","publisher":{"@id":"https:\/\/v2charge.com\/lt\/#organization"},"potentialAction":[{"@type":"SearchAction","target":{"@type":"EntryPoint","urlTemplate":"https:\/\/v2charge.com\/lt\/?s={search_term_string}"},"query-input":{"@type":"PropertyValueSpecification","valueRequired":true,"valueName":"search_term_string"}}],"inLanguage":"lt-LT"},{"@type":"Organization","@id":"https:\/\/v2charge.com\/lt\/#organization","name":"V2C","url":"https:\/\/v2charge.com\/lt\/","logo":{"@type":"ImageObject","inLanguage":"lt-LT","@id":"https:\/\/v2charge.com\/lt\/#\/schema\/logo\/image\/","url":"https:\/\/v2charge.com\/wp-content\/uploads\/2024\/11\/cropped-v2c-charge-logo-menu.png","contentUrl":"https:\/\/v2charge.com\/wp-content\/uploads\/2024\/11\/cropped-v2c-charge-logo-menu.png","width":984,"height":431,"caption":"V2C"},"image":{"@id":"https:\/\/v2charge.com\/lt\/#\/schema\/logo\/image\/"},"sameAs":["https:\/\/www.facebook.com\/V2C.Charge","https:\/\/x.com\/V2C_Charge","https:\/\/www.instagram.com\/v2c.charge\/","https:\/\/www.youtube.com\/@V2C","https:\/\/www.linkedin.com\/company\/v2c-chargers\/"]}]}},"uagb_featured_image_src":{"full":["https:\/\/v2charge.com\/wp-content\/uploads\/2024\/07\/v2c-electric-chargers.jpg",1200,675,false],"thumbnail":["https:\/\/v2charge.com\/wp-content\/uploads\/2024\/07\/v2c-electric-chargers-150x150.jpg",150,150,true],"medium":["https:\/\/v2charge.com\/wp-content\/uploads\/2024\/07\/v2c-electric-chargers-300x169.jpg",300,169,true],"medium_large":["https:\/\/v2charge.com\/wp-content\/uploads\/2024\/07\/v2c-electric-chargers-768x432.jpg",768,432,true],"large":["https:\/\/v2charge.com\/wp-content\/uploads\/2024\/07\/v2c-electric-chargers-1024x576.jpg",1024,576,true],"gs-tiny":["https:\/\/v2charge.com\/wp-content\/uploads\/2024\/07\/v2c-electric-chargers.jpg",50,28,false],"xl":["https:\/\/v2charge.com\/wp-content\/uploads\/2024\/07\/v2c-electric-chargers.jpg",1200,675,false],"xxl":["https:\/\/v2charge.com\/wp-content\/uploads\/2024\/07\/v2c-electric-chargers.jpg",1200,675,false],"xxxl":["https:\/\/v2charge.com\/wp-content\/uploads\/2024\/07\/v2c-electric-chargers.jpg",1200,675,false],"xxxxl":["https:\/\/v2charge.com\/wp-content\/uploads\/2024\/07\/v2c-electric-chargers.jpg",1200,675,false],"xxxxxl":["https:\/\/v2charge.com\/wp-content\/uploads\/2024\/07\/v2c-electric-chargers.jpg",1200,675,false],"1536x1536":["https:\/\/v2charge.com\/wp-content\/uploads\/2024\/07\/v2c-electric-chargers.jpg",1200,675,false],"2048x2048":["https:\/\/v2charge.com\/wp-content\/uploads\/2024\/07\/v2c-electric-chargers.jpg",1200,675,false]},"uagb_author_info":{"display_name":"V2C","author_link":"https:\/\/v2charge.com\/lt\/author\/root_k4eu7ki8\/"},"uagb_comment_info":0,"uagb_excerpt":"Trydan prijungimas prie Wibeee skaitiklio Trydan yra suderinamas su energijos matuokliu Wibeee i\u0161 Smilics Technologies, tiek fotovoltin\u0117je, tiek vienfaz\u0117je versijoje. Sud\u0117tiniai \u012frenginiai yra,&nbsp;Wibeee Box, labai universalus matuoklis, da\u017eniausiai naudojamas fotovoltin\u0117je sistemoje arba Wibeee Home. Norint prisijungti prie fotovoltin\u0117s sistemos, reikia prijungti \u017enypl\u0119 1 prie bendro suvartojimo ir \u017enypl\u0119 2 prie fotovoltinio keitiklio. Wi-Fi&nbsp;repeateri\u0173&nbsp;arba&nbsp;mesh tinkl\u0173&nbsp;naudojimas gali&hellip;","_links":{"self":[{"href":"https:\/\/v2charge.com\/lt\/wp-json\/wp\/v2\/pages\/324998","targetHints":{"allow":["GET"]}}],"collection":[{"href":"https:\/\/v2charge.com\/lt\/wp-json\/wp\/v2\/pages"}],"about":[{"href":"https:\/\/v2charge.com\/lt\/wp-json\/wp\/v2\/types\/page"}],"author":[{"embeddable":true,"href":"https:\/\/v2charge.com\/lt\/wp-json\/wp\/v2\/users\/1"}],"replies":[{"embeddable":true,"href":"https:\/\/v2charge.com\/lt\/wp-json\/wp\/v2\/comments?post=324998"}],"version-history":[{"count":0,"href":"https:\/\/v2charge.com\/lt\/wp-json\/wp\/v2\/pages\/324998\/revisions"}],"wp:featuredmedia":[{"embeddable":true,"href":"https:\/\/v2charge.com\/lt\/wp-json\/wp\/v2\/media\/170354"}],"wp:attachment":[{"href":"https:\/\/v2charge.com\/lt\/wp-json\/wp\/v2\/media?parent=324998"}],"curies":[{"name":"wp","href":"https:\/\/api.w.org\/{rel}","templated":true}]}}