{"id":325003,"date":"2022-10-11T16:50:05","date_gmt":"2022-10-11T16:50:05","guid":{"rendered":""},"modified":"2026-01-09T17:25:05","modified_gmt":"2026-01-09T15:25:05","slug":"trydan-ry-ys-su-victron","status":"publish","type":"page","link":"https:\/\/v2charge.com\/lt\/trydan-ry-ys-su-victron\/","title":{"rendered":"Trydan ry\u0161ys su Victron"},"content":{"rendered":"\n<div class=\"wp-block-uagb-container uagb-block-917b89c6 alignfull uagb-is-root-container\"><div class=\"uagb-container-inner-blocks-wrap\"><div class=\"yoast-breadcrumbs\"><span><span><a href=\"https:\/\/v2charge.com\/lt\/\">V2C<\/a><\/span> \u00bb <span class=\"breadcrumb_last\" aria-current=\"page\">Trydan ry\u0161ys su Victron<\/span><\/span><\/div>\n\n<h1 class=\"wp-block-heading\">Trydan su Victron prijungimas<\/h1>\n\n\n<div class=\"wp-block-uagb-container uagb-block-6ff3315e alignfull uagb-is-root-container\"><div class=\"uagb-container-inner-blocks-wrap\">\n<div class=\"wp-block-uagb-container uagb-block-d07bdd19\"><p>Prijungdami savo Trydan \u012fkrovimo ta\u0161k\u0105 prie Victron inverterio, galite tiesiogiai prijungti savo \u012fkrovimo ta\u0161k\u0105, kad naudotum\u0117te dinaminio valdymo i\u0161mani\u0105sias funkcijas.<\/p><\/div>\n\n\n\n<div class=\"wp-block-uagb-container uagb-block-56f0a249\">\n<div class=\"wp-block-uagb-image uagb-block-a6b3aa91 wp-block-uagb-image--layout-default wp-block-uagb-image--effect-static wp-block-uagb-image--align-none\"><figure class=\"wp-block-uagb-image__figure\"><img decoding=\"async\" srcset=\"https:\/\/v2charge.com\/wp-content\/uploads\/2023\/12\/inversor-victron-logo.jpg ,https:\/\/v2charge.com\/wp-content\/uploads\/2023\/12\/inversor-victron-logo.jpg 780w, https:\/\/v2charge.com\/wp-content\/uploads\/2023\/12\/inversor-victron-logo.jpg 360w\" sizes=\"auto, (max-width: 480px) 150px\" src=\"https:\/\/v2charge.com\/wp-content\/uploads\/2023\/12\/inversor-victron-logo.jpg\" alt=\"\" class=\"uag-image-129142\" width=\"250\" height=\"47\" title=\"\" loading=\"lazy\" role=\"img\"\/><\/figure><\/div>\n<\/div>\n<\/div><\/div>\n\n\n\n<div class=\"wp-block-uagb-container uagb-block-333fb119 alignfull uagb-is-root-container\"><div class=\"uagb-container-inner-blocks-wrap\">\n<div class=\"wp-block-uagb-container uagb-block-2ff110d0 default uagb-is-root-container\">\n<div class=\"wp-block-uagb-container uagb-block-cd442c87\">\n<div class=\"wp-block-uagb-image aligncenter uagb-block-4bb46c59 wp-block-uagb-image--layout-default wp-block-uagb-image--effect-static wp-block-uagb-image--align-center\"><figure class=\"wp-block-uagb-image__figure\"><img decoding=\"async\" srcset=\"https:\/\/v2charge.com\/wp-content\/uploads\/2023\/11\/icon-important.png ,https:\/\/v2charge.com\/wp-content\/uploads\/2023\/11\/icon-important.png 780w, https:\/\/v2charge.com\/wp-content\/uploads\/2023\/11\/icon-important.png 360w\" sizes=\"auto, (max-width: 480px) 150px\" src=\"https:\/\/v2charge.com\/wp-content\/uploads\/2023\/11\/icon-important.png\" alt=\"\" class=\"uag-image-125013\" width=\"50\" height=\"50\" title=\"\" loading=\"lazy\" role=\"img\"\/><\/figure><\/div>\n<\/div>\n\n\n\n<div class=\"wp-block-uagb-container uagb-block-38de7166\"><div class=\"wp-block-uagb-advanced-heading uagb-block-37ab01f0\"><p class=\"uagb-heading-text\">Wi-Fi&nbsp;<strong>repeatori\u0173<\/strong>&nbsp;arba&nbsp;<strong>mesh tinkl\u0173<\/strong>&nbsp;naudojimas gali paveikti sistemos veikim\u0105. Rekomenduojame naudoti&nbsp;<strong>stabil\u0173 Wi-Fi tinkl\u0105<\/strong>&nbsp;ir<strong> tiesiogin\u012f<\/strong>&nbsp;ry\u0161\u012f, kad u\u017etikrintum\u0117te optimal\u0173 ry\u0161\u012f tarp \u012fkroviklio ir inverterio.<\/p><\/div><\/div>\n<\/div>\n\n\n\n<div style=\"height:5px\" aria-hidden=\"true\" class=\"wp-block-spacer\"><\/div>\n<\/div><\/div>\n\n\n\n<div class=\"wp-block-uagb-separator uagb-block-37d1f752\"><div class=\"wp-block-uagb-separator__inner\" style=\"--my-background-image:\"><\/div><\/div>\n\n\n<h2 class=\"wp-block-heading\">Kaip prijungti inverter\u012f prie \u012frangos<\/h2>\n\n<p>Prijungti \u012frang\u0105 labai paprasta. Norint, kad ji veikt\u0173, reikia tur\u0117ti \u012fdiegt\u0105 Victron Cerbo GX inverter\u012f. Cerbo GX nustatymuose reikia \u012fjungti RS Modbus 485 TCP. Tai galima padaryti per ekran\u0105 arba per IP naudojantis Cerbo GX kompiuteriu. Victron IP galima rasti keliose vietose (pa\u010diame ekrane, bluetooth program\u0117l\u0117je\u2026).<\/p>\n\n<p>Pasirinkite nustatym\u0173 skyri\u0173 ir nustatykite RS485 Modbus \u012f <em>\u012ejungta<\/em>.<\/p>\n\n\n<div class=\"wp-block-uagb-buttons uagb-buttons__outer-wrap uagb-btn__medium-btn uagb-btn-tablet__default-btn uagb-btn-mobile__default-btn uagb-block-45c5baf0\"><div class=\"uagb-buttons__wrap uagb-buttons-layout-wrap \"><div class=\"wp-block-uagb-buttons-child uagb-buttons__outer-wrap uagb-block-9f1c2648 wp-block-button\"><div class=\"uagb-button__wrapper\"><a class=\"uagb-buttons-repeater wp-block-button__link\" aria-label=\"\" href=\"https:\/\/youtube.com\/shorts\/UY4wZ1ynKHo?si=oxo1lFP1_6NZGQdy\" rel=\"follow noopener\" target=\"_self\" role=\"button\"><div class=\"uagb-button__link\">\u017di\u016br\u0117ti vaizdo \u012fra\u0161\u0105<\/div><\/a><\/div><\/div><\/div><\/div>\n\n\n\n<div class=\"wp-block-uagb-image aligncenter uagb-block-5d46d4c2 wp-block-uagb-image--layout-default wp-block-uagb-image--effect-static wp-block-uagb-image--align-center\"><figure class=\"wp-block-uagb-image__figure\"><img decoding=\"async\" srcset=\"https:\/\/v2charge.com\/wp-content\/uploads\/2022\/10\/modbus-tcp-victron.png ,https:\/\/v2charge.com\/wp-content\/uploads\/2022\/10\/modbus-tcp-victron.png 780w, https:\/\/v2charge.com\/wp-content\/uploads\/2022\/10\/modbus-tcp-victron.png 360w\" sizes=\"auto, (max-width: 480px) 150px\" src=\"https:\/\/v2charge.com\/wp-content\/uploads\/2022\/10\/modbus-tcp-victron.png\" alt=\"\" class=\"uag-image-85532\" width=\"1642\" height=\"704\" title=\"\" loading=\"lazy\" role=\"img\"\/><\/figure><\/div>\n<\/div><\/div>\n\n\n\n<div class=\"wp-block-uagb-container uagb-block-1fb723ac alignfull uagb-is-root-container\"><div class=\"uagb-container-inner-blocks-wrap\">\n<div class=\"wp-block-uagb-container uagb-block-f9070278\"><p>Programoje sekite vadov\u0105, kad&nbsp;aktyvuotum\u0117te <a href=\"https:\/\/v2charge.com\/lt\/soporte\/trydan\/control-dinamico-potencia\/\">Dinamini\u0173 Galingumo Kontrol\u0119<\/a>&nbsp;ir inverteryje <strong>pasirinkite Victron<\/strong>.<\/p><\/div>\n\n\n\n<div class=\"wp-block-uagb-container uagb-block-bf7d8139\">\n<div class=\"wp-block-uagb-image aligncenter uagb-block-bfeb1bc2 wp-block-uagb-image--layout-default wp-block-uagb-image--effect-static wp-block-uagb-image--align-center\"><figure class=\"wp-block-uagb-image__figure\"><img decoding=\"async\" srcset=\"https:\/\/v2charge.com\/wp-content\/uploads\/2024\/01\/victron-inversor.jpg ,https:\/\/v2charge.com\/wp-content\/uploads\/2024\/01\/victron-inversor.jpg 780w, https:\/\/v2charge.com\/wp-content\/uploads\/2024\/01\/victron-inversor.jpg 360w\" sizes=\"auto, (max-width: 480px) 150px\" src=\"https:\/\/v2charge.com\/wp-content\/uploads\/2024\/01\/victron-inversor.jpg\" alt=\"\" class=\"uag-image-133304\" width=\"468\" height=\"800\" title=\"\" loading=\"lazy\" role=\"img\"\/><\/figure><\/div>\n<\/div>\n<\/div><\/div>\n\n\n\n<div class=\"wp-block-uagb-container uagb-block-c6f38013 alignfull uagb-is-root-container\"><div class=\"uagb-container-inner-blocks-wrap\"><div class=\"wp-block-uagb-advanced-heading uagb-block-6963d70c\"><h2 class=\"uagb-heading-text\"><strong>Ar jums reikia technin\u0117s pagalbos?<\/strong><\/h2><\/div>\n\n<div class=\"wp-block-uagb-advanced-heading uagb-block-408243eb\"><p class=\"uagb-heading-text\">I\u0161spr\u0119skite savo problem\u0105 i\u0161 karto per m\u016bs\u0173 AI pokalb\u012f. Jei problema nei\u0161sprend\u017eiama, sukurkite u\u017eklaus\u0105 Technin\u0117s pagalbos centre ir mes susisieksime su jumis kuo grei\u010diau, kad pasi\u016blytume geriausi\u0105 sprendim\u0105.<\/p><\/div>\n\n<div class=\"wp-block-uagb-info-box uagb-block-12e3cf1c uagb-infobox__content-wrap  uagb-infobox-icon-left uagb-infobox-left uagb-infobox-image-valign-top wp-block-uagb-info-box--has-margin ai-chatbot-button\"><div class=\"uagb-infobox-margin-wrapper\"><div class=\"uagb-ifb-image-content\"><img decoding=\"async\" src=\"https:\/\/v2charge.com\/wp-content\/uploads\/2026\/01\/support-ai-chatbot.png\" alt=\"\" width=\"20\" height=\"19\" loading=\"lazy\"\/><\/div><div class=\"uagb-ifb-content\"><div class=\"uagb-ifb-title-wrap\"><\/div><div class=\"uagb-ifb-button-wrapper wp-block-button\"><a href=\"https:\/\/v2charge.com\/lt\/v2c-support-web\/\" class=\"uagb-infobox-cta-link wp-block-button__link\" target=\"_blank\" rel=\"noopener noreferrer\" onclick=\"return true;\"><span class=\"uagb-inline-editing\">Klausykite m\u016bs\u0173 IA pokalbi\u0173 roboto<\/span><\/a><\/div><\/div><\/div><\/div>\n\n\n<div class=\"wp-block-uagb-buttons uagb-buttons__outer-wrap uagb-btn__default-btn uagb-btn-tablet__default-btn uagb-btn-mobile__default-btn uagb-block-ba1e67d1\"><div class=\"uagb-buttons__wrap uagb-buttons-layout-wrap \"><div class=\"wp-block-uagb-buttons-child uagb-buttons__outer-wrap uagb-block-23cfb623 wp-block-button\"><div class=\"uagb-button__wrapper\"><a class=\"uagb-buttons-repeater wp-block-button__link\" aria-label=\"\" href=\"https:\/\/v2charge.atlassian.net\/servicedesk\/customer\/portal\/3\" rel=\"follow noopener\" target=\"_blank\" role=\"button\"><div class=\"uagb-button__link\">Susisiekite su Technine Pagalba<\/div><\/a><\/div><\/div><\/div><\/div>\n<\/div><\/div>\n","protected":false},"excerpt":{"rendered":"<p>Trydan su Victron prijungimas Prijungdami savo Trydan \u012fkrovimo ta\u0161k\u0105 prie Victron inverterio, galite tiesiogiai prijungti savo \u012fkrovimo ta\u0161k\u0105, kad naudotum\u0117te dinaminio valdymo i\u0161mani\u0105sias funkcijas. Wi-Fi&nbsp;repeatori\u0173&nbsp;arba&nbsp;mesh tinkl\u0173&nbsp;naudojimas gali paveikti sistemos veikim\u0105. Rekomenduojame naudoti&nbsp;stabil\u0173 Wi-Fi tinkl\u0105&nbsp;ir tiesiogin\u012f&nbsp;ry\u0161\u012f, kad u\u017etikrintum\u0117te optimal\u0173 ry\u0161\u012f tarp \u012fkroviklio ir inverterio. Kaip prijungti inverter\u012f prie \u012frangos Prijungti \u012frang\u0105 labai paprasta. Norint, kad ji &#8230; <a title=\"Trydan ry\u0161ys su Victron\" class=\"read-more\" href=\"https:\/\/v2charge.com\/lt\/trydan-ry-ys-su-victron\/\" aria-label=\"Read more about Trydan ry\u0161ys su Victron\">Read more<\/a><\/p>\n","protected":false},"author":1,"featured_media":170354,"parent":0,"menu_order":0,"comment_status":"closed","ping_status":"closed","template":"","meta":{"_eb_attr":"","content-type":"","_uag_custom_page_level_css":"","footnotes":""},"class_list":["post-325003","page","type-page","status-publish","has-post-thumbnail"],"yoast_head":"<!-- This site is optimized with the Yoast SEO plugin v25.3.1 - https:\/\/yoast.com\/wordpress\/plugins\/seo\/ -->\n<title>Prijunkite Trydan prie Victron inverterio [\u017dingsnis po \u017eingsnio] | V2C Pagalba<\/title>\n<meta name=\"description\" content=\"Prijunkite Victron inverter\u012f prie Trydan ir naudokite dinaminio valdymo i\u0161mani\u0105sias funkcijas. Paai\u0161kiname, kaip tai padaryti. \u2714\" \/>\n<meta name=\"robots\" content=\"index, follow, max-snippet:-1, max-image-preview:large, max-video-preview:-1\" \/>\n<link rel=\"canonical\" href=\"https:\/\/v2charge.com\/lt\/trydan-ry-ys-su-victron\/\" \/>\n<meta property=\"og:locale\" content=\"lt_LT\" \/>\n<meta property=\"og:type\" content=\"article\" \/>\n<meta property=\"og:title\" content=\"Prijunkite Trydan prie Victron inverterio [\u017dingsnis po \u017eingsnio] | V2C Pagalba\" \/>\n<meta property=\"og:description\" content=\"Prijunkite Victron inverter\u012f prie Trydan ir naudokite dinaminio valdymo i\u0161mani\u0105sias funkcijas. Paai\u0161kiname, kaip tai padaryti. \u2714\" \/>\n<meta property=\"og:url\" content=\"https:\/\/v2charge.com\/lt\/trydan-ry-ys-su-victron\/\" \/>\n<meta property=\"og:site_name\" content=\"V2C\" \/>\n<meta property=\"article:publisher\" content=\"https:\/\/www.facebook.com\/V2C.Charge\" \/>\n<meta property=\"article:modified_time\" content=\"2026-01-09T15:25:05+00:00\" \/>\n<meta property=\"og:image\" content=\"https:\/\/v2charge.com\/wp-content\/uploads\/2024\/07\/v2c-electric-chargers.jpg\" \/>\n\t<meta property=\"og:image:width\" content=\"1200\" \/>\n\t<meta property=\"og:image:height\" content=\"675\" \/>\n\t<meta property=\"og:image:type\" content=\"image\/jpeg\" \/>\n<meta name=\"twitter:card\" content=\"summary_large_image\" \/>\n<meta name=\"twitter:site\" content=\"@V2C_Charge\" \/>\n<meta name=\"twitter:label1\" content=\"Est. reading time\" \/>\n\t<meta name=\"twitter:data1\" content=\"3 minut\u0117s\" \/>\n<script type=\"application\/ld+json\" class=\"yoast-schema-graph\">{\"@context\":\"https:\/\/schema.org\",\"@graph\":[{\"@type\":\"WebPage\",\"@id\":\"https:\/\/v2charge.com\/lt\/trydan-ry-ys-su-victron\/\",\"url\":\"https:\/\/v2charge.com\/lt\/trydan-ry-ys-su-victron\/\",\"name\":\"Prijunkite Trydan prie Victron inverterio [\u017dingsnis po \u017eingsnio] | V2C Pagalba\",\"isPartOf\":{\"@id\":\"https:\/\/v2charge.com\/lt\/#website\"},\"primaryImageOfPage\":{\"@id\":\"https:\/\/v2charge.com\/lt\/trydan-ry-ys-su-victron\/#primaryimage\"},\"image\":{\"@id\":\"https:\/\/v2charge.com\/lt\/trydan-ry-ys-su-victron\/#primaryimage\"},\"thumbnailUrl\":\"https:\/\/v2charge.com\/wp-content\/uploads\/2024\/07\/v2c-electric-chargers.jpg\",\"datePublished\":\"2022-10-11T16:50:05+00:00\",\"dateModified\":\"2026-01-09T15:25:05+00:00\",\"description\":\"Prijunkite Victron inverter\u012f prie Trydan ir naudokite dinaminio valdymo i\u0161mani\u0105sias funkcijas. Paai\u0161kiname, kaip tai padaryti. \u2714\",\"breadcrumb\":{\"@id\":\"https:\/\/v2charge.com\/lt\/trydan-ry-ys-su-victron\/#breadcrumb\"},\"inLanguage\":\"lt-LT\",\"potentialAction\":[{\"@type\":\"ReadAction\",\"target\":[\"https:\/\/v2charge.com\/lt\/trydan-ry-ys-su-victron\/\"]}]},{\"@type\":\"ImageObject\",\"inLanguage\":\"lt-LT\",\"@id\":\"https:\/\/v2charge.com\/lt\/trydan-ry-ys-su-victron\/#primaryimage\",\"url\":\"https:\/\/v2charge.com\/wp-content\/uploads\/2024\/07\/v2c-electric-chargers.jpg\",\"contentUrl\":\"https:\/\/v2charge.com\/wp-content\/uploads\/2024\/07\/v2c-electric-chargers.jpg\",\"width\":1200,\"height\":675,\"caption\":\"V2C Electric Chargers\"},{\"@type\":\"BreadcrumbList\",\"@id\":\"https:\/\/v2charge.com\/lt\/trydan-ry-ys-su-victron\/#breadcrumb\",\"itemListElement\":[{\"@type\":\"ListItem\",\"position\":1,\"name\":\"V2C\",\"item\":\"https:\/\/v2charge.com\/lt\/\"},{\"@type\":\"ListItem\",\"position\":2,\"name\":\"Trydan ry\u0161ys su Victron\"}]},{\"@type\":\"WebSite\",\"@id\":\"https:\/\/v2charge.com\/lt\/#website\",\"url\":\"https:\/\/v2charge.com\/lt\/\",\"name\":\"V2C\",\"description\":\"#CargandoElMa\u00f1ana\",\"publisher\":{\"@id\":\"https:\/\/v2charge.com\/lt\/#organization\"},\"potentialAction\":[{\"@type\":\"SearchAction\",\"target\":{\"@type\":\"EntryPoint\",\"urlTemplate\":\"https:\/\/v2charge.com\/lt\/?s={search_term_string}\"},\"query-input\":{\"@type\":\"PropertyValueSpecification\",\"valueRequired\":true,\"valueName\":\"search_term_string\"}}],\"inLanguage\":\"lt-LT\"},{\"@type\":\"Organization\",\"@id\":\"https:\/\/v2charge.com\/lt\/#organization\",\"name\":\"V2C\",\"url\":\"https:\/\/v2charge.com\/lt\/\",\"logo\":{\"@type\":\"ImageObject\",\"inLanguage\":\"lt-LT\",\"@id\":\"https:\/\/v2charge.com\/lt\/#\/schema\/logo\/image\/\",\"url\":\"https:\/\/v2charge.com\/wp-content\/uploads\/2024\/11\/cropped-v2c-charge-logo-menu.png\",\"contentUrl\":\"https:\/\/v2charge.com\/wp-content\/uploads\/2024\/11\/cropped-v2c-charge-logo-menu.png\",\"width\":984,\"height\":431,\"caption\":\"V2C\"},\"image\":{\"@id\":\"https:\/\/v2charge.com\/lt\/#\/schema\/logo\/image\/\"},\"sameAs\":[\"https:\/\/www.facebook.com\/V2C.Charge\",\"https:\/\/x.com\/V2C_Charge\",\"https:\/\/www.instagram.com\/v2c.charge\/\",\"https:\/\/www.youtube.com\/@V2C\",\"https:\/\/www.linkedin.com\/company\/v2c-chargers\/\"]}]}<\/script>\n<!-- \/ Yoast SEO plugin. -->","yoast_head_json":{"title":"Prijunkite Trydan prie Victron inverterio [\u017dingsnis po \u017eingsnio] | V2C Pagalba","description":"Prijunkite Victron inverter\u012f prie Trydan ir naudokite dinaminio valdymo i\u0161mani\u0105sias funkcijas. Paai\u0161kiname, kaip tai padaryti. \u2714","robots":{"index":"index","follow":"follow","max-snippet":"max-snippet:-1","max-image-preview":"max-image-preview:large","max-video-preview":"max-video-preview:-1"},"canonical":"https:\/\/v2charge.com\/lt\/trydan-ry-ys-su-victron\/","og_locale":"lt_LT","og_type":"article","og_title":"Prijunkite Trydan prie Victron inverterio [\u017dingsnis po \u017eingsnio] | V2C Pagalba","og_description":"Prijunkite Victron inverter\u012f prie Trydan ir naudokite dinaminio valdymo i\u0161mani\u0105sias funkcijas. Paai\u0161kiname, kaip tai padaryti. \u2714","og_url":"https:\/\/v2charge.com\/lt\/trydan-ry-ys-su-victron\/","og_site_name":"V2C","article_publisher":"https:\/\/www.facebook.com\/V2C.Charge","article_modified_time":"2026-01-09T15:25:05+00:00","og_image":[{"width":1200,"height":675,"url":"https:\/\/v2charge.com\/wp-content\/uploads\/2024\/07\/v2c-electric-chargers.jpg","type":"image\/jpeg"}],"twitter_card":"summary_large_image","twitter_site":"@V2C_Charge","twitter_misc":{"Est. reading time":"3 minut\u0117s"},"schema":{"@context":"https:\/\/schema.org","@graph":[{"@type":"WebPage","@id":"https:\/\/v2charge.com\/lt\/trydan-ry-ys-su-victron\/","url":"https:\/\/v2charge.com\/lt\/trydan-ry-ys-su-victron\/","name":"Prijunkite Trydan prie Victron inverterio [\u017dingsnis po \u017eingsnio] | V2C Pagalba","isPartOf":{"@id":"https:\/\/v2charge.com\/lt\/#website"},"primaryImageOfPage":{"@id":"https:\/\/v2charge.com\/lt\/trydan-ry-ys-su-victron\/#primaryimage"},"image":{"@id":"https:\/\/v2charge.com\/lt\/trydan-ry-ys-su-victron\/#primaryimage"},"thumbnailUrl":"https:\/\/v2charge.com\/wp-content\/uploads\/2024\/07\/v2c-electric-chargers.jpg","datePublished":"2022-10-11T16:50:05+00:00","dateModified":"2026-01-09T15:25:05+00:00","description":"Prijunkite Victron inverter\u012f prie Trydan ir naudokite dinaminio valdymo i\u0161mani\u0105sias funkcijas. Paai\u0161kiname, kaip tai padaryti. \u2714","breadcrumb":{"@id":"https:\/\/v2charge.com\/lt\/trydan-ry-ys-su-victron\/#breadcrumb"},"inLanguage":"lt-LT","potentialAction":[{"@type":"ReadAction","target":["https:\/\/v2charge.com\/lt\/trydan-ry-ys-su-victron\/"]}]},{"@type":"ImageObject","inLanguage":"lt-LT","@id":"https:\/\/v2charge.com\/lt\/trydan-ry-ys-su-victron\/#primaryimage","url":"https:\/\/v2charge.com\/wp-content\/uploads\/2024\/07\/v2c-electric-chargers.jpg","contentUrl":"https:\/\/v2charge.com\/wp-content\/uploads\/2024\/07\/v2c-electric-chargers.jpg","width":1200,"height":675,"caption":"V2C Electric Chargers"},{"@type":"BreadcrumbList","@id":"https:\/\/v2charge.com\/lt\/trydan-ry-ys-su-victron\/#breadcrumb","itemListElement":[{"@type":"ListItem","position":1,"name":"V2C","item":"https:\/\/v2charge.com\/lt\/"},{"@type":"ListItem","position":2,"name":"Trydan ry\u0161ys su Victron"}]},{"@type":"WebSite","@id":"https:\/\/v2charge.com\/lt\/#website","url":"https:\/\/v2charge.com\/lt\/","name":"V2C","description":"#CargandoElMa\u00f1ana","publisher":{"@id":"https:\/\/v2charge.com\/lt\/#organization"},"potentialAction":[{"@type":"SearchAction","target":{"@type":"EntryPoint","urlTemplate":"https:\/\/v2charge.com\/lt\/?s={search_term_string}"},"query-input":{"@type":"PropertyValueSpecification","valueRequired":true,"valueName":"search_term_string"}}],"inLanguage":"lt-LT"},{"@type":"Organization","@id":"https:\/\/v2charge.com\/lt\/#organization","name":"V2C","url":"https:\/\/v2charge.com\/lt\/","logo":{"@type":"ImageObject","inLanguage":"lt-LT","@id":"https:\/\/v2charge.com\/lt\/#\/schema\/logo\/image\/","url":"https:\/\/v2charge.com\/wp-content\/uploads\/2024\/11\/cropped-v2c-charge-logo-menu.png","contentUrl":"https:\/\/v2charge.com\/wp-content\/uploads\/2024\/11\/cropped-v2c-charge-logo-menu.png","width":984,"height":431,"caption":"V2C"},"image":{"@id":"https:\/\/v2charge.com\/lt\/#\/schema\/logo\/image\/"},"sameAs":["https:\/\/www.facebook.com\/V2C.Charge","https:\/\/x.com\/V2C_Charge","https:\/\/www.instagram.com\/v2c.charge\/","https:\/\/www.youtube.com\/@V2C","https:\/\/www.linkedin.com\/company\/v2c-chargers\/"]}]}},"uagb_featured_image_src":{"full":["https:\/\/v2charge.com\/wp-content\/uploads\/2024\/07\/v2c-electric-chargers.jpg",1200,675,false],"thumbnail":["https:\/\/v2charge.com\/wp-content\/uploads\/2024\/07\/v2c-electric-chargers-150x150.jpg",150,150,true],"medium":["https:\/\/v2charge.com\/wp-content\/uploads\/2024\/07\/v2c-electric-chargers-300x169.jpg",300,169,true],"medium_large":["https:\/\/v2charge.com\/wp-content\/uploads\/2024\/07\/v2c-electric-chargers-768x432.jpg",768,432,true],"large":["https:\/\/v2charge.com\/wp-content\/uploads\/2024\/07\/v2c-electric-chargers-1024x576.jpg",1024,576,true],"gs-tiny":["https:\/\/v2charge.com\/wp-content\/uploads\/2024\/07\/v2c-electric-chargers.jpg",50,28,false],"xl":["https:\/\/v2charge.com\/wp-content\/uploads\/2024\/07\/v2c-electric-chargers.jpg",1200,675,false],"xxl":["https:\/\/v2charge.com\/wp-content\/uploads\/2024\/07\/v2c-electric-chargers.jpg",1200,675,false],"xxxl":["https:\/\/v2charge.com\/wp-content\/uploads\/2024\/07\/v2c-electric-chargers.jpg",1200,675,false],"xxxxl":["https:\/\/v2charge.com\/wp-content\/uploads\/2024\/07\/v2c-electric-chargers.jpg",1200,675,false],"xxxxxl":["https:\/\/v2charge.com\/wp-content\/uploads\/2024\/07\/v2c-electric-chargers.jpg",1200,675,false],"1536x1536":["https:\/\/v2charge.com\/wp-content\/uploads\/2024\/07\/v2c-electric-chargers.jpg",1200,675,false],"2048x2048":["https:\/\/v2charge.com\/wp-content\/uploads\/2024\/07\/v2c-electric-chargers.jpg",1200,675,false]},"uagb_author_info":{"display_name":"V2C","author_link":"https:\/\/v2charge.com\/lt\/author\/root_k4eu7ki8\/"},"uagb_comment_info":0,"uagb_excerpt":"Trydan su Victron prijungimas Prijungdami savo Trydan \u012fkrovimo ta\u0161k\u0105 prie Victron inverterio, galite tiesiogiai prijungti savo \u012fkrovimo ta\u0161k\u0105, kad naudotum\u0117te dinaminio valdymo i\u0161mani\u0105sias funkcijas. Wi-Fi&nbsp;repeatori\u0173&nbsp;arba&nbsp;mesh tinkl\u0173&nbsp;naudojimas gali paveikti sistemos veikim\u0105. Rekomenduojame naudoti&nbsp;stabil\u0173 Wi-Fi tinkl\u0105&nbsp;ir tiesiogin\u012f&nbsp;ry\u0161\u012f, kad u\u017etikrintum\u0117te optimal\u0173 ry\u0161\u012f tarp \u012fkroviklio ir inverterio. Kaip prijungti inverter\u012f prie \u012frangos Prijungti \u012frang\u0105 labai paprasta. Norint, kad ji&hellip;","_links":{"self":[{"href":"https:\/\/v2charge.com\/lt\/wp-json\/wp\/v2\/pages\/325003","targetHints":{"allow":["GET"]}}],"collection":[{"href":"https:\/\/v2charge.com\/lt\/wp-json\/wp\/v2\/pages"}],"about":[{"href":"https:\/\/v2charge.com\/lt\/wp-json\/wp\/v2\/types\/page"}],"author":[{"embeddable":true,"href":"https:\/\/v2charge.com\/lt\/wp-json\/wp\/v2\/users\/1"}],"replies":[{"embeddable":true,"href":"https:\/\/v2charge.com\/lt\/wp-json\/wp\/v2\/comments?post=325003"}],"version-history":[{"count":0,"href":"https:\/\/v2charge.com\/lt\/wp-json\/wp\/v2\/pages\/325003\/revisions"}],"wp:featuredmedia":[{"embeddable":true,"href":"https:\/\/v2charge.com\/lt\/wp-json\/wp\/v2\/media\/170354"}],"wp:attachment":[{"href":"https:\/\/v2charge.com\/lt\/wp-json\/wp\/v2\/media?parent=325003"}],"curies":[{"name":"wp","href":"https:\/\/api.w.org\/{rel}","templated":true}]}}