{"id":325013,"date":"2023-01-24T17:06:03","date_gmt":"2023-01-24T15:06:03","guid":{"rendered":""},"modified":"2025-07-18T14:00:55","modified_gmt":"2025-07-18T12:00:55","slug":"kostal-piko-prijungimas-su-trydan","status":"publish","type":"page","link":"https:\/\/v2charge.com\/lt\/kostal-piko-prijungimas-su-trydan\/","title":{"rendered":"Kostal PIKO prijungimas su Trydan"},"content":{"rendered":"\n<div class=\"wp-block-uagb-container uagb-block-f5a1ed0e alignfull uagb-is-root-container\"><div class=\"uagb-container-inner-blocks-wrap\"><div class=\"yoast-breadcrumbs\"><span><span><a href=\"https:\/\/v2charge.com\/lt\/\">V2C<\/a><\/span> \u00bb <span class=\"breadcrumb_last\" aria-current=\"page\">Kostal PIKO prijungimas su Trydan<\/span><\/span><\/div>\n\n<h1 class=\"wp-block-heading\">Kostal PIKO prijungimas prie Trydan<\/h1>\n\n\n<div class=\"wp-block-uagb-container uagb-block-9be67121 alignfull uagb-is-root-container\"><div class=\"uagb-container-inner-blocks-wrap\">\n<div class=\"wp-block-uagb-container uagb-block-b71a8b6f\"><p>Kostal PIKO prijungimas prie Trydan vyksta per HTTP u\u017eklausas, tod\u0117l m\u016bs\u0173 inverteris turi b\u016bti suderinamas. I\u0161 esm\u0117s, visi Kostal PIKO inverteriai yra suderinami. Jei taip n\u0117ra, rekomenduojame atnaujinti programin\u0117s \u012frangos versij\u0105 iki naujausios galimos versijos.<\/p><\/div>\n\n\n\n<div class=\"wp-block-uagb-container uagb-block-7f58fcab\">\n<div class=\"wp-block-uagb-image uagb-block-8632899f wp-block-uagb-image--layout-default wp-block-uagb-image--effect-static wp-block-uagb-image--align-none\"><figure class=\"wp-block-uagb-image__figure\"><img decoding=\"async\" srcset=\"https:\/\/v2charge.com\/wp-content\/uploads\/2023\/12\/kostal-logo.png ,https:\/\/v2charge.com\/wp-content\/uploads\/2023\/12\/kostal-logo.png 780w, https:\/\/v2charge.com\/wp-content\/uploads\/2023\/12\/kostal-logo.png 360w\" sizes=\"auto, (max-width: 480px) 150px\" src=\"https:\/\/v2charge.com\/wp-content\/uploads\/2023\/12\/kostal-logo.png\" alt=\"\" class=\"uag-image-128994\" width=\"250\" height=\"65\" title=\"\" loading=\"lazy\" role=\"img\"\/><\/figure><\/div>\n<\/div>\n<\/div><\/div>\n\n\n\n<div class=\"wp-block-uagb-container uagb-block-333fb119 alignfull uagb-is-root-container\"><div class=\"uagb-container-inner-blocks-wrap\">\n<div class=\"wp-block-uagb-container uagb-block-2ff110d0 default uagb-is-root-container\">\n<div class=\"wp-block-uagb-container uagb-block-cd442c87\">\n<div class=\"wp-block-uagb-image aligncenter uagb-block-4bb46c59 wp-block-uagb-image--layout-default wp-block-uagb-image--effect-static wp-block-uagb-image--align-center\"><figure class=\"wp-block-uagb-image__figure\"><img decoding=\"async\" srcset=\"https:\/\/v2charge.com\/wp-content\/uploads\/2023\/11\/icon-important.png ,https:\/\/v2charge.com\/wp-content\/uploads\/2023\/11\/icon-important.png 780w, https:\/\/v2charge.com\/wp-content\/uploads\/2023\/11\/icon-important.png 360w\" sizes=\"auto, (max-width: 480px) 150px\" src=\"https:\/\/v2charge.com\/wp-content\/uploads\/2023\/11\/icon-important.png\" alt=\"\" class=\"uag-image-125013\" width=\"50\" height=\"50\" title=\"\" loading=\"lazy\" role=\"img\"\/><\/figure><\/div>\n<\/div>\n\n\n\n<div class=\"wp-block-uagb-container uagb-block-38de7166\"><div class=\"wp-block-uagb-advanced-heading uagb-block-37ab01f0\"><p class=\"uagb-heading-text\">Wi-Fi&nbsp;<strong>repeateri\u0173<\/strong>&nbsp;ar&nbsp;<strong>mesh tinkl\u0173<\/strong>&nbsp;naudojimas gali paveikti sistemos veikim\u0105. Rekomenduojame naudoti&nbsp;<strong>stabil\u0173 Wi-Fi tinkl\u0105<\/strong>&nbsp;ir<strong> tiesiogin\u012f<\/strong>&nbsp;ry\u0161\u012f, kad u\u017etikrintum\u0117te optimal\u0173 ry\u0161\u012f tarp \u012fkroviklio ir inverterio.<\/p><\/div><\/div>\n<\/div>\n\n\n\n<div style=\"height:5px\" aria-hidden=\"true\" class=\"wp-block-spacer\"><\/div>\n<\/div><\/div>\n\n\n\n<div class=\"wp-block-uagb-separator uagb-block-f70b14a7\"><div class=\"wp-block-uagb-separator__inner\" style=\"--my-background-image:\"><\/div><\/div>\n\n\n<h2 class=\"wp-block-heading\">Ar esame suderinami su Kostal PIKO inverteriu?<\/h2>\n\n<p>Nor\u0117dami su\u017einoti, ar esame suderinami, prijungsime kompiuter\u012f prie tos pa\u010dios vietin\u0117s tinklo ir nar\u0161ykl\u0117je \u012fvesime \u0161i\u0105 adres\u0105:&nbsp;<a href=\"http:\/\/192.168.x.x\/measurements.xml\" target=\"_blank\" rel=\"noreferrer noopener\">http:\/\/192.168.5.1:80\/measurements.xml<\/a>, pakeisdami IP adres\u0105 \u012f inverterio adres\u0105.<\/p>\n\n\n<hr class=\"wp-block-separator has-alpha-channel-opacity\"\/>\n\n\n<h2 class=\"wp-block-heading\">Kaip su\u017einoti Kostal PIKO IP adres\u0105?<\/h2>\n\n<p>Kostal PIKO IP adres\u0105 galima su\u017einoti \u012fvairiais b\u016bdais. Pagrindinis b\u016bdas b\u016bt\u0173 prisijungti prie m\u016bs\u0173 mar\u0161rutizatoriaus ir per\u017ei\u016br\u0117ti prijungt\u0173 \u012frengini\u0173 s\u0105ra\u0161\u0105. \u010cia tur\u0117t\u0173 pasirodyti Kostal IP adresas, taip pat ir Trydan. Taip pat galima su\u017einoti per kitus programin\u0117s \u012frangos sprendimus, tokius kaip PC programin\u0117 \u012franga \u201eAngry IP\u201c, Android program\u0117l\u0117 \u201eNetwork Ip Scanner\u201c arba Apple program\u0117l\u0117 \u201eIP Scanner\u201c.&nbsp;<\/p>\n\n\n<div class=\"wp-block-uagb-buttons uagb-buttons__outer-wrap uagb-btn__default-btn uagb-btn-tablet__default-btn uagb-btn-mobile__default-btn uagb-block-cff7e0d9\"><div class=\"uagb-buttons__wrap uagb-buttons-layout-wrap \"><div class=\"wp-block-uagb-buttons-child uagb-buttons__outer-wrap uagb-block-b3b0e0d0 wp-block-button\"><div class=\"uagb-button__wrapper\"><a class=\"uagb-buttons-repeater wp-block-button__link\" aria-label=\"\" href=\"https:\/\/v2charge.com\/lt\/como-buscar-la-ip-de-los-dispositivos-conectados-a-mi-red-local\/\" rel=\"follow noopener\" target=\"_self\" role=\"button\"><div class=\"uagb-button__link\">Kaip rasti IP adres\u0105 \u012frenginiams, prijungtiems prie mano vietinio tinklo?<\/div><\/a><\/div><\/div><\/div><\/div>\n\n\n<p>Auk\u0161\u010diau pateikto u\u017eklausimo atsakymas tur\u0117t\u0173 b\u016bti pana\u0161us \u012f \u0161i\u0105 nuotrauk\u0105:<\/p>\n\n\n<div class=\"wp-block-uagb-image aligncenter uagb-block-b1d2aad0 wp-block-uagb-image--layout-default wp-block-uagb-image--effect-static wp-block-uagb-image--align-center\"><figure class=\"wp-block-uagb-image__figure\"><img decoding=\"async\" srcset=\"https:\/\/v2charge.com\/wp-content\/uploads\/2023\/12\/ip-kostal-piko.jpeg ,https:\/\/v2charge.com\/wp-content\/uploads\/2023\/12\/ip-kostal-piko.jpeg 780w, https:\/\/v2charge.com\/wp-content\/uploads\/2023\/12\/ip-kostal-piko.jpeg 360w\" sizes=\"auto, (max-width: 480px) 150px\" src=\"https:\/\/v2charge.com\/wp-content\/uploads\/2023\/12\/ip-kostal-piko.jpeg\" alt=\"\" class=\"uag-image-129003\" width=\"959\" height=\"241\" title=\"\" loading=\"lazy\" role=\"img\"\/><\/figure><\/div>\n\n\n\n<hr class=\"wp-block-separator has-alpha-channel-opacity\"\/>\n\n\n<h2 class=\"wp-block-heading\">Kaip Kostal prijungiamas prie Trydan \u012fkrovimo ta\u0161ko?<\/h2>\n\n\n<div class=\"wp-block-uagb-container uagb-block-39b84a3d alignfull uagb-is-root-container\"><div class=\"uagb-container-inner-blocks-wrap\">\n<div class=\"wp-block-uagb-container uagb-block-26fb7b33 alignfull uagb-is-root-container\"><div class=\"uagb-container-inner-blocks-wrap\">\n<div class=\"wp-block-uagb-container uagb-block-85cc70cf\"><div class=\"wp-block-uagb-info-box uagb-block-87944ae9 uagb-infobox__content-wrap  uagb-infobox-icon-left uagb-infobox-left uagb-infobox-stacked-tablet uagb-infobox-image-valign-top\"><div class=\"uagb-ifb-image-content\"><img decoding=\"async\" src=\"https:\/\/v2charge.com\/wp-content\/uploads\/2023\/11\/numero-uno.png\" alt=\"\" width=\"48\" height=\"48\" loading=\"lazy\"\/><\/div><div class=\"uagb-ifb-content\"><div class=\"uagb-ifb-title-wrap\"><\/div><p class=\"uagb-ifb-desc\">Prisijunkite prie program\u0117l\u0117s <a href=\"https:\/\/v2charge.com\/lt\/v2c-cloud\/\">V2C Cloud<\/a><\/p><\/div><\/div>\n\n<div class=\"wp-block-uagb-info-box uagb-block-311fed58 uagb-infobox__content-wrap  uagb-infobox-icon-left uagb-infobox-left uagb-infobox-stacked-tablet uagb-infobox-image-valign-top\"><div class=\"uagb-ifb-image-content\"><img decoding=\"async\" src=\"https:\/\/v2charge.com\/wp-content\/uploads\/2023\/11\/numero-dos.png\" alt=\"\" width=\"48\" height=\"48\" loading=\"lazy\"\/><\/div><div class=\"uagb-ifb-content\"><div class=\"uagb-ifb-title-wrap\"><\/div><p class=\"uagb-ifb-desc\">Pasirinkite \u012fkrovimo ta\u0161k\u0105.<\/p><\/div><\/div>\n\n<div class=\"wp-block-uagb-info-box uagb-block-6d10e026 uagb-infobox__content-wrap  uagb-infobox-icon-left uagb-infobox-left uagb-infobox-stacked-tablet uagb-infobox-image-valign-top\"><div class=\"uagb-ifb-image-content\"><img decoding=\"async\" src=\"https:\/\/v2charge.com\/wp-content\/uploads\/2023\/11\/numero-tres.png\" alt=\"\" width=\"48\" height=\"48\" loading=\"lazy\"\/><\/div><div class=\"uagb-ifb-content\"><div class=\"uagb-ifb-title-wrap\"><\/div><p class=\"uagb-ifb-desc\">Pasiekite nustatym\u0173 skyri\u0173<\/p><\/div><\/div>\n\n<div class=\"wp-block-uagb-info-box uagb-block-f604bca7 uagb-infobox__content-wrap  uagb-infobox-icon-left uagb-infobox-left uagb-infobox-stacked-tablet uagb-infobox-image-valign-top\"><div class=\"uagb-ifb-image-content\"><img decoding=\"async\" src=\"https:\/\/v2charge.com\/wp-content\/uploads\/2023\/11\/numero-cuatro.png\" alt=\"\" width=\"48\" height=\"48\" loading=\"lazy\"\/><\/div><div class=\"uagb-ifb-content\"><div class=\"uagb-ifb-title-wrap\"><\/div><p class=\"uagb-ifb-desc\">Eikite \u012f <a href=\"https:\/\/v2charge.com\/lt\/soporte\/trydan\/control-dinamico-potencia\/\">Dinamini\u0173 Galingumo Kontrol\u0117<\/a> ir pasirinkite Kostal matuoklyje.<\/p><\/div><\/div>\n\n<div class=\"wp-block-uagb-info-box uagb-block-7ad446bd uagb-infobox__content-wrap  uagb-infobox-icon-left uagb-infobox-left uagb-infobox-stacked-tablet uagb-infobox-image-valign-top\"><div class=\"uagb-ifb-image-content\"><img decoding=\"async\" src=\"https:\/\/v2charge.com\/wp-content\/uploads\/2023\/12\/numero-5.png\" alt=\"\" width=\"48\" height=\"48\" loading=\"lazy\"\/><\/div><div class=\"uagb-ifb-content\"><div class=\"uagb-ifb-title-wrap\"><\/div><p class=\"uagb-ifb-desc\">Pasirinkite montavimo tip\u0105.<\/p><\/div><\/div><\/div>\n\n\n\n<div class=\"wp-block-uagb-container uagb-block-45a48f3d\">\n<div class=\"wp-block-uagb-image aligncenter uagb-block-a6f5a186 wp-block-uagb-image--layout-default wp-block-uagb-image--effect-static wp-block-uagb-image--align-center\"><figure class=\"wp-block-uagb-image__figure\"><img decoding=\"async\" srcset=\"https:\/\/v2charge.com\/wp-content\/uploads\/2024\/01\/kostal-piko-inversor.jpg ,https:\/\/v2charge.com\/wp-content\/uploads\/2024\/01\/kostal-piko-inversor.jpg 780w, https:\/\/v2charge.com\/wp-content\/uploads\/2024\/01\/kostal-piko-inversor.jpg 360w\" sizes=\"auto, (max-width: 480px) 150px\" src=\"https:\/\/v2charge.com\/wp-content\/uploads\/2024\/01\/kostal-piko-inversor.jpg\" alt=\"\" class=\"uag-image-133262\" width=\"400\" height=\"684\" title=\"\" loading=\"lazy\" role=\"img\"\/><\/figure><\/div>\n<\/div>\n<\/div><\/div>\n<\/div><\/div>\n<\/div><\/div>\n\n\n\n<div class=\"wp-block-uagb-container uagb-block-c6f38013 alignfull uagb-is-root-container\"><div class=\"uagb-container-inner-blocks-wrap\"><div class=\"wp-block-uagb-advanced-heading uagb-block-6963d70c\"><h2 class=\"uagb-heading-text\"><strong>Ar jums reikia technin\u0117s pagalbos?<\/strong><\/h2><\/div>\n\n<div class=\"wp-block-uagb-advanced-heading uagb-block-408243eb\"><p class=\"uagb-heading-text\">Sukurkite u\u017eklaus\u0105 Technin\u0117s pagalbos centre ir mes susisieksime su jumis kuo grei\u010diau, kad pasi\u016blytume geriausi\u0105 sprendim\u0105.<\/p><\/div>\n\n\n<div class=\"wp-block-uagb-buttons uagb-buttons__outer-wrap uagb-btn__default-btn uagb-btn-tablet__default-btn uagb-btn-mobile__default-btn uagb-block-ba1e67d1\"><div class=\"uagb-buttons__wrap uagb-buttons-layout-wrap \"><div class=\"wp-block-uagb-buttons-child uagb-buttons__outer-wrap uagb-block-23cfb623 wp-block-button\"><div class=\"uagb-button__wrapper\"><a class=\"uagb-buttons-repeater wp-block-button__link\" aria-label=\"\" href=\"https:\/\/v2charge.atlassian.net\/servicedesk\/customer\/portal\/3\" rel=\"follow noopener\" target=\"_self\" role=\"button\"><div class=\"uagb-button__link\">Susisiekti su Technine Pagalba<\/div><\/a><\/div><\/div><\/div><\/div>\n<\/div><\/div>\n","protected":false},"excerpt":{"rendered":"<p>Kostal PIKO prijungimas prie Trydan Kostal PIKO prijungimas prie Trydan vyksta per HTTP u\u017eklausas, tod\u0117l m\u016bs\u0173 inverteris turi b\u016bti suderinamas. I\u0161 esm\u0117s, visi Kostal PIKO inverteriai yra suderinami. Jei taip n\u0117ra, rekomenduojame atnaujinti programin\u0117s \u012frangos versij\u0105 iki naujausios galimos versijos. Wi-Fi&nbsp;repeateri\u0173&nbsp;ar&nbsp;mesh tinkl\u0173&nbsp;naudojimas gali paveikti sistemos veikim\u0105. Rekomenduojame naudoti&nbsp;stabil\u0173 Wi-Fi tinkl\u0105&nbsp;ir tiesiogin\u012f&nbsp;ry\u0161\u012f, kad u\u017etikrintum\u0117te optimal\u0173 ry\u0161\u012f &#8230; <a title=\"Kostal PIKO prijungimas su Trydan\" class=\"read-more\" href=\"https:\/\/v2charge.com\/lt\/kostal-piko-prijungimas-su-trydan\/\" aria-label=\"Read more about Kostal PIKO prijungimas su Trydan\">Read more<\/a><\/p>\n","protected":false},"author":1,"featured_media":170354,"parent":0,"menu_order":0,"comment_status":"closed","ping_status":"closed","template":"","meta":{"_eb_attr":"","content-type":"","_uag_custom_page_level_css":"","footnotes":""},"class_list":["post-325013","page","type-page","status-publish","has-post-thumbnail"],"yoast_head":"<!-- This site is optimized with the Yoast SEO plugin v25.3.1 - https:\/\/yoast.com\/wordpress\/plugins\/seo\/ -->\n<title>Kostal PIKO prijungimas su Trydan - V2C<\/title>\n<meta name=\"description\" content=\"Kostal PIKO prijungimas prie Trydan vyksta per HTTP u\u017eklausas, tod\u0117l m\u016bs\u0173 inverteris turi b\u016bti suderinamas.\" \/>\n<meta name=\"robots\" content=\"index, follow, max-snippet:-1, max-image-preview:large, max-video-preview:-1\" \/>\n<link rel=\"canonical\" href=\"https:\/\/v2charge.com\/lt\/soporte\/trydan\/integracion-fotovoltaica\/inversor-kostal-piko\/\" \/>\n<meta property=\"og:locale\" content=\"lt_LT\" \/>\n<meta property=\"og:type\" content=\"article\" \/>\n<meta property=\"og:title\" content=\"Kostal PIKO prijungimas su Trydan - V2C\" \/>\n<meta property=\"og:description\" content=\"Kostal PIKO prijungimas prie Trydan vyksta per HTTP u\u017eklausas, tod\u0117l m\u016bs\u0173 inverteris turi b\u016bti suderinamas.\" \/>\n<meta property=\"og:url\" content=\"https:\/\/v2charge.com\/lt\/soporte\/trydan\/integracion-fotovoltaica\/inversor-kostal-piko\/\" \/>\n<meta property=\"og:site_name\" content=\"V2C\" \/>\n<meta property=\"article:publisher\" content=\"https:\/\/www.facebook.com\/V2C.Charge\" \/>\n<meta property=\"article:modified_time\" content=\"2025-07-18T12:00:55+00:00\" \/>\n<meta property=\"og:image\" content=\"https:\/\/v2charge.com\/wp-content\/uploads\/2024\/07\/v2c-electric-chargers.jpg\" \/>\n\t<meta property=\"og:image:width\" content=\"1200\" \/>\n\t<meta property=\"og:image:height\" content=\"675\" \/>\n\t<meta property=\"og:image:type\" content=\"image\/jpeg\" \/>\n<meta name=\"twitter:card\" content=\"summary_large_image\" \/>\n<meta name=\"twitter:site\" content=\"@V2C_Charge\" \/>\n<meta name=\"twitter:label1\" content=\"Est. reading time\" \/>\n\t<meta name=\"twitter:data1\" content=\"4 minut\u0117s\" \/>\n<script type=\"application\/ld+json\" class=\"yoast-schema-graph\">{\"@context\":\"https:\/\/schema.org\",\"@graph\":[{\"@type\":\"WebPage\",\"@id\":\"https:\/\/v2charge.com\/lt\/kostal-piko-prijungimas-su-trydan\/\",\"url\":\"https:\/\/v2charge.com\/lt\/soporte\/trydan\/integracion-fotovoltaica\/inversor-kostal-piko\/\",\"name\":\"Kostal PIKO prijungimas su Trydan - V2C\",\"isPartOf\":{\"@id\":\"https:\/\/v2charge.com\/lt\/#website\"},\"primaryImageOfPage\":{\"@id\":\"https:\/\/v2charge.com\/lt\/soporte\/trydan\/integracion-fotovoltaica\/inversor-kostal-piko\/#primaryimage\"},\"image\":{\"@id\":\"https:\/\/v2charge.com\/lt\/soporte\/trydan\/integracion-fotovoltaica\/inversor-kostal-piko\/#primaryimage\"},\"thumbnailUrl\":\"https:\/\/v2charge.com\/wp-content\/uploads\/2024\/07\/v2c-electric-chargers.jpg\",\"datePublished\":\"2023-01-24T15:06:03+00:00\",\"dateModified\":\"2025-07-18T12:00:55+00:00\",\"description\":\"Kostal PIKO prijungimas prie Trydan vyksta per HTTP u\u017eklausas, tod\u0117l m\u016bs\u0173 inverteris turi b\u016bti suderinamas.\",\"breadcrumb\":{\"@id\":\"https:\/\/v2charge.com\/lt\/soporte\/trydan\/integracion-fotovoltaica\/inversor-kostal-piko\/#breadcrumb\"},\"inLanguage\":\"lt-LT\",\"potentialAction\":[{\"@type\":\"ReadAction\",\"target\":[\"https:\/\/v2charge.com\/lt\/soporte\/trydan\/integracion-fotovoltaica\/inversor-kostal-piko\/\"]}]},{\"@type\":\"ImageObject\",\"inLanguage\":\"lt-LT\",\"@id\":\"https:\/\/v2charge.com\/lt\/soporte\/trydan\/integracion-fotovoltaica\/inversor-kostal-piko\/#primaryimage\",\"url\":\"https:\/\/v2charge.com\/wp-content\/uploads\/2024\/07\/v2c-electric-chargers.jpg\",\"contentUrl\":\"https:\/\/v2charge.com\/wp-content\/uploads\/2024\/07\/v2c-electric-chargers.jpg\",\"width\":1200,\"height\":675,\"caption\":\"V2C Electric Chargers\"},{\"@type\":\"BreadcrumbList\",\"@id\":\"https:\/\/v2charge.com\/lt\/soporte\/trydan\/integracion-fotovoltaica\/inversor-kostal-piko\/#breadcrumb\",\"itemListElement\":[{\"@type\":\"ListItem\",\"position\":1,\"name\":\"V2C\",\"item\":\"https:\/\/v2charge.com\/lt\/\"},{\"@type\":\"ListItem\",\"position\":2,\"name\":\"Kostal PIKO prijungimas su Trydan\"}]},{\"@type\":\"WebSite\",\"@id\":\"https:\/\/v2charge.com\/lt\/#website\",\"url\":\"https:\/\/v2charge.com\/lt\/\",\"name\":\"V2C\",\"description\":\"#CargandoElMa\u00f1ana\",\"publisher\":{\"@id\":\"https:\/\/v2charge.com\/lt\/#organization\"},\"potentialAction\":[{\"@type\":\"SearchAction\",\"target\":{\"@type\":\"EntryPoint\",\"urlTemplate\":\"https:\/\/v2charge.com\/lt\/?s={search_term_string}\"},\"query-input\":{\"@type\":\"PropertyValueSpecification\",\"valueRequired\":true,\"valueName\":\"search_term_string\"}}],\"inLanguage\":\"lt-LT\"},{\"@type\":\"Organization\",\"@id\":\"https:\/\/v2charge.com\/lt\/#organization\",\"name\":\"V2C\",\"url\":\"https:\/\/v2charge.com\/lt\/\",\"logo\":{\"@type\":\"ImageObject\",\"inLanguage\":\"lt-LT\",\"@id\":\"https:\/\/v2charge.com\/lt\/#\/schema\/logo\/image\/\",\"url\":\"https:\/\/v2charge.com\/wp-content\/uploads\/2024\/11\/cropped-v2c-charge-logo-menu.png\",\"contentUrl\":\"https:\/\/v2charge.com\/wp-content\/uploads\/2024\/11\/cropped-v2c-charge-logo-menu.png\",\"width\":984,\"height\":431,\"caption\":\"V2C\"},\"image\":{\"@id\":\"https:\/\/v2charge.com\/lt\/#\/schema\/logo\/image\/\"},\"sameAs\":[\"https:\/\/www.facebook.com\/V2C.Charge\",\"https:\/\/x.com\/V2C_Charge\",\"https:\/\/www.instagram.com\/v2c.charge\/\",\"https:\/\/www.youtube.com\/@V2C\",\"https:\/\/www.linkedin.com\/company\/v2c-chargers\/\"]}]}<\/script>\n<!-- \/ Yoast SEO plugin. -->","yoast_head_json":{"title":"Kostal PIKO prijungimas su Trydan - V2C","description":"Kostal PIKO prijungimas prie Trydan vyksta per HTTP u\u017eklausas, tod\u0117l m\u016bs\u0173 inverteris turi b\u016bti suderinamas.","robots":{"index":"index","follow":"follow","max-snippet":"max-snippet:-1","max-image-preview":"max-image-preview:large","max-video-preview":"max-video-preview:-1"},"canonical":"https:\/\/v2charge.com\/lt\/soporte\/trydan\/integracion-fotovoltaica\/inversor-kostal-piko\/","og_locale":"lt_LT","og_type":"article","og_title":"Kostal PIKO prijungimas su Trydan - V2C","og_description":"Kostal PIKO prijungimas prie Trydan vyksta per HTTP u\u017eklausas, tod\u0117l m\u016bs\u0173 inverteris turi b\u016bti suderinamas.","og_url":"https:\/\/v2charge.com\/lt\/soporte\/trydan\/integracion-fotovoltaica\/inversor-kostal-piko\/","og_site_name":"V2C","article_publisher":"https:\/\/www.facebook.com\/V2C.Charge","article_modified_time":"2025-07-18T12:00:55+00:00","og_image":[{"width":1200,"height":675,"url":"https:\/\/v2charge.com\/wp-content\/uploads\/2024\/07\/v2c-electric-chargers.jpg","type":"image\/jpeg"}],"twitter_card":"summary_large_image","twitter_site":"@V2C_Charge","twitter_misc":{"Est. reading time":"4 minut\u0117s"},"schema":{"@context":"https:\/\/schema.org","@graph":[{"@type":"WebPage","@id":"https:\/\/v2charge.com\/lt\/kostal-piko-prijungimas-su-trydan\/","url":"https:\/\/v2charge.com\/lt\/soporte\/trydan\/integracion-fotovoltaica\/inversor-kostal-piko\/","name":"Kostal PIKO prijungimas su Trydan - V2C","isPartOf":{"@id":"https:\/\/v2charge.com\/lt\/#website"},"primaryImageOfPage":{"@id":"https:\/\/v2charge.com\/lt\/soporte\/trydan\/integracion-fotovoltaica\/inversor-kostal-piko\/#primaryimage"},"image":{"@id":"https:\/\/v2charge.com\/lt\/soporte\/trydan\/integracion-fotovoltaica\/inversor-kostal-piko\/#primaryimage"},"thumbnailUrl":"https:\/\/v2charge.com\/wp-content\/uploads\/2024\/07\/v2c-electric-chargers.jpg","datePublished":"2023-01-24T15:06:03+00:00","dateModified":"2025-07-18T12:00:55+00:00","description":"Kostal PIKO prijungimas prie Trydan vyksta per HTTP u\u017eklausas, tod\u0117l m\u016bs\u0173 inverteris turi b\u016bti suderinamas.","breadcrumb":{"@id":"https:\/\/v2charge.com\/lt\/soporte\/trydan\/integracion-fotovoltaica\/inversor-kostal-piko\/#breadcrumb"},"inLanguage":"lt-LT","potentialAction":[{"@type":"ReadAction","target":["https:\/\/v2charge.com\/lt\/soporte\/trydan\/integracion-fotovoltaica\/inversor-kostal-piko\/"]}]},{"@type":"ImageObject","inLanguage":"lt-LT","@id":"https:\/\/v2charge.com\/lt\/soporte\/trydan\/integracion-fotovoltaica\/inversor-kostal-piko\/#primaryimage","url":"https:\/\/v2charge.com\/wp-content\/uploads\/2024\/07\/v2c-electric-chargers.jpg","contentUrl":"https:\/\/v2charge.com\/wp-content\/uploads\/2024\/07\/v2c-electric-chargers.jpg","width":1200,"height":675,"caption":"V2C Electric Chargers"},{"@type":"BreadcrumbList","@id":"https:\/\/v2charge.com\/lt\/soporte\/trydan\/integracion-fotovoltaica\/inversor-kostal-piko\/#breadcrumb","itemListElement":[{"@type":"ListItem","position":1,"name":"V2C","item":"https:\/\/v2charge.com\/lt\/"},{"@type":"ListItem","position":2,"name":"Kostal PIKO prijungimas su Trydan"}]},{"@type":"WebSite","@id":"https:\/\/v2charge.com\/lt\/#website","url":"https:\/\/v2charge.com\/lt\/","name":"V2C","description":"#CargandoElMa\u00f1ana","publisher":{"@id":"https:\/\/v2charge.com\/lt\/#organization"},"potentialAction":[{"@type":"SearchAction","target":{"@type":"EntryPoint","urlTemplate":"https:\/\/v2charge.com\/lt\/?s={search_term_string}"},"query-input":{"@type":"PropertyValueSpecification","valueRequired":true,"valueName":"search_term_string"}}],"inLanguage":"lt-LT"},{"@type":"Organization","@id":"https:\/\/v2charge.com\/lt\/#organization","name":"V2C","url":"https:\/\/v2charge.com\/lt\/","logo":{"@type":"ImageObject","inLanguage":"lt-LT","@id":"https:\/\/v2charge.com\/lt\/#\/schema\/logo\/image\/","url":"https:\/\/v2charge.com\/wp-content\/uploads\/2024\/11\/cropped-v2c-charge-logo-menu.png","contentUrl":"https:\/\/v2charge.com\/wp-content\/uploads\/2024\/11\/cropped-v2c-charge-logo-menu.png","width":984,"height":431,"caption":"V2C"},"image":{"@id":"https:\/\/v2charge.com\/lt\/#\/schema\/logo\/image\/"},"sameAs":["https:\/\/www.facebook.com\/V2C.Charge","https:\/\/x.com\/V2C_Charge","https:\/\/www.instagram.com\/v2c.charge\/","https:\/\/www.youtube.com\/@V2C","https:\/\/www.linkedin.com\/company\/v2c-chargers\/"]}]}},"uagb_featured_image_src":{"full":["https:\/\/v2charge.com\/wp-content\/uploads\/2024\/07\/v2c-electric-chargers.jpg",1200,675,false],"thumbnail":["https:\/\/v2charge.com\/wp-content\/uploads\/2024\/07\/v2c-electric-chargers-150x150.jpg",150,150,true],"medium":["https:\/\/v2charge.com\/wp-content\/uploads\/2024\/07\/v2c-electric-chargers-300x169.jpg",300,169,true],"medium_large":["https:\/\/v2charge.com\/wp-content\/uploads\/2024\/07\/v2c-electric-chargers-768x432.jpg",768,432,true],"large":["https:\/\/v2charge.com\/wp-content\/uploads\/2024\/07\/v2c-electric-chargers-1024x576.jpg",1024,576,true],"gs-tiny":["https:\/\/v2charge.com\/wp-content\/uploads\/2024\/07\/v2c-electric-chargers.jpg",50,28,false],"xl":["https:\/\/v2charge.com\/wp-content\/uploads\/2024\/07\/v2c-electric-chargers.jpg",1200,675,false],"xxl":["https:\/\/v2charge.com\/wp-content\/uploads\/2024\/07\/v2c-electric-chargers.jpg",1200,675,false],"xxxl":["https:\/\/v2charge.com\/wp-content\/uploads\/2024\/07\/v2c-electric-chargers.jpg",1200,675,false],"xxxxl":["https:\/\/v2charge.com\/wp-content\/uploads\/2024\/07\/v2c-electric-chargers.jpg",1200,675,false],"xxxxxl":["https:\/\/v2charge.com\/wp-content\/uploads\/2024\/07\/v2c-electric-chargers.jpg",1200,675,false],"1536x1536":["https:\/\/v2charge.com\/wp-content\/uploads\/2024\/07\/v2c-electric-chargers.jpg",1200,675,false],"2048x2048":["https:\/\/v2charge.com\/wp-content\/uploads\/2024\/07\/v2c-electric-chargers.jpg",1200,675,false]},"uagb_author_info":{"display_name":"V2C","author_link":"https:\/\/v2charge.com\/lt\/author\/root_k4eu7ki8\/"},"uagb_comment_info":0,"uagb_excerpt":"Kostal PIKO prijungimas prie Trydan Kostal PIKO prijungimas prie Trydan vyksta per HTTP u\u017eklausas, tod\u0117l m\u016bs\u0173 inverteris turi b\u016bti suderinamas. I\u0161 esm\u0117s, visi Kostal PIKO inverteriai yra suderinami. Jei taip n\u0117ra, rekomenduojame atnaujinti programin\u0117s \u012frangos versij\u0105 iki naujausios galimos versijos. Wi-Fi&nbsp;repeateri\u0173&nbsp;ar&nbsp;mesh tinkl\u0173&nbsp;naudojimas gali paveikti sistemos veikim\u0105. Rekomenduojame naudoti&nbsp;stabil\u0173 Wi-Fi tinkl\u0105&nbsp;ir tiesiogin\u012f&nbsp;ry\u0161\u012f, kad u\u017etikrintum\u0117te optimal\u0173 ry\u0161\u012f&hellip;","_links":{"self":[{"href":"https:\/\/v2charge.com\/lt\/wp-json\/wp\/v2\/pages\/325013","targetHints":{"allow":["GET"]}}],"collection":[{"href":"https:\/\/v2charge.com\/lt\/wp-json\/wp\/v2\/pages"}],"about":[{"href":"https:\/\/v2charge.com\/lt\/wp-json\/wp\/v2\/types\/page"}],"author":[{"embeddable":true,"href":"https:\/\/v2charge.com\/lt\/wp-json\/wp\/v2\/users\/1"}],"replies":[{"embeddable":true,"href":"https:\/\/v2charge.com\/lt\/wp-json\/wp\/v2\/comments?post=325013"}],"version-history":[{"count":0,"href":"https:\/\/v2charge.com\/lt\/wp-json\/wp\/v2\/pages\/325013\/revisions"}],"wp:featuredmedia":[{"embeddable":true,"href":"https:\/\/v2charge.com\/lt\/wp-json\/wp\/v2\/media\/170354"}],"wp:attachment":[{"href":"https:\/\/v2charge.com\/lt\/wp-json\/wp\/v2\/media?parent=325013"}],"curies":[{"name":"wp","href":"https:\/\/api.w.org\/{rel}","templated":true}]}}