{"id":325023,"date":"2023-07-12T13:58:30","date_gmt":"2023-07-12T13:58:30","guid":{"rendered":""},"modified":"2023-07-14T11:18:58","modified_gmt":"2023-07-14T11:18:58","slug":"susiekite-google-home-su-savo-krovikliu","status":"publish","type":"page","link":"https:\/\/v2charge.com\/lt\/susiekite-google-home-su-savo-krovikliu\/","title":{"rendered":"Susiekite Google Home su savo \u012fkrovikliu"},"content":{"rendered":"\n<div style=\"height:60px\" aria-hidden=\"true\" class=\"wp-block-spacer\"><\/div>\n\n\n<h1 class=\"wp-block-heading\">Susiekite Google Home su savo \u012fkrovikliu<\/h1>\n\n<p>Trydan \u012fkrovimo ta\u0161kas gali prisijungti prie i\u0161mani\u0173j\u0173 \u012frengini\u0173, toki\u0173 kaip Google Home.<\/p>\n\n<h2 class=\"wp-block-heading\">Prie\u0161 tai<\/h2>\n\n<p>Prie\u0161 prijungdami savo \u012fkrovikl\u012f prie savo Google Home \u012frenginio, turite tur\u0117ti \u012fdiegt\u0105 Google Home program\u0117l\u0119 savo mobiliajame telefone. Eikite \u012f App Store (iOS) arba Google Play (Android) ir ie\u0161kokite &#8216;Google Home&#8217;, kad atsisi\u0173stum\u0117te program\u0117l\u0119.<\/p>\n\n\n<div class=\"wp-block-uagb-container uagb-block-4e29f302 alignfull uagb-is-root-container\"><div class=\"uagb-container-inner-blocks-wrap\">\n<div class=\"wp-block-uagb-container uagb-block-906101be\"><div class=\"wp-block-uagb-image aligncenter uagb-block-63d2556d wp-block-uagb-image--layout-default wp-block-uagb-image--effect-static wp-block-uagb-image--align-center\"><figure class=\"wp-block-uagb-image__figure\"><img decoding=\"async\" srcset=\"https:\/\/v2charge.com\/wp-content\/uploads\/2023\/07\/descarga-google-home.jpg \" sizes=\"auto, (max-width: 480px) 150px\" src=\"https:\/\/v2charge.com\/wp-content\/uploads\/2023\/07\/descarga-google-home.jpg\" alt=\"\" class=\"uag-image-110536\" width=\"400\" height=\"560\" title=\"\" loading=\"lazy\"\/><figcaption class=\"uagb-image-caption\">Ie\u0161kokite program\u0117l\u0117s ir paspauskite &#8216;gauti&#8217;.<\/figcaption><\/figure><\/div><\/div>\n<\/div><\/div>\n\n\n\n<div style=\"height:50px\" aria-hidden=\"true\" class=\"wp-block-spacer\"><\/div>\n\n\n<h2 class=\"wp-block-heading\">Susiekite savo V2C Cloud paskyr\u0105 su Google Home<\/h2>\n\n\n<div class=\"wp-block-uagb-container uagb-block-94cd315b alignfull uagb-is-root-container\"><div class=\"uagb-container-inner-blocks-wrap\">\n<div class=\"wp-block-uagb-container uagb-block-2746b2b1\"><div class=\"wp-block-uagb-image uagb-block-9d22b119 wp-block-uagb-image--layout-default wp-block-uagb-image--effect-static wp-block-uagb-image--align-none\"><figure class=\"wp-block-uagb-image__figure\"><img decoding=\"async\" srcset=\"https:\/\/v2charge.com\/wp-content\/uploads\/2023\/07\/anadir-dispositivo-google-home.jpg \" sizes=\"auto, (max-width: 480px) 150px\" src=\"https:\/\/v2charge.com\/wp-content\/uploads\/2023\/07\/anadir-dispositivo-google-home.jpg\" alt=\"\" class=\"uag-image-110568\" width=\"400\" height=\"560\" title=\"\" loading=\"lazy\"\/><figcaption class=\"uagb-image-caption\">1. Eikite \u012f &#8216;\u012erenginiai&#8217; skirtuk\u0105 <br>apa\u010dioje ir paspauskite &#8216;Prid\u0117ti&#8217;.<\/figcaption><\/figure><\/div><\/div>\n\n\n\n<div class=\"wp-block-uagb-container uagb-block-d5f68e50\"><div class=\"wp-block-uagb-image uagb-block-c0ed680a wp-block-uagb-image--layout-default wp-block-uagb-image--effect-static wp-block-uagb-image--align-none\"><figure class=\"wp-block-uagb-image__figure\"><img decoding=\"async\" srcset=\"https:\/\/v2charge.com\/wp-content\/uploads\/2023\/07\/configurar-dispositivo-google-home.jpg \" sizes=\"auto, (max-width: 480px) 150px\" src=\"https:\/\/v2charge.com\/wp-content\/uploads\/2023\/07\/configurar-dispositivo-google-home.jpg\" alt=\"\" class=\"uag-image-110577\" width=\"400\" height=\"560\" title=\"\" loading=\"lazy\"\/><figcaption class=\"uagb-image-caption\">2. Pasirinkite parinkt\u012f<br> &#8216;Veikia su Google&#8217;.<\/figcaption><\/figure><\/div><\/div>\n\n\n\n<div class=\"wp-block-uagb-container uagb-block-6c252685\"><div class=\"wp-block-uagb-image uagb-block-ebec98cb wp-block-uagb-image--layout-default wp-block-uagb-image--effect-static wp-block-uagb-image--align-none\"><figure class=\"wp-block-uagb-image__figure\"><img decoding=\"async\" srcset=\"https:\/\/v2charge.com\/wp-content\/uploads\/2023\/07\/v2c.jpg \" sizes=\"auto, (max-width: 480px) 150px\" src=\"https:\/\/v2charge.com\/wp-content\/uploads\/2023\/07\/v2c.jpg\" alt=\"\" class=\"uag-image-113442\" width=\"400\" height=\"560\" title=\"\" loading=\"lazy\"\/><figcaption class=\"uagb-image-caption\">3. \u012eveskite &#8216;V2C&#8217; <br>paie\u0161kos laukelyje.<\/figcaption><\/figure><\/div><\/div>\n<\/div><\/div>\n\n\n\n<div class=\"wp-block-uagb-container uagb-block-3e52c1b3 alignfull uagb-is-root-container\"><div class=\"uagb-container-inner-blocks-wrap\">\n<div class=\"wp-block-uagb-container uagb-block-32573786\"><div class=\"wp-block-uagb-image uagb-block-a0188092 wp-block-uagb-image--layout-default wp-block-uagb-image--effect-static wp-block-uagb-image--align-none\"><figure class=\"wp-block-uagb-image__figure\"><img decoding=\"async\" srcset=\"https:\/\/v2charge.com\/wp-content\/uploads\/2023\/07\/vincular-v2c-google-home.jpg \" sizes=\"auto, (max-width: 480px) 150px\" src=\"https:\/\/v2charge.com\/wp-content\/uploads\/2023\/07\/vincular-v2c-google-home.jpg\" alt=\"\" class=\"uag-image-110595\" width=\"400\" height=\"560\" title=\"\" loading=\"lazy\"\/><figcaption class=\"uagb-image-caption\">4. Prisijunkite su ta pa\u010dia <br>V2C Cloud <br>paskyra.<\/figcaption><\/figure><\/div><\/div>\n\n\n\n<div class=\"wp-block-uagb-container uagb-block-8100ad2c\"><div class=\"wp-block-uagb-image uagb-block-a346fd8a wp-block-uagb-image--layout-default wp-block-uagb-image--effect-static wp-block-uagb-image--align-none\"><figure class=\"wp-block-uagb-image__figure\"><img decoding=\"async\" srcset=\"https:\/\/v2charge.com\/wp-content\/uploads\/2023\/07\/dispositivos-google-home.jpg \" sizes=\"auto, (max-width: 480px) 150px\" src=\"https:\/\/v2charge.com\/wp-content\/uploads\/2023\/07\/dispositivos-google-home.jpg\" alt=\"\" class=\"uag-image-110604\" width=\"400\" height=\"560\" title=\"\" loading=\"lazy\"\/><figcaption class=\"uagb-image-caption\">5. Gr\u012f\u017ekite \u012f &#8216;\u012erenginiai&#8217; skirtuk\u0105 ir <br>patikrinkite, ar jis buvo teisingai susietas.<\/figcaption><\/figure><\/div><\/div>\n<\/div><\/div>\n\n\n<p>Dabar, kai jau atlikote susiejim\u0105, susipa\u017einkite su <a href=\"https:\/\/v2charge.com\/lt\/comandos-funcionales-google-home\/\">Google Home funkcionaliais komandomis, kad valdytum\u0117te savo \u012fkrovikl\u012f.<\/a><\/p>\n\n\n<div style=\"height:100px\" aria-hidden=\"true\" class=\"wp-block-spacer\"><\/div>\n","protected":false},"excerpt":{"rendered":"<p>Susiekite Google Home su savo \u012fkrovikliu Trydan \u012fkrovimo ta\u0161kas gali prisijungti prie i\u0161mani\u0173j\u0173 \u012frengini\u0173, toki\u0173 kaip Google Home. Prie\u0161 tai Prie\u0161 prijungdami savo \u012fkrovikl\u012f prie savo Google Home \u012frenginio, turite tur\u0117ti \u012fdiegt\u0105 Google Home program\u0117l\u0119 savo mobiliajame telefone. Eikite \u012f App Store (iOS) arba Google Play (Android) ir ie\u0161kokite &#8216;Google Home&#8217;, kad atsisi\u0173stum\u0117te program\u0117l\u0119. Susiekite &#8230; <a title=\"Susiekite Google Home su savo \u012fkrovikliu\" class=\"read-more\" href=\"https:\/\/v2charge.com\/lt\/susiekite-google-home-su-savo-krovikliu\/\" aria-label=\"Read more about Susiekite Google Home su savo \u012fkrovikliu\">Read more<\/a><\/p>\n","protected":false},"author":400,"featured_media":170354,"parent":0,"menu_order":0,"comment_status":"closed","ping_status":"closed","template":"","meta":{"_eb_attr":"","content-type":"","_uag_custom_page_level_css":"","footnotes":""},"class_list":["post-325023","page","type-page","status-publish","has-post-thumbnail"],"yoast_head":"<!-- This site is optimized with the Yoast SEO plugin v25.3.1 - https:\/\/yoast.com\/wordpress\/plugins\/seo\/ -->\n<title>Susiekite savo \u012fkrovikl\u012f su Google Home - Ry\u0161ys | V2C<\/title>\n<meta name=\"description\" content=\"Trydan \u012fkrovimo ta\u0161kas gali prisijungti prie i\u0161mani\u0173j\u0173 \u012frengini\u0173, toki\u0173 kaip Google Home. Sujunk savo \u012fkrovikl\u012f ir valdyk savo e-Charger.\" \/>\n<meta name=\"robots\" content=\"index, follow, max-snippet:-1, max-image-preview:large, max-video-preview:-1\" \/>\n<link rel=\"canonical\" href=\"https:\/\/v2charge.com\/lt\/modos-de-funcionamiento-fotovoltaico\/\" \/>\n<meta property=\"og:locale\" content=\"lt_LT\" \/>\n<meta property=\"og:type\" content=\"article\" \/>\n<meta property=\"og:title\" content=\"Susiekite savo \u012fkrovikl\u012f su Google Home - Ry\u0161ys | V2C\" \/>\n<meta property=\"og:description\" content=\"Trydan \u012fkrovimo ta\u0161kas gali prisijungti prie i\u0161mani\u0173j\u0173 \u012frengini\u0173, toki\u0173 kaip Google Home. Sujunk savo \u012fkrovikl\u012f ir valdyk savo e-Charger.\" \/>\n<meta property=\"og:url\" content=\"https:\/\/v2charge.com\/lt\/modos-de-funcionamiento-fotovoltaico\/\" \/>\n<meta property=\"og:site_name\" content=\"V2C\" \/>\n<meta property=\"article:publisher\" content=\"https:\/\/www.facebook.com\/V2C.Charge\" \/>\n<meta property=\"article:modified_time\" content=\"2023-07-14T11:18:58+00:00\" \/>\n<meta property=\"og:image\" content=\"https:\/\/v2charge.com\/wp-content\/uploads\/2024\/07\/v2c-electric-chargers.jpg\" \/>\n\t<meta property=\"og:image:width\" content=\"1200\" \/>\n\t<meta property=\"og:image:height\" content=\"675\" \/>\n\t<meta property=\"og:image:type\" content=\"image\/jpeg\" \/>\n<meta name=\"twitter:card\" content=\"summary_large_image\" \/>\n<meta name=\"twitter:site\" content=\"@V2C_Charge\" \/>\n<meta name=\"twitter:label1\" content=\"Est. reading time\" \/>\n\t<meta name=\"twitter:data1\" content=\"2 minut\u0117s\" \/>\n<script type=\"application\/ld+json\" class=\"yoast-schema-graph\">{\"@context\":\"https:\/\/schema.org\",\"@graph\":[{\"@type\":\"WebPage\",\"@id\":\"https:\/\/v2charge.com\/lt\/susiekite-google-home-su-savo-krovikliu\/\",\"url\":\"https:\/\/v2charge.com\/lt\/modos-de-funcionamiento-fotovoltaico\/\",\"name\":\"Susiekite savo \u012fkrovikl\u012f su Google Home - Ry\u0161ys | V2C\",\"isPartOf\":{\"@id\":\"https:\/\/v2charge.com\/lt\/#website\"},\"primaryImageOfPage\":{\"@id\":\"https:\/\/v2charge.com\/lt\/modos-de-funcionamiento-fotovoltaico\/#primaryimage\"},\"image\":{\"@id\":\"https:\/\/v2charge.com\/lt\/modos-de-funcionamiento-fotovoltaico\/#primaryimage\"},\"thumbnailUrl\":\"https:\/\/v2charge.com\/wp-content\/uploads\/2024\/07\/v2c-electric-chargers.jpg\",\"datePublished\":\"2023-07-12T13:58:30+00:00\",\"dateModified\":\"2023-07-14T11:18:58+00:00\",\"description\":\"Trydan \u012fkrovimo ta\u0161kas gali prisijungti prie i\u0161mani\u0173j\u0173 \u012frengini\u0173, toki\u0173 kaip Google Home. Sujunk savo \u012fkrovikl\u012f ir valdyk savo e-Charger.\",\"breadcrumb\":{\"@id\":\"https:\/\/v2charge.com\/lt\/modos-de-funcionamiento-fotovoltaico\/#breadcrumb\"},\"inLanguage\":\"lt-LT\",\"potentialAction\":[{\"@type\":\"ReadAction\",\"target\":[\"https:\/\/v2charge.com\/lt\/modos-de-funcionamiento-fotovoltaico\/\"]}]},{\"@type\":\"ImageObject\",\"inLanguage\":\"lt-LT\",\"@id\":\"https:\/\/v2charge.com\/lt\/modos-de-funcionamiento-fotovoltaico\/#primaryimage\",\"url\":\"https:\/\/v2charge.com\/wp-content\/uploads\/2024\/07\/v2c-electric-chargers.jpg\",\"contentUrl\":\"https:\/\/v2charge.com\/wp-content\/uploads\/2024\/07\/v2c-electric-chargers.jpg\",\"width\":1200,\"height\":675,\"caption\":\"V2C Electric Chargers\"},{\"@type\":\"BreadcrumbList\",\"@id\":\"https:\/\/v2charge.com\/lt\/modos-de-funcionamiento-fotovoltaico\/#breadcrumb\",\"itemListElement\":[{\"@type\":\"ListItem\",\"position\":1,\"name\":\"V2C\",\"item\":\"https:\/\/v2charge.com\/lt\/\"},{\"@type\":\"ListItem\",\"position\":2,\"name\":\"Susiekite Google Home su savo \u012fkrovikliu\"}]},{\"@type\":\"WebSite\",\"@id\":\"https:\/\/v2charge.com\/lt\/#website\",\"url\":\"https:\/\/v2charge.com\/lt\/\",\"name\":\"V2C\",\"description\":\"#CargandoElMa\u00f1ana\",\"publisher\":{\"@id\":\"https:\/\/v2charge.com\/lt\/#organization\"},\"potentialAction\":[{\"@type\":\"SearchAction\",\"target\":{\"@type\":\"EntryPoint\",\"urlTemplate\":\"https:\/\/v2charge.com\/lt\/?s={search_term_string}\"},\"query-input\":{\"@type\":\"PropertyValueSpecification\",\"valueRequired\":true,\"valueName\":\"search_term_string\"}}],\"inLanguage\":\"lt-LT\"},{\"@type\":\"Organization\",\"@id\":\"https:\/\/v2charge.com\/lt\/#organization\",\"name\":\"V2C\",\"url\":\"https:\/\/v2charge.com\/lt\/\",\"logo\":{\"@type\":\"ImageObject\",\"inLanguage\":\"lt-LT\",\"@id\":\"https:\/\/v2charge.com\/lt\/#\/schema\/logo\/image\/\",\"url\":\"https:\/\/v2charge.com\/wp-content\/uploads\/2024\/11\/cropped-v2c-charge-logo-menu.png\",\"contentUrl\":\"https:\/\/v2charge.com\/wp-content\/uploads\/2024\/11\/cropped-v2c-charge-logo-menu.png\",\"width\":984,\"height\":431,\"caption\":\"V2C\"},\"image\":{\"@id\":\"https:\/\/v2charge.com\/lt\/#\/schema\/logo\/image\/\"},\"sameAs\":[\"https:\/\/www.facebook.com\/V2C.Charge\",\"https:\/\/x.com\/V2C_Charge\",\"https:\/\/www.instagram.com\/v2c.charge\/\",\"https:\/\/www.youtube.com\/@V2C\",\"https:\/\/www.linkedin.com\/company\/v2c-chargers\/\"]}]}<\/script>\n<!-- \/ Yoast SEO plugin. -->","yoast_head_json":{"title":"Susiekite savo \u012fkrovikl\u012f su Google Home - Ry\u0161ys | V2C","description":"Trydan \u012fkrovimo ta\u0161kas gali prisijungti prie i\u0161mani\u0173j\u0173 \u012frengini\u0173, toki\u0173 kaip Google Home. Sujunk savo \u012fkrovikl\u012f ir valdyk savo e-Charger.","robots":{"index":"index","follow":"follow","max-snippet":"max-snippet:-1","max-image-preview":"max-image-preview:large","max-video-preview":"max-video-preview:-1"},"canonical":"https:\/\/v2charge.com\/lt\/modos-de-funcionamiento-fotovoltaico\/","og_locale":"lt_LT","og_type":"article","og_title":"Susiekite savo \u012fkrovikl\u012f su Google Home - Ry\u0161ys | V2C","og_description":"Trydan \u012fkrovimo ta\u0161kas gali prisijungti prie i\u0161mani\u0173j\u0173 \u012frengini\u0173, toki\u0173 kaip Google Home. Sujunk savo \u012fkrovikl\u012f ir valdyk savo e-Charger.","og_url":"https:\/\/v2charge.com\/lt\/modos-de-funcionamiento-fotovoltaico\/","og_site_name":"V2C","article_publisher":"https:\/\/www.facebook.com\/V2C.Charge","article_modified_time":"2023-07-14T11:18:58+00:00","og_image":[{"width":1200,"height":675,"url":"https:\/\/v2charge.com\/wp-content\/uploads\/2024\/07\/v2c-electric-chargers.jpg","type":"image\/jpeg"}],"twitter_card":"summary_large_image","twitter_site":"@V2C_Charge","twitter_misc":{"Est. reading time":"2 minut\u0117s"},"schema":{"@context":"https:\/\/schema.org","@graph":[{"@type":"WebPage","@id":"https:\/\/v2charge.com\/lt\/susiekite-google-home-su-savo-krovikliu\/","url":"https:\/\/v2charge.com\/lt\/modos-de-funcionamiento-fotovoltaico\/","name":"Susiekite savo \u012fkrovikl\u012f su Google Home - Ry\u0161ys | V2C","isPartOf":{"@id":"https:\/\/v2charge.com\/lt\/#website"},"primaryImageOfPage":{"@id":"https:\/\/v2charge.com\/lt\/modos-de-funcionamiento-fotovoltaico\/#primaryimage"},"image":{"@id":"https:\/\/v2charge.com\/lt\/modos-de-funcionamiento-fotovoltaico\/#primaryimage"},"thumbnailUrl":"https:\/\/v2charge.com\/wp-content\/uploads\/2024\/07\/v2c-electric-chargers.jpg","datePublished":"2023-07-12T13:58:30+00:00","dateModified":"2023-07-14T11:18:58+00:00","description":"Trydan \u012fkrovimo ta\u0161kas gali prisijungti prie i\u0161mani\u0173j\u0173 \u012frengini\u0173, toki\u0173 kaip Google Home. Sujunk savo \u012fkrovikl\u012f ir valdyk savo e-Charger.","breadcrumb":{"@id":"https:\/\/v2charge.com\/lt\/modos-de-funcionamiento-fotovoltaico\/#breadcrumb"},"inLanguage":"lt-LT","potentialAction":[{"@type":"ReadAction","target":["https:\/\/v2charge.com\/lt\/modos-de-funcionamiento-fotovoltaico\/"]}]},{"@type":"ImageObject","inLanguage":"lt-LT","@id":"https:\/\/v2charge.com\/lt\/modos-de-funcionamiento-fotovoltaico\/#primaryimage","url":"https:\/\/v2charge.com\/wp-content\/uploads\/2024\/07\/v2c-electric-chargers.jpg","contentUrl":"https:\/\/v2charge.com\/wp-content\/uploads\/2024\/07\/v2c-electric-chargers.jpg","width":1200,"height":675,"caption":"V2C Electric Chargers"},{"@type":"BreadcrumbList","@id":"https:\/\/v2charge.com\/lt\/modos-de-funcionamiento-fotovoltaico\/#breadcrumb","itemListElement":[{"@type":"ListItem","position":1,"name":"V2C","item":"https:\/\/v2charge.com\/lt\/"},{"@type":"ListItem","position":2,"name":"Susiekite Google Home su savo \u012fkrovikliu"}]},{"@type":"WebSite","@id":"https:\/\/v2charge.com\/lt\/#website","url":"https:\/\/v2charge.com\/lt\/","name":"V2C","description":"#CargandoElMa\u00f1ana","publisher":{"@id":"https:\/\/v2charge.com\/lt\/#organization"},"potentialAction":[{"@type":"SearchAction","target":{"@type":"EntryPoint","urlTemplate":"https:\/\/v2charge.com\/lt\/?s={search_term_string}"},"query-input":{"@type":"PropertyValueSpecification","valueRequired":true,"valueName":"search_term_string"}}],"inLanguage":"lt-LT"},{"@type":"Organization","@id":"https:\/\/v2charge.com\/lt\/#organization","name":"V2C","url":"https:\/\/v2charge.com\/lt\/","logo":{"@type":"ImageObject","inLanguage":"lt-LT","@id":"https:\/\/v2charge.com\/lt\/#\/schema\/logo\/image\/","url":"https:\/\/v2charge.com\/wp-content\/uploads\/2024\/11\/cropped-v2c-charge-logo-menu.png","contentUrl":"https:\/\/v2charge.com\/wp-content\/uploads\/2024\/11\/cropped-v2c-charge-logo-menu.png","width":984,"height":431,"caption":"V2C"},"image":{"@id":"https:\/\/v2charge.com\/lt\/#\/schema\/logo\/image\/"},"sameAs":["https:\/\/www.facebook.com\/V2C.Charge","https:\/\/x.com\/V2C_Charge","https:\/\/www.instagram.com\/v2c.charge\/","https:\/\/www.youtube.com\/@V2C","https:\/\/www.linkedin.com\/company\/v2c-chargers\/"]}]}},"uagb_featured_image_src":{"full":["https:\/\/v2charge.com\/wp-content\/uploads\/2024\/07\/v2c-electric-chargers.jpg",1200,675,false],"thumbnail":["https:\/\/v2charge.com\/wp-content\/uploads\/2024\/07\/v2c-electric-chargers-150x150.jpg",150,150,true],"medium":["https:\/\/v2charge.com\/wp-content\/uploads\/2024\/07\/v2c-electric-chargers-300x169.jpg",300,169,true],"medium_large":["https:\/\/v2charge.com\/wp-content\/uploads\/2024\/07\/v2c-electric-chargers-768x432.jpg",768,432,true],"large":["https:\/\/v2charge.com\/wp-content\/uploads\/2024\/07\/v2c-electric-chargers-1024x576.jpg",1024,576,true],"gs-tiny":["https:\/\/v2charge.com\/wp-content\/uploads\/2024\/07\/v2c-electric-chargers.jpg",50,28,false],"xl":["https:\/\/v2charge.com\/wp-content\/uploads\/2024\/07\/v2c-electric-chargers.jpg",1200,675,false],"xxl":["https:\/\/v2charge.com\/wp-content\/uploads\/2024\/07\/v2c-electric-chargers.jpg",1200,675,false],"xxxl":["https:\/\/v2charge.com\/wp-content\/uploads\/2024\/07\/v2c-electric-chargers.jpg",1200,675,false],"xxxxl":["https:\/\/v2charge.com\/wp-content\/uploads\/2024\/07\/v2c-electric-chargers.jpg",1200,675,false],"xxxxxl":["https:\/\/v2charge.com\/wp-content\/uploads\/2024\/07\/v2c-electric-chargers.jpg",1200,675,false],"1536x1536":["https:\/\/v2charge.com\/wp-content\/uploads\/2024\/07\/v2c-electric-chargers.jpg",1200,675,false],"2048x2048":["https:\/\/v2charge.com\/wp-content\/uploads\/2024\/07\/v2c-electric-chargers.jpg",1200,675,false]},"uagb_author_info":{"display_name":"V2C","author_link":"https:\/\/v2charge.com\/lt\/author\/marketing\/"},"uagb_comment_info":0,"uagb_excerpt":"Susiekite Google Home su savo \u012fkrovikliu Trydan \u012fkrovimo ta\u0161kas gali prisijungti prie i\u0161mani\u0173j\u0173 \u012frengini\u0173, toki\u0173 kaip Google Home. Prie\u0161 tai Prie\u0161 prijungdami savo \u012fkrovikl\u012f prie savo Google Home \u012frenginio, turite tur\u0117ti \u012fdiegt\u0105 Google Home program\u0117l\u0119 savo mobiliajame telefone. Eikite \u012f App Store (iOS) arba Google Play (Android) ir ie\u0161kokite &#8216;Google Home&#8217;, kad atsisi\u0173stum\u0117te program\u0117l\u0119. Susiekite&hellip;","_links":{"self":[{"href":"https:\/\/v2charge.com\/lt\/wp-json\/wp\/v2\/pages\/325023","targetHints":{"allow":["GET"]}}],"collection":[{"href":"https:\/\/v2charge.com\/lt\/wp-json\/wp\/v2\/pages"}],"about":[{"href":"https:\/\/v2charge.com\/lt\/wp-json\/wp\/v2\/types\/page"}],"author":[{"embeddable":true,"href":"https:\/\/v2charge.com\/lt\/wp-json\/wp\/v2\/users\/400"}],"replies":[{"embeddable":true,"href":"https:\/\/v2charge.com\/lt\/wp-json\/wp\/v2\/comments?post=325023"}],"version-history":[{"count":0,"href":"https:\/\/v2charge.com\/lt\/wp-json\/wp\/v2\/pages\/325023\/revisions"}],"wp:featuredmedia":[{"embeddable":true,"href":"https:\/\/v2charge.com\/lt\/wp-json\/wp\/v2\/media\/170354"}],"wp:attachment":[{"href":"https:\/\/v2charge.com\/lt\/wp-json\/wp\/v2\/media?parent=325023"}],"curies":[{"name":"wp","href":"https:\/\/api.w.org\/{rel}","templated":true}]}}