{"id":325062,"date":"2024-06-24T14:09:11","date_gmt":"2024-06-24T12:09:11","guid":{"rendered":""},"modified":"2026-01-09T16:35:36","modified_gmt":"2026-01-09T14:35:36","slug":"begalin-impedancija","status":"publish","type":"page","link":"https:\/\/v2charge.com\/lt\/trydan-palaikymas\/begalin-impedancija\/","title":{"rendered":"Begalin\u0117 impedancija"},"content":{"rendered":"\n<div class=\"wp-block-uagb-container uagb-block-2b438ecc alignfull uagb-is-root-container\"><div class=\"uagb-container-inner-blocks-wrap\">\n<div style=\"height:20px\" aria-hidden=\"true\" class=\"wp-block-spacer\"><\/div>\n\n\n<div class=\"yoast-breadcrumbs\"><span><span><a href=\"https:\/\/v2charge.com\/lt\/\">V2C<\/a><\/span> \u00bb <span><a href=\"https:\/\/v2charge.com\/lt\/trydan-palaikymas\/\">Soporte para Trydan<\/a><\/span> \u00bb <span class=\"breadcrumb_last\" aria-current=\"page\">Begalin\u0117 impedancija<\/span><\/span><\/div>\n\n\n<div style=\"height:0px\" aria-hidden=\"true\" class=\"wp-block-spacer\"><\/div>\n\n\n<h1 class=\"wp-block-heading\" style=\"font-size:29px\">Begalin\u0117 impedancija<\/h1>\n\n<p>e-Charger Trydan, savo versijoje su \u012ftrauktomis apsaugomis, turi begalin\u0119 impedancij\u0105 (arba nulio impedancij\u0105),<strong> technologij\u0105, sukurt\u0105 V2C<\/strong>, kuri leid\u017eia skaitikliui nesugeb\u0117ti aptikti \u012fkrovimo ta\u0161ko. Tod\u0117l, <strong>jei nutr\u016bksta elektros tiekimas, \u012frengin\u012f galima atstatyti tik nuleid\u017eiant ir v\u0117l pakeliant bendr\u0105 nam\u0173 automatin\u012f jungikl\u012f.<\/strong><\/p>\n\n<p><strong>Begalin\u0117 impedancija veikia \u0161iais atvejais:<\/strong><\/p>\n\n\n<ul class=\"wp-block-list\"><li>Skaitiklis turi b\u016bti <strong>Iberdrola<\/strong>, <strong>Landis Gyr<\/strong>, <strong>ZiV<\/strong> arba <strong>Gridspertise<\/strong>.<\/li>\n\n<li>\u012ekroviklis turi b\u016bti <strong>vienfazis<\/strong> ir tur\u0117ti gamintojo suteikt\u0105 apsaug\u0173 blok\u0105, konkre\u010diai i\u0161 CHINT arba TOSCANO marki\u0173.<\/li>\n\n<li>Negalima atlikti <strong>joki\u0173 vidini\u0173 pakeitim\u0173<\/strong> \u012fkroviklyje, pavyzd\u017eiui, \u012frengti papildom\u0105 elektros lizd\u0105, Schuko lizd\u0105 ar kitokio tipo lizd\u0105.<\/li>\n\n<li>\u012ekroviklio maitinimo linijoje <strong>neturi b\u016bti joki\u0173 \u0161ak\u0173 ar sujungim\u0173.<\/strong><\/li>\n\n<li>Komponentas &#8216;<strong>COMP1<\/strong>&#8216; prijungiamas prie <strong>P2 jungties<\/strong>, kaip nurodyta paveiksl\u0117lyje.<\/li>\n\n<li>Komponento &#8216;<strong>COMP1<\/strong>&#8216; numeris 1 turi <strong>atitikti<\/strong> P2 jungties numer\u012f 1.<\/li>\n\n<li>Komponentas &#8216;<strong>POV-1<\/strong>&#8216; turi b\u016bti prijungtas <strong>kaip nurodyta paveiksl\u0117lyje<\/strong>, tai yra, faz\u0117 (F) turi b\u016bti prijungta prie jungties 1, o neutralus (N) turi b\u016bti prijungtas prie jungties 2.<\/li><\/ul>\n\n\n\n<div class=\"wp-block-uagb-container uagb-block-e8b823d8\">\n<div class=\"wp-block-uagb-container uagb-block-077528da alignfull uagb-is-root-container\"><div class=\"uagb-container-inner-blocks-wrap\">\n<div class=\"wp-block-uagb-container uagb-block-dda246f1\">\n<div class=\"wp-block-uagb-image uagb-block-2af6dd92 wp-block-uagb-image--layout-default wp-block-uagb-image--effect-static wp-block-uagb-image--align-none\"><figure class=\"wp-block-uagb-image__figure\"><img decoding=\"async\" srcset=\"https:\/\/v2charge.com\/wp-content\/uploads\/2024\/06\/impedancia-infinita.jpg ,https:\/\/v2charge.com\/wp-content\/uploads\/2024\/06\/impedancia-infinita.jpg 780w, https:\/\/v2charge.com\/wp-content\/uploads\/2024\/06\/impedancia-infinita.jpg 360w\" sizes=\"auto, (max-width: 480px) 150px\" src=\"https:\/\/v2charge.com\/wp-content\/uploads\/2024\/06\/impedancia-infinita.jpg\" alt=\"\" class=\"uag-image-161775\" width=\"724\" height=\"686\" title=\"impedancia-infinita\" loading=\"lazy\" role=\"img\"\/><\/figure><\/div>\n<\/div>\n\n\n\n<div class=\"wp-block-uagb-container uagb-block-3c1b7031\"><div class=\"wp-block-uagb-info-box uagb-block-518cd380 uagb-infobox__content-wrap  uagb-infobox-icon-left uagb-infobox-left uagb-infobox-stacked-tablet uagb-infobox-image-valign-top\"><div class=\"uagb-ifb-image-content\"><img decoding=\"async\" src=\"https:\/\/v2charge.com\/wp-content\/uploads\/2023\/11\/numero-uno.png\" alt=\"\" width=\"25\" height=\"25\" loading=\"lazy\"\/><\/div><div class=\"uagb-ifb-content\"><div class=\"uagb-ifb-title-wrap\"><\/div><p class=\"uagb-ifb-desc\">Skaitiklis<\/p><\/div><\/div>\n\n\n<div class=\"wp-block-uagb-info-box uagb-block-d38bd8b9 uagb-infobox__content-wrap  uagb-infobox-icon-left uagb-infobox-left uagb-infobox-stacked-tablet uagb-infobox-image-valign-top\"><div class=\"uagb-ifb-image-content\"><img decoding=\"async\" src=\"https:\/\/v2charge.com\/wp-content\/uploads\/2023\/11\/numero-dos.png\" alt=\"\" width=\"25\" height=\"25\" loading=\"lazy\"\/><\/div><div class=\"uagb-ifb-content\"><div class=\"uagb-ifb-title-wrap\"><\/div><p class=\"uagb-ifb-desc\">P2<\/p><\/div><\/div>\n\n\n<div class=\"wp-block-uagb-info-box uagb-block-e81d4244 uagb-infobox__content-wrap  uagb-infobox-icon-left uagb-infobox-left uagb-infobox-stacked-tablet uagb-infobox-image-valign-top\"><div class=\"uagb-ifb-image-content\"><img decoding=\"async\" src=\"https:\/\/v2charge.com\/wp-content\/uploads\/2023\/11\/numero-tres.png\" alt=\"\" width=\"25\" height=\"25\" loading=\"lazy\"\/><\/div><div class=\"uagb-ifb-content\"><div class=\"uagb-ifb-title-wrap\"><\/div><p class=\"uagb-ifb-desc\">COMP1<\/p><\/div><\/div><\/div>\n<\/div><\/div>\n<\/div>\n\n\n\n<div style=\"height:40px\" aria-hidden=\"true\" class=\"wp-block-spacer\"><\/div>\n<\/div><\/div>\n\n\n\n<div class=\"wp-block-uagb-container uagb-block-c6f38013 alignfull uagb-is-root-container\"><div class=\"uagb-container-inner-blocks-wrap\"><div class=\"wp-block-uagb-advanced-heading uagb-block-6963d70c\"><h2 class=\"uagb-heading-text\"><strong>Ar jums reikia technin\u0117s pagalbos?<\/strong><\/h2><\/div>\n\n<div class=\"wp-block-uagb-advanced-heading uagb-block-408243eb\"><p class=\"uagb-heading-text\">I\u0161spr\u0119skite savo problem\u0105 i\u0161 karto per m\u016bs\u0173 AI pokalb\u012f. Jei problema nei\u0161sprend\u017eiama, sukurkite u\u017eklaus\u0105 Technin\u0117s pagalbos centre ir mes susisieksime su jumis kuo grei\u010diau, kad pasi\u016blytume geriausi\u0105 sprendim\u0105.<\/p><\/div>\n\n<div class=\"wp-block-uagb-info-box uagb-block-12e3cf1c uagb-infobox__content-wrap  uagb-infobox-icon-left uagb-infobox-left uagb-infobox-image-valign-top wp-block-uagb-info-box--has-margin ai-chatbot-button\"><div class=\"uagb-infobox-margin-wrapper\"><div class=\"uagb-ifb-image-content\"><img decoding=\"async\" src=\"https:\/\/v2charge.com\/wp-content\/uploads\/2026\/01\/support-ai-chatbot.png\" alt=\"\" width=\"20\" height=\"19\" loading=\"lazy\"\/><\/div><div class=\"uagb-ifb-content\"><div class=\"uagb-ifb-title-wrap\"><\/div><div class=\"uagb-ifb-button-wrapper wp-block-button\"><a href=\"https:\/\/v2charge.com\/lt\/v2c-support-web\/\" class=\"uagb-infobox-cta-link wp-block-button__link\" target=\"_blank\" rel=\"noopener noreferrer\" onclick=\"return true;\"><span class=\"uagb-inline-editing\">Klausykite m\u016bs\u0173 IA pokalbi\u0173 roboto<\/span><\/a><\/div><\/div><\/div><\/div>\n\n\n<div class=\"wp-block-uagb-buttons uagb-buttons__outer-wrap uagb-btn__default-btn uagb-btn-tablet__default-btn uagb-btn-mobile__default-btn uagb-block-ba1e67d1\"><div class=\"uagb-buttons__wrap uagb-buttons-layout-wrap \"><div class=\"wp-block-uagb-buttons-child uagb-buttons__outer-wrap uagb-block-23cfb623 wp-block-button\"><div class=\"uagb-button__wrapper\"><a class=\"uagb-buttons-repeater wp-block-button__link\" aria-label=\"\" href=\"https:\/\/v2charge.atlassian.net\/servicedesk\/customer\/portal\/3\" rel=\"follow noopener\" target=\"_blank\" role=\"button\"><div class=\"uagb-button__link\">Susisiekite su Technine Pagalba<\/div><\/a><\/div><\/div><\/div><\/div>\n<\/div><\/div>\n","protected":false},"excerpt":{"rendered":"<p>Begalin\u0117 impedancija e-Charger Trydan, savo versijoje su \u012ftrauktomis apsaugomis, turi begalin\u0119 impedancij\u0105 (arba nulio impedancij\u0105), technologij\u0105, sukurt\u0105 V2C, kuri leid\u017eia skaitikliui nesugeb\u0117ti aptikti \u012fkrovimo ta\u0161ko. Tod\u0117l, jei nutr\u016bksta elektros tiekimas, \u012frengin\u012f galima atstatyti tik nuleid\u017eiant ir v\u0117l pakeliant bendr\u0105 nam\u0173 automatin\u012f jungikl\u012f. Begalin\u0117 impedancija veikia \u0161iais atvejais: Ar jums reikia technin\u0117s pagalbos? I\u0161spr\u0119skite savo problem\u0105 &#8230; <a title=\"Begalin\u0117 impedancija\" class=\"read-more\" href=\"https:\/\/v2charge.com\/lt\/trydan-palaikymas\/begalin-impedancija\/\" aria-label=\"Read more about Begalin\u0117 impedancija\">Read more<\/a><\/p>\n","protected":false},"author":400,"featured_media":170354,"parent":324977,"menu_order":0,"comment_status":"closed","ping_status":"closed","template":"","meta":{"_eb_attr":"","content-type":"","_uag_custom_page_level_css":"","footnotes":""},"class_list":["post-325062","page","type-page","status-publish","has-post-thumbnail"],"yoast_head":"<!-- This site is optimized with the Yoast SEO plugin v25.3.1 - https:\/\/yoast.com\/wordpress\/plugins\/seo\/ -->\n<title>Begalin\u0117 impedancija - V2C<\/title>\n<meta name=\"description\" content=\"Begalin\u0117 impedancija leid\u017eia atstatyti \u012frengin\u012f tik nuleid\u017eiant ir pakeliant bendr\u0105 nam\u0173 automatin\u012f jungikl\u012f.\" \/>\n<meta name=\"robots\" content=\"index, follow, max-snippet:-1, max-image-preview:large, max-video-preview:-1\" \/>\n<link rel=\"canonical\" href=\"https:\/\/v2charge.com\/lt\/trydan-palaikymas\/begalin-impedancija\/\" \/>\n<meta property=\"og:locale\" content=\"lt_LT\" \/>\n<meta property=\"og:type\" content=\"article\" \/>\n<meta property=\"og:title\" content=\"Begalin\u0117 impedancija - V2C\" \/>\n<meta property=\"og:description\" content=\"Begalin\u0117 impedancija leid\u017eia atstatyti \u012frengin\u012f tik nuleid\u017eiant ir pakeliant bendr\u0105 nam\u0173 automatin\u012f jungikl\u012f.\" \/>\n<meta property=\"og:url\" content=\"https:\/\/v2charge.com\/lt\/trydan-palaikymas\/begalin-impedancija\/\" \/>\n<meta property=\"og:site_name\" content=\"V2C\" \/>\n<meta property=\"article:publisher\" content=\"https:\/\/www.facebook.com\/V2C.Charge\" \/>\n<meta property=\"article:modified_time\" content=\"2026-01-09T14:35:36+00:00\" \/>\n<meta property=\"og:image\" content=\"https:\/\/v2charge.com\/wp-content\/uploads\/2024\/07\/v2c-electric-chargers.jpg\" \/>\n\t<meta property=\"og:image:width\" content=\"1200\" \/>\n\t<meta property=\"og:image:height\" content=\"675\" \/>\n\t<meta property=\"og:image:type\" content=\"image\/jpeg\" \/>\n<meta name=\"twitter:card\" content=\"summary_large_image\" \/>\n<meta name=\"twitter:site\" content=\"@V2C_Charge\" \/>\n<meta name=\"twitter:label1\" content=\"Est. reading time\" \/>\n\t<meta name=\"twitter:data1\" content=\"2 minut\u0117s\" \/>\n<script type=\"application\/ld+json\" class=\"yoast-schema-graph\">{\"@context\":\"https:\/\/schema.org\",\"@graph\":[{\"@type\":\"WebPage\",\"@id\":\"https:\/\/v2charge.com\/lt\/trydan-palaikymas\/begalin-impedancija\/\",\"url\":\"https:\/\/v2charge.com\/lt\/trydan-palaikymas\/begalin-impedancija\/\",\"name\":\"Begalin\u0117 impedancija - V2C\",\"isPartOf\":{\"@id\":\"https:\/\/v2charge.com\/lt\/#website\"},\"primaryImageOfPage\":{\"@id\":\"https:\/\/v2charge.com\/lt\/trydan-palaikymas\/begalin-impedancija\/#primaryimage\"},\"image\":{\"@id\":\"https:\/\/v2charge.com\/lt\/trydan-palaikymas\/begalin-impedancija\/#primaryimage\"},\"thumbnailUrl\":\"https:\/\/v2charge.com\/wp-content\/uploads\/2024\/07\/v2c-electric-chargers.jpg\",\"datePublished\":\"2024-06-24T12:09:11+00:00\",\"dateModified\":\"2026-01-09T14:35:36+00:00\",\"description\":\"Begalin\u0117 impedancija leid\u017eia atstatyti \u012frengin\u012f tik nuleid\u017eiant ir pakeliant bendr\u0105 nam\u0173 automatin\u012f jungikl\u012f.\",\"breadcrumb\":{\"@id\":\"https:\/\/v2charge.com\/lt\/trydan-palaikymas\/begalin-impedancija\/#breadcrumb\"},\"inLanguage\":\"lt-LT\",\"potentialAction\":[{\"@type\":\"ReadAction\",\"target\":[\"https:\/\/v2charge.com\/lt\/trydan-palaikymas\/begalin-impedancija\/\"]}]},{\"@type\":\"ImageObject\",\"inLanguage\":\"lt-LT\",\"@id\":\"https:\/\/v2charge.com\/lt\/trydan-palaikymas\/begalin-impedancija\/#primaryimage\",\"url\":\"https:\/\/v2charge.com\/wp-content\/uploads\/2024\/07\/v2c-electric-chargers.jpg\",\"contentUrl\":\"https:\/\/v2charge.com\/wp-content\/uploads\/2024\/07\/v2c-electric-chargers.jpg\",\"width\":1200,\"height\":675,\"caption\":\"V2C Electric Chargers\"},{\"@type\":\"BreadcrumbList\",\"@id\":\"https:\/\/v2charge.com\/lt\/trydan-palaikymas\/begalin-impedancija\/#breadcrumb\",\"itemListElement\":[{\"@type\":\"ListItem\",\"position\":1,\"name\":\"V2C\",\"item\":\"https:\/\/v2charge.com\/lt\/\"},{\"@type\":\"ListItem\",\"position\":2,\"name\":\"Soporte para Trydan\",\"item\":\"https:\/\/v2charge.com\/lt\/trydan-palaikymas\/\"},{\"@type\":\"ListItem\",\"position\":3,\"name\":\"Begalin\u0117 impedancija\"}]},{\"@type\":\"WebSite\",\"@id\":\"https:\/\/v2charge.com\/lt\/#website\",\"url\":\"https:\/\/v2charge.com\/lt\/\",\"name\":\"V2C\",\"description\":\"#CargandoElMa\u00f1ana\",\"publisher\":{\"@id\":\"https:\/\/v2charge.com\/lt\/#organization\"},\"potentialAction\":[{\"@type\":\"SearchAction\",\"target\":{\"@type\":\"EntryPoint\",\"urlTemplate\":\"https:\/\/v2charge.com\/lt\/?s={search_term_string}\"},\"query-input\":{\"@type\":\"PropertyValueSpecification\",\"valueRequired\":true,\"valueName\":\"search_term_string\"}}],\"inLanguage\":\"lt-LT\"},{\"@type\":\"Organization\",\"@id\":\"https:\/\/v2charge.com\/lt\/#organization\",\"name\":\"V2C\",\"url\":\"https:\/\/v2charge.com\/lt\/\",\"logo\":{\"@type\":\"ImageObject\",\"inLanguage\":\"lt-LT\",\"@id\":\"https:\/\/v2charge.com\/lt\/#\/schema\/logo\/image\/\",\"url\":\"https:\/\/v2charge.com\/wp-content\/uploads\/2024\/11\/cropped-v2c-charge-logo-menu.png\",\"contentUrl\":\"https:\/\/v2charge.com\/wp-content\/uploads\/2024\/11\/cropped-v2c-charge-logo-menu.png\",\"width\":984,\"height\":431,\"caption\":\"V2C\"},\"image\":{\"@id\":\"https:\/\/v2charge.com\/lt\/#\/schema\/logo\/image\/\"},\"sameAs\":[\"https:\/\/www.facebook.com\/V2C.Charge\",\"https:\/\/x.com\/V2C_Charge\",\"https:\/\/www.instagram.com\/v2c.charge\/\",\"https:\/\/www.youtube.com\/@V2C\",\"https:\/\/www.linkedin.com\/company\/v2c-chargers\/\"]}]}<\/script>\n<!-- \/ Yoast SEO plugin. -->","yoast_head_json":{"title":"Begalin\u0117 impedancija - V2C","description":"Begalin\u0117 impedancija leid\u017eia atstatyti \u012frengin\u012f tik nuleid\u017eiant ir pakeliant bendr\u0105 nam\u0173 automatin\u012f jungikl\u012f.","robots":{"index":"index","follow":"follow","max-snippet":"max-snippet:-1","max-image-preview":"max-image-preview:large","max-video-preview":"max-video-preview:-1"},"canonical":"https:\/\/v2charge.com\/lt\/trydan-palaikymas\/begalin-impedancija\/","og_locale":"lt_LT","og_type":"article","og_title":"Begalin\u0117 impedancija - V2C","og_description":"Begalin\u0117 impedancija leid\u017eia atstatyti \u012frengin\u012f tik nuleid\u017eiant ir pakeliant bendr\u0105 nam\u0173 automatin\u012f jungikl\u012f.","og_url":"https:\/\/v2charge.com\/lt\/trydan-palaikymas\/begalin-impedancija\/","og_site_name":"V2C","article_publisher":"https:\/\/www.facebook.com\/V2C.Charge","article_modified_time":"2026-01-09T14:35:36+00:00","og_image":[{"width":1200,"height":675,"url":"https:\/\/v2charge.com\/wp-content\/uploads\/2024\/07\/v2c-electric-chargers.jpg","type":"image\/jpeg"}],"twitter_card":"summary_large_image","twitter_site":"@V2C_Charge","twitter_misc":{"Est. reading time":"2 minut\u0117s"},"schema":{"@context":"https:\/\/schema.org","@graph":[{"@type":"WebPage","@id":"https:\/\/v2charge.com\/lt\/trydan-palaikymas\/begalin-impedancija\/","url":"https:\/\/v2charge.com\/lt\/trydan-palaikymas\/begalin-impedancija\/","name":"Begalin\u0117 impedancija - V2C","isPartOf":{"@id":"https:\/\/v2charge.com\/lt\/#website"},"primaryImageOfPage":{"@id":"https:\/\/v2charge.com\/lt\/trydan-palaikymas\/begalin-impedancija\/#primaryimage"},"image":{"@id":"https:\/\/v2charge.com\/lt\/trydan-palaikymas\/begalin-impedancija\/#primaryimage"},"thumbnailUrl":"https:\/\/v2charge.com\/wp-content\/uploads\/2024\/07\/v2c-electric-chargers.jpg","datePublished":"2024-06-24T12:09:11+00:00","dateModified":"2026-01-09T14:35:36+00:00","description":"Begalin\u0117 impedancija leid\u017eia atstatyti \u012frengin\u012f tik nuleid\u017eiant ir pakeliant bendr\u0105 nam\u0173 automatin\u012f jungikl\u012f.","breadcrumb":{"@id":"https:\/\/v2charge.com\/lt\/trydan-palaikymas\/begalin-impedancija\/#breadcrumb"},"inLanguage":"lt-LT","potentialAction":[{"@type":"ReadAction","target":["https:\/\/v2charge.com\/lt\/trydan-palaikymas\/begalin-impedancija\/"]}]},{"@type":"ImageObject","inLanguage":"lt-LT","@id":"https:\/\/v2charge.com\/lt\/trydan-palaikymas\/begalin-impedancija\/#primaryimage","url":"https:\/\/v2charge.com\/wp-content\/uploads\/2024\/07\/v2c-electric-chargers.jpg","contentUrl":"https:\/\/v2charge.com\/wp-content\/uploads\/2024\/07\/v2c-electric-chargers.jpg","width":1200,"height":675,"caption":"V2C Electric Chargers"},{"@type":"BreadcrumbList","@id":"https:\/\/v2charge.com\/lt\/trydan-palaikymas\/begalin-impedancija\/#breadcrumb","itemListElement":[{"@type":"ListItem","position":1,"name":"V2C","item":"https:\/\/v2charge.com\/lt\/"},{"@type":"ListItem","position":2,"name":"Soporte para Trydan","item":"https:\/\/v2charge.com\/lt\/trydan-palaikymas\/"},{"@type":"ListItem","position":3,"name":"Begalin\u0117 impedancija"}]},{"@type":"WebSite","@id":"https:\/\/v2charge.com\/lt\/#website","url":"https:\/\/v2charge.com\/lt\/","name":"V2C","description":"#CargandoElMa\u00f1ana","publisher":{"@id":"https:\/\/v2charge.com\/lt\/#organization"},"potentialAction":[{"@type":"SearchAction","target":{"@type":"EntryPoint","urlTemplate":"https:\/\/v2charge.com\/lt\/?s={search_term_string}"},"query-input":{"@type":"PropertyValueSpecification","valueRequired":true,"valueName":"search_term_string"}}],"inLanguage":"lt-LT"},{"@type":"Organization","@id":"https:\/\/v2charge.com\/lt\/#organization","name":"V2C","url":"https:\/\/v2charge.com\/lt\/","logo":{"@type":"ImageObject","inLanguage":"lt-LT","@id":"https:\/\/v2charge.com\/lt\/#\/schema\/logo\/image\/","url":"https:\/\/v2charge.com\/wp-content\/uploads\/2024\/11\/cropped-v2c-charge-logo-menu.png","contentUrl":"https:\/\/v2charge.com\/wp-content\/uploads\/2024\/11\/cropped-v2c-charge-logo-menu.png","width":984,"height":431,"caption":"V2C"},"image":{"@id":"https:\/\/v2charge.com\/lt\/#\/schema\/logo\/image\/"},"sameAs":["https:\/\/www.facebook.com\/V2C.Charge","https:\/\/x.com\/V2C_Charge","https:\/\/www.instagram.com\/v2c.charge\/","https:\/\/www.youtube.com\/@V2C","https:\/\/www.linkedin.com\/company\/v2c-chargers\/"]}]}},"uagb_featured_image_src":{"full":["https:\/\/v2charge.com\/wp-content\/uploads\/2024\/07\/v2c-electric-chargers.jpg",1200,675,false],"thumbnail":["https:\/\/v2charge.com\/wp-content\/uploads\/2024\/07\/v2c-electric-chargers-150x150.jpg",150,150,true],"medium":["https:\/\/v2charge.com\/wp-content\/uploads\/2024\/07\/v2c-electric-chargers-300x169.jpg",300,169,true],"medium_large":["https:\/\/v2charge.com\/wp-content\/uploads\/2024\/07\/v2c-electric-chargers-768x432.jpg",768,432,true],"large":["https:\/\/v2charge.com\/wp-content\/uploads\/2024\/07\/v2c-electric-chargers-1024x576.jpg",1024,576,true],"gs-tiny":["https:\/\/v2charge.com\/wp-content\/uploads\/2024\/07\/v2c-electric-chargers.jpg",50,28,false],"xl":["https:\/\/v2charge.com\/wp-content\/uploads\/2024\/07\/v2c-electric-chargers.jpg",1200,675,false],"xxl":["https:\/\/v2charge.com\/wp-content\/uploads\/2024\/07\/v2c-electric-chargers.jpg",1200,675,false],"xxxl":["https:\/\/v2charge.com\/wp-content\/uploads\/2024\/07\/v2c-electric-chargers.jpg",1200,675,false],"xxxxl":["https:\/\/v2charge.com\/wp-content\/uploads\/2024\/07\/v2c-electric-chargers.jpg",1200,675,false],"xxxxxl":["https:\/\/v2charge.com\/wp-content\/uploads\/2024\/07\/v2c-electric-chargers.jpg",1200,675,false],"1536x1536":["https:\/\/v2charge.com\/wp-content\/uploads\/2024\/07\/v2c-electric-chargers.jpg",1200,675,false],"2048x2048":["https:\/\/v2charge.com\/wp-content\/uploads\/2024\/07\/v2c-electric-chargers.jpg",1200,675,false]},"uagb_author_info":{"display_name":"V2C","author_link":"https:\/\/v2charge.com\/lt\/author\/marketing\/"},"uagb_comment_info":0,"uagb_excerpt":"Begalin\u0117 impedancija e-Charger Trydan, savo versijoje su \u012ftrauktomis apsaugomis, turi begalin\u0119 impedancij\u0105 (arba nulio impedancij\u0105), technologij\u0105, sukurt\u0105 V2C, kuri leid\u017eia skaitikliui nesugeb\u0117ti aptikti \u012fkrovimo ta\u0161ko. Tod\u0117l, jei nutr\u016bksta elektros tiekimas, \u012frengin\u012f galima atstatyti tik nuleid\u017eiant ir v\u0117l pakeliant bendr\u0105 nam\u0173 automatin\u012f jungikl\u012f. Begalin\u0117 impedancija veikia \u0161iais atvejais: Ar jums reikia technin\u0117s pagalbos? I\u0161spr\u0119skite savo problem\u0105&hellip;","_links":{"self":[{"href":"https:\/\/v2charge.com\/lt\/wp-json\/wp\/v2\/pages\/325062","targetHints":{"allow":["GET"]}}],"collection":[{"href":"https:\/\/v2charge.com\/lt\/wp-json\/wp\/v2\/pages"}],"about":[{"href":"https:\/\/v2charge.com\/lt\/wp-json\/wp\/v2\/types\/page"}],"author":[{"embeddable":true,"href":"https:\/\/v2charge.com\/lt\/wp-json\/wp\/v2\/users\/400"}],"replies":[{"embeddable":true,"href":"https:\/\/v2charge.com\/lt\/wp-json\/wp\/v2\/comments?post=325062"}],"version-history":[{"count":0,"href":"https:\/\/v2charge.com\/lt\/wp-json\/wp\/v2\/pages\/325062\/revisions"}],"up":[{"embeddable":true,"href":"https:\/\/v2charge.com\/lt\/wp-json\/wp\/v2\/pages\/324977"}],"wp:featuredmedia":[{"embeddable":true,"href":"https:\/\/v2charge.com\/lt\/wp-json\/wp\/v2\/media\/170354"}],"wp:attachment":[{"href":"https:\/\/v2charge.com\/lt\/wp-json\/wp\/v2\/media?parent=325062"}],"curies":[{"name":"wp","href":"https:\/\/api.w.org\/{rel}","templated":true}]}}