{"id":325076,"date":"2024-10-04T11:29:02","date_gmt":"2024-10-04T09:29:02","guid":{"rendered":""},"modified":"2026-01-09T16:26:44","modified_gmt":"2026-01-09T14:26:44","slug":"statinis-galios-valdymas","status":"publish","type":"page","link":"https:\/\/v2charge.com\/lt\/galingumo-valdymas\/statinis-galios-valdymas\/","title":{"rendered":"Statinis galios valdymas"},"content":{"rendered":"\n<div class=\"wp-block-uagb-container uagb-block-9d828d1c alignfull uagb-is-root-container\"><div class=\"uagb-container-inner-blocks-wrap\"><div class=\"yoast-breadcrumbs\"><span><span><a href=\"https:\/\/v2charge.com\/lt\/\">V2C<\/a><\/span> \u00bb <span><a href=\"https:\/\/v2charge.com\/lt\/galingumo-valdymas\/\">Control de potencia<\/a><\/span> \u00bb <span class=\"breadcrumb_last\" aria-current=\"page\">Est\u00e1tico<\/span><\/span><\/div>\n\n<div class=\"wp-block-uagb-advanced-heading uagb-block-be8360a4\"><h1 class=\"uagb-heading-text\">Stati\u0161kas galios valdymas<\/h1><\/div>\n\n<p>Stati\u0161kas <strong>galios valdymas<\/strong> yra pa\u017eangi V2C funkcija, kuri <strong>efektyviai paskirsto energij\u0105 tarp skirting\u0173 e-Charger lizd\u0173 arba tarp keli\u0173 e-Chargeri\u0173<\/strong>, i\u0161vengiant perkrov\u0173 ir u\u017etikrinant subalansuot\u0105 sutartin\u0117s galios naudojim\u0105.<br><br>Automati\u0161kai subalansuodama energij\u0105 tarp \u012fkrovikli\u0173, sistema u\u017etikrina <strong>optimal\u0173 ir saug\u0173 na\u0161um\u0105<\/strong>, maksimaliai padidindama energijos efektyvum\u0105.<br><br>\u0160is valdymo tipas <strong>nes\u0105veikauja su namu ar \u012fmone, nei su fotovoltin\u0117mis sistemomis<\/strong>. Norint integruoti energijos valdym\u0105 su bendra \u012franga arba su fotovoltika, turite pasikonsultuoti d\u0117l <a href=\"https:\/\/v2charge.com\/lt\/soporte\/control-potencia\/dinamico\/\">dinaminio galios valdymo<\/a>.<\/p><\/div><\/div>\n\n\n\n<div class=\"wp-block-uagb-container uagb-block-9b644119 alignfull uagb-is-root-container\"><div class=\"uagb-container-inner-blocks-wrap\"><div class=\"wp-block-uagb-advanced-heading uagb-block-bead9183\"><p class=\"uagb-heading-text\">Pasirinkite statinio galios valdymo tip\u0105<\/p><\/div>\n\n\n<div class=\"wp-block-uagb-container uag-hide-mob uagb-block-e5a60c2b alignwide uagb-is-root-container\">\n<div class=\"wp-block-uagb-container uagb-block-d79fe4cc\">\n<div class=\"wp-block-uagb-image aligncenter uagb-block-e15e89e5 wp-block-uagb-image--layout-default wp-block-uagb-image--effect-static wp-block-uagb-image--align-center\"><figure class=\"wp-block-uagb-image__figure\"><a class=\"\" href=\"https:\/\/v2charge.com\/lt\/soporte\/control-potencia\/estatico\/balanceo-tomas\/\" target=\"\" rel=\"noopener\"><img decoding=\"async\" srcset=\"https:\/\/v2charge.com\/wp-content\/uploads\/2024\/08\/cdp-balanceo-tomas.png ,https:\/\/v2charge.com\/wp-content\/uploads\/2024\/08\/cdp-balanceo-tomas.png 780w, https:\/\/v2charge.com\/wp-content\/uploads\/2024\/08\/cdp-balanceo-tomas.png 360w\" sizes=\"auto, (max-width: 480px) 150px\" src=\"https:\/\/v2charge.com\/wp-content\/uploads\/2024\/08\/cdp-balanceo-tomas.png\" alt=\"\" class=\"uag-image-172797\" width=\"300\" height=\"300\" title=\"cdp-balanceo-tomas\" loading=\"lazy\" role=\"img\"\/><\/a><\/figure><\/div>\n\n\n<div class=\"wp-block-uagb-advanced-heading uagb-block-3c368daa\"><p class=\"uagb-heading-text\"><a href=\"https:\/\/v2charge.com\/lt\/soporte\/control-potencia\/estatico\/balanceo-tomas\/\">Balansavimas tarp lizd\u0173<\/a><\/p><\/div><\/div>\n\n\n\n<div class=\"wp-block-uagb-container uagb-block-39ec5039\">\n<div class=\"wp-block-uagb-image aligncenter uagb-block-d0c3b9cc wp-block-uagb-image--layout-default wp-block-uagb-image--effect-static wp-block-uagb-image--align-center\"><figure class=\"wp-block-uagb-image__figure\"><a class=\"\" href=\"https:\/\/v2charge.com\/lt\/soporte\/control-potencia\/estatico\/balanceo-echargers\/\" target=\"\" rel=\"noopener\"><img decoding=\"async\" srcset=\"https:\/\/v2charge.com\/wp-content\/uploads\/2024\/08\/cdp-balanceo-echargers.png ,https:\/\/v2charge.com\/wp-content\/uploads\/2024\/08\/cdp-balanceo-echargers.png 780w, https:\/\/v2charge.com\/wp-content\/uploads\/2024\/08\/cdp-balanceo-echargers.png 360w\" sizes=\"auto, (max-width: 480px) 150px\" src=\"https:\/\/v2charge.com\/wp-content\/uploads\/2024\/08\/cdp-balanceo-echargers.png\" alt=\"\" class=\"uag-image-172808\" width=\"300\" height=\"300\" title=\"cdp-balanceo-echargers\" loading=\"lazy\" role=\"img\"\/><\/a><\/figure><\/div>\n\n\n<div class=\"wp-block-uagb-advanced-heading uagb-block-afda75d0\"><p class=\"uagb-heading-text\"><a href=\"https:\/\/v2charge.com\/lt\/soporte\/control-potencia\/estatico\/balanceo-echargers\/\">Balansavimas tarp e-Chargers<\/a><\/p><\/div><\/div>\n<\/div>\n<\/div><\/div>\n\n\n\n<div style=\"height:20px\" aria-hidden=\"true\" class=\"wp-block-spacer uag-hide-desktop uag-hide-tab uag-hide-mob\"><\/div>\n\n\n\n<div class=\"wp-block-uagb-container uagb-block-c6f38013 alignfull uagb-is-root-container\"><div class=\"uagb-container-inner-blocks-wrap\"><div class=\"wp-block-uagb-advanced-heading uagb-block-6963d70c\"><h2 class=\"uagb-heading-text\"><strong>Ar jums reikia technin\u0117s pagalbos?<\/strong><\/h2><\/div>\n\n<div class=\"wp-block-uagb-advanced-heading uagb-block-408243eb\"><p class=\"uagb-heading-text\">I\u0161spr\u0119skite savo problem\u0105 akimirksniu per m\u016bs\u0173 AI pokalb\u012f. Jei problema nebus i\u0161spr\u0119sta, sukurkite u\u017eklaus\u0105 Technin\u0117s pagalbos centre ir mes susisieksime su jumis kuo grei\u010diau, kad pasi\u016blytume geriausi\u0105 sprendim\u0105.<\/p><\/div>\n\n<div class=\"wp-block-uagb-info-box uagb-block-12e3cf1c uagb-infobox__content-wrap  uagb-infobox-icon-left uagb-infobox-left uagb-infobox-image-valign-top wp-block-uagb-info-box--has-margin ai-chatbot-button\"><div class=\"uagb-infobox-margin-wrapper\"><div class=\"uagb-ifb-image-content\"><img decoding=\"async\" src=\"https:\/\/v2charge.com\/wp-content\/uploads\/2026\/01\/support-ai-chatbot.png\" alt=\"\" width=\"20\" height=\"19\" loading=\"lazy\"\/><\/div><div class=\"uagb-ifb-content\"><div class=\"uagb-ifb-title-wrap\"><\/div><div class=\"uagb-ifb-button-wrapper wp-block-button\"><a href=\"https:\/\/v2charge.com\/lt\/v2c-support-web\/\" class=\"uagb-infobox-cta-link wp-block-button__link\" target=\"_blank\" rel=\"noopener noreferrer\" onclick=\"return true;\"><span class=\"uagb-inline-editing\">Klauskite m\u016bs\u0173 IA pokalbi\u0173 roboto<\/span><\/a><\/div><\/div><\/div><\/div>\n\n\n<div class=\"wp-block-uagb-buttons uagb-buttons__outer-wrap uagb-btn__default-btn uagb-btn-tablet__default-btn uagb-btn-mobile__default-btn uagb-block-ba1e67d1\"><div class=\"uagb-buttons__wrap uagb-buttons-layout-wrap \"><div class=\"wp-block-uagb-buttons-child uagb-buttons__outer-wrap uagb-block-23cfb623 wp-block-button\"><div class=\"uagb-button__wrapper\"><a class=\"uagb-buttons-repeater wp-block-button__link\" aria-label=\"\" href=\"https:\/\/v2charge.atlassian.net\/servicedesk\/customer\/portal\/3\" rel=\"follow noopener\" target=\"_blank\" role=\"button\"><div class=\"uagb-button__link\">Susisiekite su Technine Pagalba<\/div><\/a><\/div><\/div><\/div><\/div>\n<\/div><\/div>\n","protected":false},"excerpt":{"rendered":"<p>Stati\u0161kas galios valdymas Stati\u0161kas galios valdymas yra pa\u017eangi V2C funkcija, kuri efektyviai paskirsto energij\u0105 tarp skirting\u0173 e-Charger lizd\u0173 arba tarp keli\u0173 e-Chargeri\u0173, i\u0161vengiant perkrov\u0173 ir u\u017etikrinant subalansuot\u0105 sutartin\u0117s galios naudojim\u0105. Automati\u0161kai subalansuodama energij\u0105 tarp \u012fkrovikli\u0173, sistema u\u017etikrina optimal\u0173 ir saug\u0173 na\u0161um\u0105, maksimaliai padidindama energijos efektyvum\u0105. \u0160is valdymo tipas nes\u0105veikauja su namu ar \u012fmone, nei su &#8230; <a title=\"Statinis galios valdymas\" class=\"read-more\" href=\"https:\/\/v2charge.com\/lt\/galingumo-valdymas\/statinis-galios-valdymas\/\" aria-label=\"Read more about Statinis galios valdymas\">Read more<\/a><\/p>\n","protected":false},"author":400,"featured_media":170354,"parent":325061,"menu_order":0,"comment_status":"closed","ping_status":"closed","template":"","meta":{"_eb_attr":"","content-type":"","_uag_custom_page_level_css":"","footnotes":""},"class_list":["post-325076","page","type-page","status-publish","has-post-thumbnail"],"yoast_head":"<!-- This site is optimized with the Yoast SEO plugin v25.3.1 - https:\/\/yoast.com\/wordpress\/plugins\/seo\/ -->\n<title>Statinis galios valdymas - V2C palaikymo sritis<\/title>\n<meta name=\"description\" content=\"Statinis galios valdymas - Pasirinkite tarp e-Charger lizd\u0173 balansavimo arba e-Chargers balansavimo | V2C\" \/>\n<meta name=\"robots\" content=\"index, follow, max-snippet:-1, max-image-preview:large, max-video-preview:-1\" \/>\n<link rel=\"canonical\" href=\"https:\/\/v2charge.com\/lt\/galingumo-valdymas\/statinis-galios-valdymas\/\" \/>\n<meta property=\"og:locale\" content=\"lt_LT\" \/>\n<meta property=\"og:type\" content=\"article\" \/>\n<meta property=\"og:title\" content=\"Statinis galios valdymas - V2C palaikymo sritis\" \/>\n<meta property=\"og:description\" content=\"Statinis galios valdymas - Pasirinkite tarp e-Charger lizd\u0173 balansavimo arba e-Chargers balansavimo | V2C\" \/>\n<meta property=\"og:url\" content=\"https:\/\/v2charge.com\/lt\/galingumo-valdymas\/statinis-galios-valdymas\/\" \/>\n<meta property=\"og:site_name\" content=\"V2C\" \/>\n<meta property=\"article:publisher\" content=\"https:\/\/www.facebook.com\/V2C.Charge\" \/>\n<meta property=\"article:modified_time\" content=\"2026-01-09T14:26:44+00:00\" \/>\n<meta property=\"og:image\" content=\"https:\/\/v2charge.com\/wp-content\/uploads\/2024\/07\/v2c-electric-chargers.jpg\" \/>\n\t<meta property=\"og:image:width\" content=\"1200\" \/>\n\t<meta property=\"og:image:height\" content=\"675\" \/>\n\t<meta property=\"og:image:type\" content=\"image\/jpeg\" \/>\n<meta name=\"twitter:card\" content=\"summary_large_image\" \/>\n<meta name=\"twitter:site\" content=\"@V2C_Charge\" \/>\n<meta name=\"twitter:label1\" content=\"Est. reading time\" \/>\n\t<meta name=\"twitter:data1\" content=\"2 minut\u0117s\" \/>\n<script type=\"application\/ld+json\" class=\"yoast-schema-graph\">{\"@context\":\"https:\/\/schema.org\",\"@graph\":[{\"@type\":\"WebPage\",\"@id\":\"https:\/\/v2charge.com\/lt\/galingumo-valdymas\/statinis-galios-valdymas\/\",\"url\":\"https:\/\/v2charge.com\/lt\/galingumo-valdymas\/statinis-galios-valdymas\/\",\"name\":\"Statinis galios valdymas - V2C palaikymo sritis\",\"isPartOf\":{\"@id\":\"https:\/\/v2charge.com\/lt\/#website\"},\"primaryImageOfPage\":{\"@id\":\"https:\/\/v2charge.com\/lt\/galingumo-valdymas\/statinis-galios-valdymas\/#primaryimage\"},\"image\":{\"@id\":\"https:\/\/v2charge.com\/lt\/galingumo-valdymas\/statinis-galios-valdymas\/#primaryimage\"},\"thumbnailUrl\":\"https:\/\/v2charge.com\/wp-content\/uploads\/2024\/07\/v2c-electric-chargers.jpg\",\"datePublished\":\"2024-10-04T09:29:02+00:00\",\"dateModified\":\"2026-01-09T14:26:44+00:00\",\"description\":\"Statinis galios valdymas - Pasirinkite tarp e-Charger lizd\u0173 balansavimo arba e-Chargers balansavimo | V2C\",\"breadcrumb\":{\"@id\":\"https:\/\/v2charge.com\/lt\/galingumo-valdymas\/statinis-galios-valdymas\/#breadcrumb\"},\"inLanguage\":\"lt-LT\",\"potentialAction\":[{\"@type\":\"ReadAction\",\"target\":[\"https:\/\/v2charge.com\/lt\/galingumo-valdymas\/statinis-galios-valdymas\/\"]}]},{\"@type\":\"ImageObject\",\"inLanguage\":\"lt-LT\",\"@id\":\"https:\/\/v2charge.com\/lt\/galingumo-valdymas\/statinis-galios-valdymas\/#primaryimage\",\"url\":\"https:\/\/v2charge.com\/wp-content\/uploads\/2024\/07\/v2c-electric-chargers.jpg\",\"contentUrl\":\"https:\/\/v2charge.com\/wp-content\/uploads\/2024\/07\/v2c-electric-chargers.jpg\",\"width\":1200,\"height\":675,\"caption\":\"V2C Electric Chargers\"},{\"@type\":\"BreadcrumbList\",\"@id\":\"https:\/\/v2charge.com\/lt\/galingumo-valdymas\/statinis-galios-valdymas\/#breadcrumb\",\"itemListElement\":[{\"@type\":\"ListItem\",\"position\":1,\"name\":\"V2C\",\"item\":\"https:\/\/v2charge.com\/lt\/\"},{\"@type\":\"ListItem\",\"position\":2,\"name\":\"Control de potencia\",\"item\":\"https:\/\/v2charge.com\/lt\/galingumo-valdymas\/\"},{\"@type\":\"ListItem\",\"position\":3,\"name\":\"Est\u00e1tico\"}]},{\"@type\":\"WebSite\",\"@id\":\"https:\/\/v2charge.com\/lt\/#website\",\"url\":\"https:\/\/v2charge.com\/lt\/\",\"name\":\"V2C\",\"description\":\"#CargandoElMa\u00f1ana\",\"publisher\":{\"@id\":\"https:\/\/v2charge.com\/lt\/#organization\"},\"potentialAction\":[{\"@type\":\"SearchAction\",\"target\":{\"@type\":\"EntryPoint\",\"urlTemplate\":\"https:\/\/v2charge.com\/lt\/?s={search_term_string}\"},\"query-input\":{\"@type\":\"PropertyValueSpecification\",\"valueRequired\":true,\"valueName\":\"search_term_string\"}}],\"inLanguage\":\"lt-LT\"},{\"@type\":\"Organization\",\"@id\":\"https:\/\/v2charge.com\/lt\/#organization\",\"name\":\"V2C\",\"url\":\"https:\/\/v2charge.com\/lt\/\",\"logo\":{\"@type\":\"ImageObject\",\"inLanguage\":\"lt-LT\",\"@id\":\"https:\/\/v2charge.com\/lt\/#\/schema\/logo\/image\/\",\"url\":\"https:\/\/v2charge.com\/wp-content\/uploads\/2024\/11\/cropped-v2c-charge-logo-menu.png\",\"contentUrl\":\"https:\/\/v2charge.com\/wp-content\/uploads\/2024\/11\/cropped-v2c-charge-logo-menu.png\",\"width\":984,\"height\":431,\"caption\":\"V2C\"},\"image\":{\"@id\":\"https:\/\/v2charge.com\/lt\/#\/schema\/logo\/image\/\"},\"sameAs\":[\"https:\/\/www.facebook.com\/V2C.Charge\",\"https:\/\/x.com\/V2C_Charge\",\"https:\/\/www.instagram.com\/v2c.charge\/\",\"https:\/\/www.youtube.com\/@V2C\",\"https:\/\/www.linkedin.com\/company\/v2c-chargers\/\"]}]}<\/script>\n<!-- \/ Yoast SEO plugin. -->","yoast_head_json":{"title":"Statinis galios valdymas - V2C palaikymo sritis","description":"Statinis galios valdymas - Pasirinkite tarp e-Charger lizd\u0173 balansavimo arba e-Chargers balansavimo | V2C","robots":{"index":"index","follow":"follow","max-snippet":"max-snippet:-1","max-image-preview":"max-image-preview:large","max-video-preview":"max-video-preview:-1"},"canonical":"https:\/\/v2charge.com\/lt\/galingumo-valdymas\/statinis-galios-valdymas\/","og_locale":"lt_LT","og_type":"article","og_title":"Statinis galios valdymas - V2C palaikymo sritis","og_description":"Statinis galios valdymas - Pasirinkite tarp e-Charger lizd\u0173 balansavimo arba e-Chargers balansavimo | V2C","og_url":"https:\/\/v2charge.com\/lt\/galingumo-valdymas\/statinis-galios-valdymas\/","og_site_name":"V2C","article_publisher":"https:\/\/www.facebook.com\/V2C.Charge","article_modified_time":"2026-01-09T14:26:44+00:00","og_image":[{"width":1200,"height":675,"url":"https:\/\/v2charge.com\/wp-content\/uploads\/2024\/07\/v2c-electric-chargers.jpg","type":"image\/jpeg"}],"twitter_card":"summary_large_image","twitter_site":"@V2C_Charge","twitter_misc":{"Est. reading time":"2 minut\u0117s"},"schema":{"@context":"https:\/\/schema.org","@graph":[{"@type":"WebPage","@id":"https:\/\/v2charge.com\/lt\/galingumo-valdymas\/statinis-galios-valdymas\/","url":"https:\/\/v2charge.com\/lt\/galingumo-valdymas\/statinis-galios-valdymas\/","name":"Statinis galios valdymas - V2C palaikymo sritis","isPartOf":{"@id":"https:\/\/v2charge.com\/lt\/#website"},"primaryImageOfPage":{"@id":"https:\/\/v2charge.com\/lt\/galingumo-valdymas\/statinis-galios-valdymas\/#primaryimage"},"image":{"@id":"https:\/\/v2charge.com\/lt\/galingumo-valdymas\/statinis-galios-valdymas\/#primaryimage"},"thumbnailUrl":"https:\/\/v2charge.com\/wp-content\/uploads\/2024\/07\/v2c-electric-chargers.jpg","datePublished":"2024-10-04T09:29:02+00:00","dateModified":"2026-01-09T14:26:44+00:00","description":"Statinis galios valdymas - Pasirinkite tarp e-Charger lizd\u0173 balansavimo arba e-Chargers balansavimo | V2C","breadcrumb":{"@id":"https:\/\/v2charge.com\/lt\/galingumo-valdymas\/statinis-galios-valdymas\/#breadcrumb"},"inLanguage":"lt-LT","potentialAction":[{"@type":"ReadAction","target":["https:\/\/v2charge.com\/lt\/galingumo-valdymas\/statinis-galios-valdymas\/"]}]},{"@type":"ImageObject","inLanguage":"lt-LT","@id":"https:\/\/v2charge.com\/lt\/galingumo-valdymas\/statinis-galios-valdymas\/#primaryimage","url":"https:\/\/v2charge.com\/wp-content\/uploads\/2024\/07\/v2c-electric-chargers.jpg","contentUrl":"https:\/\/v2charge.com\/wp-content\/uploads\/2024\/07\/v2c-electric-chargers.jpg","width":1200,"height":675,"caption":"V2C Electric Chargers"},{"@type":"BreadcrumbList","@id":"https:\/\/v2charge.com\/lt\/galingumo-valdymas\/statinis-galios-valdymas\/#breadcrumb","itemListElement":[{"@type":"ListItem","position":1,"name":"V2C","item":"https:\/\/v2charge.com\/lt\/"},{"@type":"ListItem","position":2,"name":"Control de potencia","item":"https:\/\/v2charge.com\/lt\/galingumo-valdymas\/"},{"@type":"ListItem","position":3,"name":"Est\u00e1tico"}]},{"@type":"WebSite","@id":"https:\/\/v2charge.com\/lt\/#website","url":"https:\/\/v2charge.com\/lt\/","name":"V2C","description":"#CargandoElMa\u00f1ana","publisher":{"@id":"https:\/\/v2charge.com\/lt\/#organization"},"potentialAction":[{"@type":"SearchAction","target":{"@type":"EntryPoint","urlTemplate":"https:\/\/v2charge.com\/lt\/?s={search_term_string}"},"query-input":{"@type":"PropertyValueSpecification","valueRequired":true,"valueName":"search_term_string"}}],"inLanguage":"lt-LT"},{"@type":"Organization","@id":"https:\/\/v2charge.com\/lt\/#organization","name":"V2C","url":"https:\/\/v2charge.com\/lt\/","logo":{"@type":"ImageObject","inLanguage":"lt-LT","@id":"https:\/\/v2charge.com\/lt\/#\/schema\/logo\/image\/","url":"https:\/\/v2charge.com\/wp-content\/uploads\/2024\/11\/cropped-v2c-charge-logo-menu.png","contentUrl":"https:\/\/v2charge.com\/wp-content\/uploads\/2024\/11\/cropped-v2c-charge-logo-menu.png","width":984,"height":431,"caption":"V2C"},"image":{"@id":"https:\/\/v2charge.com\/lt\/#\/schema\/logo\/image\/"},"sameAs":["https:\/\/www.facebook.com\/V2C.Charge","https:\/\/x.com\/V2C_Charge","https:\/\/www.instagram.com\/v2c.charge\/","https:\/\/www.youtube.com\/@V2C","https:\/\/www.linkedin.com\/company\/v2c-chargers\/"]}]}},"uagb_featured_image_src":{"full":["https:\/\/v2charge.com\/wp-content\/uploads\/2024\/07\/v2c-electric-chargers.jpg",1200,675,false],"thumbnail":["https:\/\/v2charge.com\/wp-content\/uploads\/2024\/07\/v2c-electric-chargers-150x150.jpg",150,150,true],"medium":["https:\/\/v2charge.com\/wp-content\/uploads\/2024\/07\/v2c-electric-chargers-300x169.jpg",300,169,true],"medium_large":["https:\/\/v2charge.com\/wp-content\/uploads\/2024\/07\/v2c-electric-chargers-768x432.jpg",768,432,true],"large":["https:\/\/v2charge.com\/wp-content\/uploads\/2024\/07\/v2c-electric-chargers-1024x576.jpg",1024,576,true],"gs-tiny":["https:\/\/v2charge.com\/wp-content\/uploads\/2024\/07\/v2c-electric-chargers.jpg",50,28,false],"xl":["https:\/\/v2charge.com\/wp-content\/uploads\/2024\/07\/v2c-electric-chargers.jpg",1200,675,false],"xxl":["https:\/\/v2charge.com\/wp-content\/uploads\/2024\/07\/v2c-electric-chargers.jpg",1200,675,false],"xxxl":["https:\/\/v2charge.com\/wp-content\/uploads\/2024\/07\/v2c-electric-chargers.jpg",1200,675,false],"xxxxl":["https:\/\/v2charge.com\/wp-content\/uploads\/2024\/07\/v2c-electric-chargers.jpg",1200,675,false],"xxxxxl":["https:\/\/v2charge.com\/wp-content\/uploads\/2024\/07\/v2c-electric-chargers.jpg",1200,675,false],"1536x1536":["https:\/\/v2charge.com\/wp-content\/uploads\/2024\/07\/v2c-electric-chargers.jpg",1200,675,false],"2048x2048":["https:\/\/v2charge.com\/wp-content\/uploads\/2024\/07\/v2c-electric-chargers.jpg",1200,675,false]},"uagb_author_info":{"display_name":"V2C","author_link":"https:\/\/v2charge.com\/lt\/author\/marketing\/"},"uagb_comment_info":0,"uagb_excerpt":"Stati\u0161kas galios valdymas Stati\u0161kas galios valdymas yra pa\u017eangi V2C funkcija, kuri efektyviai paskirsto energij\u0105 tarp skirting\u0173 e-Charger lizd\u0173 arba tarp keli\u0173 e-Chargeri\u0173, i\u0161vengiant perkrov\u0173 ir u\u017etikrinant subalansuot\u0105 sutartin\u0117s galios naudojim\u0105. Automati\u0161kai subalansuodama energij\u0105 tarp \u012fkrovikli\u0173, sistema u\u017etikrina optimal\u0173 ir saug\u0173 na\u0161um\u0105, maksimaliai padidindama energijos efektyvum\u0105. \u0160is valdymo tipas nes\u0105veikauja su namu ar \u012fmone, nei su&hellip;","_links":{"self":[{"href":"https:\/\/v2charge.com\/lt\/wp-json\/wp\/v2\/pages\/325076","targetHints":{"allow":["GET"]}}],"collection":[{"href":"https:\/\/v2charge.com\/lt\/wp-json\/wp\/v2\/pages"}],"about":[{"href":"https:\/\/v2charge.com\/lt\/wp-json\/wp\/v2\/types\/page"}],"author":[{"embeddable":true,"href":"https:\/\/v2charge.com\/lt\/wp-json\/wp\/v2\/users\/400"}],"replies":[{"embeddable":true,"href":"https:\/\/v2charge.com\/lt\/wp-json\/wp\/v2\/comments?post=325076"}],"version-history":[{"count":0,"href":"https:\/\/v2charge.com\/lt\/wp-json\/wp\/v2\/pages\/325076\/revisions"}],"up":[{"embeddable":true,"href":"https:\/\/v2charge.com\/lt\/wp-json\/wp\/v2\/pages\/325061"}],"wp:featuredmedia":[{"embeddable":true,"href":"https:\/\/v2charge.com\/lt\/wp-json\/wp\/v2\/media\/170354"}],"wp:attachment":[{"href":"https:\/\/v2charge.com\/lt\/wp-json\/wp\/v2\/media?parent=325076"}],"curies":[{"name":"wp","href":"https:\/\/api.w.org\/{rel}","templated":true}]}}