{"id":325081,"date":"2025-01-16T13:08:35","date_gmt":"2025-01-16T11:08:35","guid":{"rendered":""},"modified":"2026-01-09T13:16:37","modified_gmt":"2026-01-09T11:16:37","slug":"sungrow-inverterio-integracija-su-trydan","status":"publish","type":"page","link":"https:\/\/v2charge.com\/lt\/dinamini-gali-valdymas\/fotovoltin-integracija\/sungrow-inverterio-integracija-su-trydan\/","title":{"rendered":"Sungrow inverterio integracija su Trydan"},"content":{"rendered":"\n<div class=\"wp-block-uagb-container uagb-block-917b89c6 alignfull uagb-is-root-container\"><div class=\"uagb-container-inner-blocks-wrap\"><div class=\"yoast-breadcrumbs\"><span><span><a href=\"https:\/\/v2charge.com\/lt\/\">V2C<\/a><\/span> \u00bb <span><a href=\"https:\/\/v2charge.com\/lt\/dinamini-gali-valdymas\/\">Din\u00e1mico<\/a><\/span> \u00bb <span><a href=\"https:\/\/v2charge.com\/lt\/dinamini-gali-valdymas\/fotovoltin-integracija\/\">Fotovoltaica<\/a><\/span> \u00bb <span class=\"breadcrumb_last\" aria-current=\"page\">Inversor Sungrow<\/span><\/span><\/div>\n\n<h1 class=\"wp-block-heading\">Sungrow keitiklio integracija su Trydan<\/h1>\n\n\n<div class=\"wp-block-uagb-container uagb-block-6ff3315e alignfull uagb-is-root-container\"><div class=\"uagb-container-inner-blocks-wrap\">\n<div class=\"wp-block-uagb-container uagb-block-d07bdd19\"><p>Prijunkite savo Trydan \u012fkrovimo ta\u0161k\u0105 prie Sungrow inverterio, kad maksimaliai optimizuotum\u0117te energijos naudojim\u0105.<\/p><\/div>\n\n\n\n<div class=\"wp-block-uagb-container uagb-block-56f0a249\">\n<div class=\"wp-block-uagb-image uagb-block-a6b3aa91 wp-block-uagb-image--layout-default wp-block-uagb-image--effect-static wp-block-uagb-image--align-none\"><figure class=\"wp-block-uagb-image__figure\"><img decoding=\"async\" srcset=\"https:\/\/v2charge.com\/wp-content\/uploads\/2024\/12\/sungrow_logo.png ,https:\/\/v2charge.com\/wp-content\/uploads\/2024\/12\/sungrow_logo.png 780w, https:\/\/v2charge.com\/wp-content\/uploads\/2024\/12\/sungrow_logo.png 360w\" sizes=\"auto, (max-width: 480px) 150px\" src=\"https:\/\/v2charge.com\/wp-content\/uploads\/2024\/12\/sungrow_logo.png\" alt=\"\" class=\"uag-image-198777\" width=\"400\" height=\"68\" title=\"sungrow_logo\" loading=\"lazy\" role=\"img\"\/><\/figure><\/div>\n<\/div>\n<\/div><\/div>\n\n\n\n<div class=\"wp-block-uagb-container uagb-block-333fb119 alignfull uagb-is-root-container\"><div class=\"uagb-container-inner-blocks-wrap\">\n<div class=\"wp-block-uagb-container uagb-block-2ff110d0 default uagb-is-root-container\">\n<div class=\"wp-block-uagb-container uagb-block-cd442c87\">\n<div class=\"wp-block-uagb-image aligncenter uagb-block-4bb46c59 wp-block-uagb-image--layout-default wp-block-uagb-image--effect-static wp-block-uagb-image--align-center\"><figure class=\"wp-block-uagb-image__figure\"><img decoding=\"async\" srcset=\"https:\/\/v2charge.com\/wp-content\/uploads\/2023\/11\/icon-important.png ,https:\/\/v2charge.com\/wp-content\/uploads\/2023\/11\/icon-important.png 780w, https:\/\/v2charge.com\/wp-content\/uploads\/2023\/11\/icon-important.png 360w\" sizes=\"auto, (max-width: 480px) 150px\" src=\"https:\/\/v2charge.com\/wp-content\/uploads\/2023\/11\/icon-important.png\" alt=\"\" class=\"uag-image-125013\" width=\"50\" height=\"50\" title=\"\" loading=\"lazy\" role=\"img\"\/><\/figure><\/div>\n<\/div>\n\n\n\n<div class=\"wp-block-uagb-container uagb-block-38de7166\"><div class=\"wp-block-uagb-advanced-heading uagb-block-37ab01f0\"><p class=\"uagb-heading-text\">Wi-Fi&nbsp;<strong>repeatori\u0173<\/strong>&nbsp;arba&nbsp;<strong>mesh tinkl\u0173<\/strong>&nbsp;naudojimas gali tur\u0117ti \u012ftakos sistemos veikimui. Rekomenduojame naudoti&nbsp;<strong>stabil\u0173 Wi-Fi tinkl\u0105<\/strong>&nbsp;ir<strong> tiesiogin\u012f<\/strong>&nbsp;ry\u0161\u012f, kad u\u017etikrintum\u0117te optimal\u0173 ry\u0161\u012f tarp \u012fkroviklio ir inverterio.<\/p><\/div><\/div>\n<\/div>\n\n\n\n<div style=\"height:5px\" aria-hidden=\"true\" class=\"wp-block-spacer\"><\/div>\n<\/div><\/div>\n\n\n\n<div class=\"wp-block-uagb-separator uagb-block-37d1f752\"><div class=\"wp-block-uagb-separator__inner\" style=\"--my-background-image:\"><\/div><\/div>\n\n\n<h2 class=\"wp-block-heading\">Sungrow keitiklio integracija<\/h2>\n\n<p>Norint, kad e-Charger Trydan integracija su Sungrow inverteriais veikt\u0173, b\u016btina, kad jie b\u016bt\u0173 prijungti prie tos pa\u010dios tinklo, kaip ir Trydan.&nbsp;Priklausomai nuo inverterio modelio, galima prisijungti prie interneto skirtingais b\u016bdais.<\/p>\n\n<p>Viena vertus, jei inverteris turi LAN prievad\u0105, rekomenduojama prijungti inverter\u012f prie mar\u0161rutizatoriaus naudojant RJ45 kabel\u012f.<\/p>\n\n\n<div class=\"wp-block-uagb-image aligncenter uagb-block-5d46d4c2 wp-block-uagb-image--layout-default wp-block-uagb-image--effect-static wp-block-uagb-image--align-center\"><figure class=\"wp-block-uagb-image__figure\"><img decoding=\"async\" srcset=\"https:\/\/v2charge.com\/wp-content\/uploads\/2024\/12\/configuration_sungrow.jpg ,https:\/\/v2charge.com\/wp-content\/uploads\/2024\/12\/configuration_sungrow.jpg 780w, https:\/\/v2charge.com\/wp-content\/uploads\/2024\/12\/configuration_sungrow.jpg 360w\" sizes=\"auto, (max-width: 480px) 150px\" src=\"https:\/\/v2charge.com\/wp-content\/uploads\/2024\/12\/configuration_sungrow.jpg\" alt=\"\" class=\"uag-image-198789\" width=\"704\" height=\"215\" title=\"configuration_sungrow\" loading=\"lazy\" role=\"img\"\/><\/figure><\/div>\n\n\n<p> Kita vertus, jei inverteris neturi \u0161io prievado, reikalingas WiNet-S modulis, kad b\u016bt\u0173 galima prijungti inverter\u012f per WiFi arba Ethernet. <\/p>\n\n\n<div class=\"wp-block-uagb-image aligncenter uagb-block-ad2c5bfa wp-block-uagb-image--layout-default wp-block-uagb-image--effect-static wp-block-uagb-image--align-center\"><figure class=\"wp-block-uagb-image__figure\"><img decoding=\"async\" srcset=\"https:\/\/v2charge.com\/wp-content\/uploads\/2024\/12\/winet-s.png ,https:\/\/v2charge.com\/wp-content\/uploads\/2024\/12\/winet-s.png 780w, https:\/\/v2charge.com\/wp-content\/uploads\/2024\/12\/winet-s.png 360w\" sizes=\"auto, (max-width: 480px) 150px\" src=\"https:\/\/v2charge.com\/wp-content\/uploads\/2024\/12\/winet-s.png\" alt=\"\" class=\"uag-image-198800\" width=\"800\" height=\"740\" title=\"winet-s\" loading=\"lazy\" role=\"img\"\/><\/figure><\/div>\n\n\n<p>WiNet-S modulis palaiko tiek Ethernet, tiek WLAN ry\u0161\u012f, ta\u010diau nerekomenduojama naudoti abiej\u0173 metod\u0173 vienu metu. Modulis turi b\u016bti \u012fd\u0117tas \u012f COM1 prievad\u0105 (2 paveiksl\u0117lyje) tiek WLAN, tiek Ethernet ry\u0161iui, su tuo skirtumu, kad Ethernet atveju reikia prijungti RJ45 kabel\u012f prie modulio.<\/p>\n\n\n<div class=\"wp-block-uagb-image aligncenter uagb-block-4dd5edd8 wp-block-uagb-image--layout-default wp-block-uagb-image--effect-static wp-block-uagb-image--align-center\"><figure class=\"wp-block-uagb-image__figure\"><img decoding=\"async\" srcset=\"https:\/\/v2charge.com\/wp-content\/uploads\/2024\/12\/sungrow-comands.jpg ,https:\/\/v2charge.com\/wp-content\/uploads\/2024\/12\/sungrow-comands.jpg 780w, https:\/\/v2charge.com\/wp-content\/uploads\/2024\/12\/sungrow-comands.jpg 360w\" sizes=\"auto, (max-width: 480px) 150px\" src=\"https:\/\/v2charge.com\/wp-content\/uploads\/2024\/12\/sungrow-comands.jpg\" alt=\"\" class=\"uag-image-198813\" width=\"416\" height=\"322\" title=\"sungrow-comands\" loading=\"lazy\" role=\"img\"\/><\/figure><\/div>\n\n\n<p>Su numatyt\u0105ja konfig\u016bracija, kai inverteris ir Trydan yra toje pa\u010dioje tinkle, integracija b\u016bt\u0173 baigta. Ta\u010diau reikia u\u017etikrinti, kad komunikacijos parametrai inverteryje b\u016bt\u0173 tokie:<\/p>\n\n\n<ul class=\"wp-block-list\"><li>Addr (adresu): 1<\/li>\n\n<li>DHCP: \u012eJUNGTA<\/li>\n\n<li>Prievadas (puerto): 502<\/li><\/ul>\n<\/div><\/div>\n\n\n\n<div class=\"wp-block-uagb-container uagb-block-1fb723ac alignfull uagb-is-root-container\"><div class=\"uagb-container-inner-blocks-wrap\">\n<div class=\"wp-block-uagb-container uagb-block-f9070278\"><p>Programoje sekite vadov\u0105, kad&nbsp;aktyvuotum\u0117te <a href=\"https:\/\/v2charge.com\/lt\/soporte\/trydan\/control-dinamico-potencia\/\">Dinamini\u0173 Galingumo Kontrol\u0119<\/a>&nbsp;ir skaitiklyje<strong> pasirinkite Sungrow<\/strong>.<\/p><\/div>\n\n\n\n<div class=\"wp-block-uagb-container uagb-block-bf7d8139\">\n<div class=\"wp-block-uagb-image aligncenter uagb-block-bfeb1bc2 wp-block-uagb-image--layout-default wp-block-uagb-image--effect-static wp-block-uagb-image--align-center\"><figure class=\"wp-block-uagb-image__figure\"><img decoding=\"async\" srcset=\"https:\/\/v2charge.com\/wp-content\/uploads\/2025\/12\/sungrow-conectar.png ,https:\/\/v2charge.com\/wp-content\/uploads\/2025\/12\/sungrow-conectar.png 780w, https:\/\/v2charge.com\/wp-content\/uploads\/2025\/12\/sungrow-conectar.png 360w\" sizes=\"auto, (max-width: 480px) 150px\" src=\"https:\/\/v2charge.com\/wp-content\/uploads\/2025\/12\/sungrow-conectar.png\" alt=\"\" class=\"uag-image-293063\" width=\"468\" height=\"800\" title=\"sungrow-conectar\" loading=\"lazy\" role=\"img\"\/><\/figure><\/div>\n<\/div>\n<\/div><\/div>\n\n\n\n<div class=\"wp-block-uagb-container uagb-block-c6f38013 alignfull uagb-is-root-container\"><div class=\"uagb-container-inner-blocks-wrap\"><div class=\"wp-block-uagb-advanced-heading uagb-block-6963d70c\"><h2 class=\"uagb-heading-text\"><strong>Ar jums reikia technin\u0117s pagalbos?<\/strong><\/h2><\/div>\n\n<div class=\"wp-block-uagb-advanced-heading uagb-block-408243eb\"><p class=\"uagb-heading-text\">I\u0161spr\u0119skite savo problem\u0105 i\u0161 karto per m\u016bs\u0173 AI pokalb\u012f. Jei problema nei\u0161sprend\u017eiama, sukurkite u\u017eklaus\u0105 Technin\u0117s pagalbos centre ir mes susisieksime su jumis kuo grei\u010diau, kad pasi\u016blytume geriausi\u0105 sprendim\u0105.<\/p><\/div>\n\n<div class=\"wp-block-uagb-info-box uagb-block-12e3cf1c uagb-infobox__content-wrap  uagb-infobox-icon-left uagb-infobox-left uagb-infobox-image-valign-top wp-block-uagb-info-box--has-margin ai-chatbot-button\"><div class=\"uagb-infobox-margin-wrapper\"><div class=\"uagb-ifb-image-content\"><img decoding=\"async\" src=\"https:\/\/v2charge.com\/wp-content\/uploads\/2026\/01\/support-ai-chatbot.png\" alt=\"\" width=\"20\" height=\"19\" loading=\"lazy\"\/><\/div><div class=\"uagb-ifb-content\"><div class=\"uagb-ifb-title-wrap\"><\/div><div class=\"uagb-ifb-button-wrapper wp-block-button\"><a href=\"https:\/\/v2charge.com\/lt\/v2c-support-web\/\" class=\"uagb-infobox-cta-link wp-block-button__link\" target=\"_blank\" rel=\"noopener noreferrer\" onclick=\"return true;\"><span class=\"uagb-inline-editing\">Klausykite m\u016bs\u0173 IA pokalbi\u0173 roboto<\/span><\/a><\/div><\/div><\/div><\/div>\n\n\n<div class=\"wp-block-uagb-buttons uagb-buttons__outer-wrap uagb-btn__default-btn uagb-btn-tablet__default-btn uagb-btn-mobile__default-btn uagb-block-ba1e67d1\"><div class=\"uagb-buttons__wrap uagb-buttons-layout-wrap \"><div class=\"wp-block-uagb-buttons-child uagb-buttons__outer-wrap uagb-block-23cfb623 wp-block-button\"><div class=\"uagb-button__wrapper\"><a class=\"uagb-buttons-repeater wp-block-button__link\" aria-label=\"\" href=\"https:\/\/v2charge.atlassian.net\/servicedesk\/customer\/portal\/3\" rel=\"follow noopener\" target=\"_blank\" role=\"button\"><div class=\"uagb-button__link\">Susisiekite su Technine Pagalba<\/div><\/a><\/div><\/div><\/div><\/div>\n<\/div><\/div>\n","protected":false},"excerpt":{"rendered":"<p>Sungrow keitiklio integracija su Trydan Prijunkite savo Trydan \u012fkrovimo ta\u0161k\u0105 prie Sungrow inverterio, kad maksimaliai optimizuotum\u0117te energijos naudojim\u0105. Wi-Fi&nbsp;repeatori\u0173&nbsp;arba&nbsp;mesh tinkl\u0173&nbsp;naudojimas gali tur\u0117ti \u012ftakos sistemos veikimui. Rekomenduojame naudoti&nbsp;stabil\u0173 Wi-Fi tinkl\u0105&nbsp;ir tiesiogin\u012f&nbsp;ry\u0161\u012f, kad u\u017etikrintum\u0117te optimal\u0173 ry\u0161\u012f tarp \u012fkroviklio ir inverterio. Sungrow keitiklio integracija Norint, kad e-Charger Trydan integracija su Sungrow inverteriais veikt\u0173, b\u016btina, kad jie b\u016bt\u0173 prijungti &#8230; <a title=\"Sungrow inverterio integracija su Trydan\" class=\"read-more\" href=\"https:\/\/v2charge.com\/lt\/dinamini-gali-valdymas\/fotovoltin-integracija\/sungrow-inverterio-integracija-su-trydan\/\" aria-label=\"Read more about Sungrow inverterio integracija su Trydan\">Read more<\/a><\/p>\n","protected":false},"author":400,"featured_media":0,"parent":325036,"menu_order":0,"comment_status":"closed","ping_status":"closed","template":"","meta":{"_eb_attr":"","content-type":"","_uag_custom_page_level_css":"","footnotes":""},"class_list":["post-325081","page","type-page","status-publish"],"yoast_head":"<!-- This site is optimized with the Yoast SEO plugin v25.3.1 - https:\/\/yoast.com\/wordpress\/plugins\/seo\/ -->\n<title>Sungrow inverterio integracija su Trydan - V2C<\/title>\n<meta name=\"description\" content=\"Sungrow inverteris gali b\u016bti integruojamas su e-Charger Trydan per Ethernet arba WiFi. Nurodome veiksmus, kuri\u0173 reikia laikytis.\" \/>\n<meta name=\"robots\" content=\"index, follow, max-snippet:-1, max-image-preview:large, max-video-preview:-1\" \/>\n<link rel=\"canonical\" href=\"https:\/\/v2charge.com\/lt\/dinamini-gali-valdymas\/fotovoltin-integracija\/sungrow-inverterio-integracija-su-trydan\/\" \/>\n<meta property=\"og:locale\" content=\"lt_LT\" \/>\n<meta property=\"og:type\" content=\"article\" \/>\n<meta property=\"og:title\" content=\"Sungrow inverterio integracija su Trydan - V2C\" \/>\n<meta property=\"og:description\" content=\"Sungrow inverteris gali b\u016bti integruojamas su e-Charger Trydan per Ethernet arba WiFi. Nurodome veiksmus, kuri\u0173 reikia laikytis.\" \/>\n<meta property=\"og:url\" content=\"https:\/\/v2charge.com\/lt\/dinamini-gali-valdymas\/fotovoltin-integracija\/sungrow-inverterio-integracija-su-trydan\/\" \/>\n<meta property=\"og:site_name\" content=\"V2C\" \/>\n<meta property=\"article:publisher\" content=\"https:\/\/www.facebook.com\/V2C.Charge\" \/>\n<meta property=\"article:modified_time\" content=\"2026-01-09T11:16:37+00:00\" \/>\n<meta property=\"og:image\" content=\"https:\/\/v2charge.com\/wp-content\/uploads\/2024\/12\/sungrow_logo.png\" \/>\n<meta name=\"twitter:card\" content=\"summary_large_image\" \/>\n<meta name=\"twitter:site\" content=\"@V2C_Charge\" \/>\n<meta name=\"twitter:label1\" content=\"Est. reading time\" \/>\n\t<meta name=\"twitter:data1\" content=\"3 minut\u0117s\" \/>\n<script type=\"application\/ld+json\" class=\"yoast-schema-graph\">{\"@context\":\"https:\/\/schema.org\",\"@graph\":[{\"@type\":\"WebPage\",\"@id\":\"https:\/\/v2charge.com\/lt\/dinamini-gali-valdymas\/fotovoltin-integracija\/sungrow-inverterio-integracija-su-trydan\/\",\"url\":\"https:\/\/v2charge.com\/lt\/dinamini-gali-valdymas\/fotovoltin-integracija\/sungrow-inverterio-integracija-su-trydan\/\",\"name\":\"Sungrow inverterio integracija su Trydan - V2C\",\"isPartOf\":{\"@id\":\"https:\/\/v2charge.com\/lt\/#website\"},\"primaryImageOfPage\":{\"@id\":\"https:\/\/v2charge.com\/lt\/dinamini-gali-valdymas\/fotovoltin-integracija\/sungrow-inverterio-integracija-su-trydan\/#primaryimage\"},\"image\":{\"@id\":\"https:\/\/v2charge.com\/lt\/dinamini-gali-valdymas\/fotovoltin-integracija\/sungrow-inverterio-integracija-su-trydan\/#primaryimage\"},\"thumbnailUrl\":\"https:\/\/v2charge.com\/wp-content\/uploads\/2024\/12\/sungrow_logo.png\",\"datePublished\":\"2025-01-16T11:08:35+00:00\",\"dateModified\":\"2026-01-09T11:16:37+00:00\",\"description\":\"Sungrow inverteris gali b\u016bti integruojamas su e-Charger Trydan per Ethernet arba WiFi. Nurodome veiksmus, kuri\u0173 reikia laikytis.\",\"breadcrumb\":{\"@id\":\"https:\/\/v2charge.com\/lt\/dinamini-gali-valdymas\/fotovoltin-integracija\/sungrow-inverterio-integracija-su-trydan\/#breadcrumb\"},\"inLanguage\":\"lt-LT\",\"potentialAction\":[{\"@type\":\"ReadAction\",\"target\":[\"https:\/\/v2charge.com\/lt\/dinamini-gali-valdymas\/fotovoltin-integracija\/sungrow-inverterio-integracija-su-trydan\/\"]}]},{\"@type\":\"ImageObject\",\"inLanguage\":\"lt-LT\",\"@id\":\"https:\/\/v2charge.com\/lt\/dinamini-gali-valdymas\/fotovoltin-integracija\/sungrow-inverterio-integracija-su-trydan\/#primaryimage\",\"url\":\"https:\/\/v2charge.com\/wp-content\/uploads\/2024\/12\/sungrow_logo.png\",\"contentUrl\":\"https:\/\/v2charge.com\/wp-content\/uploads\/2024\/12\/sungrow_logo.png\"},{\"@type\":\"BreadcrumbList\",\"@id\":\"https:\/\/v2charge.com\/lt\/dinamini-gali-valdymas\/fotovoltin-integracija\/sungrow-inverterio-integracija-su-trydan\/#breadcrumb\",\"itemListElement\":[{\"@type\":\"ListItem\",\"position\":1,\"name\":\"V2C\",\"item\":\"https:\/\/v2charge.com\/lt\/\"},{\"@type\":\"ListItem\",\"position\":2,\"name\":\"Din\u00e1mico\",\"item\":\"https:\/\/v2charge.com\/lt\/dinamini-gali-valdymas\/\"},{\"@type\":\"ListItem\",\"position\":3,\"name\":\"Fotovoltaica\",\"item\":\"https:\/\/v2charge.com\/lt\/dinamini-gali-valdymas\/fotovoltin-integracija\/\"},{\"@type\":\"ListItem\",\"position\":4,\"name\":\"Inversor Sungrow\"}]},{\"@type\":\"WebSite\",\"@id\":\"https:\/\/v2charge.com\/lt\/#website\",\"url\":\"https:\/\/v2charge.com\/lt\/\",\"name\":\"V2C\",\"description\":\"#CargandoElMa\u00f1ana\",\"publisher\":{\"@id\":\"https:\/\/v2charge.com\/lt\/#organization\"},\"potentialAction\":[{\"@type\":\"SearchAction\",\"target\":{\"@type\":\"EntryPoint\",\"urlTemplate\":\"https:\/\/v2charge.com\/lt\/?s={search_term_string}\"},\"query-input\":{\"@type\":\"PropertyValueSpecification\",\"valueRequired\":true,\"valueName\":\"search_term_string\"}}],\"inLanguage\":\"lt-LT\"},{\"@type\":\"Organization\",\"@id\":\"https:\/\/v2charge.com\/lt\/#organization\",\"name\":\"V2C\",\"url\":\"https:\/\/v2charge.com\/lt\/\",\"logo\":{\"@type\":\"ImageObject\",\"inLanguage\":\"lt-LT\",\"@id\":\"https:\/\/v2charge.com\/lt\/#\/schema\/logo\/image\/\",\"url\":\"https:\/\/v2charge.com\/wp-content\/uploads\/2024\/11\/cropped-v2c-charge-logo-menu.png\",\"contentUrl\":\"https:\/\/v2charge.com\/wp-content\/uploads\/2024\/11\/cropped-v2c-charge-logo-menu.png\",\"width\":984,\"height\":431,\"caption\":\"V2C\"},\"image\":{\"@id\":\"https:\/\/v2charge.com\/lt\/#\/schema\/logo\/image\/\"},\"sameAs\":[\"https:\/\/www.facebook.com\/V2C.Charge\",\"https:\/\/x.com\/V2C_Charge\",\"https:\/\/www.instagram.com\/v2c.charge\/\",\"https:\/\/www.youtube.com\/@V2C\",\"https:\/\/www.linkedin.com\/company\/v2c-chargers\/\"]}]}<\/script>\n<!-- \/ Yoast SEO plugin. -->","yoast_head_json":{"title":"Sungrow inverterio integracija su Trydan - V2C","description":"Sungrow inverteris gali b\u016bti integruojamas su e-Charger Trydan per Ethernet arba WiFi. Nurodome veiksmus, kuri\u0173 reikia laikytis.","robots":{"index":"index","follow":"follow","max-snippet":"max-snippet:-1","max-image-preview":"max-image-preview:large","max-video-preview":"max-video-preview:-1"},"canonical":"https:\/\/v2charge.com\/lt\/dinamini-gali-valdymas\/fotovoltin-integracija\/sungrow-inverterio-integracija-su-trydan\/","og_locale":"lt_LT","og_type":"article","og_title":"Sungrow inverterio integracija su Trydan - V2C","og_description":"Sungrow inverteris gali b\u016bti integruojamas su e-Charger Trydan per Ethernet arba WiFi. Nurodome veiksmus, kuri\u0173 reikia laikytis.","og_url":"https:\/\/v2charge.com\/lt\/dinamini-gali-valdymas\/fotovoltin-integracija\/sungrow-inverterio-integracija-su-trydan\/","og_site_name":"V2C","article_publisher":"https:\/\/www.facebook.com\/V2C.Charge","article_modified_time":"2026-01-09T11:16:37+00:00","og_image":[{"url":"https:\/\/v2charge.com\/wp-content\/uploads\/2024\/12\/sungrow_logo.png","type":"","width":"","height":""}],"twitter_card":"summary_large_image","twitter_site":"@V2C_Charge","twitter_misc":{"Est. reading time":"3 minut\u0117s"},"schema":{"@context":"https:\/\/schema.org","@graph":[{"@type":"WebPage","@id":"https:\/\/v2charge.com\/lt\/dinamini-gali-valdymas\/fotovoltin-integracija\/sungrow-inverterio-integracija-su-trydan\/","url":"https:\/\/v2charge.com\/lt\/dinamini-gali-valdymas\/fotovoltin-integracija\/sungrow-inverterio-integracija-su-trydan\/","name":"Sungrow inverterio integracija su Trydan - V2C","isPartOf":{"@id":"https:\/\/v2charge.com\/lt\/#website"},"primaryImageOfPage":{"@id":"https:\/\/v2charge.com\/lt\/dinamini-gali-valdymas\/fotovoltin-integracija\/sungrow-inverterio-integracija-su-trydan\/#primaryimage"},"image":{"@id":"https:\/\/v2charge.com\/lt\/dinamini-gali-valdymas\/fotovoltin-integracija\/sungrow-inverterio-integracija-su-trydan\/#primaryimage"},"thumbnailUrl":"https:\/\/v2charge.com\/wp-content\/uploads\/2024\/12\/sungrow_logo.png","datePublished":"2025-01-16T11:08:35+00:00","dateModified":"2026-01-09T11:16:37+00:00","description":"Sungrow inverteris gali b\u016bti integruojamas su e-Charger Trydan per Ethernet arba WiFi. Nurodome veiksmus, kuri\u0173 reikia laikytis.","breadcrumb":{"@id":"https:\/\/v2charge.com\/lt\/dinamini-gali-valdymas\/fotovoltin-integracija\/sungrow-inverterio-integracija-su-trydan\/#breadcrumb"},"inLanguage":"lt-LT","potentialAction":[{"@type":"ReadAction","target":["https:\/\/v2charge.com\/lt\/dinamini-gali-valdymas\/fotovoltin-integracija\/sungrow-inverterio-integracija-su-trydan\/"]}]},{"@type":"ImageObject","inLanguage":"lt-LT","@id":"https:\/\/v2charge.com\/lt\/dinamini-gali-valdymas\/fotovoltin-integracija\/sungrow-inverterio-integracija-su-trydan\/#primaryimage","url":"https:\/\/v2charge.com\/wp-content\/uploads\/2024\/12\/sungrow_logo.png","contentUrl":"https:\/\/v2charge.com\/wp-content\/uploads\/2024\/12\/sungrow_logo.png"},{"@type":"BreadcrumbList","@id":"https:\/\/v2charge.com\/lt\/dinamini-gali-valdymas\/fotovoltin-integracija\/sungrow-inverterio-integracija-su-trydan\/#breadcrumb","itemListElement":[{"@type":"ListItem","position":1,"name":"V2C","item":"https:\/\/v2charge.com\/lt\/"},{"@type":"ListItem","position":2,"name":"Din\u00e1mico","item":"https:\/\/v2charge.com\/lt\/dinamini-gali-valdymas\/"},{"@type":"ListItem","position":3,"name":"Fotovoltaica","item":"https:\/\/v2charge.com\/lt\/dinamini-gali-valdymas\/fotovoltin-integracija\/"},{"@type":"ListItem","position":4,"name":"Inversor Sungrow"}]},{"@type":"WebSite","@id":"https:\/\/v2charge.com\/lt\/#website","url":"https:\/\/v2charge.com\/lt\/","name":"V2C","description":"#CargandoElMa\u00f1ana","publisher":{"@id":"https:\/\/v2charge.com\/lt\/#organization"},"potentialAction":[{"@type":"SearchAction","target":{"@type":"EntryPoint","urlTemplate":"https:\/\/v2charge.com\/lt\/?s={search_term_string}"},"query-input":{"@type":"PropertyValueSpecification","valueRequired":true,"valueName":"search_term_string"}}],"inLanguage":"lt-LT"},{"@type":"Organization","@id":"https:\/\/v2charge.com\/lt\/#organization","name":"V2C","url":"https:\/\/v2charge.com\/lt\/","logo":{"@type":"ImageObject","inLanguage":"lt-LT","@id":"https:\/\/v2charge.com\/lt\/#\/schema\/logo\/image\/","url":"https:\/\/v2charge.com\/wp-content\/uploads\/2024\/11\/cropped-v2c-charge-logo-menu.png","contentUrl":"https:\/\/v2charge.com\/wp-content\/uploads\/2024\/11\/cropped-v2c-charge-logo-menu.png","width":984,"height":431,"caption":"V2C"},"image":{"@id":"https:\/\/v2charge.com\/lt\/#\/schema\/logo\/image\/"},"sameAs":["https:\/\/www.facebook.com\/V2C.Charge","https:\/\/x.com\/V2C_Charge","https:\/\/www.instagram.com\/v2c.charge\/","https:\/\/www.youtube.com\/@V2C","https:\/\/www.linkedin.com\/company\/v2c-chargers\/"]}]}},"uagb_featured_image_src":{"full":false,"thumbnail":false,"medium":false,"medium_large":false,"large":false,"gs-tiny":false,"xl":false,"xxl":false,"xxxl":false,"xxxxl":false,"xxxxxl":false,"1536x1536":false,"2048x2048":false},"uagb_author_info":{"display_name":"V2C","author_link":"https:\/\/v2charge.com\/lt\/author\/marketing\/"},"uagb_comment_info":0,"uagb_excerpt":"Sungrow keitiklio integracija su Trydan Prijunkite savo Trydan \u012fkrovimo ta\u0161k\u0105 prie Sungrow inverterio, kad maksimaliai optimizuotum\u0117te energijos naudojim\u0105. Wi-Fi&nbsp;repeatori\u0173&nbsp;arba&nbsp;mesh tinkl\u0173&nbsp;naudojimas gali tur\u0117ti \u012ftakos sistemos veikimui. Rekomenduojame naudoti&nbsp;stabil\u0173 Wi-Fi tinkl\u0105&nbsp;ir tiesiogin\u012f&nbsp;ry\u0161\u012f, kad u\u017etikrintum\u0117te optimal\u0173 ry\u0161\u012f tarp \u012fkroviklio ir inverterio. Sungrow keitiklio integracija Norint, kad e-Charger Trydan integracija su Sungrow inverteriais veikt\u0173, b\u016btina, kad jie b\u016bt\u0173 prijungti&hellip;","_links":{"self":[{"href":"https:\/\/v2charge.com\/lt\/wp-json\/wp\/v2\/pages\/325081","targetHints":{"allow":["GET"]}}],"collection":[{"href":"https:\/\/v2charge.com\/lt\/wp-json\/wp\/v2\/pages"}],"about":[{"href":"https:\/\/v2charge.com\/lt\/wp-json\/wp\/v2\/types\/page"}],"author":[{"embeddable":true,"href":"https:\/\/v2charge.com\/lt\/wp-json\/wp\/v2\/users\/400"}],"replies":[{"embeddable":true,"href":"https:\/\/v2charge.com\/lt\/wp-json\/wp\/v2\/comments?post=325081"}],"version-history":[{"count":0,"href":"https:\/\/v2charge.com\/lt\/wp-json\/wp\/v2\/pages\/325081\/revisions"}],"up":[{"embeddable":true,"href":"https:\/\/v2charge.com\/lt\/wp-json\/wp\/v2\/pages\/325036"}],"wp:attachment":[{"href":"https:\/\/v2charge.com\/lt\/wp-json\/wp\/v2\/media?parent=325081"}],"curies":[{"name":"wp","href":"https:\/\/api.w.org\/{rel}","templated":true}]}}