{"id":325092,"date":"2025-08-01T12:58:14","date_gmt":"2025-08-01T10:58:14","guid":{"rendered":""},"modified":"2026-01-09T17:44:52","modified_gmt":"2026-01-09T15:44:52","slug":"mid-matuoklis","status":"publish","type":"page","link":"https:\/\/v2charge.com\/lt\/trydan-palaikymas\/mid-matuoklis\/","title":{"rendered":"MID matuoklis"},"content":{"rendered":"\n<div class=\"wp-block-uagb-container uagb-block-4e29f302 alignfull uagb-is-root-container\"><div class=\"uagb-container-inner-blocks-wrap\"><div class=\"yoast-breadcrumbs\"><span><span><a href=\"https:\/\/v2charge.com\/lt\/\">V2C<\/a><\/span> \u00bb <span><a href=\"https:\/\/v2charge.com\/lt\/trydan-palaikymas\/\">Soporte para Trydan<\/a><\/span> \u00bb <span class=\"breadcrumb_last\" aria-current=\"page\">MID matuoklis<\/span><\/span><\/div>\n\n<div class=\"wp-block-uagb-advanced-heading uagb-block-eb8d37cd\"><h1 class=\"uagb-heading-text\">Matuoklis<strong> MID<\/strong><\/h1><\/div>\n\n<p><strong>MID matuoklis<\/strong> yra <strong>elektrin\u0117s matavimo<\/strong> priemon\u0117, atitinkanti Europos direktyvos 2014\/32\/ES reikalavimus, \u017einomos kaip MID direktyva (Matuokli\u0173 direktyva).<\/p>\n\n<p>MID skaitikliai leid\u017eia <strong>tiksliai registruoti sunaudot\u0105 energij\u0105<\/strong> elektrini\u0173 transporto priemoni\u0173 \u012fkrovimo metu, ypa\u010d kai reikalingas sertifikuotas matavimas mok\u0117jimo tikslais. D\u0117l savo MID sertifikato \u0161ie skaitikliai leid\u017eia operatoriams, \u012fmon\u0117ms ir asmenims u\u017etikrinti skaidrum\u0105 elektros energijos vartojimo apskaitoje.<\/p>\n\n<p>Be naudojimo elektrini\u0173 transporto priemoni\u0173 \u012fkrovikliuose, MID matuokliai naudojami <strong>pramonin\u0117se, komercin\u0117se ir gyvenamosiose \u012frenginiuose<\/strong>, kur tikslumas ir energijos duomen\u0173 atsekamumas yra labai svarb\u016bs.<\/p>\n\n\n<hr class=\"wp-block-separator has-alpha-channel-opacity\"\/>\n<\/div><\/div>\n\n\n<div class=\"wp-block-uagb-advanced-heading uagb-block-f436cc25\"><h1 class=\"uagb-heading-text\">Kaip prijungti skaitikl\u012f<strong> MID<\/strong><\/h1><\/div>\n\n<p><strong>MID matuoklis<\/strong> maitinamas <strong>i\u0161 apsaugos bloko tiekiamos faz\u0117s.<\/strong> Kaip matyti paveiksl\u0117lyje, Neutras (m\u0117lynas laidas) patenka ir i\u0161eina i\u0161 matuoklio vir\u0161utini\u0173 jung\u010di\u0173, tuo tarpu Faz\u0117 1 patenka ir i\u0161eina i\u0161 apatini\u0173 jung\u010di\u0173. <br><\/p>\n\n\n<div class=\"wp-block-uagb-container uagb-block-a856e430 alignwide uagb-is-root-container\">\n<div class=\"wp-block-uagb-container uagb-block-1c381015\">\n<div class=\"wp-block-uagb-image uagb-block-88976d01 wp-block-uagb-image--layout-default wp-block-uagb-image--effect-zoomin wp-block-uagb-image--align-none\"><figure class=\"wp-block-uagb-image__figure\"><img decoding=\"async\" srcset=\"https:\/\/v2charge.com\/wp-content\/uploads\/2025\/08\/medidor-mid.jpg ,https:\/\/v2charge.com\/wp-content\/uploads\/2025\/08\/medidor-mid.jpg 780w, https:\/\/v2charge.com\/wp-content\/uploads\/2025\/08\/medidor-mid.jpg 360w\" sizes=\"auto, (max-width: 480px) 150px\" src=\"https:\/\/v2charge.com\/wp-content\/uploads\/2025\/08\/medidor-mid.jpg\" alt=\"\" class=\"uag-image-240966\" width=\"842\" height=\"610\" title=\"medidor-mid\" loading=\"lazy\" role=\"img\"\/><\/figure><\/div>\n<\/div>\n\n\n\n<div class=\"wp-block-uagb-container margen-acordeon uagb-block-02f02898\"><div class=\"wp-block-uagb-info-box uagb-block-b2701ecb uagb-infobox__content-wrap  uagb-infobox-icon-left uagb-infobox-left uagb-infobox-stacked-tablet uagb-infobox-image-valign-top\"><div class=\"uagb-ifb-image-content\"><img decoding=\"async\" src=\"https:\/\/v2charge.com\/wp-content\/uploads\/2023\/11\/numero-uno.png\" alt=\"\" width=\"25\" height=\"25\" loading=\"lazy\"\/><\/div><div class=\"uagb-ifb-content\"><div class=\"uagb-ifb-title-wrap\"><\/div><p class=\"uagb-ifb-desc\">Vienfazio instaliacija<\/p><\/div><\/div>\n\n<div class=\"wp-block-uagb-info-box uagb-block-84c1f95e uagb-infobox__content-wrap  uagb-infobox-icon-left uagb-infobox-left uagb-infobox-stacked-tablet uagb-infobox-image-valign-top\"><div class=\"uagb-ifb-image-content\"><img decoding=\"async\" src=\"https:\/\/v2charge.com\/wp-content\/uploads\/2023\/11\/numero-dos.png\" alt=\"\" width=\"25\" height=\"25\" loading=\"lazy\"\/><\/div><div class=\"uagb-ifb-content\"><div class=\"uagb-ifb-title-wrap\"><\/div><p class=\"uagb-ifb-desc\">MID skaitiklis<\/p><\/div><\/div>\n\n<div class=\"wp-block-uagb-info-box uagb-block-d2b382d2 uagb-infobox__content-wrap  uagb-infobox-icon-left uagb-infobox-left uagb-infobox-stacked-tablet uagb-infobox-image-valign-top\"><div class=\"uagb-ifb-image-content\"><img decoding=\"async\" src=\"https:\/\/v2charge.com\/wp-content\/uploads\/2023\/11\/numero-tres.png\" alt=\"\" width=\"25\" height=\"25\" loading=\"lazy\"\/><\/div><div class=\"uagb-ifb-content\"><div class=\"uagb-ifb-title-wrap\"><\/div><p class=\"uagb-ifb-desc\">Galingumo plok\u0161t\u0117<\/p><\/div><\/div>\n\n<div class=\"wp-block-uagb-info-box uagb-block-510c4db1 uagb-infobox__content-wrap  uagb-infobox-icon-left uagb-infobox-left uagb-infobox-stacked-tablet uagb-infobox-image-valign-top\"><div class=\"uagb-ifb-image-content\"><img decoding=\"async\" src=\"https:\/\/v2charge.com\/wp-content\/uploads\/2023\/11\/numero-cuatro.png\" alt=\"\" width=\"25\" height=\"25\" loading=\"lazy\"\/><\/div><div class=\"uagb-ifb-content\"><div class=\"uagb-ifb-title-wrap\"><\/div><p class=\"uagb-ifb-desc\">CON6 (A ir B)<\/p><\/div><\/div>\n\n<div class=\"wp-block-uagb-info-box uagb-block-1b65eb79 uagb-infobox__content-wrap  uagb-infobox-icon-left uagb-infobox-left uagb-infobox-stacked-tablet uagb-infobox-image-valign-top\"><div class=\"uagb-ifb-image-content\"><img decoding=\"async\" src=\"https:\/\/v2charge.com\/wp-content\/uploads\/2023\/11\/numero-cinco.png\" alt=\"\" width=\"25\" height=\"25\" loading=\"lazy\"\/><\/div><div class=\"uagb-ifb-content\"><div class=\"uagb-ifb-title-wrap\"><\/div><p class=\"uagb-ifb-desc\">\u012ekrovimo \u017earna<\/p><\/div><\/div>\n\n<div class=\"wp-block-uagb-info-box uagb-block-617adc4f uagb-infobox__content-wrap  uagb-infobox-icon-left uagb-infobox-left uagb-infobox-stacked-tablet uagb-infobox-image-valign-top\"><div class=\"uagb-ifb-image-content\"><img decoding=\"async\" src=\"https:\/\/v2charge.com\/wp-content\/uploads\/2023\/12\/numero-seis.png\" alt=\"\" width=\"25\" height=\"25\" loading=\"lazy\"\/><\/div><div class=\"uagb-ifb-content\"><div class=\"uagb-ifb-title-wrap\"><\/div><p class=\"uagb-ifb-desc\">e-Charger korpusas<\/p><\/div><\/div><\/div>\n<\/div>\n\n\n\n<hr class=\"wp-block-separator has-alpha-channel-opacity\"\/>\n\n\n<div class=\"wp-block-uagb-advanced-heading uagb-block-3510d36a\"><h1 class=\"uagb-heading-text\">Kaip sukonfig\u016bruoti skaitikl\u012f<strong> MID<\/strong><\/h1><\/div>\n\n<p>MID skaitiklis konfig\u016bruojamas per<strong> <a href=\"https:\/\/v2charge.com\/lt\/soporte\/trydan\/botones-navegacion-display\/\">Trydan \u012fkroviklio mygtukus.<\/a><\/strong> Tam reikia patekti \u012f <strong>&#8216;Papildoma&#8217; <\/strong>konfig\u016bracij\u0105, tada \u012f <strong>&#8216;MID skaitiklis&#8217; <\/strong>skyri\u0173 ir galiausiai pasirinkti<strong> &#8216;Vienfazis&#8217; arba &#8216;Trifazis&#8217;. <br><\/strong><br>Jei \u0161io skaitiklio neturite, turi b\u016bti pasirinkta parinktis &#8216;Ne&#8217;.<br><\/p>\n\n\n<div class=\"wp-block-uagb-container uagb-block-d7888932 default uagb-is-root-container\">\n<div class=\"wp-block-uagb-container uagb-block-51c979ca\">\n<div class=\"wp-block-uagb-image uagb-block-522c59ec wp-block-uagb-image--layout-default wp-block-uagb-image--effect-static wp-block-uagb-image--align-none\"><figure class=\"wp-block-uagb-image__figure\"><img decoding=\"async\" srcset=\"https:\/\/v2charge.com\/wp-content\/uploads\/2024\/05\/medidor-mid-monofasico.png ,https:\/\/v2charge.com\/wp-content\/uploads\/2024\/05\/medidor-mid-monofasico.png 780w, https:\/\/v2charge.com\/wp-content\/uploads\/2024\/05\/medidor-mid-monofasico.png 360w\" sizes=\"auto, (max-width: 480px) 150px\" src=\"https:\/\/v2charge.com\/wp-content\/uploads\/2024\/05\/medidor-mid-monofasico.png\" alt=\"\" class=\"uag-image-157128\" width=\"685\" height=\"166\" title=\"medidor-mid-monofasico\" loading=\"lazy\" role=\"img\"\/><\/figure><\/div>\n<\/div>\n\n\n\n<div class=\"wp-block-uagb-container uagb-block-c2a9fa26\">\n<div class=\"wp-block-uagb-image uagb-block-1dd3bb79 wp-block-uagb-image--layout-default wp-block-uagb-image--effect-static wp-block-uagb-image--align-none\"><figure class=\"wp-block-uagb-image__figure\"><img decoding=\"async\" srcset=\"https:\/\/v2charge.com\/wp-content\/uploads\/2024\/05\/medidor-mid-no.png ,https:\/\/v2charge.com\/wp-content\/uploads\/2024\/05\/medidor-mid-no.png 780w, https:\/\/v2charge.com\/wp-content\/uploads\/2024\/05\/medidor-mid-no.png 360w\" sizes=\"auto, (max-width: 480px) 150px\" src=\"https:\/\/v2charge.com\/wp-content\/uploads\/2024\/05\/medidor-mid-no.png\" alt=\"\" class=\"uag-image-157138\" width=\"685\" height=\"166\" title=\"medidor-mid-no\" loading=\"lazy\" role=\"img\"\/><\/figure><\/div>\n<\/div>\n\n\n\n<div class=\"wp-block-uagb-container uagb-block-971804f3\">\n<div class=\"wp-block-uagb-image uagb-block-8e1dc988 wp-block-uagb-image--layout-default wp-block-uagb-image--effect-static wp-block-uagb-image--align-none\"><figure class=\"wp-block-uagb-image__figure\"><img decoding=\"async\" srcset=\"https:\/\/v2charge.com\/wp-content\/uploads\/2024\/05\/medidor-mid-trifasico.png ,https:\/\/v2charge.com\/wp-content\/uploads\/2024\/05\/medidor-mid-trifasico.png 780w, https:\/\/v2charge.com\/wp-content\/uploads\/2024\/05\/medidor-mid-trifasico.png 360w\" sizes=\"auto, (max-width: 480px) 150px\" src=\"https:\/\/v2charge.com\/wp-content\/uploads\/2024\/05\/medidor-mid-trifasico.png\" alt=\"\" class=\"uag-image-157148\" width=\"685\" height=\"166\" title=\"medidor-mid-trifasico\" loading=\"lazy\" role=\"img\"\/><\/figure><\/div>\n<\/div>\n<\/div>\n\n\n\n<div style=\"height:30px\" aria-hidden=\"true\" class=\"wp-block-spacer uag-hide-mob\"><\/div>\n\n\n\n<div style=\"height:50px\" aria-hidden=\"true\" class=\"wp-block-spacer\"><\/div>\n\n\n\n<div class=\"wp-block-uagb-container uagb-block-c6f38013 alignfull uagb-is-root-container\"><div class=\"uagb-container-inner-blocks-wrap\"><div class=\"wp-block-uagb-advanced-heading uagb-block-6963d70c\"><h2 class=\"uagb-heading-text\"><strong>Ar jums reikia technin\u0117s pagalbos?<\/strong><\/h2><\/div>\n\n<div class=\"wp-block-uagb-advanced-heading uagb-block-408243eb\"><p class=\"uagb-heading-text\">I\u0161spr\u0119skite savo problem\u0105 i\u0161 karto per m\u016bs\u0173 AI pokalb\u012f. Jei problema nei\u0161sprend\u017eiama, sukurkite u\u017eklaus\u0105 Technin\u0117s pagalbos centre ir mes susisieksime su jumis kuo grei\u010diau, kad pasi\u016blytume geriausi\u0105 sprendim\u0105.<\/p><\/div>\n\n<div class=\"wp-block-uagb-info-box uagb-block-12e3cf1c uagb-infobox__content-wrap  uagb-infobox-icon-left uagb-infobox-left uagb-infobox-image-valign-top wp-block-uagb-info-box--has-margin ai-chatbot-button\"><div class=\"uagb-infobox-margin-wrapper\"><div class=\"uagb-ifb-image-content\"><img decoding=\"async\" src=\"https:\/\/v2charge.com\/wp-content\/uploads\/2026\/01\/support-ai-chatbot.png\" alt=\"\" width=\"20\" height=\"19\" loading=\"lazy\"\/><\/div><div class=\"uagb-ifb-content\"><div class=\"uagb-ifb-title-wrap\"><\/div><div class=\"uagb-ifb-button-wrapper wp-block-button\"><a href=\"https:\/\/v2charge.com\/lt\/v2c-support-web\/\" class=\"uagb-infobox-cta-link wp-block-button__link\" target=\"_blank\" rel=\"noopener noreferrer\" onclick=\"return true;\"><span class=\"uagb-inline-editing\">Klausykite m\u016bs\u0173 IA pokalbi\u0173 roboto<\/span><\/a><\/div><\/div><\/div><\/div>\n\n\n<div class=\"wp-block-uagb-buttons uagb-buttons__outer-wrap uagb-btn__default-btn uagb-btn-tablet__default-btn uagb-btn-mobile__default-btn uagb-block-ba1e67d1\"><div class=\"uagb-buttons__wrap uagb-buttons-layout-wrap \"><div class=\"wp-block-uagb-buttons-child uagb-buttons__outer-wrap uagb-block-23cfb623 wp-block-button\"><div class=\"uagb-button__wrapper\"><a class=\"uagb-buttons-repeater wp-block-button__link\" aria-label=\"\" href=\"https:\/\/v2charge.atlassian.net\/servicedesk\/customer\/portal\/3\" rel=\"follow noopener\" target=\"_blank\" role=\"button\"><div class=\"uagb-button__link\">Susisiekite su Technine Pagalba<\/div><\/a><\/div><\/div><\/div><\/div>\n<\/div><\/div>\n","protected":false},"excerpt":{"rendered":"<p>Matuoklis MID MID matuoklis yra elektrin\u0117s matavimo priemon\u0117, atitinkanti Europos direktyvos 2014\/32\/ES reikalavimus, \u017einomos kaip MID direktyva (Matuokli\u0173 direktyva). MID skaitikliai leid\u017eia tiksliai registruoti sunaudot\u0105 energij\u0105 elektrini\u0173 transporto priemoni\u0173 \u012fkrovimo metu, ypa\u010d kai reikalingas sertifikuotas matavimas mok\u0117jimo tikslais. D\u0117l savo MID sertifikato \u0161ie skaitikliai leid\u017eia operatoriams, \u012fmon\u0117ms ir asmenims u\u017etikrinti skaidrum\u0105 elektros energijos vartojimo apskaitoje. &#8230; <a title=\"MID matuoklis\" class=\"read-more\" href=\"https:\/\/v2charge.com\/lt\/trydan-palaikymas\/mid-matuoklis\/\" aria-label=\"Read more about MID matuoklis\">Read more<\/a><\/p>\n","protected":false},"author":400,"featured_media":0,"parent":324977,"menu_order":0,"comment_status":"closed","ping_status":"closed","template":"","meta":{"_eb_attr":"","content-type":"","_uag_custom_page_level_css":"","footnotes":""},"class_list":["post-325092","page","type-page","status-publish"],"yoast_head":"<!-- This site is optimized with the Yoast SEO plugin v25.3.1 - https:\/\/yoast.com\/wordpress\/plugins\/seo\/ -->\n<title>MID matuoklis - V2C<\/title>\n<meta name=\"description\" content=\"Atraskite, kaip prijungti ir sukonfig\u016bruoti MID matuokl\u012f, prietais\u0105, kuris tiksliai registruoja energij\u0105, sunaudot\u0105 VE \u012fkrovimuose.\" \/>\n<meta name=\"robots\" content=\"index, follow, max-snippet:-1, max-image-preview:large, max-video-preview:-1\" \/>\n<link rel=\"canonical\" href=\"https:\/\/v2charge.com\/lt\/trydan-palaikymas\/mid-matuoklis\/\" \/>\n<meta property=\"og:locale\" content=\"lt_LT\" \/>\n<meta property=\"og:type\" content=\"article\" \/>\n<meta property=\"og:title\" content=\"MID matuoklis - V2C\" \/>\n<meta property=\"og:description\" content=\"Atraskite, kaip prijungti ir sukonfig\u016bruoti MID matuokl\u012f, prietais\u0105, kuris tiksliai registruoja energij\u0105, sunaudot\u0105 VE \u012fkrovimuose.\" \/>\n<meta property=\"og:url\" content=\"https:\/\/v2charge.com\/lt\/trydan-palaikymas\/mid-matuoklis\/\" \/>\n<meta property=\"og:site_name\" content=\"V2C\" \/>\n<meta property=\"article:publisher\" content=\"https:\/\/www.facebook.com\/V2C.Charge\" \/>\n<meta property=\"article:modified_time\" content=\"2026-01-09T15:44:52+00:00\" \/>\n<meta property=\"og:image\" content=\"https:\/\/v2charge.com\/wp-content\/uploads\/2025\/08\/medidor-mid.jpg\" \/>\n<meta name=\"twitter:card\" content=\"summary_large_image\" \/>\n<meta name=\"twitter:site\" content=\"@V2C_Charge\" \/>\n<meta name=\"twitter:label1\" content=\"Est. reading time\" \/>\n\t<meta name=\"twitter:data1\" content=\"4 minut\u0117s\" \/>\n<script type=\"application\/ld+json\" class=\"yoast-schema-graph\">{\"@context\":\"https:\/\/schema.org\",\"@graph\":[{\"@type\":\"WebPage\",\"@id\":\"https:\/\/v2charge.com\/lt\/trydan-palaikymas\/mid-matuoklis\/\",\"url\":\"https:\/\/v2charge.com\/lt\/trydan-palaikymas\/mid-matuoklis\/\",\"name\":\"MID matuoklis - V2C\",\"isPartOf\":{\"@id\":\"https:\/\/v2charge.com\/lt\/#website\"},\"primaryImageOfPage\":{\"@id\":\"https:\/\/v2charge.com\/lt\/trydan-palaikymas\/mid-matuoklis\/#primaryimage\"},\"image\":{\"@id\":\"https:\/\/v2charge.com\/lt\/trydan-palaikymas\/mid-matuoklis\/#primaryimage\"},\"thumbnailUrl\":\"https:\/\/v2charge.com\/wp-content\/uploads\/2025\/08\/medidor-mid.jpg\",\"datePublished\":\"2025-08-01T10:58:14+00:00\",\"dateModified\":\"2026-01-09T15:44:52+00:00\",\"description\":\"Atraskite, kaip prijungti ir sukonfig\u016bruoti MID matuokl\u012f, prietais\u0105, kuris tiksliai registruoja energij\u0105, sunaudot\u0105 VE \u012fkrovimuose.\",\"breadcrumb\":{\"@id\":\"https:\/\/v2charge.com\/lt\/trydan-palaikymas\/mid-matuoklis\/#breadcrumb\"},\"inLanguage\":\"lt-LT\",\"potentialAction\":[{\"@type\":\"ReadAction\",\"target\":[\"https:\/\/v2charge.com\/lt\/trydan-palaikymas\/mid-matuoklis\/\"]}]},{\"@type\":\"ImageObject\",\"inLanguage\":\"lt-LT\",\"@id\":\"https:\/\/v2charge.com\/lt\/trydan-palaikymas\/mid-matuoklis\/#primaryimage\",\"url\":\"https:\/\/v2charge.com\/wp-content\/uploads\/2025\/08\/medidor-mid.jpg\",\"contentUrl\":\"https:\/\/v2charge.com\/wp-content\/uploads\/2025\/08\/medidor-mid.jpg\"},{\"@type\":\"BreadcrumbList\",\"@id\":\"https:\/\/v2charge.com\/lt\/trydan-palaikymas\/mid-matuoklis\/#breadcrumb\",\"itemListElement\":[{\"@type\":\"ListItem\",\"position\":1,\"name\":\"V2C\",\"item\":\"https:\/\/v2charge.com\/lt\/\"},{\"@type\":\"ListItem\",\"position\":2,\"name\":\"Soporte para Trydan\",\"item\":\"https:\/\/v2charge.com\/lt\/trydan-palaikymas\/\"},{\"@type\":\"ListItem\",\"position\":3,\"name\":\"MID matuoklis\"}]},{\"@type\":\"WebSite\",\"@id\":\"https:\/\/v2charge.com\/lt\/#website\",\"url\":\"https:\/\/v2charge.com\/lt\/\",\"name\":\"V2C\",\"description\":\"#CargandoElMa\u00f1ana\",\"publisher\":{\"@id\":\"https:\/\/v2charge.com\/lt\/#organization\"},\"potentialAction\":[{\"@type\":\"SearchAction\",\"target\":{\"@type\":\"EntryPoint\",\"urlTemplate\":\"https:\/\/v2charge.com\/lt\/?s={search_term_string}\"},\"query-input\":{\"@type\":\"PropertyValueSpecification\",\"valueRequired\":true,\"valueName\":\"search_term_string\"}}],\"inLanguage\":\"lt-LT\"},{\"@type\":\"Organization\",\"@id\":\"https:\/\/v2charge.com\/lt\/#organization\",\"name\":\"V2C\",\"url\":\"https:\/\/v2charge.com\/lt\/\",\"logo\":{\"@type\":\"ImageObject\",\"inLanguage\":\"lt-LT\",\"@id\":\"https:\/\/v2charge.com\/lt\/#\/schema\/logo\/image\/\",\"url\":\"https:\/\/v2charge.com\/wp-content\/uploads\/2024\/11\/cropped-v2c-charge-logo-menu.png\",\"contentUrl\":\"https:\/\/v2charge.com\/wp-content\/uploads\/2024\/11\/cropped-v2c-charge-logo-menu.png\",\"width\":984,\"height\":431,\"caption\":\"V2C\"},\"image\":{\"@id\":\"https:\/\/v2charge.com\/lt\/#\/schema\/logo\/image\/\"},\"sameAs\":[\"https:\/\/www.facebook.com\/V2C.Charge\",\"https:\/\/x.com\/V2C_Charge\",\"https:\/\/www.instagram.com\/v2c.charge\/\",\"https:\/\/www.youtube.com\/@V2C\",\"https:\/\/www.linkedin.com\/company\/v2c-chargers\/\"]}]}<\/script>\n<!-- \/ Yoast SEO plugin. -->","yoast_head_json":{"title":"MID matuoklis - V2C","description":"Atraskite, kaip prijungti ir sukonfig\u016bruoti MID matuokl\u012f, prietais\u0105, kuris tiksliai registruoja energij\u0105, sunaudot\u0105 VE \u012fkrovimuose.","robots":{"index":"index","follow":"follow","max-snippet":"max-snippet:-1","max-image-preview":"max-image-preview:large","max-video-preview":"max-video-preview:-1"},"canonical":"https:\/\/v2charge.com\/lt\/trydan-palaikymas\/mid-matuoklis\/","og_locale":"lt_LT","og_type":"article","og_title":"MID matuoklis - V2C","og_description":"Atraskite, kaip prijungti ir sukonfig\u016bruoti MID matuokl\u012f, prietais\u0105, kuris tiksliai registruoja energij\u0105, sunaudot\u0105 VE \u012fkrovimuose.","og_url":"https:\/\/v2charge.com\/lt\/trydan-palaikymas\/mid-matuoklis\/","og_site_name":"V2C","article_publisher":"https:\/\/www.facebook.com\/V2C.Charge","article_modified_time":"2026-01-09T15:44:52+00:00","og_image":[{"url":"https:\/\/v2charge.com\/wp-content\/uploads\/2025\/08\/medidor-mid.jpg","type":"","width":"","height":""}],"twitter_card":"summary_large_image","twitter_site":"@V2C_Charge","twitter_misc":{"Est. reading time":"4 minut\u0117s"},"schema":{"@context":"https:\/\/schema.org","@graph":[{"@type":"WebPage","@id":"https:\/\/v2charge.com\/lt\/trydan-palaikymas\/mid-matuoklis\/","url":"https:\/\/v2charge.com\/lt\/trydan-palaikymas\/mid-matuoklis\/","name":"MID matuoklis - V2C","isPartOf":{"@id":"https:\/\/v2charge.com\/lt\/#website"},"primaryImageOfPage":{"@id":"https:\/\/v2charge.com\/lt\/trydan-palaikymas\/mid-matuoklis\/#primaryimage"},"image":{"@id":"https:\/\/v2charge.com\/lt\/trydan-palaikymas\/mid-matuoklis\/#primaryimage"},"thumbnailUrl":"https:\/\/v2charge.com\/wp-content\/uploads\/2025\/08\/medidor-mid.jpg","datePublished":"2025-08-01T10:58:14+00:00","dateModified":"2026-01-09T15:44:52+00:00","description":"Atraskite, kaip prijungti ir sukonfig\u016bruoti MID matuokl\u012f, prietais\u0105, kuris tiksliai registruoja energij\u0105, sunaudot\u0105 VE \u012fkrovimuose.","breadcrumb":{"@id":"https:\/\/v2charge.com\/lt\/trydan-palaikymas\/mid-matuoklis\/#breadcrumb"},"inLanguage":"lt-LT","potentialAction":[{"@type":"ReadAction","target":["https:\/\/v2charge.com\/lt\/trydan-palaikymas\/mid-matuoklis\/"]}]},{"@type":"ImageObject","inLanguage":"lt-LT","@id":"https:\/\/v2charge.com\/lt\/trydan-palaikymas\/mid-matuoklis\/#primaryimage","url":"https:\/\/v2charge.com\/wp-content\/uploads\/2025\/08\/medidor-mid.jpg","contentUrl":"https:\/\/v2charge.com\/wp-content\/uploads\/2025\/08\/medidor-mid.jpg"},{"@type":"BreadcrumbList","@id":"https:\/\/v2charge.com\/lt\/trydan-palaikymas\/mid-matuoklis\/#breadcrumb","itemListElement":[{"@type":"ListItem","position":1,"name":"V2C","item":"https:\/\/v2charge.com\/lt\/"},{"@type":"ListItem","position":2,"name":"Soporte para Trydan","item":"https:\/\/v2charge.com\/lt\/trydan-palaikymas\/"},{"@type":"ListItem","position":3,"name":"MID matuoklis"}]},{"@type":"WebSite","@id":"https:\/\/v2charge.com\/lt\/#website","url":"https:\/\/v2charge.com\/lt\/","name":"V2C","description":"#CargandoElMa\u00f1ana","publisher":{"@id":"https:\/\/v2charge.com\/lt\/#organization"},"potentialAction":[{"@type":"SearchAction","target":{"@type":"EntryPoint","urlTemplate":"https:\/\/v2charge.com\/lt\/?s={search_term_string}"},"query-input":{"@type":"PropertyValueSpecification","valueRequired":true,"valueName":"search_term_string"}}],"inLanguage":"lt-LT"},{"@type":"Organization","@id":"https:\/\/v2charge.com\/lt\/#organization","name":"V2C","url":"https:\/\/v2charge.com\/lt\/","logo":{"@type":"ImageObject","inLanguage":"lt-LT","@id":"https:\/\/v2charge.com\/lt\/#\/schema\/logo\/image\/","url":"https:\/\/v2charge.com\/wp-content\/uploads\/2024\/11\/cropped-v2c-charge-logo-menu.png","contentUrl":"https:\/\/v2charge.com\/wp-content\/uploads\/2024\/11\/cropped-v2c-charge-logo-menu.png","width":984,"height":431,"caption":"V2C"},"image":{"@id":"https:\/\/v2charge.com\/lt\/#\/schema\/logo\/image\/"},"sameAs":["https:\/\/www.facebook.com\/V2C.Charge","https:\/\/x.com\/V2C_Charge","https:\/\/www.instagram.com\/v2c.charge\/","https:\/\/www.youtube.com\/@V2C","https:\/\/www.linkedin.com\/company\/v2c-chargers\/"]}]}},"uagb_featured_image_src":{"full":false,"thumbnail":false,"medium":false,"medium_large":false,"large":false,"gs-tiny":false,"xl":false,"xxl":false,"xxxl":false,"xxxxl":false,"xxxxxl":false,"1536x1536":false,"2048x2048":false},"uagb_author_info":{"display_name":"V2C","author_link":"https:\/\/v2charge.com\/lt\/author\/marketing\/"},"uagb_comment_info":0,"uagb_excerpt":"Matuoklis MID MID matuoklis yra elektrin\u0117s matavimo priemon\u0117, atitinkanti Europos direktyvos 2014\/32\/ES reikalavimus, \u017einomos kaip MID direktyva (Matuokli\u0173 direktyva). MID skaitikliai leid\u017eia tiksliai registruoti sunaudot\u0105 energij\u0105 elektrini\u0173 transporto priemoni\u0173 \u012fkrovimo metu, ypa\u010d kai reikalingas sertifikuotas matavimas mok\u0117jimo tikslais. D\u0117l savo MID sertifikato \u0161ie skaitikliai leid\u017eia operatoriams, \u012fmon\u0117ms ir asmenims u\u017etikrinti skaidrum\u0105 elektros energijos vartojimo apskaitoje.&hellip;","_links":{"self":[{"href":"https:\/\/v2charge.com\/lt\/wp-json\/wp\/v2\/pages\/325092","targetHints":{"allow":["GET"]}}],"collection":[{"href":"https:\/\/v2charge.com\/lt\/wp-json\/wp\/v2\/pages"}],"about":[{"href":"https:\/\/v2charge.com\/lt\/wp-json\/wp\/v2\/types\/page"}],"author":[{"embeddable":true,"href":"https:\/\/v2charge.com\/lt\/wp-json\/wp\/v2\/users\/400"}],"replies":[{"embeddable":true,"href":"https:\/\/v2charge.com\/lt\/wp-json\/wp\/v2\/comments?post=325092"}],"version-history":[{"count":0,"href":"https:\/\/v2charge.com\/lt\/wp-json\/wp\/v2\/pages\/325092\/revisions"}],"up":[{"embeddable":true,"href":"https:\/\/v2charge.com\/lt\/wp-json\/wp\/v2\/pages\/324977"}],"wp:attachment":[{"href":"https:\/\/v2charge.com\/lt\/wp-json\/wp\/v2\/media?parent=325092"}],"curies":[{"name":"wp","href":"https:\/\/api.w.org\/{rel}","templated":true}]}}