{"id":190950,"date":"2024-11-22T13:04:54","date_gmt":"2024-11-22T11:04:54","guid":{"rendered":"https:\/\/v2charge.com\/?page_id=190950"},"modified":"2025-02-11T13:49:38","modified_gmt":"2025-02-11T11:49:38","slug":"statisch","status":"publish","type":"page","link":"https:\/\/v2charge.com\/nl\/ondersteuning\/vermogensregeling\/statisch\/","title":{"rendered":"Statische vermogensregeling"},"content":{"rendered":"\n<div class=\"wp-block-uagb-container uagb-block-9d828d1c alignfull uagb-is-root-container\"><div class=\"uagb-container-inner-blocks-wrap\"><div class=\"yoast-breadcrumbs\"><span><span><a href=\"https:\/\/v2charge.com\/nl\/\">V2C<\/a><\/span> \u00bb <span><a href=\"https:\/\/v2charge.com\/nl\/ondersteuning\/\">Ondersteuning<\/a><\/span> \u00bb <span><a href=\"https:\/\/v2charge.com\/nl\/ondersteuning\/vermogensregeling\/\">Vermogensregeling<\/a><\/span> \u00bb <span class=\"breadcrumb_last\" aria-current=\"page\">Statische<\/span><\/span><\/div>\n\n\n<div class=\"wp-block-uagb-advanced-heading uagb-block-be8360a4\"><h1 class=\"uagb-heading-text\">Statische vermogensregeling<\/h1><\/div>\n\n\n\n<p><br>De <strong>statische vermogensregeling<\/strong> is een geavanceerde functionaliteit van V2C die <strong>de energie effici\u00ebnt verdeelt tussen \u00e9\u00e9n of meerdere e-Chargers,<\/strong> waardoor overbelasting wordt voorkomen en een evenwichtige verdeling van het gecontracteerde vermogen wordt gegarandeerd.<br><br>Door de energie automatisch tussen de laadstations te balanceren, zorgt het systeem voor <strong>optimale en veilige prestaties<\/strong>, waardoor de energie-effici\u00ebntie wordt gemaximaliseerd.<br><br>Dit type regeling <strong>heeft geen interactie met de woning, het bedrijf of met fotovolta\u00efsche systemen<\/strong>. Voor integratie van energiemanagement met de algemene installatie of fotovolta\u00efsche systemen, moet de <a href=\"https:\/\/v2charge.com\/nl\/ondersteuning\/vermogensregeling\/dynamische\/\">dynamische vermogensregeling<\/a> te worden geraadpleegd.<\/p>\n<\/div><\/div>\n\n\n\n<div class=\"wp-block-uagb-container uagb-block-9b644119 alignfull uagb-is-root-container\"><div class=\"uagb-container-inner-blocks-wrap\">\n<div class=\"wp-block-uagb-advanced-heading uagb-block-bead9183\"><p class=\"uagb-heading-text\">Kies het type statische vermogensregeling<\/p><\/div>\n\n\n\n<div class=\"wp-block-uagb-container uag-hide-mob uagb-block-e5a60c2b alignwide uagb-is-root-container\">\n<div class=\"wp-block-uagb-container uagb-block-d79fe4cc\">\n<div class=\"wp-block-uagb-image aligncenter uagb-block-e15e89e5 wp-block-uagb-image--layout-default wp-block-uagb-image--effect-static wp-block-uagb-image--align-center\"><figure class=\"wp-block-uagb-image__figure\"><a class=\"\" href=\"https:\/\/v2charge.com\/nl\/ondersteuning\/vermogensregeling\/statisch\/balanceren-aansluitingen\/\" target=\"\" rel=\"noopener\"><img decoding=\"async\" srcset=\"https:\/\/v2charge.com\/wp-content\/uploads\/2024\/08\/cdp-balanceo-tomas.png ,https:\/\/v2charge.com\/wp-content\/uploads\/2024\/08\/cdp-balanceo-tomas.png 780w, https:\/\/v2charge.com\/wp-content\/uploads\/2024\/08\/cdp-balanceo-tomas.png 360w\" sizes=\"auto, (max-width: 480px) 150px\" src=\"https:\/\/v2charge.com\/wp-content\/uploads\/2024\/08\/cdp-balanceo-tomas.png\" alt=\"\" class=\"uag-image-172797\" width=\"300\" height=\"300\" title=\"cdp-balanceo-tomas\" loading=\"lazy\" role=\"img\"\/><\/a><\/figure><\/div>\n\n\n\n<div class=\"wp-block-uagb-advanced-heading uagb-block-3c368daa\"><p class=\"uagb-heading-text\"><a href=\"https:\/\/v2charge.com\/nl\/ondersteuning\/vermogensregeling\/statisch\/balanceren-aansluitingen\/\">Balanceren tussen aansluitingen<\/a><\/p><\/div>\n<\/div>\n\n\n\n<div class=\"wp-block-uagb-container uagb-block-39ec5039\">\n<div class=\"wp-block-uagb-image aligncenter uagb-block-d0c3b9cc wp-block-uagb-image--layout-default wp-block-uagb-image--effect-static wp-block-uagb-image--align-center\"><figure class=\"wp-block-uagb-image__figure\"><a class=\"\" href=\"https:\/\/v2charge.com\/nl\/ondersteuning\/vermogensregeling\/statisch\/balanceren-echargers\/\" target=\"\" rel=\"noopener\"><img decoding=\"async\" srcset=\"https:\/\/v2charge.com\/wp-content\/uploads\/2024\/08\/cdp-balanceo-echargers.png ,https:\/\/v2charge.com\/wp-content\/uploads\/2024\/08\/cdp-balanceo-echargers.png 780w, https:\/\/v2charge.com\/wp-content\/uploads\/2024\/08\/cdp-balanceo-echargers.png 360w\" sizes=\"auto, (max-width: 480px) 150px\" src=\"https:\/\/v2charge.com\/wp-content\/uploads\/2024\/08\/cdp-balanceo-echargers.png\" alt=\"\" class=\"uag-image-172808\" width=\"300\" height=\"300\" title=\"cdp-balanceo-echargers\" loading=\"lazy\" role=\"img\"\/><\/a><\/figure><\/div>\n\n\n\n<div class=\"wp-block-uagb-advanced-heading uagb-block-afda75d0\"><p class=\"uagb-heading-text\"><a href=\"https:\/\/v2charge.com\/nl\/ondersteuning\/vermogensregeling\/statisch\/balanceren-echargers\/\">Balanceren tussen e-Chargers<\/a><\/p><\/div>\n<\/div>\n<\/div>\n<\/div><\/div>\n\n\n\n<div style=\"height:20px\" aria-hidden=\"true\" class=\"wp-block-spacer uag-hide-desktop uag-hide-tab uag-hide-mob\"><\/div>\n\n\n\n<div class=\"wp-block-uagb-container uagb-block-5e491799 alignfull uagb-is-root-container\"><div class=\"uagb-container-inner-blocks-wrap\">\n<div class=\"wp-block-uagb-advanced-heading uagb-block-f8a0d8cf\"><h2 class=\"uagb-heading-text\"><strong>Heeft u technische ondersteuning nodig?<\/strong><\/h2><\/div>\n\n\n\n<div class=\"wp-block-uagb-advanced-heading uagb-block-248f998c\"><p class=\"uagb-heading-text\">Dien een verzoek in bij het centrum voor technische ondersteuning en we nemen zo snel mogelijk contact met u op om u de beste oplossing te bieden.<\/p><\/div>\n\n\n\n<div class=\"wp-block-uagb-buttons uagb-buttons__outer-wrap uagb-btn__default-btn uagb-btn-tablet__default-btn uagb-btn-mobile__default-btn uagb-block-ec3d3863\"><div class=\"uagb-buttons__wrap uagb-buttons-layout-wrap \">\n<div class=\"wp-block-uagb-buttons-child uagb-buttons__outer-wrap uagb-block-4be1686d wp-block-button\"><div class=\"uagb-button__wrapper\"><a class=\"uagb-buttons-repeater wp-block-button__link\" aria-label=\"\" href=\"https:\/\/v2charge.atlassian.net\/servicedesk\/customer\/portal\/3\" rel=\"follow noopener\" target=\"_self\"><div class=\"uagb-button__link\">Contact opnemen met technische ondersteuning<\/div><\/a><\/div><\/div>\n<\/div><\/div>\n<\/div><\/div>\n","protected":false},"excerpt":{"rendered":"<p>Statische vermogensregeling De statische vermogensregeling is een geavanceerde functionaliteit van V2C die de energie effici\u00ebnt verdeelt tussen \u00e9\u00e9n of meerdere e-Chargers, waardoor overbelasting wordt voorkomen en een evenwichtige verdeling van het gecontracteerde vermogen wordt gegarandeerd. Door de energie automatisch tussen de laadstations te balanceren, zorgt het systeem voor optimale en veilige prestaties, waardoor de energie-effici\u00ebntie &#8230; <a title=\"Statische vermogensregeling\" class=\"read-more\" href=\"https:\/\/v2charge.com\/nl\/ondersteuning\/vermogensregeling\/statisch\/\" aria-label=\"Lees meer over Statische vermogensregeling\">Lees meer<\/a><\/p>\n","protected":false},"author":400,"featured_media":170348,"parent":190925,"menu_order":0,"comment_status":"closed","ping_status":"closed","template":"","meta":{"_eb_attr":"","content-type":"","_uag_custom_page_level_css":"","footnotes":""},"class_list":["post-190950","page","type-page","status-publish","has-post-thumbnail"],"yoast_head":"<!-- This site is optimized with the Yoast SEO plugin v25.3.1 - https:\/\/yoast.com\/wordpress\/plugins\/seo\/ -->\n<title>Statische vermogensregeling - V2C Ondersteuningsgebied<\/title>\n<meta name=\"description\" content=\"Statische vermogensregeling - Kies tussen Balanceren tussen laadpunten van een e-Charger of Balanceren tussen e-Chargers | V2C\" \/>\n<meta name=\"robots\" content=\"index, follow, max-snippet:-1, max-image-preview:large, max-video-preview:-1\" \/>\n<link rel=\"canonical\" href=\"https:\/\/v2charge.com\/nl\/ondersteuning\/vermogensregeling\/statisch\/\" \/>\n<meta property=\"og:locale\" content=\"nl_NL\" \/>\n<meta property=\"og:type\" content=\"article\" \/>\n<meta property=\"og:title\" content=\"Statische vermogensregeling - V2C Ondersteuningsgebied\" \/>\n<meta property=\"og:description\" content=\"Statische vermogensregeling - Kies tussen Balanceren tussen laadpunten van een e-Charger of Balanceren tussen e-Chargers | V2C\" \/>\n<meta property=\"og:url\" content=\"https:\/\/v2charge.com\/nl\/ondersteuning\/vermogensregeling\/statisch\/\" \/>\n<meta property=\"og:site_name\" content=\"V2C\" \/>\n<meta property=\"article:publisher\" content=\"https:\/\/www.facebook.com\/V2C.Charge\" \/>\n<meta property=\"article:modified_time\" content=\"2025-02-11T11:49:38+00:00\" \/>\n<meta property=\"og:image\" content=\"https:\/\/v2charge.com\/wp-content\/uploads\/2024\/07\/v2c-electric-chargers.jpg\" \/>\n\t<meta property=\"og:image:width\" content=\"1200\" \/>\n\t<meta property=\"og:image:height\" content=\"675\" \/>\n\t<meta property=\"og:image:type\" content=\"image\/jpeg\" \/>\n<meta name=\"twitter:card\" content=\"summary_large_image\" \/>\n<meta name=\"twitter:site\" content=\"@V2C_Charge\" \/>\n<meta name=\"twitter:label1\" content=\"Geschatte leestijd\" \/>\n\t<meta name=\"twitter:data1\" content=\"2 minuten\" \/>\n<script type=\"application\/ld+json\" class=\"yoast-schema-graph\">{\"@context\":\"https:\/\/schema.org\",\"@graph\":[{\"@type\":\"WebPage\",\"@id\":\"https:\/\/v2charge.com\/nl\/ondersteuning\/vermogensregeling\/statisch\/\",\"url\":\"https:\/\/v2charge.com\/nl\/ondersteuning\/vermogensregeling\/statisch\/\",\"name\":\"Statische vermogensregeling - V2C Ondersteuningsgebied\",\"isPartOf\":{\"@id\":\"https:\/\/v2charge.com\/nl\/#website\"},\"primaryImageOfPage\":{\"@id\":\"https:\/\/v2charge.com\/nl\/ondersteuning\/vermogensregeling\/statisch\/#primaryimage\"},\"image\":{\"@id\":\"https:\/\/v2charge.com\/nl\/ondersteuning\/vermogensregeling\/statisch\/#primaryimage\"},\"thumbnailUrl\":\"https:\/\/v2charge.com\/wp-content\/uploads\/2024\/07\/v2c-electric-chargers.jpg\",\"datePublished\":\"2024-11-22T11:04:54+00:00\",\"dateModified\":\"2025-02-11T11:49:38+00:00\",\"description\":\"Statische vermogensregeling - Kies tussen Balanceren tussen laadpunten van een e-Charger of Balanceren tussen e-Chargers | V2C\",\"breadcrumb\":{\"@id\":\"https:\/\/v2charge.com\/nl\/ondersteuning\/vermogensregeling\/statisch\/#breadcrumb\"},\"inLanguage\":\"nl-NL\",\"potentialAction\":[{\"@type\":\"ReadAction\",\"target\":[\"https:\/\/v2charge.com\/nl\/ondersteuning\/vermogensregeling\/statisch\/\"]}]},{\"@type\":\"ImageObject\",\"inLanguage\":\"nl-NL\",\"@id\":\"https:\/\/v2charge.com\/nl\/ondersteuning\/vermogensregeling\/statisch\/#primaryimage\",\"url\":\"https:\/\/v2charge.com\/wp-content\/uploads\/2024\/07\/v2c-electric-chargers.jpg\",\"contentUrl\":\"https:\/\/v2charge.com\/wp-content\/uploads\/2024\/07\/v2c-electric-chargers.jpg\",\"width\":1200,\"height\":675,\"caption\":\"V2C Electric Chargers\"},{\"@type\":\"BreadcrumbList\",\"@id\":\"https:\/\/v2charge.com\/nl\/ondersteuning\/vermogensregeling\/statisch\/#breadcrumb\",\"itemListElement\":[{\"@type\":\"ListItem\",\"position\":1,\"name\":\"V2C\",\"item\":\"https:\/\/v2charge.com\/nl\/\"},{\"@type\":\"ListItem\",\"position\":2,\"name\":\"Ondersteuning\",\"item\":\"https:\/\/v2charge.com\/nl\/ondersteuning\/\"},{\"@type\":\"ListItem\",\"position\":3,\"name\":\"Vermogensregeling\",\"item\":\"https:\/\/v2charge.com\/nl\/ondersteuning\/vermogensregeling\/\"},{\"@type\":\"ListItem\",\"position\":4,\"name\":\"Statische\"}]},{\"@type\":\"WebSite\",\"@id\":\"https:\/\/v2charge.com\/nl\/#website\",\"url\":\"https:\/\/v2charge.com\/nl\/\",\"name\":\"V2C\",\"description\":\"#CargandoElMa\u00f1ana\",\"publisher\":{\"@id\":\"https:\/\/v2charge.com\/nl\/#organization\"},\"potentialAction\":[{\"@type\":\"SearchAction\",\"target\":{\"@type\":\"EntryPoint\",\"urlTemplate\":\"https:\/\/v2charge.com\/nl\/?s={search_term_string}\"},\"query-input\":{\"@type\":\"PropertyValueSpecification\",\"valueRequired\":true,\"valueName\":\"search_term_string\"}}],\"inLanguage\":\"nl-NL\"},{\"@type\":\"Organization\",\"@id\":\"https:\/\/v2charge.com\/nl\/#organization\",\"name\":\"V2C\",\"url\":\"https:\/\/v2charge.com\/nl\/\",\"logo\":{\"@type\":\"ImageObject\",\"inLanguage\":\"nl-NL\",\"@id\":\"https:\/\/v2charge.com\/nl\/#\/schema\/logo\/image\/\",\"url\":\"https:\/\/v2charge.com\/wp-content\/uploads\/2024\/11\/cropped-v2c-charge-logo-menu.png\",\"contentUrl\":\"https:\/\/v2charge.com\/wp-content\/uploads\/2024\/11\/cropped-v2c-charge-logo-menu.png\",\"width\":984,\"height\":431,\"caption\":\"V2C\"},\"image\":{\"@id\":\"https:\/\/v2charge.com\/nl\/#\/schema\/logo\/image\/\"},\"sameAs\":[\"https:\/\/www.facebook.com\/V2C.Charge\",\"https:\/\/x.com\/V2C_Charge\",\"https:\/\/www.instagram.com\/v2c.charge\/\",\"https:\/\/www.youtube.com\/@V2C\",\"https:\/\/www.linkedin.com\/company\/v2c-chargers\/\"]}]}<\/script>\n<!-- \/ Yoast SEO plugin. -->","yoast_head_json":{"title":"Statische vermogensregeling - V2C Ondersteuningsgebied","description":"Statische vermogensregeling - Kies tussen Balanceren tussen laadpunten van een e-Charger of Balanceren tussen e-Chargers | V2C","robots":{"index":"index","follow":"follow","max-snippet":"max-snippet:-1","max-image-preview":"max-image-preview:large","max-video-preview":"max-video-preview:-1"},"canonical":"https:\/\/v2charge.com\/nl\/ondersteuning\/vermogensregeling\/statisch\/","og_locale":"nl_NL","og_type":"article","og_title":"Statische vermogensregeling - V2C Ondersteuningsgebied","og_description":"Statische vermogensregeling - Kies tussen Balanceren tussen laadpunten van een e-Charger of Balanceren tussen e-Chargers | V2C","og_url":"https:\/\/v2charge.com\/nl\/ondersteuning\/vermogensregeling\/statisch\/","og_site_name":"V2C","article_publisher":"https:\/\/www.facebook.com\/V2C.Charge","article_modified_time":"2025-02-11T11:49:38+00:00","og_image":[{"width":1200,"height":675,"url":"https:\/\/v2charge.com\/wp-content\/uploads\/2024\/07\/v2c-electric-chargers.jpg","type":"image\/jpeg"}],"twitter_card":"summary_large_image","twitter_site":"@V2C_Charge","twitter_misc":{"Geschatte leestijd":"2 minuten"},"schema":{"@context":"https:\/\/schema.org","@graph":[{"@type":"WebPage","@id":"https:\/\/v2charge.com\/nl\/ondersteuning\/vermogensregeling\/statisch\/","url":"https:\/\/v2charge.com\/nl\/ondersteuning\/vermogensregeling\/statisch\/","name":"Statische vermogensregeling - V2C Ondersteuningsgebied","isPartOf":{"@id":"https:\/\/v2charge.com\/nl\/#website"},"primaryImageOfPage":{"@id":"https:\/\/v2charge.com\/nl\/ondersteuning\/vermogensregeling\/statisch\/#primaryimage"},"image":{"@id":"https:\/\/v2charge.com\/nl\/ondersteuning\/vermogensregeling\/statisch\/#primaryimage"},"thumbnailUrl":"https:\/\/v2charge.com\/wp-content\/uploads\/2024\/07\/v2c-electric-chargers.jpg","datePublished":"2024-11-22T11:04:54+00:00","dateModified":"2025-02-11T11:49:38+00:00","description":"Statische vermogensregeling - Kies tussen Balanceren tussen laadpunten van een e-Charger of Balanceren tussen e-Chargers | V2C","breadcrumb":{"@id":"https:\/\/v2charge.com\/nl\/ondersteuning\/vermogensregeling\/statisch\/#breadcrumb"},"inLanguage":"nl-NL","potentialAction":[{"@type":"ReadAction","target":["https:\/\/v2charge.com\/nl\/ondersteuning\/vermogensregeling\/statisch\/"]}]},{"@type":"ImageObject","inLanguage":"nl-NL","@id":"https:\/\/v2charge.com\/nl\/ondersteuning\/vermogensregeling\/statisch\/#primaryimage","url":"https:\/\/v2charge.com\/wp-content\/uploads\/2024\/07\/v2c-electric-chargers.jpg","contentUrl":"https:\/\/v2charge.com\/wp-content\/uploads\/2024\/07\/v2c-electric-chargers.jpg","width":1200,"height":675,"caption":"V2C Electric Chargers"},{"@type":"BreadcrumbList","@id":"https:\/\/v2charge.com\/nl\/ondersteuning\/vermogensregeling\/statisch\/#breadcrumb","itemListElement":[{"@type":"ListItem","position":1,"name":"V2C","item":"https:\/\/v2charge.com\/nl\/"},{"@type":"ListItem","position":2,"name":"Ondersteuning","item":"https:\/\/v2charge.com\/nl\/ondersteuning\/"},{"@type":"ListItem","position":3,"name":"Vermogensregeling","item":"https:\/\/v2charge.com\/nl\/ondersteuning\/vermogensregeling\/"},{"@type":"ListItem","position":4,"name":"Statische"}]},{"@type":"WebSite","@id":"https:\/\/v2charge.com\/nl\/#website","url":"https:\/\/v2charge.com\/nl\/","name":"V2C","description":"#CargandoElMa\u00f1ana","publisher":{"@id":"https:\/\/v2charge.com\/nl\/#organization"},"potentialAction":[{"@type":"SearchAction","target":{"@type":"EntryPoint","urlTemplate":"https:\/\/v2charge.com\/nl\/?s={search_term_string}"},"query-input":{"@type":"PropertyValueSpecification","valueRequired":true,"valueName":"search_term_string"}}],"inLanguage":"nl-NL"},{"@type":"Organization","@id":"https:\/\/v2charge.com\/nl\/#organization","name":"V2C","url":"https:\/\/v2charge.com\/nl\/","logo":{"@type":"ImageObject","inLanguage":"nl-NL","@id":"https:\/\/v2charge.com\/nl\/#\/schema\/logo\/image\/","url":"https:\/\/v2charge.com\/wp-content\/uploads\/2024\/11\/cropped-v2c-charge-logo-menu.png","contentUrl":"https:\/\/v2charge.com\/wp-content\/uploads\/2024\/11\/cropped-v2c-charge-logo-menu.png","width":984,"height":431,"caption":"V2C"},"image":{"@id":"https:\/\/v2charge.com\/nl\/#\/schema\/logo\/image\/"},"sameAs":["https:\/\/www.facebook.com\/V2C.Charge","https:\/\/x.com\/V2C_Charge","https:\/\/www.instagram.com\/v2c.charge\/","https:\/\/www.youtube.com\/@V2C","https:\/\/www.linkedin.com\/company\/v2c-chargers\/"]}]}},"uagb_featured_image_src":{"full":["https:\/\/v2charge.com\/wp-content\/uploads\/2024\/07\/v2c-electric-chargers.jpg",1200,675,false],"thumbnail":["https:\/\/v2charge.com\/wp-content\/uploads\/2024\/07\/v2c-electric-chargers-150x150.jpg",150,150,true],"medium":["https:\/\/v2charge.com\/wp-content\/uploads\/2024\/07\/v2c-electric-chargers-300x169.jpg",300,169,true],"medium_large":["https:\/\/v2charge.com\/wp-content\/uploads\/2024\/07\/v2c-electric-chargers-768x432.jpg",768,432,true],"large":["https:\/\/v2charge.com\/wp-content\/uploads\/2024\/07\/v2c-electric-chargers-1024x576.jpg",1024,576,true],"gs-tiny":["https:\/\/v2charge.com\/wp-content\/uploads\/2024\/07\/v2c-electric-chargers.jpg",50,28,false],"xl":["https:\/\/v2charge.com\/wp-content\/uploads\/2024\/07\/v2c-electric-chargers.jpg",1200,675,false],"xxl":["https:\/\/v2charge.com\/wp-content\/uploads\/2024\/07\/v2c-electric-chargers.jpg",1200,675,false],"xxxl":["https:\/\/v2charge.com\/wp-content\/uploads\/2024\/07\/v2c-electric-chargers.jpg",1200,675,false],"xxxxl":["https:\/\/v2charge.com\/wp-content\/uploads\/2024\/07\/v2c-electric-chargers.jpg",1200,675,false],"xxxxxl":["https:\/\/v2charge.com\/wp-content\/uploads\/2024\/07\/v2c-electric-chargers.jpg",1200,675,false],"1536x1536":["https:\/\/v2charge.com\/wp-content\/uploads\/2024\/07\/v2c-electric-chargers.jpg",1200,675,false],"2048x2048":["https:\/\/v2charge.com\/wp-content\/uploads\/2024\/07\/v2c-electric-chargers.jpg",1200,675,false]},"uagb_author_info":{"display_name":"V2C","author_link":"https:\/\/v2charge.com\/nl\/author\/marketing\/"},"uagb_comment_info":0,"uagb_excerpt":"Statische vermogensregeling De statische vermogensregeling is een geavanceerde functionaliteit van V2C die de energie effici\u00ebnt verdeelt tussen \u00e9\u00e9n of meerdere e-Chargers, waardoor overbelasting wordt voorkomen en een evenwichtige verdeling van het gecontracteerde vermogen wordt gegarandeerd. Door de energie automatisch tussen de laadstations te balanceren, zorgt het systeem voor optimale en veilige prestaties, waardoor de energie-effici\u00ebntie&hellip;","_links":{"self":[{"href":"https:\/\/v2charge.com\/nl\/wp-json\/wp\/v2\/pages\/190950","targetHints":{"allow":["GET"]}}],"collection":[{"href":"https:\/\/v2charge.com\/nl\/wp-json\/wp\/v2\/pages"}],"about":[{"href":"https:\/\/v2charge.com\/nl\/wp-json\/wp\/v2\/types\/page"}],"author":[{"embeddable":true,"href":"https:\/\/v2charge.com\/nl\/wp-json\/wp\/v2\/users\/400"}],"replies":[{"embeddable":true,"href":"https:\/\/v2charge.com\/nl\/wp-json\/wp\/v2\/comments?post=190950"}],"version-history":[{"count":5,"href":"https:\/\/v2charge.com\/nl\/wp-json\/wp\/v2\/pages\/190950\/revisions"}],"predecessor-version":[{"id":205493,"href":"https:\/\/v2charge.com\/nl\/wp-json\/wp\/v2\/pages\/190950\/revisions\/205493"}],"up":[{"embeddable":true,"href":"https:\/\/v2charge.com\/nl\/wp-json\/wp\/v2\/pages\/190925"}],"wp:featuredmedia":[{"embeddable":true,"href":"https:\/\/v2charge.com\/nl\/wp-json\/wp\/v2\/media\/170348"}],"wp:attachment":[{"href":"https:\/\/v2charge.com\/nl\/wp-json\/wp\/v2\/media?parent=190950"}],"curies":[{"name":"wp","href":"https:\/\/api.w.org\/{rel}","templated":true}]}}