{"id":241365,"date":"2025-08-01T12:58:14","date_gmt":"2025-08-01T10:58:14","guid":{"rendered":"https:\/\/v2charge.com\/ondersteuning\/trydan\/medidor-mid\/"},"modified":"2025-08-04T13:15:19","modified_gmt":"2025-08-04T11:15:19","slug":"mid-meter","status":"publish","type":"page","link":"https:\/\/v2charge.com\/nl\/ondersteuning\/trydan\/mid-meter\/","title":{"rendered":"MID-meter"},"content":{"rendered":"\n<div class=\"wp-block-uagb-container uagb-block-4e29f302 alignfull uagb-is-root-container\"><div class=\"uagb-container-inner-blocks-wrap\"><div class=\"yoast-breadcrumbs\"><span><span><a href=\"https:\/\/v2charge.com\/nl\/\">V2C<\/a><\/span> \u00bb <span><a href=\"https:\/\/v2charge.com\/nl\/ondersteuning\/\">Ondersteuning<\/a><\/span> \u00bb <span><a href=\"https:\/\/v2charge.com\/nl\/ondersteuning\/trydan\/\">Trydan Support<\/a><\/span> \u00bb <span class=\"breadcrumb_last\" aria-current=\"page\">MID-meter<\/span><\/span><\/div>\n\n\n<div class=\"wp-block-uagb-advanced-heading uagb-block-eb8d37cd\"><h1 class=\"uagb-heading-text\"><strong>MID-meter<\/strong><\/h1><\/div>\n\n\n\n<p>De <strong>MID-meter <\/strong>is een <strong>elektrisch meetapparaat <\/strong>dat voldoet aan de vereisten van de Europese Richtlijn 2014\/32\/EU, bekend als de MID-richtlijn (Measuring Instruments Directive).<\/p>\n\n\n\n<p><strong>MID-meters <\/strong>registreren <strong>nauwkeurig het energieverbruik tijdens het opladen van elektrische voertuigen, <\/strong>vooral wanneer een gecertificeerde meting vereist is voor facturatie. Dankzij de MID-certificering kunnen exploitanten, bedrijven en particulieren transparantie garanderen in het factureren van elektriciteitsverbruik.<br><\/p>\n\n\n\n<p>Naast het gebruik in EV-laadstations worden MID-meters ook toegepast <strong>in industri\u00eble, commerci\u00eble en residenti\u00eble installaties <\/strong>waar precisie en traceerbaarheid van energiegegevens essentieel zijn.<br><\/p>\n\n\n\n<hr class=\"wp-block-separator has-alpha-channel-opacity\"\/>\n<\/div><\/div>\n\n\n\n<div class=\"wp-block-uagb-advanced-heading uagb-block-f436cc25\"><h1 class=\"uagb-heading-text\"><strong>Hoe de MID-meter aansluiten<\/strong><\/h1><\/div>\n\n\n\n<p>De<strong> MID-meter wordt gevoed door de fase die uit het beveiligingsblok komt.<\/strong> Zoals op de afbeelding te zien is, gaat de nuldraad (blauwe kabel) bovenaan de meter in en uit, terwijl fase 1 onderaan wordt aangesloten en doorgelust.<br><\/p>\n\n\n\n<div class=\"wp-block-uagb-container uagb-block-a856e430 alignwide uagb-is-root-container\">\n<div class=\"wp-block-uagb-container uagb-block-1c381015\">\n<div class=\"wp-block-uagb-image uagb-block-88976d01 wp-block-uagb-image--layout-default wp-block-uagb-image--effect-zoomin wp-block-uagb-image--align-none\"><figure class=\"wp-block-uagb-image__figure\"><img decoding=\"async\" srcset=\"https:\/\/v2charge.com\/wp-content\/uploads\/2025\/08\/medidor-mid.jpg ,https:\/\/v2charge.com\/wp-content\/uploads\/2025\/08\/medidor-mid.jpg 780w, https:\/\/v2charge.com\/wp-content\/uploads\/2025\/08\/medidor-mid.jpg 360w\" sizes=\"auto, (max-width: 480px) 150px\" src=\"https:\/\/v2charge.com\/wp-content\/uploads\/2025\/08\/medidor-mid.jpg\" alt=\"\" class=\"uag-image-240966\" width=\"842\" height=\"610\" title=\"medidor-mid\" loading=\"lazy\" role=\"img\"\/><\/figure><\/div>\n<\/div>\n\n\n\n<div class=\"wp-block-uagb-container margen-acordeon uagb-block-02f02898\">\n<div class=\"wp-block-uagb-info-box uagb-block-b2701ecb uagb-infobox__content-wrap  uagb-infobox-icon-left uagb-infobox-left uagb-infobox-stacked-tablet uagb-infobox-image-valign-top\"><div class=\"uagb-ifb-image-content\"><img decoding=\"async\" src=\"https:\/\/v2charge.com\/wp-content\/uploads\/2023\/11\/numero-uno.png\" alt=\"\" width=\"25\" height=\"25\" loading=\"lazy\"\/><\/div><div class=\"uagb-ifb-content\"><div class=\"uagb-ifb-title-wrap\"><\/div><p class=\"uagb-ifb-desc\">Enkelfasige installatie<\/p><\/div><\/div>\n\n\n\n<div class=\"wp-block-uagb-info-box uagb-block-84c1f95e uagb-infobox__content-wrap  uagb-infobox-icon-left uagb-infobox-left uagb-infobox-stacked-tablet uagb-infobox-image-valign-top\"><div class=\"uagb-ifb-image-content\"><img decoding=\"async\" src=\"https:\/\/v2charge.com\/wp-content\/uploads\/2023\/11\/numero-dos.png\" alt=\"\" width=\"25\" height=\"25\" loading=\"lazy\"\/><\/div><div class=\"uagb-ifb-content\"><div class=\"uagb-ifb-title-wrap\"><\/div><p class=\"uagb-ifb-desc\">MID-meter<\/p><\/div><\/div>\n\n\n\n<div class=\"wp-block-uagb-info-box uagb-block-d2b382d2 uagb-infobox__content-wrap  uagb-infobox-icon-left uagb-infobox-left uagb-infobox-stacked-tablet uagb-infobox-image-valign-top\"><div class=\"uagb-ifb-image-content\"><img decoding=\"async\" src=\"https:\/\/v2charge.com\/wp-content\/uploads\/2023\/11\/numero-tres.png\" alt=\"\" width=\"25\" height=\"25\" loading=\"lazy\"\/><\/div><div class=\"uagb-ifb-content\"><div class=\"uagb-ifb-title-wrap\"><\/div><p class=\"uagb-ifb-desc\">Vermogensplaat<\/p><\/div><\/div>\n\n\n\n<div class=\"wp-block-uagb-info-box uagb-block-510c4db1 uagb-infobox__content-wrap  uagb-infobox-icon-left uagb-infobox-left uagb-infobox-stacked-tablet uagb-infobox-image-valign-top\"><div class=\"uagb-ifb-image-content\"><img decoding=\"async\" src=\"https:\/\/v2charge.com\/wp-content\/uploads\/2023\/11\/numero-cuatro.png\" alt=\"\" width=\"25\" height=\"25\" loading=\"lazy\"\/><\/div><div class=\"uagb-ifb-content\"><div class=\"uagb-ifb-title-wrap\"><\/div><p class=\"uagb-ifb-desc\">CON6<\/p><\/div><\/div>\n\n\n\n<div class=\"wp-block-uagb-info-box uagb-block-1b65eb79 uagb-infobox__content-wrap  uagb-infobox-icon-left uagb-infobox-left uagb-infobox-stacked-tablet uagb-infobox-image-valign-top\"><div class=\"uagb-ifb-image-content\"><img decoding=\"async\" src=\"https:\/\/v2charge.com\/wp-content\/uploads\/2023\/11\/numero-cinco.png\" alt=\"\" width=\"25\" height=\"25\" loading=\"lazy\"\/><\/div><div class=\"uagb-ifb-content\"><div class=\"uagb-ifb-title-wrap\"><\/div><p class=\"uagb-ifb-desc\">Laadkabel<\/p><\/div><\/div>\n\n\n\n<div class=\"wp-block-uagb-info-box uagb-block-617adc4f uagb-infobox__content-wrap  uagb-infobox-icon-left uagb-infobox-left uagb-infobox-stacked-tablet uagb-infobox-image-valign-top\"><div class=\"uagb-ifb-image-content\"><img decoding=\"async\" src=\"https:\/\/v2charge.com\/wp-content\/uploads\/2023\/12\/numero-seis.png\" alt=\"\" width=\"25\" height=\"25\" loading=\"lazy\"\/><\/div><div class=\"uagb-ifb-content\"><div class=\"uagb-ifb-title-wrap\"><\/div><p class=\"uagb-ifb-desc\">e-Charger-behuizing<\/p><\/div><\/div>\n<\/div>\n<\/div>\n\n\n\n<hr class=\"wp-block-separator has-alpha-channel-opacity\"\/>\n\n\n\n<div class=\"wp-block-uagb-advanced-heading uagb-block-3510d36a\"><h1 class=\"uagb-heading-text\"><strong>Hoe de MID-meter configureren<\/strong><\/h1><\/div>\n\n\n\n<p>De MID-meter wordt <strong>geconfigureerd<\/strong> via<strong> <\/strong><a href=\"https:\/\/v2charge.com\/nl\/ondersteuning\/trydan\/navigatietoetsen-display\/\"><strong>het bedieningspaneel van de Trydan-lader.<\/strong> <\/a>Ga hiervoor naar de instelling \u2018<strong>Aanvullend<\/strong>\u2019, vervolgens naar het gedeelte \u2018MID-meter\u2019 en kies tot slot \u2018<strong>Enkelfasig<\/strong>\u2019 of \u2018<strong>Driefasig<\/strong>\u2019.<br><br>Als er geen MID-meter is ge\u00efnstalleerd, moet de optie \u2018<strong>Nee<\/strong>\u2019 geselecteerd worden.<br><\/p>\n\n\n\n<div class=\"wp-block-uagb-container uagb-block-d7888932 default uagb-is-root-container\">\n<div class=\"wp-block-uagb-container uagb-block-51c979ca\">\n<div class=\"wp-block-uagb-image uagb-block-522c59ec wp-block-uagb-image--layout-default wp-block-uagb-image--effect-static wp-block-uagb-image--align-none\"><figure class=\"wp-block-uagb-image__figure\"><img decoding=\"async\" srcset=\"https:\/\/v2charge.com\/wp-content\/uploads\/2024\/07\/mid-meterenkelfasig.png ,https:\/\/v2charge.com\/wp-content\/uploads\/2024\/07\/mid-meterenkelfasig.png 780w, https:\/\/v2charge.com\/wp-content\/uploads\/2024\/07\/mid-meterenkelfasig.png 360w\" sizes=\"auto, (max-width: 480px) 150px\" src=\"https:\/\/v2charge.com\/wp-content\/uploads\/2024\/07\/mid-meterenkelfasig.png\" alt=\"\" class=\"uag-image-165470\" width=\"685\" height=\"166\" title=\"mid-meterenkelfasig\" loading=\"lazy\" role=\"img\"\/><\/figure><\/div>\n<\/div>\n\n\n\n<div class=\"wp-block-uagb-container uagb-block-c2a9fa26\">\n<div class=\"wp-block-uagb-image uagb-block-1dd3bb79 wp-block-uagb-image--layout-default wp-block-uagb-image--effect-static wp-block-uagb-image--align-none\"><figure class=\"wp-block-uagb-image__figure\"><img decoding=\"async\" srcset=\"https:\/\/v2charge.com\/wp-content\/uploads\/2024\/07\/mid-meter-nee.png ,https:\/\/v2charge.com\/wp-content\/uploads\/2024\/07\/mid-meter-nee.png 780w, https:\/\/v2charge.com\/wp-content\/uploads\/2024\/07\/mid-meter-nee.png 360w\" sizes=\"auto, (max-width: 480px) 150px\" src=\"https:\/\/v2charge.com\/wp-content\/uploads\/2024\/07\/mid-meter-nee.png\" alt=\"\" class=\"uag-image-165460\" width=\"685\" height=\"166\" title=\"mid-meter-nee\" loading=\"lazy\" role=\"img\"\/><\/figure><\/div>\n<\/div>\n\n\n\n<div class=\"wp-block-uagb-container uagb-block-971804f3\">\n<div class=\"wp-block-uagb-image uagb-block-8e1dc988 wp-block-uagb-image--layout-default wp-block-uagb-image--effect-static wp-block-uagb-image--align-none\"><figure class=\"wp-block-uagb-image__figure\"><img decoding=\"async\" srcset=\"https:\/\/v2charge.com\/wp-content\/uploads\/2024\/07\/mid-meter-driefasing.png ,https:\/\/v2charge.com\/wp-content\/uploads\/2024\/07\/mid-meter-driefasing.png 780w, https:\/\/v2charge.com\/wp-content\/uploads\/2024\/07\/mid-meter-driefasing.png 360w\" sizes=\"auto, (max-width: 480px) 150px\" src=\"https:\/\/v2charge.com\/wp-content\/uploads\/2024\/07\/mid-meter-driefasing.png\" alt=\"\" class=\"uag-image-165450\" width=\"685\" height=\"166\" title=\"mid-meter-driefasing\" loading=\"lazy\" role=\"img\"\/><\/figure><\/div>\n<\/div>\n<\/div>\n\n\n\n<div style=\"height:30px\" aria-hidden=\"true\" class=\"wp-block-spacer uag-hide-mob\"><\/div>\n\n\n\n<div style=\"height:50px\" aria-hidden=\"true\" class=\"wp-block-spacer\"><\/div>\n\n\n\n<div class=\"wp-block-uagb-container uagb-block-c6f38013 alignfull uagb-is-root-container\"><div class=\"uagb-container-inner-blocks-wrap\">\n<div class=\"wp-block-uagb-advanced-heading uagb-block-6963d70c\"><h2 class=\"uagb-heading-text\"><strong><strong>Heb je technische ondersteuning nodig?<\/strong><\/strong><\/h2><\/div>\n\n\n\n<div class=\"wp-block-uagb-advanced-heading uagb-block-408243eb\"><p class=\"uagb-heading-text\">Dien een verzoek in bij het centrum voor technische ondersteuning en we nemen zo snel mogelijk contact met u op om u de beste oplossing te bieden.<br><a href=\"https:\/\/v2charge.atlassian.net\/servicedesk\/customer\/portal\/3\"><\/a><\/p><\/div>\n\n\n\n<div class=\"wp-block-uagb-buttons uagb-buttons__outer-wrap uagb-btn__default-btn uagb-btn-tablet__default-btn uagb-btn-mobile__default-btn uagb-block-ba1e67d1\"><div class=\"uagb-buttons__wrap uagb-buttons-layout-wrap \">\n<div class=\"wp-block-uagb-buttons-child uagb-buttons__outer-wrap uagb-block-23cfb623 wp-block-button\"><div class=\"uagb-button__wrapper\"><a class=\"uagb-buttons-repeater wp-block-button__link\" aria-label=\"\" href=\"https:\/\/v2charge.atlassian.net\/servicedesk\/customer\/portal\/3\" rel=\"follow noopener\" target=\"_self\" role=\"button\"><div class=\"uagb-button__link\">Contact opnemen met technische ondersteuning<\/div><\/a><\/div><\/div>\n<\/div><\/div>\n<\/div><\/div>\n","protected":false},"excerpt":{"rendered":"<p>MID-meter De MID-meter is een elektrisch meetapparaat dat voldoet aan de vereisten van de Europese Richtlijn 2014\/32\/EU, bekend als de MID-richtlijn (Measuring Instruments Directive). MID-meters registreren nauwkeurig het energieverbruik tijdens het opladen van elektrische voertuigen, vooral wanneer een gecertificeerde meting vereist is voor facturatie. Dankzij de MID-certificering kunnen exploitanten, bedrijven en particulieren transparantie garanderen in &#8230; <a title=\"MID-meter\" class=\"read-more\" href=\"https:\/\/v2charge.com\/nl\/ondersteuning\/trydan\/mid-meter\/\" aria-label=\"Lees meer over MID-meter\">Lees meer<\/a><\/p>\n","protected":false},"author":400,"featured_media":0,"parent":108145,"menu_order":0,"comment_status":"closed","ping_status":"closed","template":"","meta":{"_eb_attr":"","content-type":"","_uag_custom_page_level_css":"","footnotes":""},"class_list":["post-241365","page","type-page","status-publish"],"yoast_head":"<!-- This site is optimized with the Yoast SEO plugin v25.3.1 - https:\/\/yoast.com\/wordpress\/plugins\/seo\/ -->\n<title>MID-meter - V2C<\/title>\n<meta name=\"description\" content=\"Ontdek hoe je de MID-meter aansluit en configureert \u2013 een apparaat dat het energieverbruik tijdens het laden van EV\u2019s nauwkeurig registreert.\" \/>\n<meta name=\"robots\" content=\"index, follow, max-snippet:-1, max-image-preview:large, max-video-preview:-1\" \/>\n<link rel=\"canonical\" href=\"https:\/\/v2charge.com\/nl\/ondersteuning\/trydan\/mid-meter\/\" \/>\n<meta property=\"og:locale\" content=\"nl_NL\" \/>\n<meta property=\"og:type\" content=\"article\" \/>\n<meta property=\"og:title\" content=\"MID-meter - V2C\" \/>\n<meta property=\"og:description\" content=\"Ontdek hoe je de MID-meter aansluit en configureert \u2013 een apparaat dat het energieverbruik tijdens het laden van EV\u2019s nauwkeurig registreert.\" \/>\n<meta property=\"og:url\" content=\"https:\/\/v2charge.com\/nl\/ondersteuning\/trydan\/mid-meter\/\" \/>\n<meta property=\"og:site_name\" content=\"V2C\" \/>\n<meta property=\"article:publisher\" content=\"https:\/\/www.facebook.com\/V2C.Charge\" \/>\n<meta property=\"article:modified_time\" content=\"2025-08-04T11:15:19+00:00\" \/>\n<meta property=\"og:image\" content=\"https:\/\/v2charge.com\/wp-content\/uploads\/2025\/08\/medidor-mid.jpg\" \/>\n<meta name=\"twitter:card\" content=\"summary_large_image\" \/>\n<meta name=\"twitter:site\" content=\"@V2C_Charge\" \/>\n<meta name=\"twitter:label1\" content=\"Geschatte leestijd\" \/>\n\t<meta name=\"twitter:data1\" content=\"3 minuten\" \/>\n<script type=\"application\/ld+json\" class=\"yoast-schema-graph\">{\"@context\":\"https:\/\/schema.org\",\"@graph\":[{\"@type\":\"WebPage\",\"@id\":\"https:\/\/v2charge.com\/nl\/ondersteuning\/trydan\/mid-meter\/\",\"url\":\"https:\/\/v2charge.com\/nl\/ondersteuning\/trydan\/mid-meter\/\",\"name\":\"MID-meter - V2C\",\"isPartOf\":{\"@id\":\"https:\/\/v2charge.com\/nl\/#website\"},\"primaryImageOfPage\":{\"@id\":\"https:\/\/v2charge.com\/nl\/ondersteuning\/trydan\/mid-meter\/#primaryimage\"},\"image\":{\"@id\":\"https:\/\/v2charge.com\/nl\/ondersteuning\/trydan\/mid-meter\/#primaryimage\"},\"thumbnailUrl\":\"https:\/\/v2charge.com\/wp-content\/uploads\/2025\/08\/medidor-mid.jpg\",\"datePublished\":\"2025-08-01T10:58:14+00:00\",\"dateModified\":\"2025-08-04T11:15:19+00:00\",\"description\":\"Ontdek hoe je de MID-meter aansluit en configureert \u2013 een apparaat dat het energieverbruik tijdens het laden van EV\u2019s nauwkeurig registreert.\",\"breadcrumb\":{\"@id\":\"https:\/\/v2charge.com\/nl\/ondersteuning\/trydan\/mid-meter\/#breadcrumb\"},\"inLanguage\":\"nl-NL\",\"potentialAction\":[{\"@type\":\"ReadAction\",\"target\":[\"https:\/\/v2charge.com\/nl\/ondersteuning\/trydan\/mid-meter\/\"]}]},{\"@type\":\"ImageObject\",\"inLanguage\":\"nl-NL\",\"@id\":\"https:\/\/v2charge.com\/nl\/ondersteuning\/trydan\/mid-meter\/#primaryimage\",\"url\":\"https:\/\/v2charge.com\/wp-content\/uploads\/2025\/08\/medidor-mid.jpg\",\"contentUrl\":\"https:\/\/v2charge.com\/wp-content\/uploads\/2025\/08\/medidor-mid.jpg\"},{\"@type\":\"BreadcrumbList\",\"@id\":\"https:\/\/v2charge.com\/nl\/ondersteuning\/trydan\/mid-meter\/#breadcrumb\",\"itemListElement\":[{\"@type\":\"ListItem\",\"position\":1,\"name\":\"V2C\",\"item\":\"https:\/\/v2charge.com\/nl\/\"},{\"@type\":\"ListItem\",\"position\":2,\"name\":\"Ondersteuning\",\"item\":\"https:\/\/v2charge.com\/nl\/ondersteuning\/\"},{\"@type\":\"ListItem\",\"position\":3,\"name\":\"Trydan Support\",\"item\":\"https:\/\/v2charge.com\/nl\/ondersteuning\/trydan\/\"},{\"@type\":\"ListItem\",\"position\":4,\"name\":\"MID-meter\"}]},{\"@type\":\"WebSite\",\"@id\":\"https:\/\/v2charge.com\/nl\/#website\",\"url\":\"https:\/\/v2charge.com\/nl\/\",\"name\":\"V2C\",\"description\":\"#CargandoElMa\u00f1ana\",\"publisher\":{\"@id\":\"https:\/\/v2charge.com\/nl\/#organization\"},\"potentialAction\":[{\"@type\":\"SearchAction\",\"target\":{\"@type\":\"EntryPoint\",\"urlTemplate\":\"https:\/\/v2charge.com\/nl\/?s={search_term_string}\"},\"query-input\":{\"@type\":\"PropertyValueSpecification\",\"valueRequired\":true,\"valueName\":\"search_term_string\"}}],\"inLanguage\":\"nl-NL\"},{\"@type\":\"Organization\",\"@id\":\"https:\/\/v2charge.com\/nl\/#organization\",\"name\":\"V2C\",\"url\":\"https:\/\/v2charge.com\/nl\/\",\"logo\":{\"@type\":\"ImageObject\",\"inLanguage\":\"nl-NL\",\"@id\":\"https:\/\/v2charge.com\/nl\/#\/schema\/logo\/image\/\",\"url\":\"https:\/\/v2charge.com\/wp-content\/uploads\/2024\/11\/cropped-v2c-charge-logo-menu.png\",\"contentUrl\":\"https:\/\/v2charge.com\/wp-content\/uploads\/2024\/11\/cropped-v2c-charge-logo-menu.png\",\"width\":984,\"height\":431,\"caption\":\"V2C\"},\"image\":{\"@id\":\"https:\/\/v2charge.com\/nl\/#\/schema\/logo\/image\/\"},\"sameAs\":[\"https:\/\/www.facebook.com\/V2C.Charge\",\"https:\/\/x.com\/V2C_Charge\",\"https:\/\/www.instagram.com\/v2c.charge\/\",\"https:\/\/www.youtube.com\/@V2C\",\"https:\/\/www.linkedin.com\/company\/v2c-chargers\/\"]}]}<\/script>\n<!-- \/ Yoast SEO plugin. -->","yoast_head_json":{"title":"MID-meter - V2C","description":"Ontdek hoe je de MID-meter aansluit en configureert \u2013 een apparaat dat het energieverbruik tijdens het laden van EV\u2019s nauwkeurig registreert.","robots":{"index":"index","follow":"follow","max-snippet":"max-snippet:-1","max-image-preview":"max-image-preview:large","max-video-preview":"max-video-preview:-1"},"canonical":"https:\/\/v2charge.com\/nl\/ondersteuning\/trydan\/mid-meter\/","og_locale":"nl_NL","og_type":"article","og_title":"MID-meter - V2C","og_description":"Ontdek hoe je de MID-meter aansluit en configureert \u2013 een apparaat dat het energieverbruik tijdens het laden van EV\u2019s nauwkeurig registreert.","og_url":"https:\/\/v2charge.com\/nl\/ondersteuning\/trydan\/mid-meter\/","og_site_name":"V2C","article_publisher":"https:\/\/www.facebook.com\/V2C.Charge","article_modified_time":"2025-08-04T11:15:19+00:00","og_image":[{"url":"https:\/\/v2charge.com\/wp-content\/uploads\/2025\/08\/medidor-mid.jpg","type":"","width":"","height":""}],"twitter_card":"summary_large_image","twitter_site":"@V2C_Charge","twitter_misc":{"Geschatte leestijd":"3 minuten"},"schema":{"@context":"https:\/\/schema.org","@graph":[{"@type":"WebPage","@id":"https:\/\/v2charge.com\/nl\/ondersteuning\/trydan\/mid-meter\/","url":"https:\/\/v2charge.com\/nl\/ondersteuning\/trydan\/mid-meter\/","name":"MID-meter - V2C","isPartOf":{"@id":"https:\/\/v2charge.com\/nl\/#website"},"primaryImageOfPage":{"@id":"https:\/\/v2charge.com\/nl\/ondersteuning\/trydan\/mid-meter\/#primaryimage"},"image":{"@id":"https:\/\/v2charge.com\/nl\/ondersteuning\/trydan\/mid-meter\/#primaryimage"},"thumbnailUrl":"https:\/\/v2charge.com\/wp-content\/uploads\/2025\/08\/medidor-mid.jpg","datePublished":"2025-08-01T10:58:14+00:00","dateModified":"2025-08-04T11:15:19+00:00","description":"Ontdek hoe je de MID-meter aansluit en configureert \u2013 een apparaat dat het energieverbruik tijdens het laden van EV\u2019s nauwkeurig registreert.","breadcrumb":{"@id":"https:\/\/v2charge.com\/nl\/ondersteuning\/trydan\/mid-meter\/#breadcrumb"},"inLanguage":"nl-NL","potentialAction":[{"@type":"ReadAction","target":["https:\/\/v2charge.com\/nl\/ondersteuning\/trydan\/mid-meter\/"]}]},{"@type":"ImageObject","inLanguage":"nl-NL","@id":"https:\/\/v2charge.com\/nl\/ondersteuning\/trydan\/mid-meter\/#primaryimage","url":"https:\/\/v2charge.com\/wp-content\/uploads\/2025\/08\/medidor-mid.jpg","contentUrl":"https:\/\/v2charge.com\/wp-content\/uploads\/2025\/08\/medidor-mid.jpg"},{"@type":"BreadcrumbList","@id":"https:\/\/v2charge.com\/nl\/ondersteuning\/trydan\/mid-meter\/#breadcrumb","itemListElement":[{"@type":"ListItem","position":1,"name":"V2C","item":"https:\/\/v2charge.com\/nl\/"},{"@type":"ListItem","position":2,"name":"Ondersteuning","item":"https:\/\/v2charge.com\/nl\/ondersteuning\/"},{"@type":"ListItem","position":3,"name":"Trydan Support","item":"https:\/\/v2charge.com\/nl\/ondersteuning\/trydan\/"},{"@type":"ListItem","position":4,"name":"MID-meter"}]},{"@type":"WebSite","@id":"https:\/\/v2charge.com\/nl\/#website","url":"https:\/\/v2charge.com\/nl\/","name":"V2C","description":"#CargandoElMa\u00f1ana","publisher":{"@id":"https:\/\/v2charge.com\/nl\/#organization"},"potentialAction":[{"@type":"SearchAction","target":{"@type":"EntryPoint","urlTemplate":"https:\/\/v2charge.com\/nl\/?s={search_term_string}"},"query-input":{"@type":"PropertyValueSpecification","valueRequired":true,"valueName":"search_term_string"}}],"inLanguage":"nl-NL"},{"@type":"Organization","@id":"https:\/\/v2charge.com\/nl\/#organization","name":"V2C","url":"https:\/\/v2charge.com\/nl\/","logo":{"@type":"ImageObject","inLanguage":"nl-NL","@id":"https:\/\/v2charge.com\/nl\/#\/schema\/logo\/image\/","url":"https:\/\/v2charge.com\/wp-content\/uploads\/2024\/11\/cropped-v2c-charge-logo-menu.png","contentUrl":"https:\/\/v2charge.com\/wp-content\/uploads\/2024\/11\/cropped-v2c-charge-logo-menu.png","width":984,"height":431,"caption":"V2C"},"image":{"@id":"https:\/\/v2charge.com\/nl\/#\/schema\/logo\/image\/"},"sameAs":["https:\/\/www.facebook.com\/V2C.Charge","https:\/\/x.com\/V2C_Charge","https:\/\/www.instagram.com\/v2c.charge\/","https:\/\/www.youtube.com\/@V2C","https:\/\/www.linkedin.com\/company\/v2c-chargers\/"]}]}},"uagb_featured_image_src":{"full":false,"thumbnail":false,"medium":false,"medium_large":false,"large":false,"gs-tiny":false,"xl":false,"xxl":false,"xxxl":false,"xxxxl":false,"xxxxxl":false,"1536x1536":false,"2048x2048":false},"uagb_author_info":{"display_name":"V2C","author_link":"https:\/\/v2charge.com\/nl\/author\/marketing\/"},"uagb_comment_info":0,"uagb_excerpt":"MID-meter De MID-meter is een elektrisch meetapparaat dat voldoet aan de vereisten van de Europese Richtlijn 2014\/32\/EU, bekend als de MID-richtlijn (Measuring Instruments Directive). MID-meters registreren nauwkeurig het energieverbruik tijdens het opladen van elektrische voertuigen, vooral wanneer een gecertificeerde meting vereist is voor facturatie. Dankzij de MID-certificering kunnen exploitanten, bedrijven en particulieren transparantie garanderen in&hellip;","_links":{"self":[{"href":"https:\/\/v2charge.com\/nl\/wp-json\/wp\/v2\/pages\/241365","targetHints":{"allow":["GET"]}}],"collection":[{"href":"https:\/\/v2charge.com\/nl\/wp-json\/wp\/v2\/pages"}],"about":[{"href":"https:\/\/v2charge.com\/nl\/wp-json\/wp\/v2\/types\/page"}],"author":[{"embeddable":true,"href":"https:\/\/v2charge.com\/nl\/wp-json\/wp\/v2\/users\/400"}],"replies":[{"embeddable":true,"href":"https:\/\/v2charge.com\/nl\/wp-json\/wp\/v2\/comments?post=241365"}],"version-history":[{"count":4,"href":"https:\/\/v2charge.com\/nl\/wp-json\/wp\/v2\/pages\/241365\/revisions"}],"predecessor-version":[{"id":241445,"href":"https:\/\/v2charge.com\/nl\/wp-json\/wp\/v2\/pages\/241365\/revisions\/241445"}],"up":[{"embeddable":true,"href":"https:\/\/v2charge.com\/nl\/wp-json\/wp\/v2\/pages\/108145"}],"wp:attachment":[{"href":"https:\/\/v2charge.com\/nl\/wp-json\/wp\/v2\/media?parent=241365"}],"curies":[{"name":"wp","href":"https:\/\/api.w.org\/{rel}","templated":true}]}}