{"id":109621,"date":"2023-07-10T14:19:01","date_gmt":"2023-07-10T14:19:01","guid":{"rendered":"https:\/\/v2charge.com\/?page_id=109621"},"modified":"2023-07-10T14:19:02","modified_gmt":"2023-07-10T14:19:02","slug":"jak-dodac-punkt-ladowania-do-mojej-platformy","status":"publish","type":"page","link":"https:\/\/v2charge.com\/pl\/jak-dodac-punkt-ladowania-do-mojej-platformy\/","title":{"rendered":"Jak doda\u0107 punkt \u0142adowania do mojej platformy?"},"content":{"rendered":"\n<div style=\"height:60px\" aria-hidden=\"true\" class=\"wp-block-spacer\"><\/div>\n\n\n\n<h1 class=\"wp-block-heading\">Jak doda\u0107 punkt \u0142adowania do mojej platformy?<\/h1>\n\n\n\n<p>Aby doda\u0107 punkt \u0142adowania do platformy V2C Cloud, wykonaj poni\u017csze czynno\u015bci:<\/p>\n\n\n\n<h2 class=\"wp-block-heading\">Za po\u015brednictwem aplikacji<\/h2>\n\n\n\n<p>Naci\u015bnij przycisk dodawania \u0142adowarki oznaczony powy\u017cej dat\u0105.<\/p>\n\n\n\n<figure><img decoding=\"async\" src=\"https:\/\/v2charge.com\/wp-content\/uploads\/2022\/12\/v2c-app-an\u0303adir-echarger-731x1024.jpg\" alt=\"V2C APP A\u00f1adir cargador\" width=\"366\" height=\"512\"\/><\/figure>\n\n\n\n<p>Numer ID mo\u017cna znale\u017a\u0107 na naklejce na urz\u0105dzeniu lub na naklejce w instrukcji obs\u0142ugi. Sk\u0142ada si\u0119 on z 7 cyfr i liter zapisanych losowo wielkimi literami. Na przyk\u0142ad ER47HBV.<\/p>\n\n\n\n<figure><img decoding=\"async\" src=\"https:\/\/v2charge.com\/wp-content\/uploads\/2022\/12\/v2c-app-an\u0303adir-cargador-731x1024.jpg\" alt=\"V2C APP ID de un e-Charger\" width=\"366\" height=\"512\"\/><\/figure>\n\n\n\n<blockquote class=\"wp-block-quote is-layout-flow wp-block-quote-is-layout-flow\"><p>Zostaniesz poproszony o podanie lokalizacji w momencie parowania punktu \u0142adowania, do cel\u00f3w statystycznych i bezpiecze\u0144stwa.<\/p><\/blockquote>\n\n\n\n<p>Po zarejestrowaniu \u0142adowarka nie mo\u017ce by\u0107 ju\u017c sparowana przez nikogo innego, chyba \u017ce zostanie usuni\u0119ta. Je\u015bli chcesz mie\u0107 j\u0105 na dw\u00f3ch telefonach kom\u00f3rkowych lub kontach jednocze\u015bnie, udost\u0119pnij j\u0105. Je\u015bli Tw\u00f3j punkt \u0142adowania nie jest zarejestrowany na \u017cadnym urz\u0105dzeniu (telefonie kom\u00f3rkowym lub komputerze), a Tw\u00f3j numer jest publiczny, mo\u017ce zosta\u0107 zarejestrowany przez osob\u0119 trzeci\u0105 bez Twojej zgody.<\/p>\n\n\n\n<blockquote class=\"wp-block-quote is-layout-flow wp-block-quote-is-layout-flow\"><p>Do sparowania urz\u0105dzenia wymagane jest po\u0142\u0105czenie internetowe w telefonie kom\u00f3rkowym. Je\u015bli w gara\u017cu nie ma po\u0142\u0105czenia z Internetem, zapisz numer ID i znajd\u017a obszar zasi\u0119gu, aby sparowa\u0107 urz\u0105dzenie.<\/p><\/blockquote>\n\n\n\n<p>Czytnik kod\u00f3w QR mo\u017ce by\u0107 u\u017cywany dla wygody (naci\u015bnij przycisk aparatu).<\/p>\n\n\n\n<figure><img decoding=\"async\" src=\"https:\/\/v2charge.com\/wp-content\/uploads\/2022\/12\/v2c-app-wifi-conectar-731x1024.jpg\" alt=\"V2C APP Registro de Red WiFi\" width=\"366\" height=\"512\"\/><\/figure>\n\n\n\n<p>Po sparowaniu zostaniesz poproszony o po\u0142\u0105czenie przez Wi-Fi. Pod\u0142\u0105czenie has\u0142a wifi odbywa si\u0119 przez bluetooth, je\u015bli nie masz go aktywowanego, lepiej zostawi\u0107 to na p\u00f3\u017aniej, naciskaj\u0105c bezpo\u015brednio pomi\u0144 konfiguracj\u0119 WIFI.<\/p>\n\n\n\n<h2 class=\"wp-block-heading\">Przez sie\u0107<\/h2>\n\n\n\n<p>Po pomy\u015blnym zalogowaniu si\u0119 do V2C Cloud,<\/p>\n\n\n\n<p>Naci\u015bnij przycisk plus, aby doda\u0107 \u0142adowark\u0119:<\/p>\n\n\n\n<figure><img decoding=\"async\" src=\"https:\/\/v2charge.com\/wp-content\/uploads\/2022\/12\/mis-e-chargers-app-registro-1024x819.jpg\" alt=\"Registro e-Chargers\" width=\"768\" height=\"614\"\/><\/figure>\n\n\n\n<p>Dodaj identyfikator \u0142adowarki. ID \u0142adowarki to 7-znakowy kod alfanumeryczny, kt\u00f3ry zosta\u0142 dostarczony u\u017cytkownikowi lub znajduje si\u0119 na naklejce \u0142adowarki lub w instrukcji.<\/p>\n\n\n\n<figure><img decoding=\"async\" src=\"https:\/\/v2charge.com\/wp-content\/uploads\/2022\/12\/soporte-v2c-id-1024x819.jpg\" alt=\"Registro V2C ID Soporte\" width=\"768\" height=\"614\"\/><\/figure>\n\n\n\n<div style=\"height:60px\" aria-hidden=\"true\" class=\"wp-block-spacer\"><\/div>\n","protected":false},"excerpt":{"rendered":"<p>Jak doda\u0107 punkt \u0142adowania do mojej platformy? Aby doda\u0107 punkt \u0142adowania do platformy V2C Cloud, wykonaj poni\u017csze czynno\u015bci: Za po\u015brednictwem aplikacji Naci\u015bnij przycisk dodawania \u0142adowarki oznaczony powy\u017cej dat\u0105. Numer ID mo\u017cna znale\u017a\u0107 na naklejce na urz\u0105dzeniu lub na naklejce w instrukcji obs\u0142ugi. Sk\u0142ada si\u0119 on z 7 cyfr i liter zapisanych losowo wielkimi literami. Na &#8230; <a title=\"Jak doda\u0107 punkt \u0142adowania do mojej platformy?\" class=\"read-more\" href=\"https:\/\/v2charge.com\/pl\/jak-dodac-punkt-ladowania-do-mojej-platformy\/\" aria-label=\"Read more about Jak doda\u0107 punkt \u0142adowania do mojej platformy?\">Dowiedz si\u0119 wi\u0119cej<\/a><\/p>\n","protected":false},"author":400,"featured_media":170352,"parent":0,"menu_order":0,"comment_status":"closed","ping_status":"closed","template":"","meta":{"_eb_attr":"","content-type":"","_uag_custom_page_level_css":"","footnotes":""},"class_list":["post-109621","page","type-page","status-publish","has-post-thumbnail"],"yoast_head":"<!-- This site is optimized with the Yoast SEO plugin v25.3.1 - https:\/\/yoast.com\/wordpress\/plugins\/seo\/ -->\n<title>Jak doda\u0107 punkt \u0142adowania do mojej platformy? - V2C<\/title>\n<meta name=\"description\" content=\"Wyja\u015bniamy, jak doda\u0107 nowy punkt \u0142adowania do aplikacji V2C Cloud. Krok po kroku z przyk\u0142adami. Obszar wsparcia V2C.\" \/>\n<meta name=\"robots\" content=\"index, follow, max-snippet:-1, max-image-preview:large, max-video-preview:-1\" \/>\n<link rel=\"canonical\" href=\"https:\/\/v2charge.com\/pl\/jak-dodac-punkt-ladowania-do-mojej-platformy\/\" \/>\n<meta property=\"og:locale\" content=\"pl_PL\" \/>\n<meta property=\"og:type\" content=\"article\" \/>\n<meta property=\"og:title\" content=\"Jak doda\u0107 punkt \u0142adowania do mojej platformy? - V2C\" \/>\n<meta property=\"og:description\" content=\"Wyja\u015bniamy, jak doda\u0107 nowy punkt \u0142adowania do aplikacji V2C Cloud. Krok po kroku z przyk\u0142adami. Obszar wsparcia V2C.\" \/>\n<meta property=\"og:url\" content=\"https:\/\/v2charge.com\/pl\/jak-dodac-punkt-ladowania-do-mojej-platformy\/\" \/>\n<meta property=\"og:site_name\" content=\"V2C\" \/>\n<meta property=\"article:publisher\" content=\"https:\/\/www.facebook.com\/V2C.Charge\" \/>\n<meta property=\"article:modified_time\" content=\"2023-07-10T14:19:02+00:00\" \/>\n<meta property=\"og:image\" content=\"https:\/\/v2charge.com\/wp-content\/uploads\/2022\/12\/v2c-app-wifi-conectar-731x1024.jpg\" \/>\n<meta name=\"twitter:card\" content=\"summary_large_image\" \/>\n<meta name=\"twitter:site\" content=\"@V2C_Charge\" \/>\n<meta name=\"twitter:label1\" content=\"Szacowany czas czytania\" \/>\n\t<meta name=\"twitter:data1\" content=\"3 minuty\" \/>\n<script type=\"application\/ld+json\" class=\"yoast-schema-graph\">{\"@context\":\"https:\/\/schema.org\",\"@graph\":[{\"@type\":\"WebPage\",\"@id\":\"https:\/\/v2charge.com\/pl\/jak-dodac-punkt-ladowania-do-mojej-platformy\/\",\"url\":\"https:\/\/v2charge.com\/pl\/jak-dodac-punkt-ladowania-do-mojej-platformy\/\",\"name\":\"Jak doda\u0107 punkt \u0142adowania do mojej platformy? - V2C\",\"isPartOf\":{\"@id\":\"https:\/\/v2charge.com\/pl\/#website\"},\"primaryImageOfPage\":{\"@id\":\"https:\/\/v2charge.com\/pl\/jak-dodac-punkt-ladowania-do-mojej-platformy\/#primaryimage\"},\"image\":{\"@id\":\"https:\/\/v2charge.com\/pl\/jak-dodac-punkt-ladowania-do-mojej-platformy\/#primaryimage\"},\"thumbnailUrl\":\"https:\/\/v2charge.com\/wp-content\/uploads\/2024\/07\/v2c-electric-chargers.jpg\",\"datePublished\":\"2023-07-10T14:19:01+00:00\",\"dateModified\":\"2023-07-10T14:19:02+00:00\",\"description\":\"Wyja\u015bniamy, jak doda\u0107 nowy punkt \u0142adowania do aplikacji V2C Cloud. Krok po kroku z przyk\u0142adami. Obszar wsparcia V2C.\",\"breadcrumb\":{\"@id\":\"https:\/\/v2charge.com\/pl\/jak-dodac-punkt-ladowania-do-mojej-platformy\/#breadcrumb\"},\"inLanguage\":\"pl-PL\",\"potentialAction\":[{\"@type\":\"ReadAction\",\"target\":[\"https:\/\/v2charge.com\/pl\/jak-dodac-punkt-ladowania-do-mojej-platformy\/\"]}]},{\"@type\":\"ImageObject\",\"inLanguage\":\"pl-PL\",\"@id\":\"https:\/\/v2charge.com\/pl\/jak-dodac-punkt-ladowania-do-mojej-platformy\/#primaryimage\",\"url\":\"https:\/\/v2charge.com\/wp-content\/uploads\/2024\/07\/v2c-electric-chargers.jpg\",\"contentUrl\":\"https:\/\/v2charge.com\/wp-content\/uploads\/2024\/07\/v2c-electric-chargers.jpg\",\"width\":1200,\"height\":675,\"caption\":\"V2C Electric Chargers\"},{\"@type\":\"BreadcrumbList\",\"@id\":\"https:\/\/v2charge.com\/pl\/jak-dodac-punkt-ladowania-do-mojej-platformy\/#breadcrumb\",\"itemListElement\":[{\"@type\":\"ListItem\",\"position\":1,\"name\":\"V2C\",\"item\":\"https:\/\/v2charge.com\/pl\/\"},{\"@type\":\"ListItem\",\"position\":2,\"name\":\"Jak doda\u0107 punkt \u0142adowania do mojej platformy?\"}]},{\"@type\":\"WebSite\",\"@id\":\"https:\/\/v2charge.com\/pl\/#website\",\"url\":\"https:\/\/v2charge.com\/pl\/\",\"name\":\"V2C\",\"description\":\"#CargandoElMa\u00f1ana\",\"publisher\":{\"@id\":\"https:\/\/v2charge.com\/pl\/#organization\"},\"potentialAction\":[{\"@type\":\"SearchAction\",\"target\":{\"@type\":\"EntryPoint\",\"urlTemplate\":\"https:\/\/v2charge.com\/pl\/?s={search_term_string}\"},\"query-input\":{\"@type\":\"PropertyValueSpecification\",\"valueRequired\":true,\"valueName\":\"search_term_string\"}}],\"inLanguage\":\"pl-PL\"},{\"@type\":\"Organization\",\"@id\":\"https:\/\/v2charge.com\/pl\/#organization\",\"name\":\"V2C\",\"url\":\"https:\/\/v2charge.com\/pl\/\",\"logo\":{\"@type\":\"ImageObject\",\"inLanguage\":\"pl-PL\",\"@id\":\"https:\/\/v2charge.com\/pl\/#\/schema\/logo\/image\/\",\"url\":\"https:\/\/v2charge.com\/wp-content\/uploads\/2024\/11\/cropped-v2c-charge-logo-menu.png\",\"contentUrl\":\"https:\/\/v2charge.com\/wp-content\/uploads\/2024\/11\/cropped-v2c-charge-logo-menu.png\",\"width\":984,\"height\":431,\"caption\":\"V2C\"},\"image\":{\"@id\":\"https:\/\/v2charge.com\/pl\/#\/schema\/logo\/image\/\"},\"sameAs\":[\"https:\/\/www.facebook.com\/V2C.Charge\",\"https:\/\/x.com\/V2C_Charge\",\"https:\/\/www.instagram.com\/v2c.charge\/\",\"https:\/\/www.youtube.com\/@V2C\",\"https:\/\/www.linkedin.com\/company\/v2c-chargers\/\"]}]}<\/script>\n<!-- \/ Yoast SEO plugin. -->","yoast_head_json":{"title":"Jak doda\u0107 punkt \u0142adowania do mojej platformy? - V2C","description":"Wyja\u015bniamy, jak doda\u0107 nowy punkt \u0142adowania do aplikacji V2C Cloud. Krok po kroku z przyk\u0142adami. Obszar wsparcia V2C.","robots":{"index":"index","follow":"follow","max-snippet":"max-snippet:-1","max-image-preview":"max-image-preview:large","max-video-preview":"max-video-preview:-1"},"canonical":"https:\/\/v2charge.com\/pl\/jak-dodac-punkt-ladowania-do-mojej-platformy\/","og_locale":"pl_PL","og_type":"article","og_title":"Jak doda\u0107 punkt \u0142adowania do mojej platformy? - V2C","og_description":"Wyja\u015bniamy, jak doda\u0107 nowy punkt \u0142adowania do aplikacji V2C Cloud. Krok po kroku z przyk\u0142adami. Obszar wsparcia V2C.","og_url":"https:\/\/v2charge.com\/pl\/jak-dodac-punkt-ladowania-do-mojej-platformy\/","og_site_name":"V2C","article_publisher":"https:\/\/www.facebook.com\/V2C.Charge","article_modified_time":"2023-07-10T14:19:02+00:00","og_image":[{"url":"https:\/\/v2charge.com\/wp-content\/uploads\/2022\/12\/v2c-app-wifi-conectar-731x1024.jpg","type":"","width":"","height":""}],"twitter_card":"summary_large_image","twitter_site":"@V2C_Charge","twitter_misc":{"Szacowany czas czytania":"3 minuty"},"schema":{"@context":"https:\/\/schema.org","@graph":[{"@type":"WebPage","@id":"https:\/\/v2charge.com\/pl\/jak-dodac-punkt-ladowania-do-mojej-platformy\/","url":"https:\/\/v2charge.com\/pl\/jak-dodac-punkt-ladowania-do-mojej-platformy\/","name":"Jak doda\u0107 punkt \u0142adowania do mojej platformy? - V2C","isPartOf":{"@id":"https:\/\/v2charge.com\/pl\/#website"},"primaryImageOfPage":{"@id":"https:\/\/v2charge.com\/pl\/jak-dodac-punkt-ladowania-do-mojej-platformy\/#primaryimage"},"image":{"@id":"https:\/\/v2charge.com\/pl\/jak-dodac-punkt-ladowania-do-mojej-platformy\/#primaryimage"},"thumbnailUrl":"https:\/\/v2charge.com\/wp-content\/uploads\/2024\/07\/v2c-electric-chargers.jpg","datePublished":"2023-07-10T14:19:01+00:00","dateModified":"2023-07-10T14:19:02+00:00","description":"Wyja\u015bniamy, jak doda\u0107 nowy punkt \u0142adowania do aplikacji V2C Cloud. Krok po kroku z przyk\u0142adami. Obszar wsparcia V2C.","breadcrumb":{"@id":"https:\/\/v2charge.com\/pl\/jak-dodac-punkt-ladowania-do-mojej-platformy\/#breadcrumb"},"inLanguage":"pl-PL","potentialAction":[{"@type":"ReadAction","target":["https:\/\/v2charge.com\/pl\/jak-dodac-punkt-ladowania-do-mojej-platformy\/"]}]},{"@type":"ImageObject","inLanguage":"pl-PL","@id":"https:\/\/v2charge.com\/pl\/jak-dodac-punkt-ladowania-do-mojej-platformy\/#primaryimage","url":"https:\/\/v2charge.com\/wp-content\/uploads\/2024\/07\/v2c-electric-chargers.jpg","contentUrl":"https:\/\/v2charge.com\/wp-content\/uploads\/2024\/07\/v2c-electric-chargers.jpg","width":1200,"height":675,"caption":"V2C Electric Chargers"},{"@type":"BreadcrumbList","@id":"https:\/\/v2charge.com\/pl\/jak-dodac-punkt-ladowania-do-mojej-platformy\/#breadcrumb","itemListElement":[{"@type":"ListItem","position":1,"name":"V2C","item":"https:\/\/v2charge.com\/pl\/"},{"@type":"ListItem","position":2,"name":"Jak doda\u0107 punkt \u0142adowania do mojej platformy?"}]},{"@type":"WebSite","@id":"https:\/\/v2charge.com\/pl\/#website","url":"https:\/\/v2charge.com\/pl\/","name":"V2C","description":"#CargandoElMa\u00f1ana","publisher":{"@id":"https:\/\/v2charge.com\/pl\/#organization"},"potentialAction":[{"@type":"SearchAction","target":{"@type":"EntryPoint","urlTemplate":"https:\/\/v2charge.com\/pl\/?s={search_term_string}"},"query-input":{"@type":"PropertyValueSpecification","valueRequired":true,"valueName":"search_term_string"}}],"inLanguage":"pl-PL"},{"@type":"Organization","@id":"https:\/\/v2charge.com\/pl\/#organization","name":"V2C","url":"https:\/\/v2charge.com\/pl\/","logo":{"@type":"ImageObject","inLanguage":"pl-PL","@id":"https:\/\/v2charge.com\/pl\/#\/schema\/logo\/image\/","url":"https:\/\/v2charge.com\/wp-content\/uploads\/2024\/11\/cropped-v2c-charge-logo-menu.png","contentUrl":"https:\/\/v2charge.com\/wp-content\/uploads\/2024\/11\/cropped-v2c-charge-logo-menu.png","width":984,"height":431,"caption":"V2C"},"image":{"@id":"https:\/\/v2charge.com\/pl\/#\/schema\/logo\/image\/"},"sameAs":["https:\/\/www.facebook.com\/V2C.Charge","https:\/\/x.com\/V2C_Charge","https:\/\/www.instagram.com\/v2c.charge\/","https:\/\/www.youtube.com\/@V2C","https:\/\/www.linkedin.com\/company\/v2c-chargers\/"]}]}},"uagb_featured_image_src":{"full":["https:\/\/v2charge.com\/wp-content\/uploads\/2024\/07\/v2c-electric-chargers.jpg",1200,675,false],"thumbnail":["https:\/\/v2charge.com\/wp-content\/uploads\/2024\/07\/v2c-electric-chargers-150x150.jpg",150,150,true],"medium":["https:\/\/v2charge.com\/wp-content\/uploads\/2024\/07\/v2c-electric-chargers-300x169.jpg",300,169,true],"medium_large":["https:\/\/v2charge.com\/wp-content\/uploads\/2024\/07\/v2c-electric-chargers-768x432.jpg",768,432,true],"large":["https:\/\/v2charge.com\/wp-content\/uploads\/2024\/07\/v2c-electric-chargers-1024x576.jpg",1024,576,true],"gs-tiny":["https:\/\/v2charge.com\/wp-content\/uploads\/2024\/07\/v2c-electric-chargers.jpg",50,28,false],"xl":["https:\/\/v2charge.com\/wp-content\/uploads\/2024\/07\/v2c-electric-chargers.jpg",1200,675,false],"xxl":["https:\/\/v2charge.com\/wp-content\/uploads\/2024\/07\/v2c-electric-chargers.jpg",1200,675,false],"xxxl":["https:\/\/v2charge.com\/wp-content\/uploads\/2024\/07\/v2c-electric-chargers.jpg",1200,675,false],"xxxxl":["https:\/\/v2charge.com\/wp-content\/uploads\/2024\/07\/v2c-electric-chargers.jpg",1200,675,false],"xxxxxl":["https:\/\/v2charge.com\/wp-content\/uploads\/2024\/07\/v2c-electric-chargers.jpg",1200,675,false],"1536x1536":["https:\/\/v2charge.com\/wp-content\/uploads\/2024\/07\/v2c-electric-chargers.jpg",1200,675,false],"2048x2048":["https:\/\/v2charge.com\/wp-content\/uploads\/2024\/07\/v2c-electric-chargers.jpg",1200,675,false]},"uagb_author_info":{"display_name":"V2C","author_link":"https:\/\/v2charge.com\/pl\/author\/marketing\/"},"uagb_comment_info":0,"uagb_excerpt":"Jak doda\u0107 punkt \u0142adowania do mojej platformy? Aby doda\u0107 punkt \u0142adowania do platformy V2C Cloud, wykonaj poni\u017csze czynno\u015bci: Za po\u015brednictwem aplikacji Naci\u015bnij przycisk dodawania \u0142adowarki oznaczony powy\u017cej dat\u0105. Numer ID mo\u017cna znale\u017a\u0107 na naklejce na urz\u0105dzeniu lub na naklejce w instrukcji obs\u0142ugi. Sk\u0142ada si\u0119 on z 7 cyfr i liter zapisanych losowo wielkimi literami. Na&hellip;","_links":{"self":[{"href":"https:\/\/v2charge.com\/pl\/wp-json\/wp\/v2\/pages\/109621","targetHints":{"allow":["GET"]}}],"collection":[{"href":"https:\/\/v2charge.com\/pl\/wp-json\/wp\/v2\/pages"}],"about":[{"href":"https:\/\/v2charge.com\/pl\/wp-json\/wp\/v2\/types\/page"}],"author":[{"embeddable":true,"href":"https:\/\/v2charge.com\/pl\/wp-json\/wp\/v2\/users\/400"}],"replies":[{"embeddable":true,"href":"https:\/\/v2charge.com\/pl\/wp-json\/wp\/v2\/comments?post=109621"}],"version-history":[{"count":0,"href":"https:\/\/v2charge.com\/pl\/wp-json\/wp\/v2\/pages\/109621\/revisions"}],"wp:featuredmedia":[{"embeddable":true,"href":"https:\/\/v2charge.com\/pl\/wp-json\/wp\/v2\/media\/170352"}],"wp:attachment":[{"href":"https:\/\/v2charge.com\/pl\/wp-json\/wp\/v2\/media?parent=109621"}],"curies":[{"name":"wp","href":"https:\/\/api.w.org\/{rel}","templated":true}]}}