{"id":109642,"date":"2023-07-10T14:40:26","date_gmt":"2023-07-10T14:40:26","guid":{"rendered":"https:\/\/v2charge.com\/?page_id=109642"},"modified":"2023-07-10T14:40:28","modified_gmt":"2023-07-10T14:40:28","slug":"jak-znalezc-adres-ip-urzadzen-podlaczonych-do-mojej-sieci-lokalnej","status":"publish","type":"page","link":"https:\/\/v2charge.com\/pl\/jak-znalezc-adres-ip-urzadzen-podlaczonych-do-mojej-sieci-lokalnej\/","title":{"rendered":"Jak znale\u017a\u0107 adres IP urz\u0105dze\u0144 pod\u0142\u0105czonych do mojej sieci lokalnej?\ufffc"},"content":{"rendered":"\n<p><strong>    1. Z komputerem PC<\/strong><\/p>\n\n\n\n<p>Program Angry IP (do pobrania tutaj) skanuje wszystkie adresy IP i zazwyczaj mo\u017cna go znale\u017a\u0107 wed\u0142ug identyfikatora urz\u0105dzenia lub producenta.<\/p>\n\n\n<div class=\"wp-block-image\">\n<figure class=\"aligncenter size-full is-resized\"><img decoding=\"async\" src=\"https:\/\/v2charge.com\/wp-content\/uploads\/2023\/02\/angry-ip-scanner.png\" alt=\"\" class=\"wp-image-93833\" width=\"542\" height=\"316\" srcset=\"https:\/\/v2charge.com\/wp-content\/uploads\/2023\/02\/angry-ip-scanner.png 908w, https:\/\/v2charge.com\/wp-content\/uploads\/2023\/02\/angry-ip-scanner-300x175.png 300w, https:\/\/v2charge.com\/wp-content\/uploads\/2023\/02\/angry-ip-scanner-768x448.png 768w\" sizes=\"(max-width: 542px) 100vw, 542px\" \/><\/figure>\n<\/div>\n\n\n<p><strong>  2. Z aplikacj\u0105 &#8222;Network Ip Scanner&#8221; w Google Play<\/strong><\/p>\n\n\n\n<p>Pobierz aplikacj\u0119 <a href=\"https:\/\/play.google.com\/store\/apps\/details?id=com.goodidea.network.ipscanner&amp;hl=es_419&amp;gl=US\" target=\"_blank\" rel=\"noreferrer noopener\">APP Network IP Scanner<\/a> i po\u0142\u0105cz si\u0119 z domow\u0105 sieci\u0105 Wi-Fi.<\/p>\n\n\n<div class=\"wp-block-image\">\n<figure class=\"aligncenter size-large is-resized\"><img decoding=\"async\" src=\"https:\/\/v2charge.com\/wp-content\/uploads\/2023\/02\/app-wifi-576x1024.webp\" alt=\"\" class=\"wp-image-92737\" width=\"280\" height=\"498\" srcset=\"https:\/\/v2charge.com\/wp-content\/uploads\/2023\/02\/app-wifi-576x1024.webp 576w, https:\/\/v2charge.com\/wp-content\/uploads\/2023\/02\/app-wifi-169x300.webp 169w, https:\/\/v2charge.com\/wp-content\/uploads\/2023\/02\/app-wifi-768x1365.webp 768w, https:\/\/v2charge.com\/wp-content\/uploads\/2023\/02\/app-wifi.webp 810w\" sizes=\"(max-width: 280px) 100vw, 280px\" \/><\/figure>\n<\/div>\n\n\n<p><strong> 3. Z aplikacj\u0105 &#8222;IP Scanner&#8221; na Iphone, MAC i iPad<\/strong><\/p>\n\n\n\n<p>Pobierz aplikacj\u0119 ze sklepu<a href=\"https:\/\/apps.apple.com\/co\/app\/ip-scanner\/id6443819966?platform=iphone\" target=\"_blank\" rel=\"noreferrer noopener nofollow\"> Apple Store. <\/a><\/p>\n\n\n<div class=\"wp-block-image\">\n<figure class=\"aligncenter size-full\"><img decoding=\"async\" width=\"300\" height=\"649\" src=\"https:\/\/v2charge.com\/wp-content\/uploads\/2023\/02\/300x0w.webp\" alt=\"\" class=\"wp-image-92745\" srcset=\"https:\/\/v2charge.com\/wp-content\/uploads\/2023\/02\/300x0w.webp 300w, https:\/\/v2charge.com\/wp-content\/uploads\/2023\/02\/300x0w-139x300.webp 139w\" sizes=\"(max-width: 300px) 100vw, 300px\" \/><\/figure>\n<\/div>\n\n\n<p><strong>4. Przez router<\/strong><\/p>\n\n\n\n<p>Wi\u0119kszo\u015b\u0107 router\u00f3w dost\u0119pnych na rynku udost\u0119pnia listy urz\u0105dze\u0144 przewodowych i bezprzewodowych. Uzyskaj dost\u0119p do bramy za pomoc\u0105 adresu IP, nazwy u\u017cytkownika i has\u0142a podanego przez firm\u0119.<\/p>\n","protected":false},"excerpt":{"rendered":"<p>1. Z komputerem PC Program Angry IP (do pobrania tutaj) skanuje wszystkie adresy IP i zazwyczaj mo\u017cna go znale\u017a\u0107 wed\u0142ug identyfikatora urz\u0105dzenia lub producenta. 2. Z aplikacj\u0105 &#8222;Network Ip Scanner&#8221; w Google Play Pobierz aplikacj\u0119 APP Network IP Scanner i po\u0142\u0105cz si\u0119 z domow\u0105 sieci\u0105 Wi-Fi. 3. Z aplikacj\u0105 &#8222;IP Scanner&#8221; na Iphone, MAC i &#8230; <a title=\"Jak znale\u017a\u0107 adres IP urz\u0105dze\u0144 pod\u0142\u0105czonych do mojej sieci lokalnej?\ufffc\" class=\"read-more\" href=\"https:\/\/v2charge.com\/pl\/jak-znalezc-adres-ip-urzadzen-podlaczonych-do-mojej-sieci-lokalnej\/\" aria-label=\"Read more about Jak znale\u017a\u0107 adres IP urz\u0105dze\u0144 pod\u0142\u0105czonych do mojej sieci lokalnej?\ufffc\">Dowiedz si\u0119 wi\u0119cej<\/a><\/p>\n","protected":false},"author":400,"featured_media":0,"parent":0,"menu_order":0,"comment_status":"closed","ping_status":"closed","template":"","meta":{"_eb_attr":"","content-type":"","_uag_custom_page_level_css":"","footnotes":""},"class_list":["post-109642","page","type-page","status-publish"],"yoast_head":"<!-- This site is optimized with the Yoast SEO plugin v25.3.1 - https:\/\/yoast.com\/wordpress\/plugins\/seo\/ -->\n<title>Jak znale\u017a\u0107 adres IP urz\u0105dze\u0144 pod\u0142\u0105czonych do mojej sieci lokalnej? - V2C<\/title>\n<meta name=\"description\" content=\"Wyja\u015bniamy, jak znale\u017a\u0107 adres IP urz\u0105dze\u0144 pod\u0142\u0105czonych do sieci lokalnej na r\u00f3\u017cne sposoby. Obszar wsparcia V2C.\" \/>\n<meta name=\"robots\" content=\"index, follow, max-snippet:-1, max-image-preview:large, max-video-preview:-1\" \/>\n<link rel=\"canonical\" href=\"https:\/\/v2charge.com\/pl\/jak-znalezc-adres-ip-urzadzen-podlaczonych-do-mojej-sieci-lokalnej\/\" \/>\n<meta property=\"og:locale\" content=\"pl_PL\" \/>\n<meta property=\"og:type\" content=\"article\" \/>\n<meta property=\"og:title\" content=\"Jak znale\u017a\u0107 adres IP urz\u0105dze\u0144 pod\u0142\u0105czonych do mojej sieci lokalnej? - V2C\" \/>\n<meta property=\"og:description\" content=\"Wyja\u015bniamy, jak znale\u017a\u0107 adres IP urz\u0105dze\u0144 pod\u0142\u0105czonych do sieci lokalnej na r\u00f3\u017cne sposoby. Obszar wsparcia V2C.\" \/>\n<meta property=\"og:url\" content=\"https:\/\/v2charge.com\/pl\/jak-znalezc-adres-ip-urzadzen-podlaczonych-do-mojej-sieci-lokalnej\/\" \/>\n<meta property=\"og:site_name\" content=\"V2C\" \/>\n<meta property=\"article:publisher\" content=\"https:\/\/www.facebook.com\/V2C.Charge\" \/>\n<meta property=\"article:modified_time\" content=\"2023-07-10T14:40:28+00:00\" \/>\n<meta property=\"og:image\" content=\"https:\/\/v2charge.com\/wp-content\/uploads\/2023\/02\/angry-ip-scanner.png\" \/>\n<meta name=\"twitter:card\" content=\"summary_large_image\" \/>\n<meta name=\"twitter:site\" content=\"@V2C_Charge\" \/>\n<meta name=\"twitter:label1\" content=\"Szacowany czas czytania\" \/>\n\t<meta name=\"twitter:data1\" content=\"2 minuty\" \/>\n<script type=\"application\/ld+json\" class=\"yoast-schema-graph\">{\"@context\":\"https:\/\/schema.org\",\"@graph\":[{\"@type\":\"WebPage\",\"@id\":\"https:\/\/v2charge.com\/pl\/jak-znalezc-adres-ip-urzadzen-podlaczonych-do-mojej-sieci-lokalnej\/\",\"url\":\"https:\/\/v2charge.com\/pl\/jak-znalezc-adres-ip-urzadzen-podlaczonych-do-mojej-sieci-lokalnej\/\",\"name\":\"Jak znale\u017a\u0107 adres IP urz\u0105dze\u0144 pod\u0142\u0105czonych do mojej sieci lokalnej? - V2C\",\"isPartOf\":{\"@id\":\"https:\/\/v2charge.com\/pl\/#website\"},\"primaryImageOfPage\":{\"@id\":\"https:\/\/v2charge.com\/pl\/jak-znalezc-adres-ip-urzadzen-podlaczonych-do-mojej-sieci-lokalnej\/#primaryimage\"},\"image\":{\"@id\":\"https:\/\/v2charge.com\/pl\/jak-znalezc-adres-ip-urzadzen-podlaczonych-do-mojej-sieci-lokalnej\/#primaryimage\"},\"thumbnailUrl\":\"https:\/\/v2charge.com\/wp-content\/uploads\/2023\/02\/angry-ip-scanner.png\",\"datePublished\":\"2023-07-10T14:40:26+00:00\",\"dateModified\":\"2023-07-10T14:40:28+00:00\",\"description\":\"Wyja\u015bniamy, jak znale\u017a\u0107 adres IP urz\u0105dze\u0144 pod\u0142\u0105czonych do sieci lokalnej na r\u00f3\u017cne sposoby. Obszar wsparcia V2C.\",\"breadcrumb\":{\"@id\":\"https:\/\/v2charge.com\/pl\/jak-znalezc-adres-ip-urzadzen-podlaczonych-do-mojej-sieci-lokalnej\/#breadcrumb\"},\"inLanguage\":\"pl-PL\",\"potentialAction\":[{\"@type\":\"ReadAction\",\"target\":[\"https:\/\/v2charge.com\/pl\/jak-znalezc-adres-ip-urzadzen-podlaczonych-do-mojej-sieci-lokalnej\/\"]}]},{\"@type\":\"ImageObject\",\"inLanguage\":\"pl-PL\",\"@id\":\"https:\/\/v2charge.com\/pl\/jak-znalezc-adres-ip-urzadzen-podlaczonych-do-mojej-sieci-lokalnej\/#primaryimage\",\"url\":\"https:\/\/v2charge.com\/wp-content\/uploads\/2023\/02\/angry-ip-scanner.png\",\"contentUrl\":\"https:\/\/v2charge.com\/wp-content\/uploads\/2023\/02\/angry-ip-scanner.png\"},{\"@type\":\"BreadcrumbList\",\"@id\":\"https:\/\/v2charge.com\/pl\/jak-znalezc-adres-ip-urzadzen-podlaczonych-do-mojej-sieci-lokalnej\/#breadcrumb\",\"itemListElement\":[{\"@type\":\"ListItem\",\"position\":1,\"name\":\"V2C\",\"item\":\"https:\/\/v2charge.com\/pl\/\"},{\"@type\":\"ListItem\",\"position\":2,\"name\":\"Jak znale\u017a\u0107 adres IP urz\u0105dze\u0144 pod\u0142\u0105czonych do mojej sieci lokalnej?\ufffc\"}]},{\"@type\":\"WebSite\",\"@id\":\"https:\/\/v2charge.com\/pl\/#website\",\"url\":\"https:\/\/v2charge.com\/pl\/\",\"name\":\"V2C\",\"description\":\"#CargandoElMa\u00f1ana\",\"publisher\":{\"@id\":\"https:\/\/v2charge.com\/pl\/#organization\"},\"potentialAction\":[{\"@type\":\"SearchAction\",\"target\":{\"@type\":\"EntryPoint\",\"urlTemplate\":\"https:\/\/v2charge.com\/pl\/?s={search_term_string}\"},\"query-input\":{\"@type\":\"PropertyValueSpecification\",\"valueRequired\":true,\"valueName\":\"search_term_string\"}}],\"inLanguage\":\"pl-PL\"},{\"@type\":\"Organization\",\"@id\":\"https:\/\/v2charge.com\/pl\/#organization\",\"name\":\"V2C\",\"url\":\"https:\/\/v2charge.com\/pl\/\",\"logo\":{\"@type\":\"ImageObject\",\"inLanguage\":\"pl-PL\",\"@id\":\"https:\/\/v2charge.com\/pl\/#\/schema\/logo\/image\/\",\"url\":\"https:\/\/v2charge.com\/wp-content\/uploads\/2024\/11\/cropped-v2c-charge-logo-menu.png\",\"contentUrl\":\"https:\/\/v2charge.com\/wp-content\/uploads\/2024\/11\/cropped-v2c-charge-logo-menu.png\",\"width\":984,\"height\":431,\"caption\":\"V2C\"},\"image\":{\"@id\":\"https:\/\/v2charge.com\/pl\/#\/schema\/logo\/image\/\"},\"sameAs\":[\"https:\/\/www.facebook.com\/V2C.Charge\",\"https:\/\/x.com\/V2C_Charge\",\"https:\/\/www.instagram.com\/v2c.charge\/\",\"https:\/\/www.youtube.com\/@V2C\",\"https:\/\/www.linkedin.com\/company\/v2c-chargers\/\"]}]}<\/script>\n<!-- \/ Yoast SEO plugin. -->","yoast_head_json":{"title":"Jak znale\u017a\u0107 adres IP urz\u0105dze\u0144 pod\u0142\u0105czonych do mojej sieci lokalnej? - V2C","description":"Wyja\u015bniamy, jak znale\u017a\u0107 adres IP urz\u0105dze\u0144 pod\u0142\u0105czonych do sieci lokalnej na r\u00f3\u017cne sposoby. Obszar wsparcia V2C.","robots":{"index":"index","follow":"follow","max-snippet":"max-snippet:-1","max-image-preview":"max-image-preview:large","max-video-preview":"max-video-preview:-1"},"canonical":"https:\/\/v2charge.com\/pl\/jak-znalezc-adres-ip-urzadzen-podlaczonych-do-mojej-sieci-lokalnej\/","og_locale":"pl_PL","og_type":"article","og_title":"Jak znale\u017a\u0107 adres IP urz\u0105dze\u0144 pod\u0142\u0105czonych do mojej sieci lokalnej? - V2C","og_description":"Wyja\u015bniamy, jak znale\u017a\u0107 adres IP urz\u0105dze\u0144 pod\u0142\u0105czonych do sieci lokalnej na r\u00f3\u017cne sposoby. Obszar wsparcia V2C.","og_url":"https:\/\/v2charge.com\/pl\/jak-znalezc-adres-ip-urzadzen-podlaczonych-do-mojej-sieci-lokalnej\/","og_site_name":"V2C","article_publisher":"https:\/\/www.facebook.com\/V2C.Charge","article_modified_time":"2023-07-10T14:40:28+00:00","og_image":[{"url":"https:\/\/v2charge.com\/wp-content\/uploads\/2023\/02\/angry-ip-scanner.png","type":"","width":"","height":""}],"twitter_card":"summary_large_image","twitter_site":"@V2C_Charge","twitter_misc":{"Szacowany czas czytania":"2 minuty"},"schema":{"@context":"https:\/\/schema.org","@graph":[{"@type":"WebPage","@id":"https:\/\/v2charge.com\/pl\/jak-znalezc-adres-ip-urzadzen-podlaczonych-do-mojej-sieci-lokalnej\/","url":"https:\/\/v2charge.com\/pl\/jak-znalezc-adres-ip-urzadzen-podlaczonych-do-mojej-sieci-lokalnej\/","name":"Jak znale\u017a\u0107 adres IP urz\u0105dze\u0144 pod\u0142\u0105czonych do mojej sieci lokalnej? - V2C","isPartOf":{"@id":"https:\/\/v2charge.com\/pl\/#website"},"primaryImageOfPage":{"@id":"https:\/\/v2charge.com\/pl\/jak-znalezc-adres-ip-urzadzen-podlaczonych-do-mojej-sieci-lokalnej\/#primaryimage"},"image":{"@id":"https:\/\/v2charge.com\/pl\/jak-znalezc-adres-ip-urzadzen-podlaczonych-do-mojej-sieci-lokalnej\/#primaryimage"},"thumbnailUrl":"https:\/\/v2charge.com\/wp-content\/uploads\/2023\/02\/angry-ip-scanner.png","datePublished":"2023-07-10T14:40:26+00:00","dateModified":"2023-07-10T14:40:28+00:00","description":"Wyja\u015bniamy, jak znale\u017a\u0107 adres IP urz\u0105dze\u0144 pod\u0142\u0105czonych do sieci lokalnej na r\u00f3\u017cne sposoby. Obszar wsparcia V2C.","breadcrumb":{"@id":"https:\/\/v2charge.com\/pl\/jak-znalezc-adres-ip-urzadzen-podlaczonych-do-mojej-sieci-lokalnej\/#breadcrumb"},"inLanguage":"pl-PL","potentialAction":[{"@type":"ReadAction","target":["https:\/\/v2charge.com\/pl\/jak-znalezc-adres-ip-urzadzen-podlaczonych-do-mojej-sieci-lokalnej\/"]}]},{"@type":"ImageObject","inLanguage":"pl-PL","@id":"https:\/\/v2charge.com\/pl\/jak-znalezc-adres-ip-urzadzen-podlaczonych-do-mojej-sieci-lokalnej\/#primaryimage","url":"https:\/\/v2charge.com\/wp-content\/uploads\/2023\/02\/angry-ip-scanner.png","contentUrl":"https:\/\/v2charge.com\/wp-content\/uploads\/2023\/02\/angry-ip-scanner.png"},{"@type":"BreadcrumbList","@id":"https:\/\/v2charge.com\/pl\/jak-znalezc-adres-ip-urzadzen-podlaczonych-do-mojej-sieci-lokalnej\/#breadcrumb","itemListElement":[{"@type":"ListItem","position":1,"name":"V2C","item":"https:\/\/v2charge.com\/pl\/"},{"@type":"ListItem","position":2,"name":"Jak znale\u017a\u0107 adres IP urz\u0105dze\u0144 pod\u0142\u0105czonych do mojej sieci lokalnej?\ufffc"}]},{"@type":"WebSite","@id":"https:\/\/v2charge.com\/pl\/#website","url":"https:\/\/v2charge.com\/pl\/","name":"V2C","description":"#CargandoElMa\u00f1ana","publisher":{"@id":"https:\/\/v2charge.com\/pl\/#organization"},"potentialAction":[{"@type":"SearchAction","target":{"@type":"EntryPoint","urlTemplate":"https:\/\/v2charge.com\/pl\/?s={search_term_string}"},"query-input":{"@type":"PropertyValueSpecification","valueRequired":true,"valueName":"search_term_string"}}],"inLanguage":"pl-PL"},{"@type":"Organization","@id":"https:\/\/v2charge.com\/pl\/#organization","name":"V2C","url":"https:\/\/v2charge.com\/pl\/","logo":{"@type":"ImageObject","inLanguage":"pl-PL","@id":"https:\/\/v2charge.com\/pl\/#\/schema\/logo\/image\/","url":"https:\/\/v2charge.com\/wp-content\/uploads\/2024\/11\/cropped-v2c-charge-logo-menu.png","contentUrl":"https:\/\/v2charge.com\/wp-content\/uploads\/2024\/11\/cropped-v2c-charge-logo-menu.png","width":984,"height":431,"caption":"V2C"},"image":{"@id":"https:\/\/v2charge.com\/pl\/#\/schema\/logo\/image\/"},"sameAs":["https:\/\/www.facebook.com\/V2C.Charge","https:\/\/x.com\/V2C_Charge","https:\/\/www.instagram.com\/v2c.charge\/","https:\/\/www.youtube.com\/@V2C","https:\/\/www.linkedin.com\/company\/v2c-chargers\/"]}]}},"uagb_featured_image_src":{"full":false,"thumbnail":false,"medium":false,"medium_large":false,"large":false,"gs-tiny":false,"xl":false,"xxl":false,"xxxl":false,"xxxxl":false,"xxxxxl":false,"1536x1536":false,"2048x2048":false},"uagb_author_info":{"display_name":"V2C","author_link":"https:\/\/v2charge.com\/pl\/author\/marketing\/"},"uagb_comment_info":0,"uagb_excerpt":"1. Z komputerem PC Program Angry IP (do pobrania tutaj) skanuje wszystkie adresy IP i zazwyczaj mo\u017cna go znale\u017a\u0107 wed\u0142ug identyfikatora urz\u0105dzenia lub producenta. 2. Z aplikacj\u0105 &#8222;Network Ip Scanner&#8221; w Google Play Pobierz aplikacj\u0119 APP Network IP Scanner i po\u0142\u0105cz si\u0119 z domow\u0105 sieci\u0105 Wi-Fi. 3. Z aplikacj\u0105 &#8222;IP Scanner&#8221; na Iphone, MAC i&hellip;","_links":{"self":[{"href":"https:\/\/v2charge.com\/pl\/wp-json\/wp\/v2\/pages\/109642","targetHints":{"allow":["GET"]}}],"collection":[{"href":"https:\/\/v2charge.com\/pl\/wp-json\/wp\/v2\/pages"}],"about":[{"href":"https:\/\/v2charge.com\/pl\/wp-json\/wp\/v2\/types\/page"}],"author":[{"embeddable":true,"href":"https:\/\/v2charge.com\/pl\/wp-json\/wp\/v2\/users\/400"}],"replies":[{"embeddable":true,"href":"https:\/\/v2charge.com\/pl\/wp-json\/wp\/v2\/comments?post=109642"}],"version-history":[{"count":0,"href":"https:\/\/v2charge.com\/pl\/wp-json\/wp\/v2\/pages\/109642\/revisions"}],"wp:attachment":[{"href":"https:\/\/v2charge.com\/pl\/wp-json\/wp\/v2\/media?parent=109642"}],"curies":[{"name":"wp","href":"https:\/\/api.w.org\/{rel}","templated":true}]}}