{"id":109722,"date":"2023-07-11T06:55:32","date_gmt":"2023-07-11T06:55:32","guid":{"rendered":"https:\/\/v2charge.com\/?page_id=109722"},"modified":"2023-07-11T06:55:33","modified_gmt":"2023-07-11T06:55:33","slug":"skad-mam-wiedziec-czy-moj-punkt-ladowania-jest-podlaczony-do-internetu","status":"publish","type":"page","link":"https:\/\/v2charge.com\/pl\/skad-mam-wiedziec-czy-moj-punkt-ladowania-jest-podlaczony-do-internetu\/","title":{"rendered":"Sk\u0105d mam wiedzie\u0107, czy m\u00f3j punkt \u0142adowania jest pod\u0142\u0105czony do Internetu?"},"content":{"rendered":"\n<div style=\"height:60px\" aria-hidden=\"true\" class=\"wp-block-spacer\"><\/div>\n\n\n\n<h1 class=\"wp-block-heading\">Sk\u0105d mam wiedzie\u0107, czy m\u00f3j punkt \u0142adowania jest pod\u0142\u0105czony do Internetu?<\/h1>\n\n\n\n<p>Aby dowiedzie\u0107 si\u0119 za po\u015brednictwem strony internetowej lub aplikacji, czy punkt \u0142adowania jest pod\u0142\u0105czony do Internetu, informacje mo\u017cna znale\u017a\u0107 bezpo\u015brednio na stronie g\u0142\u00f3wnej za pomoc\u0105 poni\u017cszego sygna\u0142u falowego.<\/p>\n\n\n\n<p><strong>Za po\u015brednictwem aplikacji:<\/strong><\/p>\n\n\n\n<p>Fale w punkcie \u0142adowania.<\/p>\n\n\n\n<figure><img decoding=\"async\" src=\"https:\/\/v2charge.com\/wp-content\/uploads\/2022\/12\/v2c-internet-bluetooth-2-731x1024.jpg\" alt=\"Conexiones WiFi\" width=\"366\" height=\"512\"\/><\/figure>\n\n\n\n<p>Je\u015bli uzyskasz dost\u0119p do punktu \u0142adowania za po\u015brednictwem aplikacji i nie masz po\u0142\u0105czenia Bluetooth lub Wi-Fi, pojawi si\u0119 nast\u0119puj\u0105cy ekran.<\/p>\n\n\n<div class=\"wp-block-image\">\n<figure class=\"aligncenter size-large is-resized\"><img decoding=\"async\" src=\"https:\/\/v2charge.com\/wp-content\/uploads\/2022\/12\/app-sin-conexion-731x1024.jpg\" alt=\"app sin conexi\u00f3n wifi bluetooth\" class=\"wp-image-90779\" width=\"366\" height=\"512\" srcset=\"https:\/\/v2charge.com\/wp-content\/uploads\/2022\/12\/app-sin-conexion-731x1024.jpg 731w, https:\/\/v2charge.com\/wp-content\/uploads\/2022\/12\/app-sin-conexion-214x300.jpg 214w, https:\/\/v2charge.com\/wp-content\/uploads\/2022\/12\/app-sin-conexion-768x1075.jpg 768w, https:\/\/v2charge.com\/wp-content\/uploads\/2022\/12\/app-sin-conexion-1097x1536.jpg 1097w, https:\/\/v2charge.com\/wp-content\/uploads\/2022\/12\/app-sin-conexion.jpg 1385w\" sizes=\"(max-width: 366px) 100vw, 366px\" \/><figcaption>Punkt \u0142adowania offline<\/figcaption><\/figure>\n<\/div>\n\n\n<p><strong>Przez komputer:<\/strong><\/p>\n\n\n\n<p>Na stronie <a href=\"http:\/\/www.v2c.cloud\/\" title=\"v2c cloud\">www.v2c.cloud<\/a> wprowad\u017a \u0142adowark\u0119, a je\u015bli jeste\u015b offline, zobaczysz poni\u017cszy obrazek:<\/p>\n\n\n\n<figure class=\"wp-block-image size-large is-resized\"><img decoding=\"async\" src=\"https:\/\/v2charge.com\/wp-content\/uploads\/2022\/12\/potencia-energia-v2c-1024x819.jpg\" alt=\"Potencia de carga V2C\" class=\"wp-image-90787\" width=\"768\" height=\"614\" srcset=\"https:\/\/v2charge.com\/wp-content\/uploads\/2022\/12\/potencia-energia-v2c-1024x819.jpg 1024w, https:\/\/v2charge.com\/wp-content\/uploads\/2022\/12\/potencia-energia-v2c-300x240.jpg 300w, https:\/\/v2charge.com\/wp-content\/uploads\/2022\/12\/potencia-energia-v2c-768x614.jpg 768w, https:\/\/v2charge.com\/wp-content\/uploads\/2022\/12\/potencia-energia-v2c-1536x1229.jpg 1536w, https:\/\/v2charge.com\/wp-content\/uploads\/2022\/12\/potencia-energia-v2c-2048x1638.jpg 2048w\" sizes=\"(max-width: 768px) 100vw, 768px\" \/><figcaption>Sprz\u0119t Brak po\u0142\u0105czenia<\/figcaption><\/figure>\n\n\n\n<div style=\"height:60px\" aria-hidden=\"true\" class=\"wp-block-spacer\"><\/div>\n","protected":false},"excerpt":{"rendered":"<p>Sk\u0105d mam wiedzie\u0107, czy m\u00f3j punkt \u0142adowania jest pod\u0142\u0105czony do Internetu? Aby dowiedzie\u0107 si\u0119 za po\u015brednictwem strony internetowej lub aplikacji, czy punkt \u0142adowania jest pod\u0142\u0105czony do Internetu, informacje mo\u017cna znale\u017a\u0107 bezpo\u015brednio na stronie g\u0142\u00f3wnej za pomoc\u0105 poni\u017cszego sygna\u0142u falowego. Za po\u015brednictwem aplikacji: Fale w punkcie \u0142adowania. Je\u015bli uzyskasz dost\u0119p do punktu \u0142adowania za po\u015brednictwem aplikacji &#8230; <a title=\"Sk\u0105d mam wiedzie\u0107, czy m\u00f3j punkt \u0142adowania jest pod\u0142\u0105czony do Internetu?\" class=\"read-more\" href=\"https:\/\/v2charge.com\/pl\/skad-mam-wiedziec-czy-moj-punkt-ladowania-jest-podlaczony-do-internetu\/\" aria-label=\"Read more about Sk\u0105d mam wiedzie\u0107, czy m\u00f3j punkt \u0142adowania jest pod\u0142\u0105czony do Internetu?\">Dowiedz si\u0119 wi\u0119cej<\/a><\/p>\n","protected":false},"author":400,"featured_media":170352,"parent":0,"menu_order":0,"comment_status":"closed","ping_status":"closed","template":"","meta":{"_eb_attr":"","content-type":"","_uag_custom_page_level_css":"","footnotes":""},"class_list":["post-109722","page","type-page","status-publish","has-post-thumbnail"],"yoast_head":"<!-- This site is optimized with the Yoast SEO plugin v25.3.1 - https:\/\/yoast.com\/wordpress\/plugins\/seo\/ -->\n<title>Jak sprawdzi\u0107, czy \u0142adowarka V2C jest pod\u0142\u0105czona do Internetu | V2C<\/title>\n<meta name=\"description\" content=\"Wyja\u015bniamy, jak sprawdzi\u0107, czy punkt \u0142adowania V2C jest pod\u0142\u0105czony do Internetu za po\u015brednictwem aplikacji V2C Cloud lub z komputera.\" \/>\n<meta name=\"robots\" content=\"index, follow, max-snippet:-1, max-image-preview:large, max-video-preview:-1\" \/>\n<link rel=\"canonical\" href=\"https:\/\/v2charge.com\/pl\/skad-mam-wiedziec-czy-moj-punkt-ladowania-jest-podlaczony-do-internetu\/\" \/>\n<meta property=\"og:locale\" content=\"pl_PL\" \/>\n<meta property=\"og:type\" content=\"article\" \/>\n<meta property=\"og:title\" content=\"Jak sprawdzi\u0107, czy \u0142adowarka V2C jest pod\u0142\u0105czona do Internetu | V2C\" \/>\n<meta property=\"og:description\" content=\"Wyja\u015bniamy, jak sprawdzi\u0107, czy punkt \u0142adowania V2C jest pod\u0142\u0105czony do Internetu za po\u015brednictwem aplikacji V2C Cloud lub z komputera.\" \/>\n<meta property=\"og:url\" content=\"https:\/\/v2charge.com\/pl\/skad-mam-wiedziec-czy-moj-punkt-ladowania-jest-podlaczony-do-internetu\/\" \/>\n<meta property=\"og:site_name\" content=\"V2C\" \/>\n<meta property=\"article:publisher\" content=\"https:\/\/www.facebook.com\/V2C.Charge\" \/>\n<meta property=\"article:modified_time\" content=\"2023-07-11T06:55:33+00:00\" \/>\n<meta property=\"og:image\" content=\"https:\/\/v2charge.com\/wp-content\/uploads\/2022\/12\/v2c-internet-bluetooth-2-731x1024.jpg\" \/>\n<meta name=\"twitter:card\" content=\"summary_large_image\" \/>\n<meta name=\"twitter:site\" content=\"@V2C_Charge\" \/>\n<meta name=\"twitter:label1\" content=\"Szacowany czas czytania\" \/>\n\t<meta name=\"twitter:data1\" content=\"1 minuta\" \/>\n<script type=\"application\/ld+json\" class=\"yoast-schema-graph\">{\"@context\":\"https:\/\/schema.org\",\"@graph\":[{\"@type\":\"WebPage\",\"@id\":\"https:\/\/v2charge.com\/pl\/skad-mam-wiedziec-czy-moj-punkt-ladowania-jest-podlaczony-do-internetu\/\",\"url\":\"https:\/\/v2charge.com\/pl\/skad-mam-wiedziec-czy-moj-punkt-ladowania-jest-podlaczony-do-internetu\/\",\"name\":\"Jak sprawdzi\u0107, czy \u0142adowarka V2C jest pod\u0142\u0105czona do Internetu | V2C\",\"isPartOf\":{\"@id\":\"https:\/\/v2charge.com\/pl\/#website\"},\"primaryImageOfPage\":{\"@id\":\"https:\/\/v2charge.com\/pl\/skad-mam-wiedziec-czy-moj-punkt-ladowania-jest-podlaczony-do-internetu\/#primaryimage\"},\"image\":{\"@id\":\"https:\/\/v2charge.com\/pl\/skad-mam-wiedziec-czy-moj-punkt-ladowania-jest-podlaczony-do-internetu\/#primaryimage\"},\"thumbnailUrl\":\"https:\/\/v2charge.com\/wp-content\/uploads\/2024\/07\/v2c-electric-chargers.jpg\",\"datePublished\":\"2023-07-11T06:55:32+00:00\",\"dateModified\":\"2023-07-11T06:55:33+00:00\",\"description\":\"Wyja\u015bniamy, jak sprawdzi\u0107, czy punkt \u0142adowania V2C jest pod\u0142\u0105czony do Internetu za po\u015brednictwem aplikacji V2C Cloud lub z komputera.\",\"breadcrumb\":{\"@id\":\"https:\/\/v2charge.com\/pl\/skad-mam-wiedziec-czy-moj-punkt-ladowania-jest-podlaczony-do-internetu\/#breadcrumb\"},\"inLanguage\":\"pl-PL\",\"potentialAction\":[{\"@type\":\"ReadAction\",\"target\":[\"https:\/\/v2charge.com\/pl\/skad-mam-wiedziec-czy-moj-punkt-ladowania-jest-podlaczony-do-internetu\/\"]}]},{\"@type\":\"ImageObject\",\"inLanguage\":\"pl-PL\",\"@id\":\"https:\/\/v2charge.com\/pl\/skad-mam-wiedziec-czy-moj-punkt-ladowania-jest-podlaczony-do-internetu\/#primaryimage\",\"url\":\"https:\/\/v2charge.com\/wp-content\/uploads\/2024\/07\/v2c-electric-chargers.jpg\",\"contentUrl\":\"https:\/\/v2charge.com\/wp-content\/uploads\/2024\/07\/v2c-electric-chargers.jpg\",\"width\":1200,\"height\":675,\"caption\":\"V2C Electric Chargers\"},{\"@type\":\"BreadcrumbList\",\"@id\":\"https:\/\/v2charge.com\/pl\/skad-mam-wiedziec-czy-moj-punkt-ladowania-jest-podlaczony-do-internetu\/#breadcrumb\",\"itemListElement\":[{\"@type\":\"ListItem\",\"position\":1,\"name\":\"V2C\",\"item\":\"https:\/\/v2charge.com\/pl\/\"},{\"@type\":\"ListItem\",\"position\":2,\"name\":\"Sk\u0105d mam wiedzie\u0107, czy m\u00f3j punkt \u0142adowania jest pod\u0142\u0105czony do Internetu?\"}]},{\"@type\":\"WebSite\",\"@id\":\"https:\/\/v2charge.com\/pl\/#website\",\"url\":\"https:\/\/v2charge.com\/pl\/\",\"name\":\"V2C\",\"description\":\"#CargandoElMa\u00f1ana\",\"publisher\":{\"@id\":\"https:\/\/v2charge.com\/pl\/#organization\"},\"potentialAction\":[{\"@type\":\"SearchAction\",\"target\":{\"@type\":\"EntryPoint\",\"urlTemplate\":\"https:\/\/v2charge.com\/pl\/?s={search_term_string}\"},\"query-input\":{\"@type\":\"PropertyValueSpecification\",\"valueRequired\":true,\"valueName\":\"search_term_string\"}}],\"inLanguage\":\"pl-PL\"},{\"@type\":\"Organization\",\"@id\":\"https:\/\/v2charge.com\/pl\/#organization\",\"name\":\"V2C\",\"url\":\"https:\/\/v2charge.com\/pl\/\",\"logo\":{\"@type\":\"ImageObject\",\"inLanguage\":\"pl-PL\",\"@id\":\"https:\/\/v2charge.com\/pl\/#\/schema\/logo\/image\/\",\"url\":\"https:\/\/v2charge.com\/wp-content\/uploads\/2024\/11\/cropped-v2c-charge-logo-menu.png\",\"contentUrl\":\"https:\/\/v2charge.com\/wp-content\/uploads\/2024\/11\/cropped-v2c-charge-logo-menu.png\",\"width\":984,\"height\":431,\"caption\":\"V2C\"},\"image\":{\"@id\":\"https:\/\/v2charge.com\/pl\/#\/schema\/logo\/image\/\"},\"sameAs\":[\"https:\/\/www.facebook.com\/V2C.Charge\",\"https:\/\/x.com\/V2C_Charge\",\"https:\/\/www.instagram.com\/v2c.charge\/\",\"https:\/\/www.youtube.com\/@V2C\",\"https:\/\/www.linkedin.com\/company\/v2c-chargers\/\"]}]}<\/script>\n<!-- \/ Yoast SEO plugin. -->","yoast_head_json":{"title":"Jak sprawdzi\u0107, czy \u0142adowarka V2C jest pod\u0142\u0105czona do Internetu | V2C","description":"Wyja\u015bniamy, jak sprawdzi\u0107, czy punkt \u0142adowania V2C jest pod\u0142\u0105czony do Internetu za po\u015brednictwem aplikacji V2C Cloud lub z komputera.","robots":{"index":"index","follow":"follow","max-snippet":"max-snippet:-1","max-image-preview":"max-image-preview:large","max-video-preview":"max-video-preview:-1"},"canonical":"https:\/\/v2charge.com\/pl\/skad-mam-wiedziec-czy-moj-punkt-ladowania-jest-podlaczony-do-internetu\/","og_locale":"pl_PL","og_type":"article","og_title":"Jak sprawdzi\u0107, czy \u0142adowarka V2C jest pod\u0142\u0105czona do Internetu | V2C","og_description":"Wyja\u015bniamy, jak sprawdzi\u0107, czy punkt \u0142adowania V2C jest pod\u0142\u0105czony do Internetu za po\u015brednictwem aplikacji V2C Cloud lub z komputera.","og_url":"https:\/\/v2charge.com\/pl\/skad-mam-wiedziec-czy-moj-punkt-ladowania-jest-podlaczony-do-internetu\/","og_site_name":"V2C","article_publisher":"https:\/\/www.facebook.com\/V2C.Charge","article_modified_time":"2023-07-11T06:55:33+00:00","og_image":[{"url":"https:\/\/v2charge.com\/wp-content\/uploads\/2022\/12\/v2c-internet-bluetooth-2-731x1024.jpg","type":"","width":"","height":""}],"twitter_card":"summary_large_image","twitter_site":"@V2C_Charge","twitter_misc":{"Szacowany czas czytania":"1 minuta"},"schema":{"@context":"https:\/\/schema.org","@graph":[{"@type":"WebPage","@id":"https:\/\/v2charge.com\/pl\/skad-mam-wiedziec-czy-moj-punkt-ladowania-jest-podlaczony-do-internetu\/","url":"https:\/\/v2charge.com\/pl\/skad-mam-wiedziec-czy-moj-punkt-ladowania-jest-podlaczony-do-internetu\/","name":"Jak sprawdzi\u0107, czy \u0142adowarka V2C jest pod\u0142\u0105czona do Internetu | V2C","isPartOf":{"@id":"https:\/\/v2charge.com\/pl\/#website"},"primaryImageOfPage":{"@id":"https:\/\/v2charge.com\/pl\/skad-mam-wiedziec-czy-moj-punkt-ladowania-jest-podlaczony-do-internetu\/#primaryimage"},"image":{"@id":"https:\/\/v2charge.com\/pl\/skad-mam-wiedziec-czy-moj-punkt-ladowania-jest-podlaczony-do-internetu\/#primaryimage"},"thumbnailUrl":"https:\/\/v2charge.com\/wp-content\/uploads\/2024\/07\/v2c-electric-chargers.jpg","datePublished":"2023-07-11T06:55:32+00:00","dateModified":"2023-07-11T06:55:33+00:00","description":"Wyja\u015bniamy, jak sprawdzi\u0107, czy punkt \u0142adowania V2C jest pod\u0142\u0105czony do Internetu za po\u015brednictwem aplikacji V2C Cloud lub z komputera.","breadcrumb":{"@id":"https:\/\/v2charge.com\/pl\/skad-mam-wiedziec-czy-moj-punkt-ladowania-jest-podlaczony-do-internetu\/#breadcrumb"},"inLanguage":"pl-PL","potentialAction":[{"@type":"ReadAction","target":["https:\/\/v2charge.com\/pl\/skad-mam-wiedziec-czy-moj-punkt-ladowania-jest-podlaczony-do-internetu\/"]}]},{"@type":"ImageObject","inLanguage":"pl-PL","@id":"https:\/\/v2charge.com\/pl\/skad-mam-wiedziec-czy-moj-punkt-ladowania-jest-podlaczony-do-internetu\/#primaryimage","url":"https:\/\/v2charge.com\/wp-content\/uploads\/2024\/07\/v2c-electric-chargers.jpg","contentUrl":"https:\/\/v2charge.com\/wp-content\/uploads\/2024\/07\/v2c-electric-chargers.jpg","width":1200,"height":675,"caption":"V2C Electric Chargers"},{"@type":"BreadcrumbList","@id":"https:\/\/v2charge.com\/pl\/skad-mam-wiedziec-czy-moj-punkt-ladowania-jest-podlaczony-do-internetu\/#breadcrumb","itemListElement":[{"@type":"ListItem","position":1,"name":"V2C","item":"https:\/\/v2charge.com\/pl\/"},{"@type":"ListItem","position":2,"name":"Sk\u0105d mam wiedzie\u0107, czy m\u00f3j punkt \u0142adowania jest pod\u0142\u0105czony do Internetu?"}]},{"@type":"WebSite","@id":"https:\/\/v2charge.com\/pl\/#website","url":"https:\/\/v2charge.com\/pl\/","name":"V2C","description":"#CargandoElMa\u00f1ana","publisher":{"@id":"https:\/\/v2charge.com\/pl\/#organization"},"potentialAction":[{"@type":"SearchAction","target":{"@type":"EntryPoint","urlTemplate":"https:\/\/v2charge.com\/pl\/?s={search_term_string}"},"query-input":{"@type":"PropertyValueSpecification","valueRequired":true,"valueName":"search_term_string"}}],"inLanguage":"pl-PL"},{"@type":"Organization","@id":"https:\/\/v2charge.com\/pl\/#organization","name":"V2C","url":"https:\/\/v2charge.com\/pl\/","logo":{"@type":"ImageObject","inLanguage":"pl-PL","@id":"https:\/\/v2charge.com\/pl\/#\/schema\/logo\/image\/","url":"https:\/\/v2charge.com\/wp-content\/uploads\/2024\/11\/cropped-v2c-charge-logo-menu.png","contentUrl":"https:\/\/v2charge.com\/wp-content\/uploads\/2024\/11\/cropped-v2c-charge-logo-menu.png","width":984,"height":431,"caption":"V2C"},"image":{"@id":"https:\/\/v2charge.com\/pl\/#\/schema\/logo\/image\/"},"sameAs":["https:\/\/www.facebook.com\/V2C.Charge","https:\/\/x.com\/V2C_Charge","https:\/\/www.instagram.com\/v2c.charge\/","https:\/\/www.youtube.com\/@V2C","https:\/\/www.linkedin.com\/company\/v2c-chargers\/"]}]}},"uagb_featured_image_src":{"full":["https:\/\/v2charge.com\/wp-content\/uploads\/2024\/07\/v2c-electric-chargers.jpg",1200,675,false],"thumbnail":["https:\/\/v2charge.com\/wp-content\/uploads\/2024\/07\/v2c-electric-chargers-150x150.jpg",150,150,true],"medium":["https:\/\/v2charge.com\/wp-content\/uploads\/2024\/07\/v2c-electric-chargers-300x169.jpg",300,169,true],"medium_large":["https:\/\/v2charge.com\/wp-content\/uploads\/2024\/07\/v2c-electric-chargers-768x432.jpg",768,432,true],"large":["https:\/\/v2charge.com\/wp-content\/uploads\/2024\/07\/v2c-electric-chargers-1024x576.jpg",1024,576,true],"gs-tiny":["https:\/\/v2charge.com\/wp-content\/uploads\/2024\/07\/v2c-electric-chargers.jpg",50,28,false],"xl":["https:\/\/v2charge.com\/wp-content\/uploads\/2024\/07\/v2c-electric-chargers.jpg",1200,675,false],"xxl":["https:\/\/v2charge.com\/wp-content\/uploads\/2024\/07\/v2c-electric-chargers.jpg",1200,675,false],"xxxl":["https:\/\/v2charge.com\/wp-content\/uploads\/2024\/07\/v2c-electric-chargers.jpg",1200,675,false],"xxxxl":["https:\/\/v2charge.com\/wp-content\/uploads\/2024\/07\/v2c-electric-chargers.jpg",1200,675,false],"xxxxxl":["https:\/\/v2charge.com\/wp-content\/uploads\/2024\/07\/v2c-electric-chargers.jpg",1200,675,false],"1536x1536":["https:\/\/v2charge.com\/wp-content\/uploads\/2024\/07\/v2c-electric-chargers.jpg",1200,675,false],"2048x2048":["https:\/\/v2charge.com\/wp-content\/uploads\/2024\/07\/v2c-electric-chargers.jpg",1200,675,false]},"uagb_author_info":{"display_name":"V2C","author_link":"https:\/\/v2charge.com\/pl\/author\/marketing\/"},"uagb_comment_info":0,"uagb_excerpt":"Sk\u0105d mam wiedzie\u0107, czy m\u00f3j punkt \u0142adowania jest pod\u0142\u0105czony do Internetu? Aby dowiedzie\u0107 si\u0119 za po\u015brednictwem strony internetowej lub aplikacji, czy punkt \u0142adowania jest pod\u0142\u0105czony do Internetu, informacje mo\u017cna znale\u017a\u0107 bezpo\u015brednio na stronie g\u0142\u00f3wnej za pomoc\u0105 poni\u017cszego sygna\u0142u falowego. Za po\u015brednictwem aplikacji: Fale w punkcie \u0142adowania. Je\u015bli uzyskasz dost\u0119p do punktu \u0142adowania za po\u015brednictwem aplikacji&hellip;","_links":{"self":[{"href":"https:\/\/v2charge.com\/pl\/wp-json\/wp\/v2\/pages\/109722","targetHints":{"allow":["GET"]}}],"collection":[{"href":"https:\/\/v2charge.com\/pl\/wp-json\/wp\/v2\/pages"}],"about":[{"href":"https:\/\/v2charge.com\/pl\/wp-json\/wp\/v2\/types\/page"}],"author":[{"embeddable":true,"href":"https:\/\/v2charge.com\/pl\/wp-json\/wp\/v2\/users\/400"}],"replies":[{"embeddable":true,"href":"https:\/\/v2charge.com\/pl\/wp-json\/wp\/v2\/comments?post=109722"}],"version-history":[{"count":0,"href":"https:\/\/v2charge.com\/pl\/wp-json\/wp\/v2\/pages\/109722\/revisions"}],"wp:featuredmedia":[{"embeddable":true,"href":"https:\/\/v2charge.com\/pl\/wp-json\/wp\/v2\/media\/170352"}],"wp:attachment":[{"href":"https:\/\/v2charge.com\/pl\/wp-json\/wp\/v2\/media?parent=109722"}],"curies":[{"name":"wp","href":"https:\/\/api.w.org\/{rel}","templated":true}]}}