{"id":109748,"date":"2023-07-11T07:09:56","date_gmt":"2023-07-11T07:09:56","guid":{"rendered":"https:\/\/v2charge.com\/?page_id=109748"},"modified":"2025-07-21T11:04:13","modified_gmt":"2025-07-21T09:04:13","slug":"wibeee-inwestor","status":"publish","type":"page","link":"https:\/\/v2charge.com\/pl\/wsparcie\/kontrola-mocy\/dynamiczna\/wibeee-inwestor\/","title":{"rendered":"Po\u0142\u0105czenie Trydan z miernikiem Wibeee"},"content":{"rendered":"\n<div class=\"wp-block-uagb-container uagb-block-ab7cfef6 alignfull uagb-is-root-container\"><div class=\"uagb-container-inner-blocks-wrap\"><div class=\"yoast-breadcrumbs\"><span><span><a href=\"https:\/\/v2charge.com\/pl\/\">V2C<\/a><\/span> \u00bb <span><a href=\"https:\/\/v2charge.com\/pl\/wsparcie\/\">Obszar Wsparcie<\/a><\/span> \u00bb <span><a href=\"https:\/\/v2charge.com\/pl\/wsparcie\/kontrola-mocy\/\">Kontrola Mocy<\/a><\/span> \u00bb <span><a href=\"https:\/\/v2charge.com\/pl\/wsparcie\/kontrola-mocy\/dynamiczna\/\">Dynamiczna<\/a><\/span> \u00bb <span class=\"breadcrumb_last\" aria-current=\"page\">Po\u0142\u0105czenie Trydan z miernikiem Wibeee<\/span><\/span><\/div>\n\n\n<div class=\"wp-block-uagb-advanced-heading uagb-block-b32c4bfc\"><h1 class=\"uagb-heading-text\">Po\u0142\u0105czenie Trydan z miernikiem Wibeee<\/h1><\/div>\n<\/div><\/div>\n\n\n\n<div class=\"wp-block-uagb-container uagb-block-d1d57cfd alignfull uagb-is-root-container\"><div class=\"uagb-container-inner-blocks-wrap\">\n<div class=\"wp-block-uagb-container uagb-block-1d926316 alignfull uagb-is-root-container\"><div class=\"uagb-container-inner-blocks-wrap\">\n<div class=\"wp-block-uagb-container uagb-block-3769988c\">\n<div class=\"wp-block-uagb-image aligncenter uagb-block-dd804c57 wp-block-uagb-image--layout-default wp-block-uagb-image--effect-static wp-block-uagb-image--align-center\"><figure class=\"wp-block-uagb-image__figure\"><img decoding=\"async\" srcset=\"https:\/\/v2charge.com\/wp-content\/uploads\/2023\/12\/wibee-logo.png ,https:\/\/v2charge.com\/wp-content\/uploads\/2023\/12\/wibee-logo.png 780w, https:\/\/v2charge.com\/wp-content\/uploads\/2023\/12\/wibee-logo.png 360w\" sizes=\"auto, (max-width: 480px) 150px\" src=\"https:\/\/v2charge.com\/wp-content\/uploads\/2023\/12\/wibee-logo.png\" alt=\"\" class=\"uag-image-130122\" width=\"400\" height=\"124\" title=\"\" loading=\"lazy\" role=\"img\"\/><\/figure><\/div>\n<\/div>\n\n\n\n<div class=\"wp-block-uagb-container uagb-block-a2bfc09c\">\n<div class=\"wp-block-uagb-advanced-heading uagb-block-892dcedd\"><p class=\"uagb-heading-text\"><strong>Trydan<\/strong> jest kompatybilny z miernikiem energii Wibeee firmy <strong>Smilics Technologies<\/strong>, zar\u00f3wno w wersji fotowoltaicznej, jak i jednofazowej.<br><br>Obs\u0142ugiwane urz\u0105dzenia to <strong>Wibeee Box<\/strong>, wszechstronny miernik preferowany do instalacji fotowoltaicznych, oraz <strong>Wibeee Home<\/strong>. Aby pod\u0142\u0105czy\u0107 miernik do instalacji fotowoltaicznej, nale\u017cy pod\u0142\u0105czy\u0107 zacisk 1 do globalnego zu\u017cycia energii, a zacisk 2 do falownika fotowoltaicznego.<\/p><\/div>\n<\/div>\n<\/div><\/div>\n\n\n\n<div class=\"wp-block-uagb-container uagb-block-333fb119 alignfull uagb-is-root-container\"><div class=\"uagb-container-inner-blocks-wrap\">\n<div class=\"wp-block-uagb-container uagb-block-2ff110d0 default uagb-is-root-container\">\n<div class=\"wp-block-uagb-container uagb-block-cd442c87\">\n<div class=\"wp-block-uagb-image aligncenter uagb-block-4bb46c59 wp-block-uagb-image--layout-default wp-block-uagb-image--effect-static wp-block-uagb-image--align-center\"><figure class=\"wp-block-uagb-image__figure\"><img decoding=\"async\" srcset=\"https:\/\/v2charge.com\/wp-content\/uploads\/2023\/11\/icon-important.png ,https:\/\/v2charge.com\/wp-content\/uploads\/2023\/11\/icon-important.png 780w, https:\/\/v2charge.com\/wp-content\/uploads\/2023\/11\/icon-important.png 360w\" sizes=\"auto, (max-width: 480px) 150px\" src=\"https:\/\/v2charge.com\/wp-content\/uploads\/2023\/11\/icon-important.png\" alt=\"\" class=\"uag-image-125013\" width=\"50\" height=\"50\" title=\"\" loading=\"lazy\" role=\"img\"\/><\/figure><\/div>\n<\/div>\n\n\n\n<div class=\"wp-block-uagb-container uagb-block-38de7166\">\n<div class=\"wp-block-uagb-advanced-heading uagb-block-37ab01f0\"><p class=\"uagb-heading-text\">U\u017cycie&nbsp;<strong>repeater\u00f3w Wi-Fi<\/strong>&nbsp;lub sieci&nbsp;<strong>mesh<\/strong>&nbsp;mo\u017ce wp\u0142ywa\u0107 na prawid\u0142owe dzia\u0142anie systemu. Zaleca si\u0119 korzystanie ze&nbsp;<strong>stabilnej i bezpo\u015bredniej sieci Wi-Fi<\/strong>, aby zapewni\u0107&nbsp;optymalne po\u0142\u0105czenie&nbsp;mi\u0119dzy&nbsp;\u0142adowark\u0105&nbsp;a&nbsp;miernikiem.<\/p><\/div>\n<\/div>\n<\/div>\n\n\n\n<div style=\"height:5px\" aria-hidden=\"true\" class=\"wp-block-spacer\"><\/div>\n<\/div><\/div>\n\n\n\n<div class=\"wp-block-uagb-separator uagb-block-824a65ea\"><div class=\"wp-block-uagb-separator__inner\" style=\"--my-background-image:\"><\/div><\/div>\n\n\n\n<div class=\"wp-block-uagb-advanced-heading uagb-block-bead9183\"><h2 class=\"uagb-heading-text\">Pasos para la conexi\u00f3n WiFi al medidor Wibeee<\/h2><\/div>\n\n\n\n<div class=\"wp-block-uagb-container uagb-block-18eeea3d alignfull uagb-is-root-container\"><div class=\"uagb-container-inner-blocks-wrap\">\n<div class=\"wp-block-uagb-info-box uagb-block-bb6a2ad9 uagb-infobox__content-wrap  uagb-infobox-icon-left uagb-infobox-left uagb-infobox-stacked-tablet uagb-infobox-image-valign-top\"><div class=\"uagb-ifb-image-content\"><img decoding=\"async\" src=\"https:\/\/v2charge.com\/wp-content\/uploads\/2023\/11\/numero-uno.png\" alt=\"\" width=\"38\" height=\"38\" loading=\"lazy\"\/><\/div><div class=\"uagb-ifb-content\"><div class=\"uagb-ifb-title-wrap\"><\/div><p class=\"uagb-ifb-desc\">W aplikacji <strong>Wibeee Next<\/strong>, korzystaj\u0105c z komputera lub urz\u0105dzenia mobilnego, znajd\u017a adres <strong>IP miernika Wibeee.<\/strong><\/p><\/div><\/div>\n\n\n\n<div class=\"wp-block-uagb-image aligncenter uagb-block-0ede07ef wp-block-uagb-image--layout-default wp-block-uagb-image--effect-static wp-block-uagb-image--align-center\"><figure class=\"wp-block-uagb-image__figure\"><img decoding=\"async\" srcset=\"https:\/\/v2charge.com\/wp-content\/uploads\/2024\/01\/conexion-wifi-wibee-trydan.jpg ,https:\/\/v2charge.com\/wp-content\/uploads\/2024\/01\/conexion-wifi-wibee-trydan.jpg 780w, https:\/\/v2charge.com\/wp-content\/uploads\/2024\/01\/conexion-wifi-wibee-trydan.jpg 360w\" sizes=\"auto, (max-width: 480px) 150px\" src=\"https:\/\/v2charge.com\/wp-content\/uploads\/2024\/01\/conexion-wifi-wibee-trydan.jpg\" alt=\"\" class=\"uag-image-131292\" width=\"750\" height=\"257\" title=\"\" loading=\"lazy\" role=\"img\"\/><\/figure><\/div>\n<\/div><\/div>\n\n\n\n<div class=\"wp-block-uagb-separator uagb-block-1f4e5f80\"><div class=\"wp-block-uagb-separator__inner\" style=\"--my-background-image:\"><\/div><\/div>\n\n\n\n<div class=\"wp-block-uagb-container uagb-block-bf18b7b8 alignfull uagb-is-root-container\"><div class=\"uagb-container-inner-blocks-wrap\">\n<div class=\"wp-block-uagb-container uagb-block-63fc9fe5\">\n<div class=\"wp-block-uagb-advanced-heading uagb-block-17704ad3\"><h2 class=\"uagb-heading-text\">Konfiguracja miernika Wibeee w aplikacji V2C Cloud<\/h2><\/div>\n\n\n\n<p>Otw\u00f3rz aplikacj\u0119 V2C Cloud, wybierz punkt \u0142adowania, a nast\u0119pnie przejd\u017a do sekcji konfiguracji.<br><br>Wejd\u017a w zak\u0142adk\u0119 dynamicznej kontroli mocy, wybierz opcj\u0119 'miernik&#8217; w sekcji typu urz\u0105dzenia, a nast\u0119pnie wska\u017c Wibeee w sekcji 'typ miernika&#8217;.<br><br>Wybierz odpowiedni typ instalacji.<br><br><strong>Zapisz konfiguracj\u0119 jest to kluczowe dla prawid\u0142owego dzia\u0142ania dynamicznej kontroli mocy.<\/strong><br><strong>Na koniec spersonalizuj ustawienia, aby proces \u0142adowania by\u0142 idealnie dopasowany do Twoich potrzeb.<\/strong><\/p>\n<\/div>\n\n\n\n<div class=\"wp-block-uagb-container uagb-block-071ab2ad\">\n<div class=\"wp-block-uagb-image uagb-block-861583ee wp-block-uagb-image--layout-default wp-block-uagb-image--effect-static wp-block-uagb-image--align-none\"><figure class=\"wp-block-uagb-image__figure\"><img decoding=\"async\" srcset=\"https:\/\/v2charge.com\/wp-content\/uploads\/2024\/01\/seleccionar-medidor-wibeee.jpg ,https:\/\/v2charge.com\/wp-content\/uploads\/2024\/01\/seleccionar-medidor-wibeee.jpg 780w, https:\/\/v2charge.com\/wp-content\/uploads\/2024\/01\/seleccionar-medidor-wibeee.jpg 360w\" sizes=\"auto, (max-width: 480px) 150px\" src=\"https:\/\/v2charge.com\/wp-content\/uploads\/2024\/01\/seleccionar-medidor-wibeee.jpg\" alt=\"\" class=\"uag-image-131164\" width=\"731\" height=\"1024\" title=\"\" loading=\"lazy\" role=\"img\"\/><\/figure><\/div>\n<\/div>\n<\/div><\/div>\n\n\n\n<div style=\"height:40px\" aria-hidden=\"true\" class=\"wp-block-spacer\"><\/div>\n<\/div><\/div>\n\n\n\n<div class=\"wp-block-uagb-container uagb-block-8bd348ac alignfull uagb-is-root-container\"><div class=\"uagb-container-inner-blocks-wrap\">\n<div class=\"wp-block-uagb-advanced-heading uagb-block-dd74a721\"><h2 class=\"uagb-heading-text\"><strong>Potrzebujesz wsparcia technicznego?<\/strong><\/h2><\/div>\n\n\n\n<div class=\"wp-block-uagb-advanced-heading uagb-block-65385f4b\"><p class=\"uagb-heading-text\">Wygeneruj zg\u0142oszenie w Centrum Wsparcia Technicznego, a my skontaktujemy si\u0119 z Tob\u0105 tak szybko, jak to mo\u017cliwe, aby zaoferowa\u0107 Ci najlepsze rozwi\u0105zanie.<\/p><\/div>\n\n\n\n<div class=\"wp-block-uagb-buttons uagb-buttons__outer-wrap uagb-btn__default-btn uagb-btn-tablet__default-btn uagb-btn-mobile__default-btn uagb-block-9f08ceda\"><div class=\"uagb-buttons__wrap uagb-buttons-layout-wrap \">\n<div class=\"wp-block-uagb-buttons-child uagb-buttons__outer-wrap uagb-block-b8cd4c90 wp-block-button\"><div class=\"uagb-button__wrapper\"><a class=\"uagb-buttons-repeater wp-block-button__link\" aria-label=\"\" href=\"https:\/\/v2charge.atlassian.net\/servicedesk\/customer\/portal\/3\" rel=\"follow noopener\" target=\"_self\" role=\"button\"><div class=\"uagb-button__link\">Kontakt z pomoc\u0105 techniczn\u0105<\/div><\/a><\/div><\/div>\n<\/div><\/div>\n<\/div><\/div>\n","protected":false},"excerpt":{"rendered":"<p>Po\u0142\u0105czenie Trydan z miernikiem Wibeee Trydan jest kompatybilny z miernikiem energii Wibeee firmy Smilics Technologies, zar\u00f3wno w wersji fotowoltaicznej, jak i jednofazowej. Obs\u0142ugiwane urz\u0105dzenia to Wibeee Box, wszechstronny miernik preferowany do instalacji fotowoltaicznych, oraz Wibeee Home. Aby pod\u0142\u0105czy\u0107 miernik do instalacji fotowoltaicznej, nale\u017cy pod\u0142\u0105czy\u0107 zacisk 1 do globalnego zu\u017cycia energii, a zacisk 2 do falownika &#8230; <a title=\"Po\u0142\u0105czenie Trydan z miernikiem Wibeee\" class=\"read-more\" href=\"https:\/\/v2charge.com\/pl\/wsparcie\/kontrola-mocy\/dynamiczna\/wibeee-inwestor\/\" aria-label=\"Read more about Po\u0142\u0105czenie Trydan z miernikiem Wibeee\">Dowiedz si\u0119 wi\u0119cej<\/a><\/p>\n","protected":false},"author":400,"featured_media":170352,"parent":125467,"menu_order":0,"comment_status":"closed","ping_status":"closed","template":"","meta":{"_eb_attr":"","content-type":"","_uag_custom_page_level_css":"","footnotes":""},"class_list":["post-109748","page","type-page","status-publish","has-post-thumbnail"],"yoast_head":"<!-- This site is optimized with the Yoast SEO plugin v25.3.1 - https:\/\/yoast.com\/wordpress\/plugins\/seo\/ -->\n<title>Po\u0142\u0105czenie \u0141adowarki Trydan z Miernikiem Energii Wibeee | V2C<\/title>\n<meta name=\"description\" content=\"Dowiedz si\u0119, jak pod\u0142\u0105czy\u0107 swoj\u0105 \u0142adowark\u0119 Trydan do miernika energii Wibeee. Zacznij optymalizowa\u0107 proces \u0142adowania pojazdu elektrycznego ju\u017c dzi\u015b!\" \/>\n<meta name=\"robots\" content=\"index, follow, max-snippet:-1, max-image-preview:large, max-video-preview:-1\" \/>\n<link rel=\"canonical\" href=\"https:\/\/v2charge.com\/pl\/wsparcie\/kontrola-mocy\/dynamiczna\/wibeee-inwestor\/\" \/>\n<meta property=\"og:locale\" content=\"pl_PL\" \/>\n<meta property=\"og:type\" content=\"article\" \/>\n<meta property=\"og:title\" content=\"Po\u0142\u0105czenie \u0141adowarki Trydan z Miernikiem Energii Wibeee | V2C\" \/>\n<meta property=\"og:description\" content=\"Dowiedz si\u0119, jak pod\u0142\u0105czy\u0107 swoj\u0105 \u0142adowark\u0119 Trydan do miernika energii Wibeee. Zacznij optymalizowa\u0107 proces \u0142adowania pojazdu elektrycznego ju\u017c dzi\u015b!\" \/>\n<meta property=\"og:url\" content=\"https:\/\/v2charge.com\/pl\/wsparcie\/kontrola-mocy\/dynamiczna\/wibeee-inwestor\/\" \/>\n<meta property=\"og:site_name\" content=\"V2C\" \/>\n<meta property=\"article:publisher\" content=\"https:\/\/www.facebook.com\/V2C.Charge\" \/>\n<meta property=\"article:modified_time\" content=\"2025-07-21T09:04:13+00:00\" \/>\n<meta property=\"og:image\" content=\"https:\/\/v2charge.com\/wp-content\/uploads\/2024\/07\/v2c-electric-chargers.jpg\" \/>\n\t<meta property=\"og:image:width\" content=\"1200\" \/>\n\t<meta property=\"og:image:height\" content=\"675\" \/>\n\t<meta property=\"og:image:type\" content=\"image\/jpeg\" \/>\n<meta name=\"twitter:card\" content=\"summary_large_image\" \/>\n<meta name=\"twitter:site\" content=\"@V2C_Charge\" \/>\n<meta name=\"twitter:label1\" content=\"Szacowany czas czytania\" \/>\n\t<meta name=\"twitter:data1\" content=\"3 minuty\" \/>\n<script type=\"application\/ld+json\" class=\"yoast-schema-graph\">{\"@context\":\"https:\/\/schema.org\",\"@graph\":[{\"@type\":\"WebPage\",\"@id\":\"https:\/\/v2charge.com\/pl\/wsparcie\/kontrola-mocy\/dynamiczna\/wibeee-inwestor\/\",\"url\":\"https:\/\/v2charge.com\/pl\/wsparcie\/kontrola-mocy\/dynamiczna\/wibeee-inwestor\/\",\"name\":\"Po\u0142\u0105czenie \u0141adowarki Trydan z Miernikiem Energii Wibeee | V2C\",\"isPartOf\":{\"@id\":\"https:\/\/v2charge.com\/pl\/#website\"},\"primaryImageOfPage\":{\"@id\":\"https:\/\/v2charge.com\/pl\/wsparcie\/kontrola-mocy\/dynamiczna\/wibeee-inwestor\/#primaryimage\"},\"image\":{\"@id\":\"https:\/\/v2charge.com\/pl\/wsparcie\/kontrola-mocy\/dynamiczna\/wibeee-inwestor\/#primaryimage\"},\"thumbnailUrl\":\"https:\/\/v2charge.com\/wp-content\/uploads\/2024\/07\/v2c-electric-chargers.jpg\",\"datePublished\":\"2023-07-11T07:09:56+00:00\",\"dateModified\":\"2025-07-21T09:04:13+00:00\",\"description\":\"Dowiedz si\u0119, jak pod\u0142\u0105czy\u0107 swoj\u0105 \u0142adowark\u0119 Trydan do miernika energii Wibeee. Zacznij optymalizowa\u0107 proces \u0142adowania pojazdu elektrycznego ju\u017c dzi\u015b!\",\"breadcrumb\":{\"@id\":\"https:\/\/v2charge.com\/pl\/wsparcie\/kontrola-mocy\/dynamiczna\/wibeee-inwestor\/#breadcrumb\"},\"inLanguage\":\"pl-PL\",\"potentialAction\":[{\"@type\":\"ReadAction\",\"target\":[\"https:\/\/v2charge.com\/pl\/wsparcie\/kontrola-mocy\/dynamiczna\/wibeee-inwestor\/\"]}]},{\"@type\":\"ImageObject\",\"inLanguage\":\"pl-PL\",\"@id\":\"https:\/\/v2charge.com\/pl\/wsparcie\/kontrola-mocy\/dynamiczna\/wibeee-inwestor\/#primaryimage\",\"url\":\"https:\/\/v2charge.com\/wp-content\/uploads\/2024\/07\/v2c-electric-chargers.jpg\",\"contentUrl\":\"https:\/\/v2charge.com\/wp-content\/uploads\/2024\/07\/v2c-electric-chargers.jpg\",\"width\":1200,\"height\":675,\"caption\":\"V2C Electric Chargers\"},{\"@type\":\"BreadcrumbList\",\"@id\":\"https:\/\/v2charge.com\/pl\/wsparcie\/kontrola-mocy\/dynamiczna\/wibeee-inwestor\/#breadcrumb\",\"itemListElement\":[{\"@type\":\"ListItem\",\"position\":1,\"name\":\"V2C\",\"item\":\"https:\/\/v2charge.com\/pl\/\"},{\"@type\":\"ListItem\",\"position\":2,\"name\":\"Obszar Wsparcie\",\"item\":\"https:\/\/v2charge.com\/pl\/wsparcie\/\"},{\"@type\":\"ListItem\",\"position\":3,\"name\":\"Kontrola Mocy\",\"item\":\"https:\/\/v2charge.com\/pl\/wsparcie\/kontrola-mocy\/\"},{\"@type\":\"ListItem\",\"position\":4,\"name\":\"Dynamiczna\",\"item\":\"https:\/\/v2charge.com\/pl\/wsparcie\/kontrola-mocy\/dynamiczna\/\"},{\"@type\":\"ListItem\",\"position\":5,\"name\":\"Po\u0142\u0105czenie Trydan z miernikiem Wibeee\"}]},{\"@type\":\"WebSite\",\"@id\":\"https:\/\/v2charge.com\/pl\/#website\",\"url\":\"https:\/\/v2charge.com\/pl\/\",\"name\":\"V2C\",\"description\":\"#CargandoElMa\u00f1ana\",\"publisher\":{\"@id\":\"https:\/\/v2charge.com\/pl\/#organization\"},\"potentialAction\":[{\"@type\":\"SearchAction\",\"target\":{\"@type\":\"EntryPoint\",\"urlTemplate\":\"https:\/\/v2charge.com\/pl\/?s={search_term_string}\"},\"query-input\":{\"@type\":\"PropertyValueSpecification\",\"valueRequired\":true,\"valueName\":\"search_term_string\"}}],\"inLanguage\":\"pl-PL\"},{\"@type\":\"Organization\",\"@id\":\"https:\/\/v2charge.com\/pl\/#organization\",\"name\":\"V2C\",\"url\":\"https:\/\/v2charge.com\/pl\/\",\"logo\":{\"@type\":\"ImageObject\",\"inLanguage\":\"pl-PL\",\"@id\":\"https:\/\/v2charge.com\/pl\/#\/schema\/logo\/image\/\",\"url\":\"https:\/\/v2charge.com\/wp-content\/uploads\/2024\/11\/cropped-v2c-charge-logo-menu.png\",\"contentUrl\":\"https:\/\/v2charge.com\/wp-content\/uploads\/2024\/11\/cropped-v2c-charge-logo-menu.png\",\"width\":984,\"height\":431,\"caption\":\"V2C\"},\"image\":{\"@id\":\"https:\/\/v2charge.com\/pl\/#\/schema\/logo\/image\/\"},\"sameAs\":[\"https:\/\/www.facebook.com\/V2C.Charge\",\"https:\/\/x.com\/V2C_Charge\",\"https:\/\/www.instagram.com\/v2c.charge\/\",\"https:\/\/www.youtube.com\/@V2C\",\"https:\/\/www.linkedin.com\/company\/v2c-chargers\/\"]}]}<\/script>\n<!-- \/ Yoast SEO plugin. -->","yoast_head_json":{"title":"Po\u0142\u0105czenie \u0141adowarki Trydan z Miernikiem Energii Wibeee | V2C","description":"Dowiedz si\u0119, jak pod\u0142\u0105czy\u0107 swoj\u0105 \u0142adowark\u0119 Trydan do miernika energii Wibeee. Zacznij optymalizowa\u0107 proces \u0142adowania pojazdu elektrycznego ju\u017c dzi\u015b!","robots":{"index":"index","follow":"follow","max-snippet":"max-snippet:-1","max-image-preview":"max-image-preview:large","max-video-preview":"max-video-preview:-1"},"canonical":"https:\/\/v2charge.com\/pl\/wsparcie\/kontrola-mocy\/dynamiczna\/wibeee-inwestor\/","og_locale":"pl_PL","og_type":"article","og_title":"Po\u0142\u0105czenie \u0141adowarki Trydan z Miernikiem Energii Wibeee | V2C","og_description":"Dowiedz si\u0119, jak pod\u0142\u0105czy\u0107 swoj\u0105 \u0142adowark\u0119 Trydan do miernika energii Wibeee. Zacznij optymalizowa\u0107 proces \u0142adowania pojazdu elektrycznego ju\u017c dzi\u015b!","og_url":"https:\/\/v2charge.com\/pl\/wsparcie\/kontrola-mocy\/dynamiczna\/wibeee-inwestor\/","og_site_name":"V2C","article_publisher":"https:\/\/www.facebook.com\/V2C.Charge","article_modified_time":"2025-07-21T09:04:13+00:00","og_image":[{"width":1200,"height":675,"url":"https:\/\/v2charge.com\/wp-content\/uploads\/2024\/07\/v2c-electric-chargers.jpg","type":"image\/jpeg"}],"twitter_card":"summary_large_image","twitter_site":"@V2C_Charge","twitter_misc":{"Szacowany czas czytania":"3 minuty"},"schema":{"@context":"https:\/\/schema.org","@graph":[{"@type":"WebPage","@id":"https:\/\/v2charge.com\/pl\/wsparcie\/kontrola-mocy\/dynamiczna\/wibeee-inwestor\/","url":"https:\/\/v2charge.com\/pl\/wsparcie\/kontrola-mocy\/dynamiczna\/wibeee-inwestor\/","name":"Po\u0142\u0105czenie \u0141adowarki Trydan z Miernikiem Energii Wibeee | V2C","isPartOf":{"@id":"https:\/\/v2charge.com\/pl\/#website"},"primaryImageOfPage":{"@id":"https:\/\/v2charge.com\/pl\/wsparcie\/kontrola-mocy\/dynamiczna\/wibeee-inwestor\/#primaryimage"},"image":{"@id":"https:\/\/v2charge.com\/pl\/wsparcie\/kontrola-mocy\/dynamiczna\/wibeee-inwestor\/#primaryimage"},"thumbnailUrl":"https:\/\/v2charge.com\/wp-content\/uploads\/2024\/07\/v2c-electric-chargers.jpg","datePublished":"2023-07-11T07:09:56+00:00","dateModified":"2025-07-21T09:04:13+00:00","description":"Dowiedz si\u0119, jak pod\u0142\u0105czy\u0107 swoj\u0105 \u0142adowark\u0119 Trydan do miernika energii Wibeee. Zacznij optymalizowa\u0107 proces \u0142adowania pojazdu elektrycznego ju\u017c dzi\u015b!","breadcrumb":{"@id":"https:\/\/v2charge.com\/pl\/wsparcie\/kontrola-mocy\/dynamiczna\/wibeee-inwestor\/#breadcrumb"},"inLanguage":"pl-PL","potentialAction":[{"@type":"ReadAction","target":["https:\/\/v2charge.com\/pl\/wsparcie\/kontrola-mocy\/dynamiczna\/wibeee-inwestor\/"]}]},{"@type":"ImageObject","inLanguage":"pl-PL","@id":"https:\/\/v2charge.com\/pl\/wsparcie\/kontrola-mocy\/dynamiczna\/wibeee-inwestor\/#primaryimage","url":"https:\/\/v2charge.com\/wp-content\/uploads\/2024\/07\/v2c-electric-chargers.jpg","contentUrl":"https:\/\/v2charge.com\/wp-content\/uploads\/2024\/07\/v2c-electric-chargers.jpg","width":1200,"height":675,"caption":"V2C Electric Chargers"},{"@type":"BreadcrumbList","@id":"https:\/\/v2charge.com\/pl\/wsparcie\/kontrola-mocy\/dynamiczna\/wibeee-inwestor\/#breadcrumb","itemListElement":[{"@type":"ListItem","position":1,"name":"V2C","item":"https:\/\/v2charge.com\/pl\/"},{"@type":"ListItem","position":2,"name":"Obszar Wsparcie","item":"https:\/\/v2charge.com\/pl\/wsparcie\/"},{"@type":"ListItem","position":3,"name":"Kontrola Mocy","item":"https:\/\/v2charge.com\/pl\/wsparcie\/kontrola-mocy\/"},{"@type":"ListItem","position":4,"name":"Dynamiczna","item":"https:\/\/v2charge.com\/pl\/wsparcie\/kontrola-mocy\/dynamiczna\/"},{"@type":"ListItem","position":5,"name":"Po\u0142\u0105czenie Trydan z miernikiem Wibeee"}]},{"@type":"WebSite","@id":"https:\/\/v2charge.com\/pl\/#website","url":"https:\/\/v2charge.com\/pl\/","name":"V2C","description":"#CargandoElMa\u00f1ana","publisher":{"@id":"https:\/\/v2charge.com\/pl\/#organization"},"potentialAction":[{"@type":"SearchAction","target":{"@type":"EntryPoint","urlTemplate":"https:\/\/v2charge.com\/pl\/?s={search_term_string}"},"query-input":{"@type":"PropertyValueSpecification","valueRequired":true,"valueName":"search_term_string"}}],"inLanguage":"pl-PL"},{"@type":"Organization","@id":"https:\/\/v2charge.com\/pl\/#organization","name":"V2C","url":"https:\/\/v2charge.com\/pl\/","logo":{"@type":"ImageObject","inLanguage":"pl-PL","@id":"https:\/\/v2charge.com\/pl\/#\/schema\/logo\/image\/","url":"https:\/\/v2charge.com\/wp-content\/uploads\/2024\/11\/cropped-v2c-charge-logo-menu.png","contentUrl":"https:\/\/v2charge.com\/wp-content\/uploads\/2024\/11\/cropped-v2c-charge-logo-menu.png","width":984,"height":431,"caption":"V2C"},"image":{"@id":"https:\/\/v2charge.com\/pl\/#\/schema\/logo\/image\/"},"sameAs":["https:\/\/www.facebook.com\/V2C.Charge","https:\/\/x.com\/V2C_Charge","https:\/\/www.instagram.com\/v2c.charge\/","https:\/\/www.youtube.com\/@V2C","https:\/\/www.linkedin.com\/company\/v2c-chargers\/"]}]}},"uagb_featured_image_src":{"full":["https:\/\/v2charge.com\/wp-content\/uploads\/2024\/07\/v2c-electric-chargers.jpg",1200,675,false],"thumbnail":["https:\/\/v2charge.com\/wp-content\/uploads\/2024\/07\/v2c-electric-chargers-150x150.jpg",150,150,true],"medium":["https:\/\/v2charge.com\/wp-content\/uploads\/2024\/07\/v2c-electric-chargers-300x169.jpg",300,169,true],"medium_large":["https:\/\/v2charge.com\/wp-content\/uploads\/2024\/07\/v2c-electric-chargers-768x432.jpg",768,432,true],"large":["https:\/\/v2charge.com\/wp-content\/uploads\/2024\/07\/v2c-electric-chargers-1024x576.jpg",1024,576,true],"gs-tiny":["https:\/\/v2charge.com\/wp-content\/uploads\/2024\/07\/v2c-electric-chargers.jpg",50,28,false],"xl":["https:\/\/v2charge.com\/wp-content\/uploads\/2024\/07\/v2c-electric-chargers.jpg",1200,675,false],"xxl":["https:\/\/v2charge.com\/wp-content\/uploads\/2024\/07\/v2c-electric-chargers.jpg",1200,675,false],"xxxl":["https:\/\/v2charge.com\/wp-content\/uploads\/2024\/07\/v2c-electric-chargers.jpg",1200,675,false],"xxxxl":["https:\/\/v2charge.com\/wp-content\/uploads\/2024\/07\/v2c-electric-chargers.jpg",1200,675,false],"xxxxxl":["https:\/\/v2charge.com\/wp-content\/uploads\/2024\/07\/v2c-electric-chargers.jpg",1200,675,false],"1536x1536":["https:\/\/v2charge.com\/wp-content\/uploads\/2024\/07\/v2c-electric-chargers.jpg",1200,675,false],"2048x2048":["https:\/\/v2charge.com\/wp-content\/uploads\/2024\/07\/v2c-electric-chargers.jpg",1200,675,false]},"uagb_author_info":{"display_name":"V2C","author_link":"https:\/\/v2charge.com\/pl\/author\/marketing\/"},"uagb_comment_info":0,"uagb_excerpt":"Po\u0142\u0105czenie Trydan z miernikiem Wibeee Trydan jest kompatybilny z miernikiem energii Wibeee firmy Smilics Technologies, zar\u00f3wno w wersji fotowoltaicznej, jak i jednofazowej. Obs\u0142ugiwane urz\u0105dzenia to Wibeee Box, wszechstronny miernik preferowany do instalacji fotowoltaicznych, oraz Wibeee Home. Aby pod\u0142\u0105czy\u0107 miernik do instalacji fotowoltaicznej, nale\u017cy pod\u0142\u0105czy\u0107 zacisk 1 do globalnego zu\u017cycia energii, a zacisk 2 do falownika&hellip;","_links":{"self":[{"href":"https:\/\/v2charge.com\/pl\/wp-json\/wp\/v2\/pages\/109748","targetHints":{"allow":["GET"]}}],"collection":[{"href":"https:\/\/v2charge.com\/pl\/wp-json\/wp\/v2\/pages"}],"about":[{"href":"https:\/\/v2charge.com\/pl\/wp-json\/wp\/v2\/types\/page"}],"author":[{"embeddable":true,"href":"https:\/\/v2charge.com\/pl\/wp-json\/wp\/v2\/users\/400"}],"replies":[{"embeddable":true,"href":"https:\/\/v2charge.com\/pl\/wp-json\/wp\/v2\/comments?post=109748"}],"version-history":[{"count":3,"href":"https:\/\/v2charge.com\/pl\/wp-json\/wp\/v2\/pages\/109748\/revisions"}],"predecessor-version":[{"id":239136,"href":"https:\/\/v2charge.com\/pl\/wp-json\/wp\/v2\/pages\/109748\/revisions\/239136"}],"up":[{"embeddable":true,"href":"https:\/\/v2charge.com\/pl\/wp-json\/wp\/v2\/pages\/125467"}],"wp:featuredmedia":[{"embeddable":true,"href":"https:\/\/v2charge.com\/pl\/wp-json\/wp\/v2\/media\/170352"}],"wp:attachment":[{"href":"https:\/\/v2charge.com\/pl\/wp-json\/wp\/v2\/media?parent=109748"}],"curies":[{"name":"wp","href":"https:\/\/api.w.org\/{rel}","templated":true}]}}