{"id":109790,"date":"2023-07-11T09:25:40","date_gmt":"2023-07-11T09:25:40","guid":{"rendered":"https:\/\/v2charge.com\/?page_id=109790"},"modified":"2025-07-21T11:13:29","modified_gmt":"2025-07-21T09:13:29","slug":"victron-inverter","status":"publish","type":"page","link":"https:\/\/v2charge.com\/pl\/wsparcie\/kontrola-mocy\/dynamiczna\/fotowoltaika\/victron-inverter\/","title":{"rendered":"Po\u0142\u0105czenie Trydan z Victron"},"content":{"rendered":"\n<div class=\"wp-block-uagb-container uagb-block-917b89c6 alignfull uagb-is-root-container\"><div class=\"uagb-container-inner-blocks-wrap\"><div class=\"yoast-breadcrumbs\"><span><span><a href=\"https:\/\/v2charge.com\/pl\/\">V2C<\/a><\/span> \u00bb <span><a href=\"https:\/\/v2charge.com\/pl\/wsparcie\/\">Obszar Wsparcie<\/a><\/span> \u00bb <span><a href=\"https:\/\/v2charge.com\/pl\/wsparcie\/kontrola-mocy\/\">Kontrola Mocy<\/a><\/span> \u00bb <span><a href=\"https:\/\/v2charge.com\/pl\/wsparcie\/kontrola-mocy\/dynamiczna\/\">Dynamiczna<\/a><\/span> \u00bb <span><a href=\"https:\/\/v2charge.com\/pl\/wsparcie\/kontrola-mocy\/dynamiczna\/fotowoltaika\/\">Fotowoltaika<\/a><\/span> \u00bb <span class=\"breadcrumb_last\" aria-current=\"page\">Po\u0142\u0105czenie Trydan z Victron<\/span><\/span><\/div>\n\n\n<h1 class=\"wp-block-heading\">Po\u0142\u0105czenie Trydan z Victron<\/h1>\n\n\n\n<div class=\"wp-block-uagb-container uagb-block-6ff3315e alignfull uagb-is-root-container\"><div class=\"uagb-container-inner-blocks-wrap\">\n<div class=\"wp-block-uagb-container uagb-block-d07bdd19\">\n<p>Dzi\u0119ki po\u0142\u0105czeniu punktu \u0142adowania Trydan z inwerterem Victron, mo\u017cesz bezpo\u015brednio po\u0142\u0105czy\u0107 sw\u00f3j punkt \u0142adowania, aby korzysta\u0107 z funkcji inteligentnego dynamicznego sterowania moc\u0105.<\/p>\n<\/div>\n\n\n\n<div class=\"wp-block-uagb-container uagb-block-56f0a249\">\n<div class=\"wp-block-uagb-image uagb-block-a6b3aa91 wp-block-uagb-image--layout-default wp-block-uagb-image--effect-static wp-block-uagb-image--align-none\"><figure class=\"wp-block-uagb-image__figure\"><img decoding=\"async\" srcset=\"https:\/\/v2charge.com\/wp-content\/uploads\/2023\/12\/inversor-victron-logo.jpg ,https:\/\/v2charge.com\/wp-content\/uploads\/2023\/12\/inversor-victron-logo.jpg 780w, https:\/\/v2charge.com\/wp-content\/uploads\/2023\/12\/inversor-victron-logo.jpg 360w\" sizes=\"auto, (max-width: 480px) 150px\" src=\"https:\/\/v2charge.com\/wp-content\/uploads\/2023\/12\/inversor-victron-logo.jpg\" alt=\"\" class=\"uag-image-129142\" width=\"250\" height=\"47\" title=\"\" loading=\"lazy\" role=\"img\"\/><\/figure><\/div>\n<\/div>\n<\/div><\/div>\n\n\n\n<div class=\"wp-block-uagb-container uagb-block-333fb119 alignfull uagb-is-root-container\"><div class=\"uagb-container-inner-blocks-wrap\">\n<div class=\"wp-block-uagb-container uagb-block-2ff110d0 default uagb-is-root-container\">\n<div class=\"wp-block-uagb-container uagb-block-cd442c87\">\n<div class=\"wp-block-uagb-image aligncenter uagb-block-4bb46c59 wp-block-uagb-image--layout-default wp-block-uagb-image--effect-static wp-block-uagb-image--align-center\"><figure class=\"wp-block-uagb-image__figure\"><img decoding=\"async\" srcset=\"https:\/\/v2charge.com\/wp-content\/uploads\/2023\/11\/icon-important.png ,https:\/\/v2charge.com\/wp-content\/uploads\/2023\/11\/icon-important.png 780w, https:\/\/v2charge.com\/wp-content\/uploads\/2023\/11\/icon-important.png 360w\" sizes=\"auto, (max-width: 480px) 150px\" src=\"https:\/\/v2charge.com\/wp-content\/uploads\/2023\/11\/icon-important.png\" alt=\"\" class=\"uag-image-125013\" width=\"50\" height=\"50\" title=\"\" loading=\"lazy\" role=\"img\"\/><\/figure><\/div>\n<\/div>\n\n\n\n<div class=\"wp-block-uagb-container uagb-block-38de7166\">\n<div class=\"wp-block-uagb-advanced-heading uagb-block-37ab01f0\"><p class=\"uagb-heading-text\">U\u017cycie&nbsp;<strong>repeater\u00f3w Wi-Fi<\/strong>&nbsp;lub sieci&nbsp;<strong>mesh<\/strong>&nbsp;mo\u017ce wp\u0142ywa\u0107 na prawid\u0142owe dzia\u0142anie systemu. Zaleca si\u0119 korzystanie ze&nbsp;<strong>stabilnej i bezpo\u015bredniej sieci Wi-Fi<\/strong>, aby zapewni\u0107&nbsp;optymalne po\u0142\u0105czenie&nbsp;mi\u0119dzy&nbsp;\u0142adowark\u0105&nbsp;a&nbsp;inwerterem.<\/p><\/div>\n<\/div>\n<\/div>\n\n\n\n<div style=\"height:5px\" aria-hidden=\"true\" class=\"wp-block-spacer\"><\/div>\n<\/div><\/div>\n\n\n\n<div class=\"wp-block-uagb-separator uagb-block-37d1f752\"><div class=\"wp-block-uagb-separator__inner\" style=\"--my-background-image:\"><\/div><\/div>\n\n\n\n<h2 class=\"wp-block-heading\">Jak pod\u0142\u0105czy\u0107 inwerter do urz\u0105dzenia<\/h2>\n\n\n\n<p>Po\u0142\u0105czenie urz\u0105dzenia jest bardzo proste. Aby urz\u0105dzenie dzia\u0142a\u0142o poprawnie, nale\u017cy zainstalowa\u0107 inwerter Victron Cerbo GX. W konfiguracji Cerbo GX nale\u017cy w\u0142\u0105czy\u0107 RS Modbus 485 TCP. Mo\u017cna to zrobi\u0107 z ekranu urz\u0105dzenia lub za pomoc\u0105 jego adresu IP na komputerze pod\u0142\u0105czonym do Cerbo GX. Adres IP inwertera Victron mo\u017cna znale\u017a\u0107 w r\u00f3\u017cnych miejscach (na ekranie urz\u0105dzenia, w aplikacji Bluetooth itp.).<\/p>\n\n\n\n<p>Wybierz sekcj\u0119 konfiguracji i ustaw RS485 Modbus na <em>enabled<\/em>.<\/p>\n\n\n\n<div class=\"wp-block-uagb-buttons uagb-buttons__outer-wrap uagb-btn__medium-btn uagb-btn-tablet__default-btn uagb-btn-mobile__default-btn uagb-block-45c5baf0\"><div class=\"uagb-buttons__wrap uagb-buttons-layout-wrap \">\n<div class=\"wp-block-uagb-buttons-child uagb-buttons__outer-wrap uagb-block-9f1c2648 wp-block-button\"><div class=\"uagb-button__wrapper\"><a class=\"uagb-buttons-repeater wp-block-button__link\" aria-label=\"\" href=\"https:\/\/youtube.com\/shorts\/UY4wZ1ynKHo?si=oxo1lFP1_6NZGQdy\" rel=\"follow noopener\" target=\"_self\" role=\"button\"><div class=\"uagb-button__link\">Zobacz wideo<\/div><\/a><\/div><\/div>\n<\/div><\/div>\n\n\n\n<div class=\"wp-block-uagb-image aligncenter uagb-block-5d46d4c2 wp-block-uagb-image--layout-default wp-block-uagb-image--effect-static wp-block-uagb-image--align-center\"><figure class=\"wp-block-uagb-image__figure\"><img decoding=\"async\" srcset=\"https:\/\/v2charge.com\/wp-content\/uploads\/2022\/10\/modbus-tcp-victron.png ,https:\/\/v2charge.com\/wp-content\/uploads\/2022\/10\/modbus-tcp-victron.png 780w, https:\/\/v2charge.com\/wp-content\/uploads\/2022\/10\/modbus-tcp-victron.png 360w\" sizes=\"auto, (max-width: 480px) 150px\" src=\"https:\/\/v2charge.com\/wp-content\/uploads\/2022\/10\/modbus-tcp-victron.png\" alt=\"\" class=\"uag-image-85532\" width=\"1642\" height=\"704\" title=\"\" loading=\"lazy\" role=\"img\"\/><\/figure><\/div>\n<\/div><\/div>\n\n\n\n<div class=\"wp-block-uagb-container uagb-block-1fb723ac alignfull uagb-is-root-container\"><div class=\"uagb-container-inner-blocks-wrap\">\n<div class=\"wp-block-uagb-container uagb-block-f9070278\">\n<p>W aplikacji post\u0119puj zgodnie z instrukcj\u0105, aby w\u0142\u0105czy\u0107 <a href=\"https:\/\/v2charge.com\/pl\/wsparcie\/kontrola-mocy\/dynamiczna\/\">dynamiczne sterowanie moc\u0105<\/a>, a w mierniku wybierz <strong>Victron jako typ urz\u0105dzenia.<\/strong><\/p>\n<\/div>\n\n\n\n<div class=\"wp-block-uagb-container uagb-block-bf7d8139\">\n<div class=\"wp-block-uagb-image aligncenter uagb-block-bfeb1bc2 wp-block-uagb-image--layout-default wp-block-uagb-image--effect-static wp-block-uagb-image--align-center\"><figure class=\"wp-block-uagb-image__figure\"><img decoding=\"async\" srcset=\"https:\/\/v2charge.com\/wp-content\/uploads\/2024\/01\/victron-inversor.jpg ,https:\/\/v2charge.com\/wp-content\/uploads\/2024\/01\/victron-inversor.jpg 780w, https:\/\/v2charge.com\/wp-content\/uploads\/2024\/01\/victron-inversor.jpg 360w\" sizes=\"auto, (max-width: 480px) 150px\" src=\"https:\/\/v2charge.com\/wp-content\/uploads\/2024\/01\/victron-inversor.jpg\" alt=\"\" class=\"uag-image-133304\" width=\"468\" height=\"800\" title=\"\" loading=\"lazy\" role=\"img\"\/><\/figure><\/div>\n<\/div>\n<\/div><\/div>\n\n\n\n<div class=\"wp-block-uagb-container uagb-block-5e491799 alignfull uagb-is-root-container\"><div class=\"uagb-container-inner-blocks-wrap\">\n<div class=\"wp-block-uagb-advanced-heading uagb-block-f8a0d8cf\"><h2 class=\"uagb-heading-text\"><strong>Heb je technische ondersteuning nodig?<\/strong><\/h2><\/div>\n\n\n\n<div class=\"wp-block-uagb-advanced-heading uagb-block-248f998c\"><p class=\"uagb-heading-text\">Dien een verzoek in bij het centrum voor technische ondersteuning en we nemen zo snel mogelijk contact met je op om je de beste oplossing te bieden.<\/p><\/div>\n\n\n\n<div class=\"wp-block-uagb-buttons uagb-buttons__outer-wrap uagb-btn__default-btn uagb-btn-tablet__default-btn uagb-btn-mobile__default-btn uagb-block-ec3d3863\"><div class=\"uagb-buttons__wrap uagb-buttons-layout-wrap \">\n<div class=\"wp-block-uagb-buttons-child uagb-buttons__outer-wrap uagb-block-4be1686d wp-block-button\"><div class=\"uagb-button__wrapper\"><a class=\"uagb-buttons-repeater wp-block-button__link\" aria-label=\"\" href=\"https:\/\/v2charge.atlassian.net\/servicedesk\/customer\/portal\/3\" rel=\"follow noopener\" target=\"_self\" role=\"button\"><div class=\"uagb-button__link\">Contact opnemen met technische ondersteuning<\/div><\/a><\/div><\/div>\n<\/div><\/div>\n<\/div><\/div>\n","protected":false},"excerpt":{"rendered":"<p>Po\u0142\u0105czenie Trydan z Victron Dzi\u0119ki po\u0142\u0105czeniu punktu \u0142adowania Trydan z inwerterem Victron, mo\u017cesz bezpo\u015brednio po\u0142\u0105czy\u0107 sw\u00f3j punkt \u0142adowania, aby korzysta\u0107 z funkcji inteligentnego dynamicznego sterowania moc\u0105. U\u017cycie&nbsp;repeater\u00f3w Wi-Fi&nbsp;lub sieci&nbsp;mesh&nbsp;mo\u017ce wp\u0142ywa\u0107 na prawid\u0142owe dzia\u0142anie systemu. Zaleca si\u0119 korzystanie ze&nbsp;stabilnej i bezpo\u015bredniej sieci Wi-Fi, aby zapewni\u0107&nbsp;optymalne po\u0142\u0105czenie&nbsp;mi\u0119dzy&nbsp;\u0142adowark\u0105&nbsp;a&nbsp;inwerterem. Jak pod\u0142\u0105czy\u0107 inwerter do urz\u0105dzenia Po\u0142\u0105czenie urz\u0105dzenia jest bardzo proste. &#8230; <a title=\"Po\u0142\u0105czenie Trydan z Victron\" class=\"read-more\" href=\"https:\/\/v2charge.com\/pl\/wsparcie\/kontrola-mocy\/dynamiczna\/fotowoltaika\/victron-inverter\/\" aria-label=\"Read more about Po\u0142\u0105czenie Trydan z Victron\">Dowiedz si\u0119 wi\u0119cej<\/a><\/p>\n","protected":false},"author":400,"featured_media":170352,"parent":130045,"menu_order":0,"comment_status":"closed","ping_status":"closed","template":"","meta":{"_eb_attr":"","content-type":"","_uag_custom_page_level_css":"","footnotes":""},"class_list":["post-109790","page","type-page","status-publish","has-post-thumbnail"],"yoast_head":"<!-- This site is optimized with the Yoast SEO plugin v25.3.1 - https:\/\/yoast.com\/wordpress\/plugins\/seo\/ -->\n<title>Pod\u0142\u0105cz Trydan do falownika Victron V2C<\/title>\n<meta name=\"description\" content=\"Pod\u0142\u0105cz falownik Victron do Trydan i korzystaj z funkcji inteligentnego sterowania dynamicznego. Wyja\u015bniamy, jak to zrobi\u0107. \u2714\" \/>\n<meta name=\"robots\" content=\"index, follow, max-snippet:-1, max-image-preview:large, max-video-preview:-1\" \/>\n<link rel=\"canonical\" href=\"https:\/\/v2charge.com\/pl\/wsparcie\/kontrola-mocy\/dynamiczna\/fotowoltaika\/victron-inverter\/\" \/>\n<meta property=\"og:locale\" content=\"pl_PL\" \/>\n<meta property=\"og:type\" content=\"article\" \/>\n<meta property=\"og:title\" content=\"Pod\u0142\u0105cz Trydan do falownika Victron V2C\" \/>\n<meta property=\"og:description\" content=\"Pod\u0142\u0105cz falownik Victron do Trydan i korzystaj z funkcji inteligentnego sterowania dynamicznego. Wyja\u015bniamy, jak to zrobi\u0107. \u2714\" \/>\n<meta property=\"og:url\" content=\"https:\/\/v2charge.com\/pl\/wsparcie\/kontrola-mocy\/dynamiczna\/fotowoltaika\/victron-inverter\/\" \/>\n<meta property=\"og:site_name\" content=\"V2C\" \/>\n<meta property=\"article:publisher\" content=\"https:\/\/www.facebook.com\/V2C.Charge\" \/>\n<meta property=\"article:modified_time\" content=\"2025-07-21T09:13:29+00:00\" \/>\n<meta property=\"og:image\" content=\"https:\/\/v2charge.com\/wp-content\/uploads\/2024\/07\/v2c-electric-chargers.jpg\" \/>\n\t<meta property=\"og:image:width\" content=\"1200\" \/>\n\t<meta property=\"og:image:height\" content=\"675\" \/>\n\t<meta property=\"og:image:type\" content=\"image\/jpeg\" \/>\n<meta name=\"twitter:card\" content=\"summary_large_image\" \/>\n<meta name=\"twitter:site\" content=\"@V2C_Charge\" \/>\n<meta name=\"twitter:label1\" content=\"Szacowany czas czytania\" \/>\n\t<meta name=\"twitter:data1\" content=\"2 minuty\" \/>\n<script type=\"application\/ld+json\" class=\"yoast-schema-graph\">{\"@context\":\"https:\/\/schema.org\",\"@graph\":[{\"@type\":\"WebPage\",\"@id\":\"https:\/\/v2charge.com\/pl\/wsparcie\/kontrola-mocy\/dynamiczna\/fotowoltaika\/victron-inverter\/\",\"url\":\"https:\/\/v2charge.com\/pl\/wsparcie\/kontrola-mocy\/dynamiczna\/fotowoltaika\/victron-inverter\/\",\"name\":\"Pod\u0142\u0105cz Trydan do falownika Victron V2C\",\"isPartOf\":{\"@id\":\"https:\/\/v2charge.com\/pl\/#website\"},\"primaryImageOfPage\":{\"@id\":\"https:\/\/v2charge.com\/pl\/wsparcie\/kontrola-mocy\/dynamiczna\/fotowoltaika\/victron-inverter\/#primaryimage\"},\"image\":{\"@id\":\"https:\/\/v2charge.com\/pl\/wsparcie\/kontrola-mocy\/dynamiczna\/fotowoltaika\/victron-inverter\/#primaryimage\"},\"thumbnailUrl\":\"https:\/\/v2charge.com\/wp-content\/uploads\/2024\/07\/v2c-electric-chargers.jpg\",\"datePublished\":\"2023-07-11T09:25:40+00:00\",\"dateModified\":\"2025-07-21T09:13:29+00:00\",\"description\":\"Pod\u0142\u0105cz falownik Victron do Trydan i korzystaj z funkcji inteligentnego sterowania dynamicznego. Wyja\u015bniamy, jak to zrobi\u0107. \u2714\",\"breadcrumb\":{\"@id\":\"https:\/\/v2charge.com\/pl\/wsparcie\/kontrola-mocy\/dynamiczna\/fotowoltaika\/victron-inverter\/#breadcrumb\"},\"inLanguage\":\"pl-PL\",\"potentialAction\":[{\"@type\":\"ReadAction\",\"target\":[\"https:\/\/v2charge.com\/pl\/wsparcie\/kontrola-mocy\/dynamiczna\/fotowoltaika\/victron-inverter\/\"]}]},{\"@type\":\"ImageObject\",\"inLanguage\":\"pl-PL\",\"@id\":\"https:\/\/v2charge.com\/pl\/wsparcie\/kontrola-mocy\/dynamiczna\/fotowoltaika\/victron-inverter\/#primaryimage\",\"url\":\"https:\/\/v2charge.com\/wp-content\/uploads\/2024\/07\/v2c-electric-chargers.jpg\",\"contentUrl\":\"https:\/\/v2charge.com\/wp-content\/uploads\/2024\/07\/v2c-electric-chargers.jpg\",\"width\":1200,\"height\":675,\"caption\":\"V2C Electric Chargers\"},{\"@type\":\"BreadcrumbList\",\"@id\":\"https:\/\/v2charge.com\/pl\/wsparcie\/kontrola-mocy\/dynamiczna\/fotowoltaika\/victron-inverter\/#breadcrumb\",\"itemListElement\":[{\"@type\":\"ListItem\",\"position\":1,\"name\":\"V2C\",\"item\":\"https:\/\/v2charge.com\/pl\/\"},{\"@type\":\"ListItem\",\"position\":2,\"name\":\"Obszar Wsparcie\",\"item\":\"https:\/\/v2charge.com\/pl\/wsparcie\/\"},{\"@type\":\"ListItem\",\"position\":3,\"name\":\"Kontrola Mocy\",\"item\":\"https:\/\/v2charge.com\/pl\/wsparcie\/kontrola-mocy\/\"},{\"@type\":\"ListItem\",\"position\":4,\"name\":\"Dynamiczna\",\"item\":\"https:\/\/v2charge.com\/pl\/wsparcie\/kontrola-mocy\/dynamiczna\/\"},{\"@type\":\"ListItem\",\"position\":5,\"name\":\"Fotowoltaika\",\"item\":\"https:\/\/v2charge.com\/pl\/wsparcie\/kontrola-mocy\/dynamiczna\/fotowoltaika\/\"},{\"@type\":\"ListItem\",\"position\":6,\"name\":\"Po\u0142\u0105czenie Trydan z Victron\"}]},{\"@type\":\"WebSite\",\"@id\":\"https:\/\/v2charge.com\/pl\/#website\",\"url\":\"https:\/\/v2charge.com\/pl\/\",\"name\":\"V2C\",\"description\":\"#CargandoElMa\u00f1ana\",\"publisher\":{\"@id\":\"https:\/\/v2charge.com\/pl\/#organization\"},\"potentialAction\":[{\"@type\":\"SearchAction\",\"target\":{\"@type\":\"EntryPoint\",\"urlTemplate\":\"https:\/\/v2charge.com\/pl\/?s={search_term_string}\"},\"query-input\":{\"@type\":\"PropertyValueSpecification\",\"valueRequired\":true,\"valueName\":\"search_term_string\"}}],\"inLanguage\":\"pl-PL\"},{\"@type\":\"Organization\",\"@id\":\"https:\/\/v2charge.com\/pl\/#organization\",\"name\":\"V2C\",\"url\":\"https:\/\/v2charge.com\/pl\/\",\"logo\":{\"@type\":\"ImageObject\",\"inLanguage\":\"pl-PL\",\"@id\":\"https:\/\/v2charge.com\/pl\/#\/schema\/logo\/image\/\",\"url\":\"https:\/\/v2charge.com\/wp-content\/uploads\/2024\/11\/cropped-v2c-charge-logo-menu.png\",\"contentUrl\":\"https:\/\/v2charge.com\/wp-content\/uploads\/2024\/11\/cropped-v2c-charge-logo-menu.png\",\"width\":984,\"height\":431,\"caption\":\"V2C\"},\"image\":{\"@id\":\"https:\/\/v2charge.com\/pl\/#\/schema\/logo\/image\/\"},\"sameAs\":[\"https:\/\/www.facebook.com\/V2C.Charge\",\"https:\/\/x.com\/V2C_Charge\",\"https:\/\/www.instagram.com\/v2c.charge\/\",\"https:\/\/www.youtube.com\/@V2C\",\"https:\/\/www.linkedin.com\/company\/v2c-chargers\/\"]}]}<\/script>\n<!-- \/ Yoast SEO plugin. -->","yoast_head_json":{"title":"Pod\u0142\u0105cz Trydan do falownika Victron V2C","description":"Pod\u0142\u0105cz falownik Victron do Trydan i korzystaj z funkcji inteligentnego sterowania dynamicznego. Wyja\u015bniamy, jak to zrobi\u0107. \u2714","robots":{"index":"index","follow":"follow","max-snippet":"max-snippet:-1","max-image-preview":"max-image-preview:large","max-video-preview":"max-video-preview:-1"},"canonical":"https:\/\/v2charge.com\/pl\/wsparcie\/kontrola-mocy\/dynamiczna\/fotowoltaika\/victron-inverter\/","og_locale":"pl_PL","og_type":"article","og_title":"Pod\u0142\u0105cz Trydan do falownika Victron V2C","og_description":"Pod\u0142\u0105cz falownik Victron do Trydan i korzystaj z funkcji inteligentnego sterowania dynamicznego. Wyja\u015bniamy, jak to zrobi\u0107. \u2714","og_url":"https:\/\/v2charge.com\/pl\/wsparcie\/kontrola-mocy\/dynamiczna\/fotowoltaika\/victron-inverter\/","og_site_name":"V2C","article_publisher":"https:\/\/www.facebook.com\/V2C.Charge","article_modified_time":"2025-07-21T09:13:29+00:00","og_image":[{"width":1200,"height":675,"url":"https:\/\/v2charge.com\/wp-content\/uploads\/2024\/07\/v2c-electric-chargers.jpg","type":"image\/jpeg"}],"twitter_card":"summary_large_image","twitter_site":"@V2C_Charge","twitter_misc":{"Szacowany czas czytania":"2 minuty"},"schema":{"@context":"https:\/\/schema.org","@graph":[{"@type":"WebPage","@id":"https:\/\/v2charge.com\/pl\/wsparcie\/kontrola-mocy\/dynamiczna\/fotowoltaika\/victron-inverter\/","url":"https:\/\/v2charge.com\/pl\/wsparcie\/kontrola-mocy\/dynamiczna\/fotowoltaika\/victron-inverter\/","name":"Pod\u0142\u0105cz Trydan do falownika Victron V2C","isPartOf":{"@id":"https:\/\/v2charge.com\/pl\/#website"},"primaryImageOfPage":{"@id":"https:\/\/v2charge.com\/pl\/wsparcie\/kontrola-mocy\/dynamiczna\/fotowoltaika\/victron-inverter\/#primaryimage"},"image":{"@id":"https:\/\/v2charge.com\/pl\/wsparcie\/kontrola-mocy\/dynamiczna\/fotowoltaika\/victron-inverter\/#primaryimage"},"thumbnailUrl":"https:\/\/v2charge.com\/wp-content\/uploads\/2024\/07\/v2c-electric-chargers.jpg","datePublished":"2023-07-11T09:25:40+00:00","dateModified":"2025-07-21T09:13:29+00:00","description":"Pod\u0142\u0105cz falownik Victron do Trydan i korzystaj z funkcji inteligentnego sterowania dynamicznego. Wyja\u015bniamy, jak to zrobi\u0107. \u2714","breadcrumb":{"@id":"https:\/\/v2charge.com\/pl\/wsparcie\/kontrola-mocy\/dynamiczna\/fotowoltaika\/victron-inverter\/#breadcrumb"},"inLanguage":"pl-PL","potentialAction":[{"@type":"ReadAction","target":["https:\/\/v2charge.com\/pl\/wsparcie\/kontrola-mocy\/dynamiczna\/fotowoltaika\/victron-inverter\/"]}]},{"@type":"ImageObject","inLanguage":"pl-PL","@id":"https:\/\/v2charge.com\/pl\/wsparcie\/kontrola-mocy\/dynamiczna\/fotowoltaika\/victron-inverter\/#primaryimage","url":"https:\/\/v2charge.com\/wp-content\/uploads\/2024\/07\/v2c-electric-chargers.jpg","contentUrl":"https:\/\/v2charge.com\/wp-content\/uploads\/2024\/07\/v2c-electric-chargers.jpg","width":1200,"height":675,"caption":"V2C Electric Chargers"},{"@type":"BreadcrumbList","@id":"https:\/\/v2charge.com\/pl\/wsparcie\/kontrola-mocy\/dynamiczna\/fotowoltaika\/victron-inverter\/#breadcrumb","itemListElement":[{"@type":"ListItem","position":1,"name":"V2C","item":"https:\/\/v2charge.com\/pl\/"},{"@type":"ListItem","position":2,"name":"Obszar Wsparcie","item":"https:\/\/v2charge.com\/pl\/wsparcie\/"},{"@type":"ListItem","position":3,"name":"Kontrola Mocy","item":"https:\/\/v2charge.com\/pl\/wsparcie\/kontrola-mocy\/"},{"@type":"ListItem","position":4,"name":"Dynamiczna","item":"https:\/\/v2charge.com\/pl\/wsparcie\/kontrola-mocy\/dynamiczna\/"},{"@type":"ListItem","position":5,"name":"Fotowoltaika","item":"https:\/\/v2charge.com\/pl\/wsparcie\/kontrola-mocy\/dynamiczna\/fotowoltaika\/"},{"@type":"ListItem","position":6,"name":"Po\u0142\u0105czenie Trydan z Victron"}]},{"@type":"WebSite","@id":"https:\/\/v2charge.com\/pl\/#website","url":"https:\/\/v2charge.com\/pl\/","name":"V2C","description":"#CargandoElMa\u00f1ana","publisher":{"@id":"https:\/\/v2charge.com\/pl\/#organization"},"potentialAction":[{"@type":"SearchAction","target":{"@type":"EntryPoint","urlTemplate":"https:\/\/v2charge.com\/pl\/?s={search_term_string}"},"query-input":{"@type":"PropertyValueSpecification","valueRequired":true,"valueName":"search_term_string"}}],"inLanguage":"pl-PL"},{"@type":"Organization","@id":"https:\/\/v2charge.com\/pl\/#organization","name":"V2C","url":"https:\/\/v2charge.com\/pl\/","logo":{"@type":"ImageObject","inLanguage":"pl-PL","@id":"https:\/\/v2charge.com\/pl\/#\/schema\/logo\/image\/","url":"https:\/\/v2charge.com\/wp-content\/uploads\/2024\/11\/cropped-v2c-charge-logo-menu.png","contentUrl":"https:\/\/v2charge.com\/wp-content\/uploads\/2024\/11\/cropped-v2c-charge-logo-menu.png","width":984,"height":431,"caption":"V2C"},"image":{"@id":"https:\/\/v2charge.com\/pl\/#\/schema\/logo\/image\/"},"sameAs":["https:\/\/www.facebook.com\/V2C.Charge","https:\/\/x.com\/V2C_Charge","https:\/\/www.instagram.com\/v2c.charge\/","https:\/\/www.youtube.com\/@V2C","https:\/\/www.linkedin.com\/company\/v2c-chargers\/"]}]}},"uagb_featured_image_src":{"full":["https:\/\/v2charge.com\/wp-content\/uploads\/2024\/07\/v2c-electric-chargers.jpg",1200,675,false],"thumbnail":["https:\/\/v2charge.com\/wp-content\/uploads\/2024\/07\/v2c-electric-chargers-150x150.jpg",150,150,true],"medium":["https:\/\/v2charge.com\/wp-content\/uploads\/2024\/07\/v2c-electric-chargers-300x169.jpg",300,169,true],"medium_large":["https:\/\/v2charge.com\/wp-content\/uploads\/2024\/07\/v2c-electric-chargers-768x432.jpg",768,432,true],"large":["https:\/\/v2charge.com\/wp-content\/uploads\/2024\/07\/v2c-electric-chargers-1024x576.jpg",1024,576,true],"gs-tiny":["https:\/\/v2charge.com\/wp-content\/uploads\/2024\/07\/v2c-electric-chargers.jpg",50,28,false],"xl":["https:\/\/v2charge.com\/wp-content\/uploads\/2024\/07\/v2c-electric-chargers.jpg",1200,675,false],"xxl":["https:\/\/v2charge.com\/wp-content\/uploads\/2024\/07\/v2c-electric-chargers.jpg",1200,675,false],"xxxl":["https:\/\/v2charge.com\/wp-content\/uploads\/2024\/07\/v2c-electric-chargers.jpg",1200,675,false],"xxxxl":["https:\/\/v2charge.com\/wp-content\/uploads\/2024\/07\/v2c-electric-chargers.jpg",1200,675,false],"xxxxxl":["https:\/\/v2charge.com\/wp-content\/uploads\/2024\/07\/v2c-electric-chargers.jpg",1200,675,false],"1536x1536":["https:\/\/v2charge.com\/wp-content\/uploads\/2024\/07\/v2c-electric-chargers.jpg",1200,675,false],"2048x2048":["https:\/\/v2charge.com\/wp-content\/uploads\/2024\/07\/v2c-electric-chargers.jpg",1200,675,false]},"uagb_author_info":{"display_name":"V2C","author_link":"https:\/\/v2charge.com\/pl\/author\/marketing\/"},"uagb_comment_info":0,"uagb_excerpt":"Po\u0142\u0105czenie Trydan z Victron Dzi\u0119ki po\u0142\u0105czeniu punktu \u0142adowania Trydan z inwerterem Victron, mo\u017cesz bezpo\u015brednio po\u0142\u0105czy\u0107 sw\u00f3j punkt \u0142adowania, aby korzysta\u0107 z funkcji inteligentnego dynamicznego sterowania moc\u0105. U\u017cycie&nbsp;repeater\u00f3w Wi-Fi&nbsp;lub sieci&nbsp;mesh&nbsp;mo\u017ce wp\u0142ywa\u0107 na prawid\u0142owe dzia\u0142anie systemu. Zaleca si\u0119 korzystanie ze&nbsp;stabilnej i bezpo\u015bredniej sieci Wi-Fi, aby zapewni\u0107&nbsp;optymalne po\u0142\u0105czenie&nbsp;mi\u0119dzy&nbsp;\u0142adowark\u0105&nbsp;a&nbsp;inwerterem. Jak pod\u0142\u0105czy\u0107 inwerter do urz\u0105dzenia Po\u0142\u0105czenie urz\u0105dzenia jest bardzo proste.&hellip;","_links":{"self":[{"href":"https:\/\/v2charge.com\/pl\/wp-json\/wp\/v2\/pages\/109790","targetHints":{"allow":["GET"]}}],"collection":[{"href":"https:\/\/v2charge.com\/pl\/wp-json\/wp\/v2\/pages"}],"about":[{"href":"https:\/\/v2charge.com\/pl\/wp-json\/wp\/v2\/types\/page"}],"author":[{"embeddable":true,"href":"https:\/\/v2charge.com\/pl\/wp-json\/wp\/v2\/users\/400"}],"replies":[{"embeddable":true,"href":"https:\/\/v2charge.com\/pl\/wp-json\/wp\/v2\/comments?post=109790"}],"version-history":[{"count":3,"href":"https:\/\/v2charge.com\/pl\/wp-json\/wp\/v2\/pages\/109790\/revisions"}],"predecessor-version":[{"id":239143,"href":"https:\/\/v2charge.com\/pl\/wp-json\/wp\/v2\/pages\/109790\/revisions\/239143"}],"up":[{"embeddable":true,"href":"https:\/\/v2charge.com\/pl\/wp-json\/wp\/v2\/pages\/130045"}],"wp:featuredmedia":[{"embeddable":true,"href":"https:\/\/v2charge.com\/pl\/wp-json\/wp\/v2\/media\/170352"}],"wp:attachment":[{"href":"https:\/\/v2charge.com\/pl\/wp-json\/wp\/v2\/media?parent=109790"}],"curies":[{"name":"wp","href":"https:\/\/api.w.org\/{rel}","templated":true}]}}