{"id":109807,"date":"2023-07-11T09:37:55","date_gmt":"2023-07-11T09:37:55","guid":{"rendered":"https:\/\/v2charge.com\/?page_id=109807"},"modified":"2025-10-31T13:15:49","modified_gmt":"2025-10-31T11:15:49","slug":"uzyskac-token-api-rest-cloud","status":"publish","type":"page","link":"https:\/\/v2charge.com\/pl\/wsparcie\/v2c-cloud\/uzyskac-token-api-rest-cloud\/","title":{"rendered":"Jak uzyska\u0107 identyfikator tokena do korzystania z interfejsu API Rest Cloud?"},"content":{"rendered":"\n<div class=\"wp-block-uagb-container uagb-block-b699f6de alignfull uagb-is-root-container\"><div class=\"uagb-container-inner-blocks-wrap\"><div class=\"yoast-breadcrumbs\"><span><span><a href=\"https:\/\/v2charge.com\/pl\/\">V2C<\/a><\/span> \u00bb <span><a href=\"https:\/\/v2charge.com\/pl\/wsparcie\/\">Obszar Wsparcie<\/a><\/span> \u00bb <span><a href=\"https:\/\/v2charge.com\/pl\/wsparcie\/v2c-cloud\/\">Wsparcie V2C Cloud<\/a><\/span> \u00bb <span class=\"breadcrumb_last\" aria-current=\"page\">Jak uzyska\u0107 identyfikator tokena do korzystania z interfejsu API Rest Cloud?<\/span><\/span><\/div>\n\n\n<h1 class=\"wp-block-heading\">Jak uzyska\u0107 identyfikator tokena do korzystania z interfejsu API Rest Cloud?<\/h1>\n\n\n\n<p>REST API lub RESTful API to interfejs programowania aplikacji (API lub web API), kt\u00f3ry jest zgodny z granicami architektury REST i umo\u017cliwia interakcj\u0119 z us\u0142ugami internetowymi RESTful.<\/p>\n\n\n\n<p>Dzi\u0119ki API b\u0119dziesz m\u00f3g\u0142 korzysta\u0107 z punktu \u0142adowania za po\u015brednictwem aplikacji \/ us\u0142ug stworzonych przez siebie bez korzystania z oficjalnych aplikacji. Pozwoli to na tworzenie automatyzacji lub ciekawych us\u0142ug w naszych punktach do\u0142adowa\u0144 poprzez programowanie.<\/p>\n\n\n\n<p>Wi\u0119cej informacji mo\u017cna znale\u017a\u0107 w <a href=\"https:\/\/api.v2charge.com\/\" target=\"_blank\" rel=\"noreferrer noopener\">dokumentacji Rest Cloud API<\/a>.<\/p>\n\n\n\n<div class=\"wp-block-uagb-slider uagb-block-3b42e577 uagb-slider-container\"><div class=\"uagb-slides uagb-swiper\"><div class=\"swiper-wrapper\">\n<div class=\"wp-block-uagb-slider-child uagb-slider-child-wrap swiper-slide uagb-block-4cae72c6\"><div class=\"swiper-content\">\n<div class=\"wp-block-uagb-container uagb-block-ad496432 alignfull uagb-is-root-container\"><div class=\"uagb-container-inner-blocks-wrap\">\n<div class=\"wp-block-uagb-info-box uagb-block-95d92034 uagb-infobox__content-wrap  uagb-infobox-icon-above-title uagb-infobox-image-valign-top\"><div class=\"uagb-ifb-content\"><div class=\"uagb-ifb-image-content\"><img decoding=\"async\" src=\"https:\/\/v2charge.com\/wp-content\/uploads\/2023\/11\/numero-uno.png\" alt=\"\" width=\"30\" height=\"30\" loading=\"lazy\"\/><\/div><div class=\"uagb-ifb-title-wrap\"><\/div><p class=\"uagb-ifb-desc\">Zaloguj si\u0119 na platformie <a href=\"https:\/\/www.v2c.cloud\/\">v2c.cloud<\/a> i kliknij \u201eU\u017cytkownik\u201d, znajduj\u0105cy si\u0119 w lewym g\u00f3rnym rogu<\/p><\/div><\/div>\n\n\n\n<div class=\"wp-block-uagb-image aligncenter uagb-block-5929cf85 wp-block-uagb-image--layout-default wp-block-uagb-image--effect-static wp-block-uagb-image--align-center\"><figure class=\"wp-block-uagb-image__figure\"><img decoding=\"async\" srcset=\"https:\/\/v2charge.com\/wp-content\/uploads\/2025\/10\/user-web.png ,https:\/\/v2charge.com\/wp-content\/uploads\/2025\/10\/user-web.png 780w, https:\/\/v2charge.com\/wp-content\/uploads\/2025\/10\/user-web.png 360w\" sizes=\"auto, (max-width: 480px) 150px\" src=\"https:\/\/v2charge.com\/wp-content\/uploads\/2025\/10\/user-web.png\" alt=\"\" class=\"uag-image-265379\" width=\"800\" height=\"470\" title=\"user-web\" loading=\"lazy\" role=\"img\"\/><\/figure><\/div>\n<\/div><\/div>\n<\/div><\/div>\n\n\n\n<div class=\"wp-block-uagb-slider-child uagb-slider-child-wrap swiper-slide uagb-block-87ab5b82\"><div class=\"swiper-content\">\n<div class=\"wp-block-uagb-container uagb-block-8fda0342 alignfull uagb-is-root-container\"><div class=\"uagb-container-inner-blocks-wrap\">\n<div class=\"wp-block-uagb-info-box uagb-block-68437ed9 uagb-infobox__content-wrap  uagb-infobox-icon-above-title uagb-infobox-image-valign-top\"><div class=\"uagb-ifb-content\"><div class=\"uagb-ifb-image-content\"><img decoding=\"async\" src=\"https:\/\/v2charge.com\/wp-content\/uploads\/2023\/11\/numero-dos.png\" alt=\"\" width=\"30\" height=\"30\" loading=\"lazy\"\/><\/div><div class=\"uagb-ifb-title-wrap\"><\/div><p class=\"uagb-ifb-desc\">Kliknij sekcj\u0119 \u201eAPI\u201d w menu<\/p><\/div><\/div>\n\n\n\n<div class=\"wp-block-uagb-image aligncenter uagb-block-aedf30c6 wp-block-uagb-image--layout-default wp-block-uagb-image--effect-static wp-block-uagb-image--align-center\"><figure class=\"wp-block-uagb-image__figure\"><img decoding=\"async\" srcset=\"https:\/\/v2charge.com\/wp-content\/uploads\/2025\/10\/user-api.png ,https:\/\/v2charge.com\/wp-content\/uploads\/2025\/10\/user-api.png 780w, https:\/\/v2charge.com\/wp-content\/uploads\/2025\/10\/user-api.png 360w\" sizes=\"auto, (max-width: 480px) 150px\" src=\"https:\/\/v2charge.com\/wp-content\/uploads\/2025\/10\/user-api.png\" alt=\"\" class=\"uag-image-265390\" width=\"800\" height=\"470\" title=\"user-api\" loading=\"lazy\" role=\"img\"\/><\/figure><\/div>\n<\/div><\/div>\n<\/div><\/div>\n\n\n\n<div class=\"wp-block-uagb-slider-child uagb-slider-child-wrap swiper-slide uagb-block-ea46eed7\"><div class=\"swiper-content\">\n<div class=\"wp-block-uagb-container uagb-block-020e2cb0 alignfull uagb-is-root-container\"><div class=\"uagb-container-inner-blocks-wrap\">\n<div class=\"wp-block-uagb-info-box uagb-block-37093105 uagb-infobox__content-wrap  uagb-infobox-icon-above-title uagb-infobox-image-valign-top\"><div class=\"uagb-ifb-content\"><div class=\"uagb-ifb-image-content\"><img decoding=\"async\" src=\"https:\/\/v2charge.com\/wp-content\/uploads\/2023\/11\/numero-tres.png\" alt=\"\" width=\"30\" height=\"30\" loading=\"lazy\"\/><\/div><div class=\"uagb-ifb-title-wrap\"><\/div><p class=\"uagb-ifb-desc\">Kliknij przycisk \u201ePobierz token\u201d<\/p><\/div><\/div>\n\n\n\n<div class=\"wp-block-uagb-image aligncenter uagb-block-b47ca29e wp-block-uagb-image--layout-default wp-block-uagb-image--effect-static wp-block-uagb-image--align-center\"><figure class=\"wp-block-uagb-image__figure\"><img decoding=\"async\" srcset=\"https:\/\/v2charge.com\/wp-content\/uploads\/2025\/10\/get-token.png ,https:\/\/v2charge.com\/wp-content\/uploads\/2025\/10\/get-token.png 780w, https:\/\/v2charge.com\/wp-content\/uploads\/2025\/10\/get-token.png 360w\" sizes=\"auto, (max-width: 480px) 150px\" src=\"https:\/\/v2charge.com\/wp-content\/uploads\/2025\/10\/get-token.png\" alt=\"\" class=\"uag-image-265401\" width=\"800\" height=\"470\" title=\"get-token\" loading=\"lazy\" role=\"img\"\/><\/figure><\/div>\n<\/div><\/div>\n<\/div><\/div>\n<\/div><\/div><div class=\"swiper-pagination\"><\/div><div class=\"swiper-button-prev\"><\/div><div class=\"swiper-button-next\"><\/div><\/div>\n\n\n\n<div style=\"height:60px\" aria-hidden=\"true\" class=\"wp-block-spacer\"><\/div>\n<\/div><\/div>\n","protected":false},"excerpt":{"rendered":"<p>Jak uzyska\u0107 identyfikator tokena do korzystania z interfejsu API Rest Cloud? REST API lub RESTful API to interfejs programowania aplikacji (API lub web API), kt\u00f3ry jest zgodny z granicami architektury REST i umo\u017cliwia interakcj\u0119 z us\u0142ugami internetowymi RESTful. Dzi\u0119ki API b\u0119dziesz m\u00f3g\u0142 korzysta\u0107 z punktu \u0142adowania za po\u015brednictwem aplikacji \/ us\u0142ug stworzonych przez siebie bez &#8230; <a title=\"Jak uzyska\u0107 identyfikator tokena do korzystania z interfejsu API Rest Cloud?\" class=\"read-more\" href=\"https:\/\/v2charge.com\/pl\/wsparcie\/v2c-cloud\/uzyskac-token-api-rest-cloud\/\" aria-label=\"Read more about Jak uzyska\u0107 identyfikator tokena do korzystania z interfejsu API Rest Cloud?\">Dowiedz si\u0119 wi\u0119cej<\/a><\/p>\n","protected":false},"author":400,"featured_media":170352,"parent":108995,"menu_order":0,"comment_status":"closed","ping_status":"closed","template":"","meta":{"_eb_attr":"","content-type":"","_uag_custom_page_level_css":"","footnotes":""},"class_list":["post-109807","page","type-page","status-publish","has-post-thumbnail"],"yoast_head":"<!-- This site is optimized with the Yoast SEO plugin v25.3.1 - https:\/\/yoast.com\/wordpress\/plugins\/seo\/ -->\n<title>Uzyskaj token ID interfejsu API Rest Cloud | V2C<\/title>\n<meta name=\"description\" content=\"Dzi\u0119ki API mo\u017cna korzysta\u0107 z punktu \u0142adowania za po\u015brednictwem aplikacji\/us\u0142ug bez oficjalnych aplikacji.\" \/>\n<meta name=\"robots\" content=\"index, follow, max-snippet:-1, max-image-preview:large, max-video-preview:-1\" \/>\n<link rel=\"canonical\" href=\"https:\/\/v2charge.com\/pl\/wsparcie\/v2c-cloud\/uzyskac-token-api-rest-cloud\/\" \/>\n<meta property=\"og:locale\" content=\"pl_PL\" \/>\n<meta property=\"og:type\" content=\"article\" \/>\n<meta property=\"og:title\" content=\"Uzyskaj token ID interfejsu API Rest Cloud | V2C\" \/>\n<meta property=\"og:description\" content=\"Dzi\u0119ki API mo\u017cna korzysta\u0107 z punktu \u0142adowania za po\u015brednictwem aplikacji\/us\u0142ug bez oficjalnych aplikacji.\" \/>\n<meta property=\"og:url\" content=\"https:\/\/v2charge.com\/pl\/wsparcie\/v2c-cloud\/uzyskac-token-api-rest-cloud\/\" \/>\n<meta property=\"og:site_name\" content=\"V2C\" \/>\n<meta property=\"article:publisher\" content=\"https:\/\/www.facebook.com\/V2C.Charge\" \/>\n<meta property=\"article:modified_time\" content=\"2025-10-31T11:15:49+00:00\" \/>\n<meta property=\"og:image\" content=\"https:\/\/v2charge.com\/wp-content\/uploads\/2024\/07\/v2c-electric-chargers.jpg\" \/>\n\t<meta property=\"og:image:width\" content=\"1200\" \/>\n\t<meta property=\"og:image:height\" content=\"675\" \/>\n\t<meta property=\"og:image:type\" content=\"image\/jpeg\" \/>\n<meta name=\"twitter:card\" content=\"summary_large_image\" \/>\n<meta name=\"twitter:site\" content=\"@V2C_Charge\" \/>\n<meta name=\"twitter:label1\" content=\"Szacowany czas czytania\" \/>\n\t<meta name=\"twitter:data1\" content=\"2 minuty\" \/>\n<script type=\"application\/ld+json\" class=\"yoast-schema-graph\">{\"@context\":\"https:\/\/schema.org\",\"@graph\":[{\"@type\":\"WebPage\",\"@id\":\"https:\/\/v2charge.com\/pl\/wsparcie\/v2c-cloud\/uzyskac-token-api-rest-cloud\/\",\"url\":\"https:\/\/v2charge.com\/pl\/wsparcie\/v2c-cloud\/uzyskac-token-api-rest-cloud\/\",\"name\":\"Uzyskaj token ID interfejsu API Rest Cloud | V2C\",\"isPartOf\":{\"@id\":\"https:\/\/v2charge.com\/pl\/#website\"},\"primaryImageOfPage\":{\"@id\":\"https:\/\/v2charge.com\/pl\/wsparcie\/v2c-cloud\/uzyskac-token-api-rest-cloud\/#primaryimage\"},\"image\":{\"@id\":\"https:\/\/v2charge.com\/pl\/wsparcie\/v2c-cloud\/uzyskac-token-api-rest-cloud\/#primaryimage\"},\"thumbnailUrl\":\"https:\/\/v2charge.com\/wp-content\/uploads\/2024\/07\/v2c-electric-chargers.jpg\",\"datePublished\":\"2023-07-11T09:37:55+00:00\",\"dateModified\":\"2025-10-31T11:15:49+00:00\",\"description\":\"Dzi\u0119ki API mo\u017cna korzysta\u0107 z punktu \u0142adowania za po\u015brednictwem aplikacji\/us\u0142ug bez oficjalnych aplikacji.\",\"breadcrumb\":{\"@id\":\"https:\/\/v2charge.com\/pl\/wsparcie\/v2c-cloud\/uzyskac-token-api-rest-cloud\/#breadcrumb\"},\"inLanguage\":\"pl-PL\",\"potentialAction\":[{\"@type\":\"ReadAction\",\"target\":[\"https:\/\/v2charge.com\/pl\/wsparcie\/v2c-cloud\/uzyskac-token-api-rest-cloud\/\"]}]},{\"@type\":\"ImageObject\",\"inLanguage\":\"pl-PL\",\"@id\":\"https:\/\/v2charge.com\/pl\/wsparcie\/v2c-cloud\/uzyskac-token-api-rest-cloud\/#primaryimage\",\"url\":\"https:\/\/v2charge.com\/wp-content\/uploads\/2024\/07\/v2c-electric-chargers.jpg\",\"contentUrl\":\"https:\/\/v2charge.com\/wp-content\/uploads\/2024\/07\/v2c-electric-chargers.jpg\",\"width\":1200,\"height\":675,\"caption\":\"V2C Electric Chargers\"},{\"@type\":\"BreadcrumbList\",\"@id\":\"https:\/\/v2charge.com\/pl\/wsparcie\/v2c-cloud\/uzyskac-token-api-rest-cloud\/#breadcrumb\",\"itemListElement\":[{\"@type\":\"ListItem\",\"position\":1,\"name\":\"V2C\",\"item\":\"https:\/\/v2charge.com\/pl\/\"},{\"@type\":\"ListItem\",\"position\":2,\"name\":\"Obszar Wsparcie\",\"item\":\"https:\/\/v2charge.com\/pl\/wsparcie\/\"},{\"@type\":\"ListItem\",\"position\":3,\"name\":\"Wsparcie V2C Cloud\",\"item\":\"https:\/\/v2charge.com\/pl\/wsparcie\/v2c-cloud\/\"},{\"@type\":\"ListItem\",\"position\":4,\"name\":\"Jak uzyska\u0107 identyfikator tokena do korzystania z interfejsu API Rest Cloud?\"}]},{\"@type\":\"WebSite\",\"@id\":\"https:\/\/v2charge.com\/pl\/#website\",\"url\":\"https:\/\/v2charge.com\/pl\/\",\"name\":\"V2C\",\"description\":\"#CargandoElMa\u00f1ana\",\"publisher\":{\"@id\":\"https:\/\/v2charge.com\/pl\/#organization\"},\"potentialAction\":[{\"@type\":\"SearchAction\",\"target\":{\"@type\":\"EntryPoint\",\"urlTemplate\":\"https:\/\/v2charge.com\/pl\/?s={search_term_string}\"},\"query-input\":{\"@type\":\"PropertyValueSpecification\",\"valueRequired\":true,\"valueName\":\"search_term_string\"}}],\"inLanguage\":\"pl-PL\"},{\"@type\":\"Organization\",\"@id\":\"https:\/\/v2charge.com\/pl\/#organization\",\"name\":\"V2C\",\"url\":\"https:\/\/v2charge.com\/pl\/\",\"logo\":{\"@type\":\"ImageObject\",\"inLanguage\":\"pl-PL\",\"@id\":\"https:\/\/v2charge.com\/pl\/#\/schema\/logo\/image\/\",\"url\":\"https:\/\/v2charge.com\/wp-content\/uploads\/2024\/11\/cropped-v2c-charge-logo-menu.png\",\"contentUrl\":\"https:\/\/v2charge.com\/wp-content\/uploads\/2024\/11\/cropped-v2c-charge-logo-menu.png\",\"width\":984,\"height\":431,\"caption\":\"V2C\"},\"image\":{\"@id\":\"https:\/\/v2charge.com\/pl\/#\/schema\/logo\/image\/\"},\"sameAs\":[\"https:\/\/www.facebook.com\/V2C.Charge\",\"https:\/\/x.com\/V2C_Charge\",\"https:\/\/www.instagram.com\/v2c.charge\/\",\"https:\/\/www.youtube.com\/@V2C\",\"https:\/\/www.linkedin.com\/company\/v2c-chargers\/\"]}]}<\/script>\n<!-- \/ Yoast SEO plugin. -->","yoast_head_json":{"title":"Uzyskaj token ID interfejsu API Rest Cloud | V2C","description":"Dzi\u0119ki API mo\u017cna korzysta\u0107 z punktu \u0142adowania za po\u015brednictwem aplikacji\/us\u0142ug bez oficjalnych aplikacji.","robots":{"index":"index","follow":"follow","max-snippet":"max-snippet:-1","max-image-preview":"max-image-preview:large","max-video-preview":"max-video-preview:-1"},"canonical":"https:\/\/v2charge.com\/pl\/wsparcie\/v2c-cloud\/uzyskac-token-api-rest-cloud\/","og_locale":"pl_PL","og_type":"article","og_title":"Uzyskaj token ID interfejsu API Rest Cloud | V2C","og_description":"Dzi\u0119ki API mo\u017cna korzysta\u0107 z punktu \u0142adowania za po\u015brednictwem aplikacji\/us\u0142ug bez oficjalnych aplikacji.","og_url":"https:\/\/v2charge.com\/pl\/wsparcie\/v2c-cloud\/uzyskac-token-api-rest-cloud\/","og_site_name":"V2C","article_publisher":"https:\/\/www.facebook.com\/V2C.Charge","article_modified_time":"2025-10-31T11:15:49+00:00","og_image":[{"width":1200,"height":675,"url":"https:\/\/v2charge.com\/wp-content\/uploads\/2024\/07\/v2c-electric-chargers.jpg","type":"image\/jpeg"}],"twitter_card":"summary_large_image","twitter_site":"@V2C_Charge","twitter_misc":{"Szacowany czas czytania":"2 minuty"},"schema":{"@context":"https:\/\/schema.org","@graph":[{"@type":"WebPage","@id":"https:\/\/v2charge.com\/pl\/wsparcie\/v2c-cloud\/uzyskac-token-api-rest-cloud\/","url":"https:\/\/v2charge.com\/pl\/wsparcie\/v2c-cloud\/uzyskac-token-api-rest-cloud\/","name":"Uzyskaj token ID interfejsu API Rest Cloud | V2C","isPartOf":{"@id":"https:\/\/v2charge.com\/pl\/#website"},"primaryImageOfPage":{"@id":"https:\/\/v2charge.com\/pl\/wsparcie\/v2c-cloud\/uzyskac-token-api-rest-cloud\/#primaryimage"},"image":{"@id":"https:\/\/v2charge.com\/pl\/wsparcie\/v2c-cloud\/uzyskac-token-api-rest-cloud\/#primaryimage"},"thumbnailUrl":"https:\/\/v2charge.com\/wp-content\/uploads\/2024\/07\/v2c-electric-chargers.jpg","datePublished":"2023-07-11T09:37:55+00:00","dateModified":"2025-10-31T11:15:49+00:00","description":"Dzi\u0119ki API mo\u017cna korzysta\u0107 z punktu \u0142adowania za po\u015brednictwem aplikacji\/us\u0142ug bez oficjalnych aplikacji.","breadcrumb":{"@id":"https:\/\/v2charge.com\/pl\/wsparcie\/v2c-cloud\/uzyskac-token-api-rest-cloud\/#breadcrumb"},"inLanguage":"pl-PL","potentialAction":[{"@type":"ReadAction","target":["https:\/\/v2charge.com\/pl\/wsparcie\/v2c-cloud\/uzyskac-token-api-rest-cloud\/"]}]},{"@type":"ImageObject","inLanguage":"pl-PL","@id":"https:\/\/v2charge.com\/pl\/wsparcie\/v2c-cloud\/uzyskac-token-api-rest-cloud\/#primaryimage","url":"https:\/\/v2charge.com\/wp-content\/uploads\/2024\/07\/v2c-electric-chargers.jpg","contentUrl":"https:\/\/v2charge.com\/wp-content\/uploads\/2024\/07\/v2c-electric-chargers.jpg","width":1200,"height":675,"caption":"V2C Electric Chargers"},{"@type":"BreadcrumbList","@id":"https:\/\/v2charge.com\/pl\/wsparcie\/v2c-cloud\/uzyskac-token-api-rest-cloud\/#breadcrumb","itemListElement":[{"@type":"ListItem","position":1,"name":"V2C","item":"https:\/\/v2charge.com\/pl\/"},{"@type":"ListItem","position":2,"name":"Obszar Wsparcie","item":"https:\/\/v2charge.com\/pl\/wsparcie\/"},{"@type":"ListItem","position":3,"name":"Wsparcie V2C Cloud","item":"https:\/\/v2charge.com\/pl\/wsparcie\/v2c-cloud\/"},{"@type":"ListItem","position":4,"name":"Jak uzyska\u0107 identyfikator tokena do korzystania z interfejsu API Rest Cloud?"}]},{"@type":"WebSite","@id":"https:\/\/v2charge.com\/pl\/#website","url":"https:\/\/v2charge.com\/pl\/","name":"V2C","description":"#CargandoElMa\u00f1ana","publisher":{"@id":"https:\/\/v2charge.com\/pl\/#organization"},"potentialAction":[{"@type":"SearchAction","target":{"@type":"EntryPoint","urlTemplate":"https:\/\/v2charge.com\/pl\/?s={search_term_string}"},"query-input":{"@type":"PropertyValueSpecification","valueRequired":true,"valueName":"search_term_string"}}],"inLanguage":"pl-PL"},{"@type":"Organization","@id":"https:\/\/v2charge.com\/pl\/#organization","name":"V2C","url":"https:\/\/v2charge.com\/pl\/","logo":{"@type":"ImageObject","inLanguage":"pl-PL","@id":"https:\/\/v2charge.com\/pl\/#\/schema\/logo\/image\/","url":"https:\/\/v2charge.com\/wp-content\/uploads\/2024\/11\/cropped-v2c-charge-logo-menu.png","contentUrl":"https:\/\/v2charge.com\/wp-content\/uploads\/2024\/11\/cropped-v2c-charge-logo-menu.png","width":984,"height":431,"caption":"V2C"},"image":{"@id":"https:\/\/v2charge.com\/pl\/#\/schema\/logo\/image\/"},"sameAs":["https:\/\/www.facebook.com\/V2C.Charge","https:\/\/x.com\/V2C_Charge","https:\/\/www.instagram.com\/v2c.charge\/","https:\/\/www.youtube.com\/@V2C","https:\/\/www.linkedin.com\/company\/v2c-chargers\/"]}]}},"uagb_featured_image_src":{"full":["https:\/\/v2charge.com\/wp-content\/uploads\/2024\/07\/v2c-electric-chargers.jpg",1200,675,false],"thumbnail":["https:\/\/v2charge.com\/wp-content\/uploads\/2024\/07\/v2c-electric-chargers-150x150.jpg",150,150,true],"medium":["https:\/\/v2charge.com\/wp-content\/uploads\/2024\/07\/v2c-electric-chargers-300x169.jpg",300,169,true],"medium_large":["https:\/\/v2charge.com\/wp-content\/uploads\/2024\/07\/v2c-electric-chargers-768x432.jpg",768,432,true],"large":["https:\/\/v2charge.com\/wp-content\/uploads\/2024\/07\/v2c-electric-chargers-1024x576.jpg",1024,576,true],"gs-tiny":["https:\/\/v2charge.com\/wp-content\/uploads\/2024\/07\/v2c-electric-chargers.jpg",50,28,false],"xl":["https:\/\/v2charge.com\/wp-content\/uploads\/2024\/07\/v2c-electric-chargers.jpg",1200,675,false],"xxl":["https:\/\/v2charge.com\/wp-content\/uploads\/2024\/07\/v2c-electric-chargers.jpg",1200,675,false],"xxxl":["https:\/\/v2charge.com\/wp-content\/uploads\/2024\/07\/v2c-electric-chargers.jpg",1200,675,false],"xxxxl":["https:\/\/v2charge.com\/wp-content\/uploads\/2024\/07\/v2c-electric-chargers.jpg",1200,675,false],"xxxxxl":["https:\/\/v2charge.com\/wp-content\/uploads\/2024\/07\/v2c-electric-chargers.jpg",1200,675,false],"1536x1536":["https:\/\/v2charge.com\/wp-content\/uploads\/2024\/07\/v2c-electric-chargers.jpg",1200,675,false],"2048x2048":["https:\/\/v2charge.com\/wp-content\/uploads\/2024\/07\/v2c-electric-chargers.jpg",1200,675,false]},"uagb_author_info":{"display_name":"V2C","author_link":"https:\/\/v2charge.com\/pl\/author\/marketing\/"},"uagb_comment_info":0,"uagb_excerpt":"Jak uzyska\u0107 identyfikator tokena do korzystania z interfejsu API Rest Cloud? REST API lub RESTful API to interfejs programowania aplikacji (API lub web API), kt\u00f3ry jest zgodny z granicami architektury REST i umo\u017cliwia interakcj\u0119 z us\u0142ugami internetowymi RESTful. Dzi\u0119ki API b\u0119dziesz m\u00f3g\u0142 korzysta\u0107 z punktu \u0142adowania za po\u015brednictwem aplikacji \/ us\u0142ug stworzonych przez siebie bez&hellip;","_links":{"self":[{"href":"https:\/\/v2charge.com\/pl\/wp-json\/wp\/v2\/pages\/109807","targetHints":{"allow":["GET"]}}],"collection":[{"href":"https:\/\/v2charge.com\/pl\/wp-json\/wp\/v2\/pages"}],"about":[{"href":"https:\/\/v2charge.com\/pl\/wp-json\/wp\/v2\/types\/page"}],"author":[{"embeddable":true,"href":"https:\/\/v2charge.com\/pl\/wp-json\/wp\/v2\/users\/400"}],"replies":[{"embeddable":true,"href":"https:\/\/v2charge.com\/pl\/wp-json\/wp\/v2\/comments?post=109807"}],"version-history":[{"count":1,"href":"https:\/\/v2charge.com\/pl\/wp-json\/wp\/v2\/pages\/109807\/revisions"}],"predecessor-version":[{"id":265428,"href":"https:\/\/v2charge.com\/pl\/wp-json\/wp\/v2\/pages\/109807\/revisions\/265428"}],"up":[{"embeddable":true,"href":"https:\/\/v2charge.com\/pl\/wp-json\/wp\/v2\/pages\/108995"}],"wp:featuredmedia":[{"embeddable":true,"href":"https:\/\/v2charge.com\/pl\/wp-json\/wp\/v2\/media\/170352"}],"wp:attachment":[{"href":"https:\/\/v2charge.com\/pl\/wp-json\/wp\/v2\/media?parent=109807"}],"curies":[{"name":"wp","href":"https:\/\/api.w.org\/{rel}","templated":true}]}}