{"id":109814,"date":"2023-07-11T09:44:06","date_gmt":"2023-07-11T09:44:06","guid":{"rendered":"https:\/\/v2charge.com\/?page_id=109814"},"modified":"2023-08-10T13:17:26","modified_gmt":"2023-08-10T13:17:26","slug":"integracja-falownika-solis-z-urzadzeniem-trydan","status":"publish","type":"page","link":"https:\/\/v2charge.com\/pl\/wsparcie\/kontrola-mocy\/dynamiczna\/fotowoltaika\/integracja-falownika-solis-z-urzadzeniem-trydan\/","title":{"rendered":"Integracja falownika Solis z urz\u0105dzeniem Trydan"},"content":{"rendered":"\n<div style=\"height:60px\" aria-hidden=\"true\" class=\"wp-block-spacer\"><\/div>\n\n\n\n<h1 class=\"wp-block-heading\">Integracja falownika Solis z urz\u0105dzeniem Trydan<\/h1>\n\n\n\n<p>Punkt \u0142adowania <strong>Trydan<\/strong> jest kompatybilny z ca\u0142\u0105 gam\u0105 falownik\u00f3w Solis. Po\u0142\u0105czenie musi by\u0107 wykonane kablem bezpo\u015brednio do falownika i nie mo\u017ce by\u0107 wykonane bez niego (przez wifi), w przeciwie\u0144stwie do zdecydowanej wi\u0119kszo\u015bci falownik\u00f3w. Instalacja jest bardziej skomplikowana, poniewa\u017c trzeba poprowadzi\u0107 kabel, ale konfiguracja b\u0119dzie bardziej stabilna.<\/p>\n\n\n\n<p>Przede wszystkim nale\u017cy pod\u0142\u0105czy\u0107 kabel pokazany na poni\u017cszym obrazku. Kabel ten jest do\u0142\u0105czony do produktu. Je\u015bli nie, zapytaj dystrybutora o komunikacj\u0119 RS485 Modbus (kt\u00f3r\u0105 mo\u017cna r\u00f3wnie\u017c znale\u017a\u0107 w Internecie).<\/p>\n\n\n\n<figure><img decoding=\"async\" src=\"https:\/\/v2charge.com\/wp-content\/uploads\/2023\/01\/cable-com-SOLIS-576x1024.jpeg\" alt=\"\" width=\"336\" height=\"598\"\/><\/figure>\n\n\n\n<p>Kabel pod\u0142\u0105cza si\u0119 do <strong>COM CABLE<\/strong>, \u017c\u00f3\u0142ty przew\u00f3d pod\u0142\u0105cza si\u0119 do pinu 3 i jest to RS485-A, a niebieski przew\u00f3d pod\u0142\u0105cza si\u0119 do pinu 4 i jest to RS485-B.<\/p>\n\n\n\n<figure><img decoding=\"async\" src=\"https:\/\/v2charge.com\/wp-content\/uploads\/2023\/01\/com-cable-solis-edited.png\" alt=\"\"\/><\/figure>\n\n\n\n<p>Po pod\u0142\u0105czeniu wy\u015blemy dwuprzewodowe po\u0142\u0105czenie do naszego punktu \u0142adowania. Zalecamy u\u017cycie kabla UTP, aby u\u0142atwi\u0107 prac\u0119 \u0142adowarki.<\/p>\n\n\n\n<p>Gdy dotrzemy do punktu \u0142adowania Trydan, musimy pod\u0142\u0105czy\u0107 si\u0119 do wej\u015bcia RS485 na pokrywie (u\u017cyjemy tylko kilku przewod\u00f3w, aby zminimalizowa\u0107 straty).<\/p>\n\n\n\n<figure><img decoding=\"async\" src=\"https:\/\/v2charge.com\/wp-content\/uploads\/2023\/01\/conexion-trydan-solis-734x1024.jpg\" alt=\"\" width=\"551\" height=\"768\"\/><\/figure>\n\n\n\n<p>Po\u0142\u0105czenie nale\u017cy wykona\u0107 w spos\u00f3b pokazany na poni\u017cszym obrazku, przy czym wystarcz\u0105 dwa przewody, z kt\u00f3rych 4 nale\u017cy pod\u0142\u0105czy\u0107 do B, a 5 do A.<\/p>\n\n\n\n<figure><img decoding=\"async\" src=\"https:\/\/v2charge.com\/wp-content\/uploads\/2023\/01\/image-3.png\" alt=\"\"\/><\/figure>\n\n\n\n<h2 class=\"wp-block-heading\">Konfiguracja falownika Solis w aplikacji V2C Cloud App<\/h2>\n\n\n\n<p>Zaloguj si\u0119 do aplikacji V2C Cloud, wybierz punkt \u0142adowania, a nast\u0119pnie przejd\u017a do sekcji konfiguracji. Przejd\u017a do zak\u0142adki Dynamic Power Control i wybierz Solis w sekcji licznika.<\/p>\n\n\n\n<figure><img decoding=\"async\" src=\"https:\/\/v2charge.com\/wp-content\/uploads\/2023\/04\/solis-ES-731x1024.jpg\" alt=\"\" width=\"366\" height=\"512\"\/><\/figure>\n\n\n\n<div style=\"height:60px\" aria-hidden=\"true\" class=\"wp-block-spacer\"><\/div>\n","protected":false},"excerpt":{"rendered":"<p>Integracja falownika Solis z urz\u0105dzeniem Trydan Punkt \u0142adowania Trydan jest kompatybilny z ca\u0142\u0105 gam\u0105 falownik\u00f3w Solis. Po\u0142\u0105czenie musi by\u0107 wykonane kablem bezpo\u015brednio do falownika i nie mo\u017ce by\u0107 wykonane bez niego (przez wifi), w przeciwie\u0144stwie do zdecydowanej wi\u0119kszo\u015bci falownik\u00f3w. Instalacja jest bardziej skomplikowana, poniewa\u017c trzeba poprowadzi\u0107 kabel, ale konfiguracja b\u0119dzie bardziej stabilna. Przede wszystkim nale\u017cy &#8230; <a title=\"Integracja falownika Solis z urz\u0105dzeniem Trydan\" class=\"read-more\" href=\"https:\/\/v2charge.com\/pl\/wsparcie\/kontrola-mocy\/dynamiczna\/fotowoltaika\/integracja-falownika-solis-z-urzadzeniem-trydan\/\" aria-label=\"Read more about Integracja falownika Solis z urz\u0105dzeniem Trydan\">Dowiedz si\u0119 wi\u0119cej<\/a><\/p>\n","protected":false},"author":400,"featured_media":0,"parent":130045,"menu_order":0,"comment_status":"closed","ping_status":"closed","template":"","meta":{"_eb_attr":"","content-type":"","_uag_custom_page_level_css":"","footnotes":""},"class_list":["post-109814","page","type-page","status-publish"],"yoast_head":"<!-- This site is optimized with the Yoast SEO plugin v25.3.1 - https:\/\/yoast.com\/wordpress\/plugins\/seo\/ -->\n<title>Integracja falownika Solis z systemem Trydan - V2C<\/title>\n<meta name=\"description\" content=\"Punkt \u0142adowania Trydan jest kompatybilny z ca\u0142\u0105 gam\u0105 falownik\u00f3w Solis. Po\u0142\u0105czenie odbywa si\u0119 za pomoc\u0105 kabla i nie mo\u017cna go nawi\u0105za\u0107 przez Wi-Fi.\" \/>\n<meta name=\"robots\" content=\"index, follow, max-snippet:-1, max-image-preview:large, max-video-preview:-1\" \/>\n<link rel=\"canonical\" href=\"https:\/\/v2charge.com\/pl\/wsparcie\/kontrola-mocy\/dynamiczna\/fotowoltaika\/integracja-falownika-solis-z-urzadzeniem-trydan\/\" \/>\n<meta property=\"og:locale\" content=\"pl_PL\" \/>\n<meta property=\"og:type\" content=\"article\" \/>\n<meta property=\"og:title\" content=\"Integracja falownika Solis z systemem Trydan - V2C\" \/>\n<meta property=\"og:description\" content=\"Punkt \u0142adowania Trydan jest kompatybilny z ca\u0142\u0105 gam\u0105 falownik\u00f3w Solis. Po\u0142\u0105czenie odbywa si\u0119 za pomoc\u0105 kabla i nie mo\u017cna go nawi\u0105za\u0107 przez Wi-Fi.\" \/>\n<meta property=\"og:url\" content=\"https:\/\/v2charge.com\/pl\/wsparcie\/kontrola-mocy\/dynamiczna\/fotowoltaika\/integracja-falownika-solis-z-urzadzeniem-trydan\/\" \/>\n<meta property=\"og:site_name\" content=\"V2C\" \/>\n<meta property=\"article:publisher\" content=\"https:\/\/www.facebook.com\/V2C.Charge\" \/>\n<meta property=\"article:modified_time\" content=\"2023-08-10T13:17:26+00:00\" \/>\n<meta property=\"og:image\" content=\"https:\/\/v2charge.com\/wp-content\/uploads\/2023\/01\/cable-com-SOLIS-576x1024.jpeg\" \/>\n<meta name=\"twitter:card\" content=\"summary_large_image\" \/>\n<meta name=\"twitter:site\" content=\"@V2C_Charge\" \/>\n<meta name=\"twitter:label1\" content=\"Szacowany czas czytania\" \/>\n\t<meta name=\"twitter:data1\" content=\"2 minuty\" \/>\n<script type=\"application\/ld+json\" class=\"yoast-schema-graph\">{\"@context\":\"https:\/\/schema.org\",\"@graph\":[{\"@type\":\"WebPage\",\"@id\":\"https:\/\/v2charge.com\/pl\/wsparcie\/kontrola-mocy\/dynamiczna\/fotowoltaika\/integracja-falownika-solis-z-urzadzeniem-trydan\/\",\"url\":\"https:\/\/v2charge.com\/pl\/wsparcie\/kontrola-mocy\/dynamiczna\/fotowoltaika\/integracja-falownika-solis-z-urzadzeniem-trydan\/\",\"name\":\"Integracja falownika Solis z systemem Trydan - V2C\",\"isPartOf\":{\"@id\":\"https:\/\/v2charge.com\/pl\/#website\"},\"primaryImageOfPage\":{\"@id\":\"https:\/\/v2charge.com\/pl\/wsparcie\/kontrola-mocy\/dynamiczna\/fotowoltaika\/integracja-falownika-solis-z-urzadzeniem-trydan\/#primaryimage\"},\"image\":{\"@id\":\"https:\/\/v2charge.com\/pl\/wsparcie\/kontrola-mocy\/dynamiczna\/fotowoltaika\/integracja-falownika-solis-z-urzadzeniem-trydan\/#primaryimage\"},\"thumbnailUrl\":\"https:\/\/v2charge.com\/wp-content\/uploads\/2023\/01\/cable-com-SOLIS-576x1024.jpeg\",\"datePublished\":\"2023-07-11T09:44:06+00:00\",\"dateModified\":\"2023-08-10T13:17:26+00:00\",\"description\":\"Punkt \u0142adowania Trydan jest kompatybilny z ca\u0142\u0105 gam\u0105 falownik\u00f3w Solis. Po\u0142\u0105czenie odbywa si\u0119 za pomoc\u0105 kabla i nie mo\u017cna go nawi\u0105za\u0107 przez Wi-Fi.\",\"breadcrumb\":{\"@id\":\"https:\/\/v2charge.com\/pl\/wsparcie\/kontrola-mocy\/dynamiczna\/fotowoltaika\/integracja-falownika-solis-z-urzadzeniem-trydan\/#breadcrumb\"},\"inLanguage\":\"pl-PL\",\"potentialAction\":[{\"@type\":\"ReadAction\",\"target\":[\"https:\/\/v2charge.com\/pl\/wsparcie\/kontrola-mocy\/dynamiczna\/fotowoltaika\/integracja-falownika-solis-z-urzadzeniem-trydan\/\"]}]},{\"@type\":\"ImageObject\",\"inLanguage\":\"pl-PL\",\"@id\":\"https:\/\/v2charge.com\/pl\/wsparcie\/kontrola-mocy\/dynamiczna\/fotowoltaika\/integracja-falownika-solis-z-urzadzeniem-trydan\/#primaryimage\",\"url\":\"https:\/\/v2charge.com\/wp-content\/uploads\/2023\/01\/cable-com-SOLIS-576x1024.jpeg\",\"contentUrl\":\"https:\/\/v2charge.com\/wp-content\/uploads\/2023\/01\/cable-com-SOLIS-576x1024.jpeg\"},{\"@type\":\"BreadcrumbList\",\"@id\":\"https:\/\/v2charge.com\/pl\/wsparcie\/kontrola-mocy\/dynamiczna\/fotowoltaika\/integracja-falownika-solis-z-urzadzeniem-trydan\/#breadcrumb\",\"itemListElement\":[{\"@type\":\"ListItem\",\"position\":1,\"name\":\"V2C\",\"item\":\"https:\/\/v2charge.com\/pl\/\"},{\"@type\":\"ListItem\",\"position\":2,\"name\":\"Integracja falownika Solis z urz\u0105dzeniem Trydan\"}]},{\"@type\":\"WebSite\",\"@id\":\"https:\/\/v2charge.com\/pl\/#website\",\"url\":\"https:\/\/v2charge.com\/pl\/\",\"name\":\"V2C\",\"description\":\"#CargandoElMa\u00f1ana\",\"publisher\":{\"@id\":\"https:\/\/v2charge.com\/pl\/#organization\"},\"potentialAction\":[{\"@type\":\"SearchAction\",\"target\":{\"@type\":\"EntryPoint\",\"urlTemplate\":\"https:\/\/v2charge.com\/pl\/?s={search_term_string}\"},\"query-input\":{\"@type\":\"PropertyValueSpecification\",\"valueRequired\":true,\"valueName\":\"search_term_string\"}}],\"inLanguage\":\"pl-PL\"},{\"@type\":\"Organization\",\"@id\":\"https:\/\/v2charge.com\/pl\/#organization\",\"name\":\"V2C\",\"url\":\"https:\/\/v2charge.com\/pl\/\",\"logo\":{\"@type\":\"ImageObject\",\"inLanguage\":\"pl-PL\",\"@id\":\"https:\/\/v2charge.com\/pl\/#\/schema\/logo\/image\/\",\"url\":\"https:\/\/v2charge.com\/wp-content\/uploads\/2024\/11\/cropped-v2c-charge-logo-menu.png\",\"contentUrl\":\"https:\/\/v2charge.com\/wp-content\/uploads\/2024\/11\/cropped-v2c-charge-logo-menu.png\",\"width\":984,\"height\":431,\"caption\":\"V2C\"},\"image\":{\"@id\":\"https:\/\/v2charge.com\/pl\/#\/schema\/logo\/image\/\"},\"sameAs\":[\"https:\/\/www.facebook.com\/V2C.Charge\",\"https:\/\/x.com\/V2C_Charge\",\"https:\/\/www.instagram.com\/v2c.charge\/\",\"https:\/\/www.youtube.com\/@V2C\",\"https:\/\/www.linkedin.com\/company\/v2c-chargers\/\"]}]}<\/script>\n<!-- \/ Yoast SEO plugin. -->","yoast_head_json":{"title":"Integracja falownika Solis z systemem Trydan - V2C","description":"Punkt \u0142adowania Trydan jest kompatybilny z ca\u0142\u0105 gam\u0105 falownik\u00f3w Solis. Po\u0142\u0105czenie odbywa si\u0119 za pomoc\u0105 kabla i nie mo\u017cna go nawi\u0105za\u0107 przez Wi-Fi.","robots":{"index":"index","follow":"follow","max-snippet":"max-snippet:-1","max-image-preview":"max-image-preview:large","max-video-preview":"max-video-preview:-1"},"canonical":"https:\/\/v2charge.com\/pl\/wsparcie\/kontrola-mocy\/dynamiczna\/fotowoltaika\/integracja-falownika-solis-z-urzadzeniem-trydan\/","og_locale":"pl_PL","og_type":"article","og_title":"Integracja falownika Solis z systemem Trydan - V2C","og_description":"Punkt \u0142adowania Trydan jest kompatybilny z ca\u0142\u0105 gam\u0105 falownik\u00f3w Solis. Po\u0142\u0105czenie odbywa si\u0119 za pomoc\u0105 kabla i nie mo\u017cna go nawi\u0105za\u0107 przez Wi-Fi.","og_url":"https:\/\/v2charge.com\/pl\/wsparcie\/kontrola-mocy\/dynamiczna\/fotowoltaika\/integracja-falownika-solis-z-urzadzeniem-trydan\/","og_site_name":"V2C","article_publisher":"https:\/\/www.facebook.com\/V2C.Charge","article_modified_time":"2023-08-10T13:17:26+00:00","og_image":[{"url":"https:\/\/v2charge.com\/wp-content\/uploads\/2023\/01\/cable-com-SOLIS-576x1024.jpeg","type":"","width":"","height":""}],"twitter_card":"summary_large_image","twitter_site":"@V2C_Charge","twitter_misc":{"Szacowany czas czytania":"2 minuty"},"schema":{"@context":"https:\/\/schema.org","@graph":[{"@type":"WebPage","@id":"https:\/\/v2charge.com\/pl\/wsparcie\/kontrola-mocy\/dynamiczna\/fotowoltaika\/integracja-falownika-solis-z-urzadzeniem-trydan\/","url":"https:\/\/v2charge.com\/pl\/wsparcie\/kontrola-mocy\/dynamiczna\/fotowoltaika\/integracja-falownika-solis-z-urzadzeniem-trydan\/","name":"Integracja falownika Solis z systemem Trydan - V2C","isPartOf":{"@id":"https:\/\/v2charge.com\/pl\/#website"},"primaryImageOfPage":{"@id":"https:\/\/v2charge.com\/pl\/wsparcie\/kontrola-mocy\/dynamiczna\/fotowoltaika\/integracja-falownika-solis-z-urzadzeniem-trydan\/#primaryimage"},"image":{"@id":"https:\/\/v2charge.com\/pl\/wsparcie\/kontrola-mocy\/dynamiczna\/fotowoltaika\/integracja-falownika-solis-z-urzadzeniem-trydan\/#primaryimage"},"thumbnailUrl":"https:\/\/v2charge.com\/wp-content\/uploads\/2023\/01\/cable-com-SOLIS-576x1024.jpeg","datePublished":"2023-07-11T09:44:06+00:00","dateModified":"2023-08-10T13:17:26+00:00","description":"Punkt \u0142adowania Trydan jest kompatybilny z ca\u0142\u0105 gam\u0105 falownik\u00f3w Solis. Po\u0142\u0105czenie odbywa si\u0119 za pomoc\u0105 kabla i nie mo\u017cna go nawi\u0105za\u0107 przez Wi-Fi.","breadcrumb":{"@id":"https:\/\/v2charge.com\/pl\/wsparcie\/kontrola-mocy\/dynamiczna\/fotowoltaika\/integracja-falownika-solis-z-urzadzeniem-trydan\/#breadcrumb"},"inLanguage":"pl-PL","potentialAction":[{"@type":"ReadAction","target":["https:\/\/v2charge.com\/pl\/wsparcie\/kontrola-mocy\/dynamiczna\/fotowoltaika\/integracja-falownika-solis-z-urzadzeniem-trydan\/"]}]},{"@type":"ImageObject","inLanguage":"pl-PL","@id":"https:\/\/v2charge.com\/pl\/wsparcie\/kontrola-mocy\/dynamiczna\/fotowoltaika\/integracja-falownika-solis-z-urzadzeniem-trydan\/#primaryimage","url":"https:\/\/v2charge.com\/wp-content\/uploads\/2023\/01\/cable-com-SOLIS-576x1024.jpeg","contentUrl":"https:\/\/v2charge.com\/wp-content\/uploads\/2023\/01\/cable-com-SOLIS-576x1024.jpeg"},{"@type":"BreadcrumbList","@id":"https:\/\/v2charge.com\/pl\/wsparcie\/kontrola-mocy\/dynamiczna\/fotowoltaika\/integracja-falownika-solis-z-urzadzeniem-trydan\/#breadcrumb","itemListElement":[{"@type":"ListItem","position":1,"name":"V2C","item":"https:\/\/v2charge.com\/pl\/"},{"@type":"ListItem","position":2,"name":"Integracja falownika Solis z urz\u0105dzeniem Trydan"}]},{"@type":"WebSite","@id":"https:\/\/v2charge.com\/pl\/#website","url":"https:\/\/v2charge.com\/pl\/","name":"V2C","description":"#CargandoElMa\u00f1ana","publisher":{"@id":"https:\/\/v2charge.com\/pl\/#organization"},"potentialAction":[{"@type":"SearchAction","target":{"@type":"EntryPoint","urlTemplate":"https:\/\/v2charge.com\/pl\/?s={search_term_string}"},"query-input":{"@type":"PropertyValueSpecification","valueRequired":true,"valueName":"search_term_string"}}],"inLanguage":"pl-PL"},{"@type":"Organization","@id":"https:\/\/v2charge.com\/pl\/#organization","name":"V2C","url":"https:\/\/v2charge.com\/pl\/","logo":{"@type":"ImageObject","inLanguage":"pl-PL","@id":"https:\/\/v2charge.com\/pl\/#\/schema\/logo\/image\/","url":"https:\/\/v2charge.com\/wp-content\/uploads\/2024\/11\/cropped-v2c-charge-logo-menu.png","contentUrl":"https:\/\/v2charge.com\/wp-content\/uploads\/2024\/11\/cropped-v2c-charge-logo-menu.png","width":984,"height":431,"caption":"V2C"},"image":{"@id":"https:\/\/v2charge.com\/pl\/#\/schema\/logo\/image\/"},"sameAs":["https:\/\/www.facebook.com\/V2C.Charge","https:\/\/x.com\/V2C_Charge","https:\/\/www.instagram.com\/v2c.charge\/","https:\/\/www.youtube.com\/@V2C","https:\/\/www.linkedin.com\/company\/v2c-chargers\/"]}]}},"uagb_featured_image_src":{"full":false,"thumbnail":false,"medium":false,"medium_large":false,"large":false,"gs-tiny":false,"xl":false,"xxl":false,"xxxl":false,"xxxxl":false,"xxxxxl":false,"1536x1536":false,"2048x2048":false},"uagb_author_info":{"display_name":"V2C","author_link":"https:\/\/v2charge.com\/pl\/author\/marketing\/"},"uagb_comment_info":0,"uagb_excerpt":"Integracja falownika Solis z urz\u0105dzeniem Trydan Punkt \u0142adowania Trydan jest kompatybilny z ca\u0142\u0105 gam\u0105 falownik\u00f3w Solis. Po\u0142\u0105czenie musi by\u0107 wykonane kablem bezpo\u015brednio do falownika i nie mo\u017ce by\u0107 wykonane bez niego (przez wifi), w przeciwie\u0144stwie do zdecydowanej wi\u0119kszo\u015bci falownik\u00f3w. Instalacja jest bardziej skomplikowana, poniewa\u017c trzeba poprowadzi\u0107 kabel, ale konfiguracja b\u0119dzie bardziej stabilna. Przede wszystkim nale\u017cy&hellip;","_links":{"self":[{"href":"https:\/\/v2charge.com\/pl\/wp-json\/wp\/v2\/pages\/109814","targetHints":{"allow":["GET"]}}],"collection":[{"href":"https:\/\/v2charge.com\/pl\/wp-json\/wp\/v2\/pages"}],"about":[{"href":"https:\/\/v2charge.com\/pl\/wp-json\/wp\/v2\/types\/page"}],"author":[{"embeddable":true,"href":"https:\/\/v2charge.com\/pl\/wp-json\/wp\/v2\/users\/400"}],"replies":[{"embeddable":true,"href":"https:\/\/v2charge.com\/pl\/wp-json\/wp\/v2\/comments?post=109814"}],"version-history":[{"count":0,"href":"https:\/\/v2charge.com\/pl\/wp-json\/wp\/v2\/pages\/109814\/revisions"}],"up":[{"embeddable":true,"href":"https:\/\/v2charge.com\/pl\/wp-json\/wp\/v2\/pages\/130045"}],"wp:attachment":[{"href":"https:\/\/v2charge.com\/pl\/wp-json\/wp\/v2\/media?parent=109814"}],"curies":[{"name":"wp","href":"https:\/\/api.w.org\/{rel}","templated":true}]}}