{"id":110056,"date":"2023-07-11T11:33:36","date_gmt":"2023-07-11T11:33:36","guid":{"rendered":"https:\/\/v2charge.com\/?page_id=110056"},"modified":"2023-08-10T13:15:04","modified_gmt":"2023-08-10T13:15:04","slug":"dlaczego-moj-punkt-ladowania-obniza-moc-ladowania-w-ostatniej-minucie-ladowania","status":"publish","type":"page","link":"https:\/\/v2charge.com\/pl\/dlaczego-moj-punkt-ladowania-obniza-moc-ladowania-w-ostatniej-minucie-ladowania\/","title":{"rendered":"Dlaczego m\u00f3j punkt \u0142adowania obni\u017ca moc \u0142adowania w ostatniej minucie \u0142adowania?"},"content":{"rendered":"\n<p>Aby maksymalnie wyd\u0142u\u017cy\u0107 \u017cywotno\u015b\u0107 \u0142adowarki, unikamy wy\u0142adowa\u0144 \u0142ukowych tak cz\u0119sto, jak to mo\u017cliwe. Dlatego te\u017c, gdy wiemy, \u017ce \u0142adowanie dobiega ko\u0144ca, zmniejszamy moc \u0142adowania do maksimum, unikaj\u0105c wy\u0142adowa\u0144 \u0142ukowych na otwarciu \u0142adowarki.<\/p>\n\n\n\n<div style=\"height:60px\" aria-hidden=\"true\" class=\"wp-block-spacer\"><\/div>\n","protected":false},"excerpt":{"rendered":"<p>Aby maksymalnie wyd\u0142u\u017cy\u0107 \u017cywotno\u015b\u0107 \u0142adowarki, unikamy wy\u0142adowa\u0144 \u0142ukowych tak cz\u0119sto, jak to mo\u017cliwe. Dlatego te\u017c, gdy wiemy, \u017ce \u0142adowanie dobiega ko\u0144ca, zmniejszamy moc \u0142adowania do maksimum, unikaj\u0105c wy\u0142adowa\u0144 \u0142ukowych na otwarciu \u0142adowarki.<\/p>\n","protected":false},"author":400,"featured_media":0,"parent":0,"menu_order":0,"comment_status":"closed","ping_status":"closed","template":"","meta":{"_eb_attr":"","content-type":"","_uag_custom_page_level_css":"","footnotes":""},"class_list":["post-110056","page","type-page","status-publish"],"yoast_head":"<!-- This site is optimized with the Yoast SEO plugin v25.3.1 - https:\/\/yoast.com\/wordpress\/plugins\/seo\/ -->\n<title>Dlaczego moja e-\u0142adowarka psuje si\u0119 w ostatniej chwili? V2C<\/title>\n<meta name=\"description\" content=\"Wyja\u015bniamy, dlaczego moc punktu \u0142adowania spada w ostatniej minucie \u0142adowania: spos\u00f3b na przed\u0142u\u017cenie \u017cywotno\u015bci \u0142adowarki.\" \/>\n<meta name=\"robots\" content=\"index, follow, max-snippet:-1, max-image-preview:large, max-video-preview:-1\" \/>\n<link rel=\"canonical\" href=\"https:\/\/v2charge.com\/pl\/dlaczego-moj-punkt-ladowania-obniza-moc-ladowania-w-ostatniej-minucie-ladowania\/\" \/>\n<meta property=\"og:locale\" content=\"pl_PL\" \/>\n<meta property=\"og:type\" content=\"article\" \/>\n<meta property=\"og:title\" content=\"Dlaczego moja e-\u0142adowarka psuje si\u0119 w ostatniej chwili? V2C\" \/>\n<meta property=\"og:description\" content=\"Wyja\u015bniamy, dlaczego moc punktu \u0142adowania spada w ostatniej minucie \u0142adowania: spos\u00f3b na przed\u0142u\u017cenie \u017cywotno\u015bci \u0142adowarki.\" \/>\n<meta property=\"og:url\" content=\"https:\/\/v2charge.com\/pl\/dlaczego-moj-punkt-ladowania-obniza-moc-ladowania-w-ostatniej-minucie-ladowania\/\" \/>\n<meta property=\"og:site_name\" content=\"V2C\" \/>\n<meta property=\"article:publisher\" content=\"https:\/\/www.facebook.com\/V2C.Charge\" \/>\n<meta property=\"article:modified_time\" content=\"2023-08-10T13:15:04+00:00\" \/>\n<meta property=\"og:image\" content=\"https:\/\/v2charge.com\/wp-content\/uploads\/2024\/07\/v2c-electric-chargers.jpg\" \/>\n\t<meta property=\"og:image:width\" content=\"1200\" \/>\n\t<meta property=\"og:image:height\" content=\"675\" \/>\n\t<meta property=\"og:image:type\" content=\"image\/jpeg\" \/>\n<meta name=\"twitter:card\" content=\"summary_large_image\" \/>\n<meta name=\"twitter:site\" content=\"@V2C_Charge\" \/>\n<meta name=\"twitter:label1\" content=\"Szacowany czas czytania\" \/>\n\t<meta name=\"twitter:data1\" content=\"1 minuta\" \/>\n<script type=\"application\/ld+json\" class=\"yoast-schema-graph\">{\"@context\":\"https:\/\/schema.org\",\"@graph\":[{\"@type\":\"WebPage\",\"@id\":\"https:\/\/v2charge.com\/pl\/dlaczego-moj-punkt-ladowania-obniza-moc-ladowania-w-ostatniej-minucie-ladowania\/\",\"url\":\"https:\/\/v2charge.com\/pl\/dlaczego-moj-punkt-ladowania-obniza-moc-ladowania-w-ostatniej-minucie-ladowania\/\",\"name\":\"Dlaczego moja e-\u0142adowarka psuje si\u0119 w ostatniej chwili? V2C\",\"isPartOf\":{\"@id\":\"https:\/\/v2charge.com\/pl\/#website\"},\"datePublished\":\"2023-07-11T11:33:36+00:00\",\"dateModified\":\"2023-08-10T13:15:04+00:00\",\"description\":\"Wyja\u015bniamy, dlaczego moc punktu \u0142adowania spada w ostatniej minucie \u0142adowania: spos\u00f3b na przed\u0142u\u017cenie \u017cywotno\u015bci \u0142adowarki.\",\"breadcrumb\":{\"@id\":\"https:\/\/v2charge.com\/pl\/dlaczego-moj-punkt-ladowania-obniza-moc-ladowania-w-ostatniej-minucie-ladowania\/#breadcrumb\"},\"inLanguage\":\"pl-PL\",\"potentialAction\":[{\"@type\":\"ReadAction\",\"target\":[\"https:\/\/v2charge.com\/pl\/dlaczego-moj-punkt-ladowania-obniza-moc-ladowania-w-ostatniej-minucie-ladowania\/\"]}]},{\"@type\":\"BreadcrumbList\",\"@id\":\"https:\/\/v2charge.com\/pl\/dlaczego-moj-punkt-ladowania-obniza-moc-ladowania-w-ostatniej-minucie-ladowania\/#breadcrumb\",\"itemListElement\":[{\"@type\":\"ListItem\",\"position\":1,\"name\":\"V2C\",\"item\":\"https:\/\/v2charge.com\/pl\/\"},{\"@type\":\"ListItem\",\"position\":2,\"name\":\"Dlaczego m\u00f3j punkt \u0142adowania obni\u017ca moc \u0142adowania w ostatniej minucie \u0142adowania?\"}]},{\"@type\":\"WebSite\",\"@id\":\"https:\/\/v2charge.com\/pl\/#website\",\"url\":\"https:\/\/v2charge.com\/pl\/\",\"name\":\"V2C\",\"description\":\"#CargandoElMa\u00f1ana\",\"publisher\":{\"@id\":\"https:\/\/v2charge.com\/pl\/#organization\"},\"potentialAction\":[{\"@type\":\"SearchAction\",\"target\":{\"@type\":\"EntryPoint\",\"urlTemplate\":\"https:\/\/v2charge.com\/pl\/?s={search_term_string}\"},\"query-input\":{\"@type\":\"PropertyValueSpecification\",\"valueRequired\":true,\"valueName\":\"search_term_string\"}}],\"inLanguage\":\"pl-PL\"},{\"@type\":\"Organization\",\"@id\":\"https:\/\/v2charge.com\/pl\/#organization\",\"name\":\"V2C\",\"url\":\"https:\/\/v2charge.com\/pl\/\",\"logo\":{\"@type\":\"ImageObject\",\"inLanguage\":\"pl-PL\",\"@id\":\"https:\/\/v2charge.com\/pl\/#\/schema\/logo\/image\/\",\"url\":\"https:\/\/v2charge.com\/wp-content\/uploads\/2024\/11\/cropped-v2c-charge-logo-menu.png\",\"contentUrl\":\"https:\/\/v2charge.com\/wp-content\/uploads\/2024\/11\/cropped-v2c-charge-logo-menu.png\",\"width\":984,\"height\":431,\"caption\":\"V2C\"},\"image\":{\"@id\":\"https:\/\/v2charge.com\/pl\/#\/schema\/logo\/image\/\"},\"sameAs\":[\"https:\/\/www.facebook.com\/V2C.Charge\",\"https:\/\/x.com\/V2C_Charge\",\"https:\/\/www.instagram.com\/v2c.charge\/\",\"https:\/\/www.youtube.com\/@V2C\",\"https:\/\/www.linkedin.com\/company\/v2c-chargers\/\"]}]}<\/script>\n<!-- \/ Yoast SEO plugin. -->","yoast_head_json":{"title":"Dlaczego moja e-\u0142adowarka psuje si\u0119 w ostatniej chwili? V2C","description":"Wyja\u015bniamy, dlaczego moc punktu \u0142adowania spada w ostatniej minucie \u0142adowania: spos\u00f3b na przed\u0142u\u017cenie \u017cywotno\u015bci \u0142adowarki.","robots":{"index":"index","follow":"follow","max-snippet":"max-snippet:-1","max-image-preview":"max-image-preview:large","max-video-preview":"max-video-preview:-1"},"canonical":"https:\/\/v2charge.com\/pl\/dlaczego-moj-punkt-ladowania-obniza-moc-ladowania-w-ostatniej-minucie-ladowania\/","og_locale":"pl_PL","og_type":"article","og_title":"Dlaczego moja e-\u0142adowarka psuje si\u0119 w ostatniej chwili? V2C","og_description":"Wyja\u015bniamy, dlaczego moc punktu \u0142adowania spada w ostatniej minucie \u0142adowania: spos\u00f3b na przed\u0142u\u017cenie \u017cywotno\u015bci \u0142adowarki.","og_url":"https:\/\/v2charge.com\/pl\/dlaczego-moj-punkt-ladowania-obniza-moc-ladowania-w-ostatniej-minucie-ladowania\/","og_site_name":"V2C","article_publisher":"https:\/\/www.facebook.com\/V2C.Charge","article_modified_time":"2023-08-10T13:15:04+00:00","og_image":[{"width":1200,"height":675,"url":"https:\/\/v2charge.com\/wp-content\/uploads\/2024\/07\/v2c-electric-chargers.jpg","type":"image\/jpeg"}],"twitter_card":"summary_large_image","twitter_site":"@V2C_Charge","twitter_misc":{"Szacowany czas czytania":"1 minuta"},"schema":{"@context":"https:\/\/schema.org","@graph":[{"@type":"WebPage","@id":"https:\/\/v2charge.com\/pl\/dlaczego-moj-punkt-ladowania-obniza-moc-ladowania-w-ostatniej-minucie-ladowania\/","url":"https:\/\/v2charge.com\/pl\/dlaczego-moj-punkt-ladowania-obniza-moc-ladowania-w-ostatniej-minucie-ladowania\/","name":"Dlaczego moja e-\u0142adowarka psuje si\u0119 w ostatniej chwili? V2C","isPartOf":{"@id":"https:\/\/v2charge.com\/pl\/#website"},"datePublished":"2023-07-11T11:33:36+00:00","dateModified":"2023-08-10T13:15:04+00:00","description":"Wyja\u015bniamy, dlaczego moc punktu \u0142adowania spada w ostatniej minucie \u0142adowania: spos\u00f3b na przed\u0142u\u017cenie \u017cywotno\u015bci \u0142adowarki.","breadcrumb":{"@id":"https:\/\/v2charge.com\/pl\/dlaczego-moj-punkt-ladowania-obniza-moc-ladowania-w-ostatniej-minucie-ladowania\/#breadcrumb"},"inLanguage":"pl-PL","potentialAction":[{"@type":"ReadAction","target":["https:\/\/v2charge.com\/pl\/dlaczego-moj-punkt-ladowania-obniza-moc-ladowania-w-ostatniej-minucie-ladowania\/"]}]},{"@type":"BreadcrumbList","@id":"https:\/\/v2charge.com\/pl\/dlaczego-moj-punkt-ladowania-obniza-moc-ladowania-w-ostatniej-minucie-ladowania\/#breadcrumb","itemListElement":[{"@type":"ListItem","position":1,"name":"V2C","item":"https:\/\/v2charge.com\/pl\/"},{"@type":"ListItem","position":2,"name":"Dlaczego m\u00f3j punkt \u0142adowania obni\u017ca moc \u0142adowania w ostatniej minucie \u0142adowania?"}]},{"@type":"WebSite","@id":"https:\/\/v2charge.com\/pl\/#website","url":"https:\/\/v2charge.com\/pl\/","name":"V2C","description":"#CargandoElMa\u00f1ana","publisher":{"@id":"https:\/\/v2charge.com\/pl\/#organization"},"potentialAction":[{"@type":"SearchAction","target":{"@type":"EntryPoint","urlTemplate":"https:\/\/v2charge.com\/pl\/?s={search_term_string}"},"query-input":{"@type":"PropertyValueSpecification","valueRequired":true,"valueName":"search_term_string"}}],"inLanguage":"pl-PL"},{"@type":"Organization","@id":"https:\/\/v2charge.com\/pl\/#organization","name":"V2C","url":"https:\/\/v2charge.com\/pl\/","logo":{"@type":"ImageObject","inLanguage":"pl-PL","@id":"https:\/\/v2charge.com\/pl\/#\/schema\/logo\/image\/","url":"https:\/\/v2charge.com\/wp-content\/uploads\/2024\/11\/cropped-v2c-charge-logo-menu.png","contentUrl":"https:\/\/v2charge.com\/wp-content\/uploads\/2024\/11\/cropped-v2c-charge-logo-menu.png","width":984,"height":431,"caption":"V2C"},"image":{"@id":"https:\/\/v2charge.com\/pl\/#\/schema\/logo\/image\/"},"sameAs":["https:\/\/www.facebook.com\/V2C.Charge","https:\/\/x.com\/V2C_Charge","https:\/\/www.instagram.com\/v2c.charge\/","https:\/\/www.youtube.com\/@V2C","https:\/\/www.linkedin.com\/company\/v2c-chargers\/"]}]}},"uagb_featured_image_src":{"full":false,"thumbnail":false,"medium":false,"medium_large":false,"large":false,"gs-tiny":false,"xl":false,"xxl":false,"xxxl":false,"xxxxl":false,"xxxxxl":false,"1536x1536":false,"2048x2048":false},"uagb_author_info":{"display_name":"V2C","author_link":"https:\/\/v2charge.com\/pl\/author\/marketing\/"},"uagb_comment_info":0,"uagb_excerpt":"Aby maksymalnie wyd\u0142u\u017cy\u0107 \u017cywotno\u015b\u0107 \u0142adowarki, unikamy wy\u0142adowa\u0144 \u0142ukowych tak cz\u0119sto, jak to mo\u017cliwe. Dlatego te\u017c, gdy wiemy, \u017ce \u0142adowanie dobiega ko\u0144ca, zmniejszamy moc \u0142adowania do maksimum, unikaj\u0105c wy\u0142adowa\u0144 \u0142ukowych na otwarciu \u0142adowarki.","_links":{"self":[{"href":"https:\/\/v2charge.com\/pl\/wp-json\/wp\/v2\/pages\/110056","targetHints":{"allow":["GET"]}}],"collection":[{"href":"https:\/\/v2charge.com\/pl\/wp-json\/wp\/v2\/pages"}],"about":[{"href":"https:\/\/v2charge.com\/pl\/wp-json\/wp\/v2\/types\/page"}],"author":[{"embeddable":true,"href":"https:\/\/v2charge.com\/pl\/wp-json\/wp\/v2\/users\/400"}],"replies":[{"embeddable":true,"href":"https:\/\/v2charge.com\/pl\/wp-json\/wp\/v2\/comments?post=110056"}],"version-history":[{"count":0,"href":"https:\/\/v2charge.com\/pl\/wp-json\/wp\/v2\/pages\/110056\/revisions"}],"wp:attachment":[{"href":"https:\/\/v2charge.com\/pl\/wp-json\/wp\/v2\/media?parent=110056"}],"curies":[{"name":"wp","href":"https:\/\/api.w.org\/{rel}","templated":true}]}}