{"id":113219,"date":"2023-07-13T13:00:43","date_gmt":"2023-07-13T13:00:43","guid":{"rendered":"https:\/\/v2charge.com\/?page_id=113219"},"modified":"2023-08-10T13:25:07","modified_gmt":"2023-08-10T13:25:07","slug":"jak-przeslac-zgloszenie-do-pomocy-technicznej","status":"publish","type":"page","link":"https:\/\/v2charge.com\/pl\/jak-przeslac-zgloszenie-do-pomocy-technicznej\/","title":{"rendered":"Jak przes\u0142a\u0107 zg\u0142oszenie do pomocy technicznej?"},"content":{"rendered":"<div style=\"height:60px\" aria-hidden=\"true\" class=\"wp-block-spacer\"><\/div>\n<h1>Jak przes\u0142a\u0107 zg\u0142oszenie do pomocy technicznej?<\/h1>\n<p>W V2C mamy Centrum Wsparcia Technicznego. Wejd\u017a w poni\u017cszy link, wype\u0142nij wymagane wymagane pola, a my skontaktujemy si\u0119 z Tob\u0105 tak szybko, jak to mo\u017cliwe: https:\/\/v2charge.atlassian.net\/servicedesk\/customer\/portal\/3\/group\/4\/create\/12<\/p>\n<p>Dost\u0119p do Centrum Wsparcia Technicznego mo\u017cna r\u00f3wnie\u017c uzyska\u0107 za po\u015brednictwem aplikacji V2C Cloud:<\/p>\n<p><img decoding=\"async\" src=\"https:\/\/v2charge.com\/wp-content\/uploads\/2023\/01\/desbloqueo-cargador-v2charge.app_-731x1024.jpg\" alt=\"\" class=\"wp-image-92139\" width=\"366\" height=\"512\" srcset=\"https:\/\/v2charge.com\/wp-content\/uploads\/2023\/01\/desbloqueo-cargador-v2charge.app_-731x1024.jpg 731w, https:\/\/v2charge.com\/wp-content\/uploads\/2023\/01\/desbloqueo-cargador-v2charge.app_-214x300.jpg 214w, https:\/\/v2charge.com\/wp-content\/uploads\/2023\/01\/desbloqueo-cargador-v2charge.app_-768x1075.jpg 768w, https:\/\/v2charge.com\/wp-content\/uploads\/2023\/01\/desbloqueo-cargador-v2charge.app_-1097x1536.jpg 1097w, https:\/\/v2charge.com\/wp-content\/uploads\/2023\/01\/desbloqueo-cargador-v2charge.app_.jpg 1385w\" sizes=\"(max-width: 366px) 100vw, 366px\" \/><figcaption class=\"wp-element-caption\">1. Kliknij ikon\u0119 u\u017cytkownika w lewym g\u00f3rnym rogu.<\/figcaption><img decoding=\"async\" src=\"https:\/\/v2charge.com\/wp-content\/uploads\/2022\/11\/dados-do-usuario-731x1024.jpg\" alt=\"V2C Payments App\" class=\"wp-image-88531\" width=\"366\" height=\"512\" srcset=\"https:\/\/v2charge.com\/wp-content\/uploads\/2022\/11\/dados-do-usuario-731x1024.jpg 731w, https:\/\/v2charge.com\/wp-content\/uploads\/2022\/11\/dados-do-usuario-214x300.jpg 214w, https:\/\/v2charge.com\/wp-content\/uploads\/2022\/11\/dados-do-usuario-768x1075.jpg 768w, https:\/\/v2charge.com\/wp-content\/uploads\/2022\/11\/dados-do-usuario-1097x1536.jpg 1097w, https:\/\/v2charge.com\/wp-content\/uploads\/2022\/11\/dados-do-usuario.jpg 1385w\" sizes=\"(max-width: 366px) 100vw, 366px\" \/><figcaption class=\"wp-element-caption\">Kliknij &#8222;Soporte&#8221; (Wsparcie&#8221;).<\/figcaption><img decoding=\"async\" src=\"https:\/\/v2charge.com\/wp-content\/uploads\/2023\/01\/soporte-v2charge-app-ticket-731x1024.jpg\" alt=\"Ticket Soporte V2C Charge\" class=\"wp-image-92174\" width=\"366\" height=\"512\" srcset=\"https:\/\/v2charge.com\/wp-content\/uploads\/2023\/01\/soporte-v2charge-app-ticket-731x1024.jpg 731w, https:\/\/v2charge.com\/wp-content\/uploads\/2023\/01\/soporte-v2charge-app-ticket-214x300.jpg 214w, https:\/\/v2charge.com\/wp-content\/uploads\/2023\/01\/soporte-v2charge-app-ticket-768x1075.jpg 768w, https:\/\/v2charge.com\/wp-content\/uploads\/2023\/01\/soporte-v2charge-app-ticket-1097x1536.jpg 1097w, https:\/\/v2charge.com\/wp-content\/uploads\/2023\/01\/soporte-v2charge-app-ticket.jpg 1385w\" sizes=\"(max-width: 366px) 100vw, 366px\" \/><figcaption class=\"wp-element-caption\">3. Wybierz opcj\u0119 &#8222;Informar de una incidencia&#8221; (Zg\u0142o\u015b incydent).<\/figcaption><img decoding=\"async\" src=\"https:\/\/v2charge.com\/wp-content\/uploads\/2023\/01\/enviar-ticket-incidencia-v2charge-app-731x1024.jpg\" alt=\"Ticket Soporte V2C Charge\" class=\"wp-image-92166\" width=\"366\" height=\"512\" srcset=\"https:\/\/v2charge.com\/wp-content\/uploads\/2023\/01\/enviar-ticket-incidencia-v2charge-app-731x1024.jpg 731w, https:\/\/v2charge.com\/wp-content\/uploads\/2023\/01\/enviar-ticket-incidencia-v2charge-app-214x300.jpg 214w, https:\/\/v2charge.com\/wp-content\/uploads\/2023\/01\/enviar-ticket-incidencia-v2charge-app-768x1075.jpg 768w, https:\/\/v2charge.com\/wp-content\/uploads\/2023\/01\/enviar-ticket-incidencia-v2charge-app-1097x1536.jpg 1097w, https:\/\/v2charge.com\/wp-content\/uploads\/2023\/01\/enviar-ticket-incidencia-v2charge-app.jpg 1385w\" sizes=\"(max-width: 366px) 100vw, 366px\" \/><figcaption class=\"wp-element-caption\">4. Kliknij przycisk &#8222;Enviar ticket&#8221; (Prze\u015blij zg\u0142oszenie).<\/figcaption><img decoding=\"async\" src=\"https:\/\/v2charge.com\/wp-content\/uploads\/2022\/09\/mockup-soporte-5-731x1024.jpg\" alt=\"\" class=\"wp-image-82862\" width=\"366\" height=\"512\" srcset=\"https:\/\/v2charge.com\/wp-content\/uploads\/2022\/09\/mockup-soporte-5-731x1024.jpg 731w, https:\/\/v2charge.com\/wp-content\/uploads\/2022\/09\/mockup-soporte-5-214x300.jpg 214w, https:\/\/v2charge.com\/wp-content\/uploads\/2022\/09\/mockup-soporte-5-768x1075.jpg 768w, https:\/\/v2charge.com\/wp-content\/uploads\/2022\/09\/mockup-soporte-5-1097x1536.jpg 1097w, https:\/\/v2charge.com\/wp-content\/uploads\/2022\/09\/mockup-soporte-5.jpg 1385w\" sizes=\"(max-width: 366px) 100vw, 366px\" \/><figcaption class=\"wp-element-caption\">5. Wybierz opcj\u0119 &#8222;Soporte t\u00e9cnico&#8221; (Wsparcie techniczne).<\/figcaption><div style=\"height:60px\" aria-hidden=\"true\" class=\"wp-block-spacer\"><\/div>\n","protected":false},"excerpt":{"rendered":"<p>Jak przes\u0142a\u0107 zg\u0142oszenie do pomocy technicznej? W V2C mamy Centrum Wsparcia Technicznego. Wejd\u017a w poni\u017cszy link, wype\u0142nij wymagane wymagane pola, a my skontaktujemy si\u0119 z Tob\u0105 tak szybko, jak to mo\u017cliwe: https:\/\/v2charge.atlassian.net\/servicedesk\/customer\/portal\/3\/group\/4\/create\/12 Dost\u0119p do Centrum Wsparcia Technicznego mo\u017cna r\u00f3wnie\u017c uzyska\u0107 za po\u015brednictwem aplikacji V2C Cloud: 1. Kliknij ikon\u0119 u\u017cytkownika w lewym g\u00f3rnym rogu.Kliknij &#8222;Soporte&#8221; (Wsparcie&#8221;).3. &#8230; <a title=\"Jak przes\u0142a\u0107 zg\u0142oszenie do pomocy technicznej?\" class=\"read-more\" href=\"https:\/\/v2charge.com\/pl\/jak-przeslac-zgloszenie-do-pomocy-technicznej\/\" aria-label=\"Read more about Jak przes\u0142a\u0107 zg\u0142oszenie do pomocy technicznej?\">Dowiedz si\u0119 wi\u0119cej<\/a><\/p>\n","protected":false},"author":400,"featured_media":170352,"parent":0,"menu_order":0,"comment_status":"closed","ping_status":"closed","template":"","meta":{"_eb_attr":"","content-type":"","_uag_custom_page_level_css":"","footnotes":""},"class_list":["post-113219","page","type-page","status-publish","has-post-thumbnail"],"yoast_head":"<!-- This site is optimized with the Yoast SEO plugin v25.3.1 - https:\/\/yoast.com\/wordpress\/plugins\/seo\/ -->\n<title>Jak przes\u0142a\u0107 zg\u0142oszenie do dzia\u0142u pomocy technicznej | V2C<\/title>\n<meta name=\"description\" content=\"Skontaktuj si\u0119 z Centrum Wsparcia Technicznego V2C, przesy\u0142aj\u0105c zg\u0142oszenie. Wyja\u015bniamy, jak to zrobi\u0107. Jeste\u015bmy do Twojej dyspozycji.\" \/>\n<meta name=\"robots\" content=\"index, follow, max-snippet:-1, max-image-preview:large, max-video-preview:-1\" \/>\n<link rel=\"canonical\" href=\"https:\/\/v2charge.com\/pl\/jak-przeslac-zgloszenie-do-pomocy-technicznej\/\" \/>\n<meta property=\"og:locale\" content=\"pl_PL\" \/>\n<meta property=\"og:type\" content=\"article\" \/>\n<meta property=\"og:title\" content=\"Jak przes\u0142a\u0107 zg\u0142oszenie do dzia\u0142u pomocy technicznej | V2C\" \/>\n<meta property=\"og:description\" content=\"Skontaktuj si\u0119 z Centrum Wsparcia Technicznego V2C, przesy\u0142aj\u0105c zg\u0142oszenie. Wyja\u015bniamy, jak to zrobi\u0107. Jeste\u015bmy do Twojej dyspozycji.\" \/>\n<meta property=\"og:url\" content=\"https:\/\/v2charge.com\/pl\/jak-przeslac-zgloszenie-do-pomocy-technicznej\/\" \/>\n<meta property=\"og:site_name\" content=\"V2C\" \/>\n<meta property=\"article:publisher\" content=\"https:\/\/www.facebook.com\/V2C.Charge\" \/>\n<meta property=\"article:modified_time\" content=\"2023-08-10T13:25:07+00:00\" \/>\n<meta property=\"og:image\" content=\"https:\/\/v2charge.com\/wp-content\/uploads\/2023\/01\/desbloqueo-cargador-v2charge.app_-731x1024.jpg\" \/>\n<meta name=\"twitter:card\" content=\"summary_large_image\" \/>\n<meta name=\"twitter:site\" content=\"@V2C_Charge\" \/>\n<meta name=\"twitter:label1\" content=\"Szacowany czas czytania\" \/>\n\t<meta name=\"twitter:data1\" content=\"2 minuty\" \/>\n<script type=\"application\/ld+json\" class=\"yoast-schema-graph\">{\"@context\":\"https:\/\/schema.org\",\"@graph\":[{\"@type\":\"WebPage\",\"@id\":\"https:\/\/v2charge.com\/pl\/jak-przeslac-zgloszenie-do-pomocy-technicznej\/\",\"url\":\"https:\/\/v2charge.com\/pl\/jak-przeslac-zgloszenie-do-pomocy-technicznej\/\",\"name\":\"Jak przes\u0142a\u0107 zg\u0142oszenie do dzia\u0142u pomocy technicznej | V2C\",\"isPartOf\":{\"@id\":\"https:\/\/v2charge.com\/pl\/#website\"},\"primaryImageOfPage\":{\"@id\":\"https:\/\/v2charge.com\/pl\/jak-przeslac-zgloszenie-do-pomocy-technicznej\/#primaryimage\"},\"image\":{\"@id\":\"https:\/\/v2charge.com\/pl\/jak-przeslac-zgloszenie-do-pomocy-technicznej\/#primaryimage\"},\"thumbnailUrl\":\"https:\/\/v2charge.com\/wp-content\/uploads\/2024\/07\/v2c-electric-chargers.jpg\",\"datePublished\":\"2023-07-13T13:00:43+00:00\",\"dateModified\":\"2023-08-10T13:25:07+00:00\",\"description\":\"Skontaktuj si\u0119 z Centrum Wsparcia Technicznego V2C, przesy\u0142aj\u0105c zg\u0142oszenie. Wyja\u015bniamy, jak to zrobi\u0107. Jeste\u015bmy do Twojej dyspozycji.\",\"breadcrumb\":{\"@id\":\"https:\/\/v2charge.com\/pl\/jak-przeslac-zgloszenie-do-pomocy-technicznej\/#breadcrumb\"},\"inLanguage\":\"pl-PL\",\"potentialAction\":[{\"@type\":\"ReadAction\",\"target\":[\"https:\/\/v2charge.com\/pl\/jak-przeslac-zgloszenie-do-pomocy-technicznej\/\"]}]},{\"@type\":\"ImageObject\",\"inLanguage\":\"pl-PL\",\"@id\":\"https:\/\/v2charge.com\/pl\/jak-przeslac-zgloszenie-do-pomocy-technicznej\/#primaryimage\",\"url\":\"https:\/\/v2charge.com\/wp-content\/uploads\/2024\/07\/v2c-electric-chargers.jpg\",\"contentUrl\":\"https:\/\/v2charge.com\/wp-content\/uploads\/2024\/07\/v2c-electric-chargers.jpg\",\"width\":1200,\"height\":675,\"caption\":\"V2C Electric Chargers\"},{\"@type\":\"BreadcrumbList\",\"@id\":\"https:\/\/v2charge.com\/pl\/jak-przeslac-zgloszenie-do-pomocy-technicznej\/#breadcrumb\",\"itemListElement\":[{\"@type\":\"ListItem\",\"position\":1,\"name\":\"V2C\",\"item\":\"https:\/\/v2charge.com\/pl\/\"},{\"@type\":\"ListItem\",\"position\":2,\"name\":\"Jak przes\u0142a\u0107 zg\u0142oszenie do pomocy technicznej?\"}]},{\"@type\":\"WebSite\",\"@id\":\"https:\/\/v2charge.com\/pl\/#website\",\"url\":\"https:\/\/v2charge.com\/pl\/\",\"name\":\"V2C\",\"description\":\"#CargandoElMa\u00f1ana\",\"publisher\":{\"@id\":\"https:\/\/v2charge.com\/pl\/#organization\"},\"potentialAction\":[{\"@type\":\"SearchAction\",\"target\":{\"@type\":\"EntryPoint\",\"urlTemplate\":\"https:\/\/v2charge.com\/pl\/?s={search_term_string}\"},\"query-input\":{\"@type\":\"PropertyValueSpecification\",\"valueRequired\":true,\"valueName\":\"search_term_string\"}}],\"inLanguage\":\"pl-PL\"},{\"@type\":\"Organization\",\"@id\":\"https:\/\/v2charge.com\/pl\/#organization\",\"name\":\"V2C\",\"url\":\"https:\/\/v2charge.com\/pl\/\",\"logo\":{\"@type\":\"ImageObject\",\"inLanguage\":\"pl-PL\",\"@id\":\"https:\/\/v2charge.com\/pl\/#\/schema\/logo\/image\/\",\"url\":\"https:\/\/v2charge.com\/wp-content\/uploads\/2024\/11\/cropped-v2c-charge-logo-menu.png\",\"contentUrl\":\"https:\/\/v2charge.com\/wp-content\/uploads\/2024\/11\/cropped-v2c-charge-logo-menu.png\",\"width\":984,\"height\":431,\"caption\":\"V2C\"},\"image\":{\"@id\":\"https:\/\/v2charge.com\/pl\/#\/schema\/logo\/image\/\"},\"sameAs\":[\"https:\/\/www.facebook.com\/V2C.Charge\",\"https:\/\/x.com\/V2C_Charge\",\"https:\/\/www.instagram.com\/v2c.charge\/\",\"https:\/\/www.youtube.com\/@V2C\",\"https:\/\/www.linkedin.com\/company\/v2c-chargers\/\"]}]}<\/script>\n<!-- \/ Yoast SEO plugin. -->","yoast_head_json":{"title":"Jak przes\u0142a\u0107 zg\u0142oszenie do dzia\u0142u pomocy technicznej | V2C","description":"Skontaktuj si\u0119 z Centrum Wsparcia Technicznego V2C, przesy\u0142aj\u0105c zg\u0142oszenie. Wyja\u015bniamy, jak to zrobi\u0107. Jeste\u015bmy do Twojej dyspozycji.","robots":{"index":"index","follow":"follow","max-snippet":"max-snippet:-1","max-image-preview":"max-image-preview:large","max-video-preview":"max-video-preview:-1"},"canonical":"https:\/\/v2charge.com\/pl\/jak-przeslac-zgloszenie-do-pomocy-technicznej\/","og_locale":"pl_PL","og_type":"article","og_title":"Jak przes\u0142a\u0107 zg\u0142oszenie do dzia\u0142u pomocy technicznej | V2C","og_description":"Skontaktuj si\u0119 z Centrum Wsparcia Technicznego V2C, przesy\u0142aj\u0105c zg\u0142oszenie. Wyja\u015bniamy, jak to zrobi\u0107. Jeste\u015bmy do Twojej dyspozycji.","og_url":"https:\/\/v2charge.com\/pl\/jak-przeslac-zgloszenie-do-pomocy-technicznej\/","og_site_name":"V2C","article_publisher":"https:\/\/www.facebook.com\/V2C.Charge","article_modified_time":"2023-08-10T13:25:07+00:00","og_image":[{"url":"https:\/\/v2charge.com\/wp-content\/uploads\/2023\/01\/desbloqueo-cargador-v2charge.app_-731x1024.jpg","type":"","width":"","height":""}],"twitter_card":"summary_large_image","twitter_site":"@V2C_Charge","twitter_misc":{"Szacowany czas czytania":"2 minuty"},"schema":{"@context":"https:\/\/schema.org","@graph":[{"@type":"WebPage","@id":"https:\/\/v2charge.com\/pl\/jak-przeslac-zgloszenie-do-pomocy-technicznej\/","url":"https:\/\/v2charge.com\/pl\/jak-przeslac-zgloszenie-do-pomocy-technicznej\/","name":"Jak przes\u0142a\u0107 zg\u0142oszenie do dzia\u0142u pomocy technicznej | V2C","isPartOf":{"@id":"https:\/\/v2charge.com\/pl\/#website"},"primaryImageOfPage":{"@id":"https:\/\/v2charge.com\/pl\/jak-przeslac-zgloszenie-do-pomocy-technicznej\/#primaryimage"},"image":{"@id":"https:\/\/v2charge.com\/pl\/jak-przeslac-zgloszenie-do-pomocy-technicznej\/#primaryimage"},"thumbnailUrl":"https:\/\/v2charge.com\/wp-content\/uploads\/2024\/07\/v2c-electric-chargers.jpg","datePublished":"2023-07-13T13:00:43+00:00","dateModified":"2023-08-10T13:25:07+00:00","description":"Skontaktuj si\u0119 z Centrum Wsparcia Technicznego V2C, przesy\u0142aj\u0105c zg\u0142oszenie. Wyja\u015bniamy, jak to zrobi\u0107. Jeste\u015bmy do Twojej dyspozycji.","breadcrumb":{"@id":"https:\/\/v2charge.com\/pl\/jak-przeslac-zgloszenie-do-pomocy-technicznej\/#breadcrumb"},"inLanguage":"pl-PL","potentialAction":[{"@type":"ReadAction","target":["https:\/\/v2charge.com\/pl\/jak-przeslac-zgloszenie-do-pomocy-technicznej\/"]}]},{"@type":"ImageObject","inLanguage":"pl-PL","@id":"https:\/\/v2charge.com\/pl\/jak-przeslac-zgloszenie-do-pomocy-technicznej\/#primaryimage","url":"https:\/\/v2charge.com\/wp-content\/uploads\/2024\/07\/v2c-electric-chargers.jpg","contentUrl":"https:\/\/v2charge.com\/wp-content\/uploads\/2024\/07\/v2c-electric-chargers.jpg","width":1200,"height":675,"caption":"V2C Electric Chargers"},{"@type":"BreadcrumbList","@id":"https:\/\/v2charge.com\/pl\/jak-przeslac-zgloszenie-do-pomocy-technicznej\/#breadcrumb","itemListElement":[{"@type":"ListItem","position":1,"name":"V2C","item":"https:\/\/v2charge.com\/pl\/"},{"@type":"ListItem","position":2,"name":"Jak przes\u0142a\u0107 zg\u0142oszenie do pomocy technicznej?"}]},{"@type":"WebSite","@id":"https:\/\/v2charge.com\/pl\/#website","url":"https:\/\/v2charge.com\/pl\/","name":"V2C","description":"#CargandoElMa\u00f1ana","publisher":{"@id":"https:\/\/v2charge.com\/pl\/#organization"},"potentialAction":[{"@type":"SearchAction","target":{"@type":"EntryPoint","urlTemplate":"https:\/\/v2charge.com\/pl\/?s={search_term_string}"},"query-input":{"@type":"PropertyValueSpecification","valueRequired":true,"valueName":"search_term_string"}}],"inLanguage":"pl-PL"},{"@type":"Organization","@id":"https:\/\/v2charge.com\/pl\/#organization","name":"V2C","url":"https:\/\/v2charge.com\/pl\/","logo":{"@type":"ImageObject","inLanguage":"pl-PL","@id":"https:\/\/v2charge.com\/pl\/#\/schema\/logo\/image\/","url":"https:\/\/v2charge.com\/wp-content\/uploads\/2024\/11\/cropped-v2c-charge-logo-menu.png","contentUrl":"https:\/\/v2charge.com\/wp-content\/uploads\/2024\/11\/cropped-v2c-charge-logo-menu.png","width":984,"height":431,"caption":"V2C"},"image":{"@id":"https:\/\/v2charge.com\/pl\/#\/schema\/logo\/image\/"},"sameAs":["https:\/\/www.facebook.com\/V2C.Charge","https:\/\/x.com\/V2C_Charge","https:\/\/www.instagram.com\/v2c.charge\/","https:\/\/www.youtube.com\/@V2C","https:\/\/www.linkedin.com\/company\/v2c-chargers\/"]}]}},"uagb_featured_image_src":{"full":["https:\/\/v2charge.com\/wp-content\/uploads\/2024\/07\/v2c-electric-chargers.jpg",1200,675,false],"thumbnail":["https:\/\/v2charge.com\/wp-content\/uploads\/2024\/07\/v2c-electric-chargers-150x150.jpg",150,150,true],"medium":["https:\/\/v2charge.com\/wp-content\/uploads\/2024\/07\/v2c-electric-chargers-300x169.jpg",300,169,true],"medium_large":["https:\/\/v2charge.com\/wp-content\/uploads\/2024\/07\/v2c-electric-chargers-768x432.jpg",768,432,true],"large":["https:\/\/v2charge.com\/wp-content\/uploads\/2024\/07\/v2c-electric-chargers-1024x576.jpg",1024,576,true],"gs-tiny":["https:\/\/v2charge.com\/wp-content\/uploads\/2024\/07\/v2c-electric-chargers.jpg",50,28,false],"xl":["https:\/\/v2charge.com\/wp-content\/uploads\/2024\/07\/v2c-electric-chargers.jpg",1200,675,false],"xxl":["https:\/\/v2charge.com\/wp-content\/uploads\/2024\/07\/v2c-electric-chargers.jpg",1200,675,false],"xxxl":["https:\/\/v2charge.com\/wp-content\/uploads\/2024\/07\/v2c-electric-chargers.jpg",1200,675,false],"xxxxl":["https:\/\/v2charge.com\/wp-content\/uploads\/2024\/07\/v2c-electric-chargers.jpg",1200,675,false],"xxxxxl":["https:\/\/v2charge.com\/wp-content\/uploads\/2024\/07\/v2c-electric-chargers.jpg",1200,675,false],"1536x1536":["https:\/\/v2charge.com\/wp-content\/uploads\/2024\/07\/v2c-electric-chargers.jpg",1200,675,false],"2048x2048":["https:\/\/v2charge.com\/wp-content\/uploads\/2024\/07\/v2c-electric-chargers.jpg",1200,675,false]},"uagb_author_info":{"display_name":"V2C","author_link":"https:\/\/v2charge.com\/pl\/author\/marketing\/"},"uagb_comment_info":0,"uagb_excerpt":"Jak przes\u0142a\u0107 zg\u0142oszenie do pomocy technicznej? W V2C mamy Centrum Wsparcia Technicznego. Wejd\u017a w poni\u017cszy link, wype\u0142nij wymagane wymagane pola, a my skontaktujemy si\u0119 z Tob\u0105 tak szybko, jak to mo\u017cliwe: https:\/\/v2charge.atlassian.net\/servicedesk\/customer\/portal\/3\/group\/4\/create\/12 Dost\u0119p do Centrum Wsparcia Technicznego mo\u017cna r\u00f3wnie\u017c uzyska\u0107 za po\u015brednictwem aplikacji V2C Cloud: 1. Kliknij ikon\u0119 u\u017cytkownika w lewym g\u00f3rnym rogu.Kliknij &#8222;Soporte&#8221; (Wsparcie&#8221;).3.&hellip;","_links":{"self":[{"href":"https:\/\/v2charge.com\/pl\/wp-json\/wp\/v2\/pages\/113219","targetHints":{"allow":["GET"]}}],"collection":[{"href":"https:\/\/v2charge.com\/pl\/wp-json\/wp\/v2\/pages"}],"about":[{"href":"https:\/\/v2charge.com\/pl\/wp-json\/wp\/v2\/types\/page"}],"author":[{"embeddable":true,"href":"https:\/\/v2charge.com\/pl\/wp-json\/wp\/v2\/users\/400"}],"replies":[{"embeddable":true,"href":"https:\/\/v2charge.com\/pl\/wp-json\/wp\/v2\/comments?post=113219"}],"version-history":[{"count":0,"href":"https:\/\/v2charge.com\/pl\/wp-json\/wp\/v2\/pages\/113219\/revisions"}],"wp:featuredmedia":[{"embeddable":true,"href":"https:\/\/v2charge.com\/pl\/wp-json\/wp\/v2\/media\/170352"}],"wp:attachment":[{"href":"https:\/\/v2charge.com\/pl\/wp-json\/wp\/v2\/media?parent=113219"}],"curies":[{"name":"wp","href":"https:\/\/api.w.org\/{rel}","templated":true}]}}