{"id":113271,"date":"2023-07-13T13:26:31","date_gmt":"2023-07-13T13:26:31","guid":{"rendered":"https:\/\/v2charge.com\/?page_id=113271"},"modified":"2023-08-10T13:26:04","modified_gmt":"2023-08-10T13:26:04","slug":"jak-udostepnic-ladowarke-z-aplikacji-v2c-cloud","status":"publish","type":"page","link":"https:\/\/v2charge.com\/pl\/jak-udostepnic-ladowarke-z-aplikacji-v2c-cloud\/","title":{"rendered":"Jak udost\u0119pni\u0107 \u0142adowark\u0119 z aplikacji V2C Cloud?"},"content":{"rendered":"<div style=\"height:60px\" aria-hidden=\"true\" class=\"wp-block-spacer\"><\/div>\n<h1>Jak udost\u0119pni\u0107 \u0142adowark\u0119 z aplikacji V2C Cloud?<\/h1>\n<p>Aby udost\u0119pni\u0107 \u0142adowark\u0119 cz\u0142onkowi rodziny lub osobie trzeciej, nale\u017cy to zrobi\u0107 z poziomu aplikacji, a nie platformy V2C Cloud.<\/p>\n<p>Zaloguj si\u0119 do aplikacji.<\/p>\n<p><img decoding=\"async\" src=\"https:\/\/v2charge.com\/wp-content\/uploads\/2022\/12\/v2c-app-inicio-sesio\u0301n-731x1024.jpg\" alt=\"V2C Home Principal\" class=\"wp-image-90676\" width=\"366\" height=\"512\" srcset=\"https:\/\/v2charge.com\/wp-content\/uploads\/2022\/12\/v2c-app-inicio-sesio\u0301n-731x1024.jpg 731w, https:\/\/v2charge.com\/wp-content\/uploads\/2022\/12\/v2c-app-inicio-sesio\u0301n-214x300.jpg 214w, https:\/\/v2charge.com\/wp-content\/uploads\/2022\/12\/v2c-app-inicio-sesio\u0301n-768x1075.jpg 768w, https:\/\/v2charge.com\/wp-content\/uploads\/2022\/12\/v2c-app-inicio-sesio\u0301n-1097x1536.jpg 1097w, https:\/\/v2charge.com\/wp-content\/uploads\/2022\/12\/v2c-app-inicio-sesio\u0301n.jpg 1385w\" sizes=\"(max-width: 366px) 100vw, 366px\" \/><\/p>\n<p>Wybierz \u0142adowark\u0119, kt\u00f3r\u0105 chcesz udost\u0119pni\u0107.<\/p>\n<p><img decoding=\"async\" src=\"https:\/\/v2charge.com\/wp-content\/uploads\/2022\/12\/v2c-internet-bluetooth-1-731x1024.jpg\" alt=\"\" class=\"wp-image-90761\" width=\"366\" height=\"512\" srcset=\"https:\/\/v2charge.com\/wp-content\/uploads\/2022\/12\/v2c-internet-bluetooth-1-731x1024.jpg 731w, https:\/\/v2charge.com\/wp-content\/uploads\/2022\/12\/v2c-internet-bluetooth-1-214x300.jpg 214w, https:\/\/v2charge.com\/wp-content\/uploads\/2022\/12\/v2c-internet-bluetooth-1-768x1075.jpg 768w, https:\/\/v2charge.com\/wp-content\/uploads\/2022\/12\/v2c-internet-bluetooth-1-1097x1536.jpg 1097w, https:\/\/v2charge.com\/wp-content\/uploads\/2022\/12\/v2c-internet-bluetooth-1.jpg 1385w\" sizes=\"(max-width: 366px) 100vw, 366px\" \/><\/p>\n<p>Kliknij strza\u0142k\u0119 po prawej stronie przycisku &#8222;UDOST\u0118PNIJ TEN PRZEWODNIK WI\u0118KSZEJ ILO\u015aCI OS\u00d3B&#8221;.<\/p>\n<p><img decoding=\"async\" src=\"https:\/\/v2charge.com\/wp-content\/uploads\/2022\/12\/app-sin-conexion-731x1024.jpg\" alt=\"Trydan-V2C-App\" class=\"wp-image-90779\" width=\"366\" height=\"512\" srcset=\"https:\/\/v2charge.com\/wp-content\/uploads\/2022\/12\/app-sin-conexion-731x1024.jpg 731w, https:\/\/v2charge.com\/wp-content\/uploads\/2022\/12\/app-sin-conexion-214x300.jpg 214w, https:\/\/v2charge.com\/wp-content\/uploads\/2022\/12\/app-sin-conexion-768x1075.jpg 768w, https:\/\/v2charge.com\/wp-content\/uploads\/2022\/12\/app-sin-conexion-1097x1536.jpg 1097w, https:\/\/v2charge.com\/wp-content\/uploads\/2022\/12\/app-sin-conexion.jpg 1385w\" sizes=\"(max-width: 366px) 100vw, 366px\" \/><\/p>\n<p>Wybierz pole &#8222;\u0141adowarka&#8221;, aby wybra\u0107 e-\u0142adowark\u0119, kt\u00f3r\u0105 chcesz udost\u0119pni\u0107.<\/p>\n<p><img decoding=\"async\" src=\"https:\/\/v2charge.com\/wp-content\/uploads\/2023\/01\/compartir-e-charger-permisos-731x1024.jpg\" alt=\"Compartir e-Charger V2C App\" class=\"wp-image-91388\" width=\"366\" height=\"512\" srcset=\"https:\/\/v2charge.com\/wp-content\/uploads\/2023\/01\/compartir-e-charger-permisos-731x1024.jpg 731w, https:\/\/v2charge.com\/wp-content\/uploads\/2023\/01\/compartir-e-charger-permisos-214x300.jpg 214w, https:\/\/v2charge.com\/wp-content\/uploads\/2023\/01\/compartir-e-charger-permisos-768x1075.jpg 768w, https:\/\/v2charge.com\/wp-content\/uploads\/2023\/01\/compartir-e-charger-permisos-1097x1536.jpg 1097w, https:\/\/v2charge.com\/wp-content\/uploads\/2023\/01\/compartir-e-charger-permisos.jpg 1385w\" sizes=\"(max-width: 366px) 100vw, 366px\" \/><\/p>\n<p>Nast\u0119pnie wybierz &#8222;OK&#8221; i kliknij przycisk &#8222;INVITE&#8221;.<\/p>\n<p><img decoding=\"async\" src=\"https:\/\/v2charge.com\/wp-content\/uploads\/2023\/01\/visor-editor-permisos-v2c-app-731x1024.jpg\" alt=\"Permisos V2C App \" class=\"wp-image-91396\" width=\"366\" height=\"512\" srcset=\"https:\/\/v2charge.com\/wp-content\/uploads\/2023\/01\/visor-editor-permisos-v2c-app-731x1024.jpg 731w, https:\/\/v2charge.com\/wp-content\/uploads\/2023\/01\/visor-editor-permisos-v2c-app-214x300.jpg 214w, https:\/\/v2charge.com\/wp-content\/uploads\/2023\/01\/visor-editor-permisos-v2c-app-768x1075.jpg 768w, https:\/\/v2charge.com\/wp-content\/uploads\/2023\/01\/visor-editor-permisos-v2c-app-1097x1536.jpg 1097w, https:\/\/v2charge.com\/wp-content\/uploads\/2023\/01\/visor-editor-permisos-v2c-app.jpg 1385w\" sizes=\"(max-width: 366px) 100vw, 366px\" \/><\/p>\n<p>Wybierz medium, za po\u015brednictwem kt\u00f3rego chcesz wys\u0142a\u0107 zaproszenie (WhatsApp, e-mail\u2026).<\/p>\n<p>Go\u015b\u0107 otrzyma wiadomo\u015b\u0107 z linkiem do klikni\u0119cia. Nast\u0119pnie zostanie przekierowany do okna logowania do V2C Cloud lub, alternatywnie, do rejestracji w aplikacji.<\/p>\n<p>Po zako\u0144czeniu procesu nale\u017cy otworzy\u0107 aplikacj\u0119, w kt\u00f3rej pojawi si\u0119 udost\u0119pniona e-\u0142adowarka.<\/p>\n<div style=\"height:60px\" aria-hidden=\"true\" class=\"wp-block-spacer\"><\/div>\n","protected":false},"excerpt":{"rendered":"<p>Jak udost\u0119pni\u0107 \u0142adowark\u0119 z aplikacji V2C Cloud? Aby udost\u0119pni\u0107 \u0142adowark\u0119 cz\u0142onkowi rodziny lub osobie trzeciej, nale\u017cy to zrobi\u0107 z poziomu aplikacji, a nie platformy V2C Cloud. Zaloguj si\u0119 do aplikacji. Wybierz \u0142adowark\u0119, kt\u00f3r\u0105 chcesz udost\u0119pni\u0107. Kliknij strza\u0142k\u0119 po prawej stronie przycisku &#8222;UDOST\u0118PNIJ TEN PRZEWODNIK WI\u0118KSZEJ ILO\u015aCI OS\u00d3B&#8221;. Wybierz pole &#8222;\u0141adowarka&#8221;, aby wybra\u0107 e-\u0142adowark\u0119, kt\u00f3r\u0105 chcesz &#8230; <a title=\"Jak udost\u0119pni\u0107 \u0142adowark\u0119 z aplikacji V2C Cloud?\" class=\"read-more\" href=\"https:\/\/v2charge.com\/pl\/jak-udostepnic-ladowarke-z-aplikacji-v2c-cloud\/\" aria-label=\"Read more about Jak udost\u0119pni\u0107 \u0142adowark\u0119 z aplikacji V2C Cloud?\">Dowiedz si\u0119 wi\u0119cej<\/a><\/p>\n","protected":false},"author":400,"featured_media":170352,"parent":0,"menu_order":0,"comment_status":"closed","ping_status":"closed","template":"","meta":{"_eb_attr":"","content-type":"","_uag_custom_page_level_css":"","footnotes":""},"class_list":["post-113271","page","type-page","status-publish","has-post-thumbnail"],"yoast_head":"<!-- This site is optimized with the Yoast SEO plugin v25.3.1 - https:\/\/yoast.com\/wordpress\/plugins\/seo\/ -->\n<title>Jak udost\u0119pni\u0107 \u0142adowark\u0119 z aplikacji V2C Cloud | V2C<\/title>\n<meta name=\"description\" content=\"Je\u015bli chcesz udost\u0119pni\u0107 swoj\u0105 \u0142adowark\u0119 cz\u0142onkowi rodziny, znajomemu lub innej osobie, mo\u017cesz to zrobi\u0107 za po\u015brednictwem aplikacji V2C Cloud. Oto jak to zrobi\u0107.\" \/>\n<meta name=\"robots\" content=\"index, follow, max-snippet:-1, max-image-preview:large, max-video-preview:-1\" \/>\n<link rel=\"canonical\" href=\"https:\/\/v2charge.com\/pl\/jak-udostepnic-ladowarke-z-aplikacji-v2c-cloud\/\" \/>\n<meta property=\"og:locale\" content=\"pl_PL\" \/>\n<meta property=\"og:type\" content=\"article\" \/>\n<meta property=\"og:title\" content=\"Jak udost\u0119pni\u0107 \u0142adowark\u0119 z aplikacji V2C Cloud | V2C\" \/>\n<meta property=\"og:description\" content=\"Je\u015bli chcesz udost\u0119pni\u0107 swoj\u0105 \u0142adowark\u0119 cz\u0142onkowi rodziny, znajomemu lub innej osobie, mo\u017cesz to zrobi\u0107 za po\u015brednictwem aplikacji V2C Cloud. Oto jak to zrobi\u0107.\" \/>\n<meta property=\"og:url\" content=\"https:\/\/v2charge.com\/pl\/jak-udostepnic-ladowarke-z-aplikacji-v2c-cloud\/\" \/>\n<meta property=\"og:site_name\" content=\"V2C\" \/>\n<meta property=\"article:publisher\" content=\"https:\/\/www.facebook.com\/V2C.Charge\" \/>\n<meta property=\"article:modified_time\" content=\"2023-08-10T13:26:04+00:00\" \/>\n<meta property=\"og:image\" content=\"https:\/\/v2charge.com\/wp-content\/uploads\/2022\/12\/v2c-internet-bluetooth-1-731x1024.jpg\" \/>\n<meta name=\"twitter:card\" content=\"summary_large_image\" \/>\n<meta name=\"twitter:site\" content=\"@V2C_Charge\" \/>\n<meta name=\"twitter:label1\" content=\"Szacowany czas czytania\" \/>\n\t<meta name=\"twitter:data1\" content=\"2 minuty\" \/>\n<script type=\"application\/ld+json\" class=\"yoast-schema-graph\">{\"@context\":\"https:\/\/schema.org\",\"@graph\":[{\"@type\":\"WebPage\",\"@id\":\"https:\/\/v2charge.com\/pl\/jak-udostepnic-ladowarke-z-aplikacji-v2c-cloud\/\",\"url\":\"https:\/\/v2charge.com\/pl\/jak-udostepnic-ladowarke-z-aplikacji-v2c-cloud\/\",\"name\":\"Jak udost\u0119pni\u0107 \u0142adowark\u0119 z aplikacji V2C Cloud | V2C\",\"isPartOf\":{\"@id\":\"https:\/\/v2charge.com\/pl\/#website\"},\"primaryImageOfPage\":{\"@id\":\"https:\/\/v2charge.com\/pl\/jak-udostepnic-ladowarke-z-aplikacji-v2c-cloud\/#primaryimage\"},\"image\":{\"@id\":\"https:\/\/v2charge.com\/pl\/jak-udostepnic-ladowarke-z-aplikacji-v2c-cloud\/#primaryimage\"},\"thumbnailUrl\":\"https:\/\/v2charge.com\/wp-content\/uploads\/2024\/07\/v2c-electric-chargers.jpg\",\"datePublished\":\"2023-07-13T13:26:31+00:00\",\"dateModified\":\"2023-08-10T13:26:04+00:00\",\"description\":\"Je\u015bli chcesz udost\u0119pni\u0107 swoj\u0105 \u0142adowark\u0119 cz\u0142onkowi rodziny, znajomemu lub innej osobie, mo\u017cesz to zrobi\u0107 za po\u015brednictwem aplikacji V2C Cloud. Oto jak to zrobi\u0107.\",\"breadcrumb\":{\"@id\":\"https:\/\/v2charge.com\/pl\/jak-udostepnic-ladowarke-z-aplikacji-v2c-cloud\/#breadcrumb\"},\"inLanguage\":\"pl-PL\",\"potentialAction\":[{\"@type\":\"ReadAction\",\"target\":[\"https:\/\/v2charge.com\/pl\/jak-udostepnic-ladowarke-z-aplikacji-v2c-cloud\/\"]}]},{\"@type\":\"ImageObject\",\"inLanguage\":\"pl-PL\",\"@id\":\"https:\/\/v2charge.com\/pl\/jak-udostepnic-ladowarke-z-aplikacji-v2c-cloud\/#primaryimage\",\"url\":\"https:\/\/v2charge.com\/wp-content\/uploads\/2024\/07\/v2c-electric-chargers.jpg\",\"contentUrl\":\"https:\/\/v2charge.com\/wp-content\/uploads\/2024\/07\/v2c-electric-chargers.jpg\",\"width\":1200,\"height\":675,\"caption\":\"V2C Electric Chargers\"},{\"@type\":\"BreadcrumbList\",\"@id\":\"https:\/\/v2charge.com\/pl\/jak-udostepnic-ladowarke-z-aplikacji-v2c-cloud\/#breadcrumb\",\"itemListElement\":[{\"@type\":\"ListItem\",\"position\":1,\"name\":\"V2C\",\"item\":\"https:\/\/v2charge.com\/pl\/\"},{\"@type\":\"ListItem\",\"position\":2,\"name\":\"Jak udost\u0119pni\u0107 \u0142adowark\u0119 z aplikacji V2C Cloud?\"}]},{\"@type\":\"WebSite\",\"@id\":\"https:\/\/v2charge.com\/pl\/#website\",\"url\":\"https:\/\/v2charge.com\/pl\/\",\"name\":\"V2C\",\"description\":\"#CargandoElMa\u00f1ana\",\"publisher\":{\"@id\":\"https:\/\/v2charge.com\/pl\/#organization\"},\"potentialAction\":[{\"@type\":\"SearchAction\",\"target\":{\"@type\":\"EntryPoint\",\"urlTemplate\":\"https:\/\/v2charge.com\/pl\/?s={search_term_string}\"},\"query-input\":{\"@type\":\"PropertyValueSpecification\",\"valueRequired\":true,\"valueName\":\"search_term_string\"}}],\"inLanguage\":\"pl-PL\"},{\"@type\":\"Organization\",\"@id\":\"https:\/\/v2charge.com\/pl\/#organization\",\"name\":\"V2C\",\"url\":\"https:\/\/v2charge.com\/pl\/\",\"logo\":{\"@type\":\"ImageObject\",\"inLanguage\":\"pl-PL\",\"@id\":\"https:\/\/v2charge.com\/pl\/#\/schema\/logo\/image\/\",\"url\":\"https:\/\/v2charge.com\/wp-content\/uploads\/2024\/11\/cropped-v2c-charge-logo-menu.png\",\"contentUrl\":\"https:\/\/v2charge.com\/wp-content\/uploads\/2024\/11\/cropped-v2c-charge-logo-menu.png\",\"width\":984,\"height\":431,\"caption\":\"V2C\"},\"image\":{\"@id\":\"https:\/\/v2charge.com\/pl\/#\/schema\/logo\/image\/\"},\"sameAs\":[\"https:\/\/www.facebook.com\/V2C.Charge\",\"https:\/\/x.com\/V2C_Charge\",\"https:\/\/www.instagram.com\/v2c.charge\/\",\"https:\/\/www.youtube.com\/@V2C\",\"https:\/\/www.linkedin.com\/company\/v2c-chargers\/\"]}]}<\/script>\n<!-- \/ Yoast SEO plugin. -->","yoast_head_json":{"title":"Jak udost\u0119pni\u0107 \u0142adowark\u0119 z aplikacji V2C Cloud | V2C","description":"Je\u015bli chcesz udost\u0119pni\u0107 swoj\u0105 \u0142adowark\u0119 cz\u0142onkowi rodziny, znajomemu lub innej osobie, mo\u017cesz to zrobi\u0107 za po\u015brednictwem aplikacji V2C Cloud. Oto jak to zrobi\u0107.","robots":{"index":"index","follow":"follow","max-snippet":"max-snippet:-1","max-image-preview":"max-image-preview:large","max-video-preview":"max-video-preview:-1"},"canonical":"https:\/\/v2charge.com\/pl\/jak-udostepnic-ladowarke-z-aplikacji-v2c-cloud\/","og_locale":"pl_PL","og_type":"article","og_title":"Jak udost\u0119pni\u0107 \u0142adowark\u0119 z aplikacji V2C Cloud | V2C","og_description":"Je\u015bli chcesz udost\u0119pni\u0107 swoj\u0105 \u0142adowark\u0119 cz\u0142onkowi rodziny, znajomemu lub innej osobie, mo\u017cesz to zrobi\u0107 za po\u015brednictwem aplikacji V2C Cloud. Oto jak to zrobi\u0107.","og_url":"https:\/\/v2charge.com\/pl\/jak-udostepnic-ladowarke-z-aplikacji-v2c-cloud\/","og_site_name":"V2C","article_publisher":"https:\/\/www.facebook.com\/V2C.Charge","article_modified_time":"2023-08-10T13:26:04+00:00","og_image":[{"url":"https:\/\/v2charge.com\/wp-content\/uploads\/2022\/12\/v2c-internet-bluetooth-1-731x1024.jpg","type":"","width":"","height":""}],"twitter_card":"summary_large_image","twitter_site":"@V2C_Charge","twitter_misc":{"Szacowany czas czytania":"2 minuty"},"schema":{"@context":"https:\/\/schema.org","@graph":[{"@type":"WebPage","@id":"https:\/\/v2charge.com\/pl\/jak-udostepnic-ladowarke-z-aplikacji-v2c-cloud\/","url":"https:\/\/v2charge.com\/pl\/jak-udostepnic-ladowarke-z-aplikacji-v2c-cloud\/","name":"Jak udost\u0119pni\u0107 \u0142adowark\u0119 z aplikacji V2C Cloud | V2C","isPartOf":{"@id":"https:\/\/v2charge.com\/pl\/#website"},"primaryImageOfPage":{"@id":"https:\/\/v2charge.com\/pl\/jak-udostepnic-ladowarke-z-aplikacji-v2c-cloud\/#primaryimage"},"image":{"@id":"https:\/\/v2charge.com\/pl\/jak-udostepnic-ladowarke-z-aplikacji-v2c-cloud\/#primaryimage"},"thumbnailUrl":"https:\/\/v2charge.com\/wp-content\/uploads\/2024\/07\/v2c-electric-chargers.jpg","datePublished":"2023-07-13T13:26:31+00:00","dateModified":"2023-08-10T13:26:04+00:00","description":"Je\u015bli chcesz udost\u0119pni\u0107 swoj\u0105 \u0142adowark\u0119 cz\u0142onkowi rodziny, znajomemu lub innej osobie, mo\u017cesz to zrobi\u0107 za po\u015brednictwem aplikacji V2C Cloud. Oto jak to zrobi\u0107.","breadcrumb":{"@id":"https:\/\/v2charge.com\/pl\/jak-udostepnic-ladowarke-z-aplikacji-v2c-cloud\/#breadcrumb"},"inLanguage":"pl-PL","potentialAction":[{"@type":"ReadAction","target":["https:\/\/v2charge.com\/pl\/jak-udostepnic-ladowarke-z-aplikacji-v2c-cloud\/"]}]},{"@type":"ImageObject","inLanguage":"pl-PL","@id":"https:\/\/v2charge.com\/pl\/jak-udostepnic-ladowarke-z-aplikacji-v2c-cloud\/#primaryimage","url":"https:\/\/v2charge.com\/wp-content\/uploads\/2024\/07\/v2c-electric-chargers.jpg","contentUrl":"https:\/\/v2charge.com\/wp-content\/uploads\/2024\/07\/v2c-electric-chargers.jpg","width":1200,"height":675,"caption":"V2C Electric Chargers"},{"@type":"BreadcrumbList","@id":"https:\/\/v2charge.com\/pl\/jak-udostepnic-ladowarke-z-aplikacji-v2c-cloud\/#breadcrumb","itemListElement":[{"@type":"ListItem","position":1,"name":"V2C","item":"https:\/\/v2charge.com\/pl\/"},{"@type":"ListItem","position":2,"name":"Jak udost\u0119pni\u0107 \u0142adowark\u0119 z aplikacji V2C Cloud?"}]},{"@type":"WebSite","@id":"https:\/\/v2charge.com\/pl\/#website","url":"https:\/\/v2charge.com\/pl\/","name":"V2C","description":"#CargandoElMa\u00f1ana","publisher":{"@id":"https:\/\/v2charge.com\/pl\/#organization"},"potentialAction":[{"@type":"SearchAction","target":{"@type":"EntryPoint","urlTemplate":"https:\/\/v2charge.com\/pl\/?s={search_term_string}"},"query-input":{"@type":"PropertyValueSpecification","valueRequired":true,"valueName":"search_term_string"}}],"inLanguage":"pl-PL"},{"@type":"Organization","@id":"https:\/\/v2charge.com\/pl\/#organization","name":"V2C","url":"https:\/\/v2charge.com\/pl\/","logo":{"@type":"ImageObject","inLanguage":"pl-PL","@id":"https:\/\/v2charge.com\/pl\/#\/schema\/logo\/image\/","url":"https:\/\/v2charge.com\/wp-content\/uploads\/2024\/11\/cropped-v2c-charge-logo-menu.png","contentUrl":"https:\/\/v2charge.com\/wp-content\/uploads\/2024\/11\/cropped-v2c-charge-logo-menu.png","width":984,"height":431,"caption":"V2C"},"image":{"@id":"https:\/\/v2charge.com\/pl\/#\/schema\/logo\/image\/"},"sameAs":["https:\/\/www.facebook.com\/V2C.Charge","https:\/\/x.com\/V2C_Charge","https:\/\/www.instagram.com\/v2c.charge\/","https:\/\/www.youtube.com\/@V2C","https:\/\/www.linkedin.com\/company\/v2c-chargers\/"]}]}},"uagb_featured_image_src":{"full":["https:\/\/v2charge.com\/wp-content\/uploads\/2024\/07\/v2c-electric-chargers.jpg",1200,675,false],"thumbnail":["https:\/\/v2charge.com\/wp-content\/uploads\/2024\/07\/v2c-electric-chargers-150x150.jpg",150,150,true],"medium":["https:\/\/v2charge.com\/wp-content\/uploads\/2024\/07\/v2c-electric-chargers-300x169.jpg",300,169,true],"medium_large":["https:\/\/v2charge.com\/wp-content\/uploads\/2024\/07\/v2c-electric-chargers-768x432.jpg",768,432,true],"large":["https:\/\/v2charge.com\/wp-content\/uploads\/2024\/07\/v2c-electric-chargers-1024x576.jpg",1024,576,true],"gs-tiny":["https:\/\/v2charge.com\/wp-content\/uploads\/2024\/07\/v2c-electric-chargers.jpg",50,28,false],"xl":["https:\/\/v2charge.com\/wp-content\/uploads\/2024\/07\/v2c-electric-chargers.jpg",1200,675,false],"xxl":["https:\/\/v2charge.com\/wp-content\/uploads\/2024\/07\/v2c-electric-chargers.jpg",1200,675,false],"xxxl":["https:\/\/v2charge.com\/wp-content\/uploads\/2024\/07\/v2c-electric-chargers.jpg",1200,675,false],"xxxxl":["https:\/\/v2charge.com\/wp-content\/uploads\/2024\/07\/v2c-electric-chargers.jpg",1200,675,false],"xxxxxl":["https:\/\/v2charge.com\/wp-content\/uploads\/2024\/07\/v2c-electric-chargers.jpg",1200,675,false],"1536x1536":["https:\/\/v2charge.com\/wp-content\/uploads\/2024\/07\/v2c-electric-chargers.jpg",1200,675,false],"2048x2048":["https:\/\/v2charge.com\/wp-content\/uploads\/2024\/07\/v2c-electric-chargers.jpg",1200,675,false]},"uagb_author_info":{"display_name":"V2C","author_link":"https:\/\/v2charge.com\/pl\/author\/marketing\/"},"uagb_comment_info":0,"uagb_excerpt":"Jak udost\u0119pni\u0107 \u0142adowark\u0119 z aplikacji V2C Cloud? Aby udost\u0119pni\u0107 \u0142adowark\u0119 cz\u0142onkowi rodziny lub osobie trzeciej, nale\u017cy to zrobi\u0107 z poziomu aplikacji, a nie platformy V2C Cloud. Zaloguj si\u0119 do aplikacji. Wybierz \u0142adowark\u0119, kt\u00f3r\u0105 chcesz udost\u0119pni\u0107. Kliknij strza\u0142k\u0119 po prawej stronie przycisku &#8222;UDOST\u0118PNIJ TEN PRZEWODNIK WI\u0118KSZEJ ILO\u015aCI OS\u00d3B&#8221;. Wybierz pole &#8222;\u0141adowarka&#8221;, aby wybra\u0107 e-\u0142adowark\u0119, kt\u00f3r\u0105 chcesz&hellip;","_links":{"self":[{"href":"https:\/\/v2charge.com\/pl\/wp-json\/wp\/v2\/pages\/113271","targetHints":{"allow":["GET"]}}],"collection":[{"href":"https:\/\/v2charge.com\/pl\/wp-json\/wp\/v2\/pages"}],"about":[{"href":"https:\/\/v2charge.com\/pl\/wp-json\/wp\/v2\/types\/page"}],"author":[{"embeddable":true,"href":"https:\/\/v2charge.com\/pl\/wp-json\/wp\/v2\/users\/400"}],"replies":[{"embeddable":true,"href":"https:\/\/v2charge.com\/pl\/wp-json\/wp\/v2\/comments?post=113271"}],"version-history":[{"count":0,"href":"https:\/\/v2charge.com\/pl\/wp-json\/wp\/v2\/pages\/113271\/revisions"}],"wp:featuredmedia":[{"embeddable":true,"href":"https:\/\/v2charge.com\/pl\/wp-json\/wp\/v2\/media\/170352"}],"wp:attachment":[{"href":"https:\/\/v2charge.com\/pl\/wp-json\/wp\/v2\/media?parent=113271"}],"curies":[{"name":"wp","href":"https:\/\/api.w.org\/{rel}","templated":true}]}}