{"id":114899,"date":"2023-07-18T14:22:35","date_gmt":"2023-07-18T14:22:35","guid":{"rendered":"https:\/\/v2charge.com\/indicaciones-colores-led-logo\/"},"modified":"2025-05-15T13:26:04","modified_gmt":"2025-05-15T11:26:04","slug":"instrukcje-oswietlenia-led","status":"publish","type":"page","link":"https:\/\/v2charge.com\/pl\/wsparcie\/trydan\/instrukcje-oswietlenia-led\/","title":{"rendered":"Wskazania kolor\u00f3w LED logo"},"content":{"rendered":"\n<div style=\"height:60px\" aria-hidden=\"true\" class=\"wp-block-spacer\"><\/div>\n\n\n<h1>Wskazania kolor\u00f3w LED logo<\/h1>\n\n\n<p>Logo V2C z przodu \u0142adowarki e-Charger \u015bwieci si\u0119 w zale\u017cno\u015bci od stanu \u0142adowania. Kolor pod\u015bwietlenia i jego znaczenie przedstawiono poni\u017cej:<\/p>\n\n\n\n<div style=\"height:60px\" aria-hidden=\"true\" class=\"wp-block-spacer\"><\/div>\n\n\n\n<div class=\"wp-block-uagb-container uagb-block-941fdfdb alignfull uagb-is-root-container\"><div class=\"uagb-container-inner-blocks-wrap\">\n<div class=\"wp-block-uagb-container uagb-block-dac2519e\">\n<div class=\"wp-block-uagb-image uagb-block-a00fd90e wp-block-uagb-image--layout-default wp-block-uagb-image--effect-static wp-block-uagb-image--align-none\"><figure class=\"wp-block-uagb-image__figure\"><img decoding=\"async\" srcset=\"https:\/\/v2charge.com\/wp-content\/uploads\/2023\/07\/logo-v2c-blanco.jpg \" sizes=\"auto, (max-width: 480px) 150px\" src=\"https:\/\/v2charge.com\/wp-content\/uploads\/2023\/07\/logo-v2c-blanco.jpg\" alt=\"\" class=\"uag-image-114299\" width=\"303\" height=\"300\" title=\"\" loading=\"lazy\" role=\"img\"\/><\/figure><\/div>\n<\/div>\n\n\n\n<div class=\"wp-block-uagb-container uagb-block-6dc9443c\">\n<p><strong>Bia\u0142y:<\/strong> pojazd nie jest pod\u0142\u0105czony.<\/p>\n\n\n\n<p><strong>Miga na bia\u0142o:<\/strong> po\u0142\u0105czenie WiFi lub procedura ponownego po\u0142\u0105czenia jest aktywna. Innymi s\u0142owy, po\u0142\u0105czenie przez WiFi jest przetwarzane.<\/p>\n<\/div>\n<\/div><\/div>\n\n\n\n<div class=\"wp-block-uagb-container uagb-block-1aac81c3 alignfull uagb-is-root-container\"><div class=\"uagb-container-inner-blocks-wrap\">\n<div class=\"wp-block-uagb-container uagb-block-c6f830bf\">\n<div class=\"wp-block-uagb-image uagb-block-73fd6b05 wp-block-uagb-image--layout-default wp-block-uagb-image--effect-static wp-block-uagb-image--align-none\"><figure class=\"wp-block-uagb-image__figure\"><img decoding=\"async\" srcset=\"https:\/\/v2charge.com\/wp-content\/uploads\/2023\/07\/logo-v2c-azul-oscuro.jpg \" sizes=\"auto, (max-width: 480px) 150px\" src=\"https:\/\/v2charge.com\/wp-content\/uploads\/2023\/07\/logo-v2c-azul-oscuro.jpg\" alt=\"\" class=\"uag-image-114309\" width=\"303\" height=\"300\" title=\"\" loading=\"lazy\" role=\"img\"\/><\/figure><\/div>\n<\/div>\n\n\n\n<div class=\"wp-block-uagb-container uagb-block-a688e6ea\">\n<p><strong>Ciemnoniebieski z migaj\u0105cym \u015bwiat\u0142em:<\/strong>pojazd jest \u0142adowany. Szybko\u015b\u0107 migania jest bezpo\u015brednio zwi\u0105zana z intensywno\u015bci\u0105 \u0142adowania.<\/p>\n<\/div>\n<\/div><\/div>\n\n\n\n<div class=\"wp-block-uagb-container uagb-block-c7f980cb alignfull uagb-is-root-container\"><div class=\"uagb-container-inner-blocks-wrap\">\n<div class=\"wp-block-uagb-container uagb-block-c2768a71\">\n<div class=\"wp-block-uagb-image uagb-block-aec8a79d wp-block-uagb-image--layout-default wp-block-uagb-image--effect-static wp-block-uagb-image--align-none\"><figure class=\"wp-block-uagb-image__figure\"><img decoding=\"async\" srcset=\"https:\/\/v2charge.com\/wp-content\/uploads\/2023\/07\/logo-v2c-azul-claro.jpg \" sizes=\"auto, (max-width: 480px) 150px\" src=\"https:\/\/v2charge.com\/wp-content\/uploads\/2023\/07\/logo-v2c-azul-claro.jpg\" alt=\"\" class=\"uag-image-114318\" width=\"303\" height=\"300\" title=\"\" loading=\"lazy\" role=\"img\"\/><\/figure><\/div>\n<\/div>\n\n\n\n<div class=\"wp-block-uagb-container uagb-block-14cf0f8e\">\n<p><strong>Jasnoniebieski:<\/strong> aktywowano timer, tj. zaprogramowano obci\u0105\u017cenie.<\/p>\n<\/div>\n<\/div><\/div>\n\n\n\n<div class=\"wp-block-uagb-container uagb-block-ccf744fa alignfull uagb-is-root-container\"><div class=\"uagb-container-inner-blocks-wrap\">\n<div class=\"wp-block-uagb-container uagb-block-0409ef72\">\n<div class=\"wp-block-uagb-image uagb-block-66d0883c wp-block-uagb-image--layout-default wp-block-uagb-image--effect-static wp-block-uagb-image--align-none\"><figure class=\"wp-block-uagb-image__figure\"><img decoding=\"async\" srcset=\"https:\/\/v2charge.com\/wp-content\/uploads\/2023\/07\/verde.jpg \" sizes=\"auto, (max-width: 480px) 150px\" src=\"https:\/\/v2charge.com\/wp-content\/uploads\/2023\/07\/verde.jpg\" alt=\"\" class=\"uag-image-114129\" width=\"303\" height=\"300\" title=\"\" loading=\"lazy\" role=\"img\"\/><\/figure><\/div>\n<\/div>\n\n\n\n<div class=\"wp-block-uagb-container uagb-block-90501093\">\n<p><strong>Zielony:<\/strong> pojazd jest w pe\u0142ni za\u0142adowany.<\/p>\n\n\n\n<p><strong>Zielony migaj\u0105cy:<\/strong> \u0142adowarka jest prawid\u0142owo pod\u0142\u0105czona do sieci WiFi. Miganie trwa jedn\u0105 sekund\u0119.<\/p>\n<\/div>\n<\/div><\/div>\n\n\n\n<div class=\"wp-block-uagb-container uagb-block-ff7cbac6 alignfull uagb-is-root-container\"><div class=\"uagb-container-inner-blocks-wrap\">\n<div class=\"wp-block-uagb-container uagb-block-1ca82abb\">\n<div class=\"wp-block-uagb-image uagb-block-fca624b8 wp-block-uagb-image--layout-default wp-block-uagb-image--effect-static wp-block-uagb-image--align-none\"><figure class=\"wp-block-uagb-image__figure\"><img decoding=\"async\" srcset=\"https:\/\/v2charge.com\/wp-content\/uploads\/2023\/07\/logo-v2c-rojo.jpg \" sizes=\"auto, (max-width: 480px) 150px\" src=\"https:\/\/v2charge.com\/wp-content\/uploads\/2023\/07\/logo-v2c-rojo.jpg\" alt=\"\" class=\"uag-image-114327\" width=\"303\" height=\"300\" title=\"\" loading=\"lazy\" role=\"img\"\/><\/figure><\/div>\n<\/div>\n\n\n\n<div class=\"wp-block-uagb-container uagb-block-36d39028\">\n<p><strong>Czerwony:<\/strong> B\u0142\u0105d.<\/p>\n\n\n\n<p>Na wy\u015bwietlaczu pojawi si\u0119 kod b\u0142\u0119du i kr\u00f3tki opis b\u0142\u0119du. Kod b\u0142\u0119du ma nast\u0119puj\u0105c\u0105 struktur\u0119:<\/p>\n\n\n\n<div class=\"wp-block-uagb-image uagb-block-0c8f5811 wp-block-uagb-image--layout-default wp-block-uagb-image--effect-static wp-block-uagb-image--align-none\"><figure class=\"wp-block-uagb-image__figure\"><img decoding=\"async\" srcset=\"https:\/\/v2charge.com\/wp-content\/uploads\/2023\/07\/codigos-errores.jpg \" sizes=\"auto, (max-width: 480px) 150px\" src=\"https:\/\/v2charge.com\/wp-content\/uploads\/2023\/07\/codigos-errores.jpg\" alt=\"\" class=\"uag-image-114288\" width=\"1000\" height=\"571\" title=\"\" loading=\"lazy\" role=\"img\"\/><\/figure><\/div>\n<\/div>\n<\/div><\/div>\n\n\n\n<div class=\"wp-block-uagb-container uagb-block-3392e589 alignfull uagb-is-root-container\"><div class=\"uagb-container-inner-blocks-wrap\">\n<div class=\"wp-block-uagb-container uagb-block-b1ca5a36\">\n<div class=\"wp-block-uagb-image uagb-block-aaa8f251 wp-block-uagb-image--layout-default wp-block-uagb-image--effect-static wp-block-uagb-image--align-none\"><figure class=\"wp-block-uagb-image__figure\"><img decoding=\"async\" srcset=\"https:\/\/v2charge.com\/wp-content\/uploads\/2023\/07\/logo-v2c-azul-amarillo.jpg \" sizes=\"auto, (max-width: 480px) 150px\" src=\"https:\/\/v2charge.com\/wp-content\/uploads\/2023\/07\/logo-v2c-azul-amarillo.jpg\" alt=\"\" class=\"uag-image-114336\" width=\"303\" height=\"300\" title=\"\" loading=\"lazy\" role=\"img\"\/><\/figure><\/div>\n<\/div>\n\n\n\n<div class=\"wp-block-uagb-container uagb-block-7275df2a\">\n<p><strong>\u017b\u00f3\u0142ty: <\/strong>Error Control Pilot (b\u0142\u0105d komunikacji z samochodem) albo brakuje mocy, aby m\u00f3c \u0142adowa\u0107 z dynamicznym sterowaniem.<\/p>\n<\/div>\n<\/div><\/div>\n\n\n\n<div class=\"wp-block-uagb-container uagb-block-3a1b9e9e alignfull uagb-is-root-container\"><div class=\"uagb-container-inner-blocks-wrap\">\n<div class=\"wp-block-uagb-container uagb-block-e15f2ee9\">\n<div class=\"wp-block-uagb-image uagb-block-bf2a67e1 wp-block-uagb-image--layout-default wp-block-uagb-image--effect-static wp-block-uagb-image--align-none\"><figure class=\"wp-block-uagb-image__figure\"><img decoding=\"async\" srcset=\"https:\/\/v2charge.com\/wp-content\/uploads\/2023\/07\/logo-v2c-azul-rosa.jpg \" sizes=\"auto, (max-width: 480px) 150px\" src=\"https:\/\/v2charge.com\/wp-content\/uploads\/2023\/07\/logo-v2c-azul-rosa.jpg\" alt=\"\" class=\"uag-image-114370\" width=\"303\" height=\"300\" title=\"\" loading=\"lazy\" role=\"img\"\/><\/figure><\/div>\n<\/div>\n\n\n\n<div class=\"wp-block-uagb-container uagb-block-e5b6eb4f\">\n<p><strong>Rosa:<\/strong> e-Charger jest w trakcie aktualizacji.<\/p>\n<\/div>\n<\/div><\/div>\n","protected":false},"excerpt":{"rendered":"<p>Wskazania kolor\u00f3w LED logo Logo V2C z przodu \u0142adowarki e-Charger \u015bwieci si\u0119 w zale\u017cno\u015bci od stanu \u0142adowania. Kolor pod\u015bwietlenia i jego znaczenie przedstawiono poni\u017cej: Bia\u0142y: pojazd nie jest pod\u0142\u0105czony. Miga na bia\u0142o: po\u0142\u0105czenie WiFi lub procedura ponownego po\u0142\u0105czenia jest aktywna. Innymi s\u0142owy, po\u0142\u0105czenie przez WiFi jest przetwarzane. Ciemnoniebieski z migaj\u0105cym \u015bwiat\u0142em:pojazd jest \u0142adowany. Szybko\u015b\u0107 migania &#8230; <a title=\"Wskazania kolor\u00f3w LED logo\" class=\"read-more\" href=\"https:\/\/v2charge.com\/pl\/wsparcie\/trydan\/instrukcje-oswietlenia-led\/\" aria-label=\"Read more about Wskazania kolor\u00f3w LED logo\">Dowiedz si\u0119 wi\u0119cej<\/a><\/p>\n","protected":false},"author":400,"featured_media":170352,"parent":108154,"menu_order":0,"comment_status":"closed","ping_status":"closed","template":"","meta":{"_eb_attr":"","content-type":"","_uag_custom_page_level_css":"","footnotes":""},"class_list":["post-114899","page","type-page","status-publish","has-post-thumbnail"],"yoast_head":"<!-- This site is optimized with the Yoast SEO plugin v25.3.1 - https:\/\/yoast.com\/wordpress\/plugins\/seo\/ -->\n<title>Wskazania kolor\u00f3w LED logo | V2C<\/title>\n<meta name=\"description\" content=\"Logo V2C z przodu e-\u0142adowarki \u015bwieci si\u0119 w zale\u017cno\u015bci od stanu \u0142adowania. Zapoznaj si\u0119 z r\u00f3\u017cnymi znaczeniami.\" \/>\n<meta name=\"robots\" content=\"index, follow, max-snippet:-1, max-image-preview:large, max-video-preview:-1\" \/>\n<link rel=\"canonical\" href=\"https:\/\/v2charge.com\/pl\/wsparcie\/trydan\/instrukcje-oswietlenia-led\/\" \/>\n<meta property=\"og:locale\" content=\"pl_PL\" \/>\n<meta property=\"og:type\" content=\"article\" \/>\n<meta property=\"og:title\" content=\"Wskazania kolor\u00f3w LED logo | V2C\" \/>\n<meta property=\"og:description\" content=\"Logo V2C z przodu e-\u0142adowarki \u015bwieci si\u0119 w zale\u017cno\u015bci od stanu \u0142adowania. Zapoznaj si\u0119 z r\u00f3\u017cnymi znaczeniami.\" \/>\n<meta property=\"og:url\" content=\"https:\/\/v2charge.com\/pl\/wsparcie\/trydan\/instrukcje-oswietlenia-led\/\" \/>\n<meta property=\"og:site_name\" content=\"V2C\" \/>\n<meta property=\"article:publisher\" content=\"https:\/\/www.facebook.com\/V2C.Charge\" \/>\n<meta property=\"article:modified_time\" content=\"2025-05-15T11:26:04+00:00\" \/>\n<meta property=\"og:image\" content=\"https:\/\/v2charge.com\/wp-content\/uploads\/2024\/07\/v2c-electric-chargers.jpg\" \/>\n\t<meta property=\"og:image:width\" content=\"1200\" \/>\n\t<meta property=\"og:image:height\" content=\"675\" \/>\n\t<meta property=\"og:image:type\" content=\"image\/jpeg\" \/>\n<meta name=\"twitter:card\" content=\"summary_large_image\" \/>\n<meta name=\"twitter:site\" content=\"@V2C_Charge\" \/>\n<meta name=\"twitter:label1\" content=\"Szacowany czas czytania\" \/>\n\t<meta name=\"twitter:data1\" content=\"3 minuty\" \/>\n<script type=\"application\/ld+json\" class=\"yoast-schema-graph\">{\"@context\":\"https:\/\/schema.org\",\"@graph\":[{\"@type\":\"WebPage\",\"@id\":\"https:\/\/v2charge.com\/pl\/wsparcie\/trydan\/instrukcje-oswietlenia-led\/\",\"url\":\"https:\/\/v2charge.com\/pl\/wsparcie\/trydan\/instrukcje-oswietlenia-led\/\",\"name\":\"Wskazania kolor\u00f3w LED logo | V2C\",\"isPartOf\":{\"@id\":\"https:\/\/v2charge.com\/pl\/#website\"},\"primaryImageOfPage\":{\"@id\":\"https:\/\/v2charge.com\/pl\/wsparcie\/trydan\/instrukcje-oswietlenia-led\/#primaryimage\"},\"image\":{\"@id\":\"https:\/\/v2charge.com\/pl\/wsparcie\/trydan\/instrukcje-oswietlenia-led\/#primaryimage\"},\"thumbnailUrl\":\"https:\/\/v2charge.com\/wp-content\/uploads\/2024\/07\/v2c-electric-chargers.jpg\",\"datePublished\":\"2023-07-18T14:22:35+00:00\",\"dateModified\":\"2025-05-15T11:26:04+00:00\",\"description\":\"Logo V2C z przodu e-\u0142adowarki \u015bwieci si\u0119 w zale\u017cno\u015bci od stanu \u0142adowania. Zapoznaj si\u0119 z r\u00f3\u017cnymi znaczeniami.\",\"breadcrumb\":{\"@id\":\"https:\/\/v2charge.com\/pl\/wsparcie\/trydan\/instrukcje-oswietlenia-led\/#breadcrumb\"},\"inLanguage\":\"pl-PL\",\"potentialAction\":[{\"@type\":\"ReadAction\",\"target\":[\"https:\/\/v2charge.com\/pl\/wsparcie\/trydan\/instrukcje-oswietlenia-led\/\"]}]},{\"@type\":\"ImageObject\",\"inLanguage\":\"pl-PL\",\"@id\":\"https:\/\/v2charge.com\/pl\/wsparcie\/trydan\/instrukcje-oswietlenia-led\/#primaryimage\",\"url\":\"https:\/\/v2charge.com\/wp-content\/uploads\/2024\/07\/v2c-electric-chargers.jpg\",\"contentUrl\":\"https:\/\/v2charge.com\/wp-content\/uploads\/2024\/07\/v2c-electric-chargers.jpg\",\"width\":1200,\"height\":675,\"caption\":\"V2C Electric Chargers\"},{\"@type\":\"BreadcrumbList\",\"@id\":\"https:\/\/v2charge.com\/pl\/wsparcie\/trydan\/instrukcje-oswietlenia-led\/#breadcrumb\",\"itemListElement\":[{\"@type\":\"ListItem\",\"position\":1,\"name\":\"V2C\",\"item\":\"https:\/\/v2charge.com\/pl\/\"},{\"@type\":\"ListItem\",\"position\":2,\"name\":\"Obszar Wsparcie\",\"item\":\"https:\/\/v2charge.com\/pl\/wsparcie\/\"},{\"@type\":\"ListItem\",\"position\":3,\"name\":\"Wsparcie Trydan\",\"item\":\"https:\/\/v2charge.com\/pl\/wsparcie\/trydan\/\"},{\"@type\":\"ListItem\",\"position\":4,\"name\":\"Wskazania kolor\u00f3w LED logo\"}]},{\"@type\":\"WebSite\",\"@id\":\"https:\/\/v2charge.com\/pl\/#website\",\"url\":\"https:\/\/v2charge.com\/pl\/\",\"name\":\"V2C\",\"description\":\"#CargandoElMa\u00f1ana\",\"publisher\":{\"@id\":\"https:\/\/v2charge.com\/pl\/#organization\"},\"potentialAction\":[{\"@type\":\"SearchAction\",\"target\":{\"@type\":\"EntryPoint\",\"urlTemplate\":\"https:\/\/v2charge.com\/pl\/?s={search_term_string}\"},\"query-input\":{\"@type\":\"PropertyValueSpecification\",\"valueRequired\":true,\"valueName\":\"search_term_string\"}}],\"inLanguage\":\"pl-PL\"},{\"@type\":\"Organization\",\"@id\":\"https:\/\/v2charge.com\/pl\/#organization\",\"name\":\"V2C\",\"url\":\"https:\/\/v2charge.com\/pl\/\",\"logo\":{\"@type\":\"ImageObject\",\"inLanguage\":\"pl-PL\",\"@id\":\"https:\/\/v2charge.com\/pl\/#\/schema\/logo\/image\/\",\"url\":\"https:\/\/v2charge.com\/wp-content\/uploads\/2024\/11\/cropped-v2c-charge-logo-menu.png\",\"contentUrl\":\"https:\/\/v2charge.com\/wp-content\/uploads\/2024\/11\/cropped-v2c-charge-logo-menu.png\",\"width\":984,\"height\":431,\"caption\":\"V2C\"},\"image\":{\"@id\":\"https:\/\/v2charge.com\/pl\/#\/schema\/logo\/image\/\"},\"sameAs\":[\"https:\/\/www.facebook.com\/V2C.Charge\",\"https:\/\/x.com\/V2C_Charge\",\"https:\/\/www.instagram.com\/v2c.charge\/\",\"https:\/\/www.youtube.com\/@V2C\",\"https:\/\/www.linkedin.com\/company\/v2c-chargers\/\"]}]}<\/script>\n<!-- \/ Yoast SEO plugin. -->","yoast_head_json":{"title":"Wskazania kolor\u00f3w LED logo | V2C","description":"Logo V2C z przodu e-\u0142adowarki \u015bwieci si\u0119 w zale\u017cno\u015bci od stanu \u0142adowania. Zapoznaj si\u0119 z r\u00f3\u017cnymi znaczeniami.","robots":{"index":"index","follow":"follow","max-snippet":"max-snippet:-1","max-image-preview":"max-image-preview:large","max-video-preview":"max-video-preview:-1"},"canonical":"https:\/\/v2charge.com\/pl\/wsparcie\/trydan\/instrukcje-oswietlenia-led\/","og_locale":"pl_PL","og_type":"article","og_title":"Wskazania kolor\u00f3w LED logo | V2C","og_description":"Logo V2C z przodu e-\u0142adowarki \u015bwieci si\u0119 w zale\u017cno\u015bci od stanu \u0142adowania. Zapoznaj si\u0119 z r\u00f3\u017cnymi znaczeniami.","og_url":"https:\/\/v2charge.com\/pl\/wsparcie\/trydan\/instrukcje-oswietlenia-led\/","og_site_name":"V2C","article_publisher":"https:\/\/www.facebook.com\/V2C.Charge","article_modified_time":"2025-05-15T11:26:04+00:00","og_image":[{"width":1200,"height":675,"url":"https:\/\/v2charge.com\/wp-content\/uploads\/2024\/07\/v2c-electric-chargers.jpg","type":"image\/jpeg"}],"twitter_card":"summary_large_image","twitter_site":"@V2C_Charge","twitter_misc":{"Szacowany czas czytania":"3 minuty"},"schema":{"@context":"https:\/\/schema.org","@graph":[{"@type":"WebPage","@id":"https:\/\/v2charge.com\/pl\/wsparcie\/trydan\/instrukcje-oswietlenia-led\/","url":"https:\/\/v2charge.com\/pl\/wsparcie\/trydan\/instrukcje-oswietlenia-led\/","name":"Wskazania kolor\u00f3w LED logo | V2C","isPartOf":{"@id":"https:\/\/v2charge.com\/pl\/#website"},"primaryImageOfPage":{"@id":"https:\/\/v2charge.com\/pl\/wsparcie\/trydan\/instrukcje-oswietlenia-led\/#primaryimage"},"image":{"@id":"https:\/\/v2charge.com\/pl\/wsparcie\/trydan\/instrukcje-oswietlenia-led\/#primaryimage"},"thumbnailUrl":"https:\/\/v2charge.com\/wp-content\/uploads\/2024\/07\/v2c-electric-chargers.jpg","datePublished":"2023-07-18T14:22:35+00:00","dateModified":"2025-05-15T11:26:04+00:00","description":"Logo V2C z przodu e-\u0142adowarki \u015bwieci si\u0119 w zale\u017cno\u015bci od stanu \u0142adowania. Zapoznaj si\u0119 z r\u00f3\u017cnymi znaczeniami.","breadcrumb":{"@id":"https:\/\/v2charge.com\/pl\/wsparcie\/trydan\/instrukcje-oswietlenia-led\/#breadcrumb"},"inLanguage":"pl-PL","potentialAction":[{"@type":"ReadAction","target":["https:\/\/v2charge.com\/pl\/wsparcie\/trydan\/instrukcje-oswietlenia-led\/"]}]},{"@type":"ImageObject","inLanguage":"pl-PL","@id":"https:\/\/v2charge.com\/pl\/wsparcie\/trydan\/instrukcje-oswietlenia-led\/#primaryimage","url":"https:\/\/v2charge.com\/wp-content\/uploads\/2024\/07\/v2c-electric-chargers.jpg","contentUrl":"https:\/\/v2charge.com\/wp-content\/uploads\/2024\/07\/v2c-electric-chargers.jpg","width":1200,"height":675,"caption":"V2C Electric Chargers"},{"@type":"BreadcrumbList","@id":"https:\/\/v2charge.com\/pl\/wsparcie\/trydan\/instrukcje-oswietlenia-led\/#breadcrumb","itemListElement":[{"@type":"ListItem","position":1,"name":"V2C","item":"https:\/\/v2charge.com\/pl\/"},{"@type":"ListItem","position":2,"name":"Obszar Wsparcie","item":"https:\/\/v2charge.com\/pl\/wsparcie\/"},{"@type":"ListItem","position":3,"name":"Wsparcie Trydan","item":"https:\/\/v2charge.com\/pl\/wsparcie\/trydan\/"},{"@type":"ListItem","position":4,"name":"Wskazania kolor\u00f3w LED logo"}]},{"@type":"WebSite","@id":"https:\/\/v2charge.com\/pl\/#website","url":"https:\/\/v2charge.com\/pl\/","name":"V2C","description":"#CargandoElMa\u00f1ana","publisher":{"@id":"https:\/\/v2charge.com\/pl\/#organization"},"potentialAction":[{"@type":"SearchAction","target":{"@type":"EntryPoint","urlTemplate":"https:\/\/v2charge.com\/pl\/?s={search_term_string}"},"query-input":{"@type":"PropertyValueSpecification","valueRequired":true,"valueName":"search_term_string"}}],"inLanguage":"pl-PL"},{"@type":"Organization","@id":"https:\/\/v2charge.com\/pl\/#organization","name":"V2C","url":"https:\/\/v2charge.com\/pl\/","logo":{"@type":"ImageObject","inLanguage":"pl-PL","@id":"https:\/\/v2charge.com\/pl\/#\/schema\/logo\/image\/","url":"https:\/\/v2charge.com\/wp-content\/uploads\/2024\/11\/cropped-v2c-charge-logo-menu.png","contentUrl":"https:\/\/v2charge.com\/wp-content\/uploads\/2024\/11\/cropped-v2c-charge-logo-menu.png","width":984,"height":431,"caption":"V2C"},"image":{"@id":"https:\/\/v2charge.com\/pl\/#\/schema\/logo\/image\/"},"sameAs":["https:\/\/www.facebook.com\/V2C.Charge","https:\/\/x.com\/V2C_Charge","https:\/\/www.instagram.com\/v2c.charge\/","https:\/\/www.youtube.com\/@V2C","https:\/\/www.linkedin.com\/company\/v2c-chargers\/"]}]}},"uagb_featured_image_src":{"full":["https:\/\/v2charge.com\/wp-content\/uploads\/2024\/07\/v2c-electric-chargers.jpg",1200,675,false],"thumbnail":["https:\/\/v2charge.com\/wp-content\/uploads\/2024\/07\/v2c-electric-chargers-150x150.jpg",150,150,true],"medium":["https:\/\/v2charge.com\/wp-content\/uploads\/2024\/07\/v2c-electric-chargers-300x169.jpg",300,169,true],"medium_large":["https:\/\/v2charge.com\/wp-content\/uploads\/2024\/07\/v2c-electric-chargers-768x432.jpg",768,432,true],"large":["https:\/\/v2charge.com\/wp-content\/uploads\/2024\/07\/v2c-electric-chargers-1024x576.jpg",1024,576,true],"gs-tiny":["https:\/\/v2charge.com\/wp-content\/uploads\/2024\/07\/v2c-electric-chargers.jpg",50,28,false],"xl":["https:\/\/v2charge.com\/wp-content\/uploads\/2024\/07\/v2c-electric-chargers.jpg",1200,675,false],"xxl":["https:\/\/v2charge.com\/wp-content\/uploads\/2024\/07\/v2c-electric-chargers.jpg",1200,675,false],"xxxl":["https:\/\/v2charge.com\/wp-content\/uploads\/2024\/07\/v2c-electric-chargers.jpg",1200,675,false],"xxxxl":["https:\/\/v2charge.com\/wp-content\/uploads\/2024\/07\/v2c-electric-chargers.jpg",1200,675,false],"xxxxxl":["https:\/\/v2charge.com\/wp-content\/uploads\/2024\/07\/v2c-electric-chargers.jpg",1200,675,false],"1536x1536":["https:\/\/v2charge.com\/wp-content\/uploads\/2024\/07\/v2c-electric-chargers.jpg",1200,675,false],"2048x2048":["https:\/\/v2charge.com\/wp-content\/uploads\/2024\/07\/v2c-electric-chargers.jpg",1200,675,false]},"uagb_author_info":{"display_name":"V2C","author_link":"https:\/\/v2charge.com\/pl\/author\/marketing\/"},"uagb_comment_info":0,"uagb_excerpt":"Wskazania kolor\u00f3w LED logo Logo V2C z przodu \u0142adowarki e-Charger \u015bwieci si\u0119 w zale\u017cno\u015bci od stanu \u0142adowania. Kolor pod\u015bwietlenia i jego znaczenie przedstawiono poni\u017cej: Bia\u0142y: pojazd nie jest pod\u0142\u0105czony. Miga na bia\u0142o: po\u0142\u0105czenie WiFi lub procedura ponownego po\u0142\u0105czenia jest aktywna. Innymi s\u0142owy, po\u0142\u0105czenie przez WiFi jest przetwarzane. Ciemnoniebieski z migaj\u0105cym \u015bwiat\u0142em:pojazd jest \u0142adowany. Szybko\u015b\u0107 migania&hellip;","_links":{"self":[{"href":"https:\/\/v2charge.com\/pl\/wp-json\/wp\/v2\/pages\/114899","targetHints":{"allow":["GET"]}}],"collection":[{"href":"https:\/\/v2charge.com\/pl\/wp-json\/wp\/v2\/pages"}],"about":[{"href":"https:\/\/v2charge.com\/pl\/wp-json\/wp\/v2\/types\/page"}],"author":[{"embeddable":true,"href":"https:\/\/v2charge.com\/pl\/wp-json\/wp\/v2\/users\/400"}],"replies":[{"embeddable":true,"href":"https:\/\/v2charge.com\/pl\/wp-json\/wp\/v2\/comments?post=114899"}],"version-history":[{"count":1,"href":"https:\/\/v2charge.com\/pl\/wp-json\/wp\/v2\/pages\/114899\/revisions"}],"predecessor-version":[{"id":222170,"href":"https:\/\/v2charge.com\/pl\/wp-json\/wp\/v2\/pages\/114899\/revisions\/222170"}],"up":[{"embeddable":true,"href":"https:\/\/v2charge.com\/pl\/wp-json\/wp\/v2\/pages\/108154"}],"wp:featuredmedia":[{"embeddable":true,"href":"https:\/\/v2charge.com\/pl\/wp-json\/wp\/v2\/media\/170352"}],"wp:attachment":[{"href":"https:\/\/v2charge.com\/pl\/wp-json\/wp\/v2\/media?parent=114899"}],"curies":[{"name":"wp","href":"https:\/\/api.w.org\/{rel}","templated":true}]}}