{"id":130932,"date":"2024-01-03T10:00:00","date_gmt":"2024-01-03T08:00:00","guid":{"rendered":"https:\/\/v2charge.com\/?page_id=130932"},"modified":"2025-05-16T10:34:33","modified_gmt":"2025-05-16T08:34:33","slug":"configuration-smartlock","status":"publish","type":"page","link":"https:\/\/v2charge.com\/pl\/wsparcie\/trydan\/configuration-smartlock\/","title":{"rendered":"V2C SmartLock"},"content":{"rendered":"\n<div class=\"wp-block-uagb-container uagb-block-9db42692 alignfull uagb-is-root-container\"><div class=\"uagb-container-inner-blocks-wrap\"><div class=\"yoast-breadcrumbs\"><span><span><a href=\"https:\/\/v2charge.com\/pl\/\">V2C<\/a><\/span> \u00bb <span><a href=\"https:\/\/v2charge.com\/pl\/wsparcie\/\">Obszar Wsparcie<\/a><\/span> \u00bb <span><a href=\"https:\/\/v2charge.com\/pl\/wsparcie\/trydan\/\">Wsparcie Trydan<\/a><\/span> \u00bb <span class=\"breadcrumb_last\" aria-current=\"page\">V2C SmartLock<\/span><\/span><\/div>\n\n\n<h1 class=\"wp-block-heading\">Czym jest V2C SmartLock?<\/h1>\n\n\n\n<p><strong>V2C SmartLock<\/strong> to nowa funkcja \u0142adowarki Trydan e-Charger, kt\u00f3ra umo\u017cliwia bezprzewodowe odblokowanie \u0142adowarki za pomoc\u0105 klucza elektronicznego, tj. urz\u0105dzenia wykorzystuj\u0105cego \u0142\u0105czno\u015b\u0107 <strong>BLE<\/strong> (Bluetooth Low Energy). Za pomoc\u0105 smartwatcha, opaski fitness, breloczka lub pojazdu elektrycznego, takiego jak Tesla Model 3, mo\u017cna odblokowa\u0107 \u0142adowark\u0119 bez konieczno\u015bci korzystania z aplikacji V2C Cloud, platformy internetowej V2C Cloud lub klawiatury e-Charger. Dla prawid\u0142owego dzia\u0142ania wa\u017cne jest, aby urz\u0105dzenie mia\u0142o statyczny adres MAC.<\/p>\n\n\n\n<p>Technologia V2C SmartLock \u0142adowarki e-Charger oszcz\u0119dza czas i u\u0142atwia \u0142adowanie samochodu elektrycznego. Wystarczy zbli\u017cy\u0107 klucz e-Key do \u0142adowarki, aby j\u0105 odblokowa\u0107.<\/p>\n\n\n\n<blockquote class=\"wp-block-quote is-layout-flow wp-block-quote-is-layout-flow\">\n<p style=\"font-size:16px\"><em>UWAGA: Przed po\u0142\u0105czeniem klucza e-Key nale\u017cy sprawdzi\u0107, czy wersja oprogramowania sprz\u0119towego \u0142adowarki to <strong>1.7.15<\/strong> lub nowsza. Mo\u017cna to sprawdzi\u0107 w sekcji Ustawienia urz\u0105dzenia &gt; Numer ID.<\/em><\/p>\n<\/blockquote>\n\n\n\n<h2 class=\"wp-block-heading\">Jak po\u0142\u0105czy\u0107 klucz e-Key z \u0142adowark\u0105 za po\u015brednictwem V2C SmartLock?<\/h2>\n\n\n\n<p>Aby sparowa\u0107 klucz e-Key z \u0142adowark\u0105, przejd\u017a do \u0142adowarki e-Charger i wykonaj nast\u0119puj\u0105ce kroki w aplikacji V2C Cloud. W przypadku pojazdu elektrycznego umie\u015b\u0107 pojazd w pobli\u017cu \u0142adowarki bez innych urz\u0105dze\u0144 Bluetooth, poniewa\u017c e-Charger doda najbli\u017csze urz\u0105dzenie.<\/p>\n\n\n\n<div class=\"wp-block-uagb-container uagb-block-a42587f1 alignfull uagb-is-root-container\"><div class=\"uagb-container-inner-blocks-wrap\">\n<div class=\"wp-block-uagb-image uagb-block-039355ce wp-block-uagb-image--layout-default wp-block-uagb-image--effect-static wp-block-uagb-image--align-none\"><figure class=\"wp-block-uagb-image__figure\"><img decoding=\"async\" srcset=\"https:\/\/v2charge.com\/wp-content\/uploads\/2023\/11\/e-charger-v2c.jpg ,https:\/\/v2charge.com\/wp-content\/uploads\/2023\/11\/e-charger-v2c.jpg 780w, https:\/\/v2charge.com\/wp-content\/uploads\/2023\/11\/e-charger-v2c.jpg 360w\" sizes=\"auto, (max-width: 480px) 150px\" src=\"https:\/\/v2charge.com\/wp-content\/uploads\/2023\/11\/e-charger-v2c.jpg\" alt=\"\" class=\"uag-image-126317\" width=\"400\" height=\"560\" title=\"\" loading=\"lazy\" role=\"img\"\/><figcaption class=\"uagb-image-caption\">1. Wejd\u017a do aplikacji i wybierz e-Charger.<\/figcaption><\/figure><\/div>\n\n\n\n<div class=\"wp-block-uagb-image uagb-block-49e1d3e1 wp-block-uagb-image--layout-default wp-block-uagb-image--effect-static wp-block-uagb-image--align-none\"><figure class=\"wp-block-uagb-image__figure\"><img decoding=\"async\" srcset=\"https:\/\/v2charge.com\/wp-content\/uploads\/2023\/11\/trydan-configuration.jpg ,https:\/\/v2charge.com\/wp-content\/uploads\/2023\/11\/trydan-configuration.jpg 780w, https:\/\/v2charge.com\/wp-content\/uploads\/2023\/11\/trydan-configuration.jpg 360w\" sizes=\"auto, (max-width: 480px) 150px\" src=\"https:\/\/v2charge.com\/wp-content\/uploads\/2023\/11\/trydan-configuration.jpg\" alt=\"\" class=\"uag-image-126373\" width=\"277\" height=\"473\" title=\"\" loading=\"lazy\" role=\"img\"\/><figcaption class=\"uagb-image-caption\">2. Kliknij przycisk konfiguracji .<\/figcaption><\/figure><\/div>\n\n\n\n<div class=\"wp-block-uagb-image uagb-block-435bc9cd wp-block-uagb-image--layout-default wp-block-uagb-image--effect-static wp-block-uagb-image--align-none\"><figure class=\"wp-block-uagb-image__figure\"><img decoding=\"async\" srcset=\"https:\/\/v2charge.com\/wp-content\/uploads\/2023\/11\/configuration-e-keys.jpg ,https:\/\/v2charge.com\/wp-content\/uploads\/2023\/11\/configuration-e-keys.jpg 780w, https:\/\/v2charge.com\/wp-content\/uploads\/2023\/11\/configuration-e-keys.jpg 360w\" sizes=\"auto, (max-width: 480px) 150px\" src=\"https:\/\/v2charge.com\/wp-content\/uploads\/2023\/11\/configuration-e-keys.jpg\" alt=\"\" class=\"uag-image-126326\" width=\"400\" height=\"560\" title=\"\" loading=\"lazy\" role=\"img\"\/><figcaption class=\"uagb-image-caption\">3. Przejd\u017a do sekcji &#8222;Klucze elektroniczne&#8221;.<\/figcaption><\/figure><\/div>\n\n\n\n<div class=\"wp-block-uagb-image uagb-block-ebc6a949 wp-block-uagb-image--layout-default wp-block-uagb-image--effect-static wp-block-uagb-image--align-none\"><figure class=\"wp-block-uagb-image__figure\"><img decoding=\"async\" srcset=\"https:\/\/v2charge.com\/wp-content\/uploads\/2023\/11\/activate-e-keys.jpg ,https:\/\/v2charge.com\/wp-content\/uploads\/2023\/11\/activate-e-keys.jpg 780w, https:\/\/v2charge.com\/wp-content\/uploads\/2023\/11\/activate-e-keys.jpg 360w\" sizes=\"auto, (max-width: 480px) 150px\" src=\"https:\/\/v2charge.com\/wp-content\/uploads\/2023\/11\/activate-e-keys.jpg\" alt=\"\" class=\"uag-image-126335\" width=\"400\" height=\"560\" title=\"\" loading=\"lazy\" role=\"img\"\/><figcaption class=\"uagb-image-caption\">4. Kliknij przycisk, aby aktywowa\u0107 e-Keys.<\/figcaption><\/figure><\/div>\n<\/div><\/div>\n\n\n\n<div class=\"wp-block-uagb-container uagb-block-c9ebf02a alignfull uagb-is-root-container\"><div class=\"uagb-container-inner-blocks-wrap\">\n<div class=\"wp-block-uagb-container uagb-block-28b75626\"><\/div>\n\n\n\n<div class=\"wp-block-uagb-image uagb-block-c58ef694 wp-block-uagb-image--layout-default wp-block-uagb-image--effect-static wp-block-uagb-image--align-none\"><figure class=\"wp-block-uagb-image__figure\"><img decoding=\"async\" srcset=\"https:\/\/v2charge.com\/wp-content\/uploads\/2023\/11\/add-e-key.jpg ,https:\/\/v2charge.com\/wp-content\/uploads\/2023\/11\/add-e-key.jpg 780w, https:\/\/v2charge.com\/wp-content\/uploads\/2023\/11\/add-e-key.jpg 360w\" sizes=\"auto, (max-width: 480px) 150px\" src=\"https:\/\/v2charge.com\/wp-content\/uploads\/2023\/11\/add-e-key.jpg\" alt=\"\" class=\"uag-image-126344\" width=\"400\" height=\"560\" title=\"\" loading=\"lazy\" role=\"img\"\/><figcaption class=\"uagb-image-caption\">5. Kliknij na Dodaj klucz elektroniczny.<\/figcaption><\/figure><\/div>\n\n\n\n<div class=\"wp-block-uagb-image uagb-block-465ed35a wp-block-uagb-image--layout-default wp-block-uagb-image--effect-static wp-block-uagb-image--align-none\"><figure class=\"wp-block-uagb-image__figure\"><img decoding=\"async\" srcset=\"https:\/\/v2charge.com\/wp-content\/uploads\/2023\/11\/add-name-e-key.jpg ,https:\/\/v2charge.com\/wp-content\/uploads\/2023\/11\/add-name-e-key.jpg 780w, https:\/\/v2charge.com\/wp-content\/uploads\/2023\/11\/add-name-e-key.jpg 360w\" sizes=\"auto, (max-width: 480px) 150px\" src=\"https:\/\/v2charge.com\/wp-content\/uploads\/2023\/11\/add-name-e-key.jpg\" alt=\"\" class=\"uag-image-126354\" width=\"400\" height=\"560\" title=\"\" loading=\"lazy\" role=\"img\"\/><figcaption class=\"uagb-image-caption\">6. Nazwij klucz e-Key i zbli\u017c go do \u0142adowarki.<\/figcaption><\/figure><\/div>\n\n\n\n<div class=\"wp-block-uagb-image uagb-block-85cafc2b wp-block-uagb-image--layout-default wp-block-uagb-image--effect-static wp-block-uagb-image--align-none\"><figure class=\"wp-block-uagb-image__figure\"><img decoding=\"async\" srcset=\"https:\/\/v2charge.com\/wp-content\/uploads\/2023\/11\/e-key-added.jpg ,https:\/\/v2charge.com\/wp-content\/uploads\/2023\/11\/e-key-added.jpg 780w, https:\/\/v2charge.com\/wp-content\/uploads\/2023\/11\/e-key-added.jpg 360w\" sizes=\"auto, (max-width: 480px) 150px\" src=\"https:\/\/v2charge.com\/wp-content\/uploads\/2023\/11\/e-key-added.jpg\" alt=\"\" class=\"uag-image-126363\" width=\"400\" height=\"560\" title=\"\" loading=\"lazy\" role=\"img\"\/><figcaption class=\"uagb-image-caption\">7. Dodano klucz elektroniczny. Nazw\u0119 mo\u017cna zmieni\u0107 lub usun\u0105\u0107.<\/figcaption><\/figure><\/div>\n\n\n\n<div class=\"wp-block-uagb-container uagb-block-3574ee0f\"><\/div>\n<\/div><\/div>\n\n\n\n<blockquote class=\"wp-block-quote is-layout-flow wp-block-quote-is-layout-flow\">\n<p style=\"font-size:16px\"><em>UWAGA: Zaleca si\u0119NOTE: Nale\u017cy pami\u0119ta\u0107, \u017ce je\u015bli przew\u00f3d jest pod\u0142\u0105czony do pojazdu, \u0142adowarka nie zablokuje si\u0119, nawet je\u015bli wykryje, \u017ce kluczyk e-Key si\u0119 oddala, aby \u0142adowanie mog\u0142o zosta\u0107 przeprowadzone prawid\u0142owo.<\/em><\/p>\n<\/blockquote>\n<\/div><\/div>\n\n\n\n<div class=\"wp-block-uagb-container uagb-block-c6f38013 alignfull uagb-is-root-container\"><div class=\"uagb-container-inner-blocks-wrap\">\n<div class=\"wp-block-uagb-advanced-heading uagb-block-6963d70c\"><h2 class=\"uagb-heading-text\"><strong>Potrzebujesz wsparcia technicznego?<\/strong><\/h2><\/div>\n\n\n\n<div class=\"wp-block-uagb-advanced-heading uagb-block-408243eb\"><p class=\"uagb-heading-text\">Wygeneruj zg\u0142oszenie w Centrum Wsparcia Technicznego, a my skontaktujemy si\u0119 z Tob\u0105 tak szybko, jak to mo\u017cliwe, aby zaproponowa\u0107 najlepsze rozwi\u0105zanie.<\/p><\/div>\n\n\n\n<div class=\"wp-block-uagb-buttons uagb-buttons__outer-wrap uagb-btn__default-btn uagb-btn-tablet__default-btn uagb-btn-mobile__default-btn uagb-block-ba1e67d1\"><div class=\"uagb-buttons__wrap uagb-buttons-layout-wrap \">\n<div class=\"wp-block-uagb-buttons-child uagb-buttons__outer-wrap uagb-block-23cfb623 wp-block-button\"><div class=\"uagb-button__wrapper\"><a class=\"uagb-buttons-repeater wp-block-button__link\" aria-label=\"\" href=\"https:\/\/v2charge.atlassian.net\/servicedesk\/customer\/portal\/3\" rel=\"follow noopener\" target=\"_self\" role=\"button\"><div class=\"uagb-button__link\">Skontaktuj si\u0119 z pomoc\u0105 techniczn\u0105<\/div><\/a><\/div><\/div>\n<\/div><\/div>\n<\/div><\/div>\n","protected":false},"excerpt":{"rendered":"<p>Czym jest V2C SmartLock? V2C SmartLock to nowa funkcja \u0142adowarki Trydan e-Charger, kt\u00f3ra umo\u017cliwia bezprzewodowe odblokowanie \u0142adowarki za pomoc\u0105 klucza elektronicznego, tj. urz\u0105dzenia wykorzystuj\u0105cego \u0142\u0105czno\u015b\u0107 BLE (Bluetooth Low Energy). Za pomoc\u0105 smartwatcha, opaski fitness, breloczka lub pojazdu elektrycznego, takiego jak Tesla Model 3, mo\u017cna odblokowa\u0107 \u0142adowark\u0119 bez konieczno\u015bci korzystania z aplikacji V2C Cloud, platformy internetowej &#8230; <a title=\"V2C SmartLock\" class=\"read-more\" href=\"https:\/\/v2charge.com\/pl\/wsparcie\/trydan\/configuration-smartlock\/\" aria-label=\"Read more about V2C SmartLock\">Dowiedz si\u0119 wi\u0119cej<\/a><\/p>\n","protected":false},"author":400,"featured_media":170352,"parent":108154,"menu_order":0,"comment_status":"closed","ping_status":"closed","template":"","meta":{"_eb_attr":"","content-type":"","_uag_custom_page_level_css":"","footnotes":""},"class_list":["post-130932","page","type-page","status-publish","has-post-thumbnail"],"yoast_head":"<!-- This site is optimized with the Yoast SEO plugin v25.3.1 - https:\/\/yoast.com\/wordpress\/plugins\/seo\/ -->\n<title>V2C SmartLock - Co to jest i jak dzia\u0142a? | V2C<\/title>\n<meta name=\"description\" content=\"Dowiedz si\u0119, jak po\u0142\u0105czy\u0107 klucz elektroniczny i odblokowa\u0107 Trydan zbli\u017ceniowo. Krok po kroku: Jak dzia\u0142a V2C SmartLock?\" \/>\n<meta name=\"robots\" content=\"index, follow, max-snippet:-1, max-image-preview:large, max-video-preview:-1\" \/>\n<link rel=\"canonical\" href=\"https:\/\/v2charge.com\/pl\/wsparcie\/trydan\/configuration-smartlock\/\" \/>\n<meta property=\"og:locale\" content=\"pl_PL\" \/>\n<meta property=\"og:type\" content=\"article\" \/>\n<meta property=\"og:title\" content=\"V2C SmartLock - Co to jest i jak dzia\u0142a? | V2C\" \/>\n<meta property=\"og:description\" content=\"Dowiedz si\u0119, jak po\u0142\u0105czy\u0107 klucz elektroniczny i odblokowa\u0107 Trydan zbli\u017ceniowo. Krok po kroku: Jak dzia\u0142a V2C SmartLock?\" \/>\n<meta property=\"og:url\" content=\"https:\/\/v2charge.com\/pl\/wsparcie\/trydan\/configuration-smartlock\/\" \/>\n<meta property=\"og:site_name\" content=\"V2C\" \/>\n<meta property=\"article:publisher\" content=\"https:\/\/www.facebook.com\/V2C.Charge\" \/>\n<meta property=\"article:modified_time\" content=\"2025-05-16T08:34:33+00:00\" \/>\n<meta property=\"og:image\" content=\"https:\/\/v2charge.com\/wp-content\/uploads\/2024\/07\/v2c-electric-chargers.jpg\" \/>\n\t<meta property=\"og:image:width\" content=\"1200\" \/>\n\t<meta property=\"og:image:height\" content=\"675\" \/>\n\t<meta property=\"og:image:type\" content=\"image\/jpeg\" \/>\n<meta name=\"twitter:card\" content=\"summary_large_image\" \/>\n<meta name=\"twitter:site\" content=\"@V2C_Charge\" \/>\n<meta name=\"twitter:label1\" content=\"Szacowany czas czytania\" \/>\n\t<meta name=\"twitter:data1\" content=\"3 minuty\" \/>\n<script type=\"application\/ld+json\" class=\"yoast-schema-graph\">{\"@context\":\"https:\/\/schema.org\",\"@graph\":[{\"@type\":\"WebPage\",\"@id\":\"https:\/\/v2charge.com\/pl\/wsparcie\/trydan\/configuration-smartlock\/\",\"url\":\"https:\/\/v2charge.com\/pl\/wsparcie\/trydan\/configuration-smartlock\/\",\"name\":\"V2C SmartLock - Co to jest i jak dzia\u0142a? | V2C\",\"isPartOf\":{\"@id\":\"https:\/\/v2charge.com\/pl\/#website\"},\"primaryImageOfPage\":{\"@id\":\"https:\/\/v2charge.com\/pl\/wsparcie\/trydan\/configuration-smartlock\/#primaryimage\"},\"image\":{\"@id\":\"https:\/\/v2charge.com\/pl\/wsparcie\/trydan\/configuration-smartlock\/#primaryimage\"},\"thumbnailUrl\":\"https:\/\/v2charge.com\/wp-content\/uploads\/2024\/07\/v2c-electric-chargers.jpg\",\"datePublished\":\"2024-01-03T08:00:00+00:00\",\"dateModified\":\"2025-05-16T08:34:33+00:00\",\"description\":\"Dowiedz si\u0119, jak po\u0142\u0105czy\u0107 klucz elektroniczny i odblokowa\u0107 Trydan zbli\u017ceniowo. Krok po kroku: Jak dzia\u0142a V2C SmartLock?\",\"breadcrumb\":{\"@id\":\"https:\/\/v2charge.com\/pl\/wsparcie\/trydan\/configuration-smartlock\/#breadcrumb\"},\"inLanguage\":\"pl-PL\",\"potentialAction\":[{\"@type\":\"ReadAction\",\"target\":[\"https:\/\/v2charge.com\/pl\/wsparcie\/trydan\/configuration-smartlock\/\"]}]},{\"@type\":\"ImageObject\",\"inLanguage\":\"pl-PL\",\"@id\":\"https:\/\/v2charge.com\/pl\/wsparcie\/trydan\/configuration-smartlock\/#primaryimage\",\"url\":\"https:\/\/v2charge.com\/wp-content\/uploads\/2024\/07\/v2c-electric-chargers.jpg\",\"contentUrl\":\"https:\/\/v2charge.com\/wp-content\/uploads\/2024\/07\/v2c-electric-chargers.jpg\",\"width\":1200,\"height\":675,\"caption\":\"V2C Electric Chargers\"},{\"@type\":\"BreadcrumbList\",\"@id\":\"https:\/\/v2charge.com\/pl\/wsparcie\/trydan\/configuration-smartlock\/#breadcrumb\",\"itemListElement\":[{\"@type\":\"ListItem\",\"position\":1,\"name\":\"V2C\",\"item\":\"https:\/\/v2charge.com\/pl\/\"},{\"@type\":\"ListItem\",\"position\":2,\"name\":\"Obszar Wsparcie\",\"item\":\"https:\/\/v2charge.com\/pl\/wsparcie\/\"},{\"@type\":\"ListItem\",\"position\":3,\"name\":\"Wsparcie Trydan\",\"item\":\"https:\/\/v2charge.com\/pl\/wsparcie\/trydan\/\"},{\"@type\":\"ListItem\",\"position\":4,\"name\":\"V2C SmartLock\"}]},{\"@type\":\"WebSite\",\"@id\":\"https:\/\/v2charge.com\/pl\/#website\",\"url\":\"https:\/\/v2charge.com\/pl\/\",\"name\":\"V2C\",\"description\":\"#CargandoElMa\u00f1ana\",\"publisher\":{\"@id\":\"https:\/\/v2charge.com\/pl\/#organization\"},\"potentialAction\":[{\"@type\":\"SearchAction\",\"target\":{\"@type\":\"EntryPoint\",\"urlTemplate\":\"https:\/\/v2charge.com\/pl\/?s={search_term_string}\"},\"query-input\":{\"@type\":\"PropertyValueSpecification\",\"valueRequired\":true,\"valueName\":\"search_term_string\"}}],\"inLanguage\":\"pl-PL\"},{\"@type\":\"Organization\",\"@id\":\"https:\/\/v2charge.com\/pl\/#organization\",\"name\":\"V2C\",\"url\":\"https:\/\/v2charge.com\/pl\/\",\"logo\":{\"@type\":\"ImageObject\",\"inLanguage\":\"pl-PL\",\"@id\":\"https:\/\/v2charge.com\/pl\/#\/schema\/logo\/image\/\",\"url\":\"https:\/\/v2charge.com\/wp-content\/uploads\/2024\/11\/cropped-v2c-charge-logo-menu.png\",\"contentUrl\":\"https:\/\/v2charge.com\/wp-content\/uploads\/2024\/11\/cropped-v2c-charge-logo-menu.png\",\"width\":984,\"height\":431,\"caption\":\"V2C\"},\"image\":{\"@id\":\"https:\/\/v2charge.com\/pl\/#\/schema\/logo\/image\/\"},\"sameAs\":[\"https:\/\/www.facebook.com\/V2C.Charge\",\"https:\/\/x.com\/V2C_Charge\",\"https:\/\/www.instagram.com\/v2c.charge\/\",\"https:\/\/www.youtube.com\/@V2C\",\"https:\/\/www.linkedin.com\/company\/v2c-chargers\/\"]}]}<\/script>\n<!-- \/ Yoast SEO plugin. -->","yoast_head_json":{"title":"V2C SmartLock - Co to jest i jak dzia\u0142a? | V2C","description":"Dowiedz si\u0119, jak po\u0142\u0105czy\u0107 klucz elektroniczny i odblokowa\u0107 Trydan zbli\u017ceniowo. Krok po kroku: Jak dzia\u0142a V2C SmartLock?","robots":{"index":"index","follow":"follow","max-snippet":"max-snippet:-1","max-image-preview":"max-image-preview:large","max-video-preview":"max-video-preview:-1"},"canonical":"https:\/\/v2charge.com\/pl\/wsparcie\/trydan\/configuration-smartlock\/","og_locale":"pl_PL","og_type":"article","og_title":"V2C SmartLock - Co to jest i jak dzia\u0142a? | V2C","og_description":"Dowiedz si\u0119, jak po\u0142\u0105czy\u0107 klucz elektroniczny i odblokowa\u0107 Trydan zbli\u017ceniowo. Krok po kroku: Jak dzia\u0142a V2C SmartLock?","og_url":"https:\/\/v2charge.com\/pl\/wsparcie\/trydan\/configuration-smartlock\/","og_site_name":"V2C","article_publisher":"https:\/\/www.facebook.com\/V2C.Charge","article_modified_time":"2025-05-16T08:34:33+00:00","og_image":[{"width":1200,"height":675,"url":"https:\/\/v2charge.com\/wp-content\/uploads\/2024\/07\/v2c-electric-chargers.jpg","type":"image\/jpeg"}],"twitter_card":"summary_large_image","twitter_site":"@V2C_Charge","twitter_misc":{"Szacowany czas czytania":"3 minuty"},"schema":{"@context":"https:\/\/schema.org","@graph":[{"@type":"WebPage","@id":"https:\/\/v2charge.com\/pl\/wsparcie\/trydan\/configuration-smartlock\/","url":"https:\/\/v2charge.com\/pl\/wsparcie\/trydan\/configuration-smartlock\/","name":"V2C SmartLock - Co to jest i jak dzia\u0142a? | V2C","isPartOf":{"@id":"https:\/\/v2charge.com\/pl\/#website"},"primaryImageOfPage":{"@id":"https:\/\/v2charge.com\/pl\/wsparcie\/trydan\/configuration-smartlock\/#primaryimage"},"image":{"@id":"https:\/\/v2charge.com\/pl\/wsparcie\/trydan\/configuration-smartlock\/#primaryimage"},"thumbnailUrl":"https:\/\/v2charge.com\/wp-content\/uploads\/2024\/07\/v2c-electric-chargers.jpg","datePublished":"2024-01-03T08:00:00+00:00","dateModified":"2025-05-16T08:34:33+00:00","description":"Dowiedz si\u0119, jak po\u0142\u0105czy\u0107 klucz elektroniczny i odblokowa\u0107 Trydan zbli\u017ceniowo. Krok po kroku: Jak dzia\u0142a V2C SmartLock?","breadcrumb":{"@id":"https:\/\/v2charge.com\/pl\/wsparcie\/trydan\/configuration-smartlock\/#breadcrumb"},"inLanguage":"pl-PL","potentialAction":[{"@type":"ReadAction","target":["https:\/\/v2charge.com\/pl\/wsparcie\/trydan\/configuration-smartlock\/"]}]},{"@type":"ImageObject","inLanguage":"pl-PL","@id":"https:\/\/v2charge.com\/pl\/wsparcie\/trydan\/configuration-smartlock\/#primaryimage","url":"https:\/\/v2charge.com\/wp-content\/uploads\/2024\/07\/v2c-electric-chargers.jpg","contentUrl":"https:\/\/v2charge.com\/wp-content\/uploads\/2024\/07\/v2c-electric-chargers.jpg","width":1200,"height":675,"caption":"V2C Electric Chargers"},{"@type":"BreadcrumbList","@id":"https:\/\/v2charge.com\/pl\/wsparcie\/trydan\/configuration-smartlock\/#breadcrumb","itemListElement":[{"@type":"ListItem","position":1,"name":"V2C","item":"https:\/\/v2charge.com\/pl\/"},{"@type":"ListItem","position":2,"name":"Obszar Wsparcie","item":"https:\/\/v2charge.com\/pl\/wsparcie\/"},{"@type":"ListItem","position":3,"name":"Wsparcie Trydan","item":"https:\/\/v2charge.com\/pl\/wsparcie\/trydan\/"},{"@type":"ListItem","position":4,"name":"V2C SmartLock"}]},{"@type":"WebSite","@id":"https:\/\/v2charge.com\/pl\/#website","url":"https:\/\/v2charge.com\/pl\/","name":"V2C","description":"#CargandoElMa\u00f1ana","publisher":{"@id":"https:\/\/v2charge.com\/pl\/#organization"},"potentialAction":[{"@type":"SearchAction","target":{"@type":"EntryPoint","urlTemplate":"https:\/\/v2charge.com\/pl\/?s={search_term_string}"},"query-input":{"@type":"PropertyValueSpecification","valueRequired":true,"valueName":"search_term_string"}}],"inLanguage":"pl-PL"},{"@type":"Organization","@id":"https:\/\/v2charge.com\/pl\/#organization","name":"V2C","url":"https:\/\/v2charge.com\/pl\/","logo":{"@type":"ImageObject","inLanguage":"pl-PL","@id":"https:\/\/v2charge.com\/pl\/#\/schema\/logo\/image\/","url":"https:\/\/v2charge.com\/wp-content\/uploads\/2024\/11\/cropped-v2c-charge-logo-menu.png","contentUrl":"https:\/\/v2charge.com\/wp-content\/uploads\/2024\/11\/cropped-v2c-charge-logo-menu.png","width":984,"height":431,"caption":"V2C"},"image":{"@id":"https:\/\/v2charge.com\/pl\/#\/schema\/logo\/image\/"},"sameAs":["https:\/\/www.facebook.com\/V2C.Charge","https:\/\/x.com\/V2C_Charge","https:\/\/www.instagram.com\/v2c.charge\/","https:\/\/www.youtube.com\/@V2C","https:\/\/www.linkedin.com\/company\/v2c-chargers\/"]}]}},"uagb_featured_image_src":{"full":["https:\/\/v2charge.com\/wp-content\/uploads\/2024\/07\/v2c-electric-chargers.jpg",1200,675,false],"thumbnail":["https:\/\/v2charge.com\/wp-content\/uploads\/2024\/07\/v2c-electric-chargers-150x150.jpg",150,150,true],"medium":["https:\/\/v2charge.com\/wp-content\/uploads\/2024\/07\/v2c-electric-chargers-300x169.jpg",300,169,true],"medium_large":["https:\/\/v2charge.com\/wp-content\/uploads\/2024\/07\/v2c-electric-chargers-768x432.jpg",768,432,true],"large":["https:\/\/v2charge.com\/wp-content\/uploads\/2024\/07\/v2c-electric-chargers-1024x576.jpg",1024,576,true],"gs-tiny":["https:\/\/v2charge.com\/wp-content\/uploads\/2024\/07\/v2c-electric-chargers.jpg",50,28,false],"xl":["https:\/\/v2charge.com\/wp-content\/uploads\/2024\/07\/v2c-electric-chargers.jpg",1200,675,false],"xxl":["https:\/\/v2charge.com\/wp-content\/uploads\/2024\/07\/v2c-electric-chargers.jpg",1200,675,false],"xxxl":["https:\/\/v2charge.com\/wp-content\/uploads\/2024\/07\/v2c-electric-chargers.jpg",1200,675,false],"xxxxl":["https:\/\/v2charge.com\/wp-content\/uploads\/2024\/07\/v2c-electric-chargers.jpg",1200,675,false],"xxxxxl":["https:\/\/v2charge.com\/wp-content\/uploads\/2024\/07\/v2c-electric-chargers.jpg",1200,675,false],"1536x1536":["https:\/\/v2charge.com\/wp-content\/uploads\/2024\/07\/v2c-electric-chargers.jpg",1200,675,false],"2048x2048":["https:\/\/v2charge.com\/wp-content\/uploads\/2024\/07\/v2c-electric-chargers.jpg",1200,675,false]},"uagb_author_info":{"display_name":"V2C","author_link":"https:\/\/v2charge.com\/pl\/author\/marketing\/"},"uagb_comment_info":0,"uagb_excerpt":"Czym jest V2C SmartLock? V2C SmartLock to nowa funkcja \u0142adowarki Trydan e-Charger, kt\u00f3ra umo\u017cliwia bezprzewodowe odblokowanie \u0142adowarki za pomoc\u0105 klucza elektronicznego, tj. urz\u0105dzenia wykorzystuj\u0105cego \u0142\u0105czno\u015b\u0107 BLE (Bluetooth Low Energy). Za pomoc\u0105 smartwatcha, opaski fitness, breloczka lub pojazdu elektrycznego, takiego jak Tesla Model 3, mo\u017cna odblokowa\u0107 \u0142adowark\u0119 bez konieczno\u015bci korzystania z aplikacji V2C Cloud, platformy internetowej&hellip;","_links":{"self":[{"href":"https:\/\/v2charge.com\/pl\/wp-json\/wp\/v2\/pages\/130932","targetHints":{"allow":["GET"]}}],"collection":[{"href":"https:\/\/v2charge.com\/pl\/wp-json\/wp\/v2\/pages"}],"about":[{"href":"https:\/\/v2charge.com\/pl\/wp-json\/wp\/v2\/types\/page"}],"author":[{"embeddable":true,"href":"https:\/\/v2charge.com\/pl\/wp-json\/wp\/v2\/users\/400"}],"replies":[{"embeddable":true,"href":"https:\/\/v2charge.com\/pl\/wp-json\/wp\/v2\/comments?post=130932"}],"version-history":[{"count":2,"href":"https:\/\/v2charge.com\/pl\/wp-json\/wp\/v2\/pages\/130932\/revisions"}],"predecessor-version":[{"id":222497,"href":"https:\/\/v2charge.com\/pl\/wp-json\/wp\/v2\/pages\/130932\/revisions\/222497"}],"up":[{"embeddable":true,"href":"https:\/\/v2charge.com\/pl\/wp-json\/wp\/v2\/pages\/108154"}],"wp:featuredmedia":[{"embeddable":true,"href":"https:\/\/v2charge.com\/pl\/wp-json\/wp\/v2\/media\/170352"}],"wp:attachment":[{"href":"https:\/\/v2charge.com\/pl\/wp-json\/wp\/v2\/media?parent=130932"}],"curies":[{"name":"wp","href":"https:\/\/api.w.org\/{rel}","templated":true}]}}