{"id":161846,"date":"2024-06-24T14:09:11","date_gmt":"2024-06-24T12:09:11","guid":{"rendered":"https:\/\/v2charge.com\/wsparcie\/trydan\/impedancia-infinita\/"},"modified":"2024-10-25T11:36:19","modified_gmt":"2024-10-25T09:36:19","slug":"nieskonczona-impedancja","status":"publish","type":"page","link":"https:\/\/v2charge.com\/pl\/wsparcie\/trydan\/nieskonczona-impedancja\/","title":{"rendered":"Niesko\u0144czona impedancja"},"content":{"rendered":"\n<div class=\"wp-block-uagb-container uagb-block-2b438ecc alignfull uagb-is-root-container\"><div class=\"uagb-container-inner-blocks-wrap\">\n<div style=\"height:20px\" aria-hidden=\"true\" class=\"wp-block-spacer\"><\/div>\n\n\n<div class=\"yoast-breadcrumbs\"><span><span><a href=\"https:\/\/v2charge.com\/pl\/\">V2C<\/a><\/span> \u00bb <span><a href=\"https:\/\/v2charge.com\/pl\/wsparcie\/\">Obszar Wsparcie<\/a><\/span> \u00bb <span><a href=\"https:\/\/v2charge.com\/pl\/wsparcie\/trydan\/\">Wsparcie Trydan<\/a><\/span> \u00bb <span class=\"breadcrumb_last\" aria-current=\"page\">Niesko\u0144czona impedancja<\/span><\/span><\/div>\n\n\n<div style=\"height:0px\" aria-hidden=\"true\" class=\"wp-block-spacer\"><\/div>\n\n\n\n<h1 class=\"wp-block-heading\" style=\"font-size:29px\">Niesko\u0144czona impedancja<\/h1>\n\n\n\n<p>e-Charger Trydan w wersji z wbudowanymi zabezpieczeniami ma niesko\u0144czon\u0105 impedancj\u0119 (lub zerow\u0105 impedancj\u0119), <strong>technologi\u0119 opracowan\u0105 przez V2C<\/strong>, kt\u00f3ra sprawia, \u017ce licznik nie wykrywa punktu \u0142adowania. Dlatego w przypadku awarii zasilania instalacj\u0119 mo\u017cna zresetowa\u0107, <strong>po prostu wy\u0142\u0105czaj\u0105c i ponownie w\u0142\u0105czaj\u0105c g\u0142\u00f3wny wy\u0142\u0105cznik w domu.<\/strong><\/p>\n\n\n\n<p><strong>Niesko\u0144czona impedancja dzia\u0142a pod nast\u0119puj\u0105cymi warunkami:<\/strong><\/p>\n\n\n\n<ul class=\"wp-block-list\">\n<li>Licznik musi by\u0107 uwzgl\u0119dniony na li\u015bcie licznik\u00f3w kompatybilnych z nasz\u0105 niesko\u0144czon\u0105 impedancj\u0105.<\/li>\n\n\n\n<li>\u0141adowarka musi by\u0107 jednofazowa i posiada\u0107 blok ochronny dostarczony przez fabryk\u0119, w szczeg\u00f3lno\u015bci marki CHINT lub TOSCANO.<\/li>\n\n\n\n<li>Nie nale\u017cy dokonywa\u0107 \u017cadnych wewn\u0119trznych modyfikacji w \u0142adowarce, takich jak instalacja dodatkowego gniazda, gniazda Schuko lub innego rodzaju gniazda.<\/li>\n\n\n\n<li>Linia zasilaj\u0105ca \u0142adowarki nie mo\u017ce mie\u0107 \u017cadnych odga\u0142\u0119zie\u0144 ani po\u0142\u0105cze\u0144.<\/li>\n\n\n\n<li>Komponent \u2018COMP1\u2019 jest pod\u0142\u0105czony do z\u0142\u0105cza P2 zgodnie z obrazem.<\/li>\n\n\n\n<li>Numer 1 komponentu \u2018COMP1\u2019 musi odpowiada\u0107 numerowi 1 na z\u0142\u0105czu P2.<\/li>\n\n\n\n<li>Komponent \u2018POV-1\u2019 musi by\u0107 pod\u0142\u0105czony zgodnie z obrazem, tj. faza (F) musi by\u0107 pod\u0142\u0105czona do z\u0142\u0105cza 1, a neutralny (N) do z\u0142\u0105cza 2.<\/li>\n<\/ul>\n\n\n\n<div class=\"wp-block-uagb-container uagb-block-e8b823d8\">\n<div class=\"wp-block-uagb-container uagb-block-077528da alignfull uagb-is-root-container\"><div class=\"uagb-container-inner-blocks-wrap\">\n<div class=\"wp-block-uagb-container uagb-block-dda246f1\">\n<div class=\"wp-block-uagb-image uagb-block-2af6dd92 wp-block-uagb-image--layout-default wp-block-uagb-image--effect-static wp-block-uagb-image--align-none\"><figure class=\"wp-block-uagb-image__figure\"><img decoding=\"async\" srcset=\"https:\/\/v2charge.com\/wp-content\/uploads\/2024\/06\/impedancia-infinita.jpg ,https:\/\/v2charge.com\/wp-content\/uploads\/2024\/06\/impedancia-infinita.jpg 780w, https:\/\/v2charge.com\/wp-content\/uploads\/2024\/06\/impedancia-infinita.jpg 360w\" sizes=\"auto, (max-width: 480px) 150px\" src=\"https:\/\/v2charge.com\/wp-content\/uploads\/2024\/06\/impedancia-infinita.jpg\" alt=\"\" class=\"uag-image-161775\" width=\"724\" height=\"686\" title=\"impedancia-infinita\" loading=\"lazy\" role=\"img\"\/><\/figure><\/div>\n<\/div>\n\n\n\n<div class=\"wp-block-uagb-container uagb-block-3c1b7031\">\n<div class=\"wp-block-uagb-info-box uagb-block-518cd380 uagb-infobox__content-wrap  uagb-infobox-icon-left uagb-infobox-left uagb-infobox-stacked-tablet uagb-infobox-image-valign-top\"><div class=\"uagb-ifb-image-content\"><img decoding=\"async\" src=\"https:\/\/v2charge.com\/wp-content\/uploads\/2023\/11\/numero-uno.png\" alt=\"\" width=\"25\" height=\"25\" loading=\"lazy\"\/><\/div><div class=\"uagb-ifb-content\"><div class=\"uagb-ifb-title-wrap\"><\/div><p class=\"uagb-ifb-desc\">Licznik<\/p><\/div><\/div>\n\n\n\n<div class=\"wp-block-uagb-info-box uagb-block-d38bd8b9 uagb-infobox__content-wrap  uagb-infobox-icon-left uagb-infobox-left uagb-infobox-stacked-tablet uagb-infobox-image-valign-top\"><div class=\"uagb-ifb-image-content\"><img decoding=\"async\" src=\"https:\/\/v2charge.com\/wp-content\/uploads\/2023\/11\/numero-dos.png\" alt=\"\" width=\"25\" height=\"25\" loading=\"lazy\"\/><\/div><div class=\"uagb-ifb-content\"><div class=\"uagb-ifb-title-wrap\"><\/div><p class=\"uagb-ifb-desc\">P2<\/p><\/div><\/div>\n\n\n\n<div class=\"wp-block-uagb-info-box uagb-block-e81d4244 uagb-infobox__content-wrap  uagb-infobox-icon-left uagb-infobox-left uagb-infobox-stacked-tablet uagb-infobox-image-valign-top\"><div class=\"uagb-ifb-image-content\"><img decoding=\"async\" src=\"https:\/\/v2charge.com\/wp-content\/uploads\/2023\/11\/numero-tres.png\" alt=\"\" width=\"25\" height=\"25\" loading=\"lazy\"\/><\/div><div class=\"uagb-ifb-content\"><div class=\"uagb-ifb-title-wrap\"><\/div><p class=\"uagb-ifb-desc\">COMP1<\/p><\/div><\/div>\n<\/div>\n<\/div><\/div>\n<\/div>\n\n\n\n<div style=\"height:40px\" aria-hidden=\"true\" class=\"wp-block-spacer\"><\/div>\n<\/div><\/div>\n","protected":false},"excerpt":{"rendered":"<p>Niesko\u0144czona impedancja e-Charger Trydan w wersji z wbudowanymi zabezpieczeniami ma niesko\u0144czon\u0105 impedancj\u0119 (lub zerow\u0105 impedancj\u0119), technologi\u0119 opracowan\u0105 przez V2C, kt\u00f3ra sprawia, \u017ce licznik nie wykrywa punktu \u0142adowania. Dlatego w przypadku awarii zasilania instalacj\u0119 mo\u017cna zresetowa\u0107, po prostu wy\u0142\u0105czaj\u0105c i ponownie w\u0142\u0105czaj\u0105c g\u0142\u00f3wny wy\u0142\u0105cznik w domu. Niesko\u0144czona impedancja dzia\u0142a pod nast\u0119puj\u0105cymi warunkami:<\/p>\n","protected":false},"author":400,"featured_media":170352,"parent":108154,"menu_order":0,"comment_status":"closed","ping_status":"closed","template":"","meta":{"_eb_attr":"","content-type":"","_uag_custom_page_level_css":"","footnotes":""},"class_list":["post-161846","page","type-page","status-publish","has-post-thumbnail"],"yoast_head":"<!-- This site is optimized with the Yoast SEO plugin v25.3.1 - https:\/\/yoast.com\/wordpress\/plugins\/seo\/ -->\n<title>Niesko\u0144czona impedancja - V2C<\/title>\n<meta name=\"description\" content=\"Niesko\u0144czona impedancja umo\u017cliwia resetowanie instalacji poprzez opuszczanie i podnoszenie og\u00f3lnego automatycznego wy\u0142\u0105cznika obwodu w domu.\" \/>\n<meta name=\"robots\" content=\"index, follow, max-snippet:-1, max-image-preview:large, max-video-preview:-1\" \/>\n<link rel=\"canonical\" href=\"https:\/\/v2charge.com\/pl\/wsparcie\/trydan\/nieskonczona-impedancja\/\" \/>\n<meta property=\"og:locale\" content=\"pl_PL\" \/>\n<meta property=\"og:type\" content=\"article\" \/>\n<meta property=\"og:title\" content=\"Niesko\u0144czona impedancja - V2C\" \/>\n<meta property=\"og:description\" content=\"Niesko\u0144czona impedancja umo\u017cliwia resetowanie instalacji poprzez opuszczanie i podnoszenie og\u00f3lnego automatycznego wy\u0142\u0105cznika obwodu w domu.\" \/>\n<meta property=\"og:url\" content=\"https:\/\/v2charge.com\/pl\/wsparcie\/trydan\/nieskonczona-impedancja\/\" \/>\n<meta property=\"og:site_name\" content=\"V2C\" \/>\n<meta property=\"article:publisher\" content=\"https:\/\/www.facebook.com\/V2C.Charge\" \/>\n<meta property=\"article:modified_time\" content=\"2024-10-25T09:36:19+00:00\" \/>\n<meta property=\"og:image\" content=\"https:\/\/v2charge.com\/wp-content\/uploads\/2024\/07\/v2c-electric-chargers.jpg\" \/>\n\t<meta property=\"og:image:width\" content=\"1200\" \/>\n\t<meta property=\"og:image:height\" content=\"675\" \/>\n\t<meta property=\"og:image:type\" content=\"image\/jpeg\" \/>\n<meta name=\"twitter:card\" content=\"summary_large_image\" \/>\n<meta name=\"twitter:site\" content=\"@V2C_Charge\" \/>\n<meta name=\"twitter:label1\" content=\"Szacowany czas czytania\" \/>\n\t<meta name=\"twitter:data1\" content=\"2 minuty\" \/>\n<script type=\"application\/ld+json\" class=\"yoast-schema-graph\">{\"@context\":\"https:\/\/schema.org\",\"@graph\":[{\"@type\":\"WebPage\",\"@id\":\"https:\/\/v2charge.com\/pl\/wsparcie\/trydan\/nieskonczona-impedancja\/\",\"url\":\"https:\/\/v2charge.com\/pl\/wsparcie\/trydan\/nieskonczona-impedancja\/\",\"name\":\"Niesko\u0144czona impedancja - V2C\",\"isPartOf\":{\"@id\":\"https:\/\/v2charge.com\/pl\/#website\"},\"primaryImageOfPage\":{\"@id\":\"https:\/\/v2charge.com\/pl\/wsparcie\/trydan\/nieskonczona-impedancja\/#primaryimage\"},\"image\":{\"@id\":\"https:\/\/v2charge.com\/pl\/wsparcie\/trydan\/nieskonczona-impedancja\/#primaryimage\"},\"thumbnailUrl\":\"https:\/\/v2charge.com\/wp-content\/uploads\/2024\/07\/v2c-electric-chargers.jpg\",\"datePublished\":\"2024-06-24T12:09:11+00:00\",\"dateModified\":\"2024-10-25T09:36:19+00:00\",\"description\":\"Niesko\u0144czona impedancja umo\u017cliwia resetowanie instalacji poprzez opuszczanie i podnoszenie og\u00f3lnego automatycznego wy\u0142\u0105cznika obwodu w domu.\",\"breadcrumb\":{\"@id\":\"https:\/\/v2charge.com\/pl\/wsparcie\/trydan\/nieskonczona-impedancja\/#breadcrumb\"},\"inLanguage\":\"pl-PL\",\"potentialAction\":[{\"@type\":\"ReadAction\",\"target\":[\"https:\/\/v2charge.com\/pl\/wsparcie\/trydan\/nieskonczona-impedancja\/\"]}]},{\"@type\":\"ImageObject\",\"inLanguage\":\"pl-PL\",\"@id\":\"https:\/\/v2charge.com\/pl\/wsparcie\/trydan\/nieskonczona-impedancja\/#primaryimage\",\"url\":\"https:\/\/v2charge.com\/wp-content\/uploads\/2024\/07\/v2c-electric-chargers.jpg\",\"contentUrl\":\"https:\/\/v2charge.com\/wp-content\/uploads\/2024\/07\/v2c-electric-chargers.jpg\",\"width\":1200,\"height\":675,\"caption\":\"V2C Electric Chargers\"},{\"@type\":\"BreadcrumbList\",\"@id\":\"https:\/\/v2charge.com\/pl\/wsparcie\/trydan\/nieskonczona-impedancja\/#breadcrumb\",\"itemListElement\":[{\"@type\":\"ListItem\",\"position\":1,\"name\":\"V2C\",\"item\":\"https:\/\/v2charge.com\/pl\/\"},{\"@type\":\"ListItem\",\"position\":2,\"name\":\"Obszar Wsparcie\",\"item\":\"https:\/\/v2charge.com\/pl\/wsparcie\/\"},{\"@type\":\"ListItem\",\"position\":3,\"name\":\"Wsparcie Trydan\",\"item\":\"https:\/\/v2charge.com\/pl\/wsparcie\/trydan\/\"},{\"@type\":\"ListItem\",\"position\":4,\"name\":\"Niesko\u0144czona impedancja\"}]},{\"@type\":\"WebSite\",\"@id\":\"https:\/\/v2charge.com\/pl\/#website\",\"url\":\"https:\/\/v2charge.com\/pl\/\",\"name\":\"V2C\",\"description\":\"#CargandoElMa\u00f1ana\",\"publisher\":{\"@id\":\"https:\/\/v2charge.com\/pl\/#organization\"},\"potentialAction\":[{\"@type\":\"SearchAction\",\"target\":{\"@type\":\"EntryPoint\",\"urlTemplate\":\"https:\/\/v2charge.com\/pl\/?s={search_term_string}\"},\"query-input\":{\"@type\":\"PropertyValueSpecification\",\"valueRequired\":true,\"valueName\":\"search_term_string\"}}],\"inLanguage\":\"pl-PL\"},{\"@type\":\"Organization\",\"@id\":\"https:\/\/v2charge.com\/pl\/#organization\",\"name\":\"V2C\",\"url\":\"https:\/\/v2charge.com\/pl\/\",\"logo\":{\"@type\":\"ImageObject\",\"inLanguage\":\"pl-PL\",\"@id\":\"https:\/\/v2charge.com\/pl\/#\/schema\/logo\/image\/\",\"url\":\"https:\/\/v2charge.com\/wp-content\/uploads\/2024\/11\/cropped-v2c-charge-logo-menu.png\",\"contentUrl\":\"https:\/\/v2charge.com\/wp-content\/uploads\/2024\/11\/cropped-v2c-charge-logo-menu.png\",\"width\":984,\"height\":431,\"caption\":\"V2C\"},\"image\":{\"@id\":\"https:\/\/v2charge.com\/pl\/#\/schema\/logo\/image\/\"},\"sameAs\":[\"https:\/\/www.facebook.com\/V2C.Charge\",\"https:\/\/x.com\/V2C_Charge\",\"https:\/\/www.instagram.com\/v2c.charge\/\",\"https:\/\/www.youtube.com\/@V2C\",\"https:\/\/www.linkedin.com\/company\/v2c-chargers\/\"]}]}<\/script>\n<!-- \/ Yoast SEO plugin. -->","yoast_head_json":{"title":"Niesko\u0144czona impedancja - V2C","description":"Niesko\u0144czona impedancja umo\u017cliwia resetowanie instalacji poprzez opuszczanie i podnoszenie og\u00f3lnego automatycznego wy\u0142\u0105cznika obwodu w domu.","robots":{"index":"index","follow":"follow","max-snippet":"max-snippet:-1","max-image-preview":"max-image-preview:large","max-video-preview":"max-video-preview:-1"},"canonical":"https:\/\/v2charge.com\/pl\/wsparcie\/trydan\/nieskonczona-impedancja\/","og_locale":"pl_PL","og_type":"article","og_title":"Niesko\u0144czona impedancja - V2C","og_description":"Niesko\u0144czona impedancja umo\u017cliwia resetowanie instalacji poprzez opuszczanie i podnoszenie og\u00f3lnego automatycznego wy\u0142\u0105cznika obwodu w domu.","og_url":"https:\/\/v2charge.com\/pl\/wsparcie\/trydan\/nieskonczona-impedancja\/","og_site_name":"V2C","article_publisher":"https:\/\/www.facebook.com\/V2C.Charge","article_modified_time":"2024-10-25T09:36:19+00:00","og_image":[{"width":1200,"height":675,"url":"https:\/\/v2charge.com\/wp-content\/uploads\/2024\/07\/v2c-electric-chargers.jpg","type":"image\/jpeg"}],"twitter_card":"summary_large_image","twitter_site":"@V2C_Charge","twitter_misc":{"Szacowany czas czytania":"2 minuty"},"schema":{"@context":"https:\/\/schema.org","@graph":[{"@type":"WebPage","@id":"https:\/\/v2charge.com\/pl\/wsparcie\/trydan\/nieskonczona-impedancja\/","url":"https:\/\/v2charge.com\/pl\/wsparcie\/trydan\/nieskonczona-impedancja\/","name":"Niesko\u0144czona impedancja - V2C","isPartOf":{"@id":"https:\/\/v2charge.com\/pl\/#website"},"primaryImageOfPage":{"@id":"https:\/\/v2charge.com\/pl\/wsparcie\/trydan\/nieskonczona-impedancja\/#primaryimage"},"image":{"@id":"https:\/\/v2charge.com\/pl\/wsparcie\/trydan\/nieskonczona-impedancja\/#primaryimage"},"thumbnailUrl":"https:\/\/v2charge.com\/wp-content\/uploads\/2024\/07\/v2c-electric-chargers.jpg","datePublished":"2024-06-24T12:09:11+00:00","dateModified":"2024-10-25T09:36:19+00:00","description":"Niesko\u0144czona impedancja umo\u017cliwia resetowanie instalacji poprzez opuszczanie i podnoszenie og\u00f3lnego automatycznego wy\u0142\u0105cznika obwodu w domu.","breadcrumb":{"@id":"https:\/\/v2charge.com\/pl\/wsparcie\/trydan\/nieskonczona-impedancja\/#breadcrumb"},"inLanguage":"pl-PL","potentialAction":[{"@type":"ReadAction","target":["https:\/\/v2charge.com\/pl\/wsparcie\/trydan\/nieskonczona-impedancja\/"]}]},{"@type":"ImageObject","inLanguage":"pl-PL","@id":"https:\/\/v2charge.com\/pl\/wsparcie\/trydan\/nieskonczona-impedancja\/#primaryimage","url":"https:\/\/v2charge.com\/wp-content\/uploads\/2024\/07\/v2c-electric-chargers.jpg","contentUrl":"https:\/\/v2charge.com\/wp-content\/uploads\/2024\/07\/v2c-electric-chargers.jpg","width":1200,"height":675,"caption":"V2C Electric Chargers"},{"@type":"BreadcrumbList","@id":"https:\/\/v2charge.com\/pl\/wsparcie\/trydan\/nieskonczona-impedancja\/#breadcrumb","itemListElement":[{"@type":"ListItem","position":1,"name":"V2C","item":"https:\/\/v2charge.com\/pl\/"},{"@type":"ListItem","position":2,"name":"Obszar Wsparcie","item":"https:\/\/v2charge.com\/pl\/wsparcie\/"},{"@type":"ListItem","position":3,"name":"Wsparcie Trydan","item":"https:\/\/v2charge.com\/pl\/wsparcie\/trydan\/"},{"@type":"ListItem","position":4,"name":"Niesko\u0144czona impedancja"}]},{"@type":"WebSite","@id":"https:\/\/v2charge.com\/pl\/#website","url":"https:\/\/v2charge.com\/pl\/","name":"V2C","description":"#CargandoElMa\u00f1ana","publisher":{"@id":"https:\/\/v2charge.com\/pl\/#organization"},"potentialAction":[{"@type":"SearchAction","target":{"@type":"EntryPoint","urlTemplate":"https:\/\/v2charge.com\/pl\/?s={search_term_string}"},"query-input":{"@type":"PropertyValueSpecification","valueRequired":true,"valueName":"search_term_string"}}],"inLanguage":"pl-PL"},{"@type":"Organization","@id":"https:\/\/v2charge.com\/pl\/#organization","name":"V2C","url":"https:\/\/v2charge.com\/pl\/","logo":{"@type":"ImageObject","inLanguage":"pl-PL","@id":"https:\/\/v2charge.com\/pl\/#\/schema\/logo\/image\/","url":"https:\/\/v2charge.com\/wp-content\/uploads\/2024\/11\/cropped-v2c-charge-logo-menu.png","contentUrl":"https:\/\/v2charge.com\/wp-content\/uploads\/2024\/11\/cropped-v2c-charge-logo-menu.png","width":984,"height":431,"caption":"V2C"},"image":{"@id":"https:\/\/v2charge.com\/pl\/#\/schema\/logo\/image\/"},"sameAs":["https:\/\/www.facebook.com\/V2C.Charge","https:\/\/x.com\/V2C_Charge","https:\/\/www.instagram.com\/v2c.charge\/","https:\/\/www.youtube.com\/@V2C","https:\/\/www.linkedin.com\/company\/v2c-chargers\/"]}]}},"uagb_featured_image_src":{"full":["https:\/\/v2charge.com\/wp-content\/uploads\/2024\/07\/v2c-electric-chargers.jpg",1200,675,false],"thumbnail":["https:\/\/v2charge.com\/wp-content\/uploads\/2024\/07\/v2c-electric-chargers-150x150.jpg",150,150,true],"medium":["https:\/\/v2charge.com\/wp-content\/uploads\/2024\/07\/v2c-electric-chargers-300x169.jpg",300,169,true],"medium_large":["https:\/\/v2charge.com\/wp-content\/uploads\/2024\/07\/v2c-electric-chargers-768x432.jpg",768,432,true],"large":["https:\/\/v2charge.com\/wp-content\/uploads\/2024\/07\/v2c-electric-chargers-1024x576.jpg",1024,576,true],"gs-tiny":["https:\/\/v2charge.com\/wp-content\/uploads\/2024\/07\/v2c-electric-chargers.jpg",50,28,false],"xl":["https:\/\/v2charge.com\/wp-content\/uploads\/2024\/07\/v2c-electric-chargers.jpg",1200,675,false],"xxl":["https:\/\/v2charge.com\/wp-content\/uploads\/2024\/07\/v2c-electric-chargers.jpg",1200,675,false],"xxxl":["https:\/\/v2charge.com\/wp-content\/uploads\/2024\/07\/v2c-electric-chargers.jpg",1200,675,false],"xxxxl":["https:\/\/v2charge.com\/wp-content\/uploads\/2024\/07\/v2c-electric-chargers.jpg",1200,675,false],"xxxxxl":["https:\/\/v2charge.com\/wp-content\/uploads\/2024\/07\/v2c-electric-chargers.jpg",1200,675,false],"1536x1536":["https:\/\/v2charge.com\/wp-content\/uploads\/2024\/07\/v2c-electric-chargers.jpg",1200,675,false],"2048x2048":["https:\/\/v2charge.com\/wp-content\/uploads\/2024\/07\/v2c-electric-chargers.jpg",1200,675,false]},"uagb_author_info":{"display_name":"V2C","author_link":"https:\/\/v2charge.com\/pl\/author\/marketing\/"},"uagb_comment_info":0,"uagb_excerpt":"Niesko\u0144czona impedancja e-Charger Trydan w wersji z wbudowanymi zabezpieczeniami ma niesko\u0144czon\u0105 impedancj\u0119 (lub zerow\u0105 impedancj\u0119), technologi\u0119 opracowan\u0105 przez V2C, kt\u00f3ra sprawia, \u017ce licznik nie wykrywa punktu \u0142adowania. Dlatego w przypadku awarii zasilania instalacj\u0119 mo\u017cna zresetowa\u0107, po prostu wy\u0142\u0105czaj\u0105c i ponownie w\u0142\u0105czaj\u0105c g\u0142\u00f3wny wy\u0142\u0105cznik w domu. Niesko\u0144czona impedancja dzia\u0142a pod nast\u0119puj\u0105cymi warunkami:","_links":{"self":[{"href":"https:\/\/v2charge.com\/pl\/wp-json\/wp\/v2\/pages\/161846","targetHints":{"allow":["GET"]}}],"collection":[{"href":"https:\/\/v2charge.com\/pl\/wp-json\/wp\/v2\/pages"}],"about":[{"href":"https:\/\/v2charge.com\/pl\/wp-json\/wp\/v2\/types\/page"}],"author":[{"embeddable":true,"href":"https:\/\/v2charge.com\/pl\/wp-json\/wp\/v2\/users\/400"}],"replies":[{"embeddable":true,"href":"https:\/\/v2charge.com\/pl\/wp-json\/wp\/v2\/comments?post=161846"}],"version-history":[{"count":1,"href":"https:\/\/v2charge.com\/pl\/wp-json\/wp\/v2\/pages\/161846\/revisions"}],"predecessor-version":[{"id":185083,"href":"https:\/\/v2charge.com\/pl\/wp-json\/wp\/v2\/pages\/161846\/revisions\/185083"}],"up":[{"embeddable":true,"href":"https:\/\/v2charge.com\/pl\/wp-json\/wp\/v2\/pages\/108154"}],"wp:featuredmedia":[{"embeddable":true,"href":"https:\/\/v2charge.com\/pl\/wp-json\/wp\/v2\/media\/170352"}],"wp:attachment":[{"href":"https:\/\/v2charge.com\/pl\/wp-json\/wp\/v2\/media?parent=161846"}],"curies":[{"name":"wp","href":"https:\/\/api.w.org\/{rel}","templated":true}]}}