{"id":191776,"date":"2024-11-26T14:33:04","date_gmt":"2024-11-26T12:33:04","guid":{"rendered":"https:\/\/v2charge.com\/?page_id=191776"},"modified":"2024-11-27T11:40:28","modified_gmt":"2024-11-27T09:40:28","slug":"statyczny","status":"publish","type":"page","link":"https:\/\/v2charge.com\/pl\/wsparcie\/kontrola-mocy\/statyczny\/","title":{"rendered":"Kontrola statyczna mocy"},"content":{"rendered":"\n<div class=\"wp-block-uagb-container uagb-block-9d828d1c alignfull uagb-is-root-container\"><div class=\"uagb-container-inner-blocks-wrap\"><div class=\"yoast-breadcrumbs\"><span><span><a href=\"https:\/\/v2charge.com\/pl\/\">V2C<\/a><\/span> \u00bb <span><a href=\"https:\/\/v2charge.com\/pl\/wsparcie\/\">Obszar Wsparcie<\/a><\/span> \u00bb <span><a href=\"https:\/\/v2charge.com\/pl\/wsparcie\/kontrola-mocy\/\">Kontrola Mocy<\/a><\/span> \u00bb <span class=\"breadcrumb_last\" aria-current=\"page\">Statyczny<\/span><\/span><\/div>\n\n\n<div class=\"wp-block-uagb-advanced-heading uagb-block-be8360a4\"><h1 class=\"uagb-heading-text\">Kontrola statyczna mocy<\/h1><\/div>\n\n\n\n<p>Kontrola statyczna mocy to zaawansowana funkcjonalno\u015b\u0107 V2C, kt\u00f3ra <strong>efektywnie rozdziela energi\u0119 mi\u0119dzy r\u00f3\u017cne gniazda tego samego e-Chargers lub mi\u0119dzy kilka e-Charger<\/strong>s, zapobiegaj\u0105c przeci\u0105\u017ceniom i zapewniaj\u0105c zr\u00f3wnowa\u017cone wykorzystanie wykupionej mocy.<br><br>Dzi\u0119ki automatycznemu balansowaniu energii mi\u0119dzy \u0142adowarkami system zapewnia <strong>optymaln\u0105 i bezpieczn\u0105 wydajno\u015b\u0107<\/strong>, maksymalizuj\u0105c efektywno\u015b\u0107 energetyczn\u0105.<br><br>Ten typ kontroli <strong>nie wchodzi w interakcj\u0119 z domem lub firm\u0105, ani z systemami fotowoltaicznymi<\/strong>. Aby zintegrowa\u0107 zarz\u0105dzanie energi\u0105 z instalacj\u0105 og\u00f3ln\u0105 lub fotowoltaiczn\u0105, nale\u017cy skonsultowa\u0107 si\u0119 z <a href=\"https:\/\/v2charge.com\/es\/soporte\/control-potencia\/dinamico\/\">dynamiczn\u0105 kontrol\u0105 mocy<\/a>.<\/p>\n<\/div><\/div>\n\n\n\n<div class=\"wp-block-uagb-container uagb-block-9b644119 alignfull uagb-is-root-container\"><div class=\"uagb-container-inner-blocks-wrap\">\n<div class=\"wp-block-uagb-advanced-heading uagb-block-bead9183\"><p class=\"uagb-heading-text\">Wybierz rodzaj kontroli statycznej mocy<\/p><\/div>\n\n\n\n<div class=\"wp-block-uagb-container uag-hide-mob uagb-block-e5a60c2b alignwide uagb-is-root-container\">\n<div class=\"wp-block-uagb-container uagb-block-d79fe4cc\">\n<div class=\"wp-block-uagb-image aligncenter uagb-block-e15e89e5 wp-block-uagb-image--layout-default wp-block-uagb-image--effect-static wp-block-uagb-image--align-center\"><figure class=\"wp-block-uagb-image__figure\"><a class=\"\" href=\"https:\/\/v2charge.com\/pl\/wsparcie\/kontrola-mocy\/statyczny\/rownowazenie-gniazdek\/\" target=\"\" rel=\"noopener\"><img decoding=\"async\" srcset=\"https:\/\/v2charge.com\/wp-content\/uploads\/2024\/08\/cdp-balanceo-tomas.png ,https:\/\/v2charge.com\/wp-content\/uploads\/2024\/08\/cdp-balanceo-tomas.png 780w, https:\/\/v2charge.com\/wp-content\/uploads\/2024\/08\/cdp-balanceo-tomas.png 360w\" sizes=\"auto, (max-width: 480px) 150px\" src=\"https:\/\/v2charge.com\/wp-content\/uploads\/2024\/08\/cdp-balanceo-tomas.png\" alt=\"\" class=\"uag-image-172797\" width=\"300\" height=\"300\" title=\"cdp-balanceo-tomas\" loading=\"lazy\" role=\"img\"\/><\/a><\/figure><\/div>\n\n\n\n<div class=\"wp-block-uagb-advanced-heading uagb-block-3c368daa\"><p class=\"uagb-heading-text\"><a href=\"https:\/\/v2charge.com\/pl\/wsparcie\/kontrola-mocy\/statyczny\/rownowazenie-gniazdek\/\">Balansowanie mi\u0119dzy gniazdami<\/a><\/p><\/div>\n<\/div>\n\n\n\n<div class=\"wp-block-uagb-container uagb-block-39ec5039\">\n<div class=\"wp-block-uagb-image aligncenter uagb-block-d0c3b9cc wp-block-uagb-image--layout-default wp-block-uagb-image--effect-static wp-block-uagb-image--align-center\"><figure class=\"wp-block-uagb-image__figure\"><a class=\"\" href=\"https:\/\/v2charge.com\/pl\/wsparcie\/kontrola-mocy\/statyczny\/rownowazenie-echargers\/\" target=\"\" rel=\"noopener\"><img decoding=\"async\" srcset=\"https:\/\/v2charge.com\/wp-content\/uploads\/2024\/08\/cdp-balanceo-echargers.png ,https:\/\/v2charge.com\/wp-content\/uploads\/2024\/08\/cdp-balanceo-echargers.png 780w, https:\/\/v2charge.com\/wp-content\/uploads\/2024\/08\/cdp-balanceo-echargers.png 360w\" sizes=\"auto, (max-width: 480px) 150px\" src=\"https:\/\/v2charge.com\/wp-content\/uploads\/2024\/08\/cdp-balanceo-echargers.png\" alt=\"\" class=\"uag-image-172808\" width=\"300\" height=\"300\" title=\"cdp-balanceo-echargers\" loading=\"lazy\" role=\"img\"\/><\/a><\/figure><\/div>\n\n\n\n<div class=\"wp-block-uagb-advanced-heading uagb-block-afda75d0\"><p class=\"uagb-heading-text\"><a href=\"https:\/\/v2charge.com\/pl\/wsparcie\/kontrola-mocy\/statyczny\/rownowazenie-echargers\/\">Balansowanie mi\u0119dzy e-Charger<\/a>s<\/p><\/div>\n<\/div>\n<\/div>\n<\/div><\/div>\n\n\n\n<div style=\"height:20px\" aria-hidden=\"true\" class=\"wp-block-spacer uag-hide-desktop uag-hide-tab uag-hide-mob\"><\/div>\n\n\n\n<div class=\"wp-block-uagb-container uagb-block-e3a1df79 alignfull uagb-is-root-container\"><div class=\"uagb-container-inner-blocks-wrap\">\n<div class=\"wp-block-uagb-advanced-heading uagb-block-00a24305\"><h2 class=\"uagb-heading-text\"><strong>Potrzebujesz wsparcia technicznego?<\/strong><\/h2><\/div>\n\n\n\n<div class=\"wp-block-uagb-advanced-heading uagb-block-6ed6efe4\"><p class=\"uagb-heading-text\">Wygeneruj zg\u0142oszenie w Centrum Wsparcia Technicznego, a my skontaktujemy si\u0119 z Tob\u0105 tak szybko, jak to mo\u017cliwe, aby zaoferowa\u0107 Ci najlepsze rozwi\u0105zanie.<\/p><\/div>\n\n\n\n<div class=\"wp-block-uagb-buttons uagb-buttons__outer-wrap uagb-btn__default-btn uagb-btn-tablet__default-btn uagb-btn-mobile__default-btn uagb-block-34fe267e\"><div class=\"uagb-buttons__wrap uagb-buttons-layout-wrap \">\n<div class=\"wp-block-uagb-buttons-child uagb-buttons__outer-wrap uagb-block-9988fd74 wp-block-button\"><div class=\"uagb-button__wrapper\"><a class=\"uagb-buttons-repeater wp-block-button__link\" aria-label=\"\" href=\"https:\/\/v2charge.atlassian.net\/servicedesk\/customer\/portal\/3\" rel=\"follow noopener\" target=\"_self\"><div class=\"uagb-button__link\">Kontakt z pomoc\u0105 techniczn\u0105<\/div><\/a><\/div><\/div>\n<\/div><\/div>\n<\/div><\/div>\n","protected":false},"excerpt":{"rendered":"<p>Kontrola statyczna mocy Kontrola statyczna mocy to zaawansowana funkcjonalno\u015b\u0107 V2C, kt\u00f3ra efektywnie rozdziela energi\u0119 mi\u0119dzy r\u00f3\u017cne gniazda tego samego e-Chargers lub mi\u0119dzy kilka e-Chargers, zapobiegaj\u0105c przeci\u0105\u017ceniom i zapewniaj\u0105c zr\u00f3wnowa\u017cone wykorzystanie wykupionej mocy. Dzi\u0119ki automatycznemu balansowaniu energii mi\u0119dzy \u0142adowarkami system zapewnia optymaln\u0105 i bezpieczn\u0105 wydajno\u015b\u0107, maksymalizuj\u0105c efektywno\u015b\u0107 energetyczn\u0105. Ten typ kontroli nie wchodzi w interakcj\u0119 z &#8230; <a title=\"Kontrola statyczna mocy\" class=\"read-more\" href=\"https:\/\/v2charge.com\/pl\/wsparcie\/kontrola-mocy\/statyczny\/\" aria-label=\"Read more about Kontrola statyczna mocy\">Dowiedz si\u0119 wi\u0119cej<\/a><\/p>\n","protected":false},"author":400,"featured_media":170352,"parent":191763,"menu_order":0,"comment_status":"closed","ping_status":"closed","template":"","meta":{"_eb_attr":"","content-type":"","_uag_custom_page_level_css":"","footnotes":""},"class_list":["post-191776","page","type-page","status-publish","has-post-thumbnail"],"yoast_head":"<!-- This site is optimized with the Yoast SEO plugin v25.3.1 - https:\/\/yoast.com\/wordpress\/plugins\/seo\/ -->\n<title>Kontrola statyczna mocy - Obszar wsparcia V2C<\/title>\n<meta name=\"description\" content=\"Kontrola statyczna mocy - Wybierz mi\u0119dzy r\u00f3wnowa\u017ceniem mi\u0119dzy gniazdami e-Charger a r\u00f3wnowa\u017ceniem mi\u0119dzy e-Chargeri | V2C\" \/>\n<meta name=\"robots\" content=\"index, follow, max-snippet:-1, max-image-preview:large, max-video-preview:-1\" \/>\n<link rel=\"canonical\" href=\"https:\/\/v2charge.com\/pl\/wsparcie\/kontrola-mocy\/statyczny\/\" \/>\n<meta property=\"og:locale\" content=\"pl_PL\" \/>\n<meta property=\"og:type\" content=\"article\" \/>\n<meta property=\"og:title\" content=\"Kontrola statyczna mocy - Obszar wsparcia V2C\" \/>\n<meta property=\"og:description\" content=\"Kontrola statyczna mocy - Wybierz mi\u0119dzy r\u00f3wnowa\u017ceniem mi\u0119dzy gniazdami e-Charger a r\u00f3wnowa\u017ceniem mi\u0119dzy e-Chargeri | V2C\" \/>\n<meta property=\"og:url\" content=\"https:\/\/v2charge.com\/pl\/wsparcie\/kontrola-mocy\/statyczny\/\" \/>\n<meta property=\"og:site_name\" content=\"V2C\" \/>\n<meta property=\"article:publisher\" content=\"https:\/\/www.facebook.com\/V2C.Charge\" \/>\n<meta property=\"article:modified_time\" content=\"2024-11-27T09:40:28+00:00\" \/>\n<meta property=\"og:image\" content=\"https:\/\/v2charge.com\/wp-content\/uploads\/2024\/07\/v2c-electric-chargers.jpg\" \/>\n\t<meta property=\"og:image:width\" content=\"1200\" \/>\n\t<meta property=\"og:image:height\" content=\"675\" \/>\n\t<meta property=\"og:image:type\" content=\"image\/jpeg\" \/>\n<meta name=\"twitter:card\" content=\"summary_large_image\" \/>\n<meta name=\"twitter:site\" content=\"@V2C_Charge\" \/>\n<meta name=\"twitter:label1\" content=\"Szacowany czas czytania\" \/>\n\t<meta name=\"twitter:data1\" content=\"2 minuty\" \/>\n<script type=\"application\/ld+json\" class=\"yoast-schema-graph\">{\"@context\":\"https:\/\/schema.org\",\"@graph\":[{\"@type\":\"WebPage\",\"@id\":\"https:\/\/v2charge.com\/pl\/wsparcie\/kontrola-mocy\/statyczny\/\",\"url\":\"https:\/\/v2charge.com\/pl\/wsparcie\/kontrola-mocy\/statyczny\/\",\"name\":\"Kontrola statyczna mocy - Obszar wsparcia V2C\",\"isPartOf\":{\"@id\":\"https:\/\/v2charge.com\/pl\/#website\"},\"primaryImageOfPage\":{\"@id\":\"https:\/\/v2charge.com\/pl\/wsparcie\/kontrola-mocy\/statyczny\/#primaryimage\"},\"image\":{\"@id\":\"https:\/\/v2charge.com\/pl\/wsparcie\/kontrola-mocy\/statyczny\/#primaryimage\"},\"thumbnailUrl\":\"https:\/\/v2charge.com\/wp-content\/uploads\/2024\/07\/v2c-electric-chargers.jpg\",\"datePublished\":\"2024-11-26T12:33:04+00:00\",\"dateModified\":\"2024-11-27T09:40:28+00:00\",\"description\":\"Kontrola statyczna mocy - Wybierz mi\u0119dzy r\u00f3wnowa\u017ceniem mi\u0119dzy gniazdami e-Charger a r\u00f3wnowa\u017ceniem mi\u0119dzy e-Chargeri | V2C\",\"breadcrumb\":{\"@id\":\"https:\/\/v2charge.com\/pl\/wsparcie\/kontrola-mocy\/statyczny\/#breadcrumb\"},\"inLanguage\":\"pl-PL\",\"potentialAction\":[{\"@type\":\"ReadAction\",\"target\":[\"https:\/\/v2charge.com\/pl\/wsparcie\/kontrola-mocy\/statyczny\/\"]}]},{\"@type\":\"ImageObject\",\"inLanguage\":\"pl-PL\",\"@id\":\"https:\/\/v2charge.com\/pl\/wsparcie\/kontrola-mocy\/statyczny\/#primaryimage\",\"url\":\"https:\/\/v2charge.com\/wp-content\/uploads\/2024\/07\/v2c-electric-chargers.jpg\",\"contentUrl\":\"https:\/\/v2charge.com\/wp-content\/uploads\/2024\/07\/v2c-electric-chargers.jpg\",\"width\":1200,\"height\":675,\"caption\":\"V2C Electric Chargers\"},{\"@type\":\"BreadcrumbList\",\"@id\":\"https:\/\/v2charge.com\/pl\/wsparcie\/kontrola-mocy\/statyczny\/#breadcrumb\",\"itemListElement\":[{\"@type\":\"ListItem\",\"position\":1,\"name\":\"V2C\",\"item\":\"https:\/\/v2charge.com\/pl\/\"},{\"@type\":\"ListItem\",\"position\":2,\"name\":\"Obszar Wsparcie\",\"item\":\"https:\/\/v2charge.com\/pl\/wsparcie\/\"},{\"@type\":\"ListItem\",\"position\":3,\"name\":\"Kontrola Mocy\",\"item\":\"https:\/\/v2charge.com\/pl\/wsparcie\/kontrola-mocy\/\"},{\"@type\":\"ListItem\",\"position\":4,\"name\":\"Statyczny\"}]},{\"@type\":\"WebSite\",\"@id\":\"https:\/\/v2charge.com\/pl\/#website\",\"url\":\"https:\/\/v2charge.com\/pl\/\",\"name\":\"V2C\",\"description\":\"#CargandoElMa\u00f1ana\",\"publisher\":{\"@id\":\"https:\/\/v2charge.com\/pl\/#organization\"},\"potentialAction\":[{\"@type\":\"SearchAction\",\"target\":{\"@type\":\"EntryPoint\",\"urlTemplate\":\"https:\/\/v2charge.com\/pl\/?s={search_term_string}\"},\"query-input\":{\"@type\":\"PropertyValueSpecification\",\"valueRequired\":true,\"valueName\":\"search_term_string\"}}],\"inLanguage\":\"pl-PL\"},{\"@type\":\"Organization\",\"@id\":\"https:\/\/v2charge.com\/pl\/#organization\",\"name\":\"V2C\",\"url\":\"https:\/\/v2charge.com\/pl\/\",\"logo\":{\"@type\":\"ImageObject\",\"inLanguage\":\"pl-PL\",\"@id\":\"https:\/\/v2charge.com\/pl\/#\/schema\/logo\/image\/\",\"url\":\"https:\/\/v2charge.com\/wp-content\/uploads\/2024\/11\/cropped-v2c-charge-logo-menu.png\",\"contentUrl\":\"https:\/\/v2charge.com\/wp-content\/uploads\/2024\/11\/cropped-v2c-charge-logo-menu.png\",\"width\":984,\"height\":431,\"caption\":\"V2C\"},\"image\":{\"@id\":\"https:\/\/v2charge.com\/pl\/#\/schema\/logo\/image\/\"},\"sameAs\":[\"https:\/\/www.facebook.com\/V2C.Charge\",\"https:\/\/x.com\/V2C_Charge\",\"https:\/\/www.instagram.com\/v2c.charge\/\",\"https:\/\/www.youtube.com\/@V2C\",\"https:\/\/www.linkedin.com\/company\/v2c-chargers\/\"]}]}<\/script>\n<!-- \/ Yoast SEO plugin. -->","yoast_head_json":{"title":"Kontrola statyczna mocy - Obszar wsparcia V2C","description":"Kontrola statyczna mocy - Wybierz mi\u0119dzy r\u00f3wnowa\u017ceniem mi\u0119dzy gniazdami e-Charger a r\u00f3wnowa\u017ceniem mi\u0119dzy e-Chargeri | V2C","robots":{"index":"index","follow":"follow","max-snippet":"max-snippet:-1","max-image-preview":"max-image-preview:large","max-video-preview":"max-video-preview:-1"},"canonical":"https:\/\/v2charge.com\/pl\/wsparcie\/kontrola-mocy\/statyczny\/","og_locale":"pl_PL","og_type":"article","og_title":"Kontrola statyczna mocy - Obszar wsparcia V2C","og_description":"Kontrola statyczna mocy - Wybierz mi\u0119dzy r\u00f3wnowa\u017ceniem mi\u0119dzy gniazdami e-Charger a r\u00f3wnowa\u017ceniem mi\u0119dzy e-Chargeri | V2C","og_url":"https:\/\/v2charge.com\/pl\/wsparcie\/kontrola-mocy\/statyczny\/","og_site_name":"V2C","article_publisher":"https:\/\/www.facebook.com\/V2C.Charge","article_modified_time":"2024-11-27T09:40:28+00:00","og_image":[{"width":1200,"height":675,"url":"https:\/\/v2charge.com\/wp-content\/uploads\/2024\/07\/v2c-electric-chargers.jpg","type":"image\/jpeg"}],"twitter_card":"summary_large_image","twitter_site":"@V2C_Charge","twitter_misc":{"Szacowany czas czytania":"2 minuty"},"schema":{"@context":"https:\/\/schema.org","@graph":[{"@type":"WebPage","@id":"https:\/\/v2charge.com\/pl\/wsparcie\/kontrola-mocy\/statyczny\/","url":"https:\/\/v2charge.com\/pl\/wsparcie\/kontrola-mocy\/statyczny\/","name":"Kontrola statyczna mocy - Obszar wsparcia V2C","isPartOf":{"@id":"https:\/\/v2charge.com\/pl\/#website"},"primaryImageOfPage":{"@id":"https:\/\/v2charge.com\/pl\/wsparcie\/kontrola-mocy\/statyczny\/#primaryimage"},"image":{"@id":"https:\/\/v2charge.com\/pl\/wsparcie\/kontrola-mocy\/statyczny\/#primaryimage"},"thumbnailUrl":"https:\/\/v2charge.com\/wp-content\/uploads\/2024\/07\/v2c-electric-chargers.jpg","datePublished":"2024-11-26T12:33:04+00:00","dateModified":"2024-11-27T09:40:28+00:00","description":"Kontrola statyczna mocy - Wybierz mi\u0119dzy r\u00f3wnowa\u017ceniem mi\u0119dzy gniazdami e-Charger a r\u00f3wnowa\u017ceniem mi\u0119dzy e-Chargeri | V2C","breadcrumb":{"@id":"https:\/\/v2charge.com\/pl\/wsparcie\/kontrola-mocy\/statyczny\/#breadcrumb"},"inLanguage":"pl-PL","potentialAction":[{"@type":"ReadAction","target":["https:\/\/v2charge.com\/pl\/wsparcie\/kontrola-mocy\/statyczny\/"]}]},{"@type":"ImageObject","inLanguage":"pl-PL","@id":"https:\/\/v2charge.com\/pl\/wsparcie\/kontrola-mocy\/statyczny\/#primaryimage","url":"https:\/\/v2charge.com\/wp-content\/uploads\/2024\/07\/v2c-electric-chargers.jpg","contentUrl":"https:\/\/v2charge.com\/wp-content\/uploads\/2024\/07\/v2c-electric-chargers.jpg","width":1200,"height":675,"caption":"V2C Electric Chargers"},{"@type":"BreadcrumbList","@id":"https:\/\/v2charge.com\/pl\/wsparcie\/kontrola-mocy\/statyczny\/#breadcrumb","itemListElement":[{"@type":"ListItem","position":1,"name":"V2C","item":"https:\/\/v2charge.com\/pl\/"},{"@type":"ListItem","position":2,"name":"Obszar Wsparcie","item":"https:\/\/v2charge.com\/pl\/wsparcie\/"},{"@type":"ListItem","position":3,"name":"Kontrola Mocy","item":"https:\/\/v2charge.com\/pl\/wsparcie\/kontrola-mocy\/"},{"@type":"ListItem","position":4,"name":"Statyczny"}]},{"@type":"WebSite","@id":"https:\/\/v2charge.com\/pl\/#website","url":"https:\/\/v2charge.com\/pl\/","name":"V2C","description":"#CargandoElMa\u00f1ana","publisher":{"@id":"https:\/\/v2charge.com\/pl\/#organization"},"potentialAction":[{"@type":"SearchAction","target":{"@type":"EntryPoint","urlTemplate":"https:\/\/v2charge.com\/pl\/?s={search_term_string}"},"query-input":{"@type":"PropertyValueSpecification","valueRequired":true,"valueName":"search_term_string"}}],"inLanguage":"pl-PL"},{"@type":"Organization","@id":"https:\/\/v2charge.com\/pl\/#organization","name":"V2C","url":"https:\/\/v2charge.com\/pl\/","logo":{"@type":"ImageObject","inLanguage":"pl-PL","@id":"https:\/\/v2charge.com\/pl\/#\/schema\/logo\/image\/","url":"https:\/\/v2charge.com\/wp-content\/uploads\/2024\/11\/cropped-v2c-charge-logo-menu.png","contentUrl":"https:\/\/v2charge.com\/wp-content\/uploads\/2024\/11\/cropped-v2c-charge-logo-menu.png","width":984,"height":431,"caption":"V2C"},"image":{"@id":"https:\/\/v2charge.com\/pl\/#\/schema\/logo\/image\/"},"sameAs":["https:\/\/www.facebook.com\/V2C.Charge","https:\/\/x.com\/V2C_Charge","https:\/\/www.instagram.com\/v2c.charge\/","https:\/\/www.youtube.com\/@V2C","https:\/\/www.linkedin.com\/company\/v2c-chargers\/"]}]}},"uagb_featured_image_src":{"full":["https:\/\/v2charge.com\/wp-content\/uploads\/2024\/07\/v2c-electric-chargers.jpg",1200,675,false],"thumbnail":["https:\/\/v2charge.com\/wp-content\/uploads\/2024\/07\/v2c-electric-chargers-150x150.jpg",150,150,true],"medium":["https:\/\/v2charge.com\/wp-content\/uploads\/2024\/07\/v2c-electric-chargers-300x169.jpg",300,169,true],"medium_large":["https:\/\/v2charge.com\/wp-content\/uploads\/2024\/07\/v2c-electric-chargers-768x432.jpg",768,432,true],"large":["https:\/\/v2charge.com\/wp-content\/uploads\/2024\/07\/v2c-electric-chargers-1024x576.jpg",1024,576,true],"gs-tiny":["https:\/\/v2charge.com\/wp-content\/uploads\/2024\/07\/v2c-electric-chargers.jpg",50,28,false],"xl":["https:\/\/v2charge.com\/wp-content\/uploads\/2024\/07\/v2c-electric-chargers.jpg",1200,675,false],"xxl":["https:\/\/v2charge.com\/wp-content\/uploads\/2024\/07\/v2c-electric-chargers.jpg",1200,675,false],"xxxl":["https:\/\/v2charge.com\/wp-content\/uploads\/2024\/07\/v2c-electric-chargers.jpg",1200,675,false],"xxxxl":["https:\/\/v2charge.com\/wp-content\/uploads\/2024\/07\/v2c-electric-chargers.jpg",1200,675,false],"xxxxxl":["https:\/\/v2charge.com\/wp-content\/uploads\/2024\/07\/v2c-electric-chargers.jpg",1200,675,false],"1536x1536":["https:\/\/v2charge.com\/wp-content\/uploads\/2024\/07\/v2c-electric-chargers.jpg",1200,675,false],"2048x2048":["https:\/\/v2charge.com\/wp-content\/uploads\/2024\/07\/v2c-electric-chargers.jpg",1200,675,false]},"uagb_author_info":{"display_name":"V2C","author_link":"https:\/\/v2charge.com\/pl\/author\/marketing\/"},"uagb_comment_info":0,"uagb_excerpt":"Kontrola statyczna mocy Kontrola statyczna mocy to zaawansowana funkcjonalno\u015b\u0107 V2C, kt\u00f3ra efektywnie rozdziela energi\u0119 mi\u0119dzy r\u00f3\u017cne gniazda tego samego e-Chargers lub mi\u0119dzy kilka e-Chargers, zapobiegaj\u0105c przeci\u0105\u017ceniom i zapewniaj\u0105c zr\u00f3wnowa\u017cone wykorzystanie wykupionej mocy. Dzi\u0119ki automatycznemu balansowaniu energii mi\u0119dzy \u0142adowarkami system zapewnia optymaln\u0105 i bezpieczn\u0105 wydajno\u015b\u0107, maksymalizuj\u0105c efektywno\u015b\u0107 energetyczn\u0105. Ten typ kontroli nie wchodzi w interakcj\u0119 z&hellip;","_links":{"self":[{"href":"https:\/\/v2charge.com\/pl\/wp-json\/wp\/v2\/pages\/191776","targetHints":{"allow":["GET"]}}],"collection":[{"href":"https:\/\/v2charge.com\/pl\/wp-json\/wp\/v2\/pages"}],"about":[{"href":"https:\/\/v2charge.com\/pl\/wp-json\/wp\/v2\/types\/page"}],"author":[{"embeddable":true,"href":"https:\/\/v2charge.com\/pl\/wp-json\/wp\/v2\/users\/400"}],"replies":[{"embeddable":true,"href":"https:\/\/v2charge.com\/pl\/wp-json\/wp\/v2\/comments?post=191776"}],"version-history":[{"count":4,"href":"https:\/\/v2charge.com\/pl\/wp-json\/wp\/v2\/pages\/191776\/revisions"}],"predecessor-version":[{"id":191782,"href":"https:\/\/v2charge.com\/pl\/wp-json\/wp\/v2\/pages\/191776\/revisions\/191782"}],"up":[{"embeddable":true,"href":"https:\/\/v2charge.com\/pl\/wp-json\/wp\/v2\/pages\/191763"}],"wp:featuredmedia":[{"embeddable":true,"href":"https:\/\/v2charge.com\/pl\/wp-json\/wp\/v2\/media\/170352"}],"wp:attachment":[{"href":"https:\/\/v2charge.com\/pl\/wp-json\/wp\/v2\/media?parent=191776"}],"curies":[{"name":"wp","href":"https:\/\/api.w.org\/{rel}","templated":true}]}}