{"id":201280,"date":"2025-01-16T13:08:35","date_gmt":"2025-01-16T11:08:35","guid":{"rendered":"https:\/\/v2charge.com\/wsparcie\/kontrola-mocy\/dynamiczna\/fotowoltaika\/inversor-sungrow\/"},"modified":"2025-07-21T11:12:37","modified_gmt":"2025-07-21T09:12:37","slug":"inwertera-sungrow","status":"publish","type":"page","link":"https:\/\/v2charge.com\/pl\/wsparcie\/kontrola-mocy\/dynamiczna\/fotowoltaika\/inwertera-sungrow\/","title":{"rendered":"Integracja inwertera Sungrow z Trydanem"},"content":{"rendered":"\n<div class=\"wp-block-uagb-container uagb-block-917b89c6 alignfull uagb-is-root-container\"><div class=\"uagb-container-inner-blocks-wrap\"><div class=\"yoast-breadcrumbs\"><span><span><a href=\"https:\/\/v2charge.com\/pl\/\">V2C<\/a><\/span> \u00bb <span><a href=\"https:\/\/v2charge.com\/pl\/wsparcie\/\">Obszar Wsparcie<\/a><\/span> \u00bb <span><a href=\"https:\/\/v2charge.com\/pl\/wsparcie\/kontrola-mocy\/\">Kontrola Mocy<\/a><\/span> \u00bb <span><a href=\"https:\/\/v2charge.com\/pl\/wsparcie\/kontrola-mocy\/dynamiczna\/\">Dynamiczna<\/a><\/span> \u00bb <span><a href=\"https:\/\/v2charge.com\/pl\/wsparcie\/kontrola-mocy\/dynamiczna\/fotowoltaika\/\">Fotowoltaika<\/a><\/span> \u00bb <span class=\"breadcrumb_last\" aria-current=\"page\">Inwertera Sungrow<\/span><\/span><\/div>\n\n\n<h1 class=\"wp-block-heading\">Integracja inwertera Sungrow z Trydanem<\/h1>\n\n\n\n<div class=\"wp-block-uagb-container uagb-block-6ff3315e alignfull uagb-is-root-container\"><div class=\"uagb-container-inner-blocks-wrap\">\n<div class=\"wp-block-uagb-container uagb-block-d07bdd19\">\n<p>Po\u0142\u0105cz punkt \u0142adowania Trydan z inwerterem Sungrow, aby maksymalnie zoptymalizowa\u0107 wykorzystanie energii.<\/p>\n<\/div>\n\n\n\n<div class=\"wp-block-uagb-container uagb-block-56f0a249\">\n<div class=\"wp-block-uagb-image uagb-block-a6b3aa91 wp-block-uagb-image--layout-default wp-block-uagb-image--effect-static wp-block-uagb-image--align-none\"><figure class=\"wp-block-uagb-image__figure\"><img decoding=\"async\" srcset=\"https:\/\/v2charge.com\/wp-content\/uploads\/2024\/12\/sungrow_logo.png ,https:\/\/v2charge.com\/wp-content\/uploads\/2024\/12\/sungrow_logo.png 780w, https:\/\/v2charge.com\/wp-content\/uploads\/2024\/12\/sungrow_logo.png 360w\" sizes=\"auto, (max-width: 480px) 150px\" src=\"https:\/\/v2charge.com\/wp-content\/uploads\/2024\/12\/sungrow_logo.png\" alt=\"\" class=\"uag-image-198777\" width=\"400\" height=\"68\" title=\"sungrow_logo\" loading=\"lazy\" role=\"img\"\/><\/figure><\/div>\n<\/div>\n<\/div><\/div>\n\n\n\n<div class=\"wp-block-uagb-container uagb-block-333fb119 alignfull uagb-is-root-container\"><div class=\"uagb-container-inner-blocks-wrap\">\n<div class=\"wp-block-uagb-container uagb-block-2ff110d0 default uagb-is-root-container\">\n<div class=\"wp-block-uagb-container uagb-block-cd442c87\">\n<div class=\"wp-block-uagb-image aligncenter uagb-block-4bb46c59 wp-block-uagb-image--layout-default wp-block-uagb-image--effect-static wp-block-uagb-image--align-center\"><figure class=\"wp-block-uagb-image__figure\"><img decoding=\"async\" srcset=\"https:\/\/v2charge.com\/wp-content\/uploads\/2023\/11\/icon-important.png ,https:\/\/v2charge.com\/wp-content\/uploads\/2023\/11\/icon-important.png 780w, https:\/\/v2charge.com\/wp-content\/uploads\/2023\/11\/icon-important.png 360w\" sizes=\"auto, (max-width: 480px) 150px\" src=\"https:\/\/v2charge.com\/wp-content\/uploads\/2023\/11\/icon-important.png\" alt=\"\" class=\"uag-image-125013\" width=\"50\" height=\"50\" title=\"\" loading=\"lazy\" role=\"img\"\/><\/figure><\/div>\n<\/div>\n\n\n\n<div class=\"wp-block-uagb-container uagb-block-38de7166\">\n<div class=\"wp-block-uagb-advanced-heading uagb-block-37ab01f0\"><p class=\"uagb-heading-text\">U\u017cycie&nbsp;<strong>repeater\u00f3w Wi-Fi<\/strong>&nbsp;lub sieci&nbsp;<strong>mesh<\/strong>&nbsp;mo\u017ce wp\u0142ywa\u0107 na prawid\u0142owe dzia\u0142anie systemu. Zaleca si\u0119 korzystanie ze&nbsp;<strong>stabilnej i bezpo\u015bredniej sieci Wi-Fi<\/strong>, aby zapewni\u0107&nbsp;optymalne po\u0142\u0105czenie&nbsp;mi\u0119dzy&nbsp;\u0142adowark\u0105&nbsp;a&nbsp;inwerterem.<\/p><\/div>\n<\/div>\n<\/div>\n\n\n\n<div style=\"height:5px\" aria-hidden=\"true\" class=\"wp-block-spacer\"><\/div>\n<\/div><\/div>\n\n\n\n<div class=\"wp-block-uagb-separator uagb-block-37d1f752\"><div class=\"wp-block-uagb-separator__inner\" style=\"--my-background-image:\"><\/div><\/div>\n\n\n\n<h2 class=\"wp-block-heading\">Integracja inwertera Sungrow<\/h2>\n\n\n\n<p>Aby integracja e-\u0141adowarki Trydan z inwerterami Sungrow dzia\u0142a\u0142a, urz\u0105dzenia musz\u0105 by\u0107 pod\u0142\u0105czone do tej samej sieci co Trydan. W zale\u017cno\u015bci od modelu inwertera, mo\u017cna go pod\u0142\u0105czy\u0107 do Internetu na r\u00f3\u017cne sposoby.<\/p>\n\n\n\n<p>Je\u015bli inwerter posiada port LAN, zaleca si\u0119 pod\u0142\u0105czenie go do routera za pomoc\u0105 kabla RJ45.<\/p>\n\n\n\n<div class=\"wp-block-uagb-image aligncenter uagb-block-5d46d4c2 wp-block-uagb-image--layout-default wp-block-uagb-image--effect-static wp-block-uagb-image--align-center\"><figure class=\"wp-block-uagb-image__figure\"><img decoding=\"async\" srcset=\"https:\/\/v2charge.com\/wp-content\/uploads\/2024\/12\/configuration_sungrow.jpg ,https:\/\/v2charge.com\/wp-content\/uploads\/2024\/12\/configuration_sungrow.jpg 780w, https:\/\/v2charge.com\/wp-content\/uploads\/2024\/12\/configuration_sungrow.jpg 360w\" sizes=\"auto, (max-width: 480px) 150px\" src=\"https:\/\/v2charge.com\/wp-content\/uploads\/2024\/12\/configuration_sungrow.jpg\" alt=\"\" class=\"uag-image-198789\" width=\"704\" height=\"215\" title=\"configuration_sungrow\" loading=\"lazy\" role=\"img\"\/><\/figure><\/div>\n\n\n\n<p>Je\u015bli jednak inwerter nie posiada tego portu, potrzebny jest modu\u0142 WiNet-S, aby po\u0142\u0105czy\u0107 inwerter za pomoc\u0105 WiFi lub Ethernetu.<\/p>\n\n\n\n<div class=\"wp-block-uagb-image aligncenter uagb-block-ad2c5bfa wp-block-uagb-image--layout-default wp-block-uagb-image--effect-static wp-block-uagb-image--align-center\"><figure class=\"wp-block-uagb-image__figure\"><img decoding=\"async\" srcset=\"https:\/\/v2charge.com\/wp-content\/uploads\/2024\/12\/winet-s.png ,https:\/\/v2charge.com\/wp-content\/uploads\/2024\/12\/winet-s.png 780w, https:\/\/v2charge.com\/wp-content\/uploads\/2024\/12\/winet-s.png 360w\" sizes=\"auto, (max-width: 480px) 150px\" src=\"https:\/\/v2charge.com\/wp-content\/uploads\/2024\/12\/winet-s.png\" alt=\"\" class=\"uag-image-198800\" width=\"800\" height=\"740\" title=\"winet-s\" loading=\"lazy\" role=\"img\"\/><\/figure><\/div>\n\n\n\n<p>Modu\u0142 WiNet-S obs\u0142uguje zar\u00f3wno komunikacj\u0119 Ethernet, jak i WLAN, ale nie zaleca si\u0119 jednoczesnego korzystania z obu metod. Modu\u0142 nale\u017cy w\u0142o\u017cy\u0107 do portu COM1 (2 na obrazku) zar\u00f3wno dla komunikacji WLAN, jak i Ethernet, z tym \u017ce w przypadku Ethernetu nale\u017cy pod\u0142\u0105czy\u0107 kabel RJ45 do modu\u0142u.<\/p>\n\n\n\n<div class=\"wp-block-uagb-image aligncenter uagb-block-4dd5edd8 wp-block-uagb-image--layout-default wp-block-uagb-image--effect-static wp-block-uagb-image--align-center\"><figure class=\"wp-block-uagb-image__figure\"><img decoding=\"async\" srcset=\"https:\/\/v2charge.com\/wp-content\/uploads\/2024\/12\/sungrow-comands.jpg ,https:\/\/v2charge.com\/wp-content\/uploads\/2024\/12\/sungrow-comands.jpg 780w, https:\/\/v2charge.com\/wp-content\/uploads\/2024\/12\/sungrow-comands.jpg 360w\" sizes=\"auto, (max-width: 480px) 150px\" src=\"https:\/\/v2charge.com\/wp-content\/uploads\/2024\/12\/sungrow-comands.jpg\" alt=\"\" class=\"uag-image-198813\" width=\"416\" height=\"322\" title=\"sungrow-comands\" loading=\"lazy\" role=\"img\"\/><\/figure><\/div>\n\n\n\n<p>Przy domy\u015blnej konfiguracji integracja zostanie zako\u0144czona, gdy inwerter i Trydan znajd\u0105 si\u0119 w tej samej sieci. Nale\u017cy jednak upewni\u0107 si\u0119, \u017ce parametry komunikacji w inwerterze s\u0105 nast\u0119puj\u0105ce:<\/p>\n\n\n\n<ul class=\"wp-block-list\">\n<li>Addr (adres): 1<\/li>\n\n\n\n<li>DHCP: W\u0141<\/li>\n\n\n\n<li>Port: 502<\/li>\n<\/ul>\n<\/div><\/div>\n\n\n\n<div class=\"wp-block-uagb-container uagb-block-1fb723ac alignfull uagb-is-root-container\"><div class=\"uagb-container-inner-blocks-wrap\">\n<div class=\"wp-block-uagb-container uagb-block-f9070278\">\n<p>W aplikacji post\u0119puj zgodnie z instrukcj\u0105, aby aktywowa\u0107 <strong>Dynamiczne Sterowanie Moc\u0105<\/strong>, a w ustawieniach licznika wybierz <strong>Sungrow<\/strong>.<\/p>\n<\/div>\n\n\n\n<div class=\"wp-block-uagb-container uagb-block-bf7d8139\">\n<div class=\"wp-block-uagb-image aligncenter uagb-block-bfeb1bc2 wp-block-uagb-image--layout-default wp-block-uagb-image--effect-static wp-block-uagb-image--align-center\"><figure class=\"wp-block-uagb-image__figure\"><img decoding=\"async\" srcset=\"https:\/\/v2charge.com\/wp-content\/uploads\/2025\/01\/sungrow-inverter-en.jpg ,https:\/\/v2charge.com\/wp-content\/uploads\/2025\/01\/sungrow-inverter-en.jpg 780w, https:\/\/v2charge.com\/wp-content\/uploads\/2025\/01\/sungrow-inverter-en.jpg 360w\" sizes=\"auto, (max-width: 480px) 150px\" src=\"https:\/\/v2charge.com\/wp-content\/uploads\/2025\/01\/sungrow-inverter-en.jpg\" alt=\"\" class=\"uag-image-201962\" width=\"468\" height=\"800\" title=\"sungrow-inverter-en\" loading=\"lazy\" role=\"img\"\/><\/figure><\/div>\n<\/div>\n<\/div><\/div>\n\n\n\n<div class=\"wp-block-uagb-container uagb-block-c6f38013 alignfull uagb-is-root-container\"><div class=\"uagb-container-inner-blocks-wrap\">\n<div class=\"wp-block-uagb-advanced-heading uagb-block-6963d70c\"><h2 class=\"uagb-heading-text\"><strong><strong>Potrzebujesz wsparcia technicznego?<\/strong><\/strong><\/h2><\/div>\n\n\n\n<div class=\"wp-block-uagb-advanced-heading uagb-block-408243eb\"><p class=\"uagb-heading-text\">Wygeneruj zg\u0142oszenie w Centrum Wsparcia Technicznego, a my skontaktujemy si\u0119 z Tob\u0105 tak szybko, jak to mo\u017cliwe, aby zaoferowa\u0107 Ci najlepsze rozwi\u0105zanie.<\/p><\/div>\n\n\n\n<div class=\"wp-block-uagb-buttons uagb-buttons__outer-wrap uagb-btn__default-btn uagb-btn-tablet__default-btn uagb-btn-mobile__default-btn uagb-block-8144e3f9\"><div class=\"uagb-buttons__wrap uagb-buttons-layout-wrap \">\n<div class=\"wp-block-uagb-buttons-child uagb-buttons__outer-wrap uagb-block-6c29f973 wp-block-button\"><div class=\"uagb-button__wrapper\"><a class=\"uagb-buttons-repeater wp-block-button__link\" aria-label=\"\" href=\"https:\/\/v2charge.atlassian.net\/servicedesk\/customer\/portal\/3\" rel=\"follow noopener\" target=\"_self\" role=\"button\"><div class=\"uagb-button__link\">Kontakt z pomoc\u0105 techniczn\u0105<\/div><\/a><\/div><\/div>\n<\/div><\/div>\n<\/div><\/div>\n","protected":false},"excerpt":{"rendered":"<p>Integracja inwertera Sungrow z Trydanem Po\u0142\u0105cz punkt \u0142adowania Trydan z inwerterem Sungrow, aby maksymalnie zoptymalizowa\u0107 wykorzystanie energii. U\u017cycie&nbsp;repeater\u00f3w Wi-Fi&nbsp;lub sieci&nbsp;mesh&nbsp;mo\u017ce wp\u0142ywa\u0107 na prawid\u0142owe dzia\u0142anie systemu. Zaleca si\u0119 korzystanie ze&nbsp;stabilnej i bezpo\u015bredniej sieci Wi-Fi, aby zapewni\u0107&nbsp;optymalne po\u0142\u0105czenie&nbsp;mi\u0119dzy&nbsp;\u0142adowark\u0105&nbsp;a&nbsp;inwerterem. Integracja inwertera Sungrow Aby integracja e-\u0141adowarki Trydan z inwerterami Sungrow dzia\u0142a\u0142a, urz\u0105dzenia musz\u0105 by\u0107 pod\u0142\u0105czone do tej samej sieci &#8230; <a title=\"Integracja inwertera Sungrow z Trydanem\" class=\"read-more\" href=\"https:\/\/v2charge.com\/pl\/wsparcie\/kontrola-mocy\/dynamiczna\/fotowoltaika\/inwertera-sungrow\/\" aria-label=\"Read more about Integracja inwertera Sungrow z Trydanem\">Dowiedz si\u0119 wi\u0119cej<\/a><\/p>\n","protected":false},"author":400,"featured_media":0,"parent":130045,"menu_order":0,"comment_status":"closed","ping_status":"closed","template":"","meta":{"_eb_attr":"","content-type":"","_uag_custom_page_level_css":"","footnotes":""},"class_list":["post-201280","page","type-page","status-publish"],"yoast_head":"<!-- This site is optimized with the Yoast SEO plugin v25.3.1 - https:\/\/yoast.com\/wordpress\/plugins\/seo\/ -->\n<title>Integracja inwertera Sungrow z Trydanem - V2C<\/title>\n<meta name=\"description\" content=\"Inwerter Sungrow mo\u017cna zintegrowa\u0107 z e-\u0141adowark\u0105 Trydan za pomoc\u0105 Ethernetu lub WiFiOto kroki, kt\u00f3re nale\u017cy wykona\u0107.\" \/>\n<meta name=\"robots\" content=\"index, follow, max-snippet:-1, max-image-preview:large, max-video-preview:-1\" \/>\n<link rel=\"canonical\" href=\"https:\/\/v2charge.com\/pl\/wsparcie\/kontrola-mocy\/dynamiczna\/fotowoltaika\/inwertera-sungrow\/\" \/>\n<meta property=\"og:locale\" content=\"pl_PL\" \/>\n<meta property=\"og:type\" content=\"article\" \/>\n<meta property=\"og:title\" content=\"Integracja inwertera Sungrow z Trydanem - V2C\" \/>\n<meta property=\"og:description\" content=\"Inwerter Sungrow mo\u017cna zintegrowa\u0107 z e-\u0141adowark\u0105 Trydan za pomoc\u0105 Ethernetu lub WiFiOto kroki, kt\u00f3re nale\u017cy wykona\u0107.\" \/>\n<meta property=\"og:url\" content=\"https:\/\/v2charge.com\/pl\/wsparcie\/kontrola-mocy\/dynamiczna\/fotowoltaika\/inwertera-sungrow\/\" \/>\n<meta property=\"og:site_name\" content=\"V2C\" \/>\n<meta property=\"article:publisher\" content=\"https:\/\/www.facebook.com\/V2C.Charge\" \/>\n<meta property=\"article:modified_time\" content=\"2025-07-21T09:12:37+00:00\" \/>\n<meta property=\"og:image\" content=\"https:\/\/v2charge.com\/wp-content\/uploads\/2024\/12\/sungrow_logo.png\" \/>\n<meta name=\"twitter:card\" content=\"summary_large_image\" \/>\n<meta name=\"twitter:site\" content=\"@V2C_Charge\" \/>\n<meta name=\"twitter:label1\" content=\"Szacowany czas czytania\" \/>\n\t<meta name=\"twitter:data1\" content=\"3 minuty\" \/>\n<script type=\"application\/ld+json\" class=\"yoast-schema-graph\">{\"@context\":\"https:\/\/schema.org\",\"@graph\":[{\"@type\":\"WebPage\",\"@id\":\"https:\/\/v2charge.com\/pl\/wsparcie\/kontrola-mocy\/dynamiczna\/fotowoltaika\/inwertera-sungrow\/\",\"url\":\"https:\/\/v2charge.com\/pl\/wsparcie\/kontrola-mocy\/dynamiczna\/fotowoltaika\/inwertera-sungrow\/\",\"name\":\"Integracja inwertera Sungrow z Trydanem - V2C\",\"isPartOf\":{\"@id\":\"https:\/\/v2charge.com\/pl\/#website\"},\"primaryImageOfPage\":{\"@id\":\"https:\/\/v2charge.com\/pl\/wsparcie\/kontrola-mocy\/dynamiczna\/fotowoltaika\/inwertera-sungrow\/#primaryimage\"},\"image\":{\"@id\":\"https:\/\/v2charge.com\/pl\/wsparcie\/kontrola-mocy\/dynamiczna\/fotowoltaika\/inwertera-sungrow\/#primaryimage\"},\"thumbnailUrl\":\"https:\/\/v2charge.com\/wp-content\/uploads\/2024\/12\/sungrow_logo.png\",\"datePublished\":\"2025-01-16T11:08:35+00:00\",\"dateModified\":\"2025-07-21T09:12:37+00:00\",\"description\":\"Inwerter Sungrow mo\u017cna zintegrowa\u0107 z e-\u0141adowark\u0105 Trydan za pomoc\u0105 Ethernetu lub WiFiOto kroki, kt\u00f3re nale\u017cy wykona\u0107.\",\"breadcrumb\":{\"@id\":\"https:\/\/v2charge.com\/pl\/wsparcie\/kontrola-mocy\/dynamiczna\/fotowoltaika\/inwertera-sungrow\/#breadcrumb\"},\"inLanguage\":\"pl-PL\",\"potentialAction\":[{\"@type\":\"ReadAction\",\"target\":[\"https:\/\/v2charge.com\/pl\/wsparcie\/kontrola-mocy\/dynamiczna\/fotowoltaika\/inwertera-sungrow\/\"]}]},{\"@type\":\"ImageObject\",\"inLanguage\":\"pl-PL\",\"@id\":\"https:\/\/v2charge.com\/pl\/wsparcie\/kontrola-mocy\/dynamiczna\/fotowoltaika\/inwertera-sungrow\/#primaryimage\",\"url\":\"https:\/\/v2charge.com\/wp-content\/uploads\/2024\/12\/sungrow_logo.png\",\"contentUrl\":\"https:\/\/v2charge.com\/wp-content\/uploads\/2024\/12\/sungrow_logo.png\"},{\"@type\":\"BreadcrumbList\",\"@id\":\"https:\/\/v2charge.com\/pl\/wsparcie\/kontrola-mocy\/dynamiczna\/fotowoltaika\/inwertera-sungrow\/#breadcrumb\",\"itemListElement\":[{\"@type\":\"ListItem\",\"position\":1,\"name\":\"V2C\",\"item\":\"https:\/\/v2charge.com\/pl\/\"},{\"@type\":\"ListItem\",\"position\":2,\"name\":\"Obszar Wsparcie\",\"item\":\"https:\/\/v2charge.com\/pl\/wsparcie\/\"},{\"@type\":\"ListItem\",\"position\":3,\"name\":\"Kontrola Mocy\",\"item\":\"https:\/\/v2charge.com\/pl\/wsparcie\/kontrola-mocy\/\"},{\"@type\":\"ListItem\",\"position\":4,\"name\":\"Dynamiczna\",\"item\":\"https:\/\/v2charge.com\/pl\/wsparcie\/kontrola-mocy\/dynamiczna\/\"},{\"@type\":\"ListItem\",\"position\":5,\"name\":\"Fotowoltaika\",\"item\":\"https:\/\/v2charge.com\/pl\/wsparcie\/kontrola-mocy\/dynamiczna\/fotowoltaika\/\"},{\"@type\":\"ListItem\",\"position\":6,\"name\":\"Inwertera Sungrow\"}]},{\"@type\":\"WebSite\",\"@id\":\"https:\/\/v2charge.com\/pl\/#website\",\"url\":\"https:\/\/v2charge.com\/pl\/\",\"name\":\"V2C\",\"description\":\"#CargandoElMa\u00f1ana\",\"publisher\":{\"@id\":\"https:\/\/v2charge.com\/pl\/#organization\"},\"potentialAction\":[{\"@type\":\"SearchAction\",\"target\":{\"@type\":\"EntryPoint\",\"urlTemplate\":\"https:\/\/v2charge.com\/pl\/?s={search_term_string}\"},\"query-input\":{\"@type\":\"PropertyValueSpecification\",\"valueRequired\":true,\"valueName\":\"search_term_string\"}}],\"inLanguage\":\"pl-PL\"},{\"@type\":\"Organization\",\"@id\":\"https:\/\/v2charge.com\/pl\/#organization\",\"name\":\"V2C\",\"url\":\"https:\/\/v2charge.com\/pl\/\",\"logo\":{\"@type\":\"ImageObject\",\"inLanguage\":\"pl-PL\",\"@id\":\"https:\/\/v2charge.com\/pl\/#\/schema\/logo\/image\/\",\"url\":\"https:\/\/v2charge.com\/wp-content\/uploads\/2024\/11\/cropped-v2c-charge-logo-menu.png\",\"contentUrl\":\"https:\/\/v2charge.com\/wp-content\/uploads\/2024\/11\/cropped-v2c-charge-logo-menu.png\",\"width\":984,\"height\":431,\"caption\":\"V2C\"},\"image\":{\"@id\":\"https:\/\/v2charge.com\/pl\/#\/schema\/logo\/image\/\"},\"sameAs\":[\"https:\/\/www.facebook.com\/V2C.Charge\",\"https:\/\/x.com\/V2C_Charge\",\"https:\/\/www.instagram.com\/v2c.charge\/\",\"https:\/\/www.youtube.com\/@V2C\",\"https:\/\/www.linkedin.com\/company\/v2c-chargers\/\"]}]}<\/script>\n<!-- \/ Yoast SEO plugin. -->","yoast_head_json":{"title":"Integracja inwertera Sungrow z Trydanem - V2C","description":"Inwerter Sungrow mo\u017cna zintegrowa\u0107 z e-\u0141adowark\u0105 Trydan za pomoc\u0105 Ethernetu lub WiFiOto kroki, kt\u00f3re nale\u017cy wykona\u0107.","robots":{"index":"index","follow":"follow","max-snippet":"max-snippet:-1","max-image-preview":"max-image-preview:large","max-video-preview":"max-video-preview:-1"},"canonical":"https:\/\/v2charge.com\/pl\/wsparcie\/kontrola-mocy\/dynamiczna\/fotowoltaika\/inwertera-sungrow\/","og_locale":"pl_PL","og_type":"article","og_title":"Integracja inwertera Sungrow z Trydanem - V2C","og_description":"Inwerter Sungrow mo\u017cna zintegrowa\u0107 z e-\u0141adowark\u0105 Trydan za pomoc\u0105 Ethernetu lub WiFiOto kroki, kt\u00f3re nale\u017cy wykona\u0107.","og_url":"https:\/\/v2charge.com\/pl\/wsparcie\/kontrola-mocy\/dynamiczna\/fotowoltaika\/inwertera-sungrow\/","og_site_name":"V2C","article_publisher":"https:\/\/www.facebook.com\/V2C.Charge","article_modified_time":"2025-07-21T09:12:37+00:00","og_image":[{"url":"https:\/\/v2charge.com\/wp-content\/uploads\/2024\/12\/sungrow_logo.png","type":"","width":"","height":""}],"twitter_card":"summary_large_image","twitter_site":"@V2C_Charge","twitter_misc":{"Szacowany czas czytania":"3 minuty"},"schema":{"@context":"https:\/\/schema.org","@graph":[{"@type":"WebPage","@id":"https:\/\/v2charge.com\/pl\/wsparcie\/kontrola-mocy\/dynamiczna\/fotowoltaika\/inwertera-sungrow\/","url":"https:\/\/v2charge.com\/pl\/wsparcie\/kontrola-mocy\/dynamiczna\/fotowoltaika\/inwertera-sungrow\/","name":"Integracja inwertera Sungrow z Trydanem - V2C","isPartOf":{"@id":"https:\/\/v2charge.com\/pl\/#website"},"primaryImageOfPage":{"@id":"https:\/\/v2charge.com\/pl\/wsparcie\/kontrola-mocy\/dynamiczna\/fotowoltaika\/inwertera-sungrow\/#primaryimage"},"image":{"@id":"https:\/\/v2charge.com\/pl\/wsparcie\/kontrola-mocy\/dynamiczna\/fotowoltaika\/inwertera-sungrow\/#primaryimage"},"thumbnailUrl":"https:\/\/v2charge.com\/wp-content\/uploads\/2024\/12\/sungrow_logo.png","datePublished":"2025-01-16T11:08:35+00:00","dateModified":"2025-07-21T09:12:37+00:00","description":"Inwerter Sungrow mo\u017cna zintegrowa\u0107 z e-\u0141adowark\u0105 Trydan za pomoc\u0105 Ethernetu lub WiFiOto kroki, kt\u00f3re nale\u017cy wykona\u0107.","breadcrumb":{"@id":"https:\/\/v2charge.com\/pl\/wsparcie\/kontrola-mocy\/dynamiczna\/fotowoltaika\/inwertera-sungrow\/#breadcrumb"},"inLanguage":"pl-PL","potentialAction":[{"@type":"ReadAction","target":["https:\/\/v2charge.com\/pl\/wsparcie\/kontrola-mocy\/dynamiczna\/fotowoltaika\/inwertera-sungrow\/"]}]},{"@type":"ImageObject","inLanguage":"pl-PL","@id":"https:\/\/v2charge.com\/pl\/wsparcie\/kontrola-mocy\/dynamiczna\/fotowoltaika\/inwertera-sungrow\/#primaryimage","url":"https:\/\/v2charge.com\/wp-content\/uploads\/2024\/12\/sungrow_logo.png","contentUrl":"https:\/\/v2charge.com\/wp-content\/uploads\/2024\/12\/sungrow_logo.png"},{"@type":"BreadcrumbList","@id":"https:\/\/v2charge.com\/pl\/wsparcie\/kontrola-mocy\/dynamiczna\/fotowoltaika\/inwertera-sungrow\/#breadcrumb","itemListElement":[{"@type":"ListItem","position":1,"name":"V2C","item":"https:\/\/v2charge.com\/pl\/"},{"@type":"ListItem","position":2,"name":"Obszar Wsparcie","item":"https:\/\/v2charge.com\/pl\/wsparcie\/"},{"@type":"ListItem","position":3,"name":"Kontrola Mocy","item":"https:\/\/v2charge.com\/pl\/wsparcie\/kontrola-mocy\/"},{"@type":"ListItem","position":4,"name":"Dynamiczna","item":"https:\/\/v2charge.com\/pl\/wsparcie\/kontrola-mocy\/dynamiczna\/"},{"@type":"ListItem","position":5,"name":"Fotowoltaika","item":"https:\/\/v2charge.com\/pl\/wsparcie\/kontrola-mocy\/dynamiczna\/fotowoltaika\/"},{"@type":"ListItem","position":6,"name":"Inwertera Sungrow"}]},{"@type":"WebSite","@id":"https:\/\/v2charge.com\/pl\/#website","url":"https:\/\/v2charge.com\/pl\/","name":"V2C","description":"#CargandoElMa\u00f1ana","publisher":{"@id":"https:\/\/v2charge.com\/pl\/#organization"},"potentialAction":[{"@type":"SearchAction","target":{"@type":"EntryPoint","urlTemplate":"https:\/\/v2charge.com\/pl\/?s={search_term_string}"},"query-input":{"@type":"PropertyValueSpecification","valueRequired":true,"valueName":"search_term_string"}}],"inLanguage":"pl-PL"},{"@type":"Organization","@id":"https:\/\/v2charge.com\/pl\/#organization","name":"V2C","url":"https:\/\/v2charge.com\/pl\/","logo":{"@type":"ImageObject","inLanguage":"pl-PL","@id":"https:\/\/v2charge.com\/pl\/#\/schema\/logo\/image\/","url":"https:\/\/v2charge.com\/wp-content\/uploads\/2024\/11\/cropped-v2c-charge-logo-menu.png","contentUrl":"https:\/\/v2charge.com\/wp-content\/uploads\/2024\/11\/cropped-v2c-charge-logo-menu.png","width":984,"height":431,"caption":"V2C"},"image":{"@id":"https:\/\/v2charge.com\/pl\/#\/schema\/logo\/image\/"},"sameAs":["https:\/\/www.facebook.com\/V2C.Charge","https:\/\/x.com\/V2C_Charge","https:\/\/www.instagram.com\/v2c.charge\/","https:\/\/www.youtube.com\/@V2C","https:\/\/www.linkedin.com\/company\/v2c-chargers\/"]}]}},"uagb_featured_image_src":{"full":false,"thumbnail":false,"medium":false,"medium_large":false,"large":false,"gs-tiny":false,"xl":false,"xxl":false,"xxxl":false,"xxxxl":false,"xxxxxl":false,"1536x1536":false,"2048x2048":false},"uagb_author_info":{"display_name":"V2C","author_link":"https:\/\/v2charge.com\/pl\/author\/marketing\/"},"uagb_comment_info":0,"uagb_excerpt":"Integracja inwertera Sungrow z Trydanem Po\u0142\u0105cz punkt \u0142adowania Trydan z inwerterem Sungrow, aby maksymalnie zoptymalizowa\u0107 wykorzystanie energii. U\u017cycie&nbsp;repeater\u00f3w Wi-Fi&nbsp;lub sieci&nbsp;mesh&nbsp;mo\u017ce wp\u0142ywa\u0107 na prawid\u0142owe dzia\u0142anie systemu. Zaleca si\u0119 korzystanie ze&nbsp;stabilnej i bezpo\u015bredniej sieci Wi-Fi, aby zapewni\u0107&nbsp;optymalne po\u0142\u0105czenie&nbsp;mi\u0119dzy&nbsp;\u0142adowark\u0105&nbsp;a&nbsp;inwerterem. Integracja inwertera Sungrow Aby integracja e-\u0141adowarki Trydan z inwerterami Sungrow dzia\u0142a\u0142a, urz\u0105dzenia musz\u0105 by\u0107 pod\u0142\u0105czone do tej samej sieci&hellip;","_links":{"self":[{"href":"https:\/\/v2charge.com\/pl\/wp-json\/wp\/v2\/pages\/201280","targetHints":{"allow":["GET"]}}],"collection":[{"href":"https:\/\/v2charge.com\/pl\/wp-json\/wp\/v2\/pages"}],"about":[{"href":"https:\/\/v2charge.com\/pl\/wp-json\/wp\/v2\/types\/page"}],"author":[{"embeddable":true,"href":"https:\/\/v2charge.com\/pl\/wp-json\/wp\/v2\/users\/400"}],"replies":[{"embeddable":true,"href":"https:\/\/v2charge.com\/pl\/wp-json\/wp\/v2\/comments?post=201280"}],"version-history":[{"count":5,"href":"https:\/\/v2charge.com\/pl\/wp-json\/wp\/v2\/pages\/201280\/revisions"}],"predecessor-version":[{"id":239142,"href":"https:\/\/v2charge.com\/pl\/wp-json\/wp\/v2\/pages\/201280\/revisions\/239142"}],"up":[{"embeddable":true,"href":"https:\/\/v2charge.com\/pl\/wp-json\/wp\/v2\/pages\/130045"}],"wp:attachment":[{"href":"https:\/\/v2charge.com\/pl\/wp-json\/wp\/v2\/media?parent=201280"}],"curies":[{"name":"wp","href":"https:\/\/api.w.org\/{rel}","templated":true}]}}