{"id":213046,"date":"2025-04-01T16:11:07","date_gmt":"2025-04-01T14:11:07","guid":{"rendered":"https:\/\/v2charge.com\/wsparcie\/bim\/"},"modified":"2025-04-02T15:09:16","modified_gmt":"2025-04-02T13:09:16","slug":"bim","status":"publish","type":"page","link":"https:\/\/v2charge.com\/pl\/wsparcie\/bim\/","title":{"rendered":"Modele BIM"},"content":{"rendered":"\n<div class=\"wp-block-uagb-container uagb-block-44ca084c alignfull uagb-is-root-container\"><div class=\"uagb-container-inner-blocks-wrap\">\n<div style=\"height:30px\" aria-hidden=\"true\" class=\"wp-block-spacer\"><\/div>\n\n\n<div class=\"yoast-breadcrumbs\"><span><span><a href=\"https:\/\/v2charge.com\/pl\/\">V2C<\/a><\/span> \u00bb <span><a href=\"https:\/\/v2charge.com\/pl\/wsparcie\/\">Obszar Wsparcie<\/a><\/span> \u00bb <span class=\"breadcrumb_last\" aria-current=\"page\">Modele BIM<\/span><\/span><\/div>\n\n\n<h1 class=\"wp-block-heading\">Modele BIM e-Chargers V2C<\/h1>\n\n\n\n<div style=\"height:10px\" aria-hidden=\"true\" class=\"wp-block-spacer\"><\/div>\n\n\n\n<p>Udost\u0119pniamy modele naszych \u0142adowarek w r\u00f3\u017cnych formatach, aby u\u0142atwi\u0107 ich integracj\u0119 w projektach projektowania, planowania i wizualizacji, optymalizuj\u0105c przep\u0142yw pracy BIM i interoperacyjno\u015b\u0107 z innymi programami.<\/p>\n<\/div><\/div>\n\n\n\n<div class=\"wp-block-uagb-container uagb-block-b176aab5 alignfull uagb-is-root-container\"><div class=\"uagb-container-inner-blocks-wrap\">\n<div class=\"wp-block-uagb-advanced-heading uagb-block-7fd068b1\"><h2 class=\"uagb-heading-text\">Modele BIM w formatach <mark class=\"uagb-highlight\">.rfa<\/mark>, <mark class=\"uagb-highlight\">.ifc<\/mark> i <mark class=\"uagb-highlight\">.fbx<\/mark><\/h2><\/div>\n\n\n\n<div class=\"wp-block-uagb-container uagb-block-37f6c5b2 alignfull uagb-is-root-container\"><div class=\"uagb-container-inner-blocks-wrap\">\n<div class=\"wp-block-uagb-container uagb-block-15c9f608\">\n<div class=\"wp-block-uagb-info-box uagb-block-291e2156 uagb-infobox__content-wrap  uagb-infobox-icon-above-title uagb-infobox-image-valign-top\"><div class=\"uagb-ifb-content\"><div class=\"uagb-ifb-image-content\"><img decoding=\"async\" src=\"https:\/\/v2charge.com\/wp-content\/uploads\/2025\/04\/icono-trydan.png\" alt=\"\" width=\"70\" height=\"70\" loading=\"lazy\"\/><\/div><div class=\"uagb-ifb-title-wrap\"><h3 class=\"uagb-ifb-title\">Trydan \/ Trydan Pro<\/h3><\/div><div class=\"uagb-ifb-button-wrapper wp-block-button\"><a href=\"https:\/\/drive.google.com\/uc?id=1KhJLWR4fHfdInNfg-uTbODUMwlcMHtcF&amp;export=download\" target=\"_self\" onclick=\"return true;\" class=\"uagb-infobox-cta-link\" rel=\"noopener noreferrer\" alt=\"\"><span class=\"uagb-inline-editing\">RFA<\/span><svg xmlns=\"https:\/\/www.w3.org\/2000\/svg\" viewBox=\"0 0 256 512\"><path d=\"M118.6 105.4l128 127.1C252.9 239.6 256 247.8 256 255.1s-3.125 16.38-9.375 22.63l-128 127.1c-9.156 9.156-22.91 11.9-34.88 6.943S64 396.9 64 383.1V128c0-12.94 7.781-24.62 19.75-29.58S109.5 96.23 118.6 105.4z\"><\/path><\/svg><\/a><\/div><\/div><\/div>\n\n\n\n<div class=\"wp-block-uagb-info-box uagb-block-457c5a46 uagb-infobox__content-wrap  uagb-infobox-icon-above-title uagb-infobox-image-valign-top\"><div class=\"uagb-ifb-content\"><div class=\"uagb-ifb-title-wrap\"><\/div><div class=\"uagb-ifb-button-wrapper wp-block-button\"><a href=\"https:\/\/drive.google.com\/uc?id=1f3GjVWbhbYmNvQUBZAawKRMeOjX5v1AI&amp;export=download\" target=\"_self\" onclick=\"return true;\" class=\"uagb-infobox-cta-link\" rel=\"noopener noreferrer\" alt=\"\"><span class=\"uagb-inline-editing\">IFC<\/span><svg xmlns=\"https:\/\/www.w3.org\/2000\/svg\" viewBox=\"0 0 256 512\"><path d=\"M118.6 105.4l128 127.1C252.9 239.6 256 247.8 256 255.1s-3.125 16.38-9.375 22.63l-128 127.1c-9.156 9.156-22.91 11.9-34.88 6.943S64 396.9 64 383.1V128c0-12.94 7.781-24.62 19.75-29.58S109.5 96.23 118.6 105.4z\"><\/path><\/svg><\/a><\/div><\/div><\/div>\n\n\n\n<div class=\"wp-block-uagb-info-box uagb-block-457c5a46 uagb-infobox__content-wrap  uagb-infobox-icon-above-title uagb-infobox-image-valign-top\"><div class=\"uagb-ifb-content\"><div class=\"uagb-ifb-title-wrap\"><\/div><div class=\"uagb-ifb-button-wrapper wp-block-button\"><a href=\"https:\/\/drive.google.com\/uc?id=1Ih48GyuvypGqnQLrwlObc1xNKO4TDEHA&amp;export=download\" target=\"_self\" onclick=\"return true;\" class=\"uagb-infobox-cta-link\" rel=\"noopener noreferrer\" alt=\"\"><span class=\"uagb-inline-editing\">FBX<\/span><svg xmlns=\"https:\/\/www.w3.org\/2000\/svg\" viewBox=\"0 0 256 512\"><path d=\"M118.6 105.4l128 127.1C252.9 239.6 256 247.8 256 255.1s-3.125 16.38-9.375 22.63l-128 127.1c-9.156 9.156-22.91 11.9-34.88 6.943S64 396.9 64 383.1V128c0-12.94 7.781-24.62 19.75-29.58S109.5 96.23 118.6 105.4z\"><\/path><\/svg><\/a><\/div><\/div><\/div>\n<\/div>\n\n\n\n<div class=\"wp-block-uagb-container uagb-block-10f97eaf\">\n<div class=\"wp-block-uagb-info-box uagb-block-2b3929ee uagb-infobox__content-wrap  uagb-infobox-icon-above-title uagb-infobox-image-valign-top\"><div class=\"uagb-ifb-content\"><div class=\"uagb-ifb-image-content\"><img decoding=\"async\" src=\"https:\/\/v2charge.com\/wp-content\/uploads\/2025\/04\/icono-pole-pro-floor.png\" alt=\"\" width=\"70\" height=\"70\" loading=\"lazy\"\/><\/div><div class=\"uagb-ifb-title-wrap\"><h3 class=\"uagb-ifb-title\">Pole Pro (wersja pod\u0142ogowa)<\/h3><\/div><div class=\"uagb-ifb-button-wrapper wp-block-button\"><a href=\"https:\/\/drive.google.com\/uc?id=1Dbf2M6Z4wPzfe8CNAV5Wk_KMrqocSLf_&amp;export=download\" target=\"_self\" onclick=\"return true;\" class=\"uagb-infobox-cta-link\" rel=\"noopener noreferrer\" alt=\"\"><span class=\"uagb-inline-editing\">RFA<\/span><svg xmlns=\"https:\/\/www.w3.org\/2000\/svg\" viewBox=\"0 0 256 512\"><path d=\"M118.6 105.4l128 127.1C252.9 239.6 256 247.8 256 255.1s-3.125 16.38-9.375 22.63l-128 127.1c-9.156 9.156-22.91 11.9-34.88 6.943S64 396.9 64 383.1V128c0-12.94 7.781-24.62 19.75-29.58S109.5 96.23 118.6 105.4z\"><\/path><\/svg><\/a><\/div><\/div><\/div>\n\n\n\n<div class=\"wp-block-uagb-info-box uagb-block-457c5a46 uagb-infobox__content-wrap  uagb-infobox-icon-above-title uagb-infobox-image-valign-top\"><div class=\"uagb-ifb-content\"><div class=\"uagb-ifb-title-wrap\"><\/div><div class=\"uagb-ifb-button-wrapper wp-block-button\"><a href=\"https:\/\/drive.google.com\/uc?id=1RReGC68bZ8WvVTPerw6rlFODwT4lCVPM&amp;export=download\" target=\"_self\" onclick=\"return true;\" class=\"uagb-infobox-cta-link\" rel=\"noopener noreferrer\" alt=\"\"><span class=\"uagb-inline-editing\">IFC<\/span><svg xmlns=\"https:\/\/www.w3.org\/2000\/svg\" viewBox=\"0 0 256 512\"><path d=\"M118.6 105.4l128 127.1C252.9 239.6 256 247.8 256 255.1s-3.125 16.38-9.375 22.63l-128 127.1c-9.156 9.156-22.91 11.9-34.88 6.943S64 396.9 64 383.1V128c0-12.94 7.781-24.62 19.75-29.58S109.5 96.23 118.6 105.4z\"><\/path><\/svg><\/a><\/div><\/div><\/div>\n\n\n\n<div class=\"wp-block-uagb-info-box uagb-block-713bd75f uagb-infobox__content-wrap  uagb-infobox-icon-above-title uagb-infobox-image-valign-top\"><div class=\"uagb-ifb-content\"><div class=\"uagb-ifb-title-wrap\"><\/div><div class=\"uagb-ifb-button-wrapper wp-block-button\"><a href=\"https:\/\/drive.google.com\/uc?id=1knKbf2Ad7EYeBkjaKZlsIf5hKPZhxG6D&amp;export=download\" target=\"_self\" onclick=\"return true;\" class=\"uagb-infobox-cta-link\" rel=\"noopener noreferrer\" alt=\"\"><span class=\"uagb-inline-editing\">FBX<\/span><svg xmlns=\"https:\/\/www.w3.org\/2000\/svg\" viewBox=\"0 0 256 512\"><path d=\"M118.6 105.4l128 127.1C252.9 239.6 256 247.8 256 255.1s-3.125 16.38-9.375 22.63l-128 127.1c-9.156 9.156-22.91 11.9-34.88 6.943S64 396.9 64 383.1V128c0-12.94 7.781-24.62 19.75-29.58S109.5 96.23 118.6 105.4z\"><\/path><\/svg><\/a><\/div><\/div><\/div>\n<\/div>\n\n\n\n<div class=\"wp-block-uagb-container uagb-block-38eee56b\">\n<div class=\"wp-block-uagb-info-box uagb-block-0726c098 uagb-infobox__content-wrap  uagb-infobox-icon-above-title uagb-infobox-image-valign-top\"><div class=\"uagb-ifb-content\"><div class=\"uagb-ifb-image-content\"><img decoding=\"async\" src=\"https:\/\/v2charge.com\/wp-content\/uploads\/2025\/04\/icono-pole-pro-wall.png\" alt=\"\" width=\"70\" height=\"70\" loading=\"lazy\"\/><\/div><div class=\"uagb-ifb-title-wrap\"><h3 class=\"uagb-ifb-title\">Pole Pro (wersja \u015bcienna)<\/h3><\/div><div class=\"uagb-ifb-button-wrapper wp-block-button\"><a href=\"https:\/\/drive.google.com\/uc?id=16eYBM97j23gtQ3NjDTtb4UzF8XLatWp_&amp;export=download\" target=\"_self\" onclick=\"return true;\" class=\"uagb-infobox-cta-link\" rel=\"noopener noreferrer\" alt=\"\"><span class=\"uagb-inline-editing\">RFA<\/span><svg xmlns=\"https:\/\/www.w3.org\/2000\/svg\" viewBox=\"0 0 256 512\"><path d=\"M118.6 105.4l128 127.1C252.9 239.6 256 247.8 256 255.1s-3.125 16.38-9.375 22.63l-128 127.1c-9.156 9.156-22.91 11.9-34.88 6.943S64 396.9 64 383.1V128c0-12.94 7.781-24.62 19.75-29.58S109.5 96.23 118.6 105.4z\"><\/path><\/svg><\/a><\/div><\/div><\/div>\n\n\n\n<div class=\"wp-block-uagb-info-box uagb-block-0d8552a8 uagb-infobox__content-wrap  uagb-infobox-icon-above-title uagb-infobox-image-valign-top\"><div class=\"uagb-ifb-content\"><div class=\"uagb-ifb-title-wrap\"><\/div><div class=\"uagb-ifb-button-wrapper wp-block-button\"><a href=\"https:\/\/drive.google.com\/uc?id=15lVWsk-sUtQkjRysFXuDQek3aag03RJW&amp;export=download\" target=\"_self\" onclick=\"return true;\" class=\"uagb-infobox-cta-link\" rel=\"noopener noreferrer\" alt=\"\"><span class=\"uagb-inline-editing\">IFC<\/span><svg xmlns=\"https:\/\/www.w3.org\/2000\/svg\" viewBox=\"0 0 256 512\"><path d=\"M118.6 105.4l128 127.1C252.9 239.6 256 247.8 256 255.1s-3.125 16.38-9.375 22.63l-128 127.1c-9.156 9.156-22.91 11.9-34.88 6.943S64 396.9 64 383.1V128c0-12.94 7.781-24.62 19.75-29.58S109.5 96.23 118.6 105.4z\"><\/path><\/svg><\/a><\/div><\/div><\/div>\n\n\n\n<div class=\"wp-block-uagb-info-box uagb-block-d084c01e uagb-infobox__content-wrap  uagb-infobox-icon-above-title uagb-infobox-image-valign-top\"><div class=\"uagb-ifb-content\"><div class=\"uagb-ifb-title-wrap\"><\/div><div class=\"uagb-ifb-button-wrapper wp-block-button\"><a href=\"https:\/\/drive.google.com\/uc?id=1AceiE0C_y0pGL9lMFf5w5agG5FSQYTHi&amp;export=download\" target=\"_self\" onclick=\"return true;\" class=\"uagb-infobox-cta-link\" rel=\"noopener noreferrer\" alt=\"\"><span class=\"uagb-inline-editing\">FBX<\/span><svg xmlns=\"https:\/\/www.w3.org\/2000\/svg\" viewBox=\"0 0 256 512\"><path d=\"M118.6 105.4l128 127.1C252.9 239.6 256 247.8 256 255.1s-3.125 16.38-9.375 22.63l-128 127.1c-9.156 9.156-22.91 11.9-34.88 6.943S64 396.9 64 383.1V128c0-12.94 7.781-24.62 19.75-29.58S109.5 96.23 118.6 105.4z\"><\/path><\/svg><\/a><\/div><\/div><\/div>\n<\/div>\n\n\n\n<div class=\"wp-block-uagb-container uagb-block-3a0bfb68\">\n<div class=\"wp-block-uagb-info-box uagb-block-17bb2f63 uagb-infobox__content-wrap  uagb-infobox-icon-above-title uagb-infobox-image-valign-top\"><div class=\"uagb-ifb-content\"><div class=\"uagb-ifb-image-content\"><img decoding=\"async\" src=\"https:\/\/v2charge.com\/wp-content\/uploads\/2025\/04\/icono-denka.png\" alt=\"\" width=\"70\" height=\"70\" loading=\"lazy\"\/><\/div><div class=\"uagb-ifb-title-wrap\"><h3 class=\"uagb-ifb-title\">Denka<\/h3><\/div><div class=\"uagb-ifb-button-wrapper wp-block-button\"><a href=\"https:\/\/drive.google.com\/uc?id=1J47EcX_Oo8s3xW-n7loyzcz6igmRcv-b&amp;export=download\" target=\"_self\" onclick=\"return true;\" class=\"uagb-infobox-cta-link\" rel=\"noopener noreferrer\" alt=\"\"><span class=\"uagb-inline-editing\">RFA<\/span><svg xmlns=\"https:\/\/www.w3.org\/2000\/svg\" viewBox=\"0 0 256 512\"><path d=\"M118.6 105.4l128 127.1C252.9 239.6 256 247.8 256 255.1s-3.125 16.38-9.375 22.63l-128 127.1c-9.156 9.156-22.91 11.9-34.88 6.943S64 396.9 64 383.1V128c0-12.94 7.781-24.62 19.75-29.58S109.5 96.23 118.6 105.4z\"><\/path><\/svg><\/a><\/div><\/div><\/div>\n\n\n\n<div class=\"wp-block-uagb-info-box uagb-block-1742e86c uagb-infobox__content-wrap  uagb-infobox-icon-above-title uagb-infobox-image-valign-top\"><div class=\"uagb-ifb-content\"><div class=\"uagb-ifb-title-wrap\"><\/div><div class=\"uagb-ifb-button-wrapper wp-block-button\"><a href=\"https:\/\/drive.google.com\/uc?id=1YUlkUl3QSVU042e9QM6qV3OXiwZxVbQd&amp;export=download\" target=\"_self\" onclick=\"return true;\" class=\"uagb-infobox-cta-link\" rel=\"noopener noreferrer\" alt=\"\"><span class=\"uagb-inline-editing\">IFC<\/span><svg xmlns=\"https:\/\/www.w3.org\/2000\/svg\" viewBox=\"0 0 256 512\"><path d=\"M118.6 105.4l128 127.1C252.9 239.6 256 247.8 256 255.1s-3.125 16.38-9.375 22.63l-128 127.1c-9.156 9.156-22.91 11.9-34.88 6.943S64 396.9 64 383.1V128c0-12.94 7.781-24.62 19.75-29.58S109.5 96.23 118.6 105.4z\"><\/path><\/svg><\/a><\/div><\/div><\/div>\n\n\n\n<div class=\"wp-block-uagb-info-box uagb-block-1a360d42 uagb-infobox__content-wrap  uagb-infobox-icon-above-title uagb-infobox-image-valign-top\"><div class=\"uagb-ifb-content\"><div class=\"uagb-ifb-title-wrap\"><\/div><div class=\"uagb-ifb-button-wrapper wp-block-button\"><a href=\"https:\/\/drive.google.com\/uc?id=1CL91_uXpa7czQtl585w6XZjgIky0BFQ3&amp;export=download\" target=\"_self\" onclick=\"return true;\" class=\"uagb-infobox-cta-link\" rel=\"noopener noreferrer\" alt=\"\"><span class=\"uagb-inline-editing\">FBX<\/span><svg xmlns=\"https:\/\/www.w3.org\/2000\/svg\" viewBox=\"0 0 256 512\"><path d=\"M118.6 105.4l128 127.1C252.9 239.6 256 247.8 256 255.1s-3.125 16.38-9.375 22.63l-128 127.1c-9.156 9.156-22.91 11.9-34.88 6.943S64 396.9 64 383.1V128c0-12.94 7.781-24.62 19.75-29.58S109.5 96.23 118.6 105.4z\"><\/path><\/svg><\/a><\/div><\/div><\/div>\n<\/div>\n<\/div><\/div>\n<\/div><\/div>\n\n\n\n<div class=\"wp-block-uagb-container uagb-block-5e6dcf38 alignfull uagb-is-root-container\"><div class=\"uagb-container-inner-blocks-wrap\">\n<div class=\"wp-block-uagb-advanced-heading uagb-block-ddceaf7c\"><h2 class=\"uagb-heading-text\">Wi\u0119cej informacji na temat r\u00f3\u017cnych format\u00f3w<\/h2><\/div>\n\n\n\n<div class=\"wp-block-uagb-container uagb-block-9f062c9f\">\n<div class=\"wp-block-uagb-advanced-heading uagb-block-c7cace08\"><h3 class=\"uagb-heading-text\"><mark class=\"uagb-highlight\">.rfa<\/mark> &#8211; Revit Family File<\/h3><\/div>\n\n\n\n<ul class=\"wp-block-list\">\n<li><strong>G\u0142\u00f3wne zastosowanie<\/strong>: Rodziny Revit (indywidualne elementy, takie jak drzwi, okna, meble itp.).<\/li>\n\n\n\n<li><strong>Cechy<\/strong>: Zawiera informacje parametryczne, materia\u0142y, geometri\u0119 i zachowanie obiektu.<\/li>\n\n\n\n<li><strong>Otwiera si\u0119 w<\/strong>: Revit.<\/li>\n<\/ul>\n<\/div>\n\n\n\n<div class=\"wp-block-uagb-container uagb-block-808c453a\">\n<div class=\"wp-block-uagb-advanced-heading uagb-block-10f765f8\"><h3 class=\"uagb-heading-text\"><mark class=\"uagb-highlight\">.ifc<\/mark> &#8211; Industry Foundation Classes<\/h3><\/div>\n\n\n\n<ul class=\"wp-block-list\">\n<li><strong>G\u0142\u00f3wne zastosowanie<\/strong>: Wymiana modeli mi\u0119dzy r\u00f3\u017cnymi platformami BIM.<\/li>\n\n\n\n<li><strong>Otwarte standardy<\/strong>: Tak, opracowane przez buildingSMART.<\/li>\n\n\n\n<li><strong>Idealne do<\/strong>: Wsp\u00f3\u0142pracy mi\u0119dzy r\u00f3\u017cnymi dyscyplinami lub oprogramowaniami (Revit, Archicad, Tekla itp.).<\/li>\n\n\n\n<li><strong>Otwiera si\u0119 w<\/strong>: Wiele program\u00f3w BIM.<\/li>\n<\/ul>\n<\/div>\n\n\n\n<div class=\"wp-block-uagb-container uagb-block-7141972a\">\n<div class=\"wp-block-uagb-advanced-heading uagb-block-72c1cfea\"><h3 class=\"uagb-heading-text\"><mark class=\"uagb-highlight\">.fbx<\/mark> &#8211; Filmbox<\/h3><\/div>\n\n\n\n<ul class=\"wp-block-list\">\n<li><strong>G\u0142\u00f3wne zastosowanie<\/strong>: Eksportowanie modeli 3D do wizualizacji w silnikach graficznych (Unity, Unreal Engine, 3ds Max itp.).<\/li>\n\n\n\n<li><strong>Idealne do<\/strong>: Wirtualna rzeczywisto\u015b\u0107, zaawansowane renderowanie, animacje.<\/li>\n\n\n\n<li><strong>Nie zachowuje<\/strong>: Informacji BIM, takich jak parametry lub zaawansowane materia\u0142y z Revit.<\/li>\n\n\n\n<li><strong>Otwiera si\u0119 w<\/strong>: Oprogramowanie do animacji i wizualizacji.<\/li>\n<\/ul>\n<\/div>\n<\/div><\/div>\n","protected":false},"excerpt":{"rendered":"<p>Modele BIM e-Chargers V2C Udost\u0119pniamy modele naszych \u0142adowarek w r\u00f3\u017cnych formatach, aby u\u0142atwi\u0107 ich integracj\u0119 w projektach projektowania, planowania i wizualizacji, optymalizuj\u0105c przep\u0142yw pracy BIM i interoperacyjno\u015b\u0107 z innymi programami. Modele BIM w formatach .rfa, .ifc i .fbx Wi\u0119cej informacji na temat r\u00f3\u017cnych format\u00f3w .rfa &#8211; Revit Family File .ifc &#8211; Industry Foundation Classes .fbx &#8230; <a title=\"Modele BIM\" class=\"read-more\" href=\"https:\/\/v2charge.com\/pl\/wsparcie\/bim\/\" aria-label=\"Read more about Modele BIM\">Dowiedz si\u0119 wi\u0119cej<\/a><\/p>\n","protected":false},"author":400,"featured_media":0,"parent":94441,"menu_order":0,"comment_status":"closed","ping_status":"closed","template":"","meta":{"_eb_attr":"","content-type":"","_uag_custom_page_level_css":"","footnotes":""},"class_list":["post-213046","page","type-page","status-publish"],"yoast_head":"<!-- This site is optimized with the Yoast SEO plugin v25.3.1 - https:\/\/yoast.com\/wordpress\/plugins\/seo\/ -->\n<title>Modele BIM e-Chargers V2C<\/title>\n<meta name=\"description\" content=\"Pobierz modele BIM \u0142adowarek V2C do integracji w projektach projektowania, planowania i wizualizacji.\" \/>\n<meta name=\"robots\" content=\"index, follow, max-snippet:-1, max-image-preview:large, max-video-preview:-1\" \/>\n<link rel=\"canonical\" href=\"https:\/\/v2charge.com\/pl\/wsparcie\/bim\/\" \/>\n<meta property=\"og:locale\" content=\"pl_PL\" \/>\n<meta property=\"og:type\" content=\"article\" \/>\n<meta property=\"og:title\" content=\"Modele BIM e-Chargers V2C\" \/>\n<meta property=\"og:description\" content=\"Pobierz modele BIM \u0142adowarek V2C do integracji w projektach projektowania, planowania i wizualizacji.\" \/>\n<meta property=\"og:url\" content=\"https:\/\/v2charge.com\/pl\/wsparcie\/bim\/\" \/>\n<meta property=\"og:site_name\" content=\"V2C\" \/>\n<meta property=\"article:publisher\" content=\"https:\/\/www.facebook.com\/V2C.Charge\" \/>\n<meta property=\"article:modified_time\" content=\"2025-04-02T13:09:16+00:00\" \/>\n<meta property=\"og:image\" content=\"https:\/\/v2charge.com\/wp-content\/uploads\/2025\/04\/icono-trydan.png\" \/>\n<meta name=\"twitter:card\" content=\"summary_large_image\" \/>\n<meta name=\"twitter:site\" content=\"@V2C_Charge\" \/>\n<meta name=\"twitter:label1\" content=\"Szacowany czas czytania\" \/>\n\t<meta name=\"twitter:data1\" content=\"2 minuty\" \/>\n<script type=\"application\/ld+json\" class=\"yoast-schema-graph\">{\"@context\":\"https:\/\/schema.org\",\"@graph\":[{\"@type\":\"WebPage\",\"@id\":\"https:\/\/v2charge.com\/pl\/wsparcie\/bim\/\",\"url\":\"https:\/\/v2charge.com\/pl\/wsparcie\/bim\/\",\"name\":\"Modele BIM e-Chargers V2C\",\"isPartOf\":{\"@id\":\"https:\/\/v2charge.com\/pl\/#website\"},\"primaryImageOfPage\":{\"@id\":\"https:\/\/v2charge.com\/pl\/wsparcie\/bim\/#primaryimage\"},\"image\":{\"@id\":\"https:\/\/v2charge.com\/pl\/wsparcie\/bim\/#primaryimage\"},\"thumbnailUrl\":\"https:\/\/v2charge.com\/wp-content\/uploads\/2025\/04\/icono-trydan.png\",\"datePublished\":\"2025-04-01T14:11:07+00:00\",\"dateModified\":\"2025-04-02T13:09:16+00:00\",\"description\":\"Pobierz modele BIM \u0142adowarek V2C do integracji w projektach projektowania, planowania i wizualizacji.\",\"breadcrumb\":{\"@id\":\"https:\/\/v2charge.com\/pl\/wsparcie\/bim\/#breadcrumb\"},\"inLanguage\":\"pl-PL\",\"potentialAction\":[{\"@type\":\"ReadAction\",\"target\":[\"https:\/\/v2charge.com\/pl\/wsparcie\/bim\/\"]}]},{\"@type\":\"ImageObject\",\"inLanguage\":\"pl-PL\",\"@id\":\"https:\/\/v2charge.com\/pl\/wsparcie\/bim\/#primaryimage\",\"url\":\"https:\/\/v2charge.com\/wp-content\/uploads\/2025\/04\/icono-trydan.png\",\"contentUrl\":\"https:\/\/v2charge.com\/wp-content\/uploads\/2025\/04\/icono-trydan.png\"},{\"@type\":\"BreadcrumbList\",\"@id\":\"https:\/\/v2charge.com\/pl\/wsparcie\/bim\/#breadcrumb\",\"itemListElement\":[{\"@type\":\"ListItem\",\"position\":1,\"name\":\"V2C\",\"item\":\"https:\/\/v2charge.com\/pl\/\"},{\"@type\":\"ListItem\",\"position\":2,\"name\":\"Obszar Wsparcie\",\"item\":\"https:\/\/v2charge.com\/pl\/wsparcie\/\"},{\"@type\":\"ListItem\",\"position\":3,\"name\":\"Modele BIM\"}]},{\"@type\":\"WebSite\",\"@id\":\"https:\/\/v2charge.com\/pl\/#website\",\"url\":\"https:\/\/v2charge.com\/pl\/\",\"name\":\"V2C\",\"description\":\"#CargandoElMa\u00f1ana\",\"publisher\":{\"@id\":\"https:\/\/v2charge.com\/pl\/#organization\"},\"potentialAction\":[{\"@type\":\"SearchAction\",\"target\":{\"@type\":\"EntryPoint\",\"urlTemplate\":\"https:\/\/v2charge.com\/pl\/?s={search_term_string}\"},\"query-input\":{\"@type\":\"PropertyValueSpecification\",\"valueRequired\":true,\"valueName\":\"search_term_string\"}}],\"inLanguage\":\"pl-PL\"},{\"@type\":\"Organization\",\"@id\":\"https:\/\/v2charge.com\/pl\/#organization\",\"name\":\"V2C\",\"url\":\"https:\/\/v2charge.com\/pl\/\",\"logo\":{\"@type\":\"ImageObject\",\"inLanguage\":\"pl-PL\",\"@id\":\"https:\/\/v2charge.com\/pl\/#\/schema\/logo\/image\/\",\"url\":\"https:\/\/v2charge.com\/wp-content\/uploads\/2024\/11\/cropped-v2c-charge-logo-menu.png\",\"contentUrl\":\"https:\/\/v2charge.com\/wp-content\/uploads\/2024\/11\/cropped-v2c-charge-logo-menu.png\",\"width\":984,\"height\":431,\"caption\":\"V2C\"},\"image\":{\"@id\":\"https:\/\/v2charge.com\/pl\/#\/schema\/logo\/image\/\"},\"sameAs\":[\"https:\/\/www.facebook.com\/V2C.Charge\",\"https:\/\/x.com\/V2C_Charge\",\"https:\/\/www.instagram.com\/v2c.charge\/\",\"https:\/\/www.youtube.com\/@V2C\",\"https:\/\/www.linkedin.com\/company\/v2c-chargers\/\"]}]}<\/script>\n<!-- \/ Yoast SEO plugin. -->","yoast_head_json":{"title":"Modele BIM e-Chargers V2C","description":"Pobierz modele BIM \u0142adowarek V2C do integracji w projektach projektowania, planowania i wizualizacji.","robots":{"index":"index","follow":"follow","max-snippet":"max-snippet:-1","max-image-preview":"max-image-preview:large","max-video-preview":"max-video-preview:-1"},"canonical":"https:\/\/v2charge.com\/pl\/wsparcie\/bim\/","og_locale":"pl_PL","og_type":"article","og_title":"Modele BIM e-Chargers V2C","og_description":"Pobierz modele BIM \u0142adowarek V2C do integracji w projektach projektowania, planowania i wizualizacji.","og_url":"https:\/\/v2charge.com\/pl\/wsparcie\/bim\/","og_site_name":"V2C","article_publisher":"https:\/\/www.facebook.com\/V2C.Charge","article_modified_time":"2025-04-02T13:09:16+00:00","og_image":[{"url":"https:\/\/v2charge.com\/wp-content\/uploads\/2025\/04\/icono-trydan.png","type":"","width":"","height":""}],"twitter_card":"summary_large_image","twitter_site":"@V2C_Charge","twitter_misc":{"Szacowany czas czytania":"2 minuty"},"schema":{"@context":"https:\/\/schema.org","@graph":[{"@type":"WebPage","@id":"https:\/\/v2charge.com\/pl\/wsparcie\/bim\/","url":"https:\/\/v2charge.com\/pl\/wsparcie\/bim\/","name":"Modele BIM e-Chargers V2C","isPartOf":{"@id":"https:\/\/v2charge.com\/pl\/#website"},"primaryImageOfPage":{"@id":"https:\/\/v2charge.com\/pl\/wsparcie\/bim\/#primaryimage"},"image":{"@id":"https:\/\/v2charge.com\/pl\/wsparcie\/bim\/#primaryimage"},"thumbnailUrl":"https:\/\/v2charge.com\/wp-content\/uploads\/2025\/04\/icono-trydan.png","datePublished":"2025-04-01T14:11:07+00:00","dateModified":"2025-04-02T13:09:16+00:00","description":"Pobierz modele BIM \u0142adowarek V2C do integracji w projektach projektowania, planowania i wizualizacji.","breadcrumb":{"@id":"https:\/\/v2charge.com\/pl\/wsparcie\/bim\/#breadcrumb"},"inLanguage":"pl-PL","potentialAction":[{"@type":"ReadAction","target":["https:\/\/v2charge.com\/pl\/wsparcie\/bim\/"]}]},{"@type":"ImageObject","inLanguage":"pl-PL","@id":"https:\/\/v2charge.com\/pl\/wsparcie\/bim\/#primaryimage","url":"https:\/\/v2charge.com\/wp-content\/uploads\/2025\/04\/icono-trydan.png","contentUrl":"https:\/\/v2charge.com\/wp-content\/uploads\/2025\/04\/icono-trydan.png"},{"@type":"BreadcrumbList","@id":"https:\/\/v2charge.com\/pl\/wsparcie\/bim\/#breadcrumb","itemListElement":[{"@type":"ListItem","position":1,"name":"V2C","item":"https:\/\/v2charge.com\/pl\/"},{"@type":"ListItem","position":2,"name":"Obszar Wsparcie","item":"https:\/\/v2charge.com\/pl\/wsparcie\/"},{"@type":"ListItem","position":3,"name":"Modele BIM"}]},{"@type":"WebSite","@id":"https:\/\/v2charge.com\/pl\/#website","url":"https:\/\/v2charge.com\/pl\/","name":"V2C","description":"#CargandoElMa\u00f1ana","publisher":{"@id":"https:\/\/v2charge.com\/pl\/#organization"},"potentialAction":[{"@type":"SearchAction","target":{"@type":"EntryPoint","urlTemplate":"https:\/\/v2charge.com\/pl\/?s={search_term_string}"},"query-input":{"@type":"PropertyValueSpecification","valueRequired":true,"valueName":"search_term_string"}}],"inLanguage":"pl-PL"},{"@type":"Organization","@id":"https:\/\/v2charge.com\/pl\/#organization","name":"V2C","url":"https:\/\/v2charge.com\/pl\/","logo":{"@type":"ImageObject","inLanguage":"pl-PL","@id":"https:\/\/v2charge.com\/pl\/#\/schema\/logo\/image\/","url":"https:\/\/v2charge.com\/wp-content\/uploads\/2024\/11\/cropped-v2c-charge-logo-menu.png","contentUrl":"https:\/\/v2charge.com\/wp-content\/uploads\/2024\/11\/cropped-v2c-charge-logo-menu.png","width":984,"height":431,"caption":"V2C"},"image":{"@id":"https:\/\/v2charge.com\/pl\/#\/schema\/logo\/image\/"},"sameAs":["https:\/\/www.facebook.com\/V2C.Charge","https:\/\/x.com\/V2C_Charge","https:\/\/www.instagram.com\/v2c.charge\/","https:\/\/www.youtube.com\/@V2C","https:\/\/www.linkedin.com\/company\/v2c-chargers\/"]}]}},"uagb_featured_image_src":{"full":false,"thumbnail":false,"medium":false,"medium_large":false,"large":false,"gs-tiny":false,"xl":false,"xxl":false,"xxxl":false,"xxxxl":false,"xxxxxl":false,"1536x1536":false,"2048x2048":false},"uagb_author_info":{"display_name":"V2C","author_link":"https:\/\/v2charge.com\/pl\/author\/marketing\/"},"uagb_comment_info":0,"uagb_excerpt":"Modele BIM e-Chargers V2C Udost\u0119pniamy modele naszych \u0142adowarek w r\u00f3\u017cnych formatach, aby u\u0142atwi\u0107 ich integracj\u0119 w projektach projektowania, planowania i wizualizacji, optymalizuj\u0105c przep\u0142yw pracy BIM i interoperacyjno\u015b\u0107 z innymi programami. Modele BIM w formatach .rfa, .ifc i .fbx Wi\u0119cej informacji na temat r\u00f3\u017cnych format\u00f3w .rfa &#8211; Revit Family File .ifc &#8211; Industry Foundation Classes .fbx&hellip;","_links":{"self":[{"href":"https:\/\/v2charge.com\/pl\/wp-json\/wp\/v2\/pages\/213046","targetHints":{"allow":["GET"]}}],"collection":[{"href":"https:\/\/v2charge.com\/pl\/wp-json\/wp\/v2\/pages"}],"about":[{"href":"https:\/\/v2charge.com\/pl\/wp-json\/wp\/v2\/types\/page"}],"author":[{"embeddable":true,"href":"https:\/\/v2charge.com\/pl\/wp-json\/wp\/v2\/users\/400"}],"replies":[{"embeddable":true,"href":"https:\/\/v2charge.com\/pl\/wp-json\/wp\/v2\/comments?post=213046"}],"version-history":[{"count":1,"href":"https:\/\/v2charge.com\/pl\/wp-json\/wp\/v2\/pages\/213046\/revisions"}],"predecessor-version":[{"id":213048,"href":"https:\/\/v2charge.com\/pl\/wp-json\/wp\/v2\/pages\/213046\/revisions\/213048"}],"up":[{"embeddable":true,"href":"https:\/\/v2charge.com\/pl\/wp-json\/wp\/v2\/pages\/94441"}],"wp:attachment":[{"href":"https:\/\/v2charge.com\/pl\/wp-json\/wp\/v2\/media?parent=213046"}],"curies":[{"name":"wp","href":"https:\/\/api.w.org\/{rel}","templated":true}]}}