{"id":241369,"date":"2025-08-01T12:58:14","date_gmt":"2025-08-01T10:58:14","guid":{"rendered":"https:\/\/v2charge.com\/wsparcie\/trydan\/medidor-mid\/"},"modified":"2025-08-06T11:39:17","modified_gmt":"2025-08-06T09:39:17","slug":"licznik-mid","status":"publish","type":"page","link":"https:\/\/v2charge.com\/pl\/wsparcie\/trydan\/licznik-mid\/","title":{"rendered":"Licznik MID"},"content":{"rendered":"\n<div class=\"wp-block-uagb-container uagb-block-4e29f302 alignfull uagb-is-root-container\"><div class=\"uagb-container-inner-blocks-wrap\"><div class=\"yoast-breadcrumbs\"><span><span><a href=\"https:\/\/v2charge.com\/pl\/\">V2C<\/a><\/span> \u00bb <span><a href=\"https:\/\/v2charge.com\/pl\/wsparcie\/\">Obszar Wsparcie<\/a><\/span> \u00bb <span><a href=\"https:\/\/v2charge.com\/pl\/wsparcie\/trydan\/\">Wsparcie Trydan<\/a><\/span> \u00bb <span class=\"breadcrumb_last\" aria-current=\"page\">Licznik MID<\/span><\/span><\/div>\n\n\n<div class=\"wp-block-uagb-advanced-heading uagb-block-eb8d37cd\"><h1 class=\"uagb-heading-text\"><strong>Licznik MID<\/strong><\/h1><\/div>\n\n\n\n<p><strong>Licznik MID<\/strong> to urz\u0105dzenie pomiarowe spe\u0142niaj\u0105ce wymagania Dyrektywy Europejskiej 2014\/32\/UE, znanej jako Dyrektywa MID (Measuring Instruments Directive).<br><\/p>\n\n\n\n<p>Liczniki MID umo\u017cliwiaj\u0105<strong> dok\u0142adne rejestrowanie zu\u017cytej energii podczas \u0142adowania pojazd\u00f3w elektrycznych, <\/strong>szczeg\u00f3lnie gdy wymagana jest certyfikowana pomiar w celach rozliczeniowych. Dzi\u0119ki certyfikacji MID liczniki te zapewniaj\u0105 operatorom, firmom i u\u017cytkownikom prywatnym przejrzysto\u015b\u0107 w rozliczeniach zu\u017cycia energii elektrycznej.<br><\/p>\n\n\n\n<p>Opr\u00f3cz \u0142adowarek do pojazd\u00f3w elektrycznych, liczniki MID s\u0105 r\u00f3wnie\u017c stosowane w instalacjach <strong>przemys\u0142owych, komercyjnych i mieszkaniowych, <\/strong>gdzie dok\u0142adno\u015b\u0107 i \u015bledzenie danych energetycznych s\u0105 kluczowe.<br><\/p>\n\n\n\n<hr class=\"wp-block-separator has-alpha-channel-opacity\"\/>\n<\/div><\/div>\n\n\n\n<div class=\"wp-block-uagb-advanced-heading uagb-block-f436cc25\"><h1 class=\"uagb-heading-text\"><strong>Jak pod\u0142\u0105czy\u0107 licznik MID<\/strong><\/h1><\/div>\n\n\n\n<p><strong>Licznik MID zasilany jest faz\u0105 wychodz\u0105c\u0105 z bloku zabezpiecze\u0144. <\/strong>Jak wida\u0107 na ilustracji, przew\u00f3d neutralny (niebieski) wchodzi i wychodzi z g\u00f3rnych z\u0142\u0105czy licznika, natomiast faza 1 wchodzi i wychodzi z dolnych z\u0142\u0105czy.<br><\/p>\n\n\n\n<div class=\"wp-block-uagb-container uagb-block-a856e430 alignwide uagb-is-root-container\">\n<div class=\"wp-block-uagb-container uagb-block-1c381015\">\n<div class=\"wp-block-uagb-image uagb-block-88976d01 wp-block-uagb-image--layout-default wp-block-uagb-image--effect-zoomin wp-block-uagb-image--align-none\"><figure class=\"wp-block-uagb-image__figure\"><img decoding=\"async\" srcset=\"https:\/\/v2charge.com\/wp-content\/uploads\/2025\/08\/medidor-mid.jpg ,https:\/\/v2charge.com\/wp-content\/uploads\/2025\/08\/medidor-mid.jpg 780w, https:\/\/v2charge.com\/wp-content\/uploads\/2025\/08\/medidor-mid.jpg 360w\" sizes=\"auto, (max-width: 480px) 150px\" src=\"https:\/\/v2charge.com\/wp-content\/uploads\/2025\/08\/medidor-mid.jpg\" alt=\"\" class=\"uag-image-240966\" width=\"842\" height=\"610\" title=\"medidor-mid\" loading=\"lazy\" role=\"img\"\/><\/figure><\/div>\n<\/div>\n\n\n\n<div class=\"wp-block-uagb-container margen-acordeon uagb-block-02f02898\">\n<div class=\"wp-block-uagb-info-box uagb-block-b2701ecb uagb-infobox__content-wrap  uagb-infobox-icon-left uagb-infobox-left uagb-infobox-stacked-tablet uagb-infobox-image-valign-top\"><div class=\"uagb-ifb-image-content\"><img decoding=\"async\" src=\"https:\/\/v2charge.com\/wp-content\/uploads\/2023\/11\/numero-uno.png\" alt=\"\" width=\"25\" height=\"25\" loading=\"lazy\"\/><\/div><div class=\"uagb-ifb-content\"><div class=\"uagb-ifb-title-wrap\"><\/div><p class=\"uagb-ifb-desc\">Instalacja jednofazowa<\/p><\/div><\/div>\n\n\n\n<div class=\"wp-block-uagb-info-box uagb-block-84c1f95e uagb-infobox__content-wrap  uagb-infobox-icon-left uagb-infobox-left uagb-infobox-stacked-tablet uagb-infobox-image-valign-top\"><div class=\"uagb-ifb-image-content\"><img decoding=\"async\" src=\"https:\/\/v2charge.com\/wp-content\/uploads\/2023\/11\/numero-dos.png\" alt=\"\" width=\"25\" height=\"25\" loading=\"lazy\"\/><\/div><div class=\"uagb-ifb-content\"><div class=\"uagb-ifb-title-wrap\"><\/div><p class=\"uagb-ifb-desc\">Licznik MID<\/p><\/div><\/div>\n\n\n\n<div class=\"wp-block-uagb-info-box uagb-block-d2b382d2 uagb-infobox__content-wrap  uagb-infobox-icon-left uagb-infobox-left uagb-infobox-stacked-tablet uagb-infobox-image-valign-top\"><div class=\"uagb-ifb-image-content\"><img decoding=\"async\" src=\"https:\/\/v2charge.com\/wp-content\/uploads\/2023\/11\/numero-tres.png\" alt=\"\" width=\"25\" height=\"25\" loading=\"lazy\"\/><\/div><div class=\"uagb-ifb-content\"><div class=\"uagb-ifb-title-wrap\"><\/div><p class=\"uagb-ifb-desc\">P\u0142yta mocy<\/p><\/div><\/div>\n\n\n\n<div class=\"wp-block-uagb-info-box uagb-block-510c4db1 uagb-infobox__content-wrap  uagb-infobox-icon-left uagb-infobox-left uagb-infobox-stacked-tablet uagb-infobox-image-valign-top\"><div class=\"uagb-ifb-image-content\"><img decoding=\"async\" src=\"https:\/\/v2charge.com\/wp-content\/uploads\/2023\/11\/numero-cuatro.png\" alt=\"\" width=\"25\" height=\"25\" loading=\"lazy\"\/><\/div><div class=\"uagb-ifb-content\"><div class=\"uagb-ifb-title-wrap\"><\/div><p class=\"uagb-ifb-desc\">CON6 (A i B)<\/p><\/div><\/div>\n\n\n\n<div class=\"wp-block-uagb-info-box uagb-block-1b65eb79 uagb-infobox__content-wrap  uagb-infobox-icon-left uagb-infobox-left uagb-infobox-stacked-tablet uagb-infobox-image-valign-top\"><div class=\"uagb-ifb-image-content\"><img decoding=\"async\" src=\"https:\/\/v2charge.com\/wp-content\/uploads\/2023\/11\/numero-cinco.png\" alt=\"\" width=\"25\" height=\"25\" loading=\"lazy\"\/><\/div><div class=\"uagb-ifb-content\"><div class=\"uagb-ifb-title-wrap\"><\/div><p class=\"uagb-ifb-desc\">Przew\u00f3d \u0142adowania<\/p><\/div><\/div>\n\n\n\n<div class=\"wp-block-uagb-info-box uagb-block-617adc4f uagb-infobox__content-wrap  uagb-infobox-icon-left uagb-infobox-left uagb-infobox-stacked-tablet uagb-infobox-image-valign-top\"><div class=\"uagb-ifb-image-content\"><img decoding=\"async\" src=\"https:\/\/v2charge.com\/wp-content\/uploads\/2023\/12\/numero-seis.png\" alt=\"\" width=\"25\" height=\"25\" loading=\"lazy\"\/><\/div><div class=\"uagb-ifb-content\"><div class=\"uagb-ifb-title-wrap\"><\/div><p class=\"uagb-ifb-desc\">Obudowa e-Charger<\/p><\/div><\/div>\n<\/div>\n<\/div>\n\n\n\n<hr class=\"wp-block-separator has-alpha-channel-opacity\"\/>\n\n\n\n<div class=\"wp-block-uagb-advanced-heading uagb-block-3510d36a\"><h1 class=\"uagb-heading-text\"><strong>Jak skonfigurowa\u0107 licznik MID<\/strong><\/h1><\/div>\n\n\n\n<p>Konfiguracja licznika MID<a href=\"https:\/\/v2charge.com\/support\/trydan\/navigation-buttons-display\/\"> <strong>odbywa si\u0119 z poziomu przycisk\u00f3w na \u0142adowarce Trydan. <\/strong><\/a>Nale\u017cy wej\u015b\u0107 w ustawienia \u201e<strong><strong>Additional<\/strong><\/strong>\u201d, nast\u0119pnie przej\u015b\u0107 do sekcji \u201e<strong>MID<\/strong> <strong>meter<\/strong>\u201d i wybra\u0107 \u201e<strong>Single-phase<\/strong>\u201d lub \u201e<strong>Three-phase<\/strong>\u201d.<br><br>Je\u015bli licznik MID nie jest zainstalowany, nale\u017cy wybra\u0107 opcj\u0119 \u201e<strong>No<\/strong>\u201d.<br><\/p>\n\n\n\n<div class=\"wp-block-uagb-container uagb-block-d7888932 default uagb-is-root-container\">\n<div class=\"wp-block-uagb-container uagb-block-51c979ca\">\n<div class=\"wp-block-uagb-image uagb-block-522c59ec wp-block-uagb-image--layout-default wp-block-uagb-image--effect-static wp-block-uagb-image--align-none\"><figure class=\"wp-block-uagb-image__figure\"><img decoding=\"async\" srcset=\"https:\/\/v2charge.com\/wp-content\/uploads\/2024\/06\/mid-meter-single-phase.png ,https:\/\/v2charge.com\/wp-content\/uploads\/2024\/06\/mid-meter-single-phase.png 780w, https:\/\/v2charge.com\/wp-content\/uploads\/2024\/06\/mid-meter-single-phase.png 360w\" sizes=\"auto, (max-width: 480px) 150px\" src=\"https:\/\/v2charge.com\/wp-content\/uploads\/2024\/06\/mid-meter-single-phase.png\" alt=\"\" class=\"uag-image-159571\" width=\"685\" height=\"166\" title=\"mid-meter-single-phase\" loading=\"lazy\" role=\"img\"\/><\/figure><\/div>\n<\/div>\n\n\n\n<div class=\"wp-block-uagb-container uagb-block-c2a9fa26\">\n<div class=\"wp-block-uagb-image uagb-block-1dd3bb79 wp-block-uagb-image--layout-default wp-block-uagb-image--effect-static wp-block-uagb-image--align-none\"><figure class=\"wp-block-uagb-image__figure\"><img decoding=\"async\" srcset=\"https:\/\/v2charge.com\/wp-content\/uploads\/2024\/06\/mid-meter-no.png ,https:\/\/v2charge.com\/wp-content\/uploads\/2024\/06\/mid-meter-no.png 780w, https:\/\/v2charge.com\/wp-content\/uploads\/2024\/06\/mid-meter-no.png 360w\" sizes=\"auto, (max-width: 480px) 150px\" src=\"https:\/\/v2charge.com\/wp-content\/uploads\/2024\/06\/mid-meter-no.png\" alt=\"\" class=\"uag-image-159591\" width=\"685\" height=\"166\" title=\"mid-meter-no\" loading=\"lazy\" role=\"img\"\/><\/figure><\/div>\n<\/div>\n\n\n\n<div class=\"wp-block-uagb-container uagb-block-971804f3\">\n<div class=\"wp-block-uagb-image uagb-block-8e1dc988 wp-block-uagb-image--layout-default wp-block-uagb-image--effect-static wp-block-uagb-image--align-none\"><figure class=\"wp-block-uagb-image__figure\"><img decoding=\"async\" srcset=\"https:\/\/v2charge.com\/wp-content\/uploads\/2024\/06\/mid-meter-three-phase.png ,https:\/\/v2charge.com\/wp-content\/uploads\/2024\/06\/mid-meter-three-phase.png 780w, https:\/\/v2charge.com\/wp-content\/uploads\/2024\/06\/mid-meter-three-phase.png 360w\" sizes=\"auto, (max-width: 480px) 150px\" src=\"https:\/\/v2charge.com\/wp-content\/uploads\/2024\/06\/mid-meter-three-phase.png\" alt=\"\" class=\"uag-image-159581\" width=\"685\" height=\"166\" title=\"mid-meter-three-phase\" loading=\"lazy\" role=\"img\"\/><\/figure><\/div>\n<\/div>\n<\/div>\n\n\n\n<div style=\"height:30px\" aria-hidden=\"true\" class=\"wp-block-spacer uag-hide-mob\"><\/div>\n\n\n\n<div style=\"height:50px\" aria-hidden=\"true\" class=\"wp-block-spacer\"><\/div>\n\n\n\n<div class=\"wp-block-uagb-container uagb-block-c6f38013 alignfull uagb-is-root-container\"><div class=\"uagb-container-inner-blocks-wrap\">\n<div class=\"wp-block-uagb-advanced-heading uagb-block-6963d70c\"><h2 class=\"uagb-heading-text\"><strong><strong>Potrzebujesz wsparcia technicznego?<\/strong><\/strong><\/h2><\/div>\n\n\n\n<div class=\"wp-block-uagb-advanced-heading uagb-block-408243eb\"><p class=\"uagb-heading-text\">Wygeneruj zg\u0142oszenie w Centrum Wsparcia Technicznego, a my skontaktujemy si\u0119 z Tob\u0105 tak szybko, jak to mo\u017cliwe, aby zaoferowa\u0107 Ci najlepsze rozwi\u0105zanie.<br><a href=\"https:\/\/v2charge.atlassian.net\/servicedesk\/customer\/portal\/3\"><\/a><\/p><\/div>\n\n\n\n<div class=\"wp-block-uagb-buttons uagb-buttons__outer-wrap uagb-btn__default-btn uagb-btn-tablet__default-btn uagb-btn-mobile__default-btn uagb-block-ba1e67d1\"><div class=\"uagb-buttons__wrap uagb-buttons-layout-wrap \">\n<div class=\"wp-block-uagb-buttons-child uagb-buttons__outer-wrap uagb-block-23cfb623 wp-block-button\"><div class=\"uagb-button__wrapper\"><a class=\"uagb-buttons-repeater wp-block-button__link\" aria-label=\"\" href=\"https:\/\/v2charge.atlassian.net\/servicedesk\/customer\/portal\/3\" rel=\"follow noopener\" target=\"_self\" role=\"button\"><div class=\"uagb-button__link\">Kontakt z pomoc\u0105 techniczn\u0105<\/div><\/a><\/div><\/div>\n<\/div><\/div>\n<\/div><\/div>\n\n\n\n<p><\/p>\n","protected":false},"excerpt":{"rendered":"<p>Licznik MID Licznik MID to urz\u0105dzenie pomiarowe spe\u0142niaj\u0105ce wymagania Dyrektywy Europejskiej 2014\/32\/UE, znanej jako Dyrektywa MID (Measuring Instruments Directive). Liczniki MID umo\u017cliwiaj\u0105 dok\u0142adne rejestrowanie zu\u017cytej energii podczas \u0142adowania pojazd\u00f3w elektrycznych, szczeg\u00f3lnie gdy wymagana jest certyfikowana pomiar w celach rozliczeniowych. Dzi\u0119ki certyfikacji MID liczniki te zapewniaj\u0105 operatorom, firmom i u\u017cytkownikom prywatnym przejrzysto\u015b\u0107 w rozliczeniach zu\u017cycia energii &#8230; <a title=\"Licznik MID\" class=\"read-more\" href=\"https:\/\/v2charge.com\/pl\/wsparcie\/trydan\/licznik-mid\/\" aria-label=\"Read more about Licznik MID\">Dowiedz si\u0119 wi\u0119cej<\/a><\/p>\n","protected":false},"author":400,"featured_media":0,"parent":108154,"menu_order":0,"comment_status":"closed","ping_status":"closed","template":"","meta":{"_eb_attr":"","content-type":"","_uag_custom_page_level_css":"","footnotes":""},"class_list":["post-241369","page","type-page","status-publish"],"yoast_head":"<!-- This site is optimized with the Yoast SEO plugin v25.3.1 - https:\/\/yoast.com\/wordpress\/plugins\/seo\/ -->\n<title>Licznik MID - V2C<\/title>\n<meta name=\"description\" content=\"Dowiedz si\u0119, jak pod\u0142\u0105czy\u0107 i skonfigurowa\u0107 licznik MID \u2013 urz\u0105dzenie, kt\u00f3re precyzyjnie rejestruje zu\u017cyt\u0105 energi\u0119 podczas \u0142adowania EV.\" \/>\n<meta name=\"robots\" content=\"index, follow, max-snippet:-1, max-image-preview:large, max-video-preview:-1\" \/>\n<link rel=\"canonical\" href=\"https:\/\/v2charge.com\/pl\/wsparcie\/trydan\/licznik-mid\/\" \/>\n<meta property=\"og:locale\" content=\"pl_PL\" \/>\n<meta property=\"og:type\" content=\"article\" \/>\n<meta property=\"og:title\" content=\"Licznik MID - V2C\" \/>\n<meta property=\"og:description\" content=\"Dowiedz si\u0119, jak pod\u0142\u0105czy\u0107 i skonfigurowa\u0107 licznik MID \u2013 urz\u0105dzenie, kt\u00f3re precyzyjnie rejestruje zu\u017cyt\u0105 energi\u0119 podczas \u0142adowania EV.\" \/>\n<meta property=\"og:url\" content=\"https:\/\/v2charge.com\/pl\/wsparcie\/trydan\/licznik-mid\/\" \/>\n<meta property=\"og:site_name\" content=\"V2C\" \/>\n<meta property=\"article:publisher\" content=\"https:\/\/www.facebook.com\/V2C.Charge\" \/>\n<meta property=\"article:modified_time\" content=\"2025-08-06T09:39:17+00:00\" \/>\n<meta property=\"og:image\" content=\"https:\/\/v2charge.com\/wp-content\/uploads\/2025\/08\/medidor-mid.jpg\" \/>\n<meta name=\"twitter:card\" content=\"summary_large_image\" \/>\n<meta name=\"twitter:site\" content=\"@V2C_Charge\" \/>\n<meta name=\"twitter:label1\" content=\"Szacowany czas czytania\" \/>\n\t<meta name=\"twitter:data1\" content=\"3 minuty\" \/>\n<script type=\"application\/ld+json\" class=\"yoast-schema-graph\">{\"@context\":\"https:\/\/schema.org\",\"@graph\":[{\"@type\":\"WebPage\",\"@id\":\"https:\/\/v2charge.com\/pl\/wsparcie\/trydan\/licznik-mid\/\",\"url\":\"https:\/\/v2charge.com\/pl\/wsparcie\/trydan\/licznik-mid\/\",\"name\":\"Licznik MID - V2C\",\"isPartOf\":{\"@id\":\"https:\/\/v2charge.com\/pl\/#website\"},\"primaryImageOfPage\":{\"@id\":\"https:\/\/v2charge.com\/pl\/wsparcie\/trydan\/licznik-mid\/#primaryimage\"},\"image\":{\"@id\":\"https:\/\/v2charge.com\/pl\/wsparcie\/trydan\/licznik-mid\/#primaryimage\"},\"thumbnailUrl\":\"https:\/\/v2charge.com\/wp-content\/uploads\/2025\/08\/medidor-mid.jpg\",\"datePublished\":\"2025-08-01T10:58:14+00:00\",\"dateModified\":\"2025-08-06T09:39:17+00:00\",\"description\":\"Dowiedz si\u0119, jak pod\u0142\u0105czy\u0107 i skonfigurowa\u0107 licznik MID \u2013 urz\u0105dzenie, kt\u00f3re precyzyjnie rejestruje zu\u017cyt\u0105 energi\u0119 podczas \u0142adowania EV.\",\"breadcrumb\":{\"@id\":\"https:\/\/v2charge.com\/pl\/wsparcie\/trydan\/licznik-mid\/#breadcrumb\"},\"inLanguage\":\"pl-PL\",\"potentialAction\":[{\"@type\":\"ReadAction\",\"target\":[\"https:\/\/v2charge.com\/pl\/wsparcie\/trydan\/licznik-mid\/\"]}]},{\"@type\":\"ImageObject\",\"inLanguage\":\"pl-PL\",\"@id\":\"https:\/\/v2charge.com\/pl\/wsparcie\/trydan\/licznik-mid\/#primaryimage\",\"url\":\"https:\/\/v2charge.com\/wp-content\/uploads\/2025\/08\/medidor-mid.jpg\",\"contentUrl\":\"https:\/\/v2charge.com\/wp-content\/uploads\/2025\/08\/medidor-mid.jpg\"},{\"@type\":\"BreadcrumbList\",\"@id\":\"https:\/\/v2charge.com\/pl\/wsparcie\/trydan\/licznik-mid\/#breadcrumb\",\"itemListElement\":[{\"@type\":\"ListItem\",\"position\":1,\"name\":\"V2C\",\"item\":\"https:\/\/v2charge.com\/pl\/\"},{\"@type\":\"ListItem\",\"position\":2,\"name\":\"Obszar Wsparcie\",\"item\":\"https:\/\/v2charge.com\/pl\/wsparcie\/\"},{\"@type\":\"ListItem\",\"position\":3,\"name\":\"Wsparcie Trydan\",\"item\":\"https:\/\/v2charge.com\/pl\/wsparcie\/trydan\/\"},{\"@type\":\"ListItem\",\"position\":4,\"name\":\"Licznik MID\"}]},{\"@type\":\"WebSite\",\"@id\":\"https:\/\/v2charge.com\/pl\/#website\",\"url\":\"https:\/\/v2charge.com\/pl\/\",\"name\":\"V2C\",\"description\":\"#CargandoElMa\u00f1ana\",\"publisher\":{\"@id\":\"https:\/\/v2charge.com\/pl\/#organization\"},\"potentialAction\":[{\"@type\":\"SearchAction\",\"target\":{\"@type\":\"EntryPoint\",\"urlTemplate\":\"https:\/\/v2charge.com\/pl\/?s={search_term_string}\"},\"query-input\":{\"@type\":\"PropertyValueSpecification\",\"valueRequired\":true,\"valueName\":\"search_term_string\"}}],\"inLanguage\":\"pl-PL\"},{\"@type\":\"Organization\",\"@id\":\"https:\/\/v2charge.com\/pl\/#organization\",\"name\":\"V2C\",\"url\":\"https:\/\/v2charge.com\/pl\/\",\"logo\":{\"@type\":\"ImageObject\",\"inLanguage\":\"pl-PL\",\"@id\":\"https:\/\/v2charge.com\/pl\/#\/schema\/logo\/image\/\",\"url\":\"https:\/\/v2charge.com\/wp-content\/uploads\/2024\/11\/cropped-v2c-charge-logo-menu.png\",\"contentUrl\":\"https:\/\/v2charge.com\/wp-content\/uploads\/2024\/11\/cropped-v2c-charge-logo-menu.png\",\"width\":984,\"height\":431,\"caption\":\"V2C\"},\"image\":{\"@id\":\"https:\/\/v2charge.com\/pl\/#\/schema\/logo\/image\/\"},\"sameAs\":[\"https:\/\/www.facebook.com\/V2C.Charge\",\"https:\/\/x.com\/V2C_Charge\",\"https:\/\/www.instagram.com\/v2c.charge\/\",\"https:\/\/www.youtube.com\/@V2C\",\"https:\/\/www.linkedin.com\/company\/v2c-chargers\/\"]}]}<\/script>\n<!-- \/ Yoast SEO plugin. -->","yoast_head_json":{"title":"Licznik MID - V2C","description":"Dowiedz si\u0119, jak pod\u0142\u0105czy\u0107 i skonfigurowa\u0107 licznik MID \u2013 urz\u0105dzenie, kt\u00f3re precyzyjnie rejestruje zu\u017cyt\u0105 energi\u0119 podczas \u0142adowania EV.","robots":{"index":"index","follow":"follow","max-snippet":"max-snippet:-1","max-image-preview":"max-image-preview:large","max-video-preview":"max-video-preview:-1"},"canonical":"https:\/\/v2charge.com\/pl\/wsparcie\/trydan\/licznik-mid\/","og_locale":"pl_PL","og_type":"article","og_title":"Licznik MID - V2C","og_description":"Dowiedz si\u0119, jak pod\u0142\u0105czy\u0107 i skonfigurowa\u0107 licznik MID \u2013 urz\u0105dzenie, kt\u00f3re precyzyjnie rejestruje zu\u017cyt\u0105 energi\u0119 podczas \u0142adowania EV.","og_url":"https:\/\/v2charge.com\/pl\/wsparcie\/trydan\/licznik-mid\/","og_site_name":"V2C","article_publisher":"https:\/\/www.facebook.com\/V2C.Charge","article_modified_time":"2025-08-06T09:39:17+00:00","og_image":[{"url":"https:\/\/v2charge.com\/wp-content\/uploads\/2025\/08\/medidor-mid.jpg","type":"","width":"","height":""}],"twitter_card":"summary_large_image","twitter_site":"@V2C_Charge","twitter_misc":{"Szacowany czas czytania":"3 minuty"},"schema":{"@context":"https:\/\/schema.org","@graph":[{"@type":"WebPage","@id":"https:\/\/v2charge.com\/pl\/wsparcie\/trydan\/licznik-mid\/","url":"https:\/\/v2charge.com\/pl\/wsparcie\/trydan\/licznik-mid\/","name":"Licznik MID - V2C","isPartOf":{"@id":"https:\/\/v2charge.com\/pl\/#website"},"primaryImageOfPage":{"@id":"https:\/\/v2charge.com\/pl\/wsparcie\/trydan\/licznik-mid\/#primaryimage"},"image":{"@id":"https:\/\/v2charge.com\/pl\/wsparcie\/trydan\/licznik-mid\/#primaryimage"},"thumbnailUrl":"https:\/\/v2charge.com\/wp-content\/uploads\/2025\/08\/medidor-mid.jpg","datePublished":"2025-08-01T10:58:14+00:00","dateModified":"2025-08-06T09:39:17+00:00","description":"Dowiedz si\u0119, jak pod\u0142\u0105czy\u0107 i skonfigurowa\u0107 licznik MID \u2013 urz\u0105dzenie, kt\u00f3re precyzyjnie rejestruje zu\u017cyt\u0105 energi\u0119 podczas \u0142adowania EV.","breadcrumb":{"@id":"https:\/\/v2charge.com\/pl\/wsparcie\/trydan\/licznik-mid\/#breadcrumb"},"inLanguage":"pl-PL","potentialAction":[{"@type":"ReadAction","target":["https:\/\/v2charge.com\/pl\/wsparcie\/trydan\/licznik-mid\/"]}]},{"@type":"ImageObject","inLanguage":"pl-PL","@id":"https:\/\/v2charge.com\/pl\/wsparcie\/trydan\/licznik-mid\/#primaryimage","url":"https:\/\/v2charge.com\/wp-content\/uploads\/2025\/08\/medidor-mid.jpg","contentUrl":"https:\/\/v2charge.com\/wp-content\/uploads\/2025\/08\/medidor-mid.jpg"},{"@type":"BreadcrumbList","@id":"https:\/\/v2charge.com\/pl\/wsparcie\/trydan\/licznik-mid\/#breadcrumb","itemListElement":[{"@type":"ListItem","position":1,"name":"V2C","item":"https:\/\/v2charge.com\/pl\/"},{"@type":"ListItem","position":2,"name":"Obszar Wsparcie","item":"https:\/\/v2charge.com\/pl\/wsparcie\/"},{"@type":"ListItem","position":3,"name":"Wsparcie Trydan","item":"https:\/\/v2charge.com\/pl\/wsparcie\/trydan\/"},{"@type":"ListItem","position":4,"name":"Licznik MID"}]},{"@type":"WebSite","@id":"https:\/\/v2charge.com\/pl\/#website","url":"https:\/\/v2charge.com\/pl\/","name":"V2C","description":"#CargandoElMa\u00f1ana","publisher":{"@id":"https:\/\/v2charge.com\/pl\/#organization"},"potentialAction":[{"@type":"SearchAction","target":{"@type":"EntryPoint","urlTemplate":"https:\/\/v2charge.com\/pl\/?s={search_term_string}"},"query-input":{"@type":"PropertyValueSpecification","valueRequired":true,"valueName":"search_term_string"}}],"inLanguage":"pl-PL"},{"@type":"Organization","@id":"https:\/\/v2charge.com\/pl\/#organization","name":"V2C","url":"https:\/\/v2charge.com\/pl\/","logo":{"@type":"ImageObject","inLanguage":"pl-PL","@id":"https:\/\/v2charge.com\/pl\/#\/schema\/logo\/image\/","url":"https:\/\/v2charge.com\/wp-content\/uploads\/2024\/11\/cropped-v2c-charge-logo-menu.png","contentUrl":"https:\/\/v2charge.com\/wp-content\/uploads\/2024\/11\/cropped-v2c-charge-logo-menu.png","width":984,"height":431,"caption":"V2C"},"image":{"@id":"https:\/\/v2charge.com\/pl\/#\/schema\/logo\/image\/"},"sameAs":["https:\/\/www.facebook.com\/V2C.Charge","https:\/\/x.com\/V2C_Charge","https:\/\/www.instagram.com\/v2c.charge\/","https:\/\/www.youtube.com\/@V2C","https:\/\/www.linkedin.com\/company\/v2c-chargers\/"]}]}},"uagb_featured_image_src":{"full":false,"thumbnail":false,"medium":false,"medium_large":false,"large":false,"gs-tiny":false,"xl":false,"xxl":false,"xxxl":false,"xxxxl":false,"xxxxxl":false,"1536x1536":false,"2048x2048":false},"uagb_author_info":{"display_name":"V2C","author_link":"https:\/\/v2charge.com\/pl\/author\/marketing\/"},"uagb_comment_info":0,"uagb_excerpt":"Licznik MID Licznik MID to urz\u0105dzenie pomiarowe spe\u0142niaj\u0105ce wymagania Dyrektywy Europejskiej 2014\/32\/UE, znanej jako Dyrektywa MID (Measuring Instruments Directive). Liczniki MID umo\u017cliwiaj\u0105 dok\u0142adne rejestrowanie zu\u017cytej energii podczas \u0142adowania pojazd\u00f3w elektrycznych, szczeg\u00f3lnie gdy wymagana jest certyfikowana pomiar w celach rozliczeniowych. Dzi\u0119ki certyfikacji MID liczniki te zapewniaj\u0105 operatorom, firmom i u\u017cytkownikom prywatnym przejrzysto\u015b\u0107 w rozliczeniach zu\u017cycia energii&hellip;","_links":{"self":[{"href":"https:\/\/v2charge.com\/pl\/wp-json\/wp\/v2\/pages\/241369","targetHints":{"allow":["GET"]}}],"collection":[{"href":"https:\/\/v2charge.com\/pl\/wp-json\/wp\/v2\/pages"}],"about":[{"href":"https:\/\/v2charge.com\/pl\/wp-json\/wp\/v2\/types\/page"}],"author":[{"embeddable":true,"href":"https:\/\/v2charge.com\/pl\/wp-json\/wp\/v2\/users\/400"}],"replies":[{"embeddable":true,"href":"https:\/\/v2charge.com\/pl\/wp-json\/wp\/v2\/comments?post=241369"}],"version-history":[{"count":10,"href":"https:\/\/v2charge.com\/pl\/wp-json\/wp\/v2\/pages\/241369\/revisions"}],"predecessor-version":[{"id":241797,"href":"https:\/\/v2charge.com\/pl\/wp-json\/wp\/v2\/pages\/241369\/revisions\/241797"}],"up":[{"embeddable":true,"href":"https:\/\/v2charge.com\/pl\/wp-json\/wp\/v2\/pages\/108154"}],"wp:attachment":[{"href":"https:\/\/v2charge.com\/pl\/wp-json\/wp\/v2\/media?parent=241369"}],"curies":[{"name":"wp","href":"https:\/\/api.w.org\/{rel}","templated":true}]}}