{"id":94160,"date":"2021-10-11T07:44:05","date_gmt":"2021-10-11T07:44:05","guid":{"rendered":"https:\/\/v2charge.com\/e-chargers\/"},"modified":"2025-05-16T09:25:08","modified_gmt":"2025-05-16T07:25:08","slug":"e-chargers","status":"publish","type":"page","link":"https:\/\/v2charge.com\/pl\/e-chargers\/","title":{"rendered":"e-Chargers"},"content":{"rendered":"\n<div class=\"wp-block-uagb-container uagb-block-366306f7 alignfull uagb-is-root-container\"><div class=\"uagb-container-inner-blocks-wrap\">\n<div class=\"wp-block-uagb-advanced-heading uagb-block-43a07185\"><h1 class=\"uagb-heading-text\">Poznaj nasze \u0142adowarki V2C<\/h1><\/div>\n\n\n\n<div class=\"wp-block-uagb-advanced-heading uagb-block-0a76cd4c\"><h2 class=\"uagb-heading-text\">Znajd\u017a odpowiedni\u0105 \u0142adowark\u0119 dla swoich potrzeb<\/h2><\/div>\n<\/div><\/div>\n\n\n\n<div class=\"wp-block-uagb-container uagb-block-dc24379a alignfull uagb-is-root-container\">\n<div class=\"wp-block-uagb-container uagb-block-fd1d941d\">\n<div class=\"wp-block-uagb-container uagb-block-e187263a\"><\/div>\n<\/div>\n\n\n\n<div class=\"wp-block-uagb-container uagb-block-569b8733\">\n<div class=\"wp-block-uagb-advanced-heading uagb-block-2947429c\"><h2 class=\"uagb-heading-text\">TRYDAN<\/h2><\/div>\n\n\n\n<div class=\"wp-block-uagb-advanced-heading uagb-block-7d7e8ce1\"><h3 class=\"uagb-heading-text\">Inteligencja i maksymalna kontrola na wyci\u0105gniecie r\u0119ki<\/h3><\/div>\n\n\n\n<p class=\"has-base-3-color has-text-color\">Trydan odkrywa przed Tob\u0105 nowy spos\u00f3b \u0142adowania: najbardziej innowacyjny i inteligentny z dotychczas stosowanych.<\/p>\n\n\n\n<p class=\"has-base-3-color has-text-color\">Rewolucyjny design o awangardowym charakterze, \u0142\u0105czy w sobie elegancj\u0119 i funkcjonalno\u015b\u0107.<\/p>\n\n\n\n<div class=\"wp-block-uagb-buttons uagb-buttons__outer-wrap uagb-btn__default-btn uagb-btn-tablet__default-btn uagb-btn-mobile__default-btn uagb-block-7c4edef8\"><div class=\"uagb-buttons__wrap uagb-buttons-layout-wrap \">\n<div class=\"wp-block-uagb-buttons-child uagb-buttons__outer-wrap uagb-block-74a6af95 wp-block-button\"><div class=\"uagb-button__wrapper\"><a class=\"uagb-buttons-repeater wp-block-button__link\" aria-label=\"\" href=\"https:\/\/v2charge.com\/pl\/trydan\/\" rel=\"follow noopener\" target=\"_self\" role=\"button\"><div class=\"uagb-button__link\">Zobacz Trydan<\/div><\/a><\/div><\/div>\n<\/div><\/div>\n<\/div>\n<\/div>\n\n\n\n<div class=\"wp-block-uagb-container uagb-block-075db7da alignfull uagb-is-root-container\">\n<div class=\"wp-block-uagb-container uagb-block-5135b778\">\n<div class=\"wp-block-uagb-advanced-heading uagb-block-f4951079\"><h2 class=\"uagb-heading-text\">POLE PRO<\/h2><\/div>\n\n\n\n<div class=\"wp-block-uagb-advanced-heading uagb-block-3ee28bc2\"><h3 class=\"uagb-heading-text\">Najbardziej inteligentne i op\u0142acalne rozwi\u0105zanie do wsp\u00f3\u0142dzielenia obci\u0105\u017cenia<\/h3><\/div>\n\n\n\n<p>Pole Pro integruje najnowsz\u0105 technologi\u0119, aby zaoferowa\u0107 inteligentne \u0142adowanie dla wielu u\u017cytkownik\u00f3w w przestrzeniach publicznych i prywatnych.<\/p>\n\n\n\n<p>Elegancka, solidna konstrukcja z najlepsz\u0105 \u0142\u0105czno\u015bci\u0105 dla najbardziej wymagaj\u0105cych \u015brodowisk w dw\u00f3ch wersjach, pod\u0142ogowej lub \u015bciennej.<\/p>\n\n\n\n<div class=\"wp-block-uagb-buttons uagb-buttons__outer-wrap uagb-btn__default-btn uagb-btn-tablet__default-btn uagb-btn-mobile__default-btn uagb-block-e3841a4d\"><div class=\"uagb-buttons__wrap uagb-buttons-layout-wrap \">\n<div class=\"wp-block-uagb-buttons-child uagb-buttons__outer-wrap uagb-block-0f7dc1c1 wp-block-button\"><div class=\"uagb-button__wrapper\"><a class=\"uagb-buttons-repeater wp-block-button__link\" aria-label=\"\" href=\"https:\/\/v2charge.com\/pl\/pole\/\" rel=\"follow noopener\" target=\"_self\" role=\"button\"><div class=\"uagb-button__link\">Zobacz Pole Pro<\/div><\/a><\/div><\/div>\n<\/div><\/div>\n<\/div>\n\n\n\n<div class=\"wp-block-uagb-container uagb-block-94c9ea42\">\n<div class=\"wp-block-uagb-container uagb-block-c4b59843\"><\/div>\n<\/div>\n<\/div>\n\n\n\n<div class=\"wp-block-uagb-container uagb-block-6729cbe9 alignfull uagb-is-root-container\">\n<div class=\"wp-block-uagb-container uagb-block-0783e451\">\n<div class=\"wp-block-uagb-container uagb-block-d4c81792\"><\/div>\n<\/div>\n\n\n\n<div class=\"wp-block-uagb-container uagb-block-7bcd8873\">\n<div class=\"wp-block-uagb-advanced-heading uagb-block-e299c2f1\"><h2 class=\"uagb-heading-text\">DENKA<\/h2><\/div>\n\n\n\n<div class=\"wp-block-uagb-advanced-heading uagb-block-e14a4152\"><h3 class=\"uagb-heading-text\">Najbardziej ultrakompaktowa szybka \u0142adowarka w swojej klasie<\/h3><\/div>\n\n\n\n<p class=\"has-base-3-color has-text-color\">Denka zosta\u0142a zaprojektowana tak, aby zapewnia\u0107 maksymaln\u0105 wydajno\u015b\u0107 w minimalnej przestrzeni. Umo\u017cliwia na\u0142adowanie do 140 km w zaledwie 30 minut, \u0142\u0105cz\u0105c moc i efektywno\u015b\u0107 przy ka\u017cdym u\u017cyciu.<br><\/p>\n\n\n\n<p class=\"has-base-3-color has-text-color\">Dost\u0119pna w wersjach 20 kW i 40 kW.<br><\/p>\n\n\n\n<div class=\"wp-block-uagb-buttons uagb-buttons__outer-wrap uagb-btn__default-btn uagb-btn-tablet__default-btn uagb-btn-mobile__default-btn uagb-block-754c6f54\"><div class=\"uagb-buttons__wrap uagb-buttons-layout-wrap \">\n<div class=\"wp-block-uagb-buttons-child uagb-buttons__outer-wrap uagb-block-ffa90b56 wp-block-button\"><div class=\"uagb-button__wrapper\"><a class=\"uagb-buttons-repeater wp-block-button__link\" aria-label=\"\" href=\"https:\/\/v2charge.com\/pl\/denka\/\" rel=\"follow noopener\" target=\"_self\" role=\"button\"><div class=\"uagb-button__link\">Zobacz  Denka<\/div><\/a><\/div><\/div>\n<\/div><\/div>\n<\/div>\n<\/div>\n\n\n\n<div class=\"wp-block-uagb-container uagb-block-6f5c78ba alignfull uagb-is-root-container\">\n<div class=\"wp-block-uagb-container uagb-block-7ec81b7c\">\n<div class=\"wp-block-uagb-advanced-heading uagb-block-cd86fd1d\"><h2 class=\"uagb-heading-text\">SCREEN<\/h2><\/div>\n\n\n\n<div class=\"wp-block-uagb-advanced-heading uagb-block-3c278dfa\"><h3 class=\"uagb-heading-text\">Pierwsza i jedyna \u0142adowarka z funkcj\u0105 emisji reklam<\/h3><\/div>\n\n\n\n<p>Dzi\u0119ki niespotykanej dot\u0105d technologii, Screen jest jedyn\u0105 na rynku \u0142adowark\u0105, kt\u00f3ra \u0142\u0105czy funkcje \u0142adowania pojazdu z&nbsp;marketingiem reklamowym.<\/p>\n\n\n\n<p>Wyr\u00f3\u017cnia j\u0105 wbudowany 43 calowy ekran.<\/p>\n\n\n\n<div class=\"wp-block-uagb-buttons uagb-buttons__outer-wrap uagb-btn__default-btn uagb-btn-tablet__default-btn uagb-btn-mobile__default-btn uagb-block-c81b5e20\"><div class=\"uagb-buttons__wrap uagb-buttons-layout-wrap \">\n<div class=\"wp-block-uagb-buttons-child uagb-buttons__outer-wrap uagb-block-b08e2f20 wp-block-button\"><div class=\"uagb-button__wrapper\"><a class=\"uagb-buttons-repeater wp-block-button__link\" aria-label=\"\" href=\"https:\/\/v2charge.com\/pl\/screen\/\" rel=\"follow noopener\" target=\"_self\" role=\"button\"><div class=\"uagb-button__link\">Zobacz  Screen<\/div><\/a><\/div><\/div>\n<\/div><\/div>\n<\/div>\n\n\n\n<div class=\"wp-block-uagb-container uagb-block-ac099081\">\n<div class=\"wp-block-uagb-container uagb-block-446ffed7\"><\/div>\n<\/div>\n<\/div>\n\n\n\n<div class=\"wp-block-uagb-container uagb-block-a2420d93 alignfull uagb-is-root-container\">\n<div class=\"wp-block-uagb-container uagb-block-19dc980b\">\n<div class=\"wp-block-uagb-container uagb-block-e7fa9693\"><\/div>\n<\/div>\n\n\n\n<div class=\"wp-block-uagb-container uagb-block-c515132f\">\n<div class=\"wp-block-uagb-advanced-heading uagb-block-527db3b5\"><h2 class=\"uagb-heading-text\">EV PORTABLE<\/h2><\/div>\n\n\n\n<div class=\"wp-block-uagb-advanced-heading uagb-block-510bdfa9\"><h3 class=\"uagb-heading-text\">Lekko\u015b\u0107 i design dok\u0105dkolwiek jedziesz<\/h3><\/div>\n\n\n\n<p class=\"has-base-3-color has-text-color\">Teraz mo\u017cesz podr\u00f3\u017cowa\u0107 bez zmieniania trasy. EV Portable to lekka, kompaktowa i \u0142atwa w transporcie \u0142adowarka.<\/p>\n\n\n\n<p class=\"has-base-3-color has-text-color\">Jej niewielkie rozmiary i maksymalna moc \u0142adowania b\u0119d\u0105 Twoim najlepszym sprzymierze\u0144cem w czasie ka\u017cdej podr\u00f3\u017cy.<\/p>\n\n\n\n<div class=\"wp-block-uagb-buttons uagb-buttons__outer-wrap uagb-btn__default-btn uagb-btn-tablet__default-btn uagb-btn-mobile__default-btn uagb-block-e206f4a5\"><div class=\"uagb-buttons__wrap uagb-buttons-layout-wrap \">\n<div class=\"wp-block-uagb-buttons-child uagb-buttons__outer-wrap uagb-block-89c43fc1 wp-block-button\"><div class=\"uagb-button__wrapper\"><a class=\"uagb-buttons-repeater wp-block-button__link\" aria-label=\"\" href=\"https:\/\/v2charge.com\/pl\/ev-portable\/\" rel=\"follow noopener\" target=\"_self\" role=\"button\"><div class=\"uagb-button__link\">Zobacz  EV Portable<\/div><\/a><\/div><\/div>\n<\/div><\/div>\n<\/div>\n<\/div>\n","protected":false},"excerpt":{"rendered":"<p>Poznaj nasze \u0142adowarki V2C Znajd\u017a odpowiedni\u0105 \u0142adowark\u0119 dla swoich potrzeb TRYDAN Inteligencja i maksymalna kontrola na wyci\u0105gniecie r\u0119ki Trydan odkrywa przed Tob\u0105 nowy spos\u00f3b \u0142adowania: najbardziej innowacyjny i inteligentny z dotychczas stosowanych. Rewolucyjny design o awangardowym charakterze, \u0142\u0105czy w sobie elegancj\u0119 i funkcjonalno\u015b\u0107. POLE PRO Najbardziej inteligentne i op\u0142acalne rozwi\u0105zanie do wsp\u00f3\u0142dzielenia obci\u0105\u017cenia Pole Pro &#8230; <a title=\"e-Chargers\" class=\"read-more\" href=\"https:\/\/v2charge.com\/pl\/e-chargers\/\" aria-label=\"Read more about e-Chargers\">Dowiedz si\u0119 wi\u0119cej<\/a><\/p>\n","protected":false},"author":1,"featured_media":170352,"parent":0,"menu_order":0,"comment_status":"closed","ping_status":"closed","template":"","meta":{"_eb_attr":"","content-type":"","_uag_custom_page_level_css":"","footnotes":""},"class_list":["post-94160","page","type-page","status-publish","has-post-thumbnail"],"yoast_head":"<!-- This site is optimized with the Yoast SEO plugin v25.3.1 - https:\/\/yoast.com\/wordpress\/plugins\/seo\/ -->\n<title>\u0141adowarki V2C \u25b7 Poznaj najlepsze \u0142adowarki na rynku<\/title>\n<meta name=\"description\" content=\"Najlepsze \u0142adowarki elektroniczne na rynku. [Zr\u00f3wnowa\u017cony rozw\u00f3j, technologia, przysz\u0142o\u015b\u0107 i innowacja]. Odkryj je.\" \/>\n<meta name=\"robots\" content=\"index, follow, max-snippet:-1, max-image-preview:large, max-video-preview:-1\" \/>\n<link rel=\"canonical\" href=\"https:\/\/v2charge.com\/pl\/e-chargers\/\" \/>\n<meta property=\"og:locale\" content=\"pl_PL\" \/>\n<meta property=\"og:type\" content=\"article\" \/>\n<meta property=\"og:title\" content=\"\u0141adowarki V2C \u25b7 Poznaj najlepsze \u0142adowarki na rynku\" \/>\n<meta property=\"og:description\" content=\"Najlepsze \u0142adowarki elektroniczne na rynku. [Zr\u00f3wnowa\u017cony rozw\u00f3j, technologia, przysz\u0142o\u015b\u0107 i innowacja]. Odkryj je.\" \/>\n<meta property=\"og:url\" content=\"https:\/\/v2charge.com\/pl\/e-chargers\/\" \/>\n<meta property=\"og:site_name\" content=\"V2C\" \/>\n<meta property=\"article:publisher\" content=\"https:\/\/www.facebook.com\/V2C.Charge\" \/>\n<meta property=\"article:modified_time\" content=\"2025-05-16T07:25:08+00:00\" \/>\n<meta property=\"og:image\" content=\"https:\/\/v2charge.com\/wp-content\/uploads\/2024\/07\/v2c-electric-chargers.jpg\" \/>\n\t<meta property=\"og:image:width\" content=\"1200\" \/>\n\t<meta property=\"og:image:height\" content=\"675\" \/>\n\t<meta property=\"og:image:type\" content=\"image\/jpeg\" \/>\n<meta name=\"twitter:card\" content=\"summary_large_image\" \/>\n<meta name=\"twitter:site\" content=\"@V2C_Charge\" \/>\n<meta name=\"twitter:label1\" content=\"Szacowany czas czytania\" \/>\n\t<meta name=\"twitter:data1\" content=\"2 minuty\" \/>\n<script type=\"application\/ld+json\" class=\"yoast-schema-graph\">{\"@context\":\"https:\/\/schema.org\",\"@graph\":[{\"@type\":\"WebPage\",\"@id\":\"https:\/\/v2charge.com\/pl\/e-chargers\/\",\"url\":\"https:\/\/v2charge.com\/pl\/e-chargers\/\",\"name\":\"\u0141adowarki V2C \u25b7 Poznaj najlepsze \u0142adowarki na rynku\",\"isPartOf\":{\"@id\":\"https:\/\/v2charge.com\/pl\/#website\"},\"primaryImageOfPage\":{\"@id\":\"https:\/\/v2charge.com\/pl\/e-chargers\/#primaryimage\"},\"image\":{\"@id\":\"https:\/\/v2charge.com\/pl\/e-chargers\/#primaryimage\"},\"thumbnailUrl\":\"https:\/\/v2charge.com\/wp-content\/uploads\/2024\/07\/v2c-electric-chargers.jpg\",\"datePublished\":\"2021-10-11T07:44:05+00:00\",\"dateModified\":\"2025-05-16T07:25:08+00:00\",\"description\":\"Najlepsze \u0142adowarki elektroniczne na rynku. [Zr\u00f3wnowa\u017cony rozw\u00f3j, technologia, przysz\u0142o\u015b\u0107 i innowacja]. Odkryj je.\",\"breadcrumb\":{\"@id\":\"https:\/\/v2charge.com\/pl\/e-chargers\/#breadcrumb\"},\"inLanguage\":\"pl-PL\",\"potentialAction\":[{\"@type\":\"ReadAction\",\"target\":[\"https:\/\/v2charge.com\/pl\/e-chargers\/\"]}]},{\"@type\":\"ImageObject\",\"inLanguage\":\"pl-PL\",\"@id\":\"https:\/\/v2charge.com\/pl\/e-chargers\/#primaryimage\",\"url\":\"https:\/\/v2charge.com\/wp-content\/uploads\/2024\/07\/v2c-electric-chargers.jpg\",\"contentUrl\":\"https:\/\/v2charge.com\/wp-content\/uploads\/2024\/07\/v2c-electric-chargers.jpg\",\"width\":1200,\"height\":675,\"caption\":\"V2C Electric Chargers\"},{\"@type\":\"BreadcrumbList\",\"@id\":\"https:\/\/v2charge.com\/pl\/e-chargers\/#breadcrumb\",\"itemListElement\":[{\"@type\":\"ListItem\",\"position\":1,\"name\":\"V2C\",\"item\":\"https:\/\/v2charge.com\/pl\/\"},{\"@type\":\"ListItem\",\"position\":2,\"name\":\"e-Chargers\"}]},{\"@type\":\"WebSite\",\"@id\":\"https:\/\/v2charge.com\/pl\/#website\",\"url\":\"https:\/\/v2charge.com\/pl\/\",\"name\":\"V2C\",\"description\":\"#CargandoElMa\u00f1ana\",\"publisher\":{\"@id\":\"https:\/\/v2charge.com\/pl\/#organization\"},\"potentialAction\":[{\"@type\":\"SearchAction\",\"target\":{\"@type\":\"EntryPoint\",\"urlTemplate\":\"https:\/\/v2charge.com\/pl\/?s={search_term_string}\"},\"query-input\":{\"@type\":\"PropertyValueSpecification\",\"valueRequired\":true,\"valueName\":\"search_term_string\"}}],\"inLanguage\":\"pl-PL\"},{\"@type\":\"Organization\",\"@id\":\"https:\/\/v2charge.com\/pl\/#organization\",\"name\":\"V2C\",\"url\":\"https:\/\/v2charge.com\/pl\/\",\"logo\":{\"@type\":\"ImageObject\",\"inLanguage\":\"pl-PL\",\"@id\":\"https:\/\/v2charge.com\/pl\/#\/schema\/logo\/image\/\",\"url\":\"https:\/\/v2charge.com\/wp-content\/uploads\/2024\/11\/cropped-v2c-charge-logo-menu.png\",\"contentUrl\":\"https:\/\/v2charge.com\/wp-content\/uploads\/2024\/11\/cropped-v2c-charge-logo-menu.png\",\"width\":984,\"height\":431,\"caption\":\"V2C\"},\"image\":{\"@id\":\"https:\/\/v2charge.com\/pl\/#\/schema\/logo\/image\/\"},\"sameAs\":[\"https:\/\/www.facebook.com\/V2C.Charge\",\"https:\/\/x.com\/V2C_Charge\",\"https:\/\/www.instagram.com\/v2c.charge\/\",\"https:\/\/www.youtube.com\/@V2C\",\"https:\/\/www.linkedin.com\/company\/v2c-chargers\/\"]}]}<\/script>\n<!-- \/ Yoast SEO plugin. -->","yoast_head_json":{"title":"\u0141adowarki V2C \u25b7 Poznaj najlepsze \u0142adowarki na rynku","description":"Najlepsze \u0142adowarki elektroniczne na rynku. [Zr\u00f3wnowa\u017cony rozw\u00f3j, technologia, przysz\u0142o\u015b\u0107 i innowacja]. Odkryj je.","robots":{"index":"index","follow":"follow","max-snippet":"max-snippet:-1","max-image-preview":"max-image-preview:large","max-video-preview":"max-video-preview:-1"},"canonical":"https:\/\/v2charge.com\/pl\/e-chargers\/","og_locale":"pl_PL","og_type":"article","og_title":"\u0141adowarki V2C \u25b7 Poznaj najlepsze \u0142adowarki na rynku","og_description":"Najlepsze \u0142adowarki elektroniczne na rynku. [Zr\u00f3wnowa\u017cony rozw\u00f3j, technologia, przysz\u0142o\u015b\u0107 i innowacja]. Odkryj je.","og_url":"https:\/\/v2charge.com\/pl\/e-chargers\/","og_site_name":"V2C","article_publisher":"https:\/\/www.facebook.com\/V2C.Charge","article_modified_time":"2025-05-16T07:25:08+00:00","og_image":[{"width":1200,"height":675,"url":"https:\/\/v2charge.com\/wp-content\/uploads\/2024\/07\/v2c-electric-chargers.jpg","type":"image\/jpeg"}],"twitter_card":"summary_large_image","twitter_site":"@V2C_Charge","twitter_misc":{"Szacowany czas czytania":"2 minuty"},"schema":{"@context":"https:\/\/schema.org","@graph":[{"@type":"WebPage","@id":"https:\/\/v2charge.com\/pl\/e-chargers\/","url":"https:\/\/v2charge.com\/pl\/e-chargers\/","name":"\u0141adowarki V2C \u25b7 Poznaj najlepsze \u0142adowarki na rynku","isPartOf":{"@id":"https:\/\/v2charge.com\/pl\/#website"},"primaryImageOfPage":{"@id":"https:\/\/v2charge.com\/pl\/e-chargers\/#primaryimage"},"image":{"@id":"https:\/\/v2charge.com\/pl\/e-chargers\/#primaryimage"},"thumbnailUrl":"https:\/\/v2charge.com\/wp-content\/uploads\/2024\/07\/v2c-electric-chargers.jpg","datePublished":"2021-10-11T07:44:05+00:00","dateModified":"2025-05-16T07:25:08+00:00","description":"Najlepsze \u0142adowarki elektroniczne na rynku. [Zr\u00f3wnowa\u017cony rozw\u00f3j, technologia, przysz\u0142o\u015b\u0107 i innowacja]. Odkryj je.","breadcrumb":{"@id":"https:\/\/v2charge.com\/pl\/e-chargers\/#breadcrumb"},"inLanguage":"pl-PL","potentialAction":[{"@type":"ReadAction","target":["https:\/\/v2charge.com\/pl\/e-chargers\/"]}]},{"@type":"ImageObject","inLanguage":"pl-PL","@id":"https:\/\/v2charge.com\/pl\/e-chargers\/#primaryimage","url":"https:\/\/v2charge.com\/wp-content\/uploads\/2024\/07\/v2c-electric-chargers.jpg","contentUrl":"https:\/\/v2charge.com\/wp-content\/uploads\/2024\/07\/v2c-electric-chargers.jpg","width":1200,"height":675,"caption":"V2C Electric Chargers"},{"@type":"BreadcrumbList","@id":"https:\/\/v2charge.com\/pl\/e-chargers\/#breadcrumb","itemListElement":[{"@type":"ListItem","position":1,"name":"V2C","item":"https:\/\/v2charge.com\/pl\/"},{"@type":"ListItem","position":2,"name":"e-Chargers"}]},{"@type":"WebSite","@id":"https:\/\/v2charge.com\/pl\/#website","url":"https:\/\/v2charge.com\/pl\/","name":"V2C","description":"#CargandoElMa\u00f1ana","publisher":{"@id":"https:\/\/v2charge.com\/pl\/#organization"},"potentialAction":[{"@type":"SearchAction","target":{"@type":"EntryPoint","urlTemplate":"https:\/\/v2charge.com\/pl\/?s={search_term_string}"},"query-input":{"@type":"PropertyValueSpecification","valueRequired":true,"valueName":"search_term_string"}}],"inLanguage":"pl-PL"},{"@type":"Organization","@id":"https:\/\/v2charge.com\/pl\/#organization","name":"V2C","url":"https:\/\/v2charge.com\/pl\/","logo":{"@type":"ImageObject","inLanguage":"pl-PL","@id":"https:\/\/v2charge.com\/pl\/#\/schema\/logo\/image\/","url":"https:\/\/v2charge.com\/wp-content\/uploads\/2024\/11\/cropped-v2c-charge-logo-menu.png","contentUrl":"https:\/\/v2charge.com\/wp-content\/uploads\/2024\/11\/cropped-v2c-charge-logo-menu.png","width":984,"height":431,"caption":"V2C"},"image":{"@id":"https:\/\/v2charge.com\/pl\/#\/schema\/logo\/image\/"},"sameAs":["https:\/\/www.facebook.com\/V2C.Charge","https:\/\/x.com\/V2C_Charge","https:\/\/www.instagram.com\/v2c.charge\/","https:\/\/www.youtube.com\/@V2C","https:\/\/www.linkedin.com\/company\/v2c-chargers\/"]}]}},"uagb_featured_image_src":{"full":["https:\/\/v2charge.com\/wp-content\/uploads\/2024\/07\/v2c-electric-chargers.jpg",1200,675,false],"thumbnail":["https:\/\/v2charge.com\/wp-content\/uploads\/2024\/07\/v2c-electric-chargers-150x150.jpg",150,150,true],"medium":["https:\/\/v2charge.com\/wp-content\/uploads\/2024\/07\/v2c-electric-chargers-300x169.jpg",300,169,true],"medium_large":["https:\/\/v2charge.com\/wp-content\/uploads\/2024\/07\/v2c-electric-chargers-768x432.jpg",768,432,true],"large":["https:\/\/v2charge.com\/wp-content\/uploads\/2024\/07\/v2c-electric-chargers-1024x576.jpg",1024,576,true],"gs-tiny":["https:\/\/v2charge.com\/wp-content\/uploads\/2024\/07\/v2c-electric-chargers.jpg",50,28,false],"xl":["https:\/\/v2charge.com\/wp-content\/uploads\/2024\/07\/v2c-electric-chargers.jpg",1200,675,false],"xxl":["https:\/\/v2charge.com\/wp-content\/uploads\/2024\/07\/v2c-electric-chargers.jpg",1200,675,false],"xxxl":["https:\/\/v2charge.com\/wp-content\/uploads\/2024\/07\/v2c-electric-chargers.jpg",1200,675,false],"xxxxl":["https:\/\/v2charge.com\/wp-content\/uploads\/2024\/07\/v2c-electric-chargers.jpg",1200,675,false],"xxxxxl":["https:\/\/v2charge.com\/wp-content\/uploads\/2024\/07\/v2c-electric-chargers.jpg",1200,675,false],"1536x1536":["https:\/\/v2charge.com\/wp-content\/uploads\/2024\/07\/v2c-electric-chargers.jpg",1200,675,false],"2048x2048":["https:\/\/v2charge.com\/wp-content\/uploads\/2024\/07\/v2c-electric-chargers.jpg",1200,675,false]},"uagb_author_info":{"display_name":"V2C","author_link":"https:\/\/v2charge.com\/pl\/author\/root_k4eu7ki8\/"},"uagb_comment_info":0,"uagb_excerpt":"Poznaj nasze \u0142adowarki V2C Znajd\u017a odpowiedni\u0105 \u0142adowark\u0119 dla swoich potrzeb TRYDAN Inteligencja i maksymalna kontrola na wyci\u0105gniecie r\u0119ki Trydan odkrywa przed Tob\u0105 nowy spos\u00f3b \u0142adowania: najbardziej innowacyjny i inteligentny z dotychczas stosowanych. Rewolucyjny design o awangardowym charakterze, \u0142\u0105czy w sobie elegancj\u0119 i funkcjonalno\u015b\u0107. POLE PRO Najbardziej inteligentne i op\u0142acalne rozwi\u0105zanie do wsp\u00f3\u0142dzielenia obci\u0105\u017cenia Pole Pro&hellip;","_links":{"self":[{"href":"https:\/\/v2charge.com\/pl\/wp-json\/wp\/v2\/pages\/94160","targetHints":{"allow":["GET"]}}],"collection":[{"href":"https:\/\/v2charge.com\/pl\/wp-json\/wp\/v2\/pages"}],"about":[{"href":"https:\/\/v2charge.com\/pl\/wp-json\/wp\/v2\/types\/page"}],"author":[{"embeddable":true,"href":"https:\/\/v2charge.com\/pl\/wp-json\/wp\/v2\/users\/1"}],"replies":[{"embeddable":true,"href":"https:\/\/v2charge.com\/pl\/wp-json\/wp\/v2\/comments?post=94160"}],"version-history":[{"count":2,"href":"https:\/\/v2charge.com\/pl\/wp-json\/wp\/v2\/pages\/94160\/revisions"}],"predecessor-version":[{"id":222445,"href":"https:\/\/v2charge.com\/pl\/wp-json\/wp\/v2\/pages\/94160\/revisions\/222445"}],"wp:featuredmedia":[{"embeddable":true,"href":"https:\/\/v2charge.com\/pl\/wp-json\/wp\/v2\/media\/170352"}],"wp:attachment":[{"href":"https:\/\/v2charge.com\/pl\/wp-json\/wp\/v2\/media?parent=94160"}],"curies":[{"name":"wp","href":"https:\/\/api.w.org\/{rel}","templated":true}]}}