{"id":103704,"date":"2023-05-22T13:14:45","date_gmt":"2023-05-22T13:14:45","guid":{"rendered":"https:\/\/v2charge.com\/?page_id=103704"},"modified":"2026-04-21T10:47:54","modified_gmt":"2026-04-21T08:47:54","slug":"comandos-funcionais-alexa","status":"publish","type":"page","link":"https:\/\/v2charge.com\/pt-pt\/comandos-funcionais-alexa\/","title":{"rendered":"Comandos funcionais Alexa"},"content":{"rendered":"\n<div class=\"wp-block-uagb-container uagb-block-c29b15eb alignfull uagb-is-root-container\"><div class=\"uagb-container-inner-blocks-wrap\">\n<div class=\"wp-block-uagb-container uagb-block-6846d829\">\n<div class=\"wp-block-uagb-container uagb-block-8a2137db\"><\/div>\n\n\n\n<div class=\"wp-block-uagb-container uagb-block-5ccae1ed\">\n<div class=\"wp-block-uagb-advanced-heading uagb-block-572af4b3\"><h1 class=\"uagb-heading-text\">Comandos funcionais da Alexa<\/h1><\/div>\n\n\n\n<div class=\"wp-block-uagb-advanced-heading uagb-block-008d543e\"><h2 class=\"uagb-heading-text\">Mergulhe numa experi\u00eancia tecnol\u00f3gica<\/h2><\/div>\n\n\n\n<p class=\"has-text-color\" style=\"color:#c2c0c0;font-size:16px\">Domine todos os comandos da Alexa para controlar o carregador de ve\u00edculos el\u00e9tricos atrav\u00e9s da sua voz. Inova\u00e7\u00e3o, rapidez e comodidade para uma experi\u00eancia de carregamento \u00fanica.<\/p>\n\n\n\n<div class=\"wp-block-buttons is-layout-flex wp-block-buttons-is-layout-flex\">\n<div class=\"wp-block-button is-style-fill\"><a class=\"wp-block-button__link has-contrast-color has-base-3-background-color has-text-color has-background has-link-color wp-element-button\" href=\"https:\/\/v2charge.com\/wp-content\/uploads\/2022\/05\/Vincular-Alexa.pdf\" style=\"border-top-left-radius:8px;border-top-right-radius:8px;border-bottom-left-radius:8px;border-bottom-right-radius:8px\" target=\"_blank\" rel=\"noreferrer noopener\">Vincular o meu e-Charger \u00e0 Alexa<\/a><\/div>\n<\/div>\n<\/div>\n<\/div>\n<\/div><\/div>\n\n\n\n<div style=\"height:30px\" aria-hidden=\"true\" class=\"wp-block-spacer\"><\/div>\n\n\n\n<div class=\"wp-block-uagb-container uagb-block-5bf65f41 alignfull uagb-is-root-container\"><div class=\"uagb-container-inner-blocks-wrap\">\n<div class=\"wp-block-uagb-container uagb-block-da71c77d default uagb-is-root-container\">\n<div class=\"wp-block-uagb-container uagb-block-0ddc93fc\">\n<div class=\"wp-block-uagb-image aligncenter uagb-block-d4d8c154 wp-block-uagb-image--layout-default wp-block-uagb-image--effect-static wp-block-uagb-image--align-center\"><figure class=\"wp-block-uagb-image__figure\"><img decoding=\"async\" srcset=\"https:\/\/v2charge.com\/wp-content\/uploads\/2023\/11\/icon-important.png ,https:\/\/v2charge.com\/wp-content\/uploads\/2023\/11\/icon-important.png 780w, https:\/\/v2charge.com\/wp-content\/uploads\/2023\/11\/icon-important.png 360w\" sizes=\"auto, (max-width: 480px) 150px\" src=\"https:\/\/v2charge.com\/wp-content\/uploads\/2023\/11\/icon-important.png\" alt=\"\" class=\"uag-image-125013\" width=\"50\" height=\"50\" title=\"\" loading=\"lazy\" role=\"img\"\/><\/figure><\/div>\n<\/div>\n\n\n\n<div class=\"wp-block-uagb-container uagb-block-67cf4dad\">\n<div class=\"wp-block-uagb-advanced-heading uagb-block-459cee5f\"><p class=\"uagb-heading-text\"><strong><strong>O padr\u00e3o geral \u00e9: &#8220;Alexa, coloca [nome do carregador] no modo [modo].&#8221;<\/strong><\/strong><\/p><\/div>\n<\/div>\n<\/div>\n<\/div><\/div>\n\n\n\n<div style=\"height:30px\" aria-hidden=\"true\" class=\"wp-block-spacer\"><\/div>\n\n\n\n<div class=\"wp-block-uagb-container uagb-block-ccfebc02 alignfull uagb-is-root-container\"><div class=\"uagb-container-inner-blocks-wrap\">\n<div class=\"wp-block-uagb-advanced-heading uagb-block-bd6206dc\"><h2 class=\"uagb-heading-text\">Bloquear o carregador<\/h2><\/div>\n\n\n\n<p>&#8220;\u2026no modo Bloquear&#8221;<\/p>\n<\/div><\/div>\n\n\n\n<div style=\"height:40px\" aria-hidden=\"true\" class=\"wp-block-spacer\"><\/div>\n\n\n\n<div class=\"wp-block-uagb-container uagb-block-9ac41ac8 alignfull uagb-is-root-container\"><div class=\"uagb-container-inner-blocks-wrap\">\n<div class=\"wp-block-uagb-advanced-heading uagb-block-0287eec7\"><h2 class=\"uagb-heading-text\">Desbloquear o carregador<\/h2><\/div>\n\n\n\n<p>&#8220;\u2026no modo Desbloquear&#8221;<\/p>\n<\/div><\/div>\n\n\n\n<div style=\"height:40px\" aria-hidden=\"true\" class=\"wp-block-spacer\"><\/div>\n\n\n\n<div class=\"wp-block-uagb-container uagb-block-10fa5e64 alignfull uagb-is-root-container\"><div class=\"uagb-container-inner-blocks-wrap\">\n<div class=\"wp-block-uagb-advanced-heading uagb-block-d62318d2\"><h2 class=\"uagb-heading-text\">Pausar o carregamento<\/h2><\/div>\n\n\n\n<p>&#8220;\u2026no modo Pausa&#8221; \/ &#8220;\u2026no modo Pausar&#8221; \/ &#8220;\u2026no modo Em Pausa&#8221;<br><br>&#8220;\u2026no modo Pausa o carregamento&#8221; \/ &#8220;\u2026no modo Pausar carregamento&#8221;<br><br>&#8220;\u2026no modo Parar o carregamento&#8221; \/ &#8220;\u2026no modo Pausar o&#8221; \/ &#8220;\u2026no modo Pausar ele&#8221;<\/p>\n<\/div><\/div>\n\n\n\n<div style=\"height:40px\" aria-hidden=\"true\" class=\"wp-block-spacer\"><\/div>\n\n\n\n<div class=\"wp-block-uagb-container uagb-block-59c2256a alignfull uagb-is-root-container\"><div class=\"uagb-container-inner-blocks-wrap\">\n<div class=\"wp-block-uagb-advanced-heading uagb-block-bb56ec01\"><h2 class=\"uagb-heading-text\">Retomar o carregamento<\/h2><\/div>\n\n\n\n<p>&#8220;\u2026no modo Retomar&#8221; \/ &#8220;\u2026no modo Retoma&#8221; \/ &#8220;\u2026no modo Retoma-me&#8221;<br><br>&#8220;\u2026no modo Retomar carregamento&#8221; \/ &#8220;\u2026no modo Retoma o carregamento&#8221;<br><br>&#8220;\u2026no modo Retomar o carregamento&#8221; \/ &#8220;\u2026no modo Retoma o&#8221; \/ &#8220;\u2026no modo Retomar o&#8221;<\/p>\n<\/div><\/div>\n\n\n\n<div style=\"height:49px\" aria-hidden=\"true\" class=\"wp-block-spacer\"><\/div>\n\n\n\n<div class=\"wp-block-uagb-container uagb-block-0038c469 alignfull uagb-is-root-container\"><div class=\"uagb-container-inner-blocks-wrap\">\n<div class=\"wp-block-uagb-advanced-heading uagb-block-705e418c\"><h2 class=\"uagb-heading-text\">Consultar o estado<\/h2><\/div>\n\n\n\n<p>&#8220;Alexa, qual \u00e9 o estado de [nome do carregador]?&#8221;<\/p>\n\n\n\n<p><strong>Respostas poss\u00edveis:<\/strong><\/p>\n\n\n\n<figure class=\"wp-block-table\"><table class=\"has-fixed-layout\"><tbody><tr><td><strong>Ve\u00edculo el\u00e9trico conectado<\/strong><\/td><td>Carro ligado mas sem carregar (Standby)<\/td><\/tr><tr><td><strong>Aguardando ve\u00edculo el\u00e9trico<\/strong><\/td><td>Carregador pronto, sem carro conectado<\/td><\/tr><tr><td><strong>Ve\u00edculo el\u00e9trico a carregar<\/strong><\/td><td>Carregamento ativo em curso<\/td><\/tr><tr><td><strong>Carregamento pausado<\/strong><\/td><td>Carregamento pausado manualmente<\/td><\/tr><tr><td><strong>Carregador bloqueado<\/strong><\/td><td>O carregador est\u00e1 bloqueado<\/td><\/tr><tr><td><strong>Carregador sem liga\u00e7\u00e3o \u00e0 Internet<\/strong><\/td><td>O carregador est\u00e1 offline<\/td><\/tr><\/tbody><\/table><\/figure>\n\n\n\n<p><em><br><em><strong>IMPORTANTE<\/strong>: Pausar s\u00f3 funciona se o carro estiver a carregar ativamente. Retomar s\u00f3 funciona se o carregamento estiver pausado. Se o carregador estiver offline, a Alexa responde com o erro ENDPOINT_UNREACHABLE.<\/em><\/em><\/p>\n<\/div><\/div>\n\n\n\n<div style=\"height:30px\" aria-hidden=\"true\" class=\"wp-block-spacer\"><\/div>\n","protected":false},"excerpt":{"rendered":"<p>Comandos funcionais da Alexa Mergulhe numa experi\u00eancia tecnol\u00f3gica Domine todos os comandos da Alexa para controlar o carregador de ve\u00edculos el\u00e9tricos atrav\u00e9s da sua voz. Inova\u00e7\u00e3o, rapidez e comodidade para uma experi\u00eancia de carregamento \u00fanica. O padr\u00e3o geral \u00e9: &#8220;Alexa, coloca [nome do carregador] no modo [modo].&#8221; Bloquear o carregador &#8220;\u2026no modo Bloquear&#8221; Desbloquear o &#8230; <a title=\"Comandos funcionais Alexa\" class=\"read-more\" href=\"https:\/\/v2charge.com\/pt-pt\/comandos-funcionais-alexa\/\" aria-label=\"Leia mais sobre Comandos funcionais Alexa\">Ler mais<\/a><\/p>\n","protected":false},"author":400,"featured_media":170353,"parent":0,"menu_order":0,"comment_status":"closed","ping_status":"closed","template":"","meta":{"_eb_attr":"","content-type":"","_uag_custom_page_level_css":"","footnotes":""},"class_list":["post-103704","page","type-page","status-publish","has-post-thumbnail"],"yoast_head":"<!-- This site is optimized with the Yoast SEO plugin v25.3.1 - https:\/\/yoast.com\/wordpress\/plugins\/seo\/ -->\n<title>Comandos funcionais Alexa para V2C | V2C \u00ae<\/title>\n<meta name=\"description\" content=\"Conhe\u00e7a os comandos funcionais Alexa para o seu carregador el\u00e9ctrico V2C e comece a gerir o carregamento do seu ve\u00edculo em tempo real.\" \/>\n<meta name=\"robots\" content=\"index, follow, max-snippet:-1, max-image-preview:large, max-video-preview:-1\" \/>\n<link rel=\"canonical\" href=\"https:\/\/v2charge.com\/pt-pt\/comandos-funcionais-alexa\/\" \/>\n<meta property=\"og:locale\" content=\"pt_PT\" \/>\n<meta property=\"og:type\" content=\"article\" \/>\n<meta property=\"og:title\" content=\"Comandos funcionais Alexa para V2C | V2C \u00ae\" \/>\n<meta property=\"og:description\" content=\"Conhe\u00e7a os comandos funcionais Alexa para o seu carregador el\u00e9ctrico V2C e comece a gerir o carregamento do seu ve\u00edculo em tempo real.\" \/>\n<meta property=\"og:url\" content=\"https:\/\/v2charge.com\/pt-pt\/comandos-funcionais-alexa\/\" \/>\n<meta property=\"og:site_name\" content=\"V2C\" \/>\n<meta property=\"article:publisher\" content=\"https:\/\/www.facebook.com\/V2C.Charge\" \/>\n<meta property=\"article:modified_time\" content=\"2026-04-21T08:47:54+00:00\" \/>\n<meta property=\"og:image\" content=\"https:\/\/v2charge.com\/wp-content\/uploads\/2024\/07\/v2c-electric-chargers.jpg\" \/>\n\t<meta property=\"og:image:width\" content=\"1200\" \/>\n\t<meta property=\"og:image:height\" content=\"675\" \/>\n\t<meta property=\"og:image:type\" content=\"image\/jpeg\" \/>\n<meta name=\"twitter:card\" content=\"summary_large_image\" \/>\n<meta name=\"twitter:site\" content=\"@V2C_Charge\" \/>\n<meta name=\"twitter:label1\" content=\"Tempo estimado de leitura\" \/>\n\t<meta name=\"twitter:data1\" content=\"2 minutos\" \/>\n<script type=\"application\/ld+json\" class=\"yoast-schema-graph\">{\"@context\":\"https:\/\/schema.org\",\"@graph\":[{\"@type\":\"WebPage\",\"@id\":\"https:\/\/v2charge.com\/pt-pt\/comandos-funcionais-alexa\/\",\"url\":\"https:\/\/v2charge.com\/pt-pt\/comandos-funcionais-alexa\/\",\"name\":\"Comandos funcionais Alexa para V2C | V2C \u00ae\",\"isPartOf\":{\"@id\":\"https:\/\/v2charge.com\/pt-pt\/#website\"},\"primaryImageOfPage\":{\"@id\":\"https:\/\/v2charge.com\/pt-pt\/comandos-funcionais-alexa\/#primaryimage\"},\"image\":{\"@id\":\"https:\/\/v2charge.com\/pt-pt\/comandos-funcionais-alexa\/#primaryimage\"},\"thumbnailUrl\":\"https:\/\/v2charge.com\/wp-content\/uploads\/2024\/07\/v2c-electric-chargers.jpg\",\"datePublished\":\"2023-05-22T13:14:45+00:00\",\"dateModified\":\"2026-04-21T08:47:54+00:00\",\"description\":\"Conhe\u00e7a os comandos funcionais Alexa para o seu carregador el\u00e9ctrico V2C e comece a gerir o carregamento do seu ve\u00edculo em tempo real.\",\"breadcrumb\":{\"@id\":\"https:\/\/v2charge.com\/pt-pt\/comandos-funcionais-alexa\/#breadcrumb\"},\"inLanguage\":\"pt-PT\",\"potentialAction\":[{\"@type\":\"ReadAction\",\"target\":[\"https:\/\/v2charge.com\/pt-pt\/comandos-funcionais-alexa\/\"]}]},{\"@type\":\"ImageObject\",\"inLanguage\":\"pt-PT\",\"@id\":\"https:\/\/v2charge.com\/pt-pt\/comandos-funcionais-alexa\/#primaryimage\",\"url\":\"https:\/\/v2charge.com\/wp-content\/uploads\/2024\/07\/v2c-electric-chargers.jpg\",\"contentUrl\":\"https:\/\/v2charge.com\/wp-content\/uploads\/2024\/07\/v2c-electric-chargers.jpg\",\"width\":1200,\"height\":675,\"caption\":\"V2C Electric Chargers\"},{\"@type\":\"BreadcrumbList\",\"@id\":\"https:\/\/v2charge.com\/pt-pt\/comandos-funcionais-alexa\/#breadcrumb\",\"itemListElement\":[{\"@type\":\"ListItem\",\"position\":1,\"name\":\"V2C\",\"item\":\"https:\/\/v2charge.com\/pt-pt\/\"},{\"@type\":\"ListItem\",\"position\":2,\"name\":\"Comandos funcionais Alexa\"}]},{\"@type\":\"WebSite\",\"@id\":\"https:\/\/v2charge.com\/pt-pt\/#website\",\"url\":\"https:\/\/v2charge.com\/pt-pt\/\",\"name\":\"V2C\",\"description\":\"#CargandoElMa\u00f1ana\",\"publisher\":{\"@id\":\"https:\/\/v2charge.com\/pt-pt\/#organization\"},\"potentialAction\":[{\"@type\":\"SearchAction\",\"target\":{\"@type\":\"EntryPoint\",\"urlTemplate\":\"https:\/\/v2charge.com\/pt-pt\/?s={search_term_string}\"},\"query-input\":{\"@type\":\"PropertyValueSpecification\",\"valueRequired\":true,\"valueName\":\"search_term_string\"}}],\"inLanguage\":\"pt-PT\"},{\"@type\":\"Organization\",\"@id\":\"https:\/\/v2charge.com\/pt-pt\/#organization\",\"name\":\"V2C\",\"url\":\"https:\/\/v2charge.com\/pt-pt\/\",\"logo\":{\"@type\":\"ImageObject\",\"inLanguage\":\"pt-PT\",\"@id\":\"https:\/\/v2charge.com\/pt-pt\/#\/schema\/logo\/image\/\",\"url\":\"https:\/\/v2charge.com\/wp-content\/uploads\/2024\/11\/cropped-v2c-charge-logo-menu.png\",\"contentUrl\":\"https:\/\/v2charge.com\/wp-content\/uploads\/2024\/11\/cropped-v2c-charge-logo-menu.png\",\"width\":984,\"height\":431,\"caption\":\"V2C\"},\"image\":{\"@id\":\"https:\/\/v2charge.com\/pt-pt\/#\/schema\/logo\/image\/\"},\"sameAs\":[\"https:\/\/www.facebook.com\/V2C.Charge\",\"https:\/\/x.com\/V2C_Charge\",\"https:\/\/www.instagram.com\/v2c.charge\/\",\"https:\/\/www.youtube.com\/@V2C\",\"https:\/\/www.linkedin.com\/company\/v2c-chargers\/\"]}]}<\/script>\n<!-- \/ Yoast SEO plugin. -->","yoast_head_json":{"title":"Comandos funcionais Alexa para V2C | V2C \u00ae","description":"Conhe\u00e7a os comandos funcionais Alexa para o seu carregador el\u00e9ctrico V2C e comece a gerir o carregamento do seu ve\u00edculo em tempo real.","robots":{"index":"index","follow":"follow","max-snippet":"max-snippet:-1","max-image-preview":"max-image-preview:large","max-video-preview":"max-video-preview:-1"},"canonical":"https:\/\/v2charge.com\/pt-pt\/comandos-funcionais-alexa\/","og_locale":"pt_PT","og_type":"article","og_title":"Comandos funcionais Alexa para V2C | V2C \u00ae","og_description":"Conhe\u00e7a os comandos funcionais Alexa para o seu carregador el\u00e9ctrico V2C e comece a gerir o carregamento do seu ve\u00edculo em tempo real.","og_url":"https:\/\/v2charge.com\/pt-pt\/comandos-funcionais-alexa\/","og_site_name":"V2C","article_publisher":"https:\/\/www.facebook.com\/V2C.Charge","article_modified_time":"2026-04-21T08:47:54+00:00","og_image":[{"width":1200,"height":675,"url":"https:\/\/v2charge.com\/wp-content\/uploads\/2024\/07\/v2c-electric-chargers.jpg","type":"image\/jpeg"}],"twitter_card":"summary_large_image","twitter_site":"@V2C_Charge","twitter_misc":{"Tempo estimado de leitura":"2 minutos"},"schema":{"@context":"https:\/\/schema.org","@graph":[{"@type":"WebPage","@id":"https:\/\/v2charge.com\/pt-pt\/comandos-funcionais-alexa\/","url":"https:\/\/v2charge.com\/pt-pt\/comandos-funcionais-alexa\/","name":"Comandos funcionais Alexa para V2C | V2C \u00ae","isPartOf":{"@id":"https:\/\/v2charge.com\/pt-pt\/#website"},"primaryImageOfPage":{"@id":"https:\/\/v2charge.com\/pt-pt\/comandos-funcionais-alexa\/#primaryimage"},"image":{"@id":"https:\/\/v2charge.com\/pt-pt\/comandos-funcionais-alexa\/#primaryimage"},"thumbnailUrl":"https:\/\/v2charge.com\/wp-content\/uploads\/2024\/07\/v2c-electric-chargers.jpg","datePublished":"2023-05-22T13:14:45+00:00","dateModified":"2026-04-21T08:47:54+00:00","description":"Conhe\u00e7a os comandos funcionais Alexa para o seu carregador el\u00e9ctrico V2C e comece a gerir o carregamento do seu ve\u00edculo em tempo real.","breadcrumb":{"@id":"https:\/\/v2charge.com\/pt-pt\/comandos-funcionais-alexa\/#breadcrumb"},"inLanguage":"pt-PT","potentialAction":[{"@type":"ReadAction","target":["https:\/\/v2charge.com\/pt-pt\/comandos-funcionais-alexa\/"]}]},{"@type":"ImageObject","inLanguage":"pt-PT","@id":"https:\/\/v2charge.com\/pt-pt\/comandos-funcionais-alexa\/#primaryimage","url":"https:\/\/v2charge.com\/wp-content\/uploads\/2024\/07\/v2c-electric-chargers.jpg","contentUrl":"https:\/\/v2charge.com\/wp-content\/uploads\/2024\/07\/v2c-electric-chargers.jpg","width":1200,"height":675,"caption":"V2C Electric Chargers"},{"@type":"BreadcrumbList","@id":"https:\/\/v2charge.com\/pt-pt\/comandos-funcionais-alexa\/#breadcrumb","itemListElement":[{"@type":"ListItem","position":1,"name":"V2C","item":"https:\/\/v2charge.com\/pt-pt\/"},{"@type":"ListItem","position":2,"name":"Comandos funcionais Alexa"}]},{"@type":"WebSite","@id":"https:\/\/v2charge.com\/pt-pt\/#website","url":"https:\/\/v2charge.com\/pt-pt\/","name":"V2C","description":"#CargandoElMa\u00f1ana","publisher":{"@id":"https:\/\/v2charge.com\/pt-pt\/#organization"},"potentialAction":[{"@type":"SearchAction","target":{"@type":"EntryPoint","urlTemplate":"https:\/\/v2charge.com\/pt-pt\/?s={search_term_string}"},"query-input":{"@type":"PropertyValueSpecification","valueRequired":true,"valueName":"search_term_string"}}],"inLanguage":"pt-PT"},{"@type":"Organization","@id":"https:\/\/v2charge.com\/pt-pt\/#organization","name":"V2C","url":"https:\/\/v2charge.com\/pt-pt\/","logo":{"@type":"ImageObject","inLanguage":"pt-PT","@id":"https:\/\/v2charge.com\/pt-pt\/#\/schema\/logo\/image\/","url":"https:\/\/v2charge.com\/wp-content\/uploads\/2024\/11\/cropped-v2c-charge-logo-menu.png","contentUrl":"https:\/\/v2charge.com\/wp-content\/uploads\/2024\/11\/cropped-v2c-charge-logo-menu.png","width":984,"height":431,"caption":"V2C"},"image":{"@id":"https:\/\/v2charge.com\/pt-pt\/#\/schema\/logo\/image\/"},"sameAs":["https:\/\/www.facebook.com\/V2C.Charge","https:\/\/x.com\/V2C_Charge","https:\/\/www.instagram.com\/v2c.charge\/","https:\/\/www.youtube.com\/@V2C","https:\/\/www.linkedin.com\/company\/v2c-chargers\/"]}]}},"uagb_featured_image_src":{"full":["https:\/\/v2charge.com\/wp-content\/uploads\/2024\/07\/v2c-electric-chargers.jpg",1200,675,false],"thumbnail":["https:\/\/v2charge.com\/wp-content\/uploads\/2024\/07\/v2c-electric-chargers-150x150.jpg",150,150,true],"medium":["https:\/\/v2charge.com\/wp-content\/uploads\/2024\/07\/v2c-electric-chargers-300x169.jpg",300,169,true],"medium_large":["https:\/\/v2charge.com\/wp-content\/uploads\/2024\/07\/v2c-electric-chargers-768x432.jpg",768,432,true],"large":["https:\/\/v2charge.com\/wp-content\/uploads\/2024\/07\/v2c-electric-chargers-1024x576.jpg",1024,576,true],"gs-tiny":["https:\/\/v2charge.com\/wp-content\/uploads\/2024\/07\/v2c-electric-chargers.jpg",50,28,false],"xl":["https:\/\/v2charge.com\/wp-content\/uploads\/2024\/07\/v2c-electric-chargers.jpg",1200,675,false],"xxl":["https:\/\/v2charge.com\/wp-content\/uploads\/2024\/07\/v2c-electric-chargers.jpg",1200,675,false],"xxxl":["https:\/\/v2charge.com\/wp-content\/uploads\/2024\/07\/v2c-electric-chargers.jpg",1200,675,false],"xxxxl":["https:\/\/v2charge.com\/wp-content\/uploads\/2024\/07\/v2c-electric-chargers.jpg",1200,675,false],"xxxxxl":["https:\/\/v2charge.com\/wp-content\/uploads\/2024\/07\/v2c-electric-chargers.jpg",1200,675,false],"1536x1536":["https:\/\/v2charge.com\/wp-content\/uploads\/2024\/07\/v2c-electric-chargers.jpg",1200,675,false],"2048x2048":["https:\/\/v2charge.com\/wp-content\/uploads\/2024\/07\/v2c-electric-chargers.jpg",1200,675,false]},"uagb_author_info":{"display_name":"V2C","author_link":"https:\/\/v2charge.com\/pt-pt\/author\/marketing\/"},"uagb_comment_info":0,"uagb_excerpt":"Comandos funcionais da Alexa Mergulhe numa experi\u00eancia tecnol\u00f3gica Domine todos os comandos da Alexa para controlar o carregador de ve\u00edculos el\u00e9tricos atrav\u00e9s da sua voz. Inova\u00e7\u00e3o, rapidez e comodidade para uma experi\u00eancia de carregamento \u00fanica. O padr\u00e3o geral \u00e9: &#8220;Alexa, coloca [nome do carregador] no modo [modo].&#8221; Bloquear o carregador &#8220;\u2026no modo Bloquear&#8221; Desbloquear o&hellip;","_links":{"self":[{"href":"https:\/\/v2charge.com\/pt-pt\/wp-json\/wp\/v2\/pages\/103704","targetHints":{"allow":["GET"]}}],"collection":[{"href":"https:\/\/v2charge.com\/pt-pt\/wp-json\/wp\/v2\/pages"}],"about":[{"href":"https:\/\/v2charge.com\/pt-pt\/wp-json\/wp\/v2\/types\/page"}],"author":[{"embeddable":true,"href":"https:\/\/v2charge.com\/pt-pt\/wp-json\/wp\/v2\/users\/400"}],"replies":[{"embeddable":true,"href":"https:\/\/v2charge.com\/pt-pt\/wp-json\/wp\/v2\/comments?post=103704"}],"version-history":[{"count":1,"href":"https:\/\/v2charge.com\/pt-pt\/wp-json\/wp\/v2\/pages\/103704\/revisions"}],"predecessor-version":[{"id":316524,"href":"https:\/\/v2charge.com\/pt-pt\/wp-json\/wp\/v2\/pages\/103704\/revisions\/316524"}],"wp:featuredmedia":[{"embeddable":true,"href":"https:\/\/v2charge.com\/pt-pt\/wp-json\/wp\/v2\/media\/170353"}],"wp:attachment":[{"href":"https:\/\/v2charge.com\/pt-pt\/wp-json\/wp\/v2\/media?parent=103704"}],"curies":[{"name":"wp","href":"https:\/\/api.w.org\/{rel}","templated":true}]}}