{"id":109094,"date":"2023-07-06T10:15:46","date_gmt":"2023-07-06T10:15:46","guid":{"rendered":"https:\/\/v2charge.com\/?page_id=109094"},"modified":"2025-06-02T11:20:48","modified_gmt":"2025-06-02T09:20:48","slug":"catalogos","status":"publish","type":"page","link":"https:\/\/v2charge.com\/pt-pt\/catalogos\/","title":{"rendered":"Cat\u00e1logos e-Chargers"},"content":{"rendered":"\n<div class=\"wp-block-uagb-container uagb-block-868715ba alignfull uagb-is-root-container\"><div class=\"uagb-container-inner-blocks-wrap\">\n<div class=\"wp-block-uagb-container uagb-block-de76f343\">\n<div class=\"wp-block-uagb-advanced-heading uagb-block-f6f4b714\"><h1 class=\"uagb-heading-text\">Cat\u00e1logos e-Chargers<\/h1><\/div>\n<\/div>\n\n\n\n<div class=\"wp-block-uagb-advanced-heading uagb-block-b89213b5\"><p class=\"uagb-heading-text\">Apresentamos-lhe os cat\u00e1logos digitais de cada um dos nossos carregadores el\u00e9tricos para o seu ve\u00edculo. Descubra as caracter\u00edsticas funcionais que os tornam \u00fanicos no mercado.<\/p><\/div>\n<\/div><\/div>\n\n\n\n<div class=\"wp-block-uagb-container uagb-block-4ac38bbe alignfull uagb-is-root-container\"><div class=\"uagb-container-inner-blocks-wrap\">\n<div class=\"wp-block-uagb-container uagb-block-260c0dae\">\n<div class=\"wp-block-uagb-container uagb-block-28306ebf\">\n<div class=\"wp-block-uagb-image uagb-block-066ca8f7 wp-block-uagb-image--layout-default wp-block-uagb-image--effect-zoomin wp-block-uagb-image--align-none\"><figure class=\"wp-block-uagb-image__figure\"><a class=\"\" href=\"https:\/\/v2charge.com\/wp-content\/uploads\/2022\/02\/CATALOGO_TRYDAN.pdf\" target=\"\" rel=\"noopener\"><img decoding=\"async\" srcset=\"https:\/\/v2charge.com\/wp-content\/uploads\/2021\/12\/TRYDAN-CATALOGUE.png \" sizes=\"auto, (max-width: 480px) 150px\" src=\"https:\/\/v2charge.com\/wp-content\/uploads\/2021\/12\/TRYDAN-CATALOGUE.png\" alt=\"catalogue trydan\" class=\"uag-image-66925\" width=\"300\" height=\"251\" title=\"\" loading=\"lazy\" role=\"img\"\/><\/a><\/figure><\/div>\n\n\n\n<div class=\"wp-block-uagb-advanced-heading uagb-block-31e3e082\"><h2 class=\"uagb-heading-text\"><a href=\"https:\/\/v2charge.com\/wp-content\/uploads\/2022\/02\/CATALOGO_TRYDAN.pdf\" title=\"cat\u00e1logo trydan\">TRYDAN<\/a><\/h2><\/div>\n\n\n\n<div class=\"wp-block-uagb-buttons uagb-buttons__outer-wrap uagb-btn__default-btn uagb-btn-tablet__default-btn uagb-btn-mobile__default-btn uagb-block-7e5f22f4\"><div class=\"uagb-buttons__wrap uagb-buttons-layout-wrap \">\n<div class=\"wp-block-uagb-buttons-child uagb-buttons__outer-wrap uagb-block-bc408625 wp-block-button\"><div class=\"uagb-button__wrapper\"><a class=\"uagb-buttons-repeater wp-block-button__link\" aria-label=\"\" href=\"https:\/\/v2charge.com\/wp-content\/uploads\/2022\/02\/CATALOGO_TRYDAN.pdf\" rel=\"follow noopener\" target=\"_self\" role=\"button\"><div class=\"uagb-button__link\">Ver o cat\u00e1logo<\/div><\/a><\/div><\/div>\n<\/div><\/div>\n<\/div>\n\n\n\n<div class=\"wp-block-uagb-container uagb-block-25a8d3e8\">\n<div class=\"wp-block-uagb-image aligncenter uagb-block-acbf3745 wp-block-uagb-image--layout-default wp-block-uagb-image--effect-zoomin wp-block-uagb-image--align-center\"><figure class=\"wp-block-uagb-image__figure\"><a class=\"\" href=\"https:\/\/v2charge.com\/wp-content\/uploads\/2024\/03\/trydan-pro-catalogo.pdf\" target=\"\" rel=\"noopener\"><img decoding=\"async\" srcset=\"https:\/\/v2charge.com\/wp-content\/uploads\/2021\/12\/TRYDAN-CATALOGUE.png \" sizes=\"auto, (max-width: 480px) 150px\" src=\"https:\/\/v2charge.com\/wp-content\/uploads\/2021\/12\/TRYDAN-CATALOGUE.png\" alt=\"catalogue trydan\" class=\"uag-image-66925\" width=\"300\" height=\"251\" title=\"\" loading=\"lazy\" role=\"img\"\/><\/a><\/figure><\/div>\n\n\n\n<div class=\"wp-block-uagb-advanced-heading uagb-block-14f81d58\"><h2 class=\"uagb-heading-text\"><a href=\"https:\/\/v2charge.com\/wp-content\/uploads\/2024\/03\/trydan-pro-catalogo.pdf\">TRYDAN PRO<\/a><\/h2><\/div>\n\n\n\n<div class=\"wp-block-uagb-buttons uagb-buttons__outer-wrap uagb-btn__default-btn uagb-btn-tablet__default-btn uagb-btn-mobile__default-btn uagb-block-d5a1e980\"><div class=\"uagb-buttons__wrap uagb-buttons-layout-wrap \">\n<div class=\"wp-block-uagb-buttons-child uagb-buttons__outer-wrap uagb-block-d4061cec wp-block-button\"><div class=\"uagb-button__wrapper\"><a class=\"uagb-buttons-repeater wp-block-button__link\" aria-label=\"\" href=\"https:\/\/v2charge.com\/wp-content\/uploads\/2024\/03\/trydan-pro-catalogo.pdf\" rel=\"follow noopener\" target=\"_self\" role=\"button\"><div class=\"uagb-button__link\">Ver o cat\u00e1logo<\/div><\/a><\/div><\/div>\n<\/div><\/div>\n<\/div>\n\n\n\n<div class=\"wp-block-uagb-container uagb-block-6f9ac70b\">\n<div class=\"wp-block-uagb-image uagb-block-5f659d9f wp-block-uagb-image--layout-default wp-block-uagb-image--effect-zoomin wp-block-uagb-image--align-none\"><figure class=\"wp-block-uagb-image__figure\"><a class=\"\" href=\"https:\/\/v2charge.com\/wp-content\/uploads\/2023\/06\/pole-pro-catalogue.pdf\" target=\"\" rel=\"noopener\"><img decoding=\"async\" srcset=\"https:\/\/v2charge.com\/wp-content\/uploads\/2023\/06\/charger-pole-pro.png \" sizes=\"auto, (max-width: 480px) 150px\" src=\"https:\/\/v2charge.com\/wp-content\/uploads\/2023\/06\/charger-pole-pro.png\" alt=\"e-Charger Pole Pro\" class=\"uag-image-106444\" width=\"300\" height=\"251\" title=\"\" loading=\"lazy\" role=\"img\"\/><\/a><\/figure><\/div>\n\n\n\n<div class=\"wp-block-uagb-advanced-heading uagb-block-cf83221c\"><h2 class=\"uagb-heading-text\"><a href=\"https:\/\/v2charge.com\/wp-content\/uploads\/2023\/06\/pole-pro-catalogue.pdf\" title=\"cat\u00e1logo pole pro\">POLE PRO<\/a><\/h2><\/div>\n\n\n\n<div class=\"wp-block-uagb-buttons uagb-buttons__outer-wrap uagb-btn__default-btn uagb-btn-tablet__default-btn uagb-btn-mobile__default-btn uagb-block-90ff102d\"><div class=\"uagb-buttons__wrap uagb-buttons-layout-wrap \">\n<div class=\"wp-block-uagb-buttons-child uagb-buttons__outer-wrap uagb-block-6cd9408b wp-block-button\"><div class=\"uagb-button__wrapper\"><a class=\"uagb-buttons-repeater wp-block-button__link\" aria-label=\"\" href=\"https:\/\/v2charge.com\/wp-content\/uploads\/2023\/06\/pole-pro-catalogue.pdf\" rel=\"follow noopener\" target=\"_self\" role=\"button\"><div class=\"uagb-button__link\">Ver o cat\u00e1logo<\/div><\/a><\/div><\/div>\n<\/div><\/div>\n<\/div>\n<\/div>\n\n\n\n<div class=\"wp-block-uagb-container uagb-block-6afb6c06\">\n<div class=\"wp-block-uagb-container uagb-block-2ea15689\">\n<div class=\"wp-block-uagb-image uagb-block-8719ccad wp-block-uagb-image--layout-default wp-block-uagb-image--effect-zoomin wp-block-uagb-image--align-none\"><figure class=\"wp-block-uagb-image__figure\"><a class=\"\" href=\"https:\/\/v2charge.com\/wp-content\/uploads\/2025\/06\/catalogo-denka-portuguese.pdf\" target=\"\" rel=\"noopener\"><img decoding=\"async\" srcset=\"https:\/\/v2charge.com\/wp-content\/uploads\/2025\/05\/catalogo-denka.png ,https:\/\/v2charge.com\/wp-content\/uploads\/2025\/05\/catalogo-denka.png 780w, https:\/\/v2charge.com\/wp-content\/uploads\/2025\/05\/catalogo-denka.png 360w\" sizes=\"auto, (max-width: 480px) 150px\" src=\"https:\/\/v2charge.com\/wp-content\/uploads\/2025\/05\/catalogo-denka.png\" alt=\"\" class=\"uag-image-226336\" width=\"300\" height=\"251\" title=\"catalogo-denka\" loading=\"lazy\" role=\"img\"\/><\/a><\/figure><\/div>\n\n\n\n<div class=\"wp-block-uagb-advanced-heading uagb-block-40c79dd4\"><h2 class=\"uagb-heading-text\"><a href=\"https:\/\/v2charge.com\/wp-content\/uploads\/2025\/06\/catalogo-denka-portuguese.pdf\">DENKA<\/a><\/h2><\/div>\n\n\n\n<div class=\"wp-block-uagb-buttons uagb-buttons__outer-wrap uagb-btn__default-btn uagb-btn-tablet__default-btn uagb-btn-mobile__default-btn uagb-block-0f24479f\"><div class=\"uagb-buttons__wrap uagb-buttons-layout-wrap \">\n<div class=\"wp-block-uagb-buttons-child uagb-buttons__outer-wrap uagb-block-d612b2a4 wp-block-button\"><div class=\"uagb-button__wrapper\"><a class=\"uagb-buttons-repeater wp-block-button__link\" aria-label=\"\" href=\"https:\/\/v2charge.com\/wp-content\/uploads\/2025\/06\/catalogo-denka-portuguese.pdf\" rel=\"follow noopener\" target=\"_self\" role=\"button\"><div class=\"uagb-button__link\">Ver o cat\u00e1logo<\/div><\/a><\/div><\/div>\n<\/div><\/div>\n<\/div>\n\n\n\n<div class=\"wp-block-uagb-container uagb-block-77d3d1cc\">\n<div class=\"wp-block-uagb-image uagb-block-bd408f7f wp-block-uagb-image--layout-default wp-block-uagb-image--effect-zoomin wp-block-uagb-image--align-none\"><figure class=\"wp-block-uagb-image__figure\"><a class=\"\" href=\"https:\/\/v2charge.com\/wp-content\/uploads\/2023\/04\/catalogo-screen-v2c.pdf\" target=\"\" rel=\"noopener\"><img decoding=\"async\" srcset=\"https:\/\/v2charge.com\/wp-content\/uploads\/2023\/04\/catalogo-screen.png \" sizes=\"auto, (max-width: 480px) 150px\" src=\"https:\/\/v2charge.com\/wp-content\/uploads\/2023\/04\/catalogo-screen.png\" alt=\"cat\u00e1logo screen v2c\" class=\"uag-image-98781\" width=\"300\" height=\"251\" title=\"\" loading=\"lazy\" role=\"img\"\/><\/a><\/figure><\/div>\n\n\n\n<div class=\"wp-block-uagb-advanced-heading uagb-block-16f60555\"><h2 class=\"uagb-heading-text\"><a href=\"https:\/\/v2charge.com\/wp-content\/uploads\/2023\/04\/catalogo-screen-v2c.pdf\" title=\"cat\u00e1logo screen\">SCREEN<\/a><\/h2><\/div>\n\n\n\n<div class=\"wp-block-uagb-buttons uagb-buttons__outer-wrap uagb-btn__default-btn uagb-btn-tablet__default-btn uagb-btn-mobile__default-btn uagb-block-03ba6947\"><div class=\"uagb-buttons__wrap uagb-buttons-layout-wrap \">\n<div class=\"wp-block-uagb-buttons-child uagb-buttons__outer-wrap uagb-block-9c518a7b wp-block-button\"><div class=\"uagb-button__wrapper\"><a class=\"uagb-buttons-repeater wp-block-button__link\" aria-label=\"\" href=\"https:\/\/v2charge.com\/wp-content\/uploads\/2023\/04\/catalogo-screen-v2c.pdf\" rel=\"follow noopener\" target=\"_self\" role=\"button\"><div class=\"uagb-button__link\">Ver o cat\u00e1logo<\/div><\/a><\/div><\/div>\n<\/div><\/div>\n<\/div>\n\n\n\n<div class=\"wp-block-uagb-container uagb-block-2130c595\">\n<div class=\"wp-block-uagb-image uagb-block-0ff853b3 wp-block-uagb-image--layout-default wp-block-uagb-image--effect-zoomin wp-block-uagb-image--align-none\"><figure class=\"wp-block-uagb-image__figure\"><a class=\"\" href=\"https:\/\/v2charge.com\/wp-content\/uploads\/2022\/09\/CATALOGUE_EVPORTABLE.pdf\" target=\"\" rel=\"noopener\"><img decoding=\"async\" srcset=\"https:\/\/v2charge.com\/wp-content\/uploads\/2021\/12\/EV2-portable-catalogo.png \" sizes=\"auto, (max-width: 480px) 150px\" src=\"https:\/\/v2charge.com\/wp-content\/uploads\/2021\/12\/EV2-portable-catalogo.png\" alt=\"cat\u00e1logo ev portable\" class=\"uag-image-66904\" width=\"300\" height=\"251\" title=\"\" loading=\"lazy\" role=\"img\"\/><\/a><\/figure><\/div>\n\n\n\n<div class=\"wp-block-uagb-advanced-heading uagb-block-2c08186d\"><h2 class=\"uagb-heading-text\"><a href=\"https:\/\/v2charge.com\/wp-content\/uploads\/2022\/09\/CATALOGUE_EVPORTABLE.pdf\" title=\"cat\u00e1logo ev portable\">EV PORTABLE<\/a><\/h2><\/div>\n\n\n\n<div class=\"wp-block-uagb-buttons uagb-buttons__outer-wrap uagb-btn__default-btn uagb-btn-tablet__default-btn uagb-btn-mobile__default-btn uagb-block-3b9ffafc\"><div class=\"uagb-buttons__wrap uagb-buttons-layout-wrap \">\n<div class=\"wp-block-uagb-buttons-child uagb-buttons__outer-wrap uagb-block-22f5e566 wp-block-button\"><div class=\"uagb-button__wrapper\"><a class=\"uagb-buttons-repeater wp-block-button__link\" aria-label=\"\" href=\"https:\/\/v2charge.com\/wp-content\/uploads\/2022\/09\/CATALOGUE_EVPORTABLE.pdf\" rel=\"follow noopener\" target=\"_self\" role=\"button\"><div class=\"uagb-button__link\">Ver o cat\u00e1logo<\/div><\/a><\/div><\/div>\n<\/div><\/div>\n<\/div>\n<\/div>\n\n\n\n<div class=\"wp-block-uagb-advanced-heading uagb-block-45929475\"><h2 class=\"uagb-heading-text\">Ver o cat\u00e1logo completo<\/h2><\/div>\n\n\n\n<div class=\"wp-block-uagb-advanced-heading uagb-block-204fc5e7\"><p class=\"uagb-heading-text\">Se preferir, pode consultar as informa\u00e7\u00f5es de todos os nossos carregadores electr\u00f3nicos no mesmo documento.<\/p><\/div>\n\n\n\n<div class=\"wp-block-uagb-buttons uagb-buttons__outer-wrap uagb-btn__default-btn uagb-btn-tablet__default-btn uagb-btn-mobile__default-btn uagb-block-6b505898\"><div class=\"uagb-buttons__wrap uagb-buttons-layout-wrap \">\n<div class=\"wp-block-uagb-buttons-child uagb-buttons__outer-wrap uagb-block-2c4c36ca wp-block-button\"><div class=\"uagb-button__wrapper\"><a class=\"uagb-buttons-repeater wp-block-button__link\" aria-label=\"\" href=\"https:\/\/v2charge.com\/wp-content\/uploads\/2023\/04\/catalogo-cargadores-v2c.pdf\" rel=\"follow noopener\" target=\"_self\" role=\"button\"><div class=\"uagb-button__link\">Ver o cat\u00e1logo completo<\/div><\/a><\/div><\/div>\n<\/div><\/div>\n<\/div><\/div>\n","protected":false},"excerpt":{"rendered":"<p>Cat\u00e1logos e-Chargers Apresentamos-lhe os cat\u00e1logos digitais de cada um dos nossos carregadores el\u00e9tricos para o seu ve\u00edculo. Descubra as caracter\u00edsticas funcionais que os tornam \u00fanicos no mercado. TRYDAN TRYDAN PRO POLE PRO DENKA SCREEN EV PORTABLE Ver o cat\u00e1logo completo Se preferir, pode consultar as informa\u00e7\u00f5es de todos os nossos carregadores electr\u00f3nicos no mesmo documento.<\/p>\n","protected":false},"author":400,"featured_media":170353,"parent":0,"menu_order":0,"comment_status":"closed","ping_status":"closed","template":"","meta":{"_eb_attr":"","content-type":"","_uag_custom_page_level_css":"","footnotes":""},"class_list":["post-109094","page","type-page","status-publish","has-post-thumbnail"],"yoast_head":"<!-- This site is optimized with the Yoast SEO plugin v25.3.1 - https:\/\/yoast.com\/wordpress\/plugins\/seo\/ -->\n<title>Cat\u00e1logos digitais: Conhe\u00e7a o nosso E-Charger | V2C \u00ae<\/title>\n<meta name=\"description\" content=\"Apresentamos-lhe nos nossos cat\u00e1logos digitais as caracter\u00edsticas que tornam \u00fanicos cada um dos nossos carregadores el\u00e9ctricos. Conhe\u00e7a-os!\" \/>\n<meta name=\"robots\" content=\"index, follow, max-snippet:-1, max-image-preview:large, max-video-preview:-1\" \/>\n<link rel=\"canonical\" href=\"https:\/\/v2charge.com\/pt-pt\/catalogos\/\" \/>\n<meta property=\"og:locale\" content=\"pt_PT\" \/>\n<meta property=\"og:type\" content=\"article\" \/>\n<meta property=\"og:title\" content=\"Cat\u00e1logos digitais: Conhe\u00e7a o nosso E-Charger | V2C \u00ae\" \/>\n<meta property=\"og:description\" content=\"Apresentamos-lhe nos nossos cat\u00e1logos digitais as caracter\u00edsticas que tornam \u00fanicos cada um dos nossos carregadores el\u00e9ctricos. Conhe\u00e7a-os!\" \/>\n<meta property=\"og:url\" content=\"https:\/\/v2charge.com\/pt-pt\/catalogos\/\" \/>\n<meta property=\"og:site_name\" content=\"V2C\" \/>\n<meta property=\"article:publisher\" content=\"https:\/\/www.facebook.com\/V2C.Charge\" \/>\n<meta property=\"article:modified_time\" content=\"2025-06-02T09:20:48+00:00\" \/>\n<meta property=\"og:image\" content=\"https:\/\/v2charge.com\/wp-content\/uploads\/2024\/07\/v2c-electric-chargers.jpg\" \/>\n\t<meta property=\"og:image:width\" content=\"1200\" \/>\n\t<meta property=\"og:image:height\" content=\"675\" \/>\n\t<meta property=\"og:image:type\" content=\"image\/jpeg\" \/>\n<meta name=\"twitter:card\" content=\"summary_large_image\" \/>\n<meta name=\"twitter:site\" content=\"@V2C_Charge\" \/>\n<meta name=\"twitter:label1\" content=\"Tempo estimado de leitura\" \/>\n\t<meta name=\"twitter:data1\" content=\"2 minutos\" \/>\n<script type=\"application\/ld+json\" class=\"yoast-schema-graph\">{\"@context\":\"https:\/\/schema.org\",\"@graph\":[{\"@type\":\"WebPage\",\"@id\":\"https:\/\/v2charge.com\/pt-pt\/catalogos\/\",\"url\":\"https:\/\/v2charge.com\/pt-pt\/catalogos\/\",\"name\":\"Cat\u00e1logos digitais: Conhe\u00e7a o nosso E-Charger | V2C \u00ae\",\"isPartOf\":{\"@id\":\"https:\/\/v2charge.com\/pt-pt\/#website\"},\"primaryImageOfPage\":{\"@id\":\"https:\/\/v2charge.com\/pt-pt\/catalogos\/#primaryimage\"},\"image\":{\"@id\":\"https:\/\/v2charge.com\/pt-pt\/catalogos\/#primaryimage\"},\"thumbnailUrl\":\"https:\/\/v2charge.com\/wp-content\/uploads\/2024\/07\/v2c-electric-chargers.jpg\",\"datePublished\":\"2023-07-06T10:15:46+00:00\",\"dateModified\":\"2025-06-02T09:20:48+00:00\",\"description\":\"Apresentamos-lhe nos nossos cat\u00e1logos digitais as caracter\u00edsticas que tornam \u00fanicos cada um dos nossos carregadores el\u00e9ctricos. Conhe\u00e7a-os!\",\"breadcrumb\":{\"@id\":\"https:\/\/v2charge.com\/pt-pt\/catalogos\/#breadcrumb\"},\"inLanguage\":\"pt-PT\",\"potentialAction\":[{\"@type\":\"ReadAction\",\"target\":[\"https:\/\/v2charge.com\/pt-pt\/catalogos\/\"]}]},{\"@type\":\"ImageObject\",\"inLanguage\":\"pt-PT\",\"@id\":\"https:\/\/v2charge.com\/pt-pt\/catalogos\/#primaryimage\",\"url\":\"https:\/\/v2charge.com\/wp-content\/uploads\/2024\/07\/v2c-electric-chargers.jpg\",\"contentUrl\":\"https:\/\/v2charge.com\/wp-content\/uploads\/2024\/07\/v2c-electric-chargers.jpg\",\"width\":1200,\"height\":675,\"caption\":\"V2C Electric Chargers\"},{\"@type\":\"BreadcrumbList\",\"@id\":\"https:\/\/v2charge.com\/pt-pt\/catalogos\/#breadcrumb\",\"itemListElement\":[{\"@type\":\"ListItem\",\"position\":1,\"name\":\"V2C\",\"item\":\"https:\/\/v2charge.com\/pt-pt\/\"},{\"@type\":\"ListItem\",\"position\":2,\"name\":\"Cat\u00e1logos e-Chargers\"}]},{\"@type\":\"WebSite\",\"@id\":\"https:\/\/v2charge.com\/pt-pt\/#website\",\"url\":\"https:\/\/v2charge.com\/pt-pt\/\",\"name\":\"V2C\",\"description\":\"#CargandoElMa\u00f1ana\",\"publisher\":{\"@id\":\"https:\/\/v2charge.com\/pt-pt\/#organization\"},\"potentialAction\":[{\"@type\":\"SearchAction\",\"target\":{\"@type\":\"EntryPoint\",\"urlTemplate\":\"https:\/\/v2charge.com\/pt-pt\/?s={search_term_string}\"},\"query-input\":{\"@type\":\"PropertyValueSpecification\",\"valueRequired\":true,\"valueName\":\"search_term_string\"}}],\"inLanguage\":\"pt-PT\"},{\"@type\":\"Organization\",\"@id\":\"https:\/\/v2charge.com\/pt-pt\/#organization\",\"name\":\"V2C\",\"url\":\"https:\/\/v2charge.com\/pt-pt\/\",\"logo\":{\"@type\":\"ImageObject\",\"inLanguage\":\"pt-PT\",\"@id\":\"https:\/\/v2charge.com\/pt-pt\/#\/schema\/logo\/image\/\",\"url\":\"https:\/\/v2charge.com\/wp-content\/uploads\/2024\/11\/cropped-v2c-charge-logo-menu.png\",\"contentUrl\":\"https:\/\/v2charge.com\/wp-content\/uploads\/2024\/11\/cropped-v2c-charge-logo-menu.png\",\"width\":984,\"height\":431,\"caption\":\"V2C\"},\"image\":{\"@id\":\"https:\/\/v2charge.com\/pt-pt\/#\/schema\/logo\/image\/\"},\"sameAs\":[\"https:\/\/www.facebook.com\/V2C.Charge\",\"https:\/\/x.com\/V2C_Charge\",\"https:\/\/www.instagram.com\/v2c.charge\/\",\"https:\/\/www.youtube.com\/@V2C\",\"https:\/\/www.linkedin.com\/company\/v2c-chargers\/\"]}]}<\/script>\n<!-- \/ Yoast SEO plugin. -->","yoast_head_json":{"title":"Cat\u00e1logos digitais: Conhe\u00e7a o nosso E-Charger | V2C \u00ae","description":"Apresentamos-lhe nos nossos cat\u00e1logos digitais as caracter\u00edsticas que tornam \u00fanicos cada um dos nossos carregadores el\u00e9ctricos. Conhe\u00e7a-os!","robots":{"index":"index","follow":"follow","max-snippet":"max-snippet:-1","max-image-preview":"max-image-preview:large","max-video-preview":"max-video-preview:-1"},"canonical":"https:\/\/v2charge.com\/pt-pt\/catalogos\/","og_locale":"pt_PT","og_type":"article","og_title":"Cat\u00e1logos digitais: Conhe\u00e7a o nosso E-Charger | V2C \u00ae","og_description":"Apresentamos-lhe nos nossos cat\u00e1logos digitais as caracter\u00edsticas que tornam \u00fanicos cada um dos nossos carregadores el\u00e9ctricos. Conhe\u00e7a-os!","og_url":"https:\/\/v2charge.com\/pt-pt\/catalogos\/","og_site_name":"V2C","article_publisher":"https:\/\/www.facebook.com\/V2C.Charge","article_modified_time":"2025-06-02T09:20:48+00:00","og_image":[{"width":1200,"height":675,"url":"https:\/\/v2charge.com\/wp-content\/uploads\/2024\/07\/v2c-electric-chargers.jpg","type":"image\/jpeg"}],"twitter_card":"summary_large_image","twitter_site":"@V2C_Charge","twitter_misc":{"Tempo estimado de leitura":"2 minutos"},"schema":{"@context":"https:\/\/schema.org","@graph":[{"@type":"WebPage","@id":"https:\/\/v2charge.com\/pt-pt\/catalogos\/","url":"https:\/\/v2charge.com\/pt-pt\/catalogos\/","name":"Cat\u00e1logos digitais: Conhe\u00e7a o nosso E-Charger | V2C \u00ae","isPartOf":{"@id":"https:\/\/v2charge.com\/pt-pt\/#website"},"primaryImageOfPage":{"@id":"https:\/\/v2charge.com\/pt-pt\/catalogos\/#primaryimage"},"image":{"@id":"https:\/\/v2charge.com\/pt-pt\/catalogos\/#primaryimage"},"thumbnailUrl":"https:\/\/v2charge.com\/wp-content\/uploads\/2024\/07\/v2c-electric-chargers.jpg","datePublished":"2023-07-06T10:15:46+00:00","dateModified":"2025-06-02T09:20:48+00:00","description":"Apresentamos-lhe nos nossos cat\u00e1logos digitais as caracter\u00edsticas que tornam \u00fanicos cada um dos nossos carregadores el\u00e9ctricos. Conhe\u00e7a-os!","breadcrumb":{"@id":"https:\/\/v2charge.com\/pt-pt\/catalogos\/#breadcrumb"},"inLanguage":"pt-PT","potentialAction":[{"@type":"ReadAction","target":["https:\/\/v2charge.com\/pt-pt\/catalogos\/"]}]},{"@type":"ImageObject","inLanguage":"pt-PT","@id":"https:\/\/v2charge.com\/pt-pt\/catalogos\/#primaryimage","url":"https:\/\/v2charge.com\/wp-content\/uploads\/2024\/07\/v2c-electric-chargers.jpg","contentUrl":"https:\/\/v2charge.com\/wp-content\/uploads\/2024\/07\/v2c-electric-chargers.jpg","width":1200,"height":675,"caption":"V2C Electric Chargers"},{"@type":"BreadcrumbList","@id":"https:\/\/v2charge.com\/pt-pt\/catalogos\/#breadcrumb","itemListElement":[{"@type":"ListItem","position":1,"name":"V2C","item":"https:\/\/v2charge.com\/pt-pt\/"},{"@type":"ListItem","position":2,"name":"Cat\u00e1logos e-Chargers"}]},{"@type":"WebSite","@id":"https:\/\/v2charge.com\/pt-pt\/#website","url":"https:\/\/v2charge.com\/pt-pt\/","name":"V2C","description":"#CargandoElMa\u00f1ana","publisher":{"@id":"https:\/\/v2charge.com\/pt-pt\/#organization"},"potentialAction":[{"@type":"SearchAction","target":{"@type":"EntryPoint","urlTemplate":"https:\/\/v2charge.com\/pt-pt\/?s={search_term_string}"},"query-input":{"@type":"PropertyValueSpecification","valueRequired":true,"valueName":"search_term_string"}}],"inLanguage":"pt-PT"},{"@type":"Organization","@id":"https:\/\/v2charge.com\/pt-pt\/#organization","name":"V2C","url":"https:\/\/v2charge.com\/pt-pt\/","logo":{"@type":"ImageObject","inLanguage":"pt-PT","@id":"https:\/\/v2charge.com\/pt-pt\/#\/schema\/logo\/image\/","url":"https:\/\/v2charge.com\/wp-content\/uploads\/2024\/11\/cropped-v2c-charge-logo-menu.png","contentUrl":"https:\/\/v2charge.com\/wp-content\/uploads\/2024\/11\/cropped-v2c-charge-logo-menu.png","width":984,"height":431,"caption":"V2C"},"image":{"@id":"https:\/\/v2charge.com\/pt-pt\/#\/schema\/logo\/image\/"},"sameAs":["https:\/\/www.facebook.com\/V2C.Charge","https:\/\/x.com\/V2C_Charge","https:\/\/www.instagram.com\/v2c.charge\/","https:\/\/www.youtube.com\/@V2C","https:\/\/www.linkedin.com\/company\/v2c-chargers\/"]}]}},"uagb_featured_image_src":{"full":["https:\/\/v2charge.com\/wp-content\/uploads\/2024\/07\/v2c-electric-chargers.jpg",1200,675,false],"thumbnail":["https:\/\/v2charge.com\/wp-content\/uploads\/2024\/07\/v2c-electric-chargers-150x150.jpg",150,150,true],"medium":["https:\/\/v2charge.com\/wp-content\/uploads\/2024\/07\/v2c-electric-chargers-300x169.jpg",300,169,true],"medium_large":["https:\/\/v2charge.com\/wp-content\/uploads\/2024\/07\/v2c-electric-chargers-768x432.jpg",768,432,true],"large":["https:\/\/v2charge.com\/wp-content\/uploads\/2024\/07\/v2c-electric-chargers-1024x576.jpg",1024,576,true],"gs-tiny":["https:\/\/v2charge.com\/wp-content\/uploads\/2024\/07\/v2c-electric-chargers.jpg",50,28,false],"xl":["https:\/\/v2charge.com\/wp-content\/uploads\/2024\/07\/v2c-electric-chargers.jpg",1200,675,false],"xxl":["https:\/\/v2charge.com\/wp-content\/uploads\/2024\/07\/v2c-electric-chargers.jpg",1200,675,false],"xxxl":["https:\/\/v2charge.com\/wp-content\/uploads\/2024\/07\/v2c-electric-chargers.jpg",1200,675,false],"xxxxl":["https:\/\/v2charge.com\/wp-content\/uploads\/2024\/07\/v2c-electric-chargers.jpg",1200,675,false],"xxxxxl":["https:\/\/v2charge.com\/wp-content\/uploads\/2024\/07\/v2c-electric-chargers.jpg",1200,675,false],"1536x1536":["https:\/\/v2charge.com\/wp-content\/uploads\/2024\/07\/v2c-electric-chargers.jpg",1200,675,false],"2048x2048":["https:\/\/v2charge.com\/wp-content\/uploads\/2024\/07\/v2c-electric-chargers.jpg",1200,675,false]},"uagb_author_info":{"display_name":"V2C","author_link":"https:\/\/v2charge.com\/pt-pt\/author\/marketing\/"},"uagb_comment_info":0,"uagb_excerpt":"Cat\u00e1logos e-Chargers Apresentamos-lhe os cat\u00e1logos digitais de cada um dos nossos carregadores el\u00e9tricos para o seu ve\u00edculo. Descubra as caracter\u00edsticas funcionais que os tornam \u00fanicos no mercado. TRYDAN TRYDAN PRO POLE PRO DENKA SCREEN EV PORTABLE Ver o cat\u00e1logo completo Se preferir, pode consultar as informa\u00e7\u00f5es de todos os nossos carregadores electr\u00f3nicos no mesmo documento.","_links":{"self":[{"href":"https:\/\/v2charge.com\/pt-pt\/wp-json\/wp\/v2\/pages\/109094","targetHints":{"allow":["GET"]}}],"collection":[{"href":"https:\/\/v2charge.com\/pt-pt\/wp-json\/wp\/v2\/pages"}],"about":[{"href":"https:\/\/v2charge.com\/pt-pt\/wp-json\/wp\/v2\/types\/page"}],"author":[{"embeddable":true,"href":"https:\/\/v2charge.com\/pt-pt\/wp-json\/wp\/v2\/users\/400"}],"replies":[{"embeddable":true,"href":"https:\/\/v2charge.com\/pt-pt\/wp-json\/wp\/v2\/comments?post=109094"}],"version-history":[{"count":4,"href":"https:\/\/v2charge.com\/pt-pt\/wp-json\/wp\/v2\/pages\/109094\/revisions"}],"predecessor-version":[{"id":226827,"href":"https:\/\/v2charge.com\/pt-pt\/wp-json\/wp\/v2\/pages\/109094\/revisions\/226827"}],"wp:featuredmedia":[{"embeddable":true,"href":"https:\/\/v2charge.com\/pt-pt\/wp-json\/wp\/v2\/media\/170353"}],"wp:attachment":[{"href":"https:\/\/v2charge.com\/pt-pt\/wp-json\/wp\/v2\/media?parent=109094"}],"curies":[{"name":"wp","href":"https:\/\/api.w.org\/{rel}","templated":true}]}}