{"id":109366,"date":"2023-07-06T13:43:50","date_gmt":"2023-07-06T13:43:50","guid":{"rendered":"https:\/\/v2charge.com\/?page_id=109366"},"modified":"2024-01-11T11:09:42","modified_gmt":"2024-01-11T09:09:42","slug":"controlo-dinamico-potencia","status":"publish","type":"page","link":"https:\/\/v2charge.com\/pt-pt\/controlo-dinamico-potencia\/","title":{"rendered":"Controlo din\u00e2mico<br>de pot\u00eancia"},"content":{"rendered":"\n<div class=\"wp-block-uagb-container uagb-block-0d24db7d alignfull uagb-is-root-container\"><div class=\"uagb-container-inner-blocks-wrap\">\n<div class=\"wp-block-uagb-container uagb-block-0aa0ca49\">\n<div class=\"wp-block-uagb-container uagb-block-fab6c615\">\n<div class=\"wp-block-uagb-advanced-heading uagb-block-c09e6e72\"><h1 class=\"uagb-heading-text\">Controlo din\u00e2mico<br>de pot\u00eancia<\/h1><\/div>\n\n\n\n<div class=\"wp-block-uagb-advanced-heading uagb-block-2927451a\"><h2 class=\"uagb-heading-text\">Saiba mais sobre os benef\u00edcios da&nbsp;<strong>carga inteligente<\/strong><\/h2><\/div>\n<\/div>\n\n\n\n<div class=\"wp-block-uagb-container uagb-block-7ecf0392\"><\/div>\n<\/div>\n\n\n\n<div class=\"wp-block-uagb-container uagb-block-530497a4\">\n<div class=\"wp-block-uagb-container uagb-block-667518d9\">\n<div class=\"wp-block-uagb-image aligncenter uagb-block-05c451b6 wp-block-uagb-image--layout-default wp-block-uagb-image--effect-static wp-block-uagb-image--align-center\"><figure class=\"wp-block-uagb-image__figure\"><img decoding=\"async\" srcset=\"https:\/\/v2charge.com\/wp-content\/uploads\/2021\/11\/grafica-control-dinamico-de-potencia-5.png \" sizes=\"auto, (max-width: 480px) 150px\" src=\"https:\/\/v2charge.com\/wp-content\/uploads\/2021\/11\/grafica-control-dinamico-de-potencia-5.png\" alt=\"\" class=\"uag-image-60214\" width=\"631\" height=\"392\" title=\"\" loading=\"lazy\"\/><\/figure><\/div>\n<\/div>\n\n\n\n<div class=\"wp-block-uagb-container uagb-block-56198e84\">\n<p class=\"has-base-3-color has-text-color\">O controlo din\u00e2mico de pot\u00eancia (CDP) \u00e9 uma tecnologia incorporada \u00e0 \u00faltima gera\u00e7\u00e3o dos postos de carregamento para ve\u00edculos el\u00e9tricos, capaz de realizar o&nbsp;<strong>balanceamento entre a energia el\u00e9trica<\/strong>&nbsp;necess\u00e1ria para o carregamento do ve\u00edculo e o consumo de energia na resid\u00eancia, sem exceder a pot\u00eancia contratada.<\/p>\n\n\n\n<p class=\"has-base-3-color has-text-color\">A prioridade para o balanceamento de energia pelo sistema CDP \u00e9 sempre da resid\u00eancia, sendo direcionado ao carregamento do ve\u00edculo apenas a energia dispon\u00edvel.<\/p>\n<\/div>\n<\/div>\n<\/div><\/div>\n\n\n\n<div class=\"wp-block-uagb-container uagb-block-d6c1e9f1 alignfull uagb-is-root-container\"><div class=\"uagb-container-inner-blocks-wrap\">\n<div class=\"wp-block-uagb-container uagb-block-c61b29dc\">\n<div class=\"wp-block-uagb-container uagb-block-132df9fc\">\n<div class=\"wp-block-uagb-image aligncenter uagb-block-93f506ac wp-block-uagb-image--layout-default wp-block-uagb-image--effect-static wp-block-uagb-image--align-center\"><figure class=\"wp-block-uagb-image__figure\"><img decoding=\"async\" srcset=\"https:\/\/v2charge.com\/wp-content\/uploads\/2023\/07\/seguridad-icono.png \" sizes=\"auto, (max-width: 480px) 150px\" src=\"https:\/\/v2charge.com\/wp-content\/uploads\/2023\/07\/seguridad-icono.png\" alt=\"\" class=\"uag-image-109348\" width=\"81\" height=\"95\" title=\"\" loading=\"lazy\"\/><\/figure><\/div>\n\n\n\n<div class=\"wp-block-uagb-advanced-heading uagb-block-c2a84997\"><h2 class=\"uagb-heading-text\">Seguran\u00e7a<\/h2><\/div>\n\n\n\n<div class=\"wp-block-uagb-advanced-heading uagb-block-14e0476b\"><p class=\"uagb-heading-text\">A auto-regula\u00e7\u00e3o previne sobretens\u00f5es que causam cortes de energia.<\/p><\/div>\n<\/div>\n\n\n\n<div class=\"wp-block-uagb-container uagb-block-af2ddbee\">\n<div class=\"wp-block-uagb-image aligncenter uagb-block-858f2bf1 wp-block-uagb-image--layout-default wp-block-uagb-image--effect-static wp-block-uagb-image--align-center\"><figure class=\"wp-block-uagb-image__figure\"><img decoding=\"async\" srcset=\"https:\/\/v2charge.com\/wp-content\/uploads\/2021\/11\/euroahorro-1.png \" sizes=\"auto, (max-width: 480px) 150px\" src=\"https:\/\/v2charge.com\/wp-content\/uploads\/2021\/11\/euroahorro-1.png\" alt=\"\" class=\"uag-image-60937\" width=\"95\" height=\"95\" title=\"\" loading=\"lazy\"\/><\/figure><\/div>\n\n\n\n<div class=\"wp-block-uagb-advanced-heading uagb-block-25c2c295\"><h2 class=\"uagb-heading-text\">Poupan\u00e7a<\/h2><\/div>\n\n\n\n<div class=\"wp-block-uagb-advanced-heading uagb-block-fe1313a6\"><p class=\"uagb-heading-text\">Permite poupar no consumo de energia, sem a necessidade de aumentar a pot\u00eancia contratada.<\/p><\/div>\n<\/div>\n\n\n\n<div class=\"wp-block-uagb-container uagb-block-205ae645\">\n<div class=\"wp-block-uagb-image aligncenter uagb-block-74d21587 wp-block-uagb-image--layout-default wp-block-uagb-image--effect-static wp-block-uagb-image--align-center\"><figure class=\"wp-block-uagb-image__figure\"><img decoding=\"async\" srcset=\"https:\/\/v2charge.com\/wp-content\/uploads\/2021\/11\/Balance-4.png \" sizes=\"auto, (max-width: 480px) 150px\" src=\"https:\/\/v2charge.com\/wp-content\/uploads\/2021\/11\/Balance-4.png\" alt=\"\" class=\"uag-image-60501\" width=\"96\" height=\"96\" title=\"\" loading=\"lazy\"\/><\/figure><\/div>\n\n\n\n<div class=\"wp-block-uagb-advanced-heading uagb-block-4faac487\"><h2 class=\"uagb-heading-text\">Balanceamento<\/h2><\/div>\n\n\n\n<div class=\"wp-block-uagb-advanced-heading uagb-block-e58f8df2\"><p class=\"uagb-heading-text\">A energia restante da casa \u00e9 utilizada para carregamento do ve\u00edculo.<\/p><\/div>\n<\/div>\n<\/div>\n<\/div><\/div>\n\n\n\n<div class=\"wp-block-uagb-container uagb-block-82b87611 alignfull uagb-is-root-container\"><div class=\"uagb-container-inner-blocks-wrap\">\n<div class=\"wp-block-uagb-container uagb-block-991dc2ac\">\n<div class=\"wp-block-uagb-container uagb-block-708c579c\">\n<div class=\"flourish-embed\" data-src=\"visualisation\/323987\"><\/div>\n<script src=\"https:\/\/public.flourish.studio\/resources\/embed.js\"><\/script>\n<\/div>\n\n\n\n<div class=\"wp-block-uagb-container uagb-block-18ee9cfa\">\n<div class=\"flourish-embed flourish-chart\" data-src=\"visualisation\/323949\"><\/div>\n<script src=\"https:\/\/public.flourish.studio\/resources\/embed.js\"><\/script>\n<\/div>\n<\/div>\n<\/div><\/div>\n\n\n\n<div class=\"wp-block-uagb-container uagb-block-f424f8f7 alignfull uagb-is-root-container\"><div class=\"uagb-container-inner-blocks-wrap\">\n<div class=\"wp-block-uagb-container uagb-block-2f322e13\">\n<div class=\"wp-block-uagb-container uagb-block-c1e56de5\">\n<div class=\"wp-block-uagb-advanced-heading uagb-block-e4b92f52\"><h2 class=\"uagb-heading-text\">INTEGRADO EM&nbsp;<strong>TRYDAN<\/strong><\/h2><\/div>\n\n\n\n<div class=\"wp-block-uagb-buttons uagb-buttons__outer-wrap uagb-btn__default-btn uagb-btn-tablet__default-btn uagb-btn-mobile__default-btn uagb-block-bf80d7f0\"><div class=\"uagb-buttons__wrap uagb-buttons-layout-wrap\">\n<div class=\"wp-block-uagb-buttons-child uagb-buttons__outer-wrap uagb-block-038b9d68 wp-block-button\"><div class=\"uagb-button__wrapper\"><a class=\"uagb-buttons-repeater wp-block-button__link\" href=\"https:\/\/v2charge.com\/pt-pt\/trydan\/\" onclick=\"return true;\" rel=\"follow noopener\" target=\"_self\"><div class=\"uagb-button__link\"><a href=\"https:\/\/v2charge.com\/pt-pt\/trydan\/\" target=\"_blank\" rel=\"noreferrer noopener\">VER TRYDAN E-CHARGER<\/a><\/div><\/a><\/div><\/div>\n<\/div><\/div>\n<\/div>\n\n\n\n<div class=\"wp-block-uagb-container uagb-block-2f257eea\">\n<div class=\"wp-block-uagb-image uagb-block-86b4ac52 wp-block-uagb-image--layout-default wp-block-uagb-image--effect-static wp-block-uagb-image--align-none\"><figure class=\"wp-block-uagb-image__figure\"><img decoding=\"async\" srcset=\"https:\/\/v2charge.com\/wp-content\/uploads\/2021\/12\/trydan.jpg \" sizes=\"auto, (max-width: 480px) 150px\" src=\"https:\/\/v2charge.com\/wp-content\/uploads\/2021\/12\/trydan.jpg\" alt=\"\" class=\"uag-image-67172\" width=\"500\" height=\"500\" title=\"\" loading=\"lazy\"\/><\/figure><\/div>\n<\/div>\n<\/div>\n\n\n\n<div class=\"wp-block-uagb-buttons uagb-buttons__outer-wrap uagb-btn__default-btn uagb-btn-tablet__default-btn uagb-btn-mobile__default-btn uagb-block-720fafdd\"><div class=\"uagb-buttons__wrap uagb-buttons-layout-wrap\">\n<div class=\"wp-block-uagb-buttons-child uagb-buttons__outer-wrap uagb-block-68856505 wp-block-button\"><div class=\"uagb-button__wrapper\"><a class=\"uagb-buttons-repeater wp-block-button__link\" href=\"https:\/\/v2charge.com\/pt-pt\/suporte\/trydan\/controlo-dinamico-potencia\/\" onclick=\"return true;\" rel=\"follow noopener\" target=\"_self\"><div class=\"uagb-button__link\">Ver defini\u00e7\u00f5es do controlo din\u00e2mico da pot\u00eancia<\/div><\/a><\/div><\/div>\n<\/div><\/div>\n<\/div><\/div>\n","protected":false},"excerpt":{"rendered":"<p>Controlo din\u00e2micode pot\u00eancia Saiba mais sobre os benef\u00edcios da&nbsp;carga inteligente O controlo din\u00e2mico de pot\u00eancia (CDP) \u00e9 uma tecnologia incorporada \u00e0 \u00faltima gera\u00e7\u00e3o dos postos de carregamento para ve\u00edculos el\u00e9tricos, capaz de realizar o&nbsp;balanceamento entre a energia el\u00e9trica&nbsp;necess\u00e1ria para o carregamento do ve\u00edculo e o consumo de energia na resid\u00eancia, sem exceder a pot\u00eancia contratada. &#8230; <a title=\"Controlo din\u00e2micode pot\u00eancia\" class=\"read-more\" href=\"https:\/\/v2charge.com\/pt-pt\/controlo-dinamico-potencia\/\" aria-label=\"Leia mais sobre Controlo din\u00e2micode pot\u00eancia\">Ler mais<\/a><\/p>\n","protected":false},"author":400,"featured_media":170353,"parent":0,"menu_order":0,"comment_status":"closed","ping_status":"closed","template":"","meta":{"_eb_attr":"","content-type":"","_uag_custom_page_level_css":"","footnotes":""},"class_list":["post-109366","page","type-page","status-publish","has-post-thumbnail"],"yoast_head":"<!-- This site is optimized with the Yoast SEO plugin v25.3.1 - https:\/\/yoast.com\/wordpress\/plugins\/seo\/ -->\n<title>Controlo din\u00e2mico de pot\u00eancia: o que \u00e9 e como funciona | V2C<\/title>\n<meta name=\"description\" content=\"O controlo din\u00e2mico de pot\u00eancia permite-lhe regular a pot\u00eancia contratada entre os diferentes aparelhos electr\u00f3nicos da sua casa. Saiba mais sobre o assunto.\" \/>\n<meta name=\"robots\" content=\"index, follow, max-snippet:-1, max-image-preview:large, max-video-preview:-1\" \/>\n<link rel=\"canonical\" href=\"https:\/\/v2charge.com\/pt-pt\/controlo-dinamico-potencia\/\" \/>\n<meta property=\"og:locale\" content=\"pt_PT\" \/>\n<meta property=\"og:type\" content=\"article\" \/>\n<meta property=\"og:title\" content=\"Controlo din\u00e2mico de pot\u00eancia: o que \u00e9 e como funciona | V2C\" \/>\n<meta property=\"og:description\" content=\"O controlo din\u00e2mico de pot\u00eancia permite-lhe regular a pot\u00eancia contratada entre os diferentes aparelhos electr\u00f3nicos da sua casa. Saiba mais sobre o assunto.\" \/>\n<meta property=\"og:url\" content=\"https:\/\/v2charge.com\/pt-pt\/controlo-dinamico-potencia\/\" \/>\n<meta property=\"og:site_name\" content=\"V2C\" \/>\n<meta property=\"article:publisher\" content=\"https:\/\/www.facebook.com\/V2C.Charge\" \/>\n<meta property=\"article:modified_time\" content=\"2024-01-11T09:09:42+00:00\" \/>\n<meta property=\"og:image\" content=\"https:\/\/v2charge.com\/wp-content\/uploads\/2021\/11\/grafica-control-dinamico-de-potencia-5.png\" \/>\n<meta name=\"twitter:card\" content=\"summary_large_image\" \/>\n<meta name=\"twitter:site\" content=\"@V2C_Charge\" \/>\n<meta name=\"twitter:label1\" content=\"Tempo estimado de leitura\" \/>\n\t<meta name=\"twitter:data1\" content=\"2 minutos\" \/>\n<script type=\"application\/ld+json\" class=\"yoast-schema-graph\">{\"@context\":\"https:\/\/schema.org\",\"@graph\":[{\"@type\":\"WebPage\",\"@id\":\"https:\/\/v2charge.com\/pt-pt\/controlo-dinamico-potencia\/\",\"url\":\"https:\/\/v2charge.com\/pt-pt\/controlo-dinamico-potencia\/\",\"name\":\"Controlo din\u00e2mico de pot\u00eancia: o que \u00e9 e como funciona | V2C\",\"isPartOf\":{\"@id\":\"https:\/\/v2charge.com\/pt-pt\/#website\"},\"primaryImageOfPage\":{\"@id\":\"https:\/\/v2charge.com\/pt-pt\/controlo-dinamico-potencia\/#primaryimage\"},\"image\":{\"@id\":\"https:\/\/v2charge.com\/pt-pt\/controlo-dinamico-potencia\/#primaryimage\"},\"thumbnailUrl\":\"https:\/\/v2charge.com\/wp-content\/uploads\/2024\/07\/v2c-electric-chargers.jpg\",\"datePublished\":\"2023-07-06T13:43:50+00:00\",\"dateModified\":\"2024-01-11T09:09:42+00:00\",\"description\":\"O controlo din\u00e2mico de pot\u00eancia permite-lhe regular a pot\u00eancia contratada entre os diferentes aparelhos electr\u00f3nicos da sua casa. Saiba mais sobre o assunto.\",\"breadcrumb\":{\"@id\":\"https:\/\/v2charge.com\/pt-pt\/controlo-dinamico-potencia\/#breadcrumb\"},\"inLanguage\":\"pt-PT\",\"potentialAction\":[{\"@type\":\"ReadAction\",\"target\":[\"https:\/\/v2charge.com\/pt-pt\/controlo-dinamico-potencia\/\"]}]},{\"@type\":\"ImageObject\",\"inLanguage\":\"pt-PT\",\"@id\":\"https:\/\/v2charge.com\/pt-pt\/controlo-dinamico-potencia\/#primaryimage\",\"url\":\"https:\/\/v2charge.com\/wp-content\/uploads\/2024\/07\/v2c-electric-chargers.jpg\",\"contentUrl\":\"https:\/\/v2charge.com\/wp-content\/uploads\/2024\/07\/v2c-electric-chargers.jpg\",\"width\":1200,\"height\":675,\"caption\":\"V2C Electric Chargers\"},{\"@type\":\"BreadcrumbList\",\"@id\":\"https:\/\/v2charge.com\/pt-pt\/controlo-dinamico-potencia\/#breadcrumb\",\"itemListElement\":[{\"@type\":\"ListItem\",\"position\":1,\"name\":\"V2C\",\"item\":\"https:\/\/v2charge.com\/pt-pt\/\"},{\"@type\":\"ListItem\",\"position\":2,\"name\":\"Controlo din\u00e2micode pot\u00eancia\"}]},{\"@type\":\"WebSite\",\"@id\":\"https:\/\/v2charge.com\/pt-pt\/#website\",\"url\":\"https:\/\/v2charge.com\/pt-pt\/\",\"name\":\"V2C\",\"description\":\"#CargandoElMa\u00f1ana\",\"publisher\":{\"@id\":\"https:\/\/v2charge.com\/pt-pt\/#organization\"},\"potentialAction\":[{\"@type\":\"SearchAction\",\"target\":{\"@type\":\"EntryPoint\",\"urlTemplate\":\"https:\/\/v2charge.com\/pt-pt\/?s={search_term_string}\"},\"query-input\":{\"@type\":\"PropertyValueSpecification\",\"valueRequired\":true,\"valueName\":\"search_term_string\"}}],\"inLanguage\":\"pt-PT\"},{\"@type\":\"Organization\",\"@id\":\"https:\/\/v2charge.com\/pt-pt\/#organization\",\"name\":\"V2C\",\"url\":\"https:\/\/v2charge.com\/pt-pt\/\",\"logo\":{\"@type\":\"ImageObject\",\"inLanguage\":\"pt-PT\",\"@id\":\"https:\/\/v2charge.com\/pt-pt\/#\/schema\/logo\/image\/\",\"url\":\"https:\/\/v2charge.com\/wp-content\/uploads\/2024\/11\/cropped-v2c-charge-logo-menu.png\",\"contentUrl\":\"https:\/\/v2charge.com\/wp-content\/uploads\/2024\/11\/cropped-v2c-charge-logo-menu.png\",\"width\":984,\"height\":431,\"caption\":\"V2C\"},\"image\":{\"@id\":\"https:\/\/v2charge.com\/pt-pt\/#\/schema\/logo\/image\/\"},\"sameAs\":[\"https:\/\/www.facebook.com\/V2C.Charge\",\"https:\/\/x.com\/V2C_Charge\",\"https:\/\/www.instagram.com\/v2c.charge\/\",\"https:\/\/www.youtube.com\/@V2C\",\"https:\/\/www.linkedin.com\/company\/v2c-chargers\/\"]}]}<\/script>\n<!-- \/ Yoast SEO plugin. -->","yoast_head_json":{"title":"Controlo din\u00e2mico de pot\u00eancia: o que \u00e9 e como funciona | V2C","description":"O controlo din\u00e2mico de pot\u00eancia permite-lhe regular a pot\u00eancia contratada entre os diferentes aparelhos electr\u00f3nicos da sua casa. Saiba mais sobre o assunto.","robots":{"index":"index","follow":"follow","max-snippet":"max-snippet:-1","max-image-preview":"max-image-preview:large","max-video-preview":"max-video-preview:-1"},"canonical":"https:\/\/v2charge.com\/pt-pt\/controlo-dinamico-potencia\/","og_locale":"pt_PT","og_type":"article","og_title":"Controlo din\u00e2mico de pot\u00eancia: o que \u00e9 e como funciona | V2C","og_description":"O controlo din\u00e2mico de pot\u00eancia permite-lhe regular a pot\u00eancia contratada entre os diferentes aparelhos electr\u00f3nicos da sua casa. Saiba mais sobre o assunto.","og_url":"https:\/\/v2charge.com\/pt-pt\/controlo-dinamico-potencia\/","og_site_name":"V2C","article_publisher":"https:\/\/www.facebook.com\/V2C.Charge","article_modified_time":"2024-01-11T09:09:42+00:00","og_image":[{"url":"https:\/\/v2charge.com\/wp-content\/uploads\/2021\/11\/grafica-control-dinamico-de-potencia-5.png","type":"","width":"","height":""}],"twitter_card":"summary_large_image","twitter_site":"@V2C_Charge","twitter_misc":{"Tempo estimado de leitura":"2 minutos"},"schema":{"@context":"https:\/\/schema.org","@graph":[{"@type":"WebPage","@id":"https:\/\/v2charge.com\/pt-pt\/controlo-dinamico-potencia\/","url":"https:\/\/v2charge.com\/pt-pt\/controlo-dinamico-potencia\/","name":"Controlo din\u00e2mico de pot\u00eancia: o que \u00e9 e como funciona | V2C","isPartOf":{"@id":"https:\/\/v2charge.com\/pt-pt\/#website"},"primaryImageOfPage":{"@id":"https:\/\/v2charge.com\/pt-pt\/controlo-dinamico-potencia\/#primaryimage"},"image":{"@id":"https:\/\/v2charge.com\/pt-pt\/controlo-dinamico-potencia\/#primaryimage"},"thumbnailUrl":"https:\/\/v2charge.com\/wp-content\/uploads\/2024\/07\/v2c-electric-chargers.jpg","datePublished":"2023-07-06T13:43:50+00:00","dateModified":"2024-01-11T09:09:42+00:00","description":"O controlo din\u00e2mico de pot\u00eancia permite-lhe regular a pot\u00eancia contratada entre os diferentes aparelhos electr\u00f3nicos da sua casa. Saiba mais sobre o assunto.","breadcrumb":{"@id":"https:\/\/v2charge.com\/pt-pt\/controlo-dinamico-potencia\/#breadcrumb"},"inLanguage":"pt-PT","potentialAction":[{"@type":"ReadAction","target":["https:\/\/v2charge.com\/pt-pt\/controlo-dinamico-potencia\/"]}]},{"@type":"ImageObject","inLanguage":"pt-PT","@id":"https:\/\/v2charge.com\/pt-pt\/controlo-dinamico-potencia\/#primaryimage","url":"https:\/\/v2charge.com\/wp-content\/uploads\/2024\/07\/v2c-electric-chargers.jpg","contentUrl":"https:\/\/v2charge.com\/wp-content\/uploads\/2024\/07\/v2c-electric-chargers.jpg","width":1200,"height":675,"caption":"V2C Electric Chargers"},{"@type":"BreadcrumbList","@id":"https:\/\/v2charge.com\/pt-pt\/controlo-dinamico-potencia\/#breadcrumb","itemListElement":[{"@type":"ListItem","position":1,"name":"V2C","item":"https:\/\/v2charge.com\/pt-pt\/"},{"@type":"ListItem","position":2,"name":"Controlo din\u00e2micode pot\u00eancia"}]},{"@type":"WebSite","@id":"https:\/\/v2charge.com\/pt-pt\/#website","url":"https:\/\/v2charge.com\/pt-pt\/","name":"V2C","description":"#CargandoElMa\u00f1ana","publisher":{"@id":"https:\/\/v2charge.com\/pt-pt\/#organization"},"potentialAction":[{"@type":"SearchAction","target":{"@type":"EntryPoint","urlTemplate":"https:\/\/v2charge.com\/pt-pt\/?s={search_term_string}"},"query-input":{"@type":"PropertyValueSpecification","valueRequired":true,"valueName":"search_term_string"}}],"inLanguage":"pt-PT"},{"@type":"Organization","@id":"https:\/\/v2charge.com\/pt-pt\/#organization","name":"V2C","url":"https:\/\/v2charge.com\/pt-pt\/","logo":{"@type":"ImageObject","inLanguage":"pt-PT","@id":"https:\/\/v2charge.com\/pt-pt\/#\/schema\/logo\/image\/","url":"https:\/\/v2charge.com\/wp-content\/uploads\/2024\/11\/cropped-v2c-charge-logo-menu.png","contentUrl":"https:\/\/v2charge.com\/wp-content\/uploads\/2024\/11\/cropped-v2c-charge-logo-menu.png","width":984,"height":431,"caption":"V2C"},"image":{"@id":"https:\/\/v2charge.com\/pt-pt\/#\/schema\/logo\/image\/"},"sameAs":["https:\/\/www.facebook.com\/V2C.Charge","https:\/\/x.com\/V2C_Charge","https:\/\/www.instagram.com\/v2c.charge\/","https:\/\/www.youtube.com\/@V2C","https:\/\/www.linkedin.com\/company\/v2c-chargers\/"]}]}},"uagb_featured_image_src":{"full":["https:\/\/v2charge.com\/wp-content\/uploads\/2024\/07\/v2c-electric-chargers.jpg",1200,675,false],"thumbnail":["https:\/\/v2charge.com\/wp-content\/uploads\/2024\/07\/v2c-electric-chargers-150x150.jpg",150,150,true],"medium":["https:\/\/v2charge.com\/wp-content\/uploads\/2024\/07\/v2c-electric-chargers-300x169.jpg",300,169,true],"medium_large":["https:\/\/v2charge.com\/wp-content\/uploads\/2024\/07\/v2c-electric-chargers-768x432.jpg",768,432,true],"large":["https:\/\/v2charge.com\/wp-content\/uploads\/2024\/07\/v2c-electric-chargers-1024x576.jpg",1024,576,true],"gs-tiny":["https:\/\/v2charge.com\/wp-content\/uploads\/2024\/07\/v2c-electric-chargers.jpg",50,28,false],"xl":["https:\/\/v2charge.com\/wp-content\/uploads\/2024\/07\/v2c-electric-chargers.jpg",1200,675,false],"xxl":["https:\/\/v2charge.com\/wp-content\/uploads\/2024\/07\/v2c-electric-chargers.jpg",1200,675,false],"xxxl":["https:\/\/v2charge.com\/wp-content\/uploads\/2024\/07\/v2c-electric-chargers.jpg",1200,675,false],"xxxxl":["https:\/\/v2charge.com\/wp-content\/uploads\/2024\/07\/v2c-electric-chargers.jpg",1200,675,false],"xxxxxl":["https:\/\/v2charge.com\/wp-content\/uploads\/2024\/07\/v2c-electric-chargers.jpg",1200,675,false],"1536x1536":["https:\/\/v2charge.com\/wp-content\/uploads\/2024\/07\/v2c-electric-chargers.jpg",1200,675,false],"2048x2048":["https:\/\/v2charge.com\/wp-content\/uploads\/2024\/07\/v2c-electric-chargers.jpg",1200,675,false]},"uagb_author_info":{"display_name":"V2C","author_link":"https:\/\/v2charge.com\/pt-pt\/author\/marketing\/"},"uagb_comment_info":0,"uagb_excerpt":"Controlo din\u00e2micode pot\u00eancia Saiba mais sobre os benef\u00edcios da&nbsp;carga inteligente O controlo din\u00e2mico de pot\u00eancia (CDP) \u00e9 uma tecnologia incorporada \u00e0 \u00faltima gera\u00e7\u00e3o dos postos de carregamento para ve\u00edculos el\u00e9tricos, capaz de realizar o&nbsp;balanceamento entre a energia el\u00e9trica&nbsp;necess\u00e1ria para o carregamento do ve\u00edculo e o consumo de energia na resid\u00eancia, sem exceder a pot\u00eancia contratada.&hellip;","_links":{"self":[{"href":"https:\/\/v2charge.com\/pt-pt\/wp-json\/wp\/v2\/pages\/109366","targetHints":{"allow":["GET"]}}],"collection":[{"href":"https:\/\/v2charge.com\/pt-pt\/wp-json\/wp\/v2\/pages"}],"about":[{"href":"https:\/\/v2charge.com\/pt-pt\/wp-json\/wp\/v2\/types\/page"}],"author":[{"embeddable":true,"href":"https:\/\/v2charge.com\/pt-pt\/wp-json\/wp\/v2\/users\/400"}],"replies":[{"embeddable":true,"href":"https:\/\/v2charge.com\/pt-pt\/wp-json\/wp\/v2\/comments?post=109366"}],"version-history":[{"count":0,"href":"https:\/\/v2charge.com\/pt-pt\/wp-json\/wp\/v2\/pages\/109366\/revisions"}],"wp:featuredmedia":[{"embeddable":true,"href":"https:\/\/v2charge.com\/pt-pt\/wp-json\/wp\/v2\/media\/170353"}],"wp:attachment":[{"href":"https:\/\/v2charge.com\/pt-pt\/wp-json\/wp\/v2\/media?parent=109366"}],"curies":[{"name":"wp","href":"https:\/\/api.w.org\/{rel}","templated":true}]}}